{"id":2145,"date":"2018-04-15T14:12:23","date_gmt":"2018-04-15T12:12:23","guid":{"rendered":"http:\/\/fsecsg.ummto.dz\/?page_id=2145"},"modified":"2022-03-03T10:47:52","modified_gmt":"2022-03-03T09:47:52","slug":"2-eme-annee-lmd-6","status":"publish","type":"page","link":"https:\/\/www.ummto.dz\/fsecsg\/2-eme-annee-lmd-6\/","title":{"rendered":"2 \u00e8me Ann\u00e9e LMD"},"content":{"rendered":"<p>[et_pb_section fb_built=\u00a0\u00bb1&Prime; admin_label=\u00a0\u00bbsection\u00a0\u00bb _builder_version=\u00a0\u00bb3.22&Prime; global_colors_info=\u00a0\u00bb{}\u00a0\u00bb][et_pb_row admin_label=\u00a0\u00bbrow\u00a0\u00bb _builder_version=\u00a0\u00bb3.25&Prime; background_size=\u00a0\u00bbinitial\u00a0\u00bb background_position=\u00a0\u00bbtop_left\u00a0\u00bb background_repeat=\u00a0\u00bbrepeat\u00a0\u00bb global_colors_info=\u00a0\u00bb{}\u00a0\u00bb][et_pb_column type=\u00a0\u00bb4_4&Prime; _builder_version=\u00a0\u00bb3.25&Prime; custom_padding=\u00a0\u00bb|||\u00a0\u00bb global_colors_info=\u00a0\u00bb{}\u00a0\u00bb custom_padding__hover=\u00a0\u00bb|||\u00a0\u00bb][et_pb_text admin_label=\u00a0\u00bbText\u00a0\u00bb _builder_version=\u00a0\u00bb4.14.8&Prime; background_size=\u00a0\u00bbinitial\u00a0\u00bb background_position=\u00a0\u00bbtop_left\u00a0\u00bb background_repeat=\u00a0\u00bbrepeat\u00a0\u00bb hover_enabled=\u00a0\u00bb0&Prime; global_colors_info=\u00a0\u00bb{}\u00a0\u00bb sticky_enabled=\u00a0\u00bb0&Prime;]<\/p>\n<p><span style=\"color: #000000\"><strong><span style=\"text-decoration: underline\"><img decoding=\"async\" class=\"wp-image-2074 alignright\" src=\"http:\/\/fsecsg.ummto.dz\/wp-content\/uploads\/2018\/04\/planning.jpg\" alt=\"\" width=\"263\" height=\"176\" srcset=\"https:\/\/www.ummto.dz\/fsecsg\/wp-content\/uploads\/2018\/04\/planning.jpg 537w, https:\/\/www.ummto.dz\/fsecsg\/wp-content\/uploads\/2018\/04\/planning-300x202.jpg 300w\" sizes=\"(max-width: 263px) 100vw, 263px\" \/><\/span><\/strong><\/span><\/p>\n<ul>\n<li><span style=\"color: #000000;font-size: 14pt;font-family: 'times new roman', times, serif\"><strong><a href=\"https:\/\/www.ummto.dz\/fsecsg\/annee-2017-2018-47\/\"><span style=\"text-decoration: underline\"><span style=\"color: #000000;text-decoration: underline\">Ann\u00e9e 2017\/2018<\/span><\/span><\/a><\/strong><\/span><\/li>\n<\/ul>\n<p>&nbsp;<\/p>\n<ul>\n<li><span style=\"text-decoration: underline;color: #000000;font-size: 14pt;font-family: 'times new roman', times, serif\"><strong><a style=\"color: #000000;text-decoration: underline\" href=\"https:\/\/www.ummto.dz\/fsecsg\/annee-2018-2019-64\/\">Ann\u00e9e 2018\/2019\u00a0<\/a><\/strong><\/span><\/li>\n<\/ul>\n<p>&nbsp;<\/p>\n<ul>\n<li><span style=\"font-size: 14pt;font-family: 'times new roman', times, serif;color: #000000\"><a style=\"color: #000000\" href=\"https:\/\/www.ummto.dz\/fsecsg\/annee-2019-2020-44\/\"><strong>Ann\u00e9e 2019\/2020<\/strong><\/a><\/span><\/li>\n<\/ul>\n<p>&nbsp;<\/p>\n<ul>\n<li><span style=\"font-family: 'times new roman', times, serif;font-size: 14pt\"><a href=\"https:\/\/www.ummto.dz\/fsecsg\/20-2\/\"><span style=\"color: #000000\"><strong>Ann\u00e9e 2020\/2021<\/strong><\/span><\/a><\/span><\/li>\n<\/ul>\n<p><span style=\"font-family: 'times new roman', times, serif;font-size: 14pt\"><span style=\"color: #000000\"><strong><\/strong><\/span><\/span><\/p>\n<ul>\n<li><a href=\"https:\/\/www.ummto.dz\/fsecsg\/annee-2021-2022-l2-sc\/\"><span style=\"font-family: 'times new roman', times, serif;font-size: 14pt\"><span style=\"color: #000000\"><strong>Ann\u00e9e 2021\/2022<\/strong><\/span><\/span><\/a><\/li>\n<\/ul>\n<p>&nbsp;<\/p>\n<p>&nbsp;<\/p>\n<p>[\/et_pb_text][\/et_pb_column][\/et_pb_row][\/et_pb_section]<\/p>\n","protected":false},"excerpt":{"rendered":"<p>Ann\u00e9e 2017\/2018 &nbsp; Ann\u00e9e 2018\/2019\u00a0 &nbsp; Ann\u00e9e 2019\/2020 &nbsp; Ann\u00e9e 2020\/2021 Ann\u00e9e 2021\/2022 &nbsp; &nbsp;<\/p>\n","protected":false},"author":1,"featured_media":0,"parent":0,"menu_order":0,"comment_status":"closed","ping_status":"closed","template":"","meta":{"_et_pb_use_builder":"on","_et_pb_old_content":"<span style=\"color: #000000\"><strong><span style=\"text-decoration: underline\"><img class=\"wp-image-2074 alignright\" src=\"http:\/\/fsecsg.ummto.dz\/wp-content\/uploads\/2018\/04\/planning.jpg\" alt=\"\" width=\"263\" height=\"176\" \/><\/span><\/strong><\/span>\r\n<ul>\r\n \t<li><span style=\"color: #000000;font-size: 14pt;font-family: 'times new roman', times, serif\"><strong><a href=\"https:\/\/www.ummto.dz\/fsecsg\/annee-2017-2018-47\/\"><span style=\"text-decoration: underline\"><span style=\"color: #000000;text-decoration: underline\">Ann\u00e9e 2017\/2018<\/span><\/span><\/a><\/strong><\/span><\/li>\r\n<\/ul>\r\n&nbsp;\r\n<ul>\r\n \t<li><span style=\"text-decoration: underline;color: #000000;font-size: 14pt;font-family: 'times new roman', times, serif\"><strong><a style=\"color: #000000;text-decoration: underline\" href=\"https:\/\/www.ummto.dz\/fsecsg\/annee-2018-2019-64\/\">Ann\u00e9e 2018\/2019\u00a0<\/a><\/strong><\/span><\/li>\r\n<\/ul>\r\n&nbsp;\r\n<ul>\r\n \t<li><span style=\"font-size: 14pt;font-family: 'times new roman', times, serif;color: #000000\"><a style=\"color: #000000\" href=\"https:\/\/www.ummto.dz\/fsecsg\/annee-2019-2020-44\/\"><strong>Ann\u00e9e 2019\/2020<\/strong><\/a><\/span><\/li>\r\n<\/ul>\r\n&nbsp;\r\n<ul>\r\n \t<li><span style=\"font-family: 'times new roman', times, serif;font-size: 14pt\"><a href=\"https:\/\/www.ummto.dz\/fsecsg\/20-2\/\"><span style=\"color: #000000\"><strong>Ann\u00e9e 2020\/2021<\/strong><\/span><\/a><\/span><\/li>\r\n<\/ul>\r\n&nbsp;\r\n\r\n&nbsp;","_et_gb_content_width":"","footnotes":""},"class_list":["post-2145","page","type-page","status-publish","hentry"],"yoast_head":"<!-- This site is optimized with the Yoast SEO plugin v27.3 - https:\/\/yoast.com\/product\/yoast-seo-wordpress\/ -->\n<title>2 \u00e8me Ann\u00e9e LMD - Facult\u00e9 des Sciences Economiques, Commerciales et des Sciences de Gestion<\/title>\n<meta name=\"robots\" content=\"index, follow, max-snippet:-1, max-image-preview:large, max-video-preview:-1\" \/>\n<link rel=\"canonical\" href=\"https:\/\/www.ummto.dz\/fsecsg\/2-eme-annee-lmd-6\/\" \/>\n<meta property=\"og:locale\" content=\"fr_FR\" \/>\n<meta property=\"og:type\" content=\"article\" \/>\n<meta property=\"og:title\" content=\"2 \u00e8me Ann\u00e9e LMD - Facult\u00e9 des Sciences Economiques, Commerciales et des Sciences de Gestion\" \/>\n<meta property=\"og:description\" content=\"Ann\u00e9e 2017\/2018 &nbsp; Ann\u00e9e 2018\/2019\u00a0 &nbsp; Ann\u00e9e 2019\/2020 &nbsp; Ann\u00e9e 2020\/2021 Ann\u00e9e 2021\/2022 &nbsp; &nbsp;\" \/>\n<meta property=\"og:url\" content=\"https:\/\/www.ummto.dz\/fsecsg\/2-eme-annee-lmd-6\/\" \/>\n<meta property=\"og:site_name\" content=\"Facult\u00e9 des Sciences Economiques, Commerciales et des Sciences de Gestion\" \/>\n<meta property=\"article:modified_time\" content=\"2022-03-03T09:47:52+00:00\" \/>\n<meta property=\"og:image\" content=\"http:\/\/fsecsg.ummto.dz\/wp-content\/uploads\/2018\/04\/planning.jpg\" \/>\n<meta name=\"twitter:card\" content=\"summary_large_image\" \/>\n<meta name=\"twitter:label1\" content=\"Dur\u00e9e de lecture estim\u00e9e\" \/>\n\t<meta name=\"twitter:data1\" content=\"1 minute\" \/>\n<script type=\"application\/ld+json\" class=\"yoast-schema-graph\">{\"@context\":\"https:\\\/\\\/schema.org\",\"@graph\":[{\"@type\":\"WebPage\",\"@id\":\"https:\\\/\\\/www.ummto.dz\\\/fsecsg\\\/2-eme-annee-lmd-6\\\/\",\"url\":\"https:\\\/\\\/www.ummto.dz\\\/fsecsg\\\/2-eme-annee-lmd-6\\\/\",\"name\":\"2 \u00e8me Ann\u00e9e LMD - Facult\u00e9 des Sciences Economiques, Commerciales et des Sciences de Gestion\",\"isPartOf\":{\"@id\":\"https:\\\/\\\/www.ummto.dz\\\/fsecsg\\\/#website\"},\"primaryImageOfPage\":{\"@id\":\"https:\\\/\\\/www.ummto.dz\\\/fsecsg\\\/2-eme-annee-lmd-6\\\/#primaryimage\"},\"image\":{\"@id\":\"https:\\\/\\\/www.ummto.dz\\\/fsecsg\\\/2-eme-annee-lmd-6\\\/#primaryimage\"},\"thumbnailUrl\":\"http:\\\/\\\/fsecsg.ummto.dz\\\/wp-content\\\/uploads\\\/2018\\\/04\\\/planning.jpg\",\"datePublished\":\"2018-04-15T12:12:23+00:00\",\"dateModified\":\"2022-03-03T09:47:52+00:00\",\"breadcrumb\":{\"@id\":\"https:\\\/\\\/www.ummto.dz\\\/fsecsg\\\/2-eme-annee-lmd-6\\\/#breadcrumb\"},\"inLanguage\":\"fr-FR\",\"potentialAction\":[{\"@type\":\"ReadAction\",\"target\":[\"https:\\\/\\\/www.ummto.dz\\\/fsecsg\\\/2-eme-annee-lmd-6\\\/\"]}]},{\"@type\":\"ImageObject\",\"inLanguage\":\"fr-FR\",\"@id\":\"https:\\\/\\\/www.ummto.dz\\\/fsecsg\\\/2-eme-annee-lmd-6\\\/#primaryimage\",\"url\":\"http:\\\/\\\/fsecsg.ummto.dz\\\/wp-content\\\/uploads\\\/2018\\\/04\\\/planning.jpg\",\"contentUrl\":\"http:\\\/\\\/fsecsg.ummto.dz\\\/wp-content\\\/uploads\\\/2018\\\/04\\\/planning.jpg\"},{\"@type\":\"BreadcrumbList\",\"@id\":\"https:\\\/\\\/www.ummto.dz\\\/fsecsg\\\/2-eme-annee-lmd-6\\\/#breadcrumb\",\"itemListElement\":[{\"@type\":\"ListItem\",\"position\":1,\"name\":\"Accueil\",\"item\":\"https:\\\/\\\/www.ummto.dz\\\/fsecsg\\\/\"},{\"@type\":\"ListItem\",\"position\":2,\"name\":\"2 \u00e8me Ann\u00e9e LMD\"}]},{\"@type\":\"WebSite\",\"@id\":\"https:\\\/\\\/www.ummto.dz\\\/fsecsg\\\/#website\",\"url\":\"https:\\\/\\\/www.ummto.dz\\\/fsecsg\\\/\",\"name\":\"Facult\u00e9 des Sciences Economiques, Commerciales et des Sciences de Gestion\",\"description\":\"Universit\u00e9 Mouloud Mammeri de Tizi Ouzou\",\"potentialAction\":[{\"@type\":\"SearchAction\",\"target\":{\"@type\":\"EntryPoint\",\"urlTemplate\":\"https:\\\/\\\/www.ummto.dz\\\/fsecsg\\\/?s={search_term_string}\"},\"query-input\":{\"@type\":\"PropertyValueSpecification\",\"valueRequired\":true,\"valueName\":\"search_term_string\"}}],\"inLanguage\":\"fr-FR\"}]}<\/script>\n<!-- \/ Yoast SEO plugin. -->","yoast_head_json":{"title":"2 \u00e8me Ann\u00e9e LMD - Facult\u00e9 des Sciences Economiques, Commerciales et des Sciences de Gestion","robots":{"index":"index","follow":"follow","max-snippet":"max-snippet:-1","max-image-preview":"max-image-preview:large","max-video-preview":"max-video-preview:-1"},"canonical":"https:\/\/www.ummto.dz\/fsecsg\/2-eme-annee-lmd-6\/","og_locale":"fr_FR","og_type":"article","og_title":"2 \u00e8me Ann\u00e9e LMD - Facult\u00e9 des Sciences Economiques, Commerciales et des Sciences de Gestion","og_description":"Ann\u00e9e 2017\/2018 &nbsp; Ann\u00e9e 2018\/2019\u00a0 &nbsp; Ann\u00e9e 2019\/2020 &nbsp; Ann\u00e9e 2020\/2021 Ann\u00e9e 2021\/2022 &nbsp; &nbsp;","og_url":"https:\/\/www.ummto.dz\/fsecsg\/2-eme-annee-lmd-6\/","og_site_name":"Facult\u00e9 des Sciences Economiques, Commerciales et des Sciences de Gestion","article_modified_time":"2022-03-03T09:47:52+00:00","og_image":[{"url":"http:\/\/fsecsg.ummto.dz\/wp-content\/uploads\/2018\/04\/planning.jpg","type":"","width":"","height":""}],"twitter_card":"summary_large_image","twitter_misc":{"Dur\u00e9e de lecture estim\u00e9e":"1 minute"},"schema":{"@context":"https:\/\/schema.org","@graph":[{"@type":"WebPage","@id":"https:\/\/www.ummto.dz\/fsecsg\/2-eme-annee-lmd-6\/","url":"https:\/\/www.ummto.dz\/fsecsg\/2-eme-annee-lmd-6\/","name":"2 \u00e8me Ann\u00e9e LMD - Facult\u00e9 des Sciences Economiques, Commerciales et des Sciences de Gestion","isPartOf":{"@id":"https:\/\/www.ummto.dz\/fsecsg\/#website"},"primaryImageOfPage":{"@id":"https:\/\/www.ummto.dz\/fsecsg\/2-eme-annee-lmd-6\/#primaryimage"},"image":{"@id":"https:\/\/www.ummto.dz\/fsecsg\/2-eme-annee-lmd-6\/#primaryimage"},"thumbnailUrl":"http:\/\/fsecsg.ummto.dz\/wp-content\/uploads\/2018\/04\/planning.jpg","datePublished":"2018-04-15T12:12:23+00:00","dateModified":"2022-03-03T09:47:52+00:00","breadcrumb":{"@id":"https:\/\/www.ummto.dz\/fsecsg\/2-eme-annee-lmd-6\/#breadcrumb"},"inLanguage":"fr-FR","potentialAction":[{"@type":"ReadAction","target":["https:\/\/www.ummto.dz\/fsecsg\/2-eme-annee-lmd-6\/"]}]},{"@type":"ImageObject","inLanguage":"fr-FR","@id":"https:\/\/www.ummto.dz\/fsecsg\/2-eme-annee-lmd-6\/#primaryimage","url":"http:\/\/fsecsg.ummto.dz\/wp-content\/uploads\/2018\/04\/planning.jpg","contentUrl":"http:\/\/fsecsg.ummto.dz\/wp-content\/uploads\/2018\/04\/planning.jpg"},{"@type":"BreadcrumbList","@id":"https:\/\/www.ummto.dz\/fsecsg\/2-eme-annee-lmd-6\/#breadcrumb","itemListElement":[{"@type":"ListItem","position":1,"name":"Accueil","item":"https:\/\/www.ummto.dz\/fsecsg\/"},{"@type":"ListItem","position":2,"name":"2 \u00e8me Ann\u00e9e LMD"}]},{"@type":"WebSite","@id":"https:\/\/www.ummto.dz\/fsecsg\/#website","url":"https:\/\/www.ummto.dz\/fsecsg\/","name":"Facult\u00e9 des Sciences Economiques, Commerciales et des Sciences de Gestion","description":"Universit\u00e9 Mouloud Mammeri de Tizi Ouzou","potentialAction":[{"@type":"SearchAction","target":{"@type":"EntryPoint","urlTemplate":"https:\/\/www.ummto.dz\/fsecsg\/?s={search_term_string}"},"query-input":{"@type":"PropertyValueSpecification","valueRequired":true,"valueName":"search_term_string"}}],"inLanguage":"fr-FR"}]}},"_links":{"self":[{"href":"https:\/\/www.ummto.dz\/fsecsg\/wp-json\/wp\/v2\/pages\/2145","targetHints":{"allow":["GET"]}}],"collection":[{"href":"https:\/\/www.ummto.dz\/fsecsg\/wp-json\/wp\/v2\/pages"}],"about":[{"href":"https:\/\/www.ummto.dz\/fsecsg\/wp-json\/wp\/v2\/types\/page"}],"author":[{"embeddable":true,"href":"https:\/\/www.ummto.dz\/fsecsg\/wp-json\/wp\/v2\/users\/1"}],"replies":[{"embeddable":true,"href":"https:\/\/www.ummto.dz\/fsecsg\/wp-json\/wp\/v2\/comments?post=2145"}],"version-history":[{"count":68,"href":"https:\/\/www.ummto.dz\/fsecsg\/wp-json\/wp\/v2\/pages\/2145\/revisions"}],"predecessor-version":[{"id":55757,"href":"https:\/\/www.ummto.dz\/fsecsg\/wp-json\/wp\/v2\/pages\/2145\/revisions\/55757"}],"wp:attachment":[{"href":"https:\/\/www.ummto.dz\/fsecsg\/wp-json\/wp\/v2\/media?parent=2145"}],"curies":[{"name":"wp","href":"https:\/\/api.w.org\/{rel}","templated":true}]}}