{"id":24329,"date":"2020-09-29T14:20:02","date_gmt":"2020-09-29T12:20:02","guid":{"rendered":"http:\/\/fsecsg.ummto.dz\/?page_id=24329"},"modified":"2022-03-04T20:37:03","modified_gmt":"2022-03-04T19:37:03","slug":"semestre-1-annee-2019-2020","status":"publish","type":"page","link":"https:\/\/www.ummto.dz\/fsecsg\/semestre-1-annee-2019-2020\/","title":{"rendered":"Dettes 1 \u00e8re Ann\u00e9e LMD Semestre 1 (Ann\u00e9e 2019\/2020)"},"content":{"rendered":"<p>[et_pb_section fb_built=\u00a0\u00bb1&Prime; admin_label=\u00a0\u00bbsection\u00a0\u00bb _builder_version=\u00a0\u00bb3.22&Prime; global_colors_info=\u00a0\u00bb{}\u00a0\u00bb][et_pb_row admin_label=\u00a0\u00bbrow\u00a0\u00bb _builder_version=\u00a0\u00bb3.25&Prime; background_size=\u00a0\u00bbinitial\u00a0\u00bb background_position=\u00a0\u00bbtop_left\u00a0\u00bb background_repeat=\u00a0\u00bbrepeat\u00a0\u00bb global_colors_info=\u00a0\u00bb{}\u00a0\u00bb][et_pb_column type=\u00a0\u00bb4_4&Prime; _builder_version=\u00a0\u00bb3.25&Prime; custom_padding=\u00a0\u00bb|||\u00a0\u00bb global_colors_info=\u00a0\u00bb{}\u00a0\u00bb custom_padding__hover=\u00a0\u00bb|||\u00a0\u00bb][et_pb_text admin_label=\u00a0\u00bbText\u00a0\u00bb _builder_version=\u00a0\u00bb4.14.8&Prime; background_size=\u00a0\u00bbinitial\u00a0\u00bb background_position=\u00a0\u00bbtop_left\u00a0\u00bb background_repeat=\u00a0\u00bbrepeat\u00a0\u00bb hover_enabled=\u00a0\u00bb0&Prime; global_colors_info=\u00a0\u00bb{}\u00a0\u00bb sticky_enabled=\u00a0\u00bb0&Prime;]<\/p>\n<ul>\n<li><a href=\"https:\/\/www.ummto.dz\/fsecsg\/wp-content\/uploads\/2020\/10\/Semester-I-English.pdf\"><span style=\"font-size: 14pt;color: #000000\"><strong>Module Anglais\u00a0<\/strong><\/span><\/a><\/li>\n<li><a href=\"https:\/\/www.ummto.dz\/fsecsg\/module-hfe\/\"><span style=\"color: #000000\"><strong><span style=\"font-size: 14pt\">Module HFE<\/span><\/strong><\/span><\/a><\/li>\n<li><span style=\"color: #000000;font-size: 12pt\"><a style=\"color: #000000\" href=\"https:\/\/www.ummto.dz\/fsecsg\/stat-1\/\"><strong>Module Statistique<\/strong><\/a><\/span><\/li>\n<li><span style=\"color: #000000\"><a style=\"color: #000000\" href=\"https:\/\/www.ummto.dz\/fsecsg\/wp-content\/uploads\/2020\/10\/Cours-final-Intro-a-la-sociologie-Dettes.pdf\"><strong><span style=\"font-size: 14pt\">Module Introduction \u00e0 la sociologie\u00a0<\/span><\/strong><\/a><\/span><\/li>\n<li><span style=\"font-size: 14pt\"><strong><span style=\"color: #000000\">Module introduction \u00e0 l\u2019\u00e9conomie (<a style=\"color: #000000\" href=\"https:\/\/www.ummto.dz\/fsecsg\/wp-content\/uploads\/2019\/02\/serie-1.pdf\">s\u00e9rie 1<\/a>\u00a0<a style=\"color: #000000\" href=\"https:\/\/www.ummto.dz\/fsecsg\/wp-content\/uploads\/2019\/02\/serie-2.pdf\">s\u00e9rie 2<\/a>\u00a0<a style=\"color: #000000\" href=\"https:\/\/www.ummto.dz\/fsecsg\/wp-content\/uploads\/2019\/02\/serie-3.pdf\">s\u00e9rie 3<\/a>\u00a0<a style=\"color: #000000\" href=\"https:\/\/www.ummto.dz\/fsecsg\/wp-content\/uploads\/2019\/02\/serie-4.pdf\">s\u00e9rie4<\/a>\u00a0<a style=\"color: #000000\" href=\"https:\/\/www.ummto.dz\/fsecsg\/wp-content\/uploads\/2019\/02\/serie-5.pdf\">s\u00e9rie 5<\/a>)<\/span><\/strong><\/span><\/li>\n<li><span style=\"font-size: 14pt\"><a href=\"https:\/\/www.ummto.dz\/fsecsg\/cours-module-methodologie\/\"><span style=\"color: #000000\"><strong>Module M\u00e9thodologie<\/strong><\/span><\/a><\/span><\/li>\n<li><span style=\"font-size: 14pt;color: #000000\"><a style=\"color: #000000\" href=\"https:\/\/www.ummto.dz\/fsecsg\/wp-content\/uploads\/2020\/10\/Cours-Mathematiques-dettes-S1-final.pdf\"><strong>Module Math\u00e9matique<\/strong><\/a><\/span><\/li>\n<li><a href=\"https:\/\/www.ummto.dz\/fsecsg\/module-introduction-aux-droit\/\"><span style=\"font-size: 14pt\"><strong><span style=\"color: #000000\">Module Introduction au Droit\u00a0<\/span><\/strong><\/span><\/a><\/li>\n<li><span style=\"color: #000000\"><strong style=\"color: #000000\"><a style=\"color: #000000\" href=\"https:\/\/www.ummto.dz\/fsecsg\/module-comptabilite\/\"><span style=\"font-size: 14pt\">Module Comptabilit\u00e9 Gles<\/span>\u00a0<\/a><\/strong><\/span><\/li>\n<\/ul>\n<p>[\/et_pb_text][\/et_pb_column][\/et_pb_row][\/et_pb_section]<\/p>\n","protected":false},"excerpt":{"rendered":"<p>Module Anglais\u00a0 Module HFE Module Statistique Module Introduction \u00e0 la sociologie\u00a0 Module introduction \u00e0 l\u2019\u00e9conomie (s\u00e9rie 1\u00a0s\u00e9rie 2\u00a0s\u00e9rie 3\u00a0s\u00e9rie4\u00a0s\u00e9rie 5) Module M\u00e9thodologie Module Math\u00e9matique Module Introduction au Droit\u00a0 Module Comptabilit\u00e9 Gles\u00a0<\/p>\n","protected":false},"author":1,"featured_media":0,"parent":0,"menu_order":0,"comment_status":"closed","ping_status":"closed","template":"","meta":{"_et_pb_use_builder":"on","_et_pb_old_content":"<ul>\r\n \t<li><a href=\"https:\/\/www.ummto.dz\/fsecsg\/wp-content\/uploads\/2020\/10\/Semester-I-English.pdf\"><span style=\"font-size: 14pt;color: #000000\"><strong>Module Anglais\u00a0<\/strong><\/span><\/a><\/li>\r\n \t<li><a href=\"https:\/\/www.ummto.dz\/fsecsg\/module-hfe\/\"><span style=\"color: #000000\"><strong><span style=\"font-size: 14pt\">Module HFE<\/span><\/strong><\/span><\/a><\/li>\r\n \t<li><span style=\"color: #000000;font-size: 12pt\"><a style=\"color: #000000\" href=\"https:\/\/www.ummto.dz\/fsecsg\/stat-1\/\"><strong>Module Statistique<\/strong><\/a><\/span><\/li>\r\n \t<li><span style=\"color: #000000\"><a style=\"color: #000000\" href=\"https:\/\/www.ummto.dz\/fsecsg\/wp-content\/uploads\/2020\/10\/Cours-final-Intro-a-la-sociologie-Dettes.pdf\"><strong><span style=\"font-size: 14pt\">Module Introduction \u00e0 la sociologie\u00a0<\/span><\/strong><\/a><\/span><\/li>\r\n \t<li><span style=\"font-size: 14pt\"><strong><span style=\"color: #000000\">Module introduction \u00e0 l\u2019\u00e9conomie (<a style=\"color: #000000\" href=\"https:\/\/www.ummto.dz\/fsecsg\/wp-content\/uploads\/2019\/02\/serie-1.pdf\">s\u00e9rie 1<\/a>\u00a0<a style=\"color: #000000\" href=\"https:\/\/www.ummto.dz\/fsecsg\/wp-content\/uploads\/2019\/02\/serie-2.pdf\">s\u00e9rie 2<\/a>\u00a0<a style=\"color: #000000\" href=\"https:\/\/www.ummto.dz\/fsecsg\/wp-content\/uploads\/2019\/02\/serie-3.pdf\">s\u00e9rie 3<\/a>\u00a0<a style=\"color: #000000\" href=\"https:\/\/www.ummto.dz\/fsecsg\/wp-content\/uploads\/2019\/02\/serie-4.pdf\">s\u00e9rie4<\/a>\u00a0<a style=\"color: #000000\" href=\"https:\/\/www.ummto.dz\/fsecsg\/wp-content\/uploads\/2019\/02\/serie-5.pdf\">s\u00e9rie 5<\/a>)<\/span><\/strong><\/span><\/li>\r\n \t<li><span style=\"font-size: 14pt\"><a href=\"https:\/\/www.ummto.dz\/fsecsg\/cours-module-methodologie\/\"><span style=\"color: #000000\"><strong>Module M\u00e9thodologie<\/strong><\/span><\/a><\/span><\/li>\r\n \t<li><span style=\"font-size: 14pt;color: #000000\"><a style=\"color: #000000\" href=\"https:\/\/www.ummto.dz\/fsecsg\/wp-content\/uploads\/2020\/10\/Cours-Mathematiques-dettes-S1-final.pdf\"><strong>Module Math\u00e9matique<\/strong><\/a><\/span><\/li>\r\n \t<li><a href=\"https:\/\/www.ummto.dz\/fsecsg\/module-introduction-aux-droit\/\"><span style=\"font-size: 14pt\"><strong><span style=\"color: #000000\">Module Introduction au Droit\u00a0<\/span><\/strong><\/span><\/a><\/li>\r\n \t<li><span style=\"color: #000000\"><strong style=\"color: #000000\"><a style=\"color: #000000\" href=\"https:\/\/www.ummto.dz\/fsecsg\/module-comptabilite\/\"><span style=\"font-size: 14pt\">Module Comptabilit\u00e9 Gles<\/span>\u00a0<\/a><\/strong><\/span><\/li>\r\n<\/ul>","_et_gb_content_width":"","footnotes":""},"class_list":["post-24329","page","type-page","status-publish","hentry"],"yoast_head":"<!-- This site is optimized with the Yoast SEO plugin v27.3 - https:\/\/yoast.com\/product\/yoast-seo-wordpress\/ -->\n<title>Dettes 1 \u00e8re Ann\u00e9e LMD Semestre 1 (Ann\u00e9e 2019\/2020) - Facult\u00e9 des Sciences Economiques, Commerciales et des Sciences de Gestion<\/title>\n<meta name=\"robots\" content=\"index, follow, max-snippet:-1, max-image-preview:large, max-video-preview:-1\" \/>\n<link rel=\"canonical\" href=\"https:\/\/www.ummto.dz\/fsecsg\/semestre-1-annee-2019-2020\/\" \/>\n<meta property=\"og:locale\" content=\"fr_FR\" \/>\n<meta property=\"og:type\" content=\"article\" \/>\n<meta property=\"og:title\" content=\"Dettes 1 \u00e8re Ann\u00e9e LMD Semestre 1 (Ann\u00e9e 2019\/2020) - Facult\u00e9 des Sciences Economiques, Commerciales et des Sciences de Gestion\" \/>\n<meta property=\"og:description\" content=\"Module Anglais\u00a0 Module HFE Module Statistique Module Introduction \u00e0 la sociologie\u00a0 Module introduction \u00e0 l\u2019\u00e9conomie (s\u00e9rie 1\u00a0s\u00e9rie 2\u00a0s\u00e9rie 3\u00a0s\u00e9rie4\u00a0s\u00e9rie 5) Module M\u00e9thodologie Module Math\u00e9matique Module Introduction au Droit\u00a0 Module Comptabilit\u00e9 Gles\u00a0\" \/>\n<meta property=\"og:url\" content=\"https:\/\/www.ummto.dz\/fsecsg\/semestre-1-annee-2019-2020\/\" \/>\n<meta property=\"og:site_name\" content=\"Facult\u00e9 des Sciences Economiques, Commerciales et des Sciences de Gestion\" \/>\n<meta property=\"article:modified_time\" content=\"2022-03-04T19:37:03+00:00\" \/>\n<meta name=\"twitter:card\" content=\"summary_large_image\" \/>\n<meta name=\"twitter:label1\" content=\"Dur\u00e9e de lecture estim\u00e9e\" \/>\n\t<meta name=\"twitter:data1\" content=\"1 minute\" \/>\n<script type=\"application\/ld+json\" class=\"yoast-schema-graph\">{\"@context\":\"https:\\\/\\\/schema.org\",\"@graph\":[{\"@type\":\"WebPage\",\"@id\":\"https:\\\/\\\/www.ummto.dz\\\/fsecsg\\\/semestre-1-annee-2019-2020\\\/\",\"url\":\"https:\\\/\\\/www.ummto.dz\\\/fsecsg\\\/semestre-1-annee-2019-2020\\\/\",\"name\":\"Dettes 1 \u00e8re Ann\u00e9e LMD Semestre 1 (Ann\u00e9e 2019\\\/2020) - Facult\u00e9 des Sciences Economiques, Commerciales et des Sciences de Gestion\",\"isPartOf\":{\"@id\":\"https:\\\/\\\/www.ummto.dz\\\/fsecsg\\\/#website\"},\"datePublished\":\"2020-09-29T12:20:02+00:00\",\"dateModified\":\"2022-03-04T19:37:03+00:00\",\"breadcrumb\":{\"@id\":\"https:\\\/\\\/www.ummto.dz\\\/fsecsg\\\/semestre-1-annee-2019-2020\\\/#breadcrumb\"},\"inLanguage\":\"fr-FR\",\"potentialAction\":[{\"@type\":\"ReadAction\",\"target\":[\"https:\\\/\\\/www.ummto.dz\\\/fsecsg\\\/semestre-1-annee-2019-2020\\\/\"]}]},{\"@type\":\"BreadcrumbList\",\"@id\":\"https:\\\/\\\/www.ummto.dz\\\/fsecsg\\\/semestre-1-annee-2019-2020\\\/#breadcrumb\",\"itemListElement\":[{\"@type\":\"ListItem\",\"position\":1,\"name\":\"Accueil\",\"item\":\"https:\\\/\\\/www.ummto.dz\\\/fsecsg\\\/\"},{\"@type\":\"ListItem\",\"position\":2,\"name\":\"Dettes 1 \u00e8re Ann\u00e9e LMD Semestre 1 (Ann\u00e9e 2019\\\/2020)\"}]},{\"@type\":\"WebSite\",\"@id\":\"https:\\\/\\\/www.ummto.dz\\\/fsecsg\\\/#website\",\"url\":\"https:\\\/\\\/www.ummto.dz\\\/fsecsg\\\/\",\"name\":\"Facult\u00e9 des Sciences Economiques, Commerciales et des Sciences de Gestion\",\"description\":\"Universit\u00e9 Mouloud Mammeri de Tizi Ouzou\",\"potentialAction\":[{\"@type\":\"SearchAction\",\"target\":{\"@type\":\"EntryPoint\",\"urlTemplate\":\"https:\\\/\\\/www.ummto.dz\\\/fsecsg\\\/?s={search_term_string}\"},\"query-input\":{\"@type\":\"PropertyValueSpecification\",\"valueRequired\":true,\"valueName\":\"search_term_string\"}}],\"inLanguage\":\"fr-FR\"}]}<\/script>\n<!-- \/ Yoast SEO plugin. -->","yoast_head_json":{"title":"Dettes 1 \u00e8re Ann\u00e9e LMD Semestre 1 (Ann\u00e9e 2019\/2020) - Facult\u00e9 des Sciences Economiques, Commerciales et des Sciences de Gestion","robots":{"index":"index","follow":"follow","max-snippet":"max-snippet:-1","max-image-preview":"max-image-preview:large","max-video-preview":"max-video-preview:-1"},"canonical":"https:\/\/www.ummto.dz\/fsecsg\/semestre-1-annee-2019-2020\/","og_locale":"fr_FR","og_type":"article","og_title":"Dettes 1 \u00e8re Ann\u00e9e LMD Semestre 1 (Ann\u00e9e 2019\/2020) - Facult\u00e9 des Sciences Economiques, Commerciales et des Sciences de Gestion","og_description":"Module Anglais\u00a0 Module HFE Module Statistique Module Introduction \u00e0 la sociologie\u00a0 Module introduction \u00e0 l\u2019\u00e9conomie (s\u00e9rie 1\u00a0s\u00e9rie 2\u00a0s\u00e9rie 3\u00a0s\u00e9rie4\u00a0s\u00e9rie 5) Module M\u00e9thodologie Module Math\u00e9matique Module Introduction au Droit\u00a0 Module Comptabilit\u00e9 Gles\u00a0","og_url":"https:\/\/www.ummto.dz\/fsecsg\/semestre-1-annee-2019-2020\/","og_site_name":"Facult\u00e9 des Sciences Economiques, Commerciales et des Sciences de Gestion","article_modified_time":"2022-03-04T19:37:03+00:00","twitter_card":"summary_large_image","twitter_misc":{"Dur\u00e9e de lecture estim\u00e9e":"1 minute"},"schema":{"@context":"https:\/\/schema.org","@graph":[{"@type":"WebPage","@id":"https:\/\/www.ummto.dz\/fsecsg\/semestre-1-annee-2019-2020\/","url":"https:\/\/www.ummto.dz\/fsecsg\/semestre-1-annee-2019-2020\/","name":"Dettes 1 \u00e8re Ann\u00e9e LMD Semestre 1 (Ann\u00e9e 2019\/2020) - Facult\u00e9 des Sciences Economiques, Commerciales et des Sciences de Gestion","isPartOf":{"@id":"https:\/\/www.ummto.dz\/fsecsg\/#website"},"datePublished":"2020-09-29T12:20:02+00:00","dateModified":"2022-03-04T19:37:03+00:00","breadcrumb":{"@id":"https:\/\/www.ummto.dz\/fsecsg\/semestre-1-annee-2019-2020\/#breadcrumb"},"inLanguage":"fr-FR","potentialAction":[{"@type":"ReadAction","target":["https:\/\/www.ummto.dz\/fsecsg\/semestre-1-annee-2019-2020\/"]}]},{"@type":"BreadcrumbList","@id":"https:\/\/www.ummto.dz\/fsecsg\/semestre-1-annee-2019-2020\/#breadcrumb","itemListElement":[{"@type":"ListItem","position":1,"name":"Accueil","item":"https:\/\/www.ummto.dz\/fsecsg\/"},{"@type":"ListItem","position":2,"name":"Dettes 1 \u00e8re Ann\u00e9e LMD Semestre 1 (Ann\u00e9e 2019\/2020)"}]},{"@type":"WebSite","@id":"https:\/\/www.ummto.dz\/fsecsg\/#website","url":"https:\/\/www.ummto.dz\/fsecsg\/","name":"Facult\u00e9 des Sciences Economiques, Commerciales et des Sciences de Gestion","description":"Universit\u00e9 Mouloud Mammeri de Tizi Ouzou","potentialAction":[{"@type":"SearchAction","target":{"@type":"EntryPoint","urlTemplate":"https:\/\/www.ummto.dz\/fsecsg\/?s={search_term_string}"},"query-input":{"@type":"PropertyValueSpecification","valueRequired":true,"valueName":"search_term_string"}}],"inLanguage":"fr-FR"}]}},"_links":{"self":[{"href":"https:\/\/www.ummto.dz\/fsecsg\/wp-json\/wp\/v2\/pages\/24329","targetHints":{"allow":["GET"]}}],"collection":[{"href":"https:\/\/www.ummto.dz\/fsecsg\/wp-json\/wp\/v2\/pages"}],"about":[{"href":"https:\/\/www.ummto.dz\/fsecsg\/wp-json\/wp\/v2\/types\/page"}],"author":[{"embeddable":true,"href":"https:\/\/www.ummto.dz\/fsecsg\/wp-json\/wp\/v2\/users\/1"}],"replies":[{"embeddable":true,"href":"https:\/\/www.ummto.dz\/fsecsg\/wp-json\/wp\/v2\/comments?post=24329"}],"version-history":[{"count":21,"href":"https:\/\/www.ummto.dz\/fsecsg\/wp-json\/wp\/v2\/pages\/24329\/revisions"}],"predecessor-version":[{"id":56017,"href":"https:\/\/www.ummto.dz\/fsecsg\/wp-json\/wp\/v2\/pages\/24329\/revisions\/56017"}],"wp:attachment":[{"href":"https:\/\/www.ummto.dz\/fsecsg\/wp-json\/wp\/v2\/media?parent=24329"}],"curies":[{"name":"wp","href":"https:\/\/api.w.org\/{rel}","templated":true}]}}