{"id":26296,"date":"2020-10-27T19:46:03","date_gmt":"2020-10-27T18:46:03","guid":{"rendered":"http:\/\/fsecsg.ummto.dz\/?page_id=26296"},"modified":"2021-12-06T14:17:59","modified_gmt":"2021-12-06T13:17:59","slug":"cours-mf","status":"publish","type":"page","link":"https:\/\/www.ummto.dz\/fsecsg\/cours-mf\/","title":{"rendered":"Cours MF"},"content":{"rendered":"<ul>\n<li><a href=\"https:\/\/www.ummto.dz\/fsecsg\/cours-mf\/\"><span style=\"color: #000000\"><strong>Cours Math\u00e9matiques financi\u00e8res\u00a0<\/strong><\/span><\/a><\/li>\n<li><span style=\"color: #000000\"><a style=\"color: #000000\" href=\"https:\/\/www.ummto.dz\/fsecsg\/wp-content\/uploads\/2020\/10\/SERIE-01.pdf\"><strong>S\u00e9rie 1<\/strong><\/a><\/span><\/li>\n<li><span style=\"color: #000000\"><a style=\"color: #000000\" href=\"https:\/\/www.ummto.dz\/fsecsg\/wp-content\/uploads\/2020\/10\/Corrige-type-de-la-Serie-01.pdf\"><strong>Corrig\u00e9 type s\u00e9rie 1<\/strong><\/a><\/span><\/li>\n<li><span style=\"color: #000000\"><a style=\"color: #000000\" href=\"https:\/\/www.ummto.dz\/fsecsg\/wp-content\/uploads\/2020\/10\/SERIE-02.pdf\"><strong>S\u00e9rie 2<\/strong><\/a><\/span><\/li>\n<li><strong><span style=\"color: #000000\"><a style=\"color: #000000\" href=\"https:\/\/www.ummto.dz\/fsecsg\/wp-content\/uploads\/2020\/10\/Corrige-type-de-la-serie-02.pdf\" data-wplink-edit=\"true\">Corrig\u00e9 type 2<\/a><\/span><\/strong><\/li>\n<\/ul>\n\n\n<p><\/p>\n","protected":false},"excerpt":{"rendered":"<p>Cours Math\u00e9matiques financi\u00e8res\u00a0 S\u00e9rie 1 Corrig\u00e9 type s\u00e9rie 1 S\u00e9rie 2 Corrig\u00e9 type 2<\/p>\n","protected":false},"author":1,"featured_media":0,"parent":0,"menu_order":0,"comment_status":"closed","ping_status":"closed","template":"","meta":{"_et_pb_use_builder":"","_et_pb_old_content":"","_et_gb_content_width":"","footnotes":""},"class_list":["post-26296","page","type-page","status-publish","hentry"],"yoast_head":"<!-- This site is optimized with the Yoast SEO plugin v27.2 - https:\/\/yoast.com\/product\/yoast-seo-wordpress\/ -->\n<title>Cours MF - Facult\u00e9 des Sciences Economiques, Commerciales et des Sciences de Gestion<\/title>\n<meta name=\"robots\" content=\"index, follow, max-snippet:-1, max-image-preview:large, max-video-preview:-1\" \/>\n<link rel=\"canonical\" href=\"https:\/\/www.ummto.dz\/fsecsg\/cours-mf\/\" \/>\n<meta property=\"og:locale\" content=\"fr_FR\" \/>\n<meta property=\"og:type\" content=\"article\" \/>\n<meta property=\"og:title\" content=\"Cours MF - Facult\u00e9 des Sciences Economiques, Commerciales et des Sciences de Gestion\" \/>\n<meta property=\"og:description\" content=\"Cours Math\u00e9matiques financi\u00e8res\u00a0 S\u00e9rie 1 Corrig\u00e9 type s\u00e9rie 1 S\u00e9rie 2 Corrig\u00e9 type 2\" \/>\n<meta property=\"og:url\" content=\"https:\/\/www.ummto.dz\/fsecsg\/cours-mf\/\" \/>\n<meta property=\"og:site_name\" content=\"Facult\u00e9 des Sciences Economiques, Commerciales et des Sciences de Gestion\" \/>\n<meta property=\"article:modified_time\" content=\"2021-12-06T13:17:59+00:00\" \/>\n<meta name=\"twitter:card\" content=\"summary_large_image\" \/>\n<meta name=\"twitter:label1\" content=\"Dur\u00e9e de lecture estim\u00e9e\" \/>\n\t<meta name=\"twitter:data1\" content=\"1 minute\" \/>\n<script type=\"application\/ld+json\" class=\"yoast-schema-graph\">{\"@context\":\"https:\/\/schema.org\",\"@graph\":[{\"@type\":\"WebPage\",\"@id\":\"https:\/\/www.ummto.dz\/fsecsg\/cours-mf\/\",\"url\":\"https:\/\/www.ummto.dz\/fsecsg\/cours-mf\/\",\"name\":\"Cours MF - Facult\u00e9 des Sciences Economiques, Commerciales et des Sciences de Gestion\",\"isPartOf\":{\"@id\":\"https:\/\/www.ummto.dz\/fsecsg\/#website\"},\"datePublished\":\"2020-10-27T18:46:03+00:00\",\"dateModified\":\"2021-12-06T13:17:59+00:00\",\"breadcrumb\":{\"@id\":\"https:\/\/www.ummto.dz\/fsecsg\/cours-mf\/#breadcrumb\"},\"inLanguage\":\"fr-FR\",\"potentialAction\":[{\"@type\":\"ReadAction\",\"target\":[\"https:\/\/www.ummto.dz\/fsecsg\/cours-mf\/\"]}]},{\"@type\":\"BreadcrumbList\",\"@id\":\"https:\/\/www.ummto.dz\/fsecsg\/cours-mf\/#breadcrumb\",\"itemListElement\":[{\"@type\":\"ListItem\",\"position\":1,\"name\":\"Accueil\",\"item\":\"https:\/\/www.ummto.dz\/fsecsg\/\"},{\"@type\":\"ListItem\",\"position\":2,\"name\":\"Cours MF\"}]},{\"@type\":\"WebSite\",\"@id\":\"https:\/\/www.ummto.dz\/fsecsg\/#website\",\"url\":\"https:\/\/www.ummto.dz\/fsecsg\/\",\"name\":\"Facult\u00e9 des Sciences Economiques, Commerciales et des Sciences de Gestion\",\"description\":\"Universit\u00e9 Mouloud Mammeri de Tizi Ouzou\",\"potentialAction\":[{\"@type\":\"SearchAction\",\"target\":{\"@type\":\"EntryPoint\",\"urlTemplate\":\"https:\/\/www.ummto.dz\/fsecsg\/?s={search_term_string}\"},\"query-input\":{\"@type\":\"PropertyValueSpecification\",\"valueRequired\":true,\"valueName\":\"search_term_string\"}}],\"inLanguage\":\"fr-FR\"}]}<\/script>\n<!-- \/ Yoast SEO plugin. -->","yoast_head_json":{"title":"Cours MF - Facult\u00e9 des Sciences Economiques, Commerciales et des Sciences de Gestion","robots":{"index":"index","follow":"follow","max-snippet":"max-snippet:-1","max-image-preview":"max-image-preview:large","max-video-preview":"max-video-preview:-1"},"canonical":"https:\/\/www.ummto.dz\/fsecsg\/cours-mf\/","og_locale":"fr_FR","og_type":"article","og_title":"Cours MF - Facult\u00e9 des Sciences Economiques, Commerciales et des Sciences de Gestion","og_description":"Cours Math\u00e9matiques financi\u00e8res\u00a0 S\u00e9rie 1 Corrig\u00e9 type s\u00e9rie 1 S\u00e9rie 2 Corrig\u00e9 type 2","og_url":"https:\/\/www.ummto.dz\/fsecsg\/cours-mf\/","og_site_name":"Facult\u00e9 des Sciences Economiques, Commerciales et des Sciences de Gestion","article_modified_time":"2021-12-06T13:17:59+00:00","twitter_card":"summary_large_image","twitter_misc":{"Dur\u00e9e de lecture estim\u00e9e":"1 minute"},"schema":{"@context":"https:\/\/schema.org","@graph":[{"@type":"WebPage","@id":"https:\/\/www.ummto.dz\/fsecsg\/cours-mf\/","url":"https:\/\/www.ummto.dz\/fsecsg\/cours-mf\/","name":"Cours MF - Facult\u00e9 des Sciences Economiques, Commerciales et des Sciences de Gestion","isPartOf":{"@id":"https:\/\/www.ummto.dz\/fsecsg\/#website"},"datePublished":"2020-10-27T18:46:03+00:00","dateModified":"2021-12-06T13:17:59+00:00","breadcrumb":{"@id":"https:\/\/www.ummto.dz\/fsecsg\/cours-mf\/#breadcrumb"},"inLanguage":"fr-FR","potentialAction":[{"@type":"ReadAction","target":["https:\/\/www.ummto.dz\/fsecsg\/cours-mf\/"]}]},{"@type":"BreadcrumbList","@id":"https:\/\/www.ummto.dz\/fsecsg\/cours-mf\/#breadcrumb","itemListElement":[{"@type":"ListItem","position":1,"name":"Accueil","item":"https:\/\/www.ummto.dz\/fsecsg\/"},{"@type":"ListItem","position":2,"name":"Cours MF"}]},{"@type":"WebSite","@id":"https:\/\/www.ummto.dz\/fsecsg\/#website","url":"https:\/\/www.ummto.dz\/fsecsg\/","name":"Facult\u00e9 des Sciences Economiques, Commerciales et des Sciences de Gestion","description":"Universit\u00e9 Mouloud Mammeri de Tizi Ouzou","potentialAction":[{"@type":"SearchAction","target":{"@type":"EntryPoint","urlTemplate":"https:\/\/www.ummto.dz\/fsecsg\/?s={search_term_string}"},"query-input":{"@type":"PropertyValueSpecification","valueRequired":true,"valueName":"search_term_string"}}],"inLanguage":"fr-FR"}]}},"_links":{"self":[{"href":"https:\/\/www.ummto.dz\/fsecsg\/wp-json\/wp\/v2\/pages\/26296","targetHints":{"allow":["GET"]}}],"collection":[{"href":"https:\/\/www.ummto.dz\/fsecsg\/wp-json\/wp\/v2\/pages"}],"about":[{"href":"https:\/\/www.ummto.dz\/fsecsg\/wp-json\/wp\/v2\/types\/page"}],"author":[{"embeddable":true,"href":"https:\/\/www.ummto.dz\/fsecsg\/wp-json\/wp\/v2\/users\/1"}],"replies":[{"embeddable":true,"href":"https:\/\/www.ummto.dz\/fsecsg\/wp-json\/wp\/v2\/comments?post=26296"}],"version-history":[{"count":8,"href":"https:\/\/www.ummto.dz\/fsecsg\/wp-json\/wp\/v2\/pages\/26296\/revisions"}],"predecessor-version":[{"id":50238,"href":"https:\/\/www.ummto.dz\/fsecsg\/wp-json\/wp\/v2\/pages\/26296\/revisions\/50238"}],"wp:attachment":[{"href":"https:\/\/www.ummto.dz\/fsecsg\/wp-json\/wp\/v2\/media?parent=26296"}],"curies":[{"name":"wp","href":"https:\/\/api.w.org\/{rel}","templated":true}]}}