{"id":3838,"date":"2018-05-22T15:28:56","date_gmt":"2018-05-22T13:28:56","guid":{"rendered":"http:\/\/fsecsg.ummto.dz\/?page_id=3838"},"modified":"2021-11-01T17:58:15","modified_gmt":"2021-11-01T16:58:15","slug":"filiere-sces-economiques","status":"publish","type":"page","link":"https:\/\/www.ummto.dz\/fsecsg\/filiere-sces-economiques\/","title":{"rendered":"Fili\u00e8re sces \u00e9conomiques"},"content":{"rendered":"<p><a href=\"https:\/\/www.ummto.dz\/fsecsg\/wp-content\/uploads\/2018\/05\/L_EGE.pdf\"><span style=\"color: #000000\"><strong>L_Economie et Gestion des Entreprises<\/strong><\/span><\/a><\/p>\n<p><a href=\"https:\/\/www.ummto.dz\/fsecsg\/wp-content\/uploads\/2018\/05\/L_EMB.pdf\"><span style=\"color: #000000\"><span style=\"color: #000000\"><strong>L<\/strong><\/span><span style=\"color: #000000\"><b>_<\/b><strong>Economie <\/strong><strong>Mon\u00e9taire\u00a0et Bancaire<\/strong><\/span> <\/span><\/a><\/p>\n<p><a href=\"https:\/\/www.ummto.dz\/fsecsg\/wp-content\/uploads\/2018\/05\/L_EQ.pdf\"><span style=\"color: #000000\"><strong>L_Economie Quantitative <\/strong><\/span><\/a><\/p>\n<p><a href=\"https:\/\/www.ummto.dz\/fsecsg\/wp-content\/uploads\/2018\/05\/M_DLTVP.pdf\"><span style=\"color: #000000\"><span style=\"color: #000000\"><strong>M<\/strong><\/span><span style=\"color: #000000\"><b>_<\/b><\/span><span style=\"color: #000000\"><strong>D\u00e9veloppement\u00a0Locale, Tourisme\u00a0 et Valorisation du\u00a0 Patrimoine (DLTVP)<\/strong><\/span><\/span><\/a><\/p>\n<p><a href=\"https:\/\/www.ummto.dz\/fsecsg\/wp-content\/uploads\/2018\/05\/M_ED.pdf\"><span style=\"color: #000000\"><strong> M_<span style=\"color: #000000\">Economie de D\u00e9veloppement<\/span><\/strong><\/span><\/a><\/p>\n<p><a href=\"https:\/\/www.ummto.dz\/fsecsg\/wp-content\/uploads\/2018\/05\/M_EFL.pdf\"><span style=\"color: #000000\"> <strong><span style=\"color: #000000\">M<\/span>_Economie Finance Locale\u00a0 <\/strong><\/span><\/a><\/p>\n<p><a href=\"https:\/\/www.ummto.dz\/fsecsg\/wp-content\/uploads\/2018\/05\/M_EMB.pdf\"><span style=\"color: #000000\"><span style=\"color: #000000\"><strong>M<\/strong><\/span><span style=\"color: #000000\"><b>_<\/b><strong>Economie <\/strong><strong>Mon\u00e9taire\u00a0et Bancaire\u00a0<\/strong><\/span><\/span><\/a><\/p>\n<p><a href=\"https:\/\/www.ummto.dz\/fsecsg\/wp-content\/uploads\/2018\/05\/M_ES.pdf\"><span style=\"color: #000000\"><strong> M_Economie de la Sant\u00e9\u00a0<\/strong><\/span><\/a><\/p>\n","protected":false},"excerpt":{"rendered":"<p>L_Economie et Gestion des Entreprises L_Economie Mon\u00e9taire\u00a0et Bancaire L_Economie Quantitative M_D\u00e9veloppement\u00a0Locale, Tourisme\u00a0 et Valorisation du\u00a0 Patrimoine (DLTVP) M_Economie de D\u00e9veloppement M_Economie Finance Locale\u00a0 M_Economie Mon\u00e9taire\u00a0et Bancaire\u00a0 M_Economie de la Sant\u00e9\u00a0<\/p>\n","protected":false},"author":1,"featured_media":0,"parent":0,"menu_order":0,"comment_status":"closed","ping_status":"closed","template":"","meta":{"_et_pb_use_builder":"","_et_pb_old_content":"","_et_gb_content_width":"","footnotes":""},"class_list":["post-3838","page","type-page","status-publish","hentry"],"yoast_head":"<!-- This site is optimized with the Yoast SEO plugin v27.3 - https:\/\/yoast.com\/product\/yoast-seo-wordpress\/ -->\n<title>Fili\u00e8re sces \u00e9conomiques - Facult\u00e9 des Sciences Economiques, Commerciales et des Sciences de Gestion<\/title>\n<meta name=\"robots\" content=\"index, follow, max-snippet:-1, max-image-preview:large, max-video-preview:-1\" \/>\n<link rel=\"canonical\" href=\"https:\/\/www.ummto.dz\/fsecsg\/filiere-sces-economiques\/\" \/>\n<meta property=\"og:locale\" content=\"fr_FR\" \/>\n<meta property=\"og:type\" content=\"article\" \/>\n<meta property=\"og:title\" content=\"Fili\u00e8re sces \u00e9conomiques - Facult\u00e9 des Sciences Economiques, Commerciales et des Sciences de Gestion\" \/>\n<meta property=\"og:description\" content=\"L_Economie et Gestion des Entreprises L_Economie Mon\u00e9taire\u00a0et Bancaire L_Economie Quantitative M_D\u00e9veloppement\u00a0Locale, Tourisme\u00a0 et Valorisation du\u00a0 Patrimoine (DLTVP) M_Economie de D\u00e9veloppement M_Economie Finance Locale\u00a0 M_Economie Mon\u00e9taire\u00a0et Bancaire\u00a0 M_Economie de la Sant\u00e9\u00a0\" \/>\n<meta property=\"og:url\" content=\"https:\/\/www.ummto.dz\/fsecsg\/filiere-sces-economiques\/\" \/>\n<meta property=\"og:site_name\" content=\"Facult\u00e9 des Sciences Economiques, Commerciales et des Sciences de Gestion\" \/>\n<meta property=\"article:modified_time\" content=\"2021-11-01T16:58:15+00:00\" \/>\n<meta name=\"twitter:card\" content=\"summary_large_image\" \/>\n<meta name=\"twitter:label1\" content=\"Dur\u00e9e de lecture estim\u00e9e\" \/>\n\t<meta name=\"twitter:data1\" content=\"1 minute\" \/>\n<script type=\"application\/ld+json\" class=\"yoast-schema-graph\">{\"@context\":\"https:\\\/\\\/schema.org\",\"@graph\":[{\"@type\":\"WebPage\",\"@id\":\"https:\\\/\\\/www.ummto.dz\\\/fsecsg\\\/filiere-sces-economiques\\\/\",\"url\":\"https:\\\/\\\/www.ummto.dz\\\/fsecsg\\\/filiere-sces-economiques\\\/\",\"name\":\"Fili\u00e8re sces \u00e9conomiques - Facult\u00e9 des Sciences Economiques, Commerciales et des Sciences de Gestion\",\"isPartOf\":{\"@id\":\"https:\\\/\\\/www.ummto.dz\\\/fsecsg\\\/#website\"},\"datePublished\":\"2018-05-22T13:28:56+00:00\",\"dateModified\":\"2021-11-01T16:58:15+00:00\",\"breadcrumb\":{\"@id\":\"https:\\\/\\\/www.ummto.dz\\\/fsecsg\\\/filiere-sces-economiques\\\/#breadcrumb\"},\"inLanguage\":\"fr-FR\",\"potentialAction\":[{\"@type\":\"ReadAction\",\"target\":[\"https:\\\/\\\/www.ummto.dz\\\/fsecsg\\\/filiere-sces-economiques\\\/\"]}]},{\"@type\":\"BreadcrumbList\",\"@id\":\"https:\\\/\\\/www.ummto.dz\\\/fsecsg\\\/filiere-sces-economiques\\\/#breadcrumb\",\"itemListElement\":[{\"@type\":\"ListItem\",\"position\":1,\"name\":\"Accueil\",\"item\":\"https:\\\/\\\/www.ummto.dz\\\/fsecsg\\\/\"},{\"@type\":\"ListItem\",\"position\":2,\"name\":\"Fili\u00e8re sces \u00e9conomiques\"}]},{\"@type\":\"WebSite\",\"@id\":\"https:\\\/\\\/www.ummto.dz\\\/fsecsg\\\/#website\",\"url\":\"https:\\\/\\\/www.ummto.dz\\\/fsecsg\\\/\",\"name\":\"Facult\u00e9 des Sciences Economiques, Commerciales et des Sciences de Gestion\",\"description\":\"Universit\u00e9 Mouloud Mammeri de Tizi Ouzou\",\"potentialAction\":[{\"@type\":\"SearchAction\",\"target\":{\"@type\":\"EntryPoint\",\"urlTemplate\":\"https:\\\/\\\/www.ummto.dz\\\/fsecsg\\\/?s={search_term_string}\"},\"query-input\":{\"@type\":\"PropertyValueSpecification\",\"valueRequired\":true,\"valueName\":\"search_term_string\"}}],\"inLanguage\":\"fr-FR\"}]}<\/script>\n<!-- \/ Yoast SEO plugin. -->","yoast_head_json":{"title":"Fili\u00e8re sces \u00e9conomiques - Facult\u00e9 des Sciences Economiques, Commerciales et des Sciences de Gestion","robots":{"index":"index","follow":"follow","max-snippet":"max-snippet:-1","max-image-preview":"max-image-preview:large","max-video-preview":"max-video-preview:-1"},"canonical":"https:\/\/www.ummto.dz\/fsecsg\/filiere-sces-economiques\/","og_locale":"fr_FR","og_type":"article","og_title":"Fili\u00e8re sces \u00e9conomiques - Facult\u00e9 des Sciences Economiques, Commerciales et des Sciences de Gestion","og_description":"L_Economie et Gestion des Entreprises L_Economie Mon\u00e9taire\u00a0et Bancaire L_Economie Quantitative M_D\u00e9veloppement\u00a0Locale, Tourisme\u00a0 et Valorisation du\u00a0 Patrimoine (DLTVP) M_Economie de D\u00e9veloppement M_Economie Finance Locale\u00a0 M_Economie Mon\u00e9taire\u00a0et Bancaire\u00a0 M_Economie de la Sant\u00e9\u00a0","og_url":"https:\/\/www.ummto.dz\/fsecsg\/filiere-sces-economiques\/","og_site_name":"Facult\u00e9 des Sciences Economiques, Commerciales et des Sciences de Gestion","article_modified_time":"2021-11-01T16:58:15+00:00","twitter_card":"summary_large_image","twitter_misc":{"Dur\u00e9e de lecture estim\u00e9e":"1 minute"},"schema":{"@context":"https:\/\/schema.org","@graph":[{"@type":"WebPage","@id":"https:\/\/www.ummto.dz\/fsecsg\/filiere-sces-economiques\/","url":"https:\/\/www.ummto.dz\/fsecsg\/filiere-sces-economiques\/","name":"Fili\u00e8re sces \u00e9conomiques - Facult\u00e9 des Sciences Economiques, Commerciales et des Sciences de Gestion","isPartOf":{"@id":"https:\/\/www.ummto.dz\/fsecsg\/#website"},"datePublished":"2018-05-22T13:28:56+00:00","dateModified":"2021-11-01T16:58:15+00:00","breadcrumb":{"@id":"https:\/\/www.ummto.dz\/fsecsg\/filiere-sces-economiques\/#breadcrumb"},"inLanguage":"fr-FR","potentialAction":[{"@type":"ReadAction","target":["https:\/\/www.ummto.dz\/fsecsg\/filiere-sces-economiques\/"]}]},{"@type":"BreadcrumbList","@id":"https:\/\/www.ummto.dz\/fsecsg\/filiere-sces-economiques\/#breadcrumb","itemListElement":[{"@type":"ListItem","position":1,"name":"Accueil","item":"https:\/\/www.ummto.dz\/fsecsg\/"},{"@type":"ListItem","position":2,"name":"Fili\u00e8re sces \u00e9conomiques"}]},{"@type":"WebSite","@id":"https:\/\/www.ummto.dz\/fsecsg\/#website","url":"https:\/\/www.ummto.dz\/fsecsg\/","name":"Facult\u00e9 des Sciences Economiques, Commerciales et des Sciences de Gestion","description":"Universit\u00e9 Mouloud Mammeri de Tizi Ouzou","potentialAction":[{"@type":"SearchAction","target":{"@type":"EntryPoint","urlTemplate":"https:\/\/www.ummto.dz\/fsecsg\/?s={search_term_string}"},"query-input":{"@type":"PropertyValueSpecification","valueRequired":true,"valueName":"search_term_string"}}],"inLanguage":"fr-FR"}]}},"_links":{"self":[{"href":"https:\/\/www.ummto.dz\/fsecsg\/wp-json\/wp\/v2\/pages\/3838","targetHints":{"allow":["GET"]}}],"collection":[{"href":"https:\/\/www.ummto.dz\/fsecsg\/wp-json\/wp\/v2\/pages"}],"about":[{"href":"https:\/\/www.ummto.dz\/fsecsg\/wp-json\/wp\/v2\/types\/page"}],"author":[{"embeddable":true,"href":"https:\/\/www.ummto.dz\/fsecsg\/wp-json\/wp\/v2\/users\/1"}],"replies":[{"embeddable":true,"href":"https:\/\/www.ummto.dz\/fsecsg\/wp-json\/wp\/v2\/comments?post=3838"}],"version-history":[{"count":9,"href":"https:\/\/www.ummto.dz\/fsecsg\/wp-json\/wp\/v2\/pages\/3838\/revisions"}],"predecessor-version":[{"id":47608,"href":"https:\/\/www.ummto.dz\/fsecsg\/wp-json\/wp\/v2\/pages\/3838\/revisions\/47608"}],"wp:attachment":[{"href":"https:\/\/www.ummto.dz\/fsecsg\/wp-json\/wp\/v2\/media?parent=3838"}],"curies":[{"name":"wp","href":"https:\/\/api.w.org\/{rel}","templated":true}]}}