{"id":41353,"date":"2021-06-15T12:29:33","date_gmt":"2021-06-15T10:29:33","guid":{"rendered":"http:\/\/fsecsg.ummto.dz\/?page_id=41353"},"modified":"2021-11-18T16:45:56","modified_gmt":"2021-11-18T15:45:56","slug":"21-3","status":"publish","type":"page","link":"https:\/\/www.ummto.dz\/fsecsg\/21-3\/","title":{"rendered":"2*1"},"content":{"rendered":"<h5><strong><img decoding=\"async\" class=\"wp-image-45008 alignleft\" src=\"https:\/\/www.ummto.dz\/fsecsg\/wp-content\/uploads\/2021\/10\/telechargement-6.jpg\" alt=\"\" width=\"152\" height=\"71\" \/><\/strong><\/h5>\n<h5><strong>Examen de rattrapage <\/strong><strong>module Management strat\u00e9gique aux \u00e9tudiants de 3\u00e8me ann\u00e9e LMD Management pour le Dimanche 21\/11\/2021 \u00e0 13h00 \u00e0 la salle 10SG.<\/strong><\/h5>\n<p><span style=\"color: #000000\"><a style=\"color: #000000\" href=\"http:\/\/fsecsg.ummto.dz\/wp-content\/uploads\/2021\/10\/dettes-1ere-annee-2021.pdf\"><span style=\"font-size: 14pt;font-family: 'arial black', sans-serif\"><strong>Planning des examens de dettes 2\u00e8me session S1 et S2\u00a0 L1<\/strong><\/span><\/a><\/span><\/p>\n<p><span style=\"color: #000000\"><a style=\"color: #000000\" href=\"http:\/\/fsecsg.ummto.dz\/wp-content\/uploads\/2021\/10\/3eme-annee-management-rectifie.pdf\"><span style=\"font-size: 14pt\"><b>Planning des examens de rattrapage L3 S5 et S6 Management <span style=\"color: #ff0000\">(<\/span><\/b><\/span><span style=\"color: #ff0000\"><span style=\"font-size: 18.6667px\"><b>rectifi\u00e9<\/b><\/span><span style=\"font-size: 14pt\"><b>)<\/b><\/span><\/span><\/a><\/span><\/p>\n<p><span style=\"color: #000000\"><strong><span style=\"font-size: 14pt\"><a style=\"color: #000000\" href=\"http:\/\/fsecsg.ummto.dz\/wp-content\/uploads\/2021\/10\/Rattrapage-2021-GRH.pdf\">Planning des examens de rattrapage L3 S5 et S6 GRH<\/a><\/span><\/strong><\/span><\/p>\n<p><span style=\"color: #000000\"><strong><span style=\"font-size: 14pt\"><a style=\"color: #000000\" href=\"http:\/\/fsecsg.ummto.dz\/wp-content\/uploads\/2021\/10\/Rattrapage-2021-ENTRE.pdf\">Planning des examens de rattrapage L3 S5 et S6 Entrepreuneriat<\/a><\/span><\/strong><\/span><\/p>\n<p>&nbsp;<\/p>\n<p class=\"post-title entry-title\"><span style=\"color: #000000\"><span style=\"font-family: 'arial black', sans-serif\"><strong><span style=\"font-size: 14pt\"><b><img decoding=\"async\" class=\"wp-image-24431 alignleft\" src=\"http:\/\/fsecsg.ummto.dz\/wp-content\/uploads\/2020\/09\/telechargement-1-300x162.jpg\" alt=\"\" width=\"148\" height=\"80\" srcset=\"https:\/\/www.ummto.dz\/fsecsg\/wp-content\/uploads\/2020\/09\/telechargement-1-300x162.jpg 300w, https:\/\/www.ummto.dz\/fsecsg\/wp-content\/uploads\/2020\/09\/telechargement-1.jpg 306w\" sizes=\"(max-width: 148px) 100vw, 148px\" \/><\/b><\/span><\/strong><\/span><a style=\"color: #000000\" href=\"http:\/\/fsecsg.ummto.dz\/dettes-2eme-session-21\/\"><span style=\"font-family: 'arial black', sans-serif\"><strong><span style=\"font-size: 14pt\">Travaux de recherche <span style=\"color: #ff0000\">DETTES (2\u00e8me session)<\/span> <span style=\"color: #0000ff\">1\u00e8re Ann\u00e9e LMD<\/span> aux \u00e9tudiants concern\u00e9s de <span style=\"color: #0000ff\">2\u00e8me Ann\u00e9e LMD<\/span> et <span style=\"color: #0000ff\">3\u00e8me Ann\u00e9e LMD\u00a0<\/span><\/span><\/strong><\/span><\/a><\/span><\/p>\n<p><span style=\"font-size: 14pt;font-family: 'arial black', sans-serif;color: #000000\"><strong><span style=\"font-size: 14pt;font-family: 'arial black', sans-serif\"><u style=\"font-family: 'arial black', sans-serif;font-size: 14pt;font-weight: bold\"><span style=\"font-family: 'arial black', sans-serif;color: #000000\"><span style=\"font-size: 14pt\"><span style=\"font-family: 'arial black', sans-serif\"><span style=\"color: #000000\"><span id=\"m_-1538029583789220482yMail_cursorElementTracker_1625665123983\"><span style=\"color: #000000;font-family: 'arial black', sans-serif;font-size: 14pt;font-weight: bold\"><strong style=\"color: #000000;font-family: 'arial black', sans-serif;font-size: 14pt\"><span class=\"im\"><span dir=\"auto\"><img decoding=\"async\" class=\"size-full wp-image-33745 alignnone\" src=\"http:\/\/fsecsg.ummto.dz\/wp-content\/uploads\/2020\/12\/rubon5721.gif\" alt=\"\" width=\"63\" height=\"34\" \/><\/span><\/span><\/strong><\/span><\/span><\/span><\/span><\/span><\/span><\/u><\/span><\/strong><strong><span style=\"color: #ff0000\">Examen de remplacement<\/span> <span style=\"color: #0000ff\">EMD et TD<\/span> <span style=\"color: #ff0000\">Module \u00e9valuation des projets<\/span> aux \u00e9tudiants de <span style=\"color: #0000ff\">3\u00e8me ann\u00e9e LMD Entreprenariat<\/span> est fix\u00e9 pour le <span style=\"color: #ff0000\">Dimanche 10\/10\/2021<\/span> \u00e0 <span style=\"color: #ff0000\">08h30<\/span> \u00e0 la <span style=\"color: #008080\">salle 21 SC<\/span><\/strong><\/span><\/p>\n<p><span style=\"font-size: 14pt;font-family: 'arial black', sans-serif;color: #000000\"><span style=\"font-size: 14pt\"><span style=\"font-family: 'arial black', sans-serif\"><span style=\"font-size: 14pt;font-family: arial black, sans-serif\"><b><span style=\"color: #000000\"><span style=\"font-size: 14pt;font-family: 'arial black', sans-serif\"><strong><img decoding=\"async\" class=\"wp-image-24431 alignleft\" src=\"http:\/\/fsecsg.ummto.dz\/wp-content\/uploads\/2020\/09\/telechargement-1-300x162.jpg\" alt=\"\" width=\"148\" height=\"80\" srcset=\"https:\/\/www.ummto.dz\/fsecsg\/wp-content\/uploads\/2020\/09\/telechargement-1-300x162.jpg 300w, https:\/\/www.ummto.dz\/fsecsg\/wp-content\/uploads\/2020\/09\/telechargement-1.jpg 306w\" sizes=\"(max-width: 148px) 100vw, 148px\" \/><\/strong><\/span><\/span><\/b><\/span><\/span><\/span>Nous informons l\u2019ensemble des \u00e9tudiants de <span style=\"color: #0000ff\"><strong>3<sup>\u00e9me <\/sup>ann\u00e9e LMD<\/strong> <\/span>concern\u00e9s par<a href=\"https:\/\/teleensm.ummto.dz\/course\/view.php?id=2358\"> <span style=\"color: #ff0000\"><strong>l\u2019examen de dette<\/strong><\/span> <span style=\"color: #000000\">du<\/span> <span style=\"color: #0000ff\"><strong>module CDT<\/strong><\/span> <span style=\"color: #000000\">de <span style=\"color: #0000ff\">L2 <\/span><\/span><\/a>sont inform\u00e9s que la date limite du d\u00e9p\u00f4t des travaux de recherche est le <span style=\"color: #ff0000\"><strong>Jeudi 07\/10\/2021<\/strong><\/span>.(<\/span><span style=\"font-size: 14pt;font-family: 'arial black', sans-serif;color: #000000\">Pour les th\u00e9matiques voir le compte de <span style=\"color: #008000\"><strong>Mr OULARBI Djamel<\/strong> <\/span>sur <strong>E-Learning<\/strong> de facult\u00e9 FSECSG)<\/span>.<span style=\"font-size: 14pt;font-family: 'arial black', sans-serif\"><b style=\"font-family: 'arial black', sans-serif;font-size: 14pt\"><span style=\"color: #000000\">le lien :<a style=\"color: #000000\" href=\"https:\/\/teleensm.ummto.dz\/course\/view.php?id=2358\"> Module CDT (DETTES)<\/a><\/span><\/b><span style=\"color: #000000\"><b>\u00a0<\/b><a href=\"https:\/\/teleensm.ummto.dz\/course\/view.php?id=2358\"><span style=\"color: #0000ff;font-size: 18pt;font-family: 'times new roman', times, serif\"><img decoding=\"async\" class=\"alignnone size-full wp-image-3466\" src=\"http:\/\/fsecsg.ummto.dz\/wp-content\/uploads\/2018\/05\/9797.gif\" alt=\"\" width=\"94\" height=\"24\" \/><\/span><\/a><\/span><\/span><\/p>\n<p><strong><u><span style=\"font-family: 'arial black', sans-serif;color: #000000\"><span style=\"font-size: 14pt\"><img decoding=\"async\" class=\" wp-image-43459 alignleft\" src=\"http:\/\/fsecsg.ummto.dz\/wp-content\/uploads\/2021\/09\/examen-algemeen-320x320-1-150x104.jpg\" alt=\"\" width=\"138\" height=\"96\" \/><\/span><\/span><span style=\"font-size: 14pt;font-family: 'arial black', sans-serif;color: #000000\"><span style=\"color: #0000ff\">Avis aux \u00e9tudiants 3\u00e9me ann\u00e9e Management<\/span>:<\/span><\/u><\/strong><span style=\"font-size: 14pt;font-family: 'arial black', sans-serif;color: #000000\">Nous informons l\u2019ensemble des \u00e9tudiants que <span style=\"color: #ff0000\"><strong>l\u2019examen de remplacement<\/strong> <\/span>du <span style=\"color: #0000ff\"><strong>module Fiscalit\u00e9<\/strong><\/span> est programm\u00e9e le<span style=\"color: #ff0000\"> lundi <strong>04\/10\/2021<\/strong><\/span> \u00e0 <span style=\"color: #ff0000\"><strong>09h00<\/strong><\/span>, <span style=\"color: #008000\"><strong>Grande Salle Gestion<\/strong><\/span>.\u00a0\u00a0<\/span><\/p>\n<p>&nbsp;<\/p>\n<p><span style=\"color: #000000\"><span style=\"font-size: 14pt;font-family: 'arial black', sans-serif\"><strong><span style=\"font-family: 'arial black', sans-serif\"><span style=\"font-size: 14pt\"><b><img decoding=\"async\" class=\"wp-image-24431 alignleft\" src=\"http:\/\/fsecsg.ummto.dz\/wp-content\/uploads\/2020\/09\/telechargement-1-300x162.jpg\" alt=\"\" width=\"148\" height=\"80\" srcset=\"https:\/\/www.ummto.dz\/fsecsg\/wp-content\/uploads\/2020\/09\/telechargement-1-300x162.jpg 300w, https:\/\/www.ummto.dz\/fsecsg\/wp-content\/uploads\/2020\/09\/telechargement-1.jpg 306w\" sizes=\"(max-width: 148px) 100vw, 148px\" \/><\/b><\/span><\/span><\/strong><\/span><a style=\"color: #000000\" href=\"http:\/\/fsecsg.ummto.dz\/dettes-sg-l2\/\"><span style=\"font-size: 14pt;font-family: 'arial black', sans-serif\"><b> Travaux de recherche de <span style=\"color: #0000ff\">2\u00e8me ann\u00e9e LMD<\/span> aux \u00e9tudiants de <span style=\"color: #0000ff\">3\u00e8me ann\u00e9e LMD\u00a0 (Manage,GRH et Entre)<\/span> <\/b><span style=\"font-family: 'arial black', sans-serif\"><span style=\"font-size: 18.6667px\"><b>concern\u00e9s<\/b><\/span><\/span> p<b style=\"font-family: 'arial black', sans-serif;font-size: 14pt\">ar l&rsquo;examen de <\/b><span style=\"color: #ff0000\">dettes\u00a0 2\u00e8me ann\u00e9e<\/span><b style=\"font-family: 'arial black', sans-serif;font-size: 14pt\">\u00a0<\/b><\/span><\/a><\/span><\/p>\n<p>&nbsp;<\/p>\n<p class=\"post-title entry-title\"><span style=\"color: #000000\"><span style=\"font-family: 'arial black', sans-serif\"><strong><span style=\"font-size: 14pt\"><span style=\"font-size: 14pt;font-family: 'arial black', sans-serif;color: #000000\"><img decoding=\"async\" class=\" wp-image-40622 alignleft\" src=\"http:\/\/fsecsg.ummto.dz\/wp-content\/uploads\/2021\/06\/images-1-150x150.jpg\" alt=\"\" width=\"128\" height=\"128\" srcset=\"https:\/\/www.ummto.dz\/fsecsg\/wp-content\/uploads\/2021\/06\/images-1-150x150.jpg 150w, https:\/\/www.ummto.dz\/fsecsg\/wp-content\/uploads\/2021\/06\/images-1-80x80.jpg 80w, https:\/\/www.ummto.dz\/fsecsg\/wp-content\/uploads\/2021\/06\/images-1-45x45.jpg 45w\" sizes=\"(max-width: 128px) 100vw, 128px\" \/><\/span><\/span><\/strong><\/span><a style=\"color: #000000\" href=\"http:\/\/fsecsg.ummto.dz\/changement-des-lieux-dexamens-aux-etudiants-de-2eme-annee-et-3eme-annee-sg-et-3eme-annee-fc-et-fe\/\"><span style=\"font-family: 'arial black', sans-serif\"><strong><span style=\"font-size: 14pt\"><span style=\"color: #ff0000\">Changement des lieux d\u2019examens<\/span> aux \u00e9tudiants de 2\u00e8me ann\u00e9e et 3\u00e8me ann\u00e9e Management SG\u00a0<\/span><\/strong><\/span><\/a><\/span><\/p>\n<p>&nbsp;<\/p>\n<p>&nbsp;<\/p>\n<p><span style=\"color: #000000\"><span style=\"font-size: 14pt;font-family: 'arial black', sans-serif\"><strong><span style=\"font-family: 'arial black', sans-serif\"><span style=\"font-size: 14pt\"><b><img decoding=\"async\" class=\"wp-image-24431 alignleft\" src=\"http:\/\/fsecsg.ummto.dz\/wp-content\/uploads\/2020\/09\/telechargement-1-300x162.jpg\" alt=\"\" width=\"148\" height=\"80\" srcset=\"https:\/\/www.ummto.dz\/fsecsg\/wp-content\/uploads\/2020\/09\/telechargement-1-300x162.jpg 300w, https:\/\/www.ummto.dz\/fsecsg\/wp-content\/uploads\/2020\/09\/telechargement-1.jpg 306w\" sizes=\"(max-width: 148px) 100vw, 148px\" \/><\/b><\/span><\/span><\/strong><\/span><a style=\"color: #000000\" href=\"http:\/\/fsecsg.ummto.dz\/wp-content\/uploads\/2021\/09\/EXA-DETTE.pdf\"><span style=\"font-size: 14pt;font-family: 'arial black', sans-serif\"><strong>Nous informons les \u00e9tudiants <span style=\"color: #0000ff\">3\u00e9me ann\u00e9e Gestion et 3\u00e9me ann\u00e9e SFC (Toutes Sp\u00e9cialit\u00e9s confondues)<\/span> concern\u00e9s par les <span style=\"color: #ff0000\">examens de dettes des modules de l\u2019unit\u00e9 fondamentale<\/span>, sont pri\u00e9s de bien vouloir s\u2019examiner avec les 2\u00e9me ann\u00e9e.(<span style=\"color: #008000\">voir les plannings des examens de 2\u00e8me ann\u00e9e LMD SG et SFC<\/span>).<\/strong><\/span><\/a><\/span><\/p>\n<p class=\"post-title entry-title\"><span style=\"color: #000000\"><span style=\"font-family: 'arial black', sans-serif\"><strong><span style=\"font-size: 14pt\"><b><img decoding=\"async\" class=\"wp-image-24431 alignleft\" src=\"http:\/\/fsecsg.ummto.dz\/wp-content\/uploads\/2020\/09\/telechargement-1-300x162.jpg\" alt=\"\" width=\"148\" height=\"80\" srcset=\"https:\/\/www.ummto.dz\/fsecsg\/wp-content\/uploads\/2020\/09\/telechargement-1-300x162.jpg 300w, https:\/\/www.ummto.dz\/fsecsg\/wp-content\/uploads\/2020\/09\/telechargement-1.jpg 306w\" sizes=\"(max-width: 148px) 100vw, 148px\" \/><\/b><\/span><\/strong><\/span><a href=\"http:\/\/fsecsg.ummto.dz\/travaux-de-recherche-dettes-1ere-annee-lmd-aux-etudiants-concernes-de-2eme-annee-lmd-et-3eme-annee-lmd-la-date-de-depot-est-fixe-pour-le-mercredi-15-09-2021-aux-etudiants-de-sciences-commerciales-po\/\"><span style=\"font-family: 'arial black', sans-serif\"><strong><span style=\"font-size: 14pt\"><span style=\"color: #000000\">Travaux de recherche <span style=\"color: #ff0000\">DETTES 1\u00e8re Ann\u00e9e LMD<\/span> aux \u00e9tudiants concern\u00e9s de <span style=\"color: #0000ff\">2\u00e8me Ann\u00e9e LMD et 3\u00e8me Ann\u00e9e LMD<\/span> : La date de d\u00e9p\u00f4t est fix\u00e9 pour le <span style=\"color: #ff0000\">Jeudi 30\/09\/2021 <\/span>au niveau du d\u00e9partement.<\/span><\/span><\/strong><\/span><\/a><\/span><\/p>\n<p>&nbsp;<\/p>\n<ul>\n<li><span style=\"text-decoration: underline\"><span style=\"font-size: 14pt;font-family: 'arial black', sans-serif;color: #000000\"><strong>Nouveau planning des examens semestre 5 :<\/strong><\/span><\/span><\/li>\n<\/ul>\n<p><span style=\"font-size: 14pt;color: #008080\"><strong>Liste des \u00e9tudiants de 3\u00e8me ann\u00e9e LMD par lieu d&rsquo;examen:<\/strong><\/span><\/p>\n<ul>\n<li><span style=\"color: #000000\"><a style=\"color: #000000\" href=\"http:\/\/fsecsg.ummto.dz\/wp-content\/uploads\/2021\/09\/3-MANAGEMENT.pdf\"><span style=\"font-size: 14pt\"><strong>Management<\/strong><\/span><\/a><\/span><\/li>\n<li><span style=\"color: #000000\"><a style=\"color: #000000\" href=\"http:\/\/fsecsg.ummto.dz\/wp-content\/uploads\/2021\/09\/grh.pdf\"><span style=\"font-size: 14pt\"><strong>GRH<\/strong><\/span><\/a><\/span><\/li>\n<li><span style=\"color: #000000\"><a style=\"color: #000000\" href=\"http:\/\/fsecsg.ummto.dz\/wp-content\/uploads\/2021\/09\/ent.pdf\"><span style=\"font-size: 14pt\"><strong>Entrepreunariat<\/strong><\/span><\/a><\/span><\/li>\n<\/ul>\n<p><a href=\"http:\/\/fsecsg.ummto.dz\/wp-content\/uploads\/2021\/09\/Copie-de-3Mgent-sept-2021-S5.pdf\"><span style=\"font-family: 'arial black', sans-serif\"><strong><span style=\"color: #000000\"><span style=\"font-size: 14pt\">Planning des examens S5 Management<\/span><\/span><\/strong><\/span><\/a><\/p>\n<p><a href=\"http:\/\/fsecsg.ummto.dz\/wp-content\/uploads\/2021\/09\/Copie-de-3GRH-sept-2021-S5.pdf\"><span style=\"font-family: 'arial black', sans-serif\"><strong><span style=\"color: #000000\"><span style=\"font-size: 14pt\">Planning des examens S5 GRH<\/span><\/span><\/strong><\/span><\/a><\/p>\n<p><a href=\"http:\/\/fsecsg.ummto.dz\/wp-content\/uploads\/2021\/09\/Copie-de-3Entp-sept-2021-S5.pdf\"><span style=\"font-family: 'arial black', sans-serif\"><strong><span style=\"color: #000000\"><span style=\"font-size: 14pt\">Planning des examens S5 Entrepreunariat<\/span><\/span><\/strong><\/span><\/a><\/p>\n<p><a href=\"http:\/\/fsecsg.ummto.dz\/wp-content\/uploads\/2021\/09\/Copie-de-3Mgent-sept-2021-s6.pdf\"><span style=\"font-family: 'arial black', sans-serif\"><strong><span style=\"color: #000000\"><span style=\"font-size: 14pt\">Planning des examens S6 Management<\/span><\/span><\/strong><\/span><\/a><\/p>\n<p><a href=\"http:\/\/fsecsg.ummto.dz\/wp-content\/uploads\/2021\/09\/Copie-de-3GRH-sept-2021-s6.pdf\"><span style=\"font-family: 'arial black', sans-serif\"><strong><span style=\"color: #000000\"><span style=\"font-size: 14pt\">Planning des examens S6 GRH<\/span><\/span><\/strong><\/span><\/a><\/p>\n<p><span style=\"color: #000000\"><a style=\"color: #000000\" href=\"http:\/\/fsecsg.ummto.dz\/wp-content\/uploads\/2021\/09\/Copie-de-3Entp-sept-2021-s6.pdf\"><span style=\"font-family: 'arial black', sans-serif\"><strong><span style=\"font-size: 14pt\">Planning des examens S6 Entrepreunariat<\/span><\/strong><\/span><\/a><\/span><\/p>\n<p>&nbsp;<\/p>\n<div class=\"clear\"><\/div>\n","protected":false},"excerpt":{"rendered":"<p>Examen de rattrapage module Management strat\u00e9gique aux \u00e9tudiants de 3\u00e8me ann\u00e9e LMD Management pour le Dimanche 21\/11\/2021 \u00e0 13h00 \u00e0 la salle 10SG. Planning des examens de dettes 2\u00e8me session S1 et S2\u00a0 L1 Planning des examens de rattrapage L3 S5 et S6 Management (rectifi\u00e9) Planning des examens de rattrapage L3 S5 et S6 GRH [&hellip;]<\/p>\n","protected":false},"author":1,"featured_media":0,"parent":0,"menu_order":0,"comment_status":"closed","ping_status":"closed","template":"","meta":{"_et_pb_use_builder":"","_et_pb_old_content":"","_et_gb_content_width":"","footnotes":""},"class_list":["post-41353","page","type-page","status-publish","hentry"],"yoast_head":"<!-- This site is optimized with the Yoast SEO plugin v27.5 - https:\/\/yoast.com\/product\/yoast-seo-wordpress\/ -->\n<title>2*1 - Facult\u00e9 des Sciences Economiques, Commerciales et des Sciences de Gestion<\/title>\n<meta name=\"robots\" content=\"index, follow, max-snippet:-1, max-image-preview:large, max-video-preview:-1\" \/>\n<link rel=\"canonical\" href=\"https:\/\/www.ummto.dz\/fsecsg\/21-3\/\" \/>\n<meta property=\"og:locale\" content=\"fr_FR\" \/>\n<meta property=\"og:type\" content=\"article\" \/>\n<meta property=\"og:title\" content=\"2*1 - Facult\u00e9 des Sciences Economiques, Commerciales et des Sciences de Gestion\" \/>\n<meta property=\"og:description\" content=\"Examen de rattrapage module Management strat\u00e9gique aux \u00e9tudiants de 3\u00e8me ann\u00e9e LMD Management pour le Dimanche 21\/11\/2021 \u00e0 13h00 \u00e0 la salle 10SG. Planning des examens de dettes 2\u00e8me session S1 et S2\u00a0 L1 Planning des examens de rattrapage L3 S5 et S6 Management (rectifi\u00e9) Planning des examens de rattrapage L3 S5 et S6 GRH [&hellip;]\" \/>\n<meta property=\"og:url\" content=\"https:\/\/www.ummto.dz\/fsecsg\/21-3\/\" \/>\n<meta property=\"og:site_name\" content=\"Facult\u00e9 des Sciences Economiques, Commerciales et des Sciences de Gestion\" \/>\n<meta property=\"article:modified_time\" content=\"2021-11-18T15:45:56+00:00\" \/>\n<meta property=\"og:image\" content=\"https:\/\/www.ummto.dz\/fsecsg\/wp-content\/uploads\/2021\/10\/telechargement-6.jpg\" \/>\n<meta name=\"twitter:card\" content=\"summary_large_image\" \/>\n<meta name=\"twitter:label1\" content=\"Dur\u00e9e de lecture estim\u00e9e\" \/>\n\t<meta name=\"twitter:data1\" content=\"4 minutes\" \/>\n<script type=\"application\/ld+json\" class=\"yoast-schema-graph\">{\"@context\":\"https:\\\/\\\/schema.org\",\"@graph\":[{\"@type\":\"WebPage\",\"@id\":\"https:\\\/\\\/www.ummto.dz\\\/fsecsg\\\/21-3\\\/\",\"url\":\"https:\\\/\\\/www.ummto.dz\\\/fsecsg\\\/21-3\\\/\",\"name\":\"2*1 - Facult\u00e9 des Sciences Economiques, Commerciales et des Sciences de Gestion\",\"isPartOf\":{\"@id\":\"https:\\\/\\\/www.ummto.dz\\\/fsecsg\\\/#website\"},\"primaryImageOfPage\":{\"@id\":\"https:\\\/\\\/www.ummto.dz\\\/fsecsg\\\/21-3\\\/#primaryimage\"},\"image\":{\"@id\":\"https:\\\/\\\/www.ummto.dz\\\/fsecsg\\\/21-3\\\/#primaryimage\"},\"thumbnailUrl\":\"https:\\\/\\\/www.ummto.dz\\\/fsecsg\\\/wp-content\\\/uploads\\\/2021\\\/10\\\/telechargement-6.jpg\",\"datePublished\":\"2021-06-15T10:29:33+00:00\",\"dateModified\":\"2021-11-18T15:45:56+00:00\",\"breadcrumb\":{\"@id\":\"https:\\\/\\\/www.ummto.dz\\\/fsecsg\\\/21-3\\\/#breadcrumb\"},\"inLanguage\":\"fr-FR\",\"potentialAction\":[{\"@type\":\"ReadAction\",\"target\":[\"https:\\\/\\\/www.ummto.dz\\\/fsecsg\\\/21-3\\\/\"]}]},{\"@type\":\"ImageObject\",\"inLanguage\":\"fr-FR\",\"@id\":\"https:\\\/\\\/www.ummto.dz\\\/fsecsg\\\/21-3\\\/#primaryimage\",\"url\":\"https:\\\/\\\/www.ummto.dz\\\/fsecsg\\\/wp-content\\\/uploads\\\/2021\\\/10\\\/telechargement-6.jpg\",\"contentUrl\":\"https:\\\/\\\/www.ummto.dz\\\/fsecsg\\\/wp-content\\\/uploads\\\/2021\\\/10\\\/telechargement-6.jpg\",\"width\":300,\"height\":140},{\"@type\":\"BreadcrumbList\",\"@id\":\"https:\\\/\\\/www.ummto.dz\\\/fsecsg\\\/21-3\\\/#breadcrumb\",\"itemListElement\":[{\"@type\":\"ListItem\",\"position\":1,\"name\":\"Accueil\",\"item\":\"https:\\\/\\\/www.ummto.dz\\\/fsecsg\\\/\"},{\"@type\":\"ListItem\",\"position\":2,\"name\":\"2*1\"}]},{\"@type\":\"WebSite\",\"@id\":\"https:\\\/\\\/www.ummto.dz\\\/fsecsg\\\/#website\",\"url\":\"https:\\\/\\\/www.ummto.dz\\\/fsecsg\\\/\",\"name\":\"Facult\u00e9 des Sciences Economiques, Commerciales et des Sciences de Gestion\",\"description\":\"Universit\u00e9 Mouloud Mammeri de Tizi Ouzou\",\"potentialAction\":[{\"@type\":\"SearchAction\",\"target\":{\"@type\":\"EntryPoint\",\"urlTemplate\":\"https:\\\/\\\/www.ummto.dz\\\/fsecsg\\\/?s={search_term_string}\"},\"query-input\":{\"@type\":\"PropertyValueSpecification\",\"valueRequired\":true,\"valueName\":\"search_term_string\"}}],\"inLanguage\":\"fr-FR\"}]}<\/script>\n<!-- \/ Yoast SEO plugin. -->","yoast_head_json":{"title":"2*1 - Facult\u00e9 des Sciences Economiques, Commerciales et des Sciences de Gestion","robots":{"index":"index","follow":"follow","max-snippet":"max-snippet:-1","max-image-preview":"max-image-preview:large","max-video-preview":"max-video-preview:-1"},"canonical":"https:\/\/www.ummto.dz\/fsecsg\/21-3\/","og_locale":"fr_FR","og_type":"article","og_title":"2*1 - Facult\u00e9 des Sciences Economiques, Commerciales et des Sciences de Gestion","og_description":"Examen de rattrapage module Management strat\u00e9gique aux \u00e9tudiants de 3\u00e8me ann\u00e9e LMD Management pour le Dimanche 21\/11\/2021 \u00e0 13h00 \u00e0 la salle 10SG. Planning des examens de dettes 2\u00e8me session S1 et S2\u00a0 L1 Planning des examens de rattrapage L3 S5 et S6 Management (rectifi\u00e9) Planning des examens de rattrapage L3 S5 et S6 GRH [&hellip;]","og_url":"https:\/\/www.ummto.dz\/fsecsg\/21-3\/","og_site_name":"Facult\u00e9 des Sciences Economiques, Commerciales et des Sciences de Gestion","article_modified_time":"2021-11-18T15:45:56+00:00","og_image":[{"url":"https:\/\/www.ummto.dz\/fsecsg\/wp-content\/uploads\/2021\/10\/telechargement-6.jpg","type":"","width":"","height":""}],"twitter_card":"summary_large_image","twitter_misc":{"Dur\u00e9e de lecture estim\u00e9e":"4 minutes"},"schema":{"@context":"https:\/\/schema.org","@graph":[{"@type":"WebPage","@id":"https:\/\/www.ummto.dz\/fsecsg\/21-3\/","url":"https:\/\/www.ummto.dz\/fsecsg\/21-3\/","name":"2*1 - Facult\u00e9 des Sciences Economiques, Commerciales et des Sciences de Gestion","isPartOf":{"@id":"https:\/\/www.ummto.dz\/fsecsg\/#website"},"primaryImageOfPage":{"@id":"https:\/\/www.ummto.dz\/fsecsg\/21-3\/#primaryimage"},"image":{"@id":"https:\/\/www.ummto.dz\/fsecsg\/21-3\/#primaryimage"},"thumbnailUrl":"https:\/\/www.ummto.dz\/fsecsg\/wp-content\/uploads\/2021\/10\/telechargement-6.jpg","datePublished":"2021-06-15T10:29:33+00:00","dateModified":"2021-11-18T15:45:56+00:00","breadcrumb":{"@id":"https:\/\/www.ummto.dz\/fsecsg\/21-3\/#breadcrumb"},"inLanguage":"fr-FR","potentialAction":[{"@type":"ReadAction","target":["https:\/\/www.ummto.dz\/fsecsg\/21-3\/"]}]},{"@type":"ImageObject","inLanguage":"fr-FR","@id":"https:\/\/www.ummto.dz\/fsecsg\/21-3\/#primaryimage","url":"https:\/\/www.ummto.dz\/fsecsg\/wp-content\/uploads\/2021\/10\/telechargement-6.jpg","contentUrl":"https:\/\/www.ummto.dz\/fsecsg\/wp-content\/uploads\/2021\/10\/telechargement-6.jpg","width":300,"height":140},{"@type":"BreadcrumbList","@id":"https:\/\/www.ummto.dz\/fsecsg\/21-3\/#breadcrumb","itemListElement":[{"@type":"ListItem","position":1,"name":"Accueil","item":"https:\/\/www.ummto.dz\/fsecsg\/"},{"@type":"ListItem","position":2,"name":"2*1"}]},{"@type":"WebSite","@id":"https:\/\/www.ummto.dz\/fsecsg\/#website","url":"https:\/\/www.ummto.dz\/fsecsg\/","name":"Facult\u00e9 des Sciences Economiques, Commerciales et des Sciences de Gestion","description":"Universit\u00e9 Mouloud Mammeri de Tizi Ouzou","potentialAction":[{"@type":"SearchAction","target":{"@type":"EntryPoint","urlTemplate":"https:\/\/www.ummto.dz\/fsecsg\/?s={search_term_string}"},"query-input":{"@type":"PropertyValueSpecification","valueRequired":true,"valueName":"search_term_string"}}],"inLanguage":"fr-FR"}]}},"_links":{"self":[{"href":"https:\/\/www.ummto.dz\/fsecsg\/wp-json\/wp\/v2\/pages\/41353","targetHints":{"allow":["GET"]}}],"collection":[{"href":"https:\/\/www.ummto.dz\/fsecsg\/wp-json\/wp\/v2\/pages"}],"about":[{"href":"https:\/\/www.ummto.dz\/fsecsg\/wp-json\/wp\/v2\/types\/page"}],"author":[{"embeddable":true,"href":"https:\/\/www.ummto.dz\/fsecsg\/wp-json\/wp\/v2\/users\/1"}],"replies":[{"embeddable":true,"href":"https:\/\/www.ummto.dz\/fsecsg\/wp-json\/wp\/v2\/comments?post=41353"}],"version-history":[{"count":17,"href":"https:\/\/www.ummto.dz\/fsecsg\/wp-json\/wp\/v2\/pages\/41353\/revisions"}],"predecessor-version":[{"id":49355,"href":"https:\/\/www.ummto.dz\/fsecsg\/wp-json\/wp\/v2\/pages\/41353\/revisions\/49355"}],"wp:attachment":[{"href":"https:\/\/www.ummto.dz\/fsecsg\/wp-json\/wp\/v2\/media?parent=41353"}],"curies":[{"name":"wp","href":"https:\/\/api.w.org\/{rel}","templated":true}]}}