{"id":707,"date":"2018-03-25T14:56:26","date_gmt":"2018-03-25T12:56:26","guid":{"rendered":"http:\/\/fsecsg.ummto.dz\/?page_id=707"},"modified":"2023-02-16T11:53:55","modified_gmt":"2023-02-16T10:53:55","slug":"organigramme-faculte-en-chiffres","status":"publish","type":"page","link":"https:\/\/www.ummto.dz\/fsecsg\/organigramme-faculte-en-chiffres\/","title":{"rendered":"Organigramme \/ Facult\u00e9 en chiffres"},"content":{"rendered":"<p>[et_pb_section fb_built=\u00a0\u00bb1&Prime; _builder_version=\u00a0\u00bb4.19.5&Prime; _module_preset=\u00a0\u00bbdefault\u00a0\u00bb background_image=\u00a0\u00bbhttps:\/\/www.ummto.dz\/fsecsg\/wp-content\/uploads\/2023\/02\/admin.webp\u00a0\u00bb width=\u00a0\u00bb100%\u00a0\u00bb module_alignment=\u00a0\u00bbcenter\u00a0\u00bb min_height=\u00a0\u00bb400px\u00a0\u00bb custom_margin=\u00a0\u00bb||0px||false|false\u00a0\u00bb custom_padding=\u00a0\u00bb0px||0px||false|false\u00a0\u00bb top_divider_style=\u00a0\u00bbwave2&Prime; top_divider_color=\u00a0\u00bb#FFFFFF\u00a0\u00bb top_divider_arrangement=\u00a0\u00bbabove_content\u00a0\u00bb bottom_divider_style=\u00a0\u00bbwave2&Prime; bottom_divider_color=\u00a0\u00bb#FFFFFF\u00a0\u00bb bottom_divider_arrangement=\u00a0\u00bbabove_content\u00a0\u00bb global_colors_info=\u00a0\u00bb{}\u00a0\u00bb locked=\u00a0\u00bboff\u00a0\u00bb theme_builder_area=\u00a0\u00bbpost_content\u00a0\u00bb][et_pb_row _builder_version=\u00a0\u00bb4.16&Prime; _module_preset=\u00a0\u00bbdefault\u00a0\u00bb custom_margin=\u00a0\u00bb0px||||false|false\u00a0\u00bb custom_padding=\u00a0\u00bb200px||||false|false\u00a0\u00bb global_colors_info=\u00a0\u00bb{}\u00a0\u00bb theme_builder_area=\u00a0\u00bbpost_content\u00a0\u00bb][et_pb_column type=\u00a0\u00bb4_4&Prime; _builder_version=\u00a0\u00bb4.16&Prime; _module_preset=\u00a0\u00bbdefault\u00a0\u00bb global_colors_info=\u00a0\u00bb{}\u00a0\u00bb theme_builder_area=\u00a0\u00bbpost_content\u00a0\u00bb][\/et_pb_column][\/et_pb_row][\/et_pb_section][et_pb_section fb_built=\u00a0\u00bb1&Prime; admin_label=\u00a0\u00bbsection\u00a0\u00bb _builder_version=\u00a0\u00bb4.19.5&Prime; hover_enabled=\u00a0\u00bb0&Prime; global_colors_info=\u00a0\u00bb{}\u00a0\u00bb custom_margin=\u00a0\u00bb0px||||false|false\u00a0\u00bb custom_padding=\u00a0\u00bb0px||||false|false\u00a0\u00bb sticky_enabled=\u00a0\u00bb0&Prime;][et_pb_row admin_label=\u00a0\u00bbrow\u00a0\u00bb _builder_version=\u00a0\u00bb4.19.5&Prime; background_size=\u00a0\u00bbinitial\u00a0\u00bb background_position=\u00a0\u00bbtop_left\u00a0\u00bb background_repeat=\u00a0\u00bbrepeat\u00a0\u00bb hover_enabled=\u00a0\u00bb0&Prime; global_colors_info=\u00a0\u00bb{}\u00a0\u00bb custom_padding=\u00a0\u00bb0px||||false|false\u00a0\u00bb sticky_enabled=\u00a0\u00bb0&Prime;][et_pb_column type=\u00a0\u00bb4_4&Prime; _builder_version=\u00a0\u00bb4.16&Prime; custom_padding=\u00a0\u00bb|||\u00a0\u00bb global_colors_info=\u00a0\u00bb{}\u00a0\u00bb custom_padding__hover=\u00a0\u00bb|||\u00a0\u00bb][et_pb_text admin_label=\u00a0\u00bbText\u00a0\u00bb _builder_version=\u00a0\u00bb4.19.5&Prime; background_size=\u00a0\u00bbinitial\u00a0\u00bb background_position=\u00a0\u00bbtop_left\u00a0\u00bb background_repeat=\u00a0\u00bbrepeat\u00a0\u00bb custom_padding=\u00a0\u00bb0px|||||\u00a0\u00bb link_option_url=\u00a0\u00bbhttps:\/\/www.ummto.dz\/fsecsg\/?page_id=707&#038;et_fb=1&#038;PageSpeed=off\u00a0\u00bb hover_enabled=\u00a0\u00bb0&Prime; global_colors_info=\u00a0\u00bb{}\u00a0\u00bb sticky_enabled=\u00a0\u00bb0&Prime;]<\/p>\n<h4 style=\"text-align: center;\"><a href=\"https:\/\/www.ummto.dz\/fsecsg\/wp-content\/uploads\/2022\/03\/organigramme-faculte-1024x724-1.jpg\"><span style=\"color: #000080;\"><span style=\"text-decoration: underline;\"><strong><span style=\"color: #0000ff; text-decoration: underline;\">Organigramme de<\/span><\/strong><\/span><\/span><span style=\"text-decoration: underline; color: #0000ff;\"><strong>facult\u00e9<\/strong><\/span><\/a><\/h4>\n<p><img decoding=\"async\" src=\"https:\/\/www.ummto.dz\/fsecsg\/wp-content\/uploads\/2022\/03\/organigramme-faculte-1024x724-1.jpg\" \/><\/p>\n<p>&nbsp;<\/p>\n<p>&nbsp;<\/p>\n<p>&nbsp;<\/p>\n<p style=\"text-align: center;\">[\/et_pb_text][\/et_pb_column][\/et_pb_row][\/et_pb_section]<\/p>\n","protected":false},"excerpt":{"rendered":"<p>Organigramme defacult\u00e9 &nbsp; &nbsp; &nbsp;<\/p>\n","protected":false},"author":1,"featured_media":0,"parent":0,"menu_order":0,"comment_status":"closed","ping_status":"closed","template":"","meta":{"_et_pb_use_builder":"on","_et_pb_old_content":"<h4 style=\"text-align: center\"><a href=\"https:\/\/www.ummto.dz\/fsecsg\/wp-content\/uploads\/2020\/03\/organigramme-facult\u00e9-1024x724-1.jpg\"><span style=\"color: #000080\"><span style=\"text-decoration: underline\"><strong><span style=\"color: #0000ff;text-decoration: underline\">Organigramme de<\/span><span style=\"color: #0000ff;text-decoration: underline\">\u00a0<\/span><\/strong><\/span><\/span><span style=\"text-decoration: underline;color: #0000ff\"><strong>facult\u00e9<\/strong><\/span><\/a><\/h4>\r\n&nbsp;\r\n\r\n<img class=\" wp-image-20552 aligncenter\" src=\"http:\/\/fsecsg.ummto.dz\/wp-content\/uploads\/2020\/02\/organigramme-facult\u00e9-1024x724-1-300x212.jpg\" alt=\"\" width=\"851\" height=\"602\" \/>\r\n\r\n&nbsp;\r\n\r\n&nbsp;\r\n\r\n&nbsp;\r\n<p style=\"text-align: center\"><strong>-----------------------------------------------------------------------------------------------------------<\/strong><\/p>\r\n<span style=\"color: #000080\"><strong><span style=\"text-decoration: underline\"><img class=\"wp-image-1488 alignleft\" src=\"http:\/\/fsecsg.ummto.dz\/wp-content\/uploads\/2018\/04\/1-150x150-1.jpg\" alt=\"\" width=\"86\" height=\"86\" \/><span style=\"color: #0000ff;text-decoration: underline\">Synth\u00e8se\u00a0d'informations<\/span><\/span><span style=\"color: #0000ff\">\u00a0<\/span> :\u00a0 \u00a0 \u00a0 \u00a0 \u00a0 \u00a0 \u00a0 \u00a0 \u00a0 \u00a0 \u00a0 \u00a0 \u00a0 \u00a0 \u00a0 \u00a0 \u00a0 \u00a0 \u00a0 \u00a0 \u00a0 \u00a0 \u00a0 \u00a0 \u00a0 \u00a0 \u00a0 \u00a0 \u00a0 \u00a0 \u00a0 \u00a0 \u00a0 \u00a0 \u00a0 \u00a0 \u00a0 \u00a0<\/strong><\/span>\r\n<ul>\r\n \t<li><span style=\"color: #000000\"><strong><span style=\"color: #000000\"><a style=\"color: #000000\" href=\"https:\/\/www.ummto.dz\/fsecsg\/wp-content\/uploads\/2018\/04\/Synth\u00e8se-dinformations-2018.docx\">Ann\u00e9e 2017\/2018<\/a><\/span><\/strong><strong> \u00a0 \u00a0 <\/strong><\/span><\/li>\r\n<\/ul>\r\n&nbsp;\r\n\r\n&nbsp;\r\n<p style=\"text-align: center\">-<strong>----------------------------------------------------------------------------------------------------------<\/strong><\/p>","_et_gb_content_width":"","footnotes":""},"class_list":["post-707","page","type-page","status-publish","hentry"],"yoast_head":"<!-- This site is optimized with the Yoast SEO plugin v27.3 - https:\/\/yoast.com\/product\/yoast-seo-wordpress\/ -->\n<title>Organigramme \/ Facult\u00e9 en chiffres - Facult\u00e9 des Sciences Economiques, Commerciales et des Sciences de Gestion<\/title>\n<meta name=\"robots\" content=\"index, follow, max-snippet:-1, max-image-preview:large, max-video-preview:-1\" \/>\n<link rel=\"canonical\" href=\"https:\/\/www.ummto.dz\/fsecsg\/organigramme-faculte-en-chiffres\/\" \/>\n<meta property=\"og:locale\" content=\"fr_FR\" \/>\n<meta property=\"og:type\" content=\"article\" \/>\n<meta property=\"og:title\" content=\"Organigramme \/ Facult\u00e9 en chiffres - Facult\u00e9 des Sciences Economiques, Commerciales et des Sciences de Gestion\" \/>\n<meta property=\"og:description\" content=\"Organigramme defacult\u00e9 &nbsp; &nbsp; &nbsp;\" \/>\n<meta property=\"og:url\" content=\"https:\/\/www.ummto.dz\/fsecsg\/organigramme-faculte-en-chiffres\/\" \/>\n<meta property=\"og:site_name\" content=\"Facult\u00e9 des Sciences Economiques, Commerciales et des Sciences de Gestion\" \/>\n<meta property=\"article:modified_time\" content=\"2023-02-16T10:53:55+00:00\" \/>\n<meta property=\"og:image\" content=\"https:\/\/www.ummto.dz\/fsecsg\/wp-content\/uploads\/2022\/03\/organigramme-faculte-1024x724-1.jpg\" \/>\n<meta name=\"twitter:card\" content=\"summary_large_image\" \/>\n<meta name=\"twitter:label1\" content=\"Dur\u00e9e de lecture estim\u00e9e\" \/>\n\t<meta name=\"twitter:data1\" content=\"1 minute\" \/>\n<script type=\"application\/ld+json\" class=\"yoast-schema-graph\">{\"@context\":\"https:\\\/\\\/schema.org\",\"@graph\":[{\"@type\":\"WebPage\",\"@id\":\"https:\\\/\\\/www.ummto.dz\\\/fsecsg\\\/organigramme-faculte-en-chiffres\\\/\",\"url\":\"https:\\\/\\\/www.ummto.dz\\\/fsecsg\\\/organigramme-faculte-en-chiffres\\\/\",\"name\":\"Organigramme \\\/ Facult\u00e9 en chiffres - Facult\u00e9 des Sciences Economiques, Commerciales et des Sciences de Gestion\",\"isPartOf\":{\"@id\":\"https:\\\/\\\/www.ummto.dz\\\/fsecsg\\\/#website\"},\"primaryImageOfPage\":{\"@id\":\"https:\\\/\\\/www.ummto.dz\\\/fsecsg\\\/organigramme-faculte-en-chiffres\\\/#primaryimage\"},\"image\":{\"@id\":\"https:\\\/\\\/www.ummto.dz\\\/fsecsg\\\/organigramme-faculte-en-chiffres\\\/#primaryimage\"},\"thumbnailUrl\":\"https:\\\/\\\/www.ummto.dz\\\/fsecsg\\\/wp-content\\\/uploads\\\/2022\\\/03\\\/organigramme-faculte-1024x724-1.jpg\",\"datePublished\":\"2018-03-25T12:56:26+00:00\",\"dateModified\":\"2023-02-16T10:53:55+00:00\",\"breadcrumb\":{\"@id\":\"https:\\\/\\\/www.ummto.dz\\\/fsecsg\\\/organigramme-faculte-en-chiffres\\\/#breadcrumb\"},\"inLanguage\":\"fr-FR\",\"potentialAction\":[{\"@type\":\"ReadAction\",\"target\":[\"https:\\\/\\\/www.ummto.dz\\\/fsecsg\\\/organigramme-faculte-en-chiffres\\\/\"]}]},{\"@type\":\"ImageObject\",\"inLanguage\":\"fr-FR\",\"@id\":\"https:\\\/\\\/www.ummto.dz\\\/fsecsg\\\/organigramme-faculte-en-chiffres\\\/#primaryimage\",\"url\":\"https:\\\/\\\/www.ummto.dz\\\/fsecsg\\\/wp-content\\\/uploads\\\/2022\\\/03\\\/organigramme-faculte-1024x724-1.jpg\",\"contentUrl\":\"https:\\\/\\\/www.ummto.dz\\\/fsecsg\\\/wp-content\\\/uploads\\\/2022\\\/03\\\/organigramme-faculte-1024x724-1.jpg\",\"width\":1024,\"height\":724},{\"@type\":\"BreadcrumbList\",\"@id\":\"https:\\\/\\\/www.ummto.dz\\\/fsecsg\\\/organigramme-faculte-en-chiffres\\\/#breadcrumb\",\"itemListElement\":[{\"@type\":\"ListItem\",\"position\":1,\"name\":\"Accueil\",\"item\":\"https:\\\/\\\/www.ummto.dz\\\/fsecsg\\\/\"},{\"@type\":\"ListItem\",\"position\":2,\"name\":\"Organigramme \\\/ Facult\u00e9 en chiffres\"}]},{\"@type\":\"WebSite\",\"@id\":\"https:\\\/\\\/www.ummto.dz\\\/fsecsg\\\/#website\",\"url\":\"https:\\\/\\\/www.ummto.dz\\\/fsecsg\\\/\",\"name\":\"Facult\u00e9 des Sciences Economiques, Commerciales et des Sciences de Gestion\",\"description\":\"Universit\u00e9 Mouloud Mammeri de Tizi Ouzou\",\"potentialAction\":[{\"@type\":\"SearchAction\",\"target\":{\"@type\":\"EntryPoint\",\"urlTemplate\":\"https:\\\/\\\/www.ummto.dz\\\/fsecsg\\\/?s={search_term_string}\"},\"query-input\":{\"@type\":\"PropertyValueSpecification\",\"valueRequired\":true,\"valueName\":\"search_term_string\"}}],\"inLanguage\":\"fr-FR\"}]}<\/script>\n<!-- \/ Yoast SEO plugin. -->","yoast_head_json":{"title":"Organigramme \/ Facult\u00e9 en chiffres - Facult\u00e9 des Sciences Economiques, Commerciales et des Sciences de Gestion","robots":{"index":"index","follow":"follow","max-snippet":"max-snippet:-1","max-image-preview":"max-image-preview:large","max-video-preview":"max-video-preview:-1"},"canonical":"https:\/\/www.ummto.dz\/fsecsg\/organigramme-faculte-en-chiffres\/","og_locale":"fr_FR","og_type":"article","og_title":"Organigramme \/ Facult\u00e9 en chiffres - Facult\u00e9 des Sciences Economiques, Commerciales et des Sciences de Gestion","og_description":"Organigramme defacult\u00e9 &nbsp; &nbsp; &nbsp;","og_url":"https:\/\/www.ummto.dz\/fsecsg\/organigramme-faculte-en-chiffres\/","og_site_name":"Facult\u00e9 des Sciences Economiques, Commerciales et des Sciences de Gestion","article_modified_time":"2023-02-16T10:53:55+00:00","og_image":[{"url":"https:\/\/www.ummto.dz\/fsecsg\/wp-content\/uploads\/2022\/03\/organigramme-faculte-1024x724-1.jpg","type":"","width":"","height":""}],"twitter_card":"summary_large_image","twitter_misc":{"Dur\u00e9e de lecture estim\u00e9e":"1 minute"},"schema":{"@context":"https:\/\/schema.org","@graph":[{"@type":"WebPage","@id":"https:\/\/www.ummto.dz\/fsecsg\/organigramme-faculte-en-chiffres\/","url":"https:\/\/www.ummto.dz\/fsecsg\/organigramme-faculte-en-chiffres\/","name":"Organigramme \/ Facult\u00e9 en chiffres - Facult\u00e9 des Sciences Economiques, Commerciales et des Sciences de Gestion","isPartOf":{"@id":"https:\/\/www.ummto.dz\/fsecsg\/#website"},"primaryImageOfPage":{"@id":"https:\/\/www.ummto.dz\/fsecsg\/organigramme-faculte-en-chiffres\/#primaryimage"},"image":{"@id":"https:\/\/www.ummto.dz\/fsecsg\/organigramme-faculte-en-chiffres\/#primaryimage"},"thumbnailUrl":"https:\/\/www.ummto.dz\/fsecsg\/wp-content\/uploads\/2022\/03\/organigramme-faculte-1024x724-1.jpg","datePublished":"2018-03-25T12:56:26+00:00","dateModified":"2023-02-16T10:53:55+00:00","breadcrumb":{"@id":"https:\/\/www.ummto.dz\/fsecsg\/organigramme-faculte-en-chiffres\/#breadcrumb"},"inLanguage":"fr-FR","potentialAction":[{"@type":"ReadAction","target":["https:\/\/www.ummto.dz\/fsecsg\/organigramme-faculte-en-chiffres\/"]}]},{"@type":"ImageObject","inLanguage":"fr-FR","@id":"https:\/\/www.ummto.dz\/fsecsg\/organigramme-faculte-en-chiffres\/#primaryimage","url":"https:\/\/www.ummto.dz\/fsecsg\/wp-content\/uploads\/2022\/03\/organigramme-faculte-1024x724-1.jpg","contentUrl":"https:\/\/www.ummto.dz\/fsecsg\/wp-content\/uploads\/2022\/03\/organigramme-faculte-1024x724-1.jpg","width":1024,"height":724},{"@type":"BreadcrumbList","@id":"https:\/\/www.ummto.dz\/fsecsg\/organigramme-faculte-en-chiffres\/#breadcrumb","itemListElement":[{"@type":"ListItem","position":1,"name":"Accueil","item":"https:\/\/www.ummto.dz\/fsecsg\/"},{"@type":"ListItem","position":2,"name":"Organigramme \/ Facult\u00e9 en chiffres"}]},{"@type":"WebSite","@id":"https:\/\/www.ummto.dz\/fsecsg\/#website","url":"https:\/\/www.ummto.dz\/fsecsg\/","name":"Facult\u00e9 des Sciences Economiques, Commerciales et des Sciences de Gestion","description":"Universit\u00e9 Mouloud Mammeri de Tizi Ouzou","potentialAction":[{"@type":"SearchAction","target":{"@type":"EntryPoint","urlTemplate":"https:\/\/www.ummto.dz\/fsecsg\/?s={search_term_string}"},"query-input":{"@type":"PropertyValueSpecification","valueRequired":true,"valueName":"search_term_string"}}],"inLanguage":"fr-FR"}]}},"_links":{"self":[{"href":"https:\/\/www.ummto.dz\/fsecsg\/wp-json\/wp\/v2\/pages\/707","targetHints":{"allow":["GET"]}}],"collection":[{"href":"https:\/\/www.ummto.dz\/fsecsg\/wp-json\/wp\/v2\/pages"}],"about":[{"href":"https:\/\/www.ummto.dz\/fsecsg\/wp-json\/wp\/v2\/types\/page"}],"author":[{"embeddable":true,"href":"https:\/\/www.ummto.dz\/fsecsg\/wp-json\/wp\/v2\/users\/1"}],"replies":[{"embeddable":true,"href":"https:\/\/www.ummto.dz\/fsecsg\/wp-json\/wp\/v2\/comments?post=707"}],"version-history":[{"count":51,"href":"https:\/\/www.ummto.dz\/fsecsg\/wp-json\/wp\/v2\/pages\/707\/revisions"}],"predecessor-version":[{"id":71297,"href":"https:\/\/www.ummto.dz\/fsecsg\/wp-json\/wp\/v2\/pages\/707\/revisions\/71297"}],"wp:attachment":[{"href":"https:\/\/www.ummto.dz\/fsecsg\/wp-json\/wp\/v2\/media?parent=707"}],"curies":[{"name":"wp","href":"https:\/\/api.w.org\/{rel}","templated":true}]}}