{"id":7540,"date":"2018-09-26T14:46:19","date_gmt":"2018-09-26T12:46:19","guid":{"rendered":"http:\/\/fsecsg.ummto.dz\/?page_id=7540"},"modified":"2020-01-12T13:03:43","modified_gmt":"2020-01-12T12:03:43","slug":"inscription-2","status":"publish","type":"page","link":"https:\/\/www.ummto.dz\/fsecsg\/inscription-2\/","title":{"rendered":"Inscription"},"content":{"rendered":"<div class=\"entry themeform\">\n<div class=\"entry-inner\">\n<ul>\n<li><strong>Dossiers \u00e0 fournir:<\/strong><\/li>\n<\/ul>\n<p><strong>1- Transfert (interne et externe):<\/strong><\/p>\n<ul>\n<li><a href=\"http:\/\/fsecsg.ummto.dz\/wp-content\/uploads\/2018\/09\/01_Declaration_bacs_obtenus_et_etudes.pdf\"><strong>01_D\u00e9claration_bacs_obtenus_et_<\/strong><\/a><strong><u>\u00e9tudes (1 )\u00a0 \u00a0\u00a0<em>\u00e0 t\u00e9l\u00e9charger<\/em><\/u><\/strong><\/li>\n<li><strong><a href=\"http:\/\/fsecsg.ummto.dz\/wp-content\/uploads\/2018\/09\/06_Fiche_de_transfert_Standart.pdf\">06_Fiche_de_transfert_<\/a><u>Standard (03 )\u00a0 \u00a0<em>\u00e0 t\u00e9l\u00e9charger<\/em><\/u><\/strong><\/li>\n<li><strong><a href=\"http:\/\/fsecsg.ummto.dz\/wp-content\/uploads\/2018\/09\/10_Transfert_Ancien_inscrit.pdf\">10_Demande\u00a0d\u2019inscription (1 )\u00a0 \u00a0 \u00a0<em>\u00e0 t\u00e9l\u00e9charger<\/em><\/a><\/strong><\/li>\n<li><strong>Copie du relev\u00e9 de notes du bac<\/strong><\/li>\n<li><strong>Attestation de non sanction disciplinaire<\/strong><\/li>\n<li><strong>Copie du dernier certificat de scolarit\u00e9 et des relev\u00e9s de notes des \u00e9tudes universitaires<\/strong><\/li>\n<li><strong>R\u00e9sidence (hors wilaya)<\/strong><\/li>\n<\/ul>\n<p><strong>2-<\/strong>\u00a0<strong>R\u00e9orientation:<\/strong><\/p>\n<ul>\n<li><strong><a href=\"http:\/\/fsecsg.ummto.dz\/wp-content\/uploads\/2018\/09\/01_Declaration_bacs_obtenus_et_etudes.pdf\">01_D\u00e9claration_bacs_obtenus_et_<\/a><u>\u00e9tudes\u00a0 \u00a0\u00a0<em>\u00e0 t\u00e9l\u00e9charger<\/em><\/u><\/strong><\/li>\n<li><strong><a href=\"http:\/\/fsecsg.ummto.dz\/wp-content\/uploads\/2018\/09\/08_Demande_de_reprise_des_etudes-1.pdf\">11 Demande_de_r\u00e9orientation-2\u00a0 \u00a0 \u00a0<em>\u00e0 t\u00e9l\u00e9charger\u00a0<\/em><\/a><\/strong><\/li>\n<li><strong>Copie du relev\u00e9 de notes du bac<\/strong><\/li>\n<li><strong>Attestation de non sanction disciplinaire<\/strong><\/li>\n<li><strong>Copie du dernier certificat de scolarit\u00e9 et des relev\u00e9s de notes des \u00e9tudes universitaires<\/strong><\/li>\n<li><strong>R\u00e9sidence (hors wilaya)<\/strong><\/li>\n<\/ul>\n<p><strong>3-\u00a0Reprise des \u00e9tudes:<\/strong><\/p>\n<ul>\n<li><strong><a href=\"http:\/\/fsecsg.ummto.dz\/wp-content\/uploads\/2018\/09\/01_Declaration_bacs_obtenus_et_etudes.pdf\">01_D\u00e9claration_bacs_obtenus_et_<\/a><u>\u00e9tudes\u00a0\u00a0<em>\u00e0 t\u00e9l\u00e9charger\u00a0<\/em><\/u><\/strong><\/li>\n<li><strong><a href=\"http:\/\/fsecsg.ummto.dz\/wp-content\/uploads\/2018\/09\/08_Demande_de_reprise_des_etudes.pdf\">08_Demande_de_reprise_des_<\/a><u>\u00e9tudes\u00a0 \u00a0<em>\u00e0 t\u00e9l\u00e9charger\u00a0<\/em><\/u><\/strong><\/li>\n<li><strong>Copie\u00a0du relev\u00e9 de notes du bac<\/strong><\/li>\n<li><strong>Copie du dernier certificat de scolarit\u00e9 et des relev\u00e9s de notes des \u00e9tudes universitaires.<\/strong><\/li>\n<\/ul>\n<p><strong>4-\u00a0Seconde dipl\u00f4me:<\/strong><\/p>\n<ul>\n<li><strong><a href=\"http:\/\/fsecsg.ummto.dz\/wp-content\/uploads\/2018\/09\/01_Declaration_bacs_obtenus_et_etudes.pdf\">01_D\u00e9claration_bacs_obtenus_et_<\/a><u>\u00e9tudes\u00a0 \u00a0\u00a0<em>\u00e0 t\u00e9l\u00e9charger<\/em><\/u><\/strong><\/li>\n<li><strong><a href=\"http:\/\/fsecsg.ummto.dz\/wp-content\/uploads\/2018\/09\/12_Demande_d_inscription_a_un_second_diplome.pdf\">12_Demande_d inscription_a_un_second_<\/a><\/strong><strong><u>dipl\u00f4m<\/u><\/strong><b><u>e\u00a0 \u00a0\u00a0<\/u><\/b><strong><u><em>\u00e0 t\u00e9l\u00e9charger<\/em><\/u><\/strong><\/li>\n<li><strong>Dipl\u00f4me\u00a0<\/strong><\/li>\n<li><strong>R\u00e9sidence (hors wilaya)<\/strong><\/li>\n<\/ul>\n<p><strong>5-\u00a0<\/strong><strong>DEUA:<\/strong><\/p>\n<ul>\n<li><strong><a href=\"http:\/\/fsecsg.ummto.dz\/wp-content\/uploads\/2018\/09\/01_Declaration_bacs_obtenus_et_etudes.pdf\">01_D\u00e9claration_bacs_obtenus_et_<\/a><u>\u00e9tudes\u00a0 \u00a0 \u00a0\u00a0<\/u><u><em>\u00e0\u00a0<\/em><\/u><\/strong><strong><i><u>t\u00e9l\u00e9charger<\/u><\/i><\/strong><\/li>\n<li><strong><a href=\"http:\/\/fsecsg.ummto.dz\/wp-content\/uploads\/2018\/09\/18_Demande_d_inscription_Diplome_DEUA.pdf\">18_Demande_d_inscription_Dipl\u00f4me_DEUA\u00a0 \u00a0\u00a0<\/a><a href=\"http:\/\/fsecsg.ummto.dz\/wp-content\/uploads\/2018\/09\/18_Demande_d_inscription_Diplome_DEUA.pdf\"><em>\u00e0 t\u00e9l\u00e9charger\u00a0<\/em><\/a><\/strong><\/li>\n<li><strong>Relev\u00e9s de notes des \u00e9tudes universitaires<\/strong><\/li>\n<li><strong>Dipl\u00f4me\u00a0<\/strong><\/li>\n<li><strong>R\u00e9sidence (hors wilaya)<\/strong><\/li>\n<\/ul>\n<\/div>\n<\/div>\n<p>&nbsp;<\/p>\n<p>&nbsp;<\/p>\n<div class=\"clear\"><\/div>\n<div class=\"entry themeform share\">\n<div class=\"entry-inner\">\n<div class=\"pdfemb-viewer\">\n<div class=\"pdfemb-errormsg\"><\/div>\n<\/div>\n<\/div>\n<\/div>\n","protected":false},"excerpt":{"rendered":"<p>Dossiers \u00e0 fournir: 1- Transfert (interne et externe): 01_D\u00e9claration_bacs_obtenus_et_\u00e9tudes (1 )\u00a0 \u00a0\u00a0\u00e0 t\u00e9l\u00e9charger 06_Fiche_de_transfert_Standard (03 )\u00a0 \u00a0\u00e0 t\u00e9l\u00e9charger 10_Demande\u00a0d\u2019inscription (1 )\u00a0 \u00a0 \u00a0\u00e0 t\u00e9l\u00e9charger Copie du relev\u00e9 de notes du bac Attestation de non sanction disciplinaire Copie du dernier certificat de scolarit\u00e9 et des relev\u00e9s de notes des \u00e9tudes universitaires R\u00e9sidence (hors wilaya) 2-\u00a0R\u00e9orientation: 01_D\u00e9claration_bacs_obtenus_et_\u00e9tudes\u00a0 [&hellip;]<\/p>\n","protected":false},"author":1,"featured_media":0,"parent":0,"menu_order":0,"comment_status":"closed","ping_status":"closed","template":"","meta":{"_et_pb_use_builder":"","_et_pb_old_content":"","_et_gb_content_width":"","footnotes":""},"class_list":["post-7540","page","type-page","status-publish","hentry"],"yoast_head":"<!-- This site is optimized with the Yoast SEO plugin v27.3 - https:\/\/yoast.com\/product\/yoast-seo-wordpress\/ -->\n<title>Inscription - Facult\u00e9 des Sciences Economiques, Commerciales et des Sciences de Gestion<\/title>\n<meta name=\"robots\" content=\"index, follow, max-snippet:-1, max-image-preview:large, max-video-preview:-1\" \/>\n<link rel=\"canonical\" href=\"https:\/\/www.ummto.dz\/fsecsg\/inscription-2\/\" \/>\n<meta property=\"og:locale\" content=\"fr_FR\" \/>\n<meta property=\"og:type\" content=\"article\" \/>\n<meta property=\"og:title\" content=\"Inscription - Facult\u00e9 des Sciences Economiques, Commerciales et des Sciences de Gestion\" \/>\n<meta property=\"og:description\" content=\"Dossiers \u00e0 fournir: 1- Transfert (interne et externe): 01_D\u00e9claration_bacs_obtenus_et_\u00e9tudes (1 )\u00a0 \u00a0\u00a0\u00e0 t\u00e9l\u00e9charger 06_Fiche_de_transfert_Standard (03 )\u00a0 \u00a0\u00e0 t\u00e9l\u00e9charger 10_Demande\u00a0d\u2019inscription (1 )\u00a0 \u00a0 \u00a0\u00e0 t\u00e9l\u00e9charger Copie du relev\u00e9 de notes du bac Attestation de non sanction disciplinaire Copie du dernier certificat de scolarit\u00e9 et des relev\u00e9s de notes des \u00e9tudes universitaires R\u00e9sidence (hors wilaya) 2-\u00a0R\u00e9orientation: 01_D\u00e9claration_bacs_obtenus_et_\u00e9tudes\u00a0 [&hellip;]\" \/>\n<meta property=\"og:url\" content=\"https:\/\/www.ummto.dz\/fsecsg\/inscription-2\/\" \/>\n<meta property=\"og:site_name\" content=\"Facult\u00e9 des Sciences Economiques, Commerciales et des Sciences de Gestion\" \/>\n<meta property=\"article:modified_time\" content=\"2020-01-12T12:03:43+00:00\" \/>\n<meta name=\"twitter:card\" content=\"summary_large_image\" \/>\n<meta name=\"twitter:label1\" content=\"Dur\u00e9e de lecture estim\u00e9e\" \/>\n\t<meta name=\"twitter:data1\" content=\"1 minute\" \/>\n<script type=\"application\/ld+json\" class=\"yoast-schema-graph\">{\"@context\":\"https:\\\/\\\/schema.org\",\"@graph\":[{\"@type\":\"WebPage\",\"@id\":\"https:\\\/\\\/www.ummto.dz\\\/fsecsg\\\/inscription-2\\\/\",\"url\":\"https:\\\/\\\/www.ummto.dz\\\/fsecsg\\\/inscription-2\\\/\",\"name\":\"Inscription - Facult\u00e9 des Sciences Economiques, Commerciales et des Sciences de Gestion\",\"isPartOf\":{\"@id\":\"https:\\\/\\\/www.ummto.dz\\\/fsecsg\\\/#website\"},\"datePublished\":\"2018-09-26T12:46:19+00:00\",\"dateModified\":\"2020-01-12T12:03:43+00:00\",\"breadcrumb\":{\"@id\":\"https:\\\/\\\/www.ummto.dz\\\/fsecsg\\\/inscription-2\\\/#breadcrumb\"},\"inLanguage\":\"fr-FR\",\"potentialAction\":[{\"@type\":\"ReadAction\",\"target\":[\"https:\\\/\\\/www.ummto.dz\\\/fsecsg\\\/inscription-2\\\/\"]}]},{\"@type\":\"BreadcrumbList\",\"@id\":\"https:\\\/\\\/www.ummto.dz\\\/fsecsg\\\/inscription-2\\\/#breadcrumb\",\"itemListElement\":[{\"@type\":\"ListItem\",\"position\":1,\"name\":\"Accueil\",\"item\":\"https:\\\/\\\/www.ummto.dz\\\/fsecsg\\\/\"},{\"@type\":\"ListItem\",\"position\":2,\"name\":\"Inscription\"}]},{\"@type\":\"WebSite\",\"@id\":\"https:\\\/\\\/www.ummto.dz\\\/fsecsg\\\/#website\",\"url\":\"https:\\\/\\\/www.ummto.dz\\\/fsecsg\\\/\",\"name\":\"Facult\u00e9 des Sciences Economiques, Commerciales et des Sciences de Gestion\",\"description\":\"Universit\u00e9 Mouloud Mammeri de Tizi Ouzou\",\"potentialAction\":[{\"@type\":\"SearchAction\",\"target\":{\"@type\":\"EntryPoint\",\"urlTemplate\":\"https:\\\/\\\/www.ummto.dz\\\/fsecsg\\\/?s={search_term_string}\"},\"query-input\":{\"@type\":\"PropertyValueSpecification\",\"valueRequired\":true,\"valueName\":\"search_term_string\"}}],\"inLanguage\":\"fr-FR\"}]}<\/script>\n<!-- \/ Yoast SEO plugin. -->","yoast_head_json":{"title":"Inscription - Facult\u00e9 des Sciences Economiques, Commerciales et des Sciences de Gestion","robots":{"index":"index","follow":"follow","max-snippet":"max-snippet:-1","max-image-preview":"max-image-preview:large","max-video-preview":"max-video-preview:-1"},"canonical":"https:\/\/www.ummto.dz\/fsecsg\/inscription-2\/","og_locale":"fr_FR","og_type":"article","og_title":"Inscription - Facult\u00e9 des Sciences Economiques, Commerciales et des Sciences de Gestion","og_description":"Dossiers \u00e0 fournir: 1- Transfert (interne et externe): 01_D\u00e9claration_bacs_obtenus_et_\u00e9tudes (1 )\u00a0 \u00a0\u00a0\u00e0 t\u00e9l\u00e9charger 06_Fiche_de_transfert_Standard (03 )\u00a0 \u00a0\u00e0 t\u00e9l\u00e9charger 10_Demande\u00a0d\u2019inscription (1 )\u00a0 \u00a0 \u00a0\u00e0 t\u00e9l\u00e9charger Copie du relev\u00e9 de notes du bac Attestation de non sanction disciplinaire Copie du dernier certificat de scolarit\u00e9 et des relev\u00e9s de notes des \u00e9tudes universitaires R\u00e9sidence (hors wilaya) 2-\u00a0R\u00e9orientation: 01_D\u00e9claration_bacs_obtenus_et_\u00e9tudes\u00a0 [&hellip;]","og_url":"https:\/\/www.ummto.dz\/fsecsg\/inscription-2\/","og_site_name":"Facult\u00e9 des Sciences Economiques, Commerciales et des Sciences de Gestion","article_modified_time":"2020-01-12T12:03:43+00:00","twitter_card":"summary_large_image","twitter_misc":{"Dur\u00e9e de lecture estim\u00e9e":"1 minute"},"schema":{"@context":"https:\/\/schema.org","@graph":[{"@type":"WebPage","@id":"https:\/\/www.ummto.dz\/fsecsg\/inscription-2\/","url":"https:\/\/www.ummto.dz\/fsecsg\/inscription-2\/","name":"Inscription - Facult\u00e9 des Sciences Economiques, Commerciales et des Sciences de Gestion","isPartOf":{"@id":"https:\/\/www.ummto.dz\/fsecsg\/#website"},"datePublished":"2018-09-26T12:46:19+00:00","dateModified":"2020-01-12T12:03:43+00:00","breadcrumb":{"@id":"https:\/\/www.ummto.dz\/fsecsg\/inscription-2\/#breadcrumb"},"inLanguage":"fr-FR","potentialAction":[{"@type":"ReadAction","target":["https:\/\/www.ummto.dz\/fsecsg\/inscription-2\/"]}]},{"@type":"BreadcrumbList","@id":"https:\/\/www.ummto.dz\/fsecsg\/inscription-2\/#breadcrumb","itemListElement":[{"@type":"ListItem","position":1,"name":"Accueil","item":"https:\/\/www.ummto.dz\/fsecsg\/"},{"@type":"ListItem","position":2,"name":"Inscription"}]},{"@type":"WebSite","@id":"https:\/\/www.ummto.dz\/fsecsg\/#website","url":"https:\/\/www.ummto.dz\/fsecsg\/","name":"Facult\u00e9 des Sciences Economiques, Commerciales et des Sciences de Gestion","description":"Universit\u00e9 Mouloud Mammeri de Tizi Ouzou","potentialAction":[{"@type":"SearchAction","target":{"@type":"EntryPoint","urlTemplate":"https:\/\/www.ummto.dz\/fsecsg\/?s={search_term_string}"},"query-input":{"@type":"PropertyValueSpecification","valueRequired":true,"valueName":"search_term_string"}}],"inLanguage":"fr-FR"}]}},"_links":{"self":[{"href":"https:\/\/www.ummto.dz\/fsecsg\/wp-json\/wp\/v2\/pages\/7540","targetHints":{"allow":["GET"]}}],"collection":[{"href":"https:\/\/www.ummto.dz\/fsecsg\/wp-json\/wp\/v2\/pages"}],"about":[{"href":"https:\/\/www.ummto.dz\/fsecsg\/wp-json\/wp\/v2\/types\/page"}],"author":[{"embeddable":true,"href":"https:\/\/www.ummto.dz\/fsecsg\/wp-json\/wp\/v2\/users\/1"}],"replies":[{"embeddable":true,"href":"https:\/\/www.ummto.dz\/fsecsg\/wp-json\/wp\/v2\/comments?post=7540"}],"version-history":[{"count":8,"href":"https:\/\/www.ummto.dz\/fsecsg\/wp-json\/wp\/v2\/pages\/7540\/revisions"}],"predecessor-version":[{"id":19262,"href":"https:\/\/www.ummto.dz\/fsecsg\/wp-json\/wp\/v2\/pages\/7540\/revisions\/19262"}],"wp:attachment":[{"href":"https:\/\/www.ummto.dz\/fsecsg\/wp-json\/wp\/v2\/media?parent=7540"}],"curies":[{"name":"wp","href":"https:\/\/api.w.org\/{rel}","templated":true}]}}