{"id":81039,"date":"2023-09-25T16:10:09","date_gmt":"2023-09-25T14:10:09","guid":{"rendered":"https:\/\/www.ummto.dz\/fsecsg\/?page_id=81039"},"modified":"2023-09-25T16:11:18","modified_gmt":"2023-09-25T14:11:18","slug":"departement","status":"publish","type":"page","link":"https:\/\/www.ummto.dz\/fsecsg\/departement\/","title":{"rendered":"departement"},"content":{"rendered":"<p>[et_pb_section fb_built=\u00a0\u00bb1&Prime; custom_padding_last_edited=\u00a0\u00bbon|desktop\u00a0\u00bb _builder_version=\u00a0\u00bb4.18.0&Prime; _module_preset=\u00a0\u00bbdefault\u00a0\u00bb use_background_color_gradient=\u00a0\u00bbon\u00a0\u00bb background_color_gradient_type=\u00a0\u00bbcircular\u00a0\u00bb background_color_gradient_direction_radial=\u00a0\u00bbtop left\u00a0\u00bb background_color_gradient_stops=\u00a0\u00bbrgba(0,79,140,0.34) 0%|#00385e 50%\u00a0\u00bb background_color_gradient_overlays_image=\u00a0\u00bbon\u00a0\u00bb background_color_gradient_start=\u00a0\u00bbrgba(0,79,140,0.34)\u00a0\u00bb background_color_gradient_end=\u00a0\u00bb#00385e\u00a0\u00bb background_color_gradient_end_position=\u00a0\u00bb50%\u00a0\u00bb background_image=\u00a0\u00bbhttps:\/\/www.ummto.dz\/fsecsg\/wp-content\/uploads\/2023\/09\/funeral-home-image-03.jpg\u00a0\u00bb custom_padding=\u00a0\u00bb10vh|0|12vh||false|false\u00a0\u00bb custom_padding_tablet=\u00a0\u00bb10vh||10vh||false\u00a0\u00bb custom_padding_phone=\u00a0\u00bb5vh||5vh||false\u00a0\u00bb top_divider_style=\u00a0\u00bbwave2&Prime; top_divider_color=\u00a0\u00bbrgba(12,113,195,0.11)\u00a0\u00bb top_divider_height=\u00a0\u00bb460px\u00a0\u00bb top_divider_flip=\u00a0\u00bbhorizontal\u00a0\u00bb bottom_divider_style=\u00a0\u00bbcurve\u00a0\u00bb bottom_divider_color=\u00a0\u00bb#ffffff\u00a0\u00bb bottom_divider_height=\u00a0\u00bb3vw\u00a0\u00bb bottom_divider_flip=\u00a0\u00bbvertical\u00a0\u00bb global_colors_info=\u00a0\u00bb{}\u00a0\u00bb theme_builder_area=\u00a0\u00bbpost_content\u00a0\u00bb][et_pb_row _builder_version=\u00a0\u00bb4.18.0&Prime; _module_preset=\u00a0\u00bbdefault\u00a0\u00bb max_width=\u00a0\u00bb1152px\u00a0\u00bb global_colors_info=\u00a0\u00bb{}\u00a0\u00bb theme_builder_area=\u00a0\u00bbpost_content\u00a0\u00bb][et_pb_column type=\u00a0\u00bb4_4&Prime; _builder_version=\u00a0\u00bb4.18.0&Prime; _module_preset=\u00a0\u00bbdefault\u00a0\u00bb background_enable_image=\u00a0\u00bboff\u00a0\u00bb global_colors_info=\u00a0\u00bb{}\u00a0\u00bb theme_builder_area=\u00a0\u00bbpost_content\u00a0\u00bb][et_pb_text _builder_version=\u00a0\u00bb4.22.2&Prime; _module_preset=\u00a0\u00bbdefault\u00a0\u00bb text_font=\u00a0\u00bb|700|||||||\u00a0\u00bb text_text_color=\u00a0\u00bb#FFFFFF\u00a0\u00bb header_3_text_color=\u00a0\u00bb#FFFFFF\u00a0\u00bb header_3_font_size=\u00a0\u00bb28px\u00a0\u00bb hover_enabled=\u00a0\u00bb0&Prime; header_3_text_shadow_style=\u00a0\u00bbpreset4&Prime; header_3_text_shadow_horizontal_length=\u00a0\u00bb-0.05em\u00a0\u00bb header_3_text_shadow_color=\u00a0\u00bb#000000&Prime; global_colors_info=\u00a0\u00bb{}\u00a0\u00bb theme_builder_area=\u00a0\u00bbpost_content\u00a0\u00bb sticky_enabled=\u00a0\u00bb0&Prime;]<\/p>\n<h3 class=\" bd-posticonprint-6 print-action\">Les d\u00e9partements de la Facult\u00e9 des Sciences Economiques, Commerciales et des Sciences de Gestion<\/h3>\n<p>[\/et_pb_text][\/et_pb_column][\/et_pb_row][\/et_pb_section][et_pb_section fb_built=\u00a0\u00bb1&Prime; admin_label=\u00a0\u00bbServices\u00a0\u00bb _builder_version=\u00a0\u00bb4.16&Prime; _module_preset=\u00a0\u00bbdefault\u00a0\u00bb global_colors_info=\u00a0\u00bb{}\u00a0\u00bb theme_builder_area=\u00a0\u00bbpost_content\u00a0\u00bb][et_pb_row column_structure=\u00a0\u00bb1_3,1_3,1_3&Prime; make_equal=\u00a0\u00bbon\u00a0\u00bb _builder_version=\u00a0\u00bb4.16&Prime; _module_preset=\u00a0\u00bbdefault\u00a0\u00bb global_colors_info=\u00a0\u00bb{}\u00a0\u00bb theme_builder_area=\u00a0\u00bbpost_content\u00a0\u00bb][et_pb_column type=\u00a0\u00bb1_3&Prime; _builder_version=\u00a0\u00bb4.16&Prime; _module_preset=\u00a0\u00bbdefault\u00a0\u00bb overflow-x=\u00a0\u00bbvisible\u00a0\u00bb overflow-y=\u00a0\u00bbvisible\u00a0\u00bb custom_padding=\u00a0\u00bb30px|30px|30px|30px|true|true\u00a0\u00bb border_radii=\u00a0\u00bboff|200px|200px||\u00a0\u00bb border_width_all=\u00a0\u00bb4px\u00a0\u00bb border_color_all=\u00a0\u00bb#FF6734&Prime; global_colors_info=\u00a0\u00bb{}\u00a0\u00bb theme_builder_area=\u00a0\u00bbpost_content\u00a0\u00bb][et_pb_image src=\u00a0\u00bbhttps:\/\/www.ummto.dz\/fsecsg\/wp-content\/uploads\/2023\/09\/commerce-300&#215;300.webp\u00a0\u00bb title_text=\u00a0\u00bbcommerce\u00a0\u00bb url=\u00a0\u00bbhttps:\/\/www.ummto.dz\/fsecsg\/commerce\/\u00a0\u00bb url_new_window=\u00a0\u00bbon\u00a0\u00bb _builder_version=\u00a0\u00bb4.22.2&Prime; _module_preset=\u00a0\u00bbdefault\u00a0\u00bb transform_translate=\u00a0\u00bb20px|-20px\u00a0\u00bb transform_translate_linked=\u00a0\u00bboff\u00a0\u00bb custom_margin=\u00a0\u00bb-30px|-30px||-30px|false|true\u00a0\u00bb mix_blend_mode=\u00a0\u00bbdifference\u00a0\u00bb hover_enabled=\u00a0\u00bb0&Prime; border_radii=\u00a0\u00bboff|200px|200px||\u00a0\u00bb global_colors_info=\u00a0\u00bb{}\u00a0\u00bb theme_builder_area=\u00a0\u00bbpost_content\u00a0\u00bb sticky_enabled=\u00a0\u00bb0&Prime;][\/et_pb_image][et_pb_text _builder_version=\u00a0\u00bb4.22.2&Prime; _module_preset=\u00a0\u00bbdefault\u00a0\u00bb header_font=\u00a0\u00bb||||||||\u00a0\u00bb header_3_font=\u00a0\u00bbPoppins|600|||||||\u00a0\u00bb header_3_text_color=\u00a0\u00bb#000763&Prime; header_3_font_size=\u00a0\u00bb20px\u00a0\u00bb header_3_line_height=\u00a0\u00bb1.5em\u00a0\u00bb custom_margin=\u00a0\u00bb30px||0px||false|false\u00a0\u00bb link_option_url=\u00a0\u00bbhttps:\/\/www.ummto.dz\/fsecsg\/commerce\/\u00a0\u00bb link_option_url_new_window=\u00a0\u00bbon\u00a0\u00bb hover_enabled=\u00a0\u00bb0&Prime; header_3_font_size_tablet=\u00a0\u00bb18px\u00a0\u00bb header_3_font_size_phone=\u00a0\u00bb16px\u00a0\u00bb header_3_font_size_last_edited=\u00a0\u00bbon|tablet\u00a0\u00bb header_3_line_height_tablet=\u00a0\u00bb1.7em\u00a0\u00bb header_3_line_height_phone=\u00a0\u00bb1.8em\u00a0\u00bb header_3_line_height_last_edited=\u00a0\u00bbon|phone\u00a0\u00bb global_colors_info=\u00a0\u00bb{}\u00a0\u00bb theme_builder_area=\u00a0\u00bbpost_content\u00a0\u00bb sticky_enabled=\u00a0\u00bb0&Prime;]<\/p>\n<h3 style=\"text-align: center;\">\u00a0Sciences Commerciales<\/h3>\n<p>[\/et_pb_text][\/et_pb_column][et_pb_column type=\u00a0\u00bb1_3&Prime; _builder_version=\u00a0\u00bb4.16&Prime; _module_preset=\u00a0\u00bbdefault\u00a0\u00bb overflow-x=\u00a0\u00bbvisible\u00a0\u00bb overflow-y=\u00a0\u00bbvisible\u00a0\u00bb custom_padding=\u00a0\u00bb30px|30px|30px|30px|true|true\u00a0\u00bb border_radii=\u00a0\u00bboff|200px|200px||\u00a0\u00bb border_width_all=\u00a0\u00bb4px\u00a0\u00bb border_color_all=\u00a0\u00bb#e53796&Prime; global_colors_info=\u00a0\u00bb{}\u00a0\u00bb theme_builder_area=\u00a0\u00bbpost_content\u00a0\u00bb][et_pb_image src=\u00a0\u00bbhttps:\/\/www.ummto.dz\/fsecsg\/wp-content\/uploads\/2023\/09\/comptabilite-300&#215;300.webp\u00a0\u00bb title_text=\u00a0\u00bbgestion\u00a0\u00bb url=\u00a0\u00bbhttps:\/\/www.ummto.dz\/fsecsg\/gestion\/\u00a0\u00bb url_new_window=\u00a0\u00bbon\u00a0\u00bb _builder_version=\u00a0\u00bb4.22.2&Prime; _module_preset=\u00a0\u00bbdefault\u00a0\u00bb transform_translate=\u00a0\u00bb20px|-20px\u00a0\u00bb transform_translate_linked=\u00a0\u00bboff\u00a0\u00bb custom_margin=\u00a0\u00bb-30px|-30px||-30px|false|true\u00a0\u00bb mix_blend_mode=\u00a0\u00bbdifference\u00a0\u00bb hover_enabled=\u00a0\u00bb0&Prime; border_radii=\u00a0\u00bboff|200px|200px||\u00a0\u00bb global_colors_info=\u00a0\u00bb{}\u00a0\u00bb theme_builder_area=\u00a0\u00bbpost_content\u00a0\u00bb sticky_enabled=\u00a0\u00bb0&Prime;][\/et_pb_image][et_pb_text _builder_version=\u00a0\u00bb4.22.2&Prime; _module_preset=\u00a0\u00bbdefault\u00a0\u00bb header_font=\u00a0\u00bb||||||||\u00a0\u00bb header_3_font=\u00a0\u00bbPoppins|600|||||||\u00a0\u00bb header_3_text_color=\u00a0\u00bb#000763&Prime; header_3_font_size=\u00a0\u00bb20px\u00a0\u00bb header_3_line_height=\u00a0\u00bb1.5em\u00a0\u00bb custom_margin=\u00a0\u00bb30px||0px||false|false\u00a0\u00bb link_option_url=\u00a0\u00bbhttps:\/\/www.ummto.dz\/fsecsg\/gestion\/\u00a0\u00bb hover_enabled=\u00a0\u00bb0&Prime; header_3_font_size_tablet=\u00a0\u00bb18px\u00a0\u00bb header_3_font_size_phone=\u00a0\u00bb16px\u00a0\u00bb header_3_font_size_last_edited=\u00a0\u00bbon|tablet\u00a0\u00bb header_3_line_height_tablet=\u00a0\u00bb1.7em\u00a0\u00bb header_3_line_height_phone=\u00a0\u00bb1.8em\u00a0\u00bb header_3_line_height_last_edited=\u00a0\u00bbon|phone\u00a0\u00bb global_colors_info=\u00a0\u00bb{}\u00a0\u00bb theme_builder_area=\u00a0\u00bbpost_content\u00a0\u00bb sticky_enabled=\u00a0\u00bb0&Prime;]<\/p>\n<h3 style=\"text-align: center;\">Sciences de Gestion<\/h3>\n<p>[\/et_pb_text][\/et_pb_column][et_pb_column type=\u00a0\u00bb1_3&Prime; _builder_version=\u00a0\u00bb4.16&Prime; _module_preset=\u00a0\u00bbdefault\u00a0\u00bb overflow-x=\u00a0\u00bbvisible\u00a0\u00bb overflow-y=\u00a0\u00bbvisible\u00a0\u00bb custom_padding=\u00a0\u00bb30px|30px|30px|30px|true|true\u00a0\u00bb border_radii=\u00a0\u00bboff|200px|200px||\u00a0\u00bb border_width_all=\u00a0\u00bb4px\u00a0\u00bb border_color_all=\u00a0\u00bb#515ecf\u00a0\u00bb global_colors_info=\u00a0\u00bb{}\u00a0\u00bb theme_builder_area=\u00a0\u00bbpost_content\u00a0\u00bb][et_pb_image src=\u00a0\u00bbhttps:\/\/www.ummto.dz\/fsecsg\/wp-content\/uploads\/2023\/09\/economie-300&#215;300.webp\u00a0\u00bb title_text=\u00a0\u00bbeconomie\u00a0\u00bb url=\u00a0\u00bbhttps:\/\/www.ummto.dz\/fsecsg\/economie\/\u00a0\u00bb url_new_window=\u00a0\u00bbon\u00a0\u00bb _builder_version=\u00a0\u00bb4.22.2&Prime; _module_preset=\u00a0\u00bbdefault\u00a0\u00bb transform_translate=\u00a0\u00bb20px|-20px\u00a0\u00bb transform_translate_linked=\u00a0\u00bboff\u00a0\u00bb custom_margin=\u00a0\u00bb-30px|-30px||-30px|false|true\u00a0\u00bb mix_blend_mode=\u00a0\u00bbdifference\u00a0\u00bb hover_enabled=\u00a0\u00bb0&Prime; border_radii=\u00a0\u00bboff|200px|200px||\u00a0\u00bb global_colors_info=\u00a0\u00bb{}\u00a0\u00bb theme_builder_area=\u00a0\u00bbpost_content\u00a0\u00bb sticky_enabled=\u00a0\u00bb0&Prime;][\/et_pb_image][et_pb_text _builder_version=\u00a0\u00bb4.22.2&Prime; _module_preset=\u00a0\u00bbdefault\u00a0\u00bb header_font=\u00a0\u00bb||||||||\u00a0\u00bb header_3_font=\u00a0\u00bbPoppins|600|||||||\u00a0\u00bb header_3_text_color=\u00a0\u00bb#000763&Prime; header_3_font_size=\u00a0\u00bb20px\u00a0\u00bb header_3_line_height=\u00a0\u00bb1.5em\u00a0\u00bb custom_margin=\u00a0\u00bb30px||0px||false|false\u00a0\u00bb link_option_url=\u00a0\u00bbhttps:\/\/www.ummto.dz\/fsecsg\/economie\/\u00a0\u00bb hover_enabled=\u00a0\u00bb0&Prime; header_3_font_size_tablet=\u00a0\u00bb18px\u00a0\u00bb header_3_font_size_phone=\u00a0\u00bb16px\u00a0\u00bb header_3_font_size_last_edited=\u00a0\u00bbon|tablet\u00a0\u00bb header_3_line_height_tablet=\u00a0\u00bb1.7em\u00a0\u00bb header_3_line_height_phone=\u00a0\u00bb1.8em\u00a0\u00bb header_3_line_height_last_edited=\u00a0\u00bbon|phone\u00a0\u00bb global_colors_info=\u00a0\u00bb{}\u00a0\u00bb theme_builder_area=\u00a0\u00bbpost_content\u00a0\u00bb sticky_enabled=\u00a0\u00bb0&Prime;]<\/p>\n<h3 style=\"text-align: center;\">Sciences Economiques<\/h3>\n<p>[\/et_pb_text][\/et_pb_column][\/et_pb_row][\/et_pb_section][et_pb_section fb_built=\u00a0\u00bb1&Prime; _builder_version=\u00a0\u00bb4.18.0&Prime; _module_preset=\u00a0\u00bbdefault\u00a0\u00bb custom_margin=\u00a0\u00bb0px||||false|false\u00a0\u00bb custom_padding=\u00a0\u00bb0px||||false|false\u00a0\u00bb global_colors_info=\u00a0\u00bb{}\u00a0\u00bb theme_builder_area=\u00a0\u00bbpost_content\u00a0\u00bb][et_pb_row column_structure=\u00a0\u00bb1_3,1_3,1_3&Prime; make_equal=\u00a0\u00bbon\u00a0\u00bb _builder_version=\u00a0\u00bb4.22.2&Prime; _module_preset=\u00a0\u00bbdefault\u00a0\u00bb locked=\u00a0\u00bboff\u00a0\u00bb global_colors_info=\u00a0\u00bb{}\u00a0\u00bb theme_builder_area=\u00a0\u00bbpost_content\u00a0\u00bb][et_pb_column type=\u00a0\u00bb1_3&Prime; _builder_version=\u00a0\u00bb4.16&Prime; _module_preset=\u00a0\u00bbdefault\u00a0\u00bb overflow-x=\u00a0\u00bbvisible\u00a0\u00bb overflow-y=\u00a0\u00bbvisible\u00a0\u00bb custom_padding=\u00a0\u00bb30px|30px|30px|30px|true|true\u00a0\u00bb border_radii=\u00a0\u00bboff|200px|200px||\u00a0\u00bb border_width_all=\u00a0\u00bb4px\u00a0\u00bb border_color_all=\u00a0\u00bb#FF6734&Prime; global_colors_info=\u00a0\u00bb{}\u00a0\u00bb theme_builder_area=\u00a0\u00bbpost_content\u00a0\u00bb][et_pb_image src=\u00a0\u00bbhttps:\/\/www.ummto.dz\/fsecsg\/wp-content\/uploads\/2023\/09\/finance-300&#215;300.webp\u00a0\u00bb title_text=\u00a0\u00bbfinance\u00a0\u00bb url=\u00a0\u00bbhttps:\/\/www.ummto.dz\/fsecsg\/finance\/\u00a0\u00bb url_new_window=\u00a0\u00bbon\u00a0\u00bb _builder_version=\u00a0\u00bb4.22.2&Prime; _module_preset=\u00a0\u00bbdefault\u00a0\u00bb transform_translate=\u00a0\u00bb20px|-20px\u00a0\u00bb transform_translate_linked=\u00a0\u00bboff\u00a0\u00bb custom_margin=\u00a0\u00bb-30px|-30px||-30px|false|true\u00a0\u00bb mix_blend_mode=\u00a0\u00bbdifference\u00a0\u00bb hover_enabled=\u00a0\u00bb0&Prime; border_radii=\u00a0\u00bboff|200px|200px||\u00a0\u00bb global_colors_info=\u00a0\u00bb{}\u00a0\u00bb theme_builder_area=\u00a0\u00bbpost_content\u00a0\u00bb sticky_enabled=\u00a0\u00bb0&Prime;][\/et_pb_image][et_pb_text _builder_version=\u00a0\u00bb4.22.2&Prime; _module_preset=\u00a0\u00bbdefault\u00a0\u00bb header_font=\u00a0\u00bb||||||||\u00a0\u00bb header_3_font=\u00a0\u00bbPoppins|600|||||||\u00a0\u00bb header_3_text_color=\u00a0\u00bb#000763&Prime; header_3_font_size=\u00a0\u00bb20px\u00a0\u00bb header_3_line_height=\u00a0\u00bb1.5em\u00a0\u00bb custom_margin=\u00a0\u00bb30px||0px||false|false\u00a0\u00bb link_option_url=\u00a0\u00bbhttps:\/\/www.ummto.dz\/fsecsg\/finance\/\u00a0\u00bb hover_enabled=\u00a0\u00bb0&Prime; header_3_font_size_tablet=\u00a0\u00bb18px\u00a0\u00bb header_3_font_size_phone=\u00a0\u00bb16px\u00a0\u00bb header_3_font_size_last_edited=\u00a0\u00bbon|tablet\u00a0\u00bb header_3_line_height_tablet=\u00a0\u00bb1.7em\u00a0\u00bb header_3_line_height_phone=\u00a0\u00bb1.8em\u00a0\u00bb header_3_line_height_last_edited=\u00a0\u00bbon|phone\u00a0\u00bb global_colors_info=\u00a0\u00bb{}\u00a0\u00bb theme_builder_area=\u00a0\u00bbpost_content\u00a0\u00bb sticky_enabled=\u00a0\u00bb0&Prime;]<\/p>\n<h3 style=\"text-align: center;\">Sciences Financi\u00e8re et Comptabilit\u00e9 (Campus de HASNAOUA I)<\/h3>\n<p>[\/et_pb_text][\/et_pb_column][et_pb_column type=\u00a0\u00bb1_3&Prime; _builder_version=\u00a0\u00bb4.16&Prime; _module_preset=\u00a0\u00bbdefault\u00a0\u00bb overflow-x=\u00a0\u00bbvisible\u00a0\u00bb overflow-y=\u00a0\u00bbvisible\u00a0\u00bb custom_padding=\u00a0\u00bb30px|30px|30px|30px|true|true\u00a0\u00bb border_radii=\u00a0\u00bboff|200px|200px||\u00a0\u00bb border_width_all=\u00a0\u00bb4px\u00a0\u00bb border_color_all=\u00a0\u00bb#e53796&Prime; global_colors_info=\u00a0\u00bb{}\u00a0\u00bb theme_builder_area=\u00a0\u00bbpost_content\u00a0\u00bb][et_pb_image src=\u00a0\u00bbhttps:\/\/www.ummto.dz\/fsecsg\/wp-content\/uploads\/2023\/09\/fin-300&#215;300.webp\u00a0\u00bb title_text=\u00a0\u00bbfin\u00a0\u00bb url=\u00a0\u00bbhttps:\/\/www.ummto.dz\/fsecsg\/departement-sciences-financieres-et-comptabilite-tamda\/\u00a0\u00bb _builder_version=\u00a0\u00bb4.22.2&Prime; _module_preset=\u00a0\u00bbdefault\u00a0\u00bb transform_translate=\u00a0\u00bb20px|-20px\u00a0\u00bb transform_translate_linked=\u00a0\u00bboff\u00a0\u00bb custom_margin=\u00a0\u00bb-30px|-30px||-30px|false|true\u00a0\u00bb mix_blend_mode=\u00a0\u00bbdifference\u00a0\u00bb hover_enabled=\u00a0\u00bb0&Prime; border_radii=\u00a0\u00bboff|200px|200px||\u00a0\u00bb global_colors_info=\u00a0\u00bb{}\u00a0\u00bb theme_builder_area=\u00a0\u00bbpost_content\u00a0\u00bb sticky_enabled=\u00a0\u00bb0&Prime;][\/et_pb_image][et_pb_text _builder_version=\u00a0\u00bb4.22.2&Prime; _module_preset=\u00a0\u00bbdefault\u00a0\u00bb header_font=\u00a0\u00bb||||||||\u00a0\u00bb header_3_font=\u00a0\u00bbPoppins|600|||||||\u00a0\u00bb header_3_text_color=\u00a0\u00bb#000763&Prime; header_3_font_size=\u00a0\u00bb20px\u00a0\u00bb header_3_line_height=\u00a0\u00bb1.5em\u00a0\u00bb custom_margin=\u00a0\u00bb30px||0px||false|false\u00a0\u00bb link_option_url=\u00a0\u00bbhttps:\/\/www.ummto.dz\/fsecsg\/departement-sciences-financieres-et-comptabilite-tamda\/\u00a0\u00bb hover_enabled=\u00a0\u00bb0&Prime; header_3_font_size_tablet=\u00a0\u00bb18px\u00a0\u00bb header_3_font_size_phone=\u00a0\u00bb16px\u00a0\u00bb header_3_font_size_last_edited=\u00a0\u00bbon|tablet\u00a0\u00bb header_3_line_height_tablet=\u00a0\u00bb1.7em\u00a0\u00bb header_3_line_height_phone=\u00a0\u00bb1.8em\u00a0\u00bb header_3_line_height_last_edited=\u00a0\u00bbon|phone\u00a0\u00bb global_colors_info=\u00a0\u00bb{}\u00a0\u00bb theme_builder_area=\u00a0\u00bbpost_content\u00a0\u00bb sticky_enabled=\u00a0\u00bb0&Prime;]<\/p>\n<h3 style=\"text-align: center;\">Sciences Financi\u00e8res et Comptabilit\u00e9 (TAMDA)<\/h3>\n<p>[\/et_pb_text][\/et_pb_column][et_pb_column type=\u00a0\u00bb1_3&Prime; _builder_version=\u00a0\u00bb4.22.2&Prime; _module_preset=\u00a0\u00bbdefault\u00a0\u00bb overflow-x=\u00a0\u00bbvisible\u00a0\u00bb overflow-y=\u00a0\u00bbvisible\u00a0\u00bb custom_padding=\u00a0\u00bb0px|30px|0px|30px|true|true\u00a0\u00bb border_radii=\u00a0\u00bboff||200px||\u00a0\u00bb border_width_all=\u00a0\u00bb4px\u00a0\u00bb border_color_all=\u00a0\u00bb#FFFFFF\u00a0\u00bb border_color_right=\u00a0\u00bb#FFFFFF\u00a0\u00bb global_colors_info=\u00a0\u00bb{}\u00a0\u00bb theme_builder_area=\u00a0\u00bbpost_content\u00a0\u00bb][\/et_pb_column][\/et_pb_row][\/et_pb_section]<\/p>\n","protected":false},"excerpt":{"rendered":"<p>Les d\u00e9partements de la Facult\u00e9 des Sciences Economiques, Commerciales et des Sciences de Gestion\u00a0Sciences CommercialesSciences de GestionSciences EconomiquesSciences Financi\u00e8re et Comptabilit\u00e9 (Campus de HASNAOUA I)Sciences Financi\u00e8res et Comptabilit\u00e9 (TAMDA)<\/p>\n","protected":false},"author":1,"featured_media":0,"parent":0,"menu_order":0,"comment_status":"closed","ping_status":"closed","template":"","meta":{"_et_pb_use_builder":"on","_et_pb_old_content":"","_et_gb_content_width":"","footnotes":""},"class_list":["post-81039","page","type-page","status-publish","hentry"],"yoast_head":"<!-- This site is optimized with the Yoast SEO plugin v27.2 - https:\/\/yoast.com\/product\/yoast-seo-wordpress\/ -->\n<title>departement - Facult\u00e9 des Sciences Economiques, Commerciales et des Sciences de Gestion<\/title>\n<meta name=\"robots\" content=\"index, follow, max-snippet:-1, max-image-preview:large, max-video-preview:-1\" \/>\n<link rel=\"canonical\" href=\"https:\/\/www.ummto.dz\/fsecsg\/departement\/\" \/>\n<meta property=\"og:locale\" content=\"fr_FR\" \/>\n<meta property=\"og:type\" content=\"article\" \/>\n<meta property=\"og:title\" content=\"departement - Facult\u00e9 des Sciences Economiques, Commerciales et des Sciences de Gestion\" \/>\n<meta property=\"og:description\" content=\"Les d\u00e9partements de la Facult\u00e9 des Sciences Economiques, Commerciales et des Sciences de Gestion\u00a0Sciences CommercialesSciences de GestionSciences EconomiquesSciences Financi\u00e8re et Comptabilit\u00e9 (Campus de HASNAOUA I)Sciences Financi\u00e8res et Comptabilit\u00e9 (TAMDA)\" \/>\n<meta property=\"og:url\" content=\"https:\/\/www.ummto.dz\/fsecsg\/departement\/\" \/>\n<meta property=\"og:site_name\" content=\"Facult\u00e9 des Sciences Economiques, Commerciales et des Sciences de Gestion\" \/>\n<meta property=\"article:modified_time\" content=\"2023-09-25T14:11:18+00:00\" \/>\n<meta name=\"twitter:card\" content=\"summary_large_image\" \/>\n<script type=\"application\/ld+json\" class=\"yoast-schema-graph\">{\"@context\":\"https:\/\/schema.org\",\"@graph\":[{\"@type\":\"WebPage\",\"@id\":\"https:\/\/www.ummto.dz\/fsecsg\/departement\/\",\"url\":\"https:\/\/www.ummto.dz\/fsecsg\/departement\/\",\"name\":\"departement - Facult\u00e9 des Sciences Economiques, Commerciales et des Sciences de Gestion\",\"isPartOf\":{\"@id\":\"https:\/\/www.ummto.dz\/fsecsg\/#website\"},\"datePublished\":\"2023-09-25T14:10:09+00:00\",\"dateModified\":\"2023-09-25T14:11:18+00:00\",\"breadcrumb\":{\"@id\":\"https:\/\/www.ummto.dz\/fsecsg\/departement\/#breadcrumb\"},\"inLanguage\":\"fr-FR\",\"potentialAction\":[{\"@type\":\"ReadAction\",\"target\":[\"https:\/\/www.ummto.dz\/fsecsg\/departement\/\"]}]},{\"@type\":\"BreadcrumbList\",\"@id\":\"https:\/\/www.ummto.dz\/fsecsg\/departement\/#breadcrumb\",\"itemListElement\":[{\"@type\":\"ListItem\",\"position\":1,\"name\":\"Accueil\",\"item\":\"https:\/\/www.ummto.dz\/fsecsg\/\"},{\"@type\":\"ListItem\",\"position\":2,\"name\":\"departement\"}]},{\"@type\":\"WebSite\",\"@id\":\"https:\/\/www.ummto.dz\/fsecsg\/#website\",\"url\":\"https:\/\/www.ummto.dz\/fsecsg\/\",\"name\":\"Facult\u00e9 des Sciences Economiques, Commerciales et des Sciences de Gestion\",\"description\":\"Universit\u00e9 Mouloud Mammeri de Tizi Ouzou\",\"potentialAction\":[{\"@type\":\"SearchAction\",\"target\":{\"@type\":\"EntryPoint\",\"urlTemplate\":\"https:\/\/www.ummto.dz\/fsecsg\/?s={search_term_string}\"},\"query-input\":{\"@type\":\"PropertyValueSpecification\",\"valueRequired\":true,\"valueName\":\"search_term_string\"}}],\"inLanguage\":\"fr-FR\"}]}<\/script>\n<!-- \/ Yoast SEO plugin. -->","yoast_head_json":{"title":"departement - Facult\u00e9 des Sciences Economiques, Commerciales et des Sciences de Gestion","robots":{"index":"index","follow":"follow","max-snippet":"max-snippet:-1","max-image-preview":"max-image-preview:large","max-video-preview":"max-video-preview:-1"},"canonical":"https:\/\/www.ummto.dz\/fsecsg\/departement\/","og_locale":"fr_FR","og_type":"article","og_title":"departement - Facult\u00e9 des Sciences Economiques, Commerciales et des Sciences de Gestion","og_description":"Les d\u00e9partements de la Facult\u00e9 des Sciences Economiques, Commerciales et des Sciences de Gestion\u00a0Sciences CommercialesSciences de GestionSciences EconomiquesSciences Financi\u00e8re et Comptabilit\u00e9 (Campus de HASNAOUA I)Sciences Financi\u00e8res et Comptabilit\u00e9 (TAMDA)","og_url":"https:\/\/www.ummto.dz\/fsecsg\/departement\/","og_site_name":"Facult\u00e9 des Sciences Economiques, Commerciales et des Sciences de Gestion","article_modified_time":"2023-09-25T14:11:18+00:00","twitter_card":"summary_large_image","schema":{"@context":"https:\/\/schema.org","@graph":[{"@type":"WebPage","@id":"https:\/\/www.ummto.dz\/fsecsg\/departement\/","url":"https:\/\/www.ummto.dz\/fsecsg\/departement\/","name":"departement - Facult\u00e9 des Sciences Economiques, Commerciales et des Sciences de Gestion","isPartOf":{"@id":"https:\/\/www.ummto.dz\/fsecsg\/#website"},"datePublished":"2023-09-25T14:10:09+00:00","dateModified":"2023-09-25T14:11:18+00:00","breadcrumb":{"@id":"https:\/\/www.ummto.dz\/fsecsg\/departement\/#breadcrumb"},"inLanguage":"fr-FR","potentialAction":[{"@type":"ReadAction","target":["https:\/\/www.ummto.dz\/fsecsg\/departement\/"]}]},{"@type":"BreadcrumbList","@id":"https:\/\/www.ummto.dz\/fsecsg\/departement\/#breadcrumb","itemListElement":[{"@type":"ListItem","position":1,"name":"Accueil","item":"https:\/\/www.ummto.dz\/fsecsg\/"},{"@type":"ListItem","position":2,"name":"departement"}]},{"@type":"WebSite","@id":"https:\/\/www.ummto.dz\/fsecsg\/#website","url":"https:\/\/www.ummto.dz\/fsecsg\/","name":"Facult\u00e9 des Sciences Economiques, Commerciales et des Sciences de Gestion","description":"Universit\u00e9 Mouloud Mammeri de Tizi Ouzou","potentialAction":[{"@type":"SearchAction","target":{"@type":"EntryPoint","urlTemplate":"https:\/\/www.ummto.dz\/fsecsg\/?s={search_term_string}"},"query-input":{"@type":"PropertyValueSpecification","valueRequired":true,"valueName":"search_term_string"}}],"inLanguage":"fr-FR"}]}},"_links":{"self":[{"href":"https:\/\/www.ummto.dz\/fsecsg\/wp-json\/wp\/v2\/pages\/81039","targetHints":{"allow":["GET"]}}],"collection":[{"href":"https:\/\/www.ummto.dz\/fsecsg\/wp-json\/wp\/v2\/pages"}],"about":[{"href":"https:\/\/www.ummto.dz\/fsecsg\/wp-json\/wp\/v2\/types\/page"}],"author":[{"embeddable":true,"href":"https:\/\/www.ummto.dz\/fsecsg\/wp-json\/wp\/v2\/users\/1"}],"replies":[{"embeddable":true,"href":"https:\/\/www.ummto.dz\/fsecsg\/wp-json\/wp\/v2\/comments?post=81039"}],"version-history":[{"count":8,"href":"https:\/\/www.ummto.dz\/fsecsg\/wp-json\/wp\/v2\/pages\/81039\/revisions"}],"predecessor-version":[{"id":81061,"href":"https:\/\/www.ummto.dz\/fsecsg\/wp-json\/wp\/v2\/pages\/81039\/revisions\/81061"}],"wp:attachment":[{"href":"https:\/\/www.ummto.dz\/fsecsg\/wp-json\/wp\/v2\/media?parent=81039"}],"curies":[{"name":"wp","href":"https:\/\/api.w.org\/{rel}","templated":true}]}}