{"id":82,"date":"2018-01-29T20:13:28","date_gmt":"2018-01-29T19:13:28","guid":{"rendered":"http:\/\/fgei.ummto.dz\/?page_id=82"},"modified":"2022-07-07T14:05:01","modified_gmt":"2022-07-07T12:05:01","slug":"contact","status":"publish","type":"page","link":"https:\/\/www.ummto.dz\/fsecsg\/contact\/","title":{"rendered":"Contact"},"content":{"rendered":"<p>[et_pb_section fb_built=\u00a0\u00bb1&Prime; admin_label=\u00a0\u00bbsection\u00a0\u00bb _builder_version=\u00a0\u00bb4.16&Prime; global_colors_info=\u00a0\u00bb{}\u00a0\u00bb][et_pb_row admin_label=\u00a0\u00bbrow\u00a0\u00bb _builder_version=\u00a0\u00bb4.16&Prime; background_size=\u00a0\u00bbinitial\u00a0\u00bb background_position=\u00a0\u00bbtop_left\u00a0\u00bb background_repeat=\u00a0\u00bbrepeat\u00a0\u00bb global_colors_info=\u00a0\u00bb{}\u00a0\u00bb][et_pb_column type=\u00a0\u00bb4_4&Prime; _builder_version=\u00a0\u00bb4.16&Prime; custom_padding=\u00a0\u00bb|||\u00a0\u00bb global_colors_info=\u00a0\u00bb{}\u00a0\u00bb custom_padding__hover=\u00a0\u00bb|||\u00a0\u00bb][et_pb_text admin_label=\u00a0\u00bbText\u00a0\u00bb _builder_version=\u00a0\u00bb4.17.4&Prime; background_size=\u00a0\u00bbinitial\u00a0\u00bb background_position=\u00a0\u00bbtop_left\u00a0\u00bb background_repeat=\u00a0\u00bbrepeat\u00a0\u00bb hover_enabled=\u00a0\u00bb0&Prime; global_colors_info=\u00a0\u00bb{}\u00a0\u00bb sticky_enabled=\u00a0\u00bb0&Prime;]<\/p>\n<div id=\"tablepress-8_wrapper\" class=\"dataTables_wrapper no-footer\">\n<table id=\"tablepress-8\" class=\"tablepress tablepress-id-8 dataTable no-footer\" style=\"height: 725px;width: 900px\" role=\"grid\" width=\"900\">\n<thead>\n<tr class=\"row-1 odd\" role=\"row\" style=\"height: 24px\">\n<th class=\"column-1 sorting_disabled\" style=\"width: 20.1667px;height: 24px\" colspan=\"1\" rowspan=\"1\">N\u00b0<\/th>\n<th class=\"column-2 sorting_disabled\" style=\"text-align: left;width: 184.125px;height: 24px\" colspan=\"1\" rowspan=\"1\">D\u00e9signation<\/th>\n<th class=\"column-3 sorting_disabled\" style=\"width: 349.229px;height: 24px\" colspan=\"1\" rowspan=\"1\">N\u00b0 T\u00e9l\/Fax<\/th>\n<th class=\"column-4 sorting_disabled\" style=\"width: 318.479px;height: 24px\" colspan=\"1\" rowspan=\"1\">Email<\/th>\n<\/tr>\n<\/thead>\n<tbody class=\"row-hover\">\n<tr class=\"row-2 even\" role=\"row\" style=\"height: 142px\">\n<td class=\"column-1\" style=\"width: 20.1667px;height: 142px\">01<\/td>\n<td class=\"column-2\" style=\"width: 184.125px;height: 142px\"><em><span style=\"color: #0000ff\"><strong>M.E.S.R.S\u00a0\u00a0<\/strong><\/span><\/em><\/td>\n<td class=\"column-3\" style=\"width: 349.229px;height: 142px\">\n<p><strong>T\u00e8l: (0) 23-23-80-66<\/strong><\/p>\n<p><strong>Fax: (0) 23-23-80-14<\/strong><\/p>\n<\/td>\n<td class=\"column-4\" style=\"width: 318.479px;height: 142px\">\n<p><span style=\"color: #000000\"><strong><a style=\"color: #000000\" href=\"https:\/\/www.mesrs.dz\/\">\u00a0https:\/\/www.mesrs.dz\/<\/a><\/strong><\/span><\/p>\n<p style=\"text-align: left\"><span style=\"color: #000000\"><strong>\u00a0 webmaster@mesrs.dz<\/strong><\/span><\/p>\n<p><span style=\"color: #000000\"><strong>https:\/\/www.facebook.com\/mesrs.dz\/<\/strong><\/span>.<\/p>\n<\/td>\n<\/tr>\n<tr class=\"row-3 odd\" role=\"row\" style=\"height: 25px\">\n<td class=\"column-1\" style=\"width: 20.1667px;height: 25px\">02<\/td>\n<td class=\"column-2\" style=\"width: 184.125px;height: 25px\"><strong><span style=\"color: #0000ff\"><em>Rectorat ( UMMTO)<\/em><\/span><\/strong><\/td>\n<td class=\"column-3\" style=\"width: 349.229px;height: 25px\"><\/td>\n<td class=\"column-4\" style=\"width: 318.479px;height: 25px\"><a href=\"https:\/\/www.ummto.dz\/contact\/\"><span style=\"color: #000000\"><strong>http:\/\/www.ummto.dz\/annuaire-2\/<\/strong><\/span><\/a><\/td>\n<\/tr>\n<tr class=\"row-4 even\" role=\"row\" style=\"height: 25px\">\n<td class=\"column-1\" style=\"width: 20.1667px;height: 25px\">03<\/td>\n<td class=\"column-2\" style=\"width: 184.125px;height: 25px\"><span style=\"color: #0000ff\"><strong><em>Webmaster (Site-web fsecsg)<\/em><\/strong><\/span><\/td>\n<td class=\"column-3\" style=\"width: 349.229px;height: 25px\"><strong><span style=\"color: #000000\">\u00a0<\/span><\/strong><\/td>\n<td class=\"column-4\" style=\"width: 318.479px;height: 25px\">\u00a0<span style=\"color: #000000\"><strong><a style=\"color: #000000\" href=\"mailto:web.fsecsg@ummto.dz\" target=\"_blank\" rel=\"noopener\">web.fsecsg@ummto.dz<\/a><\/strong><\/span><\/td>\n<\/tr>\n<tr class=\"row-5 odd\" role=\"row\" style=\"height: 100px\">\n<td class=\"column-1\" style=\"width: 20.1667px;height: 100px\">04<\/td>\n<td class=\"column-2\" style=\"width: 184.125px;height: 100px\"><span style=\"color: #0000ff\"><strong> <em>La\u00a0 Doyen<\/em><\/strong><\/span><\/td>\n<td class=\"column-3\" style=\"width: 349.229px;height: 100px\"><\/td>\n<td class=\"column-4\" style=\"width: 318.479px;height: 100px\">\n<h5><span style=\"color: #000000\"><strong>decanat.fsecsg@ummto.dz<\/strong><\/span><\/h5>\n<\/td>\n<\/tr>\n<tr class=\"row-6 even\" role=\"row\" style=\"height: 50px\">\n<td class=\"column-1\" style=\"width: 20.1667px;height: 50px\">05<\/td>\n<td class=\"column-2\" style=\"width: 184.125px;height: 50px\"><strong><em><span style=\"color: #0000ff\">La Vice Doyenne charg\u00e9 des \u00e9tudes et des questions li\u00e9es aux \u00e9tudiants<\/span>\u00a0<\/em><\/strong><\/td>\n<td class=\"column-3\" style=\"width: 349.229px;height: 50px\"><strong><span style=\"color: #000000\">T\u00e9l\/Fax:<\/span>\u00a00<span style=\"color: #000000\">26.11.09.90<\/span><\/strong><\/td>\n<td class=\"column-4\" style=\"width: 318.479px;height: 50px\">\n<h5><span style=\"color: #000000\"><strong>vdp.fsecsg@ummto.dz<\/strong><\/span><\/h5>\n<\/td>\n<\/tr>\n<tr class=\"row-7 odd\" role=\"row\" style=\"height: 75px\">\n<td class=\"column-1\" style=\"width: 20.1667px;height: 75px\">06<\/td>\n<td class=\"column-2\" style=\"width: 184.125px;height: 75px\"><span style=\"color: #0000ff\"><em><strong>Le Vice Doyen charg\u00e9 de la recherche scientifique et des relations ext\u00e9rieurs<\/strong><\/em><\/span><\/td>\n<td class=\"column-3\" style=\"width: 349.229px;height: 75px\"><strong><span style=\"color: #000000\">T\u00e9l:<\/span> <span style=\"color: #000000\">026.11.09.02<\/span><\/strong><\/td>\n<td class=\"column-4\" style=\"width: 318.479px;height: 75px\">\n<h5><span style=\"color: #000000\"><strong>vdpgrs.fsecsg@ummto.dz<\/strong><\/span><\/h5>\n<\/td>\n<\/tr>\n<tr class=\"row-8 even\" role=\"row\" style=\"height: 25px\">\n<td class=\"column-1\" style=\"width: 20.1667px;height: 25px\"><\/td>\n<td class=\"column-2\" style=\"width: 184.125px;height: 25px\"><\/td>\n<td class=\"column-3\" style=\"width: 349.229px;height: 25px\"><\/td>\n<td class=\"column-4\" style=\"width: 318.479px;height: 25px\"><\/td>\n<\/tr>\n<tr class=\"row-9 odd\" role=\"row\" style=\"height: 50px\">\n<td class=\"column-1\" style=\"width: 20.1667px;height: 50px\">07<\/td>\n<td class=\"column-2\" style=\"width: 184.125px;height: 50px\"><span style=\"color: #0000ff\"><strong><em>D\u00e9partement des sciences \u00e9conomiques<\/em><\/strong><\/span><\/td>\n<td class=\"column-3\" style=\"width: 349.229px;height: 50px\"><strong><span style=\"color: #000000\">T\u00e8l: 026.11.72.33<\/span><\/strong><\/td>\n<td class=\"column-4\" style=\"width: 318.479px;height: 50px\"><\/td>\n<\/tr>\n<tr class=\"row-10 even\" role=\"row\" style=\"height: 125px\">\n<td class=\"column-1\" style=\"width: 20.1667px;height: 125px\">08<\/td>\n<td class=\"column-2\" style=\"width: 184.125px;height: 125px\">\n<p><span style=\"color: #0000ff\"><strong><em>D\u00e9partement <\/em><\/strong><\/span><\/p>\n<p><span style=\"color: #0000ff\"><strong><em>des sciences de gestion\/ sciences Financi\u00e8res et Comptabilit\u00e9 (CAMPUS HASNAOUA)<\/em><\/strong><\/span><\/p>\n<p><span style=\"color: #0000ff\"><strong><em>D\u00e9partement <\/em><\/strong><\/span><\/p>\n<p><span style=\"color: #0000ff\"><strong><em>des sciences de gestion\/ sciences Financi\u00e8res et Comptabilit\u00e9 ( CAMPUS TAMDA)<\/em><\/strong><\/span><\/p>\n<\/td>\n<td class=\"column-3\" style=\"width: 349.229px;height: 125px\">\n<p><strong><span style=\"color: #000000\">T\u00e8l: 026.11.72.44<\/span><\/strong><\/p>\n<p>&nbsp;<\/p>\n<\/td>\n<td class=\"column-4\" style=\"width: 318.479px;height: 125px\"><\/td>\n<\/tr>\n<tr class=\"row-11 odd\" role=\"row\" style=\"height: 84px\">\n<td class=\"column-1\" style=\"width: 20.1667px;height: 84px\">09<\/td>\n<td class=\"column-2\" style=\"width: 184.125px;height: 84px\"><span style=\"color: #0000ff\"><strong><em>D\u00e9partement des sciences commerciales<\/em><\/strong><\/span><\/td>\n<td class=\"column-3\" style=\"width: 349.229px;height: 84px\"><\/td>\n<td class=\"column-4\" style=\"width: 318.479px;height: 84px\"><\/td>\n<\/tr>\n<\/tbody>\n<\/table>\n<table style=\"border-collapse: collapse;width: 887px;height: 41px\">\n<tbody>\n<tr>\n<td style=\"width: 26.7292px\">\n<p>10<\/p>\n<p>11<\/p>\n<\/td>\n<td style=\"width: 319.438px\">\n<p><span style=\"color: #0000ff\"><strong>S<\/strong><strong><em>ecr\u00e9taire G\u00e9n\u00e9ral<\/em><\/strong><\/span><\/p>\n<p><span style=\"color: #0000ff\"><strong><em>Biblioth\u00e8que\u00a0<\/em><\/strong><\/span><\/p>\n<\/td>\n<td style=\"width: 204.188px\">\n<p><span style=\"color: #000000\"><strong>T\u00e8<\/strong><strong>l: 026.11.09.08<\/strong><\/span><\/p>\n<p>&nbsp;<\/p>\n<\/td>\n<td style=\"width: 321.979px\">\n<p>\u00a0 \u00a0 \u00a0 \u00a0<span style=\"color: #000000\"><strong>\u00a0<a href=\"mailto:sg.fsecsg@ummto.dz\" style=\"color: #000000\">sg.fsecsg@ummto.dz<\/a><\/strong><\/span><\/p>\n<p><span style=\"color: #000000\"><strong>\u00a0 \u00a0 \u00a0 biblio.fsecsg@ummto.dz<\/strong><\/span><\/p>\n<\/td>\n<\/tr>\n<\/tbody>\n<\/table>\n<table style=\"border-collapse: collapse;width: 884px;height: 28px\">\n<tbody>\n<tr>\n<td style=\"width: 27.0417px\">12<\/td>\n<td style=\"width: 320.479px\"><span style=\"color: #0000ff\"><strong>S<\/strong><strong>ervice Personnel\u00a0\u00a0<\/strong><\/span><\/td>\n<td style=\"width: 202.292px\"><span style=\"color: #000000\"><strong>T\u00e8<\/strong><strong>l: 026.11.92.76<\/strong><\/span><\/td>\n<td style=\"width: 319.521px\"><\/td>\n<\/tr>\n<\/tbody>\n<\/table>\n<\/div>\n<p>.<\/p>\n<p>[\/et_pb_text][\/et_pb_column][\/et_pb_row][\/et_pb_section]<\/p>\n","protected":false},"excerpt":{"rendered":"<p>N\u00b0 D\u00e9signation N\u00b0 T\u00e9l\/Fax Email 01 M.E.S.R.S\u00a0\u00a0 T\u00e8l: (0) 23-23-80-66 Fax: (0) 23-23-80-14 \u00a0https:\/\/www.mesrs.dz\/ \u00a0 webmaster@mesrs.dz https:\/\/www.facebook.com\/mesrs.dz\/. 02 Rectorat ( UMMTO) http:\/\/www.ummto.dz\/annuaire-2\/ 03 Webmaster (Site-web fsecsg) \u00a0 \u00a0web.fsecsg@ummto.dz 04 La\u00a0 Doyen decanat.fsecsg@ummto.dz 05 La Vice Doyenne charg\u00e9 des \u00e9tudes et des questions li\u00e9es aux \u00e9tudiants\u00a0 T\u00e9l\/Fax:\u00a0026.11.09.90 vdp.fsecsg@ummto.dz 06 Le Vice Doyen charg\u00e9 de la recherche [&hellip;]<\/p>\n","protected":false},"author":1,"featured_media":0,"parent":0,"menu_order":0,"comment_status":"closed","ping_status":"closed","template":"","meta":{"_et_pb_use_builder":"on","_et_pb_old_content":"<div id=\"tablepress-8_wrapper\" class=\"dataTables_wrapper no-footer\">\n<table id=\"tablepress-8\" class=\"tablepress tablepress-id-8 dataTable no-footer\" style=\"height: 780px;width: 889px\" role=\"grid\" width=\"832\">\n<thead>\n<tr class=\"row-1 odd\" role=\"row\">\n<th class=\"column-1 sorting_disabled\" style=\"width: 2.64106%\" colspan=\"1\" rowspan=\"1\">N\u00b0<\/th>\n<th class=\"column-2 sorting_disabled\" style=\"text-align: left;width: 41.7767%\" colspan=\"1\" rowspan=\"1\">D\u00e9signation<\/th>\n<th class=\"column-3 sorting_disabled\" style=\"width: 19.4478%\" colspan=\"1\" rowspan=\"1\">N\u00b0 T\u00e9l\/Fax<\/th>\n<th class=\"column-4 sorting_disabled\" style=\"width: 29.2783%\" colspan=\"1\" rowspan=\"1\">Email<\/th>\n<\/tr>\n<\/thead>\n<tbody class=\"row-hover\">\n<tr class=\"row-2 even\" role=\"row\">\n<td class=\"column-1\" style=\"width: 2.64106%\">01<\/td>\n<td class=\"column-2\" style=\"width: 41.7767%\"><em><span style=\"color: #0000ff\"><strong>M.E.S.R.S\u00a0\u00a0<\/strong><\/span><\/em><\/td>\n<td class=\"column-3\" style=\"width: 19.4478%\"><strong>T\u00e8l: (0) 23-23-80-66<\/strong>\n\n<strong>Fax: (0) 23-23-80-14<\/strong><\/td>\n<td class=\"column-4\" style=\"width: 29.2783%\"><span style=\"color: #000000\"><strong><a style=\"color: #000000\" href=\"https:\/\/www.mesrs.dz\/\">\u00a0https:\/\/www.mesrs.dz\/<\/a><\/strong><\/span>\n<p style=\"text-align: left\"><span style=\"color: #000000\"><strong>\u00a0 webmaster@mesrs.dz<\/strong><\/span><\/p>\n<span style=\"color: #000000\"><strong>https:\/\/www.facebook.com\/mesrs.dz\/<\/strong><\/span>.<\/td>\n<\/tr>\n<tr class=\"row-3 odd\" role=\"row\">\n<td class=\"column-1\" style=\"width: 2.64106%\">02<\/td>\n<td class=\"column-2\" style=\"width: 41.7767%\"><strong><span style=\"color: #0000ff\"><em>Rectorat ( UMMTO)<\/em><\/span><\/strong><\/td>\n<td class=\"column-3\" style=\"width: 19.4478%\"><\/td>\n<td class=\"column-4\" style=\"width: 29.2783%\"><span style=\"color: #000000\"><a style=\"color: #000000\" href=\"https:\/\/www.ummto.dz\/annuaire-3\/\"><strong>http:\/\/www.ummto.dz\/annuaire-2\/<\/strong><\/a><\/span><\/td>\n<\/tr>\n<tr class=\"row-4 even\" role=\"row\">\n<td class=\"column-1\" style=\"width: 2.64106%\">03<\/td>\n<td class=\"column-2\" style=\"width: 41.7767%\"><span style=\"color: #0000ff\"><strong><em>Webmaster (Site-web fsecsg)<\/em><\/strong><\/span><\/td>\n<td class=\"column-3\" style=\"width: 19.4478%\"><strong><span style=\"color: #000000\">\u00a0<\/span><\/strong><\/td>\n<td class=\"column-4\" style=\"width: 29.2783%\">\u00a0<span style=\"color: #000000\"><strong><a style=\"color: #000000\" href=\"mailto:web.fsecsg@ummto.dz\" target=\"_blank\" rel=\"noopener\">web.fsecsg@ummto.dz<\/a><\/strong><\/span><\/td>\n<\/tr>\n<tr class=\"row-5 odd\" role=\"row\">\n<td class=\"column-1\" style=\"width: 2.64106%\">04<\/td>\n<td class=\"column-2\" style=\"width: 41.7767%\"><span style=\"color: #0000ff\"><strong> <em>La\u00a0 Doyenne<\/em><\/strong><\/span><\/td>\n<td class=\"column-3\" style=\"width: 19.4478%\"><span style=\"color: #000000\"><strong>T\u00e9l: 026.11.32.94<\/strong><\/span>\n\n<span style=\"color: #000000\"><strong>\u00a0T\u00e9l\u00a0 : 026.11.10.08<\/strong><\/span><\/td>\n<td class=\"column-4\" style=\"width: 29.2783%\"><span style=\"color: #000000\"><strong>decanat.fsecsg@ummto.dz <\/strong><\/span><\/td>\n<\/tr>\n<tr class=\"row-6 even\" role=\"row\">\n<td class=\"column-1\" style=\"width: 2.64106%\">05<\/td>\n<td class=\"column-2\" style=\"width: 41.7767%\"><strong><em><span style=\"color: #0000ff\">Le Vice Doyen charg\u00e9 des \u00e9tudes et des questions li\u00e9es aux \u00e9tudiants<\/span>\u00a0<\/em><\/strong><\/td>\n<td class=\"column-3\" style=\"width: 19.4478%\"><strong><span style=\"color: #000000\">T\u00e9l\/Fax:<\/span>\u00a00<span style=\"color: #000000\">26.11.09.90<\/span><\/strong><\/td>\n<td class=\"column-4\" style=\"width: 29.2783%\"><\/td>\n<\/tr>\n<tr class=\"row-7 odd\" role=\"row\">\n<td class=\"column-1\" style=\"width: 2.64106%\">06<\/td>\n<td class=\"column-2\" style=\"width: 41.7767%\"><span style=\"color: #0000ff\"><em><strong>Le Vice Doyenne charg\u00e9 de la recherche scientifique et des relations ext\u00e9rieurs<\/strong><\/em><\/span><\/td>\n<td class=\"column-3\" style=\"width: 19.4478%\"><strong><span style=\"color: #000000\">T\u00e9l:<\/span> <span style=\"color: #000000\">026.11.09.02<\/span><\/strong><\/td>\n<td class=\"column-4\" style=\"width: 29.2783%\"><\/td>\n<\/tr>\n<tr class=\"row-8 even\" role=\"row\">\n<td class=\"column-1\" style=\"width: 2.64106%\">07<\/td>\n<td class=\"column-2\" style=\"width: 41.7767%\"><span style=\"color: #0000ff\"><strong><em>D\u00e9partement Tronc Commun<\/em><\/strong><\/span><\/td>\n<td class=\"column-3\" style=\"width: 19.4478%\"><strong><span style=\"color: #000000\">T\u00e8l: 026.11.92.26<\/span><\/strong><\/td>\n<td class=\"column-4\" style=\"width: 29.2783%\"><\/td>\n<\/tr>\n<tr class=\"row-9 odd\" role=\"row\">\n<td class=\"column-1\" style=\"width: 2.64106%\">08<\/td>\n<td class=\"column-2\" style=\"width: 41.7767%\"><span style=\"color: #0000ff\"><strong><em>D\u00e9partement des sciences \u00e9conomiques<\/em><\/strong><\/span><\/td>\n<td class=\"column-3\" style=\"width: 19.4478%\"><strong><span style=\"color: #000000\">T\u00e8l: 026.11.72.33<\/span><\/strong><\/td>\n<td class=\"column-4\" style=\"width: 29.2783%\"><\/td>\n<\/tr>\n<tr class=\"row-10 even\" role=\"row\">\n<td class=\"column-1\" style=\"width: 2.64106%\">09<\/td>\n<td class=\"column-2\" style=\"width: 41.7767%\"><span style=\"color: #0000ff\"><strong><em>D\u00e9partement <\/em><\/strong><\/span>\n\n<span style=\"color: #0000ff\"><strong><em>des sciences de gestion\/\u00a0sciences Financi\u00e8res et Comptabilit\u00e9<\/em><\/strong><\/span><\/td>\n<td class=\"column-3\" style=\"width: 19.4478%\"><strong><span style=\"color: #000000\">T\u00e8l: 026.11.72.44<\/span><\/strong><\/td>\n<td class=\"column-4\" style=\"width: 29.2783%\"><\/td>\n<\/tr>\n<tr class=\"row-11 odd\" role=\"row\">\n<td class=\"column-1\" style=\"width: 2.64106%\">10<\/td>\n<td class=\"column-2\" style=\"width: 41.7767%\"><span style=\"color: #0000ff\"><strong><em>D\u00e9partement des sciences commerciales<\/em><\/strong><\/span><\/td>\n<td class=\"column-3\" style=\"width: 19.4478%\"><strong><span style=\"color: #000000\">T\u00e9l:<\/span>\u00a00<span style=\"color: #000000\">26.11.06.21<\/span><\/strong><\/td>\n<td class=\"column-4\" style=\"width: 29.2783%\">\n<h5>dpt-sciences.commerciales.fsecsg@ummto.dz<\/h5>\n<\/td>\n<\/tr>\n<\/tbody>\n<\/table>\n<table style=\"border-collapse: collapse;width: 887px;height: 41px\">\n<tbody>\n<tr>\n<td style=\"width: 2.91165%\">11<\/td>\n<td style=\"width: 34.8992%\"><span style=\"color: #0000ff\"><strong>S<\/strong><strong><em>ecr\u00e9taire G\u00e9n\u00e9ral<\/em><\/strong><\/span><\/td>\n<td style=\"width: 22.3049%\"><span style=\"color: #000000\"><strong>T\u00e8<\/strong><strong>l: 026.11.09.08<\/strong><\/span><\/td>\n<td style=\"width: 35.1709%\">\u00a0 \u00a0 \u00a0 \u00a0 <strong>\u00a0 sg.fsecsg@ummto.dz <\/strong><\/td>\n<\/tr>\n<\/tbody>\n<\/table>\n<table style=\"border-collapse: collapse;width: 884px;height: 28px\">\n<tbody>\n<tr>\n<td style=\"width: 3.34395%\">12<\/td>\n<td style=\"width: 34.2614%\"><span style=\"color: #0000ff\"><strong>S<\/strong><strong>ervice Personnel\u00a0\u00a0<\/strong><\/span><\/td>\n<td style=\"width: 22.6141%\"><span style=\"color: #000000\"><strong>T\u00e8<\/strong><strong>l: 026.11.92.76<\/strong><\/span><\/td>\n<td style=\"width: 35.7042%\"><\/td>\n<\/tr>\n<\/tbody>\n<\/table>\n<\/div>\n.","_et_gb_content_width":"","footnotes":""},"class_list":["post-82","page","type-page","status-publish","hentry"],"yoast_head":"<!-- This site is optimized with the Yoast SEO plugin v27.3 - https:\/\/yoast.com\/product\/yoast-seo-wordpress\/ -->\n<title>Contact - Facult\u00e9 des Sciences Economiques, Commerciales et des Sciences de Gestion<\/title>\n<meta name=\"robots\" content=\"index, follow, max-snippet:-1, max-image-preview:large, max-video-preview:-1\" \/>\n<link rel=\"canonical\" href=\"https:\/\/www.ummto.dz\/fsecsg\/contact\/\" \/>\n<meta property=\"og:locale\" content=\"fr_FR\" \/>\n<meta property=\"og:type\" content=\"article\" \/>\n<meta property=\"og:title\" content=\"Contact - Facult\u00e9 des Sciences Economiques, Commerciales et des Sciences de Gestion\" \/>\n<meta property=\"og:description\" content=\"N\u00b0 D\u00e9signation N\u00b0 T\u00e9l\/Fax Email 01 M.E.S.R.S\u00a0\u00a0 T\u00e8l: (0) 23-23-80-66 Fax: (0) 23-23-80-14 \u00a0https:\/\/www.mesrs.dz\/ \u00a0 webmaster@mesrs.dz https:\/\/www.facebook.com\/mesrs.dz\/. 02 Rectorat ( UMMTO) http:\/\/www.ummto.dz\/annuaire-2\/ 03 Webmaster (Site-web fsecsg) \u00a0 \u00a0web.fsecsg@ummto.dz 04 La\u00a0 Doyen decanat.fsecsg@ummto.dz 05 La Vice Doyenne charg\u00e9 des \u00e9tudes et des questions li\u00e9es aux \u00e9tudiants\u00a0 T\u00e9l\/Fax:\u00a0026.11.09.90 vdp.fsecsg@ummto.dz 06 Le Vice Doyen charg\u00e9 de la recherche [&hellip;]\" \/>\n<meta property=\"og:url\" content=\"https:\/\/www.ummto.dz\/fsecsg\/contact\/\" \/>\n<meta property=\"og:site_name\" content=\"Facult\u00e9 des Sciences Economiques, Commerciales et des Sciences de Gestion\" \/>\n<meta property=\"article:modified_time\" content=\"2022-07-07T12:05:01+00:00\" \/>\n<meta name=\"twitter:card\" content=\"summary_large_image\" \/>\n<meta name=\"twitter:label1\" content=\"Dur\u00e9e de lecture estim\u00e9e\" \/>\n\t<meta name=\"twitter:data1\" content=\"1 minute\" \/>\n<script type=\"application\/ld+json\" class=\"yoast-schema-graph\">{\"@context\":\"https:\\\/\\\/schema.org\",\"@graph\":[{\"@type\":\"WebPage\",\"@id\":\"https:\\\/\\\/www.ummto.dz\\\/fsecsg\\\/contact\\\/\",\"url\":\"https:\\\/\\\/www.ummto.dz\\\/fsecsg\\\/contact\\\/\",\"name\":\"Contact - Facult\u00e9 des Sciences Economiques, Commerciales et des Sciences de Gestion\",\"isPartOf\":{\"@id\":\"https:\\\/\\\/www.ummto.dz\\\/fsecsg\\\/#website\"},\"datePublished\":\"2018-01-29T19:13:28+00:00\",\"dateModified\":\"2022-07-07T12:05:01+00:00\",\"breadcrumb\":{\"@id\":\"https:\\\/\\\/www.ummto.dz\\\/fsecsg\\\/contact\\\/#breadcrumb\"},\"inLanguage\":\"fr-FR\",\"potentialAction\":[{\"@type\":\"ReadAction\",\"target\":[\"https:\\\/\\\/www.ummto.dz\\\/fsecsg\\\/contact\\\/\"]}]},{\"@type\":\"BreadcrumbList\",\"@id\":\"https:\\\/\\\/www.ummto.dz\\\/fsecsg\\\/contact\\\/#breadcrumb\",\"itemListElement\":[{\"@type\":\"ListItem\",\"position\":1,\"name\":\"Accueil\",\"item\":\"https:\\\/\\\/www.ummto.dz\\\/fsecsg\\\/\"},{\"@type\":\"ListItem\",\"position\":2,\"name\":\"Contact\"}]},{\"@type\":\"WebSite\",\"@id\":\"https:\\\/\\\/www.ummto.dz\\\/fsecsg\\\/#website\",\"url\":\"https:\\\/\\\/www.ummto.dz\\\/fsecsg\\\/\",\"name\":\"Facult\u00e9 des Sciences Economiques, Commerciales et des Sciences de Gestion\",\"description\":\"Universit\u00e9 Mouloud Mammeri de Tizi Ouzou\",\"potentialAction\":[{\"@type\":\"SearchAction\",\"target\":{\"@type\":\"EntryPoint\",\"urlTemplate\":\"https:\\\/\\\/www.ummto.dz\\\/fsecsg\\\/?s={search_term_string}\"},\"query-input\":{\"@type\":\"PropertyValueSpecification\",\"valueRequired\":true,\"valueName\":\"search_term_string\"}}],\"inLanguage\":\"fr-FR\"}]}<\/script>\n<!-- \/ Yoast SEO plugin. -->","yoast_head_json":{"title":"Contact - Facult\u00e9 des Sciences Economiques, Commerciales et des Sciences de Gestion","robots":{"index":"index","follow":"follow","max-snippet":"max-snippet:-1","max-image-preview":"max-image-preview:large","max-video-preview":"max-video-preview:-1"},"canonical":"https:\/\/www.ummto.dz\/fsecsg\/contact\/","og_locale":"fr_FR","og_type":"article","og_title":"Contact - Facult\u00e9 des Sciences Economiques, Commerciales et des Sciences de Gestion","og_description":"N\u00b0 D\u00e9signation N\u00b0 T\u00e9l\/Fax Email 01 M.E.S.R.S\u00a0\u00a0 T\u00e8l: (0) 23-23-80-66 Fax: (0) 23-23-80-14 \u00a0https:\/\/www.mesrs.dz\/ \u00a0 webmaster@mesrs.dz https:\/\/www.facebook.com\/mesrs.dz\/. 02 Rectorat ( UMMTO) http:\/\/www.ummto.dz\/annuaire-2\/ 03 Webmaster (Site-web fsecsg) \u00a0 \u00a0web.fsecsg@ummto.dz 04 La\u00a0 Doyen decanat.fsecsg@ummto.dz 05 La Vice Doyenne charg\u00e9 des \u00e9tudes et des questions li\u00e9es aux \u00e9tudiants\u00a0 T\u00e9l\/Fax:\u00a0026.11.09.90 vdp.fsecsg@ummto.dz 06 Le Vice Doyen charg\u00e9 de la recherche [&hellip;]","og_url":"https:\/\/www.ummto.dz\/fsecsg\/contact\/","og_site_name":"Facult\u00e9 des Sciences Economiques, Commerciales et des Sciences de Gestion","article_modified_time":"2022-07-07T12:05:01+00:00","twitter_card":"summary_large_image","twitter_misc":{"Dur\u00e9e de lecture estim\u00e9e":"1 minute"},"schema":{"@context":"https:\/\/schema.org","@graph":[{"@type":"WebPage","@id":"https:\/\/www.ummto.dz\/fsecsg\/contact\/","url":"https:\/\/www.ummto.dz\/fsecsg\/contact\/","name":"Contact - Facult\u00e9 des Sciences Economiques, Commerciales et des Sciences de Gestion","isPartOf":{"@id":"https:\/\/www.ummto.dz\/fsecsg\/#website"},"datePublished":"2018-01-29T19:13:28+00:00","dateModified":"2022-07-07T12:05:01+00:00","breadcrumb":{"@id":"https:\/\/www.ummto.dz\/fsecsg\/contact\/#breadcrumb"},"inLanguage":"fr-FR","potentialAction":[{"@type":"ReadAction","target":["https:\/\/www.ummto.dz\/fsecsg\/contact\/"]}]},{"@type":"BreadcrumbList","@id":"https:\/\/www.ummto.dz\/fsecsg\/contact\/#breadcrumb","itemListElement":[{"@type":"ListItem","position":1,"name":"Accueil","item":"https:\/\/www.ummto.dz\/fsecsg\/"},{"@type":"ListItem","position":2,"name":"Contact"}]},{"@type":"WebSite","@id":"https:\/\/www.ummto.dz\/fsecsg\/#website","url":"https:\/\/www.ummto.dz\/fsecsg\/","name":"Facult\u00e9 des Sciences Economiques, Commerciales et des Sciences de Gestion","description":"Universit\u00e9 Mouloud Mammeri de Tizi Ouzou","potentialAction":[{"@type":"SearchAction","target":{"@type":"EntryPoint","urlTemplate":"https:\/\/www.ummto.dz\/fsecsg\/?s={search_term_string}"},"query-input":{"@type":"PropertyValueSpecification","valueRequired":true,"valueName":"search_term_string"}}],"inLanguage":"fr-FR"}]}},"_links":{"self":[{"href":"https:\/\/www.ummto.dz\/fsecsg\/wp-json\/wp\/v2\/pages\/82","targetHints":{"allow":["GET"]}}],"collection":[{"href":"https:\/\/www.ummto.dz\/fsecsg\/wp-json\/wp\/v2\/pages"}],"about":[{"href":"https:\/\/www.ummto.dz\/fsecsg\/wp-json\/wp\/v2\/types\/page"}],"author":[{"embeddable":true,"href":"https:\/\/www.ummto.dz\/fsecsg\/wp-json\/wp\/v2\/users\/1"}],"replies":[{"embeddable":true,"href":"https:\/\/www.ummto.dz\/fsecsg\/wp-json\/wp\/v2\/comments?post=82"}],"version-history":[{"count":114,"href":"https:\/\/www.ummto.dz\/fsecsg\/wp-json\/wp\/v2\/pages\/82\/revisions"}],"predecessor-version":[{"id":65015,"href":"https:\/\/www.ummto.dz\/fsecsg\/wp-json\/wp\/v2\/pages\/82\/revisions\/65015"}],"wp:attachment":[{"href":"https:\/\/www.ummto.dz\/fsecsg\/wp-json\/wp\/v2\/media?parent=82"}],"curies":[{"name":"wp","href":"https:\/\/api.w.org\/{rel}","templated":true}]}}