{"id":2599,"date":"2021-10-21T14:57:42","date_gmt":"2021-10-21T12:57:42","guid":{"rendered":"https:\/\/www.ummto.dz\/fshs\/?page_id=2599"},"modified":"2021-11-24T12:30:23","modified_gmt":"2021-11-24T11:30:23","slug":"laboratoires-de-recherche","status":"publish","type":"page","link":"https:\/\/www.ummto.dz\/fshs\/laboratoires-de-recherche\/","title":{"rendered":"Laboratoires de recherche"},"content":{"rendered":"<p><a href=\"http:\/\/labs.ummto.dz\/set\/\"><img decoding=\"async\" class=\"size-full wp-image-2904 aligncenter\" src=\"https:\/\/www.ummto.dz\/fshs\/wp-content\/uploads\/2021\/11\/logo-SET.png\" alt=\"\" width=\"255\" height=\"248\" \/><\/a><\/p>\n<div class=\"et_pb_toggle et_pb_module et_pb_accordion_item et_pb_accordion_item_8 et_pb_toggle_open\">\n<div class=\"et_pb_toggle_content clearfix\">\n<p>&nbsp;<\/p>\n<p style=\"text-align: center\"><a href=\"http:\/\/labs.ummto.dz\/set\" target=\"_blank\" rel=\"noopener noreferrer\">Laboratoire Soci\u00e9t\u00e9-Ed<\/a><a href=\"http:\/\/labs.ummto.dz\/set\/\" target=\"_blank\" rel=\"noopener noreferrer\">ucation-Travail (S.E.T.)<\/a><\/p>\n<\/div>\n<\/div>\n","protected":false},"excerpt":{"rendered":"<p>&nbsp; Laboratoire Soci\u00e9t\u00e9-Education-Travail (S.E.T.)<\/p>\n","protected":false},"author":1,"featured_media":0,"parent":0,"menu_order":0,"comment_status":"closed","ping_status":"closed","template":"","meta":{"_et_pb_use_builder":"","_et_pb_old_content":"","_et_gb_content_width":"","footnotes":""},"class_list":["post-2599","page","type-page","status-publish","hentry"],"yoast_head":"<!-- This site is optimized with the Yoast SEO plugin v27.4 - https:\/\/yoast.com\/product\/yoast-seo-wordpress\/ -->\n<title>Laboratoires de recherche - Facult\u00e9 des Sciences Humaines et Sociales<\/title>\n<meta name=\"robots\" content=\"index, follow, max-snippet:-1, max-image-preview:large, max-video-preview:-1\" \/>\n<link rel=\"canonical\" href=\"https:\/\/www.ummto.dz\/fshs\/laboratoires-de-recherche\/\" \/>\n<meta property=\"og:locale\" content=\"fr_FR\" \/>\n<meta property=\"og:type\" content=\"article\" \/>\n<meta property=\"og:title\" content=\"Laboratoires de recherche - Facult\u00e9 des Sciences Humaines et Sociales\" \/>\n<meta property=\"og:description\" content=\"&nbsp; Laboratoire Soci\u00e9t\u00e9-Education-Travail (S.E.T.)\" \/>\n<meta property=\"og:url\" content=\"https:\/\/www.ummto.dz\/fshs\/laboratoires-de-recherche\/\" \/>\n<meta property=\"og:site_name\" content=\"Facult\u00e9 des Sciences Humaines et Sociales\" \/>\n<meta property=\"article:modified_time\" content=\"2021-11-24T11:30:23+00:00\" \/>\n<meta property=\"og:image\" content=\"https:\/\/www.ummto.dz\/fshs\/wp-content\/uploads\/2021\/11\/logo-SET.png\" \/>\n<meta name=\"twitter:card\" content=\"summary_large_image\" \/>\n<meta name=\"twitter:label1\" content=\"Dur\u00e9e de lecture estim\u00e9e\" \/>\n\t<meta name=\"twitter:data1\" content=\"1 minute\" \/>\n<script type=\"application\/ld+json\" class=\"yoast-schema-graph\">{\"@context\":\"https:\\\/\\\/schema.org\",\"@graph\":[{\"@type\":\"WebPage\",\"@id\":\"https:\\\/\\\/www.ummto.dz\\\/fshs\\\/laboratoires-de-recherche\\\/\",\"url\":\"https:\\\/\\\/www.ummto.dz\\\/fshs\\\/laboratoires-de-recherche\\\/\",\"name\":\"Laboratoires de recherche - Facult\u00e9 des Sciences Humaines et Sociales\",\"isPartOf\":{\"@id\":\"https:\\\/\\\/www.ummto.dz\\\/fshs\\\/#website\"},\"primaryImageOfPage\":{\"@id\":\"https:\\\/\\\/www.ummto.dz\\\/fshs\\\/laboratoires-de-recherche\\\/#primaryimage\"},\"image\":{\"@id\":\"https:\\\/\\\/www.ummto.dz\\\/fshs\\\/laboratoires-de-recherche\\\/#primaryimage\"},\"thumbnailUrl\":\"https:\\\/\\\/www.ummto.dz\\\/fshs\\\/wp-content\\\/uploads\\\/2021\\\/11\\\/logo-SET.png\",\"datePublished\":\"2021-10-21T12:57:42+00:00\",\"dateModified\":\"2021-11-24T11:30:23+00:00\",\"breadcrumb\":{\"@id\":\"https:\\\/\\\/www.ummto.dz\\\/fshs\\\/laboratoires-de-recherche\\\/#breadcrumb\"},\"inLanguage\":\"fr-FR\",\"potentialAction\":[{\"@type\":\"ReadAction\",\"target\":[\"https:\\\/\\\/www.ummto.dz\\\/fshs\\\/laboratoires-de-recherche\\\/\"]}]},{\"@type\":\"ImageObject\",\"inLanguage\":\"fr-FR\",\"@id\":\"https:\\\/\\\/www.ummto.dz\\\/fshs\\\/laboratoires-de-recherche\\\/#primaryimage\",\"url\":\"https:\\\/\\\/www.ummto.dz\\\/fshs\\\/wp-content\\\/uploads\\\/2021\\\/11\\\/logo-SET.png\",\"contentUrl\":\"https:\\\/\\\/www.ummto.dz\\\/fshs\\\/wp-content\\\/uploads\\\/2021\\\/11\\\/logo-SET.png\",\"width\":255,\"height\":248},{\"@type\":\"BreadcrumbList\",\"@id\":\"https:\\\/\\\/www.ummto.dz\\\/fshs\\\/laboratoires-de-recherche\\\/#breadcrumb\",\"itemListElement\":[{\"@type\":\"ListItem\",\"position\":1,\"name\":\"Accueil\",\"item\":\"https:\\\/\\\/www.ummto.dz\\\/fshs\\\/\"},{\"@type\":\"ListItem\",\"position\":2,\"name\":\"Laboratoires de recherche\"}]},{\"@type\":\"WebSite\",\"@id\":\"https:\\\/\\\/www.ummto.dz\\\/fshs\\\/#website\",\"url\":\"https:\\\/\\\/www.ummto.dz\\\/fshs\\\/\",\"name\":\"Facult\u00e9 des Sciences Humaines et Sociales\",\"description\":\"\",\"potentialAction\":[{\"@type\":\"SearchAction\",\"target\":{\"@type\":\"EntryPoint\",\"urlTemplate\":\"https:\\\/\\\/www.ummto.dz\\\/fshs\\\/?s={search_term_string}\"},\"query-input\":{\"@type\":\"PropertyValueSpecification\",\"valueRequired\":true,\"valueName\":\"search_term_string\"}}],\"inLanguage\":\"fr-FR\"}]}<\/script>\n<!-- \/ Yoast SEO plugin. -->","yoast_head_json":{"title":"Laboratoires de recherche - Facult\u00e9 des Sciences Humaines et Sociales","robots":{"index":"index","follow":"follow","max-snippet":"max-snippet:-1","max-image-preview":"max-image-preview:large","max-video-preview":"max-video-preview:-1"},"canonical":"https:\/\/www.ummto.dz\/fshs\/laboratoires-de-recherche\/","og_locale":"fr_FR","og_type":"article","og_title":"Laboratoires de recherche - Facult\u00e9 des Sciences Humaines et Sociales","og_description":"&nbsp; Laboratoire Soci\u00e9t\u00e9-Education-Travail (S.E.T.)","og_url":"https:\/\/www.ummto.dz\/fshs\/laboratoires-de-recherche\/","og_site_name":"Facult\u00e9 des Sciences Humaines et Sociales","article_modified_time":"2021-11-24T11:30:23+00:00","og_image":[{"url":"https:\/\/www.ummto.dz\/fshs\/wp-content\/uploads\/2021\/11\/logo-SET.png","type":"","width":"","height":""}],"twitter_card":"summary_large_image","twitter_misc":{"Dur\u00e9e de lecture estim\u00e9e":"1 minute"},"schema":{"@context":"https:\/\/schema.org","@graph":[{"@type":"WebPage","@id":"https:\/\/www.ummto.dz\/fshs\/laboratoires-de-recherche\/","url":"https:\/\/www.ummto.dz\/fshs\/laboratoires-de-recherche\/","name":"Laboratoires de recherche - Facult\u00e9 des Sciences Humaines et Sociales","isPartOf":{"@id":"https:\/\/www.ummto.dz\/fshs\/#website"},"primaryImageOfPage":{"@id":"https:\/\/www.ummto.dz\/fshs\/laboratoires-de-recherche\/#primaryimage"},"image":{"@id":"https:\/\/www.ummto.dz\/fshs\/laboratoires-de-recherche\/#primaryimage"},"thumbnailUrl":"https:\/\/www.ummto.dz\/fshs\/wp-content\/uploads\/2021\/11\/logo-SET.png","datePublished":"2021-10-21T12:57:42+00:00","dateModified":"2021-11-24T11:30:23+00:00","breadcrumb":{"@id":"https:\/\/www.ummto.dz\/fshs\/laboratoires-de-recherche\/#breadcrumb"},"inLanguage":"fr-FR","potentialAction":[{"@type":"ReadAction","target":["https:\/\/www.ummto.dz\/fshs\/laboratoires-de-recherche\/"]}]},{"@type":"ImageObject","inLanguage":"fr-FR","@id":"https:\/\/www.ummto.dz\/fshs\/laboratoires-de-recherche\/#primaryimage","url":"https:\/\/www.ummto.dz\/fshs\/wp-content\/uploads\/2021\/11\/logo-SET.png","contentUrl":"https:\/\/www.ummto.dz\/fshs\/wp-content\/uploads\/2021\/11\/logo-SET.png","width":255,"height":248},{"@type":"BreadcrumbList","@id":"https:\/\/www.ummto.dz\/fshs\/laboratoires-de-recherche\/#breadcrumb","itemListElement":[{"@type":"ListItem","position":1,"name":"Accueil","item":"https:\/\/www.ummto.dz\/fshs\/"},{"@type":"ListItem","position":2,"name":"Laboratoires de recherche"}]},{"@type":"WebSite","@id":"https:\/\/www.ummto.dz\/fshs\/#website","url":"https:\/\/www.ummto.dz\/fshs\/","name":"Facult\u00e9 des Sciences Humaines et Sociales","description":"","potentialAction":[{"@type":"SearchAction","target":{"@type":"EntryPoint","urlTemplate":"https:\/\/www.ummto.dz\/fshs\/?s={search_term_string}"},"query-input":{"@type":"PropertyValueSpecification","valueRequired":true,"valueName":"search_term_string"}}],"inLanguage":"fr-FR"}]}},"_links":{"self":[{"href":"https:\/\/www.ummto.dz\/fshs\/wp-json\/wp\/v2\/pages\/2599","targetHints":{"allow":["GET"]}}],"collection":[{"href":"https:\/\/www.ummto.dz\/fshs\/wp-json\/wp\/v2\/pages"}],"about":[{"href":"https:\/\/www.ummto.dz\/fshs\/wp-json\/wp\/v2\/types\/page"}],"author":[{"embeddable":true,"href":"https:\/\/www.ummto.dz\/fshs\/wp-json\/wp\/v2\/users\/1"}],"replies":[{"embeddable":true,"href":"https:\/\/www.ummto.dz\/fshs\/wp-json\/wp\/v2\/comments?post=2599"}],"version-history":[{"count":5,"href":"https:\/\/www.ummto.dz\/fshs\/wp-json\/wp\/v2\/pages\/2599\/revisions"}],"predecessor-version":[{"id":2907,"href":"https:\/\/www.ummto.dz\/fshs\/wp-json\/wp\/v2\/pages\/2599\/revisions\/2907"}],"wp:attachment":[{"href":"https:\/\/www.ummto.dz\/fshs\/wp-json\/wp\/v2\/media?parent=2599"}],"curies":[{"name":"wp","href":"https:\/\/api.w.org\/{rel}","templated":true}]}}