{"id":322,"date":"2018-04-05T15:23:48","date_gmt":"2018-04-05T13:23:48","guid":{"rendered":"http:\/\/fgei.ummto.dz\/?page_id=322"},"modified":"2025-04-26T19:45:34","modified_gmt":"2025-04-26T17:45:34","slug":"emploi-du-temps","status":"publish","type":"page","link":"https:\/\/www.ummto.dz\/fshs\/emploi-du-temps\/","title":{"rendered":"Emploi du temps"},"content":{"rendered":"<p>[et_pb_section fb_built=\u00a0\u00bb1&Prime; _builder_version=\u00a0\u00bb4.24.0&Prime; _module_preset=\u00a0\u00bbdefault\u00a0\u00bb global_colors_info=\u00a0\u00bb{}\u00a0\u00bb][et_pb_row _builder_version=\u00a0\u00bb4.24.0&Prime; _module_preset=\u00a0\u00bbdefault\u00a0\u00bb global_colors_info=\u00a0\u00bb{}\u00a0\u00bb][et_pb_column type=\u00a0\u00bb4_4&Prime; _builder_version=\u00a0\u00bb4.24.0&Prime; _module_preset=\u00a0\u00bbdefault\u00a0\u00bb global_colors_info=\u00a0\u00bb{}\u00a0\u00bb][et_pb_accordion _builder_version=\u00a0\u00bb4.27.4&Prime; _module_preset=\u00a0\u00bbdefault\u00a0\u00bb hover_enabled=\u00a0\u00bb0&Prime; locked=\u00a0\u00bboff\u00a0\u00bb global_colors_info=\u00a0\u00bb{}\u00a0\u00bb sticky_enabled=\u00a0\u00bb0&Prime;][et_pb_accordion_item title=\u00a0\u00bbRemarque : \u00a0\u00bb _builder_version=\u00a0\u00bb4.18.0&Prime; _module_preset=\u00a0\u00bbdefault\u00a0\u00bb global_colors_info=\u00a0\u00bb{}\u00a0\u00bb open=\u00a0\u00bbon\u00a0\u00bb]<\/p>\n<p>Si vous consultez cette page sur un t\u00e9l\u00e9phone portable vous devriez peut \u00eatre le pivoter \u00e0 90\u00b0 pour avoir un affichage complet des onglets.<\/p>\n<p>[\/et_pb_accordion_item][et_pb_accordion_item title=\u00a0\u00bbD\u00e9partement des sciences humaines\u00a0\u00bb _builder_version=\u00a0\u00bb4.27.2&Prime; _module_preset=\u00a0\u00bbdefault\u00a0\u00bb global_colors_info=\u00a0\u00bb{}\u00a0\u00bb open=\u00a0\u00bboff\u00a0\u00bb]<\/p>\n\n\t\t\t<div class='et-tabs-container et_sliderfx_fade et_sliderauto_false et_sliderauto_speed_5000 et_slidertype_top_tabs'>\n\t\t\t\t<ul class='et-tabs-control'>\n\t\t\t<li><a href='#'>\n\t\t\tL1\n\t\t<\/a><\/li>\n\t\t<li><a href='#'>\n\t\t\tL2\n\t\t<\/a><\/li>\n\t\t<li><a href='#'>\n\t\t\tL3\n\t\t<\/a><\/li>\n\t\t<li><a href='#'>\n\t\t\tM1\n\t\t<\/a><\/li>\n\t\t<li><a href='#'>\n\t\t\tM2\n\t\t<\/a><\/li>\n\t\t<\/ul><\/p>\n<p>\n\t\t<div class='et-tabs-content'>\n\t\t\t<div class='et-tabs-content-main-wrap'>\n\t\t\t\t<div class='et-tabs-content-wrapper'>\n\t\t\t\t\t<div class='et_slidecontent'>\n\t\t\t<ul>\n<li><strong>1\u00e8re ann\u00e9e sciences humaines<\/strong><\/li>\n<\/ul>\n<p><strong>\u00a0\u00a0\u00a0\u00a0\u00a0\u00a0\u00a0\u00a0\u00a0\u00a0\u00a0\u00a0\u00a0\u00a0\u00a0\u00a0\u00a0\u00a0\u00a0\u00a0\u00a0\u00a0\u00a0\u00a0\u00a0\u00a0\u00a0\u00a0 Section1\u00a0\u00a0\u00a0\u00a0\u00a0\u00a0 Section2\u00a0\u00a0\u00a0\u00a0\u00a0\u00a0 Section3<\/strong><\/p>\n<p style=\"padding-left: 40px\">\n\t\t<\/div>\n\t\t<div class='et_slidecontent'>\n\t\t\t<ul>\n<li>Histoire<\/li>\n<\/ul>\n<p style=\"padding-left: 40px\">\n\t\t<\/div>\n\t\t<div class='et_slidecontent'>\n\t\t\t<ul>\n<li>Histoire g\u00e9n\u00e9rale<\/li>\n<\/ul>\n<p style=\"padding-left: 40px\">\n\t\t<\/div>\n\t\t<div class='et_slidecontent'>\n\t\t\t<ul>\n<li>Histoire moderne<\/li>\n<li>Histoire et civilisation du maghreb antique<\/li>\n<\/ul>\n<p style=\"padding-left: 40px\">\n\t\t<\/div>\n\t\t<div class='et_slidecontent'>\n\t\t\t<ul>\n<li>Histoire moderne<\/li>\n<li>Histoire et civilisation du maghreb antique<\/li>\n<\/ul>\n<p style=\"padding-left: 40px\">\n\t\t<\/div><\/p>\n\t\t\t\t<\/div>\n\t\t\t<\/div>\n\t\t<\/div>\n\t\t\t<\/div>\n<p>[\/et_pb_accordion_item][et_pb_accordion_item title=\u00a0\u00bbD\u00e9partement des sciences sociales\u00a0\u00bb _builder_version=\u00a0\u00bb4.27.2&Prime; _module_preset=\u00a0\u00bbdefault\u00a0\u00bb global_colors_info=\u00a0\u00bb{}\u00a0\u00bb open=\u00a0\u00bboff\u00a0\u00bb]<\/p>\n\n\t\t\t<div class='et-tabs-container et_sliderfx_fade et_sliderauto_false et_sliderauto_speed_5000 et_slidertype_top_tabs'>\n\t\t\t\t<ul class='et-tabs-control'>\n\t\t\t<li><a href='#'>\n\t\t\tL1\n\t\t<\/a><\/li>\n\t\t<li><a href='#'>\n\t\t\tL2\n\t\t<\/a><\/li>\n\t\t<li><a href='#'>\n\t\t\tL3\n\t\t<\/a><\/li>\n\t\t<li><a href='#'>\n\t\t\tM1\n\t\t<\/a><\/li>\n\t\t<li><a href='#'>\n\t\t\tM2\n\t\t<\/a><\/li>\n\t\t<\/ul><\/p>\n<p>\n\t\t<div class='et-tabs-content'>\n\t\t\t<div class='et-tabs-content-main-wrap'>\n\t\t\t\t<div class='et-tabs-content-wrapper'>\n\t\t\t\t\t<div class='et_slidecontent'>\n\t\t\t<p><strong>\u00a0\u00a0\u00a0\u00a0\u00a0\u00a0 Emploi de temps du 2\u00e8me semestre<\/strong><\/p>\n\t\t<\/div>\n\t\t<div class='et_slidecontent'>\n\t\t\t<ul>\n<li><strong>\u00a0 Emploi de temps du 4\u00e8me semestre<\/strong><\/li>\n<\/ul>\n\t\t<\/div>\n\t\t<div class='et_slidecontent'>\n\t\t\t<ul>\n<li><strong>\u00a0 Emploi de temps du 6\u00e8me semestre<\/strong><\/li>\n<\/ul>\n\t\t<\/div>\n\t\t<div class='et_slidecontent'>\n\t\t\t<ul>\n<li><strong>\u00a0 Emploi de temps du 2\u00e8me semestre<\/strong><\/li>\n<\/ul>\n<p>&nbsp;<\/p>\n\t\t<\/div>\n\t\t<div class='et_slidecontent'>\n\t\t\t<ul>\n<li><strong>\u00a0 Emploi de temps du 4\u00e8me semestre<\/strong><\/li>\n<\/ul>\n<p>&nbsp;<\/p>\n\t\t<\/div><\/p>\n\t\t\t\t<\/div>\n\t\t\t<\/div>\n\t\t<\/div>\n\t\t\t<\/div>\n<p>[\/et_pb_accordion_item][et_pb_accordion_item title=\u00a0\u00bbD\u00e9partement de psychologie\u00a0\u00bb _builder_version=\u00a0\u00bb4.27.2&Prime; _module_preset=\u00a0\u00bbdefault\u00a0\u00bb global_colors_info=\u00a0\u00bb{}\u00a0\u00bb open=\u00a0\u00bboff\u00a0\u00bb]<\/p>\n\n\t\t\t<div class='et-tabs-container et_sliderfx_fade et_sliderauto_false et_sliderauto_speed_5000 et_slidertype_top_tabs'>\n\t\t\t\t<ul class='et-tabs-control'>\n\t\t\t<p>\n\t\t<li><a href='#'>\n\t\t\tL2\n\t\t<\/a><\/li>\n\t\t<li><a href='#'>\n\t\t\tL3\n\t\t<\/a><\/li>\n\t\t<li><a href='#'>\n\t\t\tM1\n\t\t<\/a><\/li>\n\t\t<li><a href='#'>\n\t\t\tM2\n\t\t<\/a><\/li>\n\t\t<\/ul><\/p>\n\n\t\t<div class='et-tabs-content'>\n\t\t\t<div class='et-tabs-content-main-wrap'>\n\t\t\t\t<div class='et-tabs-content-wrapper'>\n\t\t\t\t\t<div class='et_slidecontent'>\n\t\t\t<ul>\n<li style=\"list-style-type: none\">\n<ul>\n<li style=\"list-style-type: none\">\n<ul><\/ul>\n<\/li>\n<\/ul>\n<\/li>\n<\/ul>\n<p>&nbsp;<\/p>\n\t\t<\/div>\n\t\t<div class='et_slidecontent'>\n\t\t\t<ul>\n<li style=\"list-style-type: none\">\n<ul>\n<li><\/li>\n<\/ul>\n<\/li>\n<\/ul>\n<p>&nbsp;<\/p>\n\t\t<\/div>\n\t\t<div class='et_slidecontent'>\n\t\t\tpas de publications\n\t\t<\/div>\n\t\t<div class='et_slidecontent'>\n\t\t\t<p>&nbsp;<\/p>\n<ul><\/ul>\n<p>&nbsp;<\/p>\n<p>&nbsp;<\/p>\n<p>&nbsp;<\/p>\n\t\t<\/div><\/p>\n\t\t\t\t<\/div>\n\t\t\t<\/div>\n\t\t<\/div>\n\t\t\t<\/div>\n<p>[\/et_pb_accordion_item][et_pb_accordion_item title=\u00a0\u00bbD\u00e9partement d&rsquo;orthophonie\u00a0\u00bb open=\u00a0\u00bboff\u00a0\u00bb _builder_version=\u00a0\u00bb4.27.2&Prime; _module_preset=\u00a0\u00bbdefault\u00a0\u00bb global_colors_info=\u00a0\u00bb{}\u00a0\u00bb]<\/p>\n\n\t\t\t<div class='et-tabs-container et_sliderfx_fade et_sliderauto_false et_sliderauto_speed_5000 et_slidertype_top_tabs'>\n\t\t\t\t<ul class='et-tabs-control'>\n\t\t\t<p>\n\t\t<li><a href='#'>\n\t\t\tL2\n\t\t<\/a><\/li>\n\t\t<li><a href='#'>\n\t\t\tL3\n\t\t<\/a><\/li>\n\t\t<li><a href='#'>\n\t\t\tM1\n\t\t<\/a><\/li>\n\t\t<li><a href='#'>\n\t\t\tM2\n\t\t<\/a><\/li>\n\t\t<\/ul><\/p>\n\n\t\t<div class='et-tabs-content'>\n\t\t\t<div class='et-tabs-content-main-wrap'>\n\t\t\t\t<div class='et-tabs-content-wrapper'>\n\t\t\t\t\t<div class='et_slidecontent'>\n\t\t\t<ul>\n<li>Emploi de temps du 4\u00e8me semestre<\/li>\n<\/ul>\n\t\t<\/div>\n\n\t\t<div class='et_slidecontent'>\n\t\t\t<ul>\n<li>Emploi de temps du 6\u00e8me semestre<\/li>\n<\/ul>\n\t\t<\/div>\n\t\t<div class='et_slidecontent'>\n\t\t\t<ul>\n<li>Emploi de temps du 2\u00e8me semestre<\/li>\n<\/ul>\n\t\t<\/div><\/p>\n\n\t\t<div class='et_slidecontent'>\n\t\t\t<ul>\n<li>Emploi de temps du 4\u00e8me semestre<\/li>\n<\/ul>\n\t\t<\/div>\n\t\t\t\t<\/div>\n\t\t\t<\/div>\n\t\t<\/div>\n\t\t\t<\/div>\n<p>[\/et_pb_accordion_item][et_pb_accordion_item title=\u00a0\u00bbD\u00e9partement des sciences de l&rsquo;\u00e9ducation\u00a0\u00bb _builder_version=\u00a0\u00bb4.27.4&Prime; _module_preset=\u00a0\u00bbdefault\u00a0\u00bb hover_enabled=\u00a0\u00bb0&Prime; global_colors_info=\u00a0\u00bb{}\u00a0\u00bb open=\u00a0\u00bboff\u00a0\u00bb sticky_enabled=\u00a0\u00bb0&Prime;]<\/p>\n\n\t\t\t<div class='et-tabs-container et_sliderfx_fade et_sliderauto_false et_sliderauto_speed_5000 et_slidertype_top_tabs'>\n\t\t\t\t<ul class='et-tabs-control'>\n\t\t\t<p>\n\t\t<li><a href='#'>\n\t\t\tL2\n\t\t<\/a><\/li>\n\t\t<li><a href='#'>\n\t\t\tL3\n\t\t<\/a><\/li>\n\t\t<li><a href='#'>\n\t\t\tM1\n\t\t<\/a><\/li>\n\t\t<li><a href='#'>\n\t\t\tM2\n\t\t<\/a><\/li>\n\t\t<\/ul><\/p>\n\n\t\t<div class='et-tabs-content'>\n\t\t\t<div class='et-tabs-content-main-wrap'>\n\t\t\t\t<div class='et-tabs-content-wrapper'>\n\t\t\t\t\t<div class='et_slidecontent'>\n\t\t\t<ul>\n<li><a href=\"https:\/\/www.ummto.dz\/fshs\/wp-content\/uploads\/2025\/02\/24l2ses4.pdf\" target=\"_blank\" rel=\"noopener\">Emploi de temps du 4\u00e8me semetre<\/a><\/li>\n<\/ul>\n\t\t<\/div>\n\t\t<div class='et_slidecontent'>\n\t\t\t<a href=\"https:\/\/www.ummto.dz\/fshs\/wp-content\/uploads\/2024\/02\/23s2edu.pdf\" target=\"_blank\" rel=\"noopener\"><\/a><\/p>\n<ul>\n<li>Emploi de temps du 6\u00e8me semetre<\/li>\n<\/ul>\n<p><a href=\"https:\/\/www.ummto.dz\/fshs\/wp-content\/uploads\/2023\/11\/23l3s5pe-g2.jpg\" target=\"_blank\" rel=\"noopener\"><\/a><\/p>\n\t\t<\/div>\n\t\t<div class='et_slidecontent'>\n\t\t\t<p>Master I<\/p>\n<ul>\n<li><a href=\"https:\/\/www.ummto.dz\/fshs\/wp-content\/uploads\/2025\/02\/24m1ses2.pdf\" target=\"_blank\" rel=\"noopener\">Emploi de temps du 2\u00e8me semetre<\/a><\/li>\n<\/ul>\n\t\t<\/div>\n\t\t<div class='et_slidecontent'>\n\t\t\t<p>Master II<\/p>\n<ul>\n<li><a href=\"https:\/\/www.ummto.dz\/fshs\/wp-content\/uploads\/2025\/02\/24m2ses4.pdf\" target=\"_blank\" rel=\"noopener\">Emploi de temps du 4\u00e8me semetre<\/a><\/li>\n<\/ul>\n\t\t<\/div><\/p>\n\t\t\t\t<\/div>\n\t\t\t<\/div>\n\t\t<\/div>\n\t\t\t<\/div>\n<p>[\/et_pb_accordion_item][\/et_pb_accordion][\/et_pb_column][\/et_pb_row][\/et_pb_section]<\/p>\n","protected":false},"excerpt":{"rendered":"<p>Si vous consultez cette page sur un t\u00e9l\u00e9phone portable vous devriez peut \u00eatre le pivoter \u00e0 90\u00b0 pour avoir un affichage complet des onglets.\n\t\t\t<div class='et-tabs-container et_sliderfx_fade et_sliderauto_false et_sliderauto_speed_5000 et_slidertype_top_tabs'>\n\t\t\t\t\n\t\t\t<\/div>\n\t\t<ul class='et-tabs-control'>\n\t\t\t<li><a href='#'>\n\t\t\tL1\n\t\t<\/a><\/li>\n\t\t<li><a href='#'>\n\t\t\tL2\n\t\t<\/a><\/li>\n\t\t<li><a href='#'>\n\t\t\tL3\n\t\t<\/a><\/li>\n\t\t<li><a href='#'>\n\t\t\tM1\n\t\t<\/a><\/li>\n\t\t<li><a href='#'>\n\t\t\tM2\n\t\t<\/a><\/li>\n\t\t<\/ul> \n\t\t<div class='et-tabs-content'>\n\t\t\t<div class='et-tabs-content-main-wrap'>\n\t\t\t\t<div class='et-tabs-content-wrapper'>\n\t\t\t\t\t\n\t\t\t\t<\/div>\n\t\t\t<\/div>\n\t\t<\/div>\n\t\t<div class='et_slidecontent'>\n\t\t\t1\u00e8re ann\u00e9e sciences humaines \u00a0\u00a0\u00a0\u00a0\u00a0\u00a0\u00a0\u00a0\u00a0\u00a0\u00a0\u00a0\u00a0\u00a0\u00a0\u00a0\u00a0\u00a0\u00a0\u00a0\u00a0\u00a0\u00a0\u00a0\u00a0\u00a0\u00a0\u00a0 Section1\u00a0\u00a0\u00a0\u00a0\u00a0\u00a0 Section2\u00a0\u00a0\u00a0\u00a0\u00a0\u00a0 Section3\n\t\t<\/div>\n\t\t<div class='et_slidecontent'>\n\t\t\tHistoire\n\t\t<\/div>\n\t\t<div class='et_slidecontent'>\n\t\t\tHistoire g\u00e9n\u00e9rale\n\t\t<\/div>\n\t\t<div class='et_slidecontent'>\n\t\t\tHistoire moderne Histoire et civilisation du maghreb antique\n\t\t<\/div>\n\t\t<div class='et_slidecontent'>\n\t\t\t\n\t\t<\/div> Histoire moderne Histoire et civilisation [&hellip;]<\/p>\n","protected":false},"author":1,"featured_media":0,"parent":0,"menu_order":0,"comment_status":"closed","ping_status":"closed","template":"","meta":{"_et_pb_use_builder":"on","_et_pb_old_content":"","_et_gb_content_width":"","footnotes":""},"class_list":["post-322","page","type-page","status-publish","hentry"],"yoast_head":"<!-- This site is optimized with the Yoast SEO plugin v27.3 - https:\/\/yoast.com\/product\/yoast-seo-wordpress\/ -->\n<title>Emploi du temps - Facult\u00e9 des Sciences Humaines et Sociales<\/title>\n<meta name=\"robots\" content=\"index, follow, max-snippet:-1, max-image-preview:large, max-video-preview:-1\" \/>\n<link rel=\"canonical\" href=\"https:\/\/www.ummto.dz\/fshs\/emploi-du-temps\/\" \/>\n<meta property=\"og:locale\" content=\"fr_FR\" \/>\n<meta property=\"og:type\" content=\"article\" \/>\n<meta property=\"og:title\" content=\"Emploi du temps - Facult\u00e9 des Sciences Humaines et Sociales\" \/>\n<meta property=\"og:description\" content=\"Si vous consultez cette page sur un t\u00e9l\u00e9phone portable vous devriez peut \u00eatre le pivoter \u00e0 90\u00b0 pour avoir un affichage complet des onglets. Histoire moderne Histoire et civilisation [&hellip;]\" \/>\n<meta property=\"og:url\" content=\"https:\/\/www.ummto.dz\/fshs\/emploi-du-temps\/\" \/>\n<meta property=\"og:site_name\" content=\"Facult\u00e9 des Sciences Humaines et Sociales\" \/>\n<meta property=\"article:modified_time\" content=\"2025-04-26T17:45:34+00:00\" \/>\n<meta name=\"twitter:card\" content=\"summary_large_image\" \/>\n<meta name=\"twitter:label1\" content=\"Dur\u00e9e de lecture estim\u00e9e\" \/>\n\t<meta name=\"twitter:data1\" content=\"3 minutes\" \/>\n<script type=\"application\/ld+json\" class=\"yoast-schema-graph\">{\"@context\":\"https:\\\/\\\/schema.org\",\"@graph\":[{\"@type\":\"WebPage\",\"@id\":\"https:\\\/\\\/www.ummto.dz\\\/fshs\\\/emploi-du-temps\\\/\",\"url\":\"https:\\\/\\\/www.ummto.dz\\\/fshs\\\/emploi-du-temps\\\/\",\"name\":\"Emploi du temps - Facult\u00e9 des Sciences Humaines et Sociales\",\"isPartOf\":{\"@id\":\"https:\\\/\\\/www.ummto.dz\\\/fshs\\\/#website\"},\"datePublished\":\"2018-04-05T13:23:48+00:00\",\"dateModified\":\"2025-04-26T17:45:34+00:00\",\"breadcrumb\":{\"@id\":\"https:\\\/\\\/www.ummto.dz\\\/fshs\\\/emploi-du-temps\\\/#breadcrumb\"},\"inLanguage\":\"fr-FR\",\"potentialAction\":[{\"@type\":\"ReadAction\",\"target\":[\"https:\\\/\\\/www.ummto.dz\\\/fshs\\\/emploi-du-temps\\\/\"]}]},{\"@type\":\"BreadcrumbList\",\"@id\":\"https:\\\/\\\/www.ummto.dz\\\/fshs\\\/emploi-du-temps\\\/#breadcrumb\",\"itemListElement\":[{\"@type\":\"ListItem\",\"position\":1,\"name\":\"Accueil\",\"item\":\"https:\\\/\\\/www.ummto.dz\\\/fshs\\\/\"},{\"@type\":\"ListItem\",\"position\":2,\"name\":\"Emploi du temps\"}]},{\"@type\":\"WebSite\",\"@id\":\"https:\\\/\\\/www.ummto.dz\\\/fshs\\\/#website\",\"url\":\"https:\\\/\\\/www.ummto.dz\\\/fshs\\\/\",\"name\":\"Facult\u00e9 des Sciences Humaines et Sociales\",\"description\":\"\",\"potentialAction\":[{\"@type\":\"SearchAction\",\"target\":{\"@type\":\"EntryPoint\",\"urlTemplate\":\"https:\\\/\\\/www.ummto.dz\\\/fshs\\\/?s={search_term_string}\"},\"query-input\":{\"@type\":\"PropertyValueSpecification\",\"valueRequired\":true,\"valueName\":\"search_term_string\"}}],\"inLanguage\":\"fr-FR\"}]}<\/script>\n<!-- \/ Yoast SEO plugin. -->","yoast_head_json":{"title":"Emploi du temps - Facult\u00e9 des Sciences Humaines et Sociales","robots":{"index":"index","follow":"follow","max-snippet":"max-snippet:-1","max-image-preview":"max-image-preview:large","max-video-preview":"max-video-preview:-1"},"canonical":"https:\/\/www.ummto.dz\/fshs\/emploi-du-temps\/","og_locale":"fr_FR","og_type":"article","og_title":"Emploi du temps - Facult\u00e9 des Sciences Humaines et Sociales","og_description":"Si vous consultez cette page sur un t\u00e9l\u00e9phone portable vous devriez peut \u00eatre le pivoter \u00e0 90\u00b0 pour avoir un affichage complet des onglets. Histoire moderne Histoire et civilisation [&hellip;]","og_url":"https:\/\/www.ummto.dz\/fshs\/emploi-du-temps\/","og_site_name":"Facult\u00e9 des Sciences Humaines et Sociales","article_modified_time":"2025-04-26T17:45:34+00:00","twitter_card":"summary_large_image","twitter_misc":{"Dur\u00e9e de lecture estim\u00e9e":"3 minutes"},"schema":{"@context":"https:\/\/schema.org","@graph":[{"@type":"WebPage","@id":"https:\/\/www.ummto.dz\/fshs\/emploi-du-temps\/","url":"https:\/\/www.ummto.dz\/fshs\/emploi-du-temps\/","name":"Emploi du temps - Facult\u00e9 des Sciences Humaines et Sociales","isPartOf":{"@id":"https:\/\/www.ummto.dz\/fshs\/#website"},"datePublished":"2018-04-05T13:23:48+00:00","dateModified":"2025-04-26T17:45:34+00:00","breadcrumb":{"@id":"https:\/\/www.ummto.dz\/fshs\/emploi-du-temps\/#breadcrumb"},"inLanguage":"fr-FR","potentialAction":[{"@type":"ReadAction","target":["https:\/\/www.ummto.dz\/fshs\/emploi-du-temps\/"]}]},{"@type":"BreadcrumbList","@id":"https:\/\/www.ummto.dz\/fshs\/emploi-du-temps\/#breadcrumb","itemListElement":[{"@type":"ListItem","position":1,"name":"Accueil","item":"https:\/\/www.ummto.dz\/fshs\/"},{"@type":"ListItem","position":2,"name":"Emploi du temps"}]},{"@type":"WebSite","@id":"https:\/\/www.ummto.dz\/fshs\/#website","url":"https:\/\/www.ummto.dz\/fshs\/","name":"Facult\u00e9 des Sciences Humaines et Sociales","description":"","potentialAction":[{"@type":"SearchAction","target":{"@type":"EntryPoint","urlTemplate":"https:\/\/www.ummto.dz\/fshs\/?s={search_term_string}"},"query-input":{"@type":"PropertyValueSpecification","valueRequired":true,"valueName":"search_term_string"}}],"inLanguage":"fr-FR"}]}},"_links":{"self":[{"href":"https:\/\/www.ummto.dz\/fshs\/wp-json\/wp\/v2\/pages\/322","targetHints":{"allow":["GET"]}}],"collection":[{"href":"https:\/\/www.ummto.dz\/fshs\/wp-json\/wp\/v2\/pages"}],"about":[{"href":"https:\/\/www.ummto.dz\/fshs\/wp-json\/wp\/v2\/types\/page"}],"author":[{"embeddable":true,"href":"https:\/\/www.ummto.dz\/fshs\/wp-json\/wp\/v2\/users\/1"}],"replies":[{"embeddable":true,"href":"https:\/\/www.ummto.dz\/fshs\/wp-json\/wp\/v2\/comments?post=322"}],"version-history":[{"count":6,"href":"https:\/\/www.ummto.dz\/fshs\/wp-json\/wp\/v2\/pages\/322\/revisions"}],"predecessor-version":[{"id":7107,"href":"https:\/\/www.ummto.dz\/fshs\/wp-json\/wp\/v2\/pages\/322\/revisions\/7107"}],"wp:attachment":[{"href":"https:\/\/www.ummto.dz\/fshs\/wp-json\/wp\/v2\/media?parent=322"}],"curies":[{"name":"wp","href":"https:\/\/api.w.org\/{rel}","templated":true}]}}