{"id":360,"date":"2018-06-27T11:00:26","date_gmt":"2018-06-27T09:00:26","guid":{"rendered":"http:\/\/fgei.ummto.dz\/?page_id=360"},"modified":"2018-09-17T10:00:52","modified_gmt":"2018-09-17T08:00:52","slug":"doctorat-classique","status":"publish","type":"page","link":"https:\/\/www.ummto.dz\/fshs\/doctorat-classique\/","title":{"rendered":"Doctorat classique"},"content":{"rendered":"<p><span style=\"color: #000000;\"><strong> 1-<\/strong><u><strong>Constitution du dossier d\u2019inscription en Doctorat<\/strong> <\/u><\/span><\/p>\n<p style=\"text-align: justify;\"><span style=\"color: #000000;\"><strong><span style=\"color: #008000;\">Pi\u00e8ces \u00e0 fournir:<\/span><\/strong>\u00a0 (l\u2019int\u00e9ress\u00e9 aura \u00e0 <span style=\"color: #ff0000;\">fournir deux exemplaires<\/span> du dossier) <\/span><\/p>\n<ul style=\"text-align: justify;\">\n<li><span style=\"color: #000000;\">Formulaire de demande d\u2019inscription en 1<sup>\u00e9re<\/sup> ann\u00e9e de th\u00e8se de Doctorat, vis\u00e9 par le Directeur de th\u00e8se <strong><span style=\"color: #000080;\"><a style=\"color: #000080;\" href=\"http:\/\/fgei.ummto.dz\/wp-content\/uploads\/2018\/06\/Formulaire-dinscription.docx\">(\u00e0 t\u00e9l\u00e9charger ici)<\/a>.<\/span><\/strong><\/span><\/li>\n<li><span style=\"color: #000000;\">Attestations de non inscription \u00e0 une ou plusieurs formations \u00e0 l\u2019UMMTO ou en dehors de l\u2019UMMTO (D\u00e9claration sur l\u2019Honneur l\u00e9galis\u00e9e)<span style=\"color: #000080;\"><strong><a style=\"color: #000080;\" href=\"http:\/\/fgei.ummto.dz\/wp-content\/uploads\/2018\/07\/D\u00e9claration-sur-l\u2019Honneur.docx\">(\u00e0 t\u00e9l\u00e9charger ici)<\/a><\/strong><\/span>.<\/span><\/li>\n<li><span style=\"color: #000000;\">Copies des dipl\u00f4mes (Bac, Graduation, Magister), \u00e0 joindre \u00e9quivalence pour tout dipl\u00f4me obtenu \u00e0 l\u2019\u00e9tranger.<\/span><\/li>\n<li><span style=\"color: #000000;\">Extrait d\u2019acte de naissance r\u00e9cent.<\/span><\/li>\n<li><span style=\"color: #000000;\">Attestations de fonction (qualit\u00e9 enseignant \u00e0 l\u2019universit\u00e9).<\/span><\/li>\n<li><span style=\"color: #000000;\">Autorisation de l\u2019employeur (candidats salari\u00e9s).<\/span><\/li>\n<li><span style=\"color: #000000;\">Original du plan de travail d\u00e9taill\u00e9, dat\u00e9 de sign\u00e9 par le Directeur de th\u00e8se et par le Co-directeur de th\u00e8se.<\/span><\/li>\n<li><span style=\"color: #000000;\">CV du Directeur de th\u00e8se.<\/span><\/li>\n<li><span style=\"color: #000000;\">CV du Co-directeur de th\u00e8se.<\/span><\/li>\n<li><span style=\"color: #000000;\">Attestation de co-direction de th\u00e8se vis\u00e9e par l\u2019encadreur, apr\u00e8s accord de ce dernier. <\/span><\/li>\n<li><span style=\"color: #000000;\">Frais d\u2019inscription (Mandat), <strong><span style=\"color: #000080;\">(\u00e0 t\u00e9l\u00e9charger ici)<\/span><\/strong>.<\/span><\/li>\n<li><span style=\"color: #000000;\">(03) photos d\u2019identit\u00e9 (nom et pr\u00e9nom au verso).<\/span><\/li>\n<li><span style=\"color: #000000;\">Proc\u00e8s Verbal de soutenance de Magister pour les candidats hors \u00e9tablissement. <\/span><\/li>\n<li><span style=\"color: #000000;\">Engagement par rapport au plagiat (conform\u00e9ment \u00e0 l\u2019arr\u00eat\u00e9 N\u00b0 933 du 28\/07\/2016) <a href=\"http:\/\/fgei.ummto.dz\/wp-content\/uploads\/2018\/07\/Engagement.docx\"><strong><span style=\"color: #000080;\">(\u00e0 t\u00e9l\u00e9charger ici)<\/span><\/strong><\/a>.<\/span><\/li>\n<\/ul>\n<p style=\"text-align: justify;\"><strong><span style=\"color: #008000;\">Pour\u00a0 les cas de transfert\u00a0:<\/span><\/strong><\/p>\n<ul style=\"text-align: justify;\">\n<li><span style=\"color: #000000;\">Fiche de transfert en 03 exemplaires vis\u00e9s par les deux (02) \u00e9tablissements d\u2019origine et d\u2019accueil (Pr\u00e9sident du CSF, Doyen de la Facult\u00e9, Vice Recteur\/PGRS).<\/span><\/li>\n<li><span style=\"color: #000000;\">Proc\u00e8s Verbal du Conseil Scientifique avalisant le sujet et le Directeur de th\u00e8se et accordant le transfert et l\u2019inscription pour l\u2019ann\u00e9e en cours.<\/span><\/li>\n<li><span style=\"color: #000000;\">Attestation de non inscription \u00e0 une ou plusieurs formations \u00e0 l\u2019UMMTO ou hors UMMTO (D\u00e9claration sur l\u2019Honneur l\u00e9galis\u00e9e) <a href=\"http:\/\/fgei.ummto.dz\/wp-content\/uploads\/2018\/07\/D\u00e9claration-sur-l\u2019Honneur.docx\"><strong><span style=\"color: #000080;\">(\u00e0 t\u00e9l\u00e9charger ici)<\/span><\/strong><\/a>.<\/span><\/li>\n<li><span style=\"color: #000000;\">Copie des dipl\u00f4mes\u00a0: Bac, Graduation, Magister (joindre \u00e9quivalence de tout dipl\u00f4me \u00e9tranger).<\/span><\/li>\n<li><span style=\"color: #000000;\">Dossiers d\u2019inscription ant\u00e9rieurs (\u00e9tablissement d\u2019origine).<\/span><\/li>\n<\/ul>\n<p style=\"text-align: justify;\"><span style=\"color: #800000;\"><strong>Remarque\u00a0:<\/strong><\/span><\/p>\n<ul>\n<li style=\"text-align: justify;\"><span style=\"color: #000000;\">Les fiches de transfert sont \u00e0 retirer aupr\u00e8s de l\u2019Universit\u00e9 d\u2019origine.<\/span><\/li>\n<li style=\"text-align: justify;\"><span style=\"color: #000000;\">Aucun transfert vers l\u2019UMMTO ne peut \u00eatre accord\u00e9 dans les cas suivants\u00a0:<\/span><\/li>\n<\/ul>\n<ol>\n<li><span style=\"color: #000000;\">Interruption d\u2019inscription.<\/span><\/li>\n<li><span style=\"color: #000000;\">Transfert en derni\u00e8re ann\u00e9e d\u2019inscription (ann\u00e9e de soutenance).<\/span><\/li>\n<li><span style=\"color: #000000;\">D\u00e9passement de la dur\u00e9e r\u00e9glementaire.<\/span><\/li>\n<li><span style=\"color: #000000;\">Changement de sujet et\/ou de directeur de th\u00e8se lors du transfert.<\/span><\/li>\n<\/ol>\n<p><span style=\"color: #000000;\"><strong> 2-<\/strong><u><strong>Constitution du dossier de r\u00e9inscription en Doctorat<\/strong> <\/u><\/span><\/p>\n<p style=\"text-align: justify;\"><strong><span style=\"color: #008000;\">Pi\u00e8ces \u00e0 fournir\u00a0:<\/span><\/strong><\/p>\n<ul style=\"text-align: justify;\">\n<li><span style=\"color: #000000;\">Formulaire de r\u00e9inscription\u00a0 (imprim\u00e9 fourni et r\u00e9cup\u00e9rer au niveau du d\u00e9partement).<\/span><\/li>\n<li><span style=\"color: #000000;\">\u00c9tat d\u2019avancement vis\u00e9 par le Directeur de th\u00e8se et par le Co \u2013Directeur.<\/span><\/li>\n<\/ul>\n<p style=\"text-align: justify;\"><span style=\"color: #000000;\"><strong><span style=\"color: #800000;\">Important\u00a0: <\/span><\/strong>L\u2019interruption\u00a0 des inscriptions n\u2019est pas autoris\u00e9e.<\/span><\/p>\n","protected":false},"excerpt":{"rendered":"<p>1-Constitution du dossier d\u2019inscription en Doctorat Pi\u00e8ces \u00e0 fournir:\u00a0 (l\u2019int\u00e9ress\u00e9 aura \u00e0 fournir deux exemplaires du dossier) Formulaire de demande d\u2019inscription en 1\u00e9re ann\u00e9e de th\u00e8se de Doctorat, vis\u00e9 par le Directeur de th\u00e8se (\u00e0 t\u00e9l\u00e9charger ici). Attestations de non inscription \u00e0 une ou plusieurs formations \u00e0 l\u2019UMMTO ou en dehors de l\u2019UMMTO (D\u00e9claration sur [&hellip;]<\/p>\n","protected":false},"author":1,"featured_media":0,"parent":0,"menu_order":0,"comment_status":"closed","ping_status":"closed","template":"","meta":{"_et_pb_use_builder":"","_et_pb_old_content":"","_et_gb_content_width":"","footnotes":""},"class_list":["post-360","page","type-page","status-publish","hentry"],"yoast_head":"<!-- This site is optimized with the Yoast SEO plugin v27.3 - https:\/\/yoast.com\/product\/yoast-seo-wordpress\/ -->\n<title>Doctorat classique - Facult\u00e9 des Sciences Humaines et Sociales<\/title>\n<meta name=\"robots\" content=\"index, follow, max-snippet:-1, max-image-preview:large, max-video-preview:-1\" \/>\n<link rel=\"canonical\" href=\"https:\/\/www.ummto.dz\/fshs\/doctorat-classique\/\" \/>\n<meta property=\"og:locale\" content=\"fr_FR\" \/>\n<meta property=\"og:type\" content=\"article\" \/>\n<meta property=\"og:title\" content=\"Doctorat classique - Facult\u00e9 des Sciences Humaines et Sociales\" \/>\n<meta property=\"og:description\" content=\"1-Constitution du dossier d\u2019inscription en Doctorat Pi\u00e8ces \u00e0 fournir:\u00a0 (l\u2019int\u00e9ress\u00e9 aura \u00e0 fournir deux exemplaires du dossier) Formulaire de demande d\u2019inscription en 1\u00e9re ann\u00e9e de th\u00e8se de Doctorat, vis\u00e9 par le Directeur de th\u00e8se (\u00e0 t\u00e9l\u00e9charger ici). Attestations de non inscription \u00e0 une ou plusieurs formations \u00e0 l\u2019UMMTO ou en dehors de l\u2019UMMTO (D\u00e9claration sur [&hellip;]\" \/>\n<meta property=\"og:url\" content=\"https:\/\/www.ummto.dz\/fshs\/doctorat-classique\/\" \/>\n<meta property=\"og:site_name\" content=\"Facult\u00e9 des Sciences Humaines et Sociales\" \/>\n<meta property=\"article:modified_time\" content=\"2018-09-17T08:00:52+00:00\" \/>\n<meta name=\"twitter:card\" content=\"summary_large_image\" \/>\n<meta name=\"twitter:label1\" content=\"Dur\u00e9e de lecture estim\u00e9e\" \/>\n\t<meta name=\"twitter:data1\" content=\"2 minutes\" \/>\n<script type=\"application\/ld+json\" class=\"yoast-schema-graph\">{\"@context\":\"https:\\\/\\\/schema.org\",\"@graph\":[{\"@type\":\"WebPage\",\"@id\":\"https:\\\/\\\/www.ummto.dz\\\/fshs\\\/doctorat-classique\\\/\",\"url\":\"https:\\\/\\\/www.ummto.dz\\\/fshs\\\/doctorat-classique\\\/\",\"name\":\"Doctorat classique - Facult\u00e9 des Sciences Humaines et Sociales\",\"isPartOf\":{\"@id\":\"https:\\\/\\\/www.ummto.dz\\\/fshs\\\/#website\"},\"datePublished\":\"2018-06-27T09:00:26+00:00\",\"dateModified\":\"2018-09-17T08:00:52+00:00\",\"breadcrumb\":{\"@id\":\"https:\\\/\\\/www.ummto.dz\\\/fshs\\\/doctorat-classique\\\/#breadcrumb\"},\"inLanguage\":\"fr-FR\",\"potentialAction\":[{\"@type\":\"ReadAction\",\"target\":[\"https:\\\/\\\/www.ummto.dz\\\/fshs\\\/doctorat-classique\\\/\"]}]},{\"@type\":\"BreadcrumbList\",\"@id\":\"https:\\\/\\\/www.ummto.dz\\\/fshs\\\/doctorat-classique\\\/#breadcrumb\",\"itemListElement\":[{\"@type\":\"ListItem\",\"position\":1,\"name\":\"Accueil\",\"item\":\"https:\\\/\\\/www.ummto.dz\\\/fshs\\\/\"},{\"@type\":\"ListItem\",\"position\":2,\"name\":\"Doctorat classique\"}]},{\"@type\":\"WebSite\",\"@id\":\"https:\\\/\\\/www.ummto.dz\\\/fshs\\\/#website\",\"url\":\"https:\\\/\\\/www.ummto.dz\\\/fshs\\\/\",\"name\":\"Facult\u00e9 des Sciences Humaines et Sociales\",\"description\":\"\",\"potentialAction\":[{\"@type\":\"SearchAction\",\"target\":{\"@type\":\"EntryPoint\",\"urlTemplate\":\"https:\\\/\\\/www.ummto.dz\\\/fshs\\\/?s={search_term_string}\"},\"query-input\":{\"@type\":\"PropertyValueSpecification\",\"valueRequired\":true,\"valueName\":\"search_term_string\"}}],\"inLanguage\":\"fr-FR\"}]}<\/script>\n<!-- \/ Yoast SEO plugin. -->","yoast_head_json":{"title":"Doctorat classique - Facult\u00e9 des Sciences Humaines et Sociales","robots":{"index":"index","follow":"follow","max-snippet":"max-snippet:-1","max-image-preview":"max-image-preview:large","max-video-preview":"max-video-preview:-1"},"canonical":"https:\/\/www.ummto.dz\/fshs\/doctorat-classique\/","og_locale":"fr_FR","og_type":"article","og_title":"Doctorat classique - Facult\u00e9 des Sciences Humaines et Sociales","og_description":"1-Constitution du dossier d\u2019inscription en Doctorat Pi\u00e8ces \u00e0 fournir:\u00a0 (l\u2019int\u00e9ress\u00e9 aura \u00e0 fournir deux exemplaires du dossier) Formulaire de demande d\u2019inscription en 1\u00e9re ann\u00e9e de th\u00e8se de Doctorat, vis\u00e9 par le Directeur de th\u00e8se (\u00e0 t\u00e9l\u00e9charger ici). Attestations de non inscription \u00e0 une ou plusieurs formations \u00e0 l\u2019UMMTO ou en dehors de l\u2019UMMTO (D\u00e9claration sur [&hellip;]","og_url":"https:\/\/www.ummto.dz\/fshs\/doctorat-classique\/","og_site_name":"Facult\u00e9 des Sciences Humaines et Sociales","article_modified_time":"2018-09-17T08:00:52+00:00","twitter_card":"summary_large_image","twitter_misc":{"Dur\u00e9e de lecture estim\u00e9e":"2 minutes"},"schema":{"@context":"https:\/\/schema.org","@graph":[{"@type":"WebPage","@id":"https:\/\/www.ummto.dz\/fshs\/doctorat-classique\/","url":"https:\/\/www.ummto.dz\/fshs\/doctorat-classique\/","name":"Doctorat classique - Facult\u00e9 des Sciences Humaines et Sociales","isPartOf":{"@id":"https:\/\/www.ummto.dz\/fshs\/#website"},"datePublished":"2018-06-27T09:00:26+00:00","dateModified":"2018-09-17T08:00:52+00:00","breadcrumb":{"@id":"https:\/\/www.ummto.dz\/fshs\/doctorat-classique\/#breadcrumb"},"inLanguage":"fr-FR","potentialAction":[{"@type":"ReadAction","target":["https:\/\/www.ummto.dz\/fshs\/doctorat-classique\/"]}]},{"@type":"BreadcrumbList","@id":"https:\/\/www.ummto.dz\/fshs\/doctorat-classique\/#breadcrumb","itemListElement":[{"@type":"ListItem","position":1,"name":"Accueil","item":"https:\/\/www.ummto.dz\/fshs\/"},{"@type":"ListItem","position":2,"name":"Doctorat classique"}]},{"@type":"WebSite","@id":"https:\/\/www.ummto.dz\/fshs\/#website","url":"https:\/\/www.ummto.dz\/fshs\/","name":"Facult\u00e9 des Sciences Humaines et Sociales","description":"","potentialAction":[{"@type":"SearchAction","target":{"@type":"EntryPoint","urlTemplate":"https:\/\/www.ummto.dz\/fshs\/?s={search_term_string}"},"query-input":{"@type":"PropertyValueSpecification","valueRequired":true,"valueName":"search_term_string"}}],"inLanguage":"fr-FR"}]}},"_links":{"self":[{"href":"https:\/\/www.ummto.dz\/fshs\/wp-json\/wp\/v2\/pages\/360","targetHints":{"allow":["GET"]}}],"collection":[{"href":"https:\/\/www.ummto.dz\/fshs\/wp-json\/wp\/v2\/pages"}],"about":[{"href":"https:\/\/www.ummto.dz\/fshs\/wp-json\/wp\/v2\/types\/page"}],"author":[{"embeddable":true,"href":"https:\/\/www.ummto.dz\/fshs\/wp-json\/wp\/v2\/users\/1"}],"replies":[{"embeddable":true,"href":"https:\/\/www.ummto.dz\/fshs\/wp-json\/wp\/v2\/comments?post=360"}],"version-history":[{"count":27,"href":"https:\/\/www.ummto.dz\/fshs\/wp-json\/wp\/v2\/pages\/360\/revisions"}],"predecessor-version":[{"id":758,"href":"https:\/\/www.ummto.dz\/fshs\/wp-json\/wp\/v2\/pages\/360\/revisions\/758"}],"wp:attachment":[{"href":"https:\/\/www.ummto.dz\/fshs\/wp-json\/wp\/v2\/media?parent=360"}],"curies":[{"name":"wp","href":"https:\/\/api.w.org\/{rel}","templated":true}]}}