{"id":362,"date":"2018-06-27T11:00:39","date_gmt":"2018-06-27T09:00:39","guid":{"rendered":"http:\/\/fgei.ummto.dz\/?page_id=362"},"modified":"2018-09-17T13:20:43","modified_gmt":"2018-09-17T11:20:43","slug":"doctorat-lmd","status":"publish","type":"page","link":"https:\/\/www.ummto.dz\/fshs\/doctorat-lmd\/","title":{"rendered":"Doctorat LMD"},"content":{"rendered":"<ol>\n<li><span style=\"text-decoration: underline; color: #000000;\"><strong>Constitution du dossier d\u2019inscription en Doctorat 3<sup>\u00e8me<\/sup> Cycle (LMD)<\/strong><\/span><\/li>\n<\/ol>\n<p><span style=\"color: #008000;\"><strong>Pi\u00e8ces \u00e0 fournir\u00a0:<\/strong><\/span><\/p>\n<p><span style=\"color: #000000;\"><span style=\"text-decoration: underline;\"><span style=\"color: #993366;\"><strong><span style=\"color: #800080; text-decoration: underline;\">Premi\u00e8re inscription<\/span> <\/strong><\/span><\/span>(l\u2019int\u00e9ress\u00e9 aura \u00e0 fournir<strong><span style=\"color: #ff0000;\"> deux exemplaires<\/span><\/strong> du dossier)<em><img decoding=\"async\" class=\"size-thumbnail wp-image-132 alignright\" src=\"http:\/\/fgei.ummto.dz\/wp-content\/uploads\/2018\/01\/doctorat-1-150x150.png\" alt=\"\" width=\"150\" height=\"150\" srcset=\"https:\/\/www.ummto.dz\/fshs\/wp-content\/uploads\/2018\/01\/doctorat-1-150x150.png 150w, https:\/\/www.ummto.dz\/fshs\/wp-content\/uploads\/2018\/01\/doctorat-1-160x160.png 160w, https:\/\/www.ummto.dz\/fshs\/wp-content\/uploads\/2018\/01\/doctorat-1-320x320.png 320w, https:\/\/www.ummto.dz\/fshs\/wp-content\/uploads\/2018\/01\/doctorat-1.png 100w\" sizes=\"(max-width: 150px) 100vw, 150px\" \/><\/em><\/span><\/p>\n<ul>\n<li><span style=\"color: #000000;\">Formulaire de demande d\u2019inscription en 1<sup>\u00e9re<\/sup> ann\u00e9e de Doctorat (LMD)<strong><span style=\"color: #000080;\"> <a style=\"color: #000080;\" href=\"http:\/\/fgei.ummto.dz\/wp-content\/uploads\/2018\/07\/inscription-LMD.docx\">(\u00e0 t\u00e9l\u00e9charger ici)<\/a><\/span><\/strong>. <\/span><\/li>\n<li><span style=\"color: #000000;\">D\u00e9claration sur l\u2019honneur de non inscription en Post-Graduation l\u00e9galis\u00e9es<strong><span style=\"color: #000080;\"> <a style=\"color: #000080;\" href=\"http:\/\/fgei.ummto.dz\/wp-content\/uploads\/2018\/07\/D\u00e9claration-sur-l\u2019Honneur.docx\">(\u00e0 t\u00e9l\u00e9charger ici)<\/a><\/span><\/strong>.<\/span><\/li>\n<li><span style=\"color: #000000;\">Lettre de motivation (comprenant l\u2019adresse compl\u00e8te, le t\u00e9l\u00e9phone, et l\u2019Email).<\/span><\/li>\n<li><span style=\"color: #000000;\">Copie authentifi\u00e9e de l\u2019annexe descriptive du dipl\u00f4me de Master.<\/span><\/li>\n<li><span style=\"color: #000000;\">Copie authentifi\u00e9e de l\u2019attestation de classement du 2<sup>\u00e8me<\/sup> cycle du candidat. <\/span><\/li>\n<li><span style=\"color: #000000;\">Original de l\u2019autorisation de l\u2019employeur pour les candidats salari\u00e9s.<\/span><\/li>\n<li><span style=\"color: #000000;\">Photocopie authentifi\u00e9e des dipl\u00f4mes du BAC + 1<sup>er<\/sup> et 2<sup>\u00e8me<\/sup> cycle (Licence et Master), \u00e0 joindre \u00e9quivalence pour tout dipl\u00f4me obtenu \u00e0 l\u2019\u00e9tranger.<\/span><\/li>\n<li><span style=\"color: #000000;\">Extrait d\u2019acte de naissance r\u00e9cent.<\/span><\/li>\n<li><span style=\"color: #000000;\">Droits d\u2019inscription (Mandat) (\u00e0 t\u00e9l\u00e9charger ici).<\/span><\/li>\n<li><span style=\"color: #000000;\">Copie authentifi\u00e9e des relev\u00e9s des notes de tout le cursus avec pr\u00e9cision des sessions (Licence et Master). <\/span><\/li>\n<li><span style=\"color: #000000;\">Photos d\u2019identit\u00e9 (nom et pr\u00e9nom au verso).<\/span><\/li>\n<li><span style=\"color: #000000;\">Enveloppes timbr\u00e9es et libell\u00e9es \u00e0 l\u2019adresse du candidat.<\/span><\/li>\n<\/ul>\n<p><span style=\"color: #800080;\"><strong><u>Deuxi\u00e8mes inscription <\/u><\/strong><\/span><\/p>\n<ul>\n<li><span style=\"color: #000000;\">Original du plan de travail d\u00e9taill\u00e9, dat\u00e9 de sign\u00e9 par le Directeur de th\u00e8se.<\/span><\/li>\n<li><span style=\"color: #000000;\">CV du Directeur de th\u00e8se.<\/span><\/li>\n<li><span style=\"color: #000000;\">Attestation de co-direction de th\u00e8se vis\u00e9e par l\u2019encadreur. <\/span><\/li>\n<li><span style=\"color: #000000;\">CV du co-directeur de th\u00e8se.<\/span><\/li>\n<li><span style=\"color: #000000;\">Engagement par rapport au plagiat (conform\u00e9ment \u00e0 l\u2019arr\u00eat\u00e9 N\u00b0 933 du 28\/07\/2016) (\u00e0 t\u00e9l\u00e9charger ici).<\/span><\/li>\n<\/ul>\n<ol start=\"2\">\n<li><span style=\"color: #000000;\"><strong> <u>Constitution du dossier de r\u00e9inscription en Doctorat 3<sup>\u00e8me<\/sup> Cycle (LMD)<\/u><\/strong><\/span><\/li>\n<\/ol>\n<p><strong><span style=\"color: #008000;\">\u00a0Pi\u00e8ces \u00e0 fournir<\/span><\/strong><\/p>\n<ul>\n<li><span style=\"color: #000000;\">Formulaire de r\u00e9inscription <span style=\"color: #000080;\"><strong><a style=\"color: #000080;\" href=\"http:\/\/fgei.ummto.dz\/wp-content\/uploads\/2018\/07\/Fiche-de-r\u00e9inscription-LMD.docx\">(\u00e0 t\u00e9l\u00e9charger ici)<\/a><\/strong><\/span>.\u00a0 <\/span><\/li>\n<li><span style=\"color: #000000;\">Etat d\u2019avancement vis\u00e9 par le Directeur de th\u00e8se et par le Co-Directeur.<\/span><\/li>\n<li><span style=\"color: #000000;\">Demande de d\u00e9rogation exceptionnelle pour une r\u00e9inscription suppl\u00e9mentaire en 4<sup>\u00e8me<\/sup> et 5<sup>\u00e8me<\/sup> ann\u00e9e<strong><span style=\"color: #000080;\"><a style=\"color: #000080;\" href=\"http:\/\/fgei.ummto.dz\/wp-content\/uploads\/2018\/07\/D\u00e9rogation-LMD.docx\"> (\u00e0 t\u00e9l\u00e9charger ici)<\/a>.<\/span><\/strong><\/span><\/li>\n<li><span style=\"color: #000000;\">En cas de d\u00e9sistement de l\u2019encadreur, de changement ou reformulation de l\u2019intitul\u00e9 de la th\u00e8se, l\u2019encadreur doit pr\u00e9senter une demande manuscrite dat\u00e9 et sign\u00e9 par ce dernier. <\/span><\/li>\n<\/ul>\n<p><strong><span style=\"color: #800000;\"><u>Remarque<\/u><\/span><\/strong><\/p>\n<ul>\n<li><span style=\"color: #000000;\">L\u2019interruption des inscriptions en formation doctorale n\u2019est pas autoris\u00e9e (R\u00e9f\u00a0: Note minist\u00e9rielle n\u00b0 115\/DGEFS\/DFDHU\/SDFD\/2017 du 18 mai 2015).<\/span><\/li>\n<\/ul>\n","protected":false},"excerpt":{"rendered":"<p>Constitution du dossier d\u2019inscription en Doctorat 3\u00e8me Cycle (LMD) Pi\u00e8ces \u00e0 fournir\u00a0: Premi\u00e8re inscription (l\u2019int\u00e9ress\u00e9 aura \u00e0 fournir deux exemplaires du dossier) Formulaire de demande d\u2019inscription en 1\u00e9re ann\u00e9e de Doctorat (LMD) (\u00e0 t\u00e9l\u00e9charger ici). D\u00e9claration sur l\u2019honneur de non inscription en Post-Graduation l\u00e9galis\u00e9es (\u00e0 t\u00e9l\u00e9charger ici). Lettre de motivation (comprenant l\u2019adresse compl\u00e8te, le t\u00e9l\u00e9phone, [&hellip;]<\/p>\n","protected":false},"author":1,"featured_media":0,"parent":0,"menu_order":0,"comment_status":"closed","ping_status":"closed","template":"","meta":{"_et_pb_use_builder":"","_et_pb_old_content":"","_et_gb_content_width":"","footnotes":""},"class_list":["post-362","page","type-page","status-publish","hentry"],"yoast_head":"<!-- This site is optimized with the Yoast SEO plugin v27.4 - https:\/\/yoast.com\/product\/yoast-seo-wordpress\/ -->\n<title>Doctorat LMD - Facult\u00e9 des Sciences Humaines et Sociales<\/title>\n<meta name=\"robots\" content=\"index, follow, max-snippet:-1, max-image-preview:large, max-video-preview:-1\" \/>\n<link rel=\"canonical\" href=\"https:\/\/www.ummto.dz\/fshs\/doctorat-lmd\/\" \/>\n<meta property=\"og:locale\" content=\"fr_FR\" \/>\n<meta property=\"og:type\" content=\"article\" \/>\n<meta property=\"og:title\" content=\"Doctorat LMD - Facult\u00e9 des Sciences Humaines et Sociales\" \/>\n<meta property=\"og:description\" content=\"Constitution du dossier d\u2019inscription en Doctorat 3\u00e8me Cycle (LMD) Pi\u00e8ces \u00e0 fournir\u00a0: Premi\u00e8re inscription (l\u2019int\u00e9ress\u00e9 aura \u00e0 fournir deux exemplaires du dossier) Formulaire de demande d\u2019inscription en 1\u00e9re ann\u00e9e de Doctorat (LMD) (\u00e0 t\u00e9l\u00e9charger ici). D\u00e9claration sur l\u2019honneur de non inscription en Post-Graduation l\u00e9galis\u00e9es (\u00e0 t\u00e9l\u00e9charger ici). Lettre de motivation (comprenant l\u2019adresse compl\u00e8te, le t\u00e9l\u00e9phone, [&hellip;]\" \/>\n<meta property=\"og:url\" content=\"https:\/\/www.ummto.dz\/fshs\/doctorat-lmd\/\" \/>\n<meta property=\"og:site_name\" content=\"Facult\u00e9 des Sciences Humaines et Sociales\" \/>\n<meta property=\"article:modified_time\" content=\"2018-09-17T11:20:43+00:00\" \/>\n<meta property=\"og:image\" content=\"http:\/\/fgei.ummto.dz\/wp-content\/uploads\/2018\/01\/doctorat-1-150x150.png\" \/>\n<meta name=\"twitter:card\" content=\"summary_large_image\" \/>\n<meta name=\"twitter:label1\" content=\"Dur\u00e9e de lecture estim\u00e9e\" \/>\n\t<meta name=\"twitter:data1\" content=\"2 minutes\" \/>\n<script type=\"application\/ld+json\" class=\"yoast-schema-graph\">{\"@context\":\"https:\\\/\\\/schema.org\",\"@graph\":[{\"@type\":\"WebPage\",\"@id\":\"https:\\\/\\\/www.ummto.dz\\\/fshs\\\/doctorat-lmd\\\/\",\"url\":\"https:\\\/\\\/www.ummto.dz\\\/fshs\\\/doctorat-lmd\\\/\",\"name\":\"Doctorat LMD - Facult\u00e9 des Sciences Humaines et Sociales\",\"isPartOf\":{\"@id\":\"https:\\\/\\\/www.ummto.dz\\\/fshs\\\/#website\"},\"primaryImageOfPage\":{\"@id\":\"https:\\\/\\\/www.ummto.dz\\\/fshs\\\/doctorat-lmd\\\/#primaryimage\"},\"image\":{\"@id\":\"https:\\\/\\\/www.ummto.dz\\\/fshs\\\/doctorat-lmd\\\/#primaryimage\"},\"thumbnailUrl\":\"http:\\\/\\\/fgei.ummto.dz\\\/wp-content\\\/uploads\\\/2018\\\/01\\\/doctorat-1-150x150.png\",\"datePublished\":\"2018-06-27T09:00:39+00:00\",\"dateModified\":\"2018-09-17T11:20:43+00:00\",\"breadcrumb\":{\"@id\":\"https:\\\/\\\/www.ummto.dz\\\/fshs\\\/doctorat-lmd\\\/#breadcrumb\"},\"inLanguage\":\"fr-FR\",\"potentialAction\":[{\"@type\":\"ReadAction\",\"target\":[\"https:\\\/\\\/www.ummto.dz\\\/fshs\\\/doctorat-lmd\\\/\"]}]},{\"@type\":\"ImageObject\",\"inLanguage\":\"fr-FR\",\"@id\":\"https:\\\/\\\/www.ummto.dz\\\/fshs\\\/doctorat-lmd\\\/#primaryimage\",\"url\":\"http:\\\/\\\/fgei.ummto.dz\\\/wp-content\\\/uploads\\\/2018\\\/01\\\/doctorat-1-150x150.png\",\"contentUrl\":\"http:\\\/\\\/fgei.ummto.dz\\\/wp-content\\\/uploads\\\/2018\\\/01\\\/doctorat-1-150x150.png\"},{\"@type\":\"BreadcrumbList\",\"@id\":\"https:\\\/\\\/www.ummto.dz\\\/fshs\\\/doctorat-lmd\\\/#breadcrumb\",\"itemListElement\":[{\"@type\":\"ListItem\",\"position\":1,\"name\":\"Accueil\",\"item\":\"https:\\\/\\\/www.ummto.dz\\\/fshs\\\/\"},{\"@type\":\"ListItem\",\"position\":2,\"name\":\"Doctorat LMD\"}]},{\"@type\":\"WebSite\",\"@id\":\"https:\\\/\\\/www.ummto.dz\\\/fshs\\\/#website\",\"url\":\"https:\\\/\\\/www.ummto.dz\\\/fshs\\\/\",\"name\":\"Facult\u00e9 des Sciences Humaines et Sociales\",\"description\":\"\",\"potentialAction\":[{\"@type\":\"SearchAction\",\"target\":{\"@type\":\"EntryPoint\",\"urlTemplate\":\"https:\\\/\\\/www.ummto.dz\\\/fshs\\\/?s={search_term_string}\"},\"query-input\":{\"@type\":\"PropertyValueSpecification\",\"valueRequired\":true,\"valueName\":\"search_term_string\"}}],\"inLanguage\":\"fr-FR\"}]}<\/script>\n<!-- \/ Yoast SEO plugin. -->","yoast_head_json":{"title":"Doctorat LMD - Facult\u00e9 des Sciences Humaines et Sociales","robots":{"index":"index","follow":"follow","max-snippet":"max-snippet:-1","max-image-preview":"max-image-preview:large","max-video-preview":"max-video-preview:-1"},"canonical":"https:\/\/www.ummto.dz\/fshs\/doctorat-lmd\/","og_locale":"fr_FR","og_type":"article","og_title":"Doctorat LMD - Facult\u00e9 des Sciences Humaines et Sociales","og_description":"Constitution du dossier d\u2019inscription en Doctorat 3\u00e8me Cycle (LMD) Pi\u00e8ces \u00e0 fournir\u00a0: Premi\u00e8re inscription (l\u2019int\u00e9ress\u00e9 aura \u00e0 fournir deux exemplaires du dossier) Formulaire de demande d\u2019inscription en 1\u00e9re ann\u00e9e de Doctorat (LMD) (\u00e0 t\u00e9l\u00e9charger ici). D\u00e9claration sur l\u2019honneur de non inscription en Post-Graduation l\u00e9galis\u00e9es (\u00e0 t\u00e9l\u00e9charger ici). Lettre de motivation (comprenant l\u2019adresse compl\u00e8te, le t\u00e9l\u00e9phone, [&hellip;]","og_url":"https:\/\/www.ummto.dz\/fshs\/doctorat-lmd\/","og_site_name":"Facult\u00e9 des Sciences Humaines et Sociales","article_modified_time":"2018-09-17T11:20:43+00:00","og_image":[{"url":"http:\/\/fgei.ummto.dz\/wp-content\/uploads\/2018\/01\/doctorat-1-150x150.png","type":"","width":"","height":""}],"twitter_card":"summary_large_image","twitter_misc":{"Dur\u00e9e de lecture estim\u00e9e":"2 minutes"},"schema":{"@context":"https:\/\/schema.org","@graph":[{"@type":"WebPage","@id":"https:\/\/www.ummto.dz\/fshs\/doctorat-lmd\/","url":"https:\/\/www.ummto.dz\/fshs\/doctorat-lmd\/","name":"Doctorat LMD - Facult\u00e9 des Sciences Humaines et Sociales","isPartOf":{"@id":"https:\/\/www.ummto.dz\/fshs\/#website"},"primaryImageOfPage":{"@id":"https:\/\/www.ummto.dz\/fshs\/doctorat-lmd\/#primaryimage"},"image":{"@id":"https:\/\/www.ummto.dz\/fshs\/doctorat-lmd\/#primaryimage"},"thumbnailUrl":"http:\/\/fgei.ummto.dz\/wp-content\/uploads\/2018\/01\/doctorat-1-150x150.png","datePublished":"2018-06-27T09:00:39+00:00","dateModified":"2018-09-17T11:20:43+00:00","breadcrumb":{"@id":"https:\/\/www.ummto.dz\/fshs\/doctorat-lmd\/#breadcrumb"},"inLanguage":"fr-FR","potentialAction":[{"@type":"ReadAction","target":["https:\/\/www.ummto.dz\/fshs\/doctorat-lmd\/"]}]},{"@type":"ImageObject","inLanguage":"fr-FR","@id":"https:\/\/www.ummto.dz\/fshs\/doctorat-lmd\/#primaryimage","url":"http:\/\/fgei.ummto.dz\/wp-content\/uploads\/2018\/01\/doctorat-1-150x150.png","contentUrl":"http:\/\/fgei.ummto.dz\/wp-content\/uploads\/2018\/01\/doctorat-1-150x150.png"},{"@type":"BreadcrumbList","@id":"https:\/\/www.ummto.dz\/fshs\/doctorat-lmd\/#breadcrumb","itemListElement":[{"@type":"ListItem","position":1,"name":"Accueil","item":"https:\/\/www.ummto.dz\/fshs\/"},{"@type":"ListItem","position":2,"name":"Doctorat LMD"}]},{"@type":"WebSite","@id":"https:\/\/www.ummto.dz\/fshs\/#website","url":"https:\/\/www.ummto.dz\/fshs\/","name":"Facult\u00e9 des Sciences Humaines et Sociales","description":"","potentialAction":[{"@type":"SearchAction","target":{"@type":"EntryPoint","urlTemplate":"https:\/\/www.ummto.dz\/fshs\/?s={search_term_string}"},"query-input":{"@type":"PropertyValueSpecification","valueRequired":true,"valueName":"search_term_string"}}],"inLanguage":"fr-FR"}]}},"_links":{"self":[{"href":"https:\/\/www.ummto.dz\/fshs\/wp-json\/wp\/v2\/pages\/362","targetHints":{"allow":["GET"]}}],"collection":[{"href":"https:\/\/www.ummto.dz\/fshs\/wp-json\/wp\/v2\/pages"}],"about":[{"href":"https:\/\/www.ummto.dz\/fshs\/wp-json\/wp\/v2\/types\/page"}],"author":[{"embeddable":true,"href":"https:\/\/www.ummto.dz\/fshs\/wp-json\/wp\/v2\/users\/1"}],"replies":[{"embeddable":true,"href":"https:\/\/www.ummto.dz\/fshs\/wp-json\/wp\/v2\/comments?post=362"}],"version-history":[{"count":25,"href":"https:\/\/www.ummto.dz\/fshs\/wp-json\/wp\/v2\/pages\/362\/revisions"}],"predecessor-version":[{"id":784,"href":"https:\/\/www.ummto.dz\/fshs\/wp-json\/wp\/v2\/pages\/362\/revisions\/784"}],"wp:attachment":[{"href":"https:\/\/www.ummto.dz\/fshs\/wp-json\/wp\/v2\/media?parent=362"}],"curies":[{"name":"wp","href":"https:\/\/api.w.org\/{rel}","templated":true}]}}