{"id":366,"date":"2018-06-27T11:01:25","date_gmt":"2018-06-27T09:01:25","guid":{"rendered":"http:\/\/fgei.ummto.dz\/?page_id=366"},"modified":"2021-11-02T09:52:28","modified_gmt":"2021-11-02T08:52:28","slug":"lmd","status":"publish","type":"page","link":"https:\/\/www.ummto.dz\/fshs\/lmd\/","title":{"rendered":"LMD"},"content":{"rendered":"<p><em><span style=\"color: #000000\"><strong>Soutenances de la th\u00e8se de Doctorat 3<sup>\u00e9me<\/sup> cycle LMD<\/strong><\/span><\/em><\/p>\n<p><span style=\"color: #008000\">1-<u>D\u00e9p\u00f4t du dossier<\/u><\/span><\/p>\n<p><span style=\"color: #000000\">Le candidat doit d\u00e9poser son dossier de soutenance aupr\u00e8s du service de la Post-Graduation. Le dossier comprend les pi\u00e8ces suivantes\u00a0:<\/span><\/p>\n<p><span style=\"color: #000000\">&#8211;\u00a0 Un exemplaire de la th\u00e8se de doctorat<\/span><\/p>\n<p><span style=\"color: #000000\">&#8211;\u00a0 Un r\u00e9sum\u00e9 de la th\u00e8se de doctorat<\/span><\/p>\n<p><span style=\"color: #000000\">&#8211;\u00a0 Rapport de soutenabilit\u00e9 dat\u00e9 et sign\u00e9 par le Directeur de th\u00e8se selon le mod\u00e8le<a href=\"http:\/\/fgei.ummto.dz\/wp-content\/uploads\/2018\/10\/rapport-de-soutenabilit\u00e9-1.dotx\"><span style=\"color: #000080\"><strong> <\/strong><\/span><\/a>\u00a0 <\/span><span style=\"color: #000000\">avec proposition d\u2019un jury d\u2019examen<br \/>\n<\/span><\/p>\n<p><span style=\"color: #000000\">&#8211;\u00a0 Deux (02) exemplaires de la publication<\/span><\/p>\n<p><span style=\"color: #000000\">&#8211;\u00a0 Fiche de recevabilit\u00e9 de la publication conform\u00e9ment \u00e0 la circulaire N\u00b03 de 8 mars 2018 selon la cat\u00e9gorie de la revue<\/span><span style=\"color: #000080\"><strong> <a style=\"color: #000080\" href=\"http:\/\/fgei.ummto.dz\/wp-content\/uploads\/2018\/07\/Recevabilit\u00e9-de-Pub-Doctorat.docx\">(\u00e0 <\/a><a style=\"color: #000080\" href=\"http:\/\/fgei.ummto.dz\/wp-content\/uploads\/2018\/09\/Fiche-de-recevabilit\u00e9.docx\"><\/a>.<\/strong><\/span><\/p>\n<p><span style=\"color: #000000\">&#8211; Rapport de directeur de th\u00e8se sur la publication<\/span><strong>\u00a0<a href=\"http:\/\/fgei.ummto.dz\/wp-content\/uploads\/2018\/10\/rapport-de-soutenabilit\u00e9.dotx\"><span style=\"color: #000080\"><\/span><\/a><\/strong><\/p>\n<p><span style=\"color: #000000\">&#8211; Fiche de contr\u00f4le de l\u2019\u00e9ligibilit\u00e9 de\u00a0 la revue et de l\u2019\u00e9diteur<strong>\u00a0<a href=\"http:\/\/fgei.ummto.dz\/wp-content\/uploads\/2018\/10\/Fiche-de-controle.doc\"><span style=\"color: #000080\"><\/span><\/a><\/strong><\/span><\/p>\n<p><span style=\"color: #800080\">Remarque\u00a0:<\/span> <span style=\"color: #000000\">Le dossier sera envoy\u00e9 au d\u00e9partement pour avis du CSD et CSF.<\/span><\/p>\n<p><span style=\"color: #000000\"><span style=\"color: #008000\">2-<u>Compl\u00e9ment du dossier apr\u00e8s avis des instances scientifiques<\/u><\/span><\/span><\/p>\n<p><span style=\"color: #000000\">Apr\u00e8s l\u2019avis favorable du Conseil Scientifique de la Facult\u00e9 (CSF) \u00e0 la demande de soutenance de l\u2019imp\u00e9trant, ce dernier doit se pr\u00e9senter aupr\u00e8s du service de la Post-Graduation pour compl\u00e9ter son dossier avec les pi\u00e8ces suivantes\u00a0:<\/span><\/p>\n<p><span style=\"color: #000000\">\u00a0\u00a0\u00a0\u00a0\u00a0 &#8211; Deux (02) demandes de notification de jury de soutenance de la th\u00e8se de doctorat<\/span> <span style=\"color: #000080\"><a style=\"color: #000080\" href=\"http:\/\/fgei.ummto.dz\/wp-content\/uploads\/2018\/11\/demande-de-notification.docx\"><strong><\/strong><\/a><\/span><\/p>\n<p><span style=\"color: #000000\">\u00a0 \u00a0\u00a0 &#8211; Un CD (Format PDF) de la th\u00e8se.<\/span><\/p>\n<p><span style=\"color: #000000\">\u00a0\u00a0\u00a0\u00a0 &#8211; Deux (02) fiches d\u2019identification de sujet (saisie sur micro) et \u00e0 envoyer par mail \u00e0 l\u2019adresse suivant\u00a0: <em><strong>post.graduation.vrpgrs@ummto.dz\u00a0<\/strong><\/em><\/span> <span style=\"color: #000080\"><strong><a style=\"color: #000080\" href=\"http:\/\/fgei.ummto.dz\/wp-content\/uploads\/2018\/07\/Identification-de-sujet.docx\"><\/a><\/strong>.<\/span><\/p>\n<p><span style=\"color: #000000\">\u00a0\u00a0\u00a0\u00a0\u00a0 &#8211; Deux (02) copies des dipl\u00f4mes (BAC+Licence+ Master).<\/span><\/p>\n<p><span style=\"color: #000000\">\u00a0\u00a0\u00a0\u00a0\u00a0 &#8211; Deux (02) extraits d\u2019acte de naissance r\u00e9cents.<\/span><\/p>\n<p><span style=\"color: #000000\">\u00a0\u00a0\u00a0\u00a0\u00a0\u00a0 &#8211; Deux (02) photos d\u2019identit\u00e9.<\/span><\/p>\n<p><span style=\"color: #000000\"><span style=\"color: #800000\">Important\u00a0:<\/span> Le CD doit comporter les informations suivantes\u00a0:<\/span><\/p>\n<p><span style=\"color: #000000\">\u00a0\u00a0\u00a0\u00a0\u00a0\u00a0 &#8211;\u00a0 Nom et Pr\u00e9nom du candidat<\/span><\/p>\n<p><span style=\"color: #000000\">\u00a0\u00a0\u00a0\u00a0\u00a0\u00a0 &#8211; Nature de la formation (Doctorat LMD)<\/span><\/p>\n<p><span style=\"color: #000000\">\u00a0\u00a0\u00a0\u00a0\u00a0 &#8211; Ann\u00e9e de la 1<sup>\u00e8re<\/sup> inscription (promotion)<\/span><\/p>\n<p><span style=\"color: #000000\">\u00a0\u00a0\u00a0\u00a0\u00a0 &#8211; Le nombre de pages<\/span><\/p>\n<p><span style=\"color: #000000\">La pr\u00e9sentation d\u2019un long r\u00e9sum\u00e9 de la th\u00e8se de doctorat est obligatoire et ne peut \u00eatre inf\u00e9rieur \u00e0 cinq (05) pages.<\/span><\/p>\n<p><span style=\"color: #000000\">Le r\u00e9sum\u00e9 soigneusement reli\u00e9 doit comporter sur sa page de garde ainsi que sur le verso les informations suivantes\u00a0:<\/span><\/p>\n<ul>\n<li><span style=\"color: #000000\">\u00a0 <span style=\"color: #993366\">Page de garde:<\/span><\/span><\/li>\n<\/ul>\n<p><span style=\"color: #000000\">\u00a0\u00a0\u00a0\u00a0\u00a0\u00a0\u00a0\u00a0 &#8211; L\u2019ent\u00eate de l\u2019UMMTO<\/span><\/p>\n<p><span style=\"color: #000000\">\u00a0\u00a0\u00a0\u00a0\u00a0\u00a0\u00a0\u00a0 &#8211; Nature de la formation (Doctorat LMD)<\/span><\/p>\n<p><span style=\"color: #000000\">\u00a0\u00a0\u00a0\u00a0\u00a0\u00a0\u00a0\u00a0 &#8211; L\u2019intitul\u00e9 de la formation, la sp\u00e9cialit\u00e9.<\/span><\/p>\n<p><span style=\"color: #000000\">\u00a0\u00a0\u00a0\u00a0\u00a0\u00a0\u00a0\u00a0 &#8211; L\u2019intitul\u00e9 du sujet final<\/span><\/p>\n<p><span style=\"color: #000000\">\u00a0\u00a0\u00a0\u00a0\u00a0\u00a0\u00a0 &#8211; Le jury de soutenance<\/span><\/p>\n<ul>\n<li><span style=\"color: #000000\"><span style=\"color: #993366\">Le verso\u00a0:<\/span><\/span><\/li>\n<\/ul>\n<p><span style=\"color: #000000\">Le verso de la th\u00e8se comprenant l\u2019abstract (en anglais et en fran\u00e7ais), doit \u00eatre joint au r\u00e9sum\u00e9.<\/span><\/p>\n<p><span style=\"color: #008000\">3- <span style=\"text-decoration: underline\">Notifications des membres du jury d\u2019examen<\/span><\/span><\/p>\n<p><span style=\"color: #000000\">La th\u00e8se ne peut \u00eatre remise aux membres du jury propos\u00e9 par le Directeur de th\u00e8se et avalis\u00e9 par le Comit\u00e9 Scientifique du D\u00e9partement et le Conseil Scientifique de la Facult\u00e9, qu\u2019apr\u00e8s \u00e9tablissement de la d\u00e9cision de la notification par\u00a0 le Vice Recteur charg\u00e9 de la\u00a0 Post Graduation,\u00a0 et de la Recherche Scientifique. Cette derni\u00e8re, la notification,\u00a0 sera remise aux membres du jury avec un exemplaire de la th\u00e8se pour expertise.<\/span><\/p>\n<p><span style=\"color: #008000\">4- <span style=\"text-decoration: underline\">Etablissement des rapports d\u2019expertise<\/span><\/span><\/p>\n<p><span style=\"color: #000000\">En effet, chaque membre de jury \u00e9tablit un rapport individuel, le Pr\u00e9sident de jury quant \u00e0 lui, \u00e9tablit un rapport de lecture et de synth\u00e8se.<\/span><\/p>\n<p><span style=\"color: #000000\">Le d\u00e9lai r\u00e9glementaire de remise du rapport de lecture est de deux (02) mois, \u00e0 compter de la date de la notification du jury.<\/span><\/p>\n<p><span style=\"color: #000000\">Aucun rapport ne peut \u00eatre dat\u00e9 ant\u00e9rieurement \u00e0 la notification du Vice Rectorat \/ PGRS.<\/span><\/p>\n<p><span style=\"color: #000000\">Les membres de jury exer\u00e7ant hors UMMTO, peuvent provisoirement transmettre leurs rapports d\u2019expertise par mail ou par fax. Toutefois, le d\u00e9p\u00f4t de l\u2019original du rapport le jour de la soutenance est obligatoire.<\/span><\/p>\n<p><span style=\"color: #000000\">Aucun dipl\u00f4me ne sera \u00e9tabli en cas de manque d\u2019un rapport original.<\/span><\/p>\n<p><span style=\"color: #008000\">5- <span style=\"text-decoration: underline\">Etablissement de la d\u00e9cision portant autorisation de soutenance de th\u00e8se de doctorat sur la base des rapports favorables des membres de jury<\/span><\/span><\/p>\n<p><span style=\"color: #000000\">Une fois tous les rapports d\u2019expertise ainsi que le rapport de synth\u00e8se du Pr\u00e9sident de jury sont transmis aux services de la Post-graduation de la facult\u00e9 par ce dernier, il sera proc\u00e9d\u00e9 \u00e0 l\u2019\u00e9tablissement de la d\u00e9cision portant autorisation de soutenance de th\u00e8se de Doctorat en Sciences. Cette derni\u00e8re est sign\u00e9e par M. le Recteur de l\u2019Universit\u00e9.<\/span><\/p>\n<p><span style=\"color: #000000\">Dans le cas d\u2019un rapport d\u00e9favorable, XXXXXXXXXXXXXXX<\/span><\/p>\n<p><span style=\"color: #008000\">6- <span style=\"text-decoration: underline\">Programmation et annonce<\/span><\/span><\/p>\n<p><span style=\"color: #000000\">La soutenance est\u00a0 annonc\u00e9e\u00a0 par voie d\u2019affichage et sur le site Web de l\u2019universit\u00e9, au moins 15 jours avant la date fix\u00e9e.<\/span><\/p>\n<p><span style=\"color: #008000\">7-<span style=\"text-decoration: underline\"> D\u00e9livrance de l\u2019attestation provisoire de Dipl\u00f4me de Doctorat 3<sup>\u00e8me<\/sup> cycle LMD<\/span><\/span><\/p>\n<p><span style=\"color: #000000\">Pour d\u00e9livrance d\u2019attestation provisoire de dipl\u00f4me de doctorat le candidat doit d\u00e9poser au service de Post-Graduation les pi\u00e8ces suivantes\u00a0:<\/span><\/p>\n<ul>\n<li><span style=\"color: #000000\">Fiche de demande d\u2019attestation provisoire de dipl\u00f4me de doctorat <\/span><a href=\"http:\/\/fgei.ummto.dz\/wp-content\/uploads\/2018\/09\/attestation-provisoire-D-LMD.docx\"><strong><span style=\"color: #0000ff\"><\/span><\/strong><\/a><span style=\"color: #000000\"><br \/>\n<\/span><\/li>\n<li><span style=\"color: #000000\">Fiche de circuit<\/span><strong><a href=\"http:\/\/fgei.ummto.dz\/wp-content\/uploads\/2020\/09\/Fiche-Circuit-.doc\"><span style=\"color: #0000ff\"> <\/span><\/a>.<\/strong><\/li>\n<li><span style=\"color: #000000\">Extrait d\u2019acte de naissance.<\/span><\/li>\n<\/ul>\n","protected":false},"excerpt":{"rendered":"<p>Soutenances de la th\u00e8se de Doctorat 3\u00e9me cycle LMD 1-D\u00e9p\u00f4t du dossier Le candidat doit d\u00e9poser son dossier de soutenance aupr\u00e8s du service de la Post-Graduation. Le dossier comprend les pi\u00e8ces suivantes\u00a0: &#8211;\u00a0 Un exemplaire de la th\u00e8se de doctorat &#8211;\u00a0 Un r\u00e9sum\u00e9 de la th\u00e8se de doctorat &#8211;\u00a0 Rapport de soutenabilit\u00e9 dat\u00e9 et sign\u00e9 [&hellip;]<\/p>\n","protected":false},"author":1,"featured_media":0,"parent":0,"menu_order":0,"comment_status":"closed","ping_status":"closed","template":"","meta":{"_et_pb_use_builder":"","_et_pb_old_content":"","_et_gb_content_width":"","footnotes":""},"class_list":["post-366","page","type-page","status-publish","hentry"],"yoast_head":"<!-- This site is optimized with the Yoast SEO plugin v27.3 - https:\/\/yoast.com\/product\/yoast-seo-wordpress\/ -->\n<title>LMD - Facult\u00e9 des Sciences Humaines et Sociales<\/title>\n<meta name=\"robots\" content=\"index, follow, max-snippet:-1, max-image-preview:large, max-video-preview:-1\" \/>\n<link rel=\"canonical\" href=\"https:\/\/www.ummto.dz\/fshs\/lmd\/\" \/>\n<meta property=\"og:locale\" content=\"fr_FR\" \/>\n<meta property=\"og:type\" content=\"article\" \/>\n<meta property=\"og:title\" content=\"LMD - Facult\u00e9 des Sciences Humaines et Sociales\" \/>\n<meta property=\"og:description\" content=\"Soutenances de la th\u00e8se de Doctorat 3\u00e9me cycle LMD 1-D\u00e9p\u00f4t du dossier Le candidat doit d\u00e9poser son dossier de soutenance aupr\u00e8s du service de la Post-Graduation. Le dossier comprend les pi\u00e8ces suivantes\u00a0: &#8211;\u00a0 Un exemplaire de la th\u00e8se de doctorat &#8211;\u00a0 Un r\u00e9sum\u00e9 de la th\u00e8se de doctorat &#8211;\u00a0 Rapport de soutenabilit\u00e9 dat\u00e9 et sign\u00e9 [&hellip;]\" \/>\n<meta property=\"og:url\" content=\"https:\/\/www.ummto.dz\/fshs\/lmd\/\" \/>\n<meta property=\"og:site_name\" content=\"Facult\u00e9 des Sciences Humaines et Sociales\" \/>\n<meta property=\"article:modified_time\" content=\"2021-11-02T08:52:28+00:00\" \/>\n<meta name=\"twitter:card\" content=\"summary_large_image\" \/>\n<meta name=\"twitter:label1\" content=\"Dur\u00e9e de lecture estim\u00e9e\" \/>\n\t<meta name=\"twitter:data1\" content=\"4 minutes\" \/>\n<script type=\"application\/ld+json\" class=\"yoast-schema-graph\">{\"@context\":\"https:\\\/\\\/schema.org\",\"@graph\":[{\"@type\":\"WebPage\",\"@id\":\"https:\\\/\\\/www.ummto.dz\\\/fshs\\\/lmd\\\/\",\"url\":\"https:\\\/\\\/www.ummto.dz\\\/fshs\\\/lmd\\\/\",\"name\":\"LMD - Facult\u00e9 des Sciences Humaines et Sociales\",\"isPartOf\":{\"@id\":\"https:\\\/\\\/www.ummto.dz\\\/fshs\\\/#website\"},\"datePublished\":\"2018-06-27T09:01:25+00:00\",\"dateModified\":\"2021-11-02T08:52:28+00:00\",\"breadcrumb\":{\"@id\":\"https:\\\/\\\/www.ummto.dz\\\/fshs\\\/lmd\\\/#breadcrumb\"},\"inLanguage\":\"fr-FR\",\"potentialAction\":[{\"@type\":\"ReadAction\",\"target\":[\"https:\\\/\\\/www.ummto.dz\\\/fshs\\\/lmd\\\/\"]}]},{\"@type\":\"BreadcrumbList\",\"@id\":\"https:\\\/\\\/www.ummto.dz\\\/fshs\\\/lmd\\\/#breadcrumb\",\"itemListElement\":[{\"@type\":\"ListItem\",\"position\":1,\"name\":\"Accueil\",\"item\":\"https:\\\/\\\/www.ummto.dz\\\/fshs\\\/\"},{\"@type\":\"ListItem\",\"position\":2,\"name\":\"LMD\"}]},{\"@type\":\"WebSite\",\"@id\":\"https:\\\/\\\/www.ummto.dz\\\/fshs\\\/#website\",\"url\":\"https:\\\/\\\/www.ummto.dz\\\/fshs\\\/\",\"name\":\"Facult\u00e9 des Sciences Humaines et Sociales\",\"description\":\"\",\"potentialAction\":[{\"@type\":\"SearchAction\",\"target\":{\"@type\":\"EntryPoint\",\"urlTemplate\":\"https:\\\/\\\/www.ummto.dz\\\/fshs\\\/?s={search_term_string}\"},\"query-input\":{\"@type\":\"PropertyValueSpecification\",\"valueRequired\":true,\"valueName\":\"search_term_string\"}}],\"inLanguage\":\"fr-FR\"}]}<\/script>\n<!-- \/ Yoast SEO plugin. -->","yoast_head_json":{"title":"LMD - Facult\u00e9 des Sciences Humaines et Sociales","robots":{"index":"index","follow":"follow","max-snippet":"max-snippet:-1","max-image-preview":"max-image-preview:large","max-video-preview":"max-video-preview:-1"},"canonical":"https:\/\/www.ummto.dz\/fshs\/lmd\/","og_locale":"fr_FR","og_type":"article","og_title":"LMD - Facult\u00e9 des Sciences Humaines et Sociales","og_description":"Soutenances de la th\u00e8se de Doctorat 3\u00e9me cycle LMD 1-D\u00e9p\u00f4t du dossier Le candidat doit d\u00e9poser son dossier de soutenance aupr\u00e8s du service de la Post-Graduation. Le dossier comprend les pi\u00e8ces suivantes\u00a0: &#8211;\u00a0 Un exemplaire de la th\u00e8se de doctorat &#8211;\u00a0 Un r\u00e9sum\u00e9 de la th\u00e8se de doctorat &#8211;\u00a0 Rapport de soutenabilit\u00e9 dat\u00e9 et sign\u00e9 [&hellip;]","og_url":"https:\/\/www.ummto.dz\/fshs\/lmd\/","og_site_name":"Facult\u00e9 des Sciences Humaines et Sociales","article_modified_time":"2021-11-02T08:52:28+00:00","twitter_card":"summary_large_image","twitter_misc":{"Dur\u00e9e de lecture estim\u00e9e":"4 minutes"},"schema":{"@context":"https:\/\/schema.org","@graph":[{"@type":"WebPage","@id":"https:\/\/www.ummto.dz\/fshs\/lmd\/","url":"https:\/\/www.ummto.dz\/fshs\/lmd\/","name":"LMD - Facult\u00e9 des Sciences Humaines et Sociales","isPartOf":{"@id":"https:\/\/www.ummto.dz\/fshs\/#website"},"datePublished":"2018-06-27T09:01:25+00:00","dateModified":"2021-11-02T08:52:28+00:00","breadcrumb":{"@id":"https:\/\/www.ummto.dz\/fshs\/lmd\/#breadcrumb"},"inLanguage":"fr-FR","potentialAction":[{"@type":"ReadAction","target":["https:\/\/www.ummto.dz\/fshs\/lmd\/"]}]},{"@type":"BreadcrumbList","@id":"https:\/\/www.ummto.dz\/fshs\/lmd\/#breadcrumb","itemListElement":[{"@type":"ListItem","position":1,"name":"Accueil","item":"https:\/\/www.ummto.dz\/fshs\/"},{"@type":"ListItem","position":2,"name":"LMD"}]},{"@type":"WebSite","@id":"https:\/\/www.ummto.dz\/fshs\/#website","url":"https:\/\/www.ummto.dz\/fshs\/","name":"Facult\u00e9 des Sciences Humaines et Sociales","description":"","potentialAction":[{"@type":"SearchAction","target":{"@type":"EntryPoint","urlTemplate":"https:\/\/www.ummto.dz\/fshs\/?s={search_term_string}"},"query-input":{"@type":"PropertyValueSpecification","valueRequired":true,"valueName":"search_term_string"}}],"inLanguage":"fr-FR"}]}},"_links":{"self":[{"href":"https:\/\/www.ummto.dz\/fshs\/wp-json\/wp\/v2\/pages\/366","targetHints":{"allow":["GET"]}}],"collection":[{"href":"https:\/\/www.ummto.dz\/fshs\/wp-json\/wp\/v2\/pages"}],"about":[{"href":"https:\/\/www.ummto.dz\/fshs\/wp-json\/wp\/v2\/types\/page"}],"author":[{"embeddable":true,"href":"https:\/\/www.ummto.dz\/fshs\/wp-json\/wp\/v2\/users\/1"}],"replies":[{"embeddable":true,"href":"https:\/\/www.ummto.dz\/fshs\/wp-json\/wp\/v2\/comments?post=366"}],"version-history":[{"count":35,"href":"https:\/\/www.ummto.dz\/fshs\/wp-json\/wp\/v2\/pages\/366\/revisions"}],"predecessor-version":[{"id":2680,"href":"https:\/\/www.ummto.dz\/fshs\/wp-json\/wp\/v2\/pages\/366\/revisions\/2680"}],"wp:attachment":[{"href":"https:\/\/www.ummto.dz\/fshs\/wp-json\/wp\/v2\/media?parent=366"}],"curies":[{"name":"wp","href":"https:\/\/api.w.org\/{rel}","templated":true}]}}