{"id":5774,"date":"2023-11-05T09:27:50","date_gmt":"2023-11-05T08:27:50","guid":{"rendered":"https:\/\/www.ummto.dz\/fshs\/?page_id=5774"},"modified":"2023-11-05T10:37:25","modified_gmt":"2023-11-05T09:37:25","slug":"liste-de-contacts","status":"publish","type":"page","link":"https:\/\/www.ummto.dz\/fshs\/liste-de-contacts\/","title":{"rendered":"Liste de contacts"},"content":{"rendered":"<p>[et_pb_section fb_built=\u00a0\u00bb1&Prime; theme_builder_area=\u00a0\u00bbpost_content\u00a0\u00bb _builder_version=\u00a0\u00bb4.22.2&Prime; _module_preset=\u00a0\u00bbdefault\u00a0\u00bb][et_pb_row _builder_version=\u00a0\u00bb4.22.2&Prime; _module_preset=\u00a0\u00bbdefault\u00a0\u00bb theme_builder_area=\u00a0\u00bbpost_content\u00a0\u00bb][et_pb_column _builder_version=\u00a0\u00bb4.22.2&Prime; _module_preset=\u00a0\u00bbdefault\u00a0\u00bb type=\u00a0\u00bb4_4&Prime; theme_builder_area=\u00a0\u00bbpost_content\u00a0\u00bb][et_pb_accordion _builder_version=\u00a0\u00bb4.22.2&Prime; _module_preset=\u00a0\u00bbdefault\u00a0\u00bb theme_builder_area=\u00a0\u00bbpost_content\u00a0\u00bb hover_enabled=\u00a0\u00bb0&Prime; sticky_enabled=\u00a0\u00bb0&Prime;][et_pb_accordion_item title=\u00a0\u00bbSciences humaines\u00a0\u00bb _builder_version=\u00a0\u00bb4.22.2&Prime; _module_preset=\u00a0\u00bbdefault\u00a0\u00bb open=\u00a0\u00bbon\u00a0\u00bb theme_builder_area=\u00a0\u00bbpost_content\u00a0\u00bb hover_enabled=\u00a0\u00bb0&Prime; sticky_enabled=\u00a0\u00bb0&Prime;][\/et_pb_accordion_item][et_pb_accordion_item title=\u00a0\u00bbSciences sociales\u00a0\u00bb _builder_version=\u00a0\u00bb4.22.2&Prime; _module_preset=\u00a0\u00bbdefault\u00a0\u00bb open=\u00a0\u00bboff\u00a0\u00bb theme_builder_area=\u00a0\u00bbpost_content\u00a0\u00bb hover_enabled=\u00a0\u00bb0&Prime; sticky_enabled=\u00a0\u00bb0&Prime;][\/et_pb_accordion_item][et_pb_accordion_item title=\u00a0\u00bbPsychologie\u00a0\u00bb _builder_version=\u00a0\u00bb4.22.2&Prime; _module_preset=\u00a0\u00bbdefault\u00a0\u00bb theme_builder_area=\u00a0\u00bbpost_content\u00a0\u00bb hover_enabled=\u00a0\u00bb0&Prime; sticky_enabled=\u00a0\u00bb0&Prime;][\/et_pb_accordion_item][et_pb_accordion_item title=\u00a0\u00bbSciences de l&rsquo;\u00e9ducation\u00a0\u00bb _builder_version=\u00a0\u00bb4.22.2&Prime; _module_preset=\u00a0\u00bbdefault\u00a0\u00bb theme_builder_area=\u00a0\u00bbpost_content\u00a0\u00bb hover_enabled=\u00a0\u00bb0&Prime; sticky_enabled=\u00a0\u00bb0&Prime;][\/et_pb_accordion_item][et_pb_accordion_item title=\u00a0\u00bbOrthophonie\u00a0\u00bb _builder_version=\u00a0\u00bb4.22.2&Prime; _module_preset=\u00a0\u00bbdefault\u00a0\u00bb theme_builder_area=\u00a0\u00bbpost_content\u00a0\u00bb hover_enabled=\u00a0\u00bb0&Prime; sticky_enabled=\u00a0\u00bb0&Prime;]<\/p>\n<p>&nbsp;<\/p>\n<p>Mme Dalila Adda<br \/>Enseignant-chercheur &#8211; orthophoniste, psycholinguiste et cognitif<br \/>Email <a href=\"mailto:dalila.adda@ummto.dz\">dalila.adda@ummto.dz<\/a><\/p>\n<p>Mme Hassina Ahmane<br \/>Enseignant-chercheur &#8211; linguiste<br \/>Email <a href=\"mailto:hassina.ahmane@ummto.dz\">hassina.ahmane@ummto.dz<\/a><\/p>\n<p>Mme Saida Amoura<br \/>Enseignant-chercheur &#8211; orthophoniste, orthophoniste<br \/>Email <a href=\"mailto:saida.amoura@ummto.dz\">saida.amoura@ummto.dz<\/a><\/p>\n<p>M. Sid Ahmed Bara<br \/>Enseignant-chercheur &#8211; orthophoniste, psycholinguiste et cognitif<br \/>Email <a href=\"mailto:sidahmed.bara@ummto.dz\">sidahmed.bara@ummto.dz<\/a><\/p>\n<p>M. Karim Belhaouchet<br \/>Enseignant-chercheur &#8211; orthophoniste, orthophoniste<br \/>Email <a href=\"mailto:karim.belhaouchet@ummto.dz\">karim.belhaouchet@ummto.dz<\/a><\/p>\n<p>Mme Sabiha Bennabi<br \/>Enseignant-chercheur &#8211; orthophoniste, orthophoniste<br \/>Email <a href=\"mailto:sabiha.bennabi@ummto.dz\">sabiha.bennabi@ummto.dz<\/a><\/p>\n<p>M. Abderazak Berrabah<br \/>Enseignant-chercheur &#8211; orthophoniste, orthophoniste | Chef de d\u00e9partement adjoint charg\u00e9 de la postgraduation et de la recherche scientifique<br \/>Email <a href=\"mailto:abderazak.berrabah@ummto.dz\">abderazak.berrabah@ummto.dz<\/a><\/p>\n<p><a href=\"mailto:ch.dep.adj.orth.post.grad@ummto.dz\">ch.dep.adj.orth.post.grad@ummto.dz<\/a><\/p>\n<p>Mme Lillia Bouam<br \/>Enseignant-chercheur &#8211; \u00e9ducateur th\u00e9rapeute, psycholinguiste et cognitif<br \/>Email <a href=\"mailto:lillia.bouam@ummto.dz\">lillia.bouam@ummto.dz<\/a><\/p>\n<p>Mme Fouzia Boufaghes<br \/>Enseignant-chercheur &#8211; orthophoniste, orthophoniste<br \/>Email <a href=\"mailto:fouzia.boufaghes@ummto.dz\">fouzia.boufaghes@ummto.dz<\/a><\/p>\n<p>M. Mohamed Haciane<br \/>Enseignant-chercheur &#8211; orthophoniste, orthophoniste<br \/>Email <a href=\"mailto:mohamed.haciane@ummto.dz\">mohamed.haciane@ummto.dz<\/a><\/p>\n<p>Mme Khadidja Hamri<br \/>Enseignant-chercheur &#8211; orthophoniste, orthophoniste<br \/>Email <a href=\"mailto:khadidja.hamri@ummto.dz\">khadidja.hamri@ummto.dz<\/a><\/p>\n<p>M. Abdelatif Izemrane<br \/>Enseignant-chercheur &#8211; m\u00e9decin, orthophoniste<br \/>Email <a href=\"mailto:abdelatif.izemrane@ummto.dz\">abdelatif.izemrane@ummto.dz<\/a><\/p>\n<p>Mme Meriem Kerdja<br \/>Enseignant-chercheur &#8211; orthophoniste, psycholinguiste et cognitif | Responsable de l&rsquo;\u00e9quipe de la sp\u00e9cialit\u00e9 de neurolinguistique clinique<br \/>Email <a href=\"mailto:meriem.kerdja@ummto.dz\">meriem.kerdja@ummto.dz<\/a><\/p>\n<p><a href=\"mailto:resp.eq.spec.neur.ling.clin@ummto.dz\">resp.eq.spec.neur.ling.clin@ummto.dz<\/a><\/p>\n<p>M. Smail Lamara Mohammed<br \/>Enseignant-chercheur &#8211; orthophoniste, orthophoniste | Chef de d\u00e9partement d&rsquo;orthophonie<br \/>Email <a href=\"mailto:smail.lamaramohammed@ummto.dz\">smail.lamaramohammed@ummto.dz<\/a><\/p>\n<p><a href=\"mailto:ch.dep.orth@ummto.dz\">ch.dep.orth@ummto.dz<\/a><\/p>\n<p>Mme Nadia Matki<br \/>Enseignant-chercheur &#8211; linguiste<br \/>Email <a href=\"mailto:nadia.matki@ummto.dz\">nadia.matki@ummto.dz<\/a><\/p>\n<p>Mme Ouarda Metref<br \/>Enseignant-chercheur &#8211; orthophoniste, orthophoniste | Responsable de l&rsquo;\u00e9quipe de la fili\u00e8re de formation d&rsquo;orthophonie<br \/>Email <a href=\"mailto:ouarda.metref@ummto.dz\">ouarda.metref@ummto.dz<\/a><\/p>\n<p><a href=\"mailto:resp.eq.fil.form.orth@ummto.dz\">resp.eq.fil.form.orth@ummto.dz<\/a><\/p>\n<p>Mme Lyamna Mokrani<br \/>Enseignant-chercheur &#8211; orthophoniste, orthophoniste<br \/>Email <a href=\"mailto:lyamna.mokrani@ummto.dz\">lyamna.mokrani@ummto.dz<\/a><\/p>\n<p>Mme Hadjira Naak<br \/>Enseignant-chercheur &#8211; orthophoniste, orthophoniste | Responsable de l&rsquo;\u00e9quipe de la sp\u00e9cialit\u00e9 d&rsquo;handicap auditif<br \/>Email <a href=\"mailto:hadjira.naak@ummto.dz\">hadjira.naak@ummto.dz<\/a><\/p>\n<p><a href=\"mailto:resp.eq.spec.hand.aud@ummto.dz\">resp.eq.spec.hand.aud@ummto.dz<\/a><\/p>\n<p>Mme Nora Ouannoughi<br \/>Enseignant-chercheur &#8211; orthophoniste, orthophoniste<br \/>Email <a href=\"mailto:nora.ouannoughi@ummto.dz\">nora.ouannoughi@ummto.dz<\/a><\/p>\n<p>M. Walid Ouchait<br \/>Enseignant-chercheur &#8211; orthophoniste, orthophoniste | Chef de d\u00e9partement adjoint charg\u00e9 de la scolarit\u00e9 et des enseignements de graduation<br \/>Email <a href=\"mailto:walid.ouchait@ummto.dz\">walid.ouchait@ummto.dz<\/a><\/p>\n<p><a href=\"mailto:ch.dep.adj.orth.grad@ummto.dz\">ch.dep.adj.orth.grad@ummto.dz<\/a><\/p>\n<p>Mme Hayat Ould Youcef<br \/>Enseignant-chercheur &#8211; orthophoniste, orthophoniste<br \/>Email <a href=\"mailto:hayat.ouldyoucef@ummto.dz\">hayat.ouldyoucef@ummto.dz<\/a><\/p>\n<p>Mme Nadia Sahraoui<br \/>Enseignant-chercheur &#8211; psychologue clinicien, neuropsychologue<br \/>Email <a href=\"mailto:nadia.sahraoui@ummto.dz\">nadia.sahraoui@ummto.dz<\/a><\/p>\n<p>Mme Sara Sahraoui<br \/>Enseignant-chercheur &#8211; neuropsychologue, neuropsychologue<br \/>Email <a href=\"mailto:sara.sahraoui@ummto.dz\">sara.sahraoui@ummto.dz<\/a><\/p>\n<p>Mme Yamina Si Salah<br \/>Enseignant-chercheur &#8211; orthophoniste, orthophoniste<br \/>Email <a href=\"mailto:yamina.sisalah@ummto.dz\">yamina.sisalah@ummto.dz<\/a><\/p>\n<p>Mme Hakima Tachabount<br \/>Enseignant-chercheur &#8211; orthophoniste, orthophoniste | Responsable de l&rsquo;\u00e9quipe de la sp\u00e9cialit\u00e9 d&rsquo;orthophonie<br \/>Email <a href=\"mailto:hakima.tachabount@ummto.dz\">hakima.tachabount@ummto.dz<\/a><\/p>\n<p><a href=\"mailto:resp.eq.spec.orth@ummto.dz\">resp.eq.spec.orth@ummto.dz<\/a><\/p>\n<p>&nbsp;<\/p>\n<p>[\/et_pb_accordion_item][\/et_pb_accordion][\/et_pb_column][\/et_pb_row][\/et_pb_section]<\/p>\n","protected":false},"excerpt":{"rendered":"<p>&nbsp; Mme Dalila AddaEnseignant-chercheur &#8211; orthophoniste, psycholinguiste et cognitifEmail dalila.adda@ummto.dz Mme Hassina AhmaneEnseignant-chercheur &#8211; linguisteEmail hassina.ahmane@ummto.dz Mme Saida AmouraEnseignant-chercheur &#8211; orthophoniste, orthophonisteEmail saida.amoura@ummto.dz M. Sid Ahmed BaraEnseignant-chercheur &#8211; orthophoniste, psycholinguiste et cognitifEmail sidahmed.bara@ummto.dz M. Karim BelhaouchetEnseignant-chercheur &#8211; orthophoniste, orthophonisteEmail karim.belhaouchet@ummto.dz Mme Sabiha BennabiEnseignant-chercheur &#8211; orthophoniste, orthophonisteEmail sabiha.bennabi@ummto.dz M. Abderazak BerrabahEnseignant-chercheur &#8211; orthophoniste, orthophoniste | Chef [&hellip;]<\/p>\n","protected":false},"author":3,"featured_media":5775,"parent":0,"menu_order":0,"comment_status":"closed","ping_status":"closed","template":"","meta":{"_et_pb_use_builder":"on","_et_pb_old_content":"","_et_gb_content_width":"","footnotes":""},"class_list":["post-5774","page","type-page","status-publish","has-post-thumbnail","hentry"],"yoast_head":"<!-- This site is optimized with the Yoast SEO plugin v27.2 - https:\/\/yoast.com\/product\/yoast-seo-wordpress\/ -->\n<title>Liste de contacts - Facult\u00e9 des Sciences Humaines et Sociales<\/title>\n<meta name=\"robots\" content=\"index, follow, max-snippet:-1, max-image-preview:large, max-video-preview:-1\" \/>\n<link rel=\"canonical\" href=\"https:\/\/www.ummto.dz\/fshs\/liste-de-contacts\/\" \/>\n<meta property=\"og:locale\" content=\"fr_FR\" \/>\n<meta property=\"og:type\" content=\"article\" \/>\n<meta property=\"og:title\" content=\"Liste de contacts - Facult\u00e9 des Sciences Humaines et Sociales\" \/>\n<meta property=\"og:description\" content=\"&nbsp; Mme Dalila AddaEnseignant-chercheur - orthophoniste, psycholinguiste et cognitifEmail dalila.adda@ummto.dz Mme Hassina AhmaneEnseignant-chercheur - linguisteEmail hassina.ahmane@ummto.dz Mme Saida AmouraEnseignant-chercheur - orthophoniste, orthophonisteEmail saida.amoura@ummto.dz M. Sid Ahmed BaraEnseignant-chercheur - orthophoniste, psycholinguiste et cognitifEmail sidahmed.bara@ummto.dz M. Karim BelhaouchetEnseignant-chercheur - orthophoniste, orthophonisteEmail karim.belhaouchet@ummto.dz Mme Sabiha BennabiEnseignant-chercheur - orthophoniste, orthophonisteEmail sabiha.bennabi@ummto.dz M. Abderazak BerrabahEnseignant-chercheur - orthophoniste, orthophoniste | Chef [&hellip;]\" \/>\n<meta property=\"og:url\" content=\"https:\/\/www.ummto.dz\/fshs\/liste-de-contacts\/\" \/>\n<meta property=\"og:site_name\" content=\"Facult\u00e9 des Sciences Humaines et Sociales\" \/>\n<meta property=\"article:modified_time\" content=\"2023-11-05T09:37:25+00:00\" \/>\n<meta property=\"og:image\" content=\"https:\/\/www.ummto.dz\/fshs\/wp-content\/uploads\/2023\/11\/contact.png\" \/>\n\t<meta property=\"og:image:width\" content=\"64\" \/>\n\t<meta property=\"og:image:height\" content=\"64\" \/>\n\t<meta property=\"og:image:type\" content=\"image\/png\" \/>\n<meta name=\"twitter:card\" content=\"summary_large_image\" \/>\n<script type=\"application\/ld+json\" class=\"yoast-schema-graph\">{\"@context\":\"https:\/\/schema.org\",\"@graph\":[{\"@type\":\"WebPage\",\"@id\":\"https:\/\/www.ummto.dz\/fshs\/liste-de-contacts\/\",\"url\":\"https:\/\/www.ummto.dz\/fshs\/liste-de-contacts\/\",\"name\":\"Liste de contacts - Facult\u00e9 des Sciences Humaines et Sociales\",\"isPartOf\":{\"@id\":\"https:\/\/www.ummto.dz\/fshs\/#website\"},\"primaryImageOfPage\":{\"@id\":\"https:\/\/www.ummto.dz\/fshs\/liste-de-contacts\/#primaryimage\"},\"image\":{\"@id\":\"https:\/\/www.ummto.dz\/fshs\/liste-de-contacts\/#primaryimage\"},\"thumbnailUrl\":\"https:\/\/www.ummto.dz\/fshs\/wp-content\/uploads\/2023\/11\/contact.png\",\"datePublished\":\"2023-11-05T08:27:50+00:00\",\"dateModified\":\"2023-11-05T09:37:25+00:00\",\"breadcrumb\":{\"@id\":\"https:\/\/www.ummto.dz\/fshs\/liste-de-contacts\/#breadcrumb\"},\"inLanguage\":\"fr-FR\",\"potentialAction\":[{\"@type\":\"ReadAction\",\"target\":[\"https:\/\/www.ummto.dz\/fshs\/liste-de-contacts\/\"]}]},{\"@type\":\"ImageObject\",\"inLanguage\":\"fr-FR\",\"@id\":\"https:\/\/www.ummto.dz\/fshs\/liste-de-contacts\/#primaryimage\",\"url\":\"https:\/\/www.ummto.dz\/fshs\/wp-content\/uploads\/2023\/11\/contact.png\",\"contentUrl\":\"https:\/\/www.ummto.dz\/fshs\/wp-content\/uploads\/2023\/11\/contact.png\",\"width\":64,\"height\":64},{\"@type\":\"BreadcrumbList\",\"@id\":\"https:\/\/www.ummto.dz\/fshs\/liste-de-contacts\/#breadcrumb\",\"itemListElement\":[{\"@type\":\"ListItem\",\"position\":1,\"name\":\"Accueil\",\"item\":\"https:\/\/www.ummto.dz\/fshs\/\"},{\"@type\":\"ListItem\",\"position\":2,\"name\":\"Liste de contacts\"}]},{\"@type\":\"WebSite\",\"@id\":\"https:\/\/www.ummto.dz\/fshs\/#website\",\"url\":\"https:\/\/www.ummto.dz\/fshs\/\",\"name\":\"Facult\u00e9 des Sciences Humaines et Sociales\",\"description\":\"\",\"potentialAction\":[{\"@type\":\"SearchAction\",\"target\":{\"@type\":\"EntryPoint\",\"urlTemplate\":\"https:\/\/www.ummto.dz\/fshs\/?s={search_term_string}\"},\"query-input\":{\"@type\":\"PropertyValueSpecification\",\"valueRequired\":true,\"valueName\":\"search_term_string\"}}],\"inLanguage\":\"fr-FR\"}]}<\/script>\n<!-- \/ Yoast SEO plugin. -->","yoast_head_json":{"title":"Liste de contacts - Facult\u00e9 des Sciences Humaines et Sociales","robots":{"index":"index","follow":"follow","max-snippet":"max-snippet:-1","max-image-preview":"max-image-preview:large","max-video-preview":"max-video-preview:-1"},"canonical":"https:\/\/www.ummto.dz\/fshs\/liste-de-contacts\/","og_locale":"fr_FR","og_type":"article","og_title":"Liste de contacts - Facult\u00e9 des Sciences Humaines et Sociales","og_description":"&nbsp; Mme Dalila AddaEnseignant-chercheur - orthophoniste, psycholinguiste et cognitifEmail dalila.adda@ummto.dz Mme Hassina AhmaneEnseignant-chercheur - linguisteEmail hassina.ahmane@ummto.dz Mme Saida AmouraEnseignant-chercheur - orthophoniste, orthophonisteEmail saida.amoura@ummto.dz M. Sid Ahmed BaraEnseignant-chercheur - orthophoniste, psycholinguiste et cognitifEmail sidahmed.bara@ummto.dz M. Karim BelhaouchetEnseignant-chercheur - orthophoniste, orthophonisteEmail karim.belhaouchet@ummto.dz Mme Sabiha BennabiEnseignant-chercheur - orthophoniste, orthophonisteEmail sabiha.bennabi@ummto.dz M. Abderazak BerrabahEnseignant-chercheur - orthophoniste, orthophoniste | Chef [&hellip;]","og_url":"https:\/\/www.ummto.dz\/fshs\/liste-de-contacts\/","og_site_name":"Facult\u00e9 des Sciences Humaines et Sociales","article_modified_time":"2023-11-05T09:37:25+00:00","og_image":[{"width":64,"height":64,"url":"https:\/\/www.ummto.dz\/fshs\/wp-content\/uploads\/2023\/11\/contact.png","type":"image\/png"}],"twitter_card":"summary_large_image","schema":{"@context":"https:\/\/schema.org","@graph":[{"@type":"WebPage","@id":"https:\/\/www.ummto.dz\/fshs\/liste-de-contacts\/","url":"https:\/\/www.ummto.dz\/fshs\/liste-de-contacts\/","name":"Liste de contacts - Facult\u00e9 des Sciences Humaines et Sociales","isPartOf":{"@id":"https:\/\/www.ummto.dz\/fshs\/#website"},"primaryImageOfPage":{"@id":"https:\/\/www.ummto.dz\/fshs\/liste-de-contacts\/#primaryimage"},"image":{"@id":"https:\/\/www.ummto.dz\/fshs\/liste-de-contacts\/#primaryimage"},"thumbnailUrl":"https:\/\/www.ummto.dz\/fshs\/wp-content\/uploads\/2023\/11\/contact.png","datePublished":"2023-11-05T08:27:50+00:00","dateModified":"2023-11-05T09:37:25+00:00","breadcrumb":{"@id":"https:\/\/www.ummto.dz\/fshs\/liste-de-contacts\/#breadcrumb"},"inLanguage":"fr-FR","potentialAction":[{"@type":"ReadAction","target":["https:\/\/www.ummto.dz\/fshs\/liste-de-contacts\/"]}]},{"@type":"ImageObject","inLanguage":"fr-FR","@id":"https:\/\/www.ummto.dz\/fshs\/liste-de-contacts\/#primaryimage","url":"https:\/\/www.ummto.dz\/fshs\/wp-content\/uploads\/2023\/11\/contact.png","contentUrl":"https:\/\/www.ummto.dz\/fshs\/wp-content\/uploads\/2023\/11\/contact.png","width":64,"height":64},{"@type":"BreadcrumbList","@id":"https:\/\/www.ummto.dz\/fshs\/liste-de-contacts\/#breadcrumb","itemListElement":[{"@type":"ListItem","position":1,"name":"Accueil","item":"https:\/\/www.ummto.dz\/fshs\/"},{"@type":"ListItem","position":2,"name":"Liste de contacts"}]},{"@type":"WebSite","@id":"https:\/\/www.ummto.dz\/fshs\/#website","url":"https:\/\/www.ummto.dz\/fshs\/","name":"Facult\u00e9 des Sciences Humaines et Sociales","description":"","potentialAction":[{"@type":"SearchAction","target":{"@type":"EntryPoint","urlTemplate":"https:\/\/www.ummto.dz\/fshs\/?s={search_term_string}"},"query-input":{"@type":"PropertyValueSpecification","valueRequired":true,"valueName":"search_term_string"}}],"inLanguage":"fr-FR"}]}},"_links":{"self":[{"href":"https:\/\/www.ummto.dz\/fshs\/wp-json\/wp\/v2\/pages\/5774","targetHints":{"allow":["GET"]}}],"collection":[{"href":"https:\/\/www.ummto.dz\/fshs\/wp-json\/wp\/v2\/pages"}],"about":[{"href":"https:\/\/www.ummto.dz\/fshs\/wp-json\/wp\/v2\/types\/page"}],"author":[{"embeddable":true,"href":"https:\/\/www.ummto.dz\/fshs\/wp-json\/wp\/v2\/users\/3"}],"replies":[{"embeddable":true,"href":"https:\/\/www.ummto.dz\/fshs\/wp-json\/wp\/v2\/comments?post=5774"}],"version-history":[{"count":3,"href":"https:\/\/www.ummto.dz\/fshs\/wp-json\/wp\/v2\/pages\/5774\/revisions"}],"predecessor-version":[{"id":5779,"href":"https:\/\/www.ummto.dz\/fshs\/wp-json\/wp\/v2\/pages\/5774\/revisions\/5779"}],"wp:featuredmedia":[{"embeddable":true,"href":"https:\/\/www.ummto.dz\/fshs\/wp-json\/wp\/v2\/media\/5775"}],"wp:attachment":[{"href":"https:\/\/www.ummto.dz\/fshs\/wp-json\/wp\/v2\/media?parent=5774"}],"curies":[{"name":"wp","href":"https:\/\/api.w.org\/{rel}","templated":true}]}}