{"id":2284,"date":"2022-05-15T14:08:05","date_gmt":"2022-05-15T13:08:05","guid":{"rendered":"https:\/\/www.ummto.dz\/vrp\/?page_id=2284"},"modified":"2025-06-17T13:05:12","modified_gmt":"2025-06-17T12:05:12","slug":"vrp-comptes-rendus-de-sorties-pedagogiques","status":"publish","type":"page","link":"https:\/\/www.ummto.dz\/vrp\/ar\/vrp-comptes-rendus-de-sorties-pedagogiques\/","title":{"rendered":"VRP &#8212; Comptes rendus de sorties p\u00e9dagogiques"},"content":{"rendered":"<p>[et_pb_section fb_built=&#8221;1&#8243; custom_padding_last_edited=&#8221;on|desktop&#8221; admin_label=&#8221;Header&#8221; _builder_version=&#8221;4.27.4&#8243; background_image=&#8221;https:\/\/www.ummto.dz\/vrp\/wp-content\/uploads\/tree-838666_1280-300&#215;198.webp&#8221; parallax=&#8221;on&#8221; custom_margin=&#8221;0px||||false|false&#8221; custom_margin_tablet=&#8221;&#8221; custom_margin_phone=&#8221;20px|20px||20px|false|true&#8221; custom_margin_last_edited=&#8221;on|desktop&#8221; custom_padding=&#8221;100px|0px|0px|||&#8221; custom_padding_tablet=&#8221;40px||||false|false&#8221; custom_padding_phone=&#8221;&#8221; border_radii_phone=&#8221;on|20px|20px|20px|20px&#8221; border_radii_last_edited=&#8221;off|desktop&#8221; locked=&#8221;off&#8221; global_colors_info=&#8221;{}&#8221;][et_pb_row use_custom_gutter=&#8221;on&#8221; make_equal=&#8221;on&#8221; custom_padding_last_edited=&#8221;on|tablet&#8221; _builder_version=&#8221;4.27.4&#8243; background_enable_color=&#8221;off&#8221; background_image=&#8221;https:\/\/www.ummto.dz\/fgei\/wp-content\/uploads\/2025\/05\/psychologist-03.jpg&#8221; parallax=&#8221;on&#8221; transform_scale_tablet=&#8221;&#8221; transform_scale_phone=&#8221;&#8221; transform_scale_last_edited=&#8221;on|desktop&#8221; transform_translate=&#8221;30px|0px&#8221; transform_translate_tablet=&#8221;0px|0px&#8221; transform_translate_phone=&#8221;&#8221; transform_translate_last_edited=&#8221;on|tablet&#8221; transform_translate_linked=&#8221;off&#8221; transform_rotate_tablet=&#8221;&#8221; transform_rotate_phone=&#8221;&#8221; transform_rotate_last_edited=&#8221;on|desktop&#8221; transform_skew_tablet=&#8221;&#8221; transform_skew_phone=&#8221;&#8221; transform_skew_last_edited=&#8221;on|desktop&#8221; transform_origin_tablet=&#8221;&#8221; transform_origin_phone=&#8221;&#8221; transform_origin_last_edited=&#8221;on|desktop&#8221; width=&#8221;100%&#8221; width_tablet=&#8221;90%&#8221; width_phone=&#8221;&#8221; width_last_edited=&#8221;on|desktop&#8221; max_width=&#8221;1200px&#8221; module_alignment=&#8221;center&#8221; custom_margin=&#8221;100px||||false|false&#8221; custom_padding=&#8221;43px|0px|43px|140px|false|false&#8221; custom_padding_tablet=&#8221;60px||60px||true|true&#8221; custom_padding_phone=&#8221;40px|20px|40px|20px|true|true&#8221; box_shadow_style=&#8221;preset3&#8243; box_shadow_vertical=&#8221;40px&#8221; box_shadow_blur=&#8221;110px&#8221; box_shadow_spread=&#8221;0px&#8221; box_shadow_color=&#8221;rgba(9,6,38,0.62)&#8221; global_colors_info=&#8221;{}&#8221;][et_pb_column type=&#8221;4_4&#8243; _builder_version=&#8221;4.16&#8243; global_colors_info=&#8221;{}&#8221;][et_pb_text _builder_version=&#8221;4.27.4&#8243; text_font_size=&#8221;16px&#8221; text_line_height=&#8221;1.8em&#8221; header_font=&#8221;Taviraj||||||||&#8221; header_text_align=&#8221;left&#8221; header_letter_spacing=&#8221;3px&#8221; header_line_height=&#8221;1.2em&#8221; max_width=&#8221;600px&#8221; module_alignment=&#8221;left&#8221; custom_margin=&#8221;0px|0px|||false|false&#8221; custom_padding=&#8221;||0px|200px|false|false&#8221; hover_enabled=&#8221;0&#8243; text_font_size_tablet=&#8221;16px&#8221; text_font_size_phone=&#8221;15px&#8221; text_font_size_last_edited=&#8221;on|desktop&#8221; header_font_size_tablet=&#8221;40px&#8221; header_font_size_phone=&#8221;26px&#8221; header_font_size_last_edited=&#8221;on|desktop&#8221; global_colors_info=&#8221;{}&#8221; header_font_size=&#8221;25px&#8221; sticky_enabled=&#8221;0&#8243;]<\/p>\n<h1 style=\"text-align: center;\"><span><span style=\"color: #333333;\">Vice rectorat charg\u00e9 de la p\u00e9dagogie<\/span><\/span><\/h1>\n<p>[\/et_pb_text][\/et_pb_column][\/et_pb_row][et_pb_row use_custom_gutter=&#8221;on&#8221; make_equal=&#8221;on&#8221; _builder_version=&#8221;4.27.4&#8243; _module_preset=&#8221;default&#8221; width=&#8221;100%&#8221; max_width=&#8221;1161px&#8221; module_alignment=&#8221;center&#8221; locked=&#8221;off&#8221; global_colors_info=&#8221;{}&#8221;][et_pb_column type=&#8221;4_4&#8243; _builder_version=&#8221;4.27.4&#8243; _module_preset=&#8221;default&#8221; global_colors_info=&#8221;{}&#8221;][et_pb_menu menu_id=&#8221;2&#8243; menu_style=&#8221;centered&#8221; active_link_color=&#8221;#000000&#8243; dropdown_menu_line_color=&#8221;#166611&#8243; logo_width=&#8221;100%&#8221; logo_height=&#8221;200px&#8221; logo_max_height=&#8221;200px&#8221; show_search_icon=&#8221;on&#8221; logo_width_tablet=&#8221;100%&#8221; logo_width_phone=&#8221;100%&#8221; logo_width_last_edited=&#8221;on|tablet&#8221; _builder_version=&#8221;4.27.4&#8243; _module_preset=&#8221;default&#8221; menu_font=&#8221;Taviraj|600|||||||&#8221; menu_text_color=&#8221;#000000&#8243; width=&#8221;100%&#8221; max_width=&#8221;100%&#8221; module_alignment=&#8221;center&#8221; custom_margin=&#8221;0px|-23px|0px||false|false&#8221; custom_margin_tablet=&#8221;||||false|false&#8221; custom_margin_phone=&#8221;||||false|false&#8221; custom_margin_last_edited=&#8221;on|tablet&#8221; custom_padding=&#8221;15px||15px|0px|false|false&#8221; hover_enabled=&#8221;0&#8243; box_shadow_style=&#8221;preset1&#8243; locked=&#8221;off&#8221; global_colors_info=&#8221;{}&#8221; min_height__hover_enabled=&#8221;on|desktop&#8221; sticky_enabled=&#8221;0&#8243;][\/et_pb_menu][\/et_pb_column][\/et_pb_row][\/et_pb_section][et_pb_section fb_built=&#8221;1&#8243; _builder_version=&#8221;4.16&#8243; _module_preset=&#8221;default&#8221; custom_padding=&#8221;30px|||||&#8221; global_colors_info=&#8221;{}&#8221;][et_pb_row _builder_version=&#8221;4.27.0&#8243; _module_preset=&#8221;default&#8221; box_shadow_style=&#8221;preset1&#8243; box_shadow_color=&#8221;#b5b5b5&#8243; global_colors_info=&#8221;{}&#8221;][et_pb_column type=&#8221;4_4&#8243; _builder_version=&#8221;4.16&#8243; _module_preset=&#8221;default&#8221; global_colors_info=&#8221;{}&#8221;][et_pb_text _builder_version=&#8221;4.27.4&#8243; _module_preset=&#8221;default&#8221; module_alignment=&#8221;center&#8221; custom_padding=&#8221;|20px||20px|false|false&#8221; hover_enabled=&#8221;0&#8243; global_colors_info=&#8221;{}&#8221; sticky_enabled=&#8221;0&#8243;]<\/p>\n<p>&nbsp;<\/p>\n<p><span style=\"color: #993300;\"><strong><\/strong><\/span><\/p>\n<p><span style=\"color: #993300;\"><strong><\/strong><\/span><\/p>\n<h1 style=\"text-align: center;\"><span style=\"color: #008000;\"><strong>Comptes rendus de sorties p\u00e9dagogiques<\/strong><\/span><\/h1>\n<p style=\"text-align: justify;\"><span style=\"color: #000000;\">Compte rendu de sortie p\u00e9dagogique effectu\u00e9e le 8 novembre 2021 sur le barrage Tichi Haf ainsi que sur la station de traitement du barrage Tichi Haf<\/span><\/p>\n<p style=\"text-align: justify;\"><span style=\"color: #000000;\">La sortie a \u00e9t\u00e9 effectu\u00e9e par les \u00e9tudiants en Master M1 &amp; M2 en Constructions Hydrauliques et Am\u00e9nagements ainsi que par les \u00e9tudiants en Master M2 en Ouvrages Hydrauliques.<\/span><\/p>\n<p><span style=\"color: #000000;\"><strong>La sortie a \u00e9t\u00e9 encadr\u00e9e par les enseignants suivants :<\/strong><\/span><br \/><span style=\"color: #000000;\">\u2013 BOUZELHA Karima, Professeure \u00e0 l\u2019universit\u00e9 Mouloud Mammeri de Tizi Ouzou<\/span><br \/><span style=\"color: #000000;\">\u2013 DJEMAI Mohammed, Professeur \u00e0 l\u2019universit\u00e9 Mouloud Mammeri de Tizi Ouzou<\/span><br \/><span style=\"color: #000000;\">\u2013 HAMMOUM Hocine, Professeur \u00e0 l\u2019universit\u00e9 Mouloud Mammeri de Tizi Ouzou<\/span><br \/><span style=\"color: #000000;\">\u2013 ALICHE Amar, Maitre de conf\u00e9rences \u00e0 l\u2019universit\u00e9 Mouloud Mammeri de Tizi Ouzou<\/span><br \/><span style=\"color: #000000;\">\u2013 KHELIL Nacim, Maitre de conf\u00e9rences \u00e0 l\u2019universit\u00e9 Mouloud Mammeri de Tizi Ouzou<\/span><\/p>\n<p><a href=\"https:\/\/www.ummto.dz\/vrp\/wp-content\/uploads\/Genie-civil-Compte-rendu-de-sortie-du-08-Nov-2021.pdf\" target=\"_blank\" rel=\"noopener\"><span style=\"color: #ff0000;\"><strong>&lt;&lt; T\u00e9l\u00e9chargez le compte rendu ici &gt;&gt;<\/strong><\/span><\/a><\/p>\n<p>[\/et_pb_text][et_pb_text _builder_version=&#8221;4.27.0&#8243; _module_preset=&#8221;default&#8221; module_alignment=&#8221;center&#8221; custom_padding=&#8221;|20px||20px|false|false&#8221; global_colors_info=&#8221;{}&#8221;]<\/p>\n<p><span style=\"color: #000000;\">Compte rendu de sortie p\u00e9dagogique effectu\u00e9e le 13 D\u00e9c. 2021 sur les ouvrages hydrauliques (Station de pompage et Barrages) de la daira de Draa El Mizan.<\/span><br \/><span style=\"color: #000000;\">La sortie a \u00e9t\u00e9 effectu\u00e9e par les \u00e9tudiants en Master M2 en Constructions Hydrauliques et Am\u00e9nagements ainsi que par les \u00e9tudiants en Master M2 en Ouvrages Hydrauliques.<\/span><\/p>\n<p><span style=\"color: #000000;\"><strong>La sortie a \u00e9t\u00e9 encadr\u00e9e par les enseignants suivants :<\/strong><\/span><br \/><span style=\"color: #000000;\">\u2013 BOUZELHA Karima, Professeure \u00e0 l\u2019universit\u00e9 Mouloud Mammeri de Tizi Ouzou<\/span><br \/><span style=\"color: #000000;\">\u2013 DJEMAI Mohammed, Professeur \u00e0 l\u2019universit\u00e9 Mouloud Mammeri de Tizi Ouzou<\/span><br \/><span style=\"color: #000000;\">\u2013 HAMMOUM Hocine, Professeur \u00e0 l\u2019universit\u00e9 Mouloud Mammeri de Tizi Ouzou<\/span><br \/><span style=\"color: #000000;\">\u2013 ALICHE Amar, Maitre de conf\u00e9rences \u00e0 l\u2019universit\u00e9 Mouloud Mammeri de Tizi Ouzou<\/span><br \/><span style=\"color: #000000;\">\u2013 KHELIL Nacim, Maitre de conf\u00e9rences \u00e0 l\u2019universit\u00e9 Mouloud Mammeri de Tizi Ouzou<\/span><\/p>\n<p><span style=\"color: #e02b20;\"><a href=\"https:\/\/www.ummto.dz\/vrp\/wp-content\/uploads\/Genie-civil-Compte-rendu-de-sortie-du-13-Dec-2021.pdf\" target=\"_blank\" rel=\"noopener\" style=\"color: #e02b20;\"><strong>&lt;&lt; T\u00e9l\u00e9chargez le compte rendu ici &gt;&gt;<\/strong><\/a><\/span><\/p>\n<p>[\/et_pb_text][et_pb_text _builder_version=&#8221;4.27.0&#8243; _module_preset=&#8221;default&#8221; custom_padding=&#8221;|20px||20px|false|false&#8221; global_colors_info=&#8221;{}&#8221;]<\/p>\n<p>&nbsp;<\/p>\n<p><span style=\"color: #000000;\">Compte rendu de sortie p\u00e9dagogique effectu\u00e9e le 08 Mars 2023 sur le barrage LEKHEL (Bouira).<\/span><\/p>\n<p><span style=\"color: #000000;\">La sortie a \u00e9t\u00e9 effectu\u00e9e par les \u00e9tudiants en Master M2 en Constructions Hydrauliques et Am\u00e9nagements.<\/span><\/p>\n<p><span style=\"color: #000000;\"><strong>La sortie a \u00e9t\u00e9 encadr\u00e9e par les enseignants suivants :<\/strong><\/span><br \/><span style=\"color: #000000;\">\u2013 BOUZELHA Karima, Professeure \u00e0 l\u2019universit\u00e9 Mouloud Mammeri de Tizi Ouzou<\/span><br \/><span style=\"color: #000000;\">\u2013 DJEMAI Mohammed, Professeur \u00e0 l\u2019universit\u00e9 Mouloud Mammeri de Tizi Ouzou<\/span><br \/><span style=\"color: #000000;\">\u2013 HAMMOUM Hocine, Professeur \u00e0 l\u2019universit\u00e9 Mouloud Mammeri de Tizi Ouzou<\/span><br \/><span style=\"color: #000000;\">\u2013 ALICHE Amar, Maitre de conf\u00e9rences \u00e0 l\u2019universit\u00e9 Mouloud Mammeri de Tizi Ouzou<\/span><br \/><span style=\"color: #000000;\">\u2013 KHELIL Nacim, Maitre de conf\u00e9rences \u00e0 l\u2019universit\u00e9 Mouloud Mammeri de Tizi Ouzou<\/span><\/p>\n<p><span style=\"color: #e02b20;\"><a href=\"https:\/\/www.ummto.dz\/vrp\/wp-content\/uploads\/Compte-rendu-de-sortie-Barrage-LEKHEL-8-Mars-2023.pdf\" target=\"_blank\" rel=\"noopener\" style=\"color: #e02b20;\"><strong>&lt;&lt; T\u00e9l\u00e9chargez le compte rendu ici &gt;&gt;<\/strong><\/a><\/span><\/p>\n<p>&nbsp;<\/p>\n<p>&nbsp;<\/p>\n<p>[\/et_pb_text][\/et_pb_column][\/et_pb_row][\/et_pb_section]<\/p>\n","protected":false},"excerpt":{"rendered":"<p>Vice rectorat charg\u00e9 de la p\u00e9dagogie&nbsp; Comptes rendus de sorties p\u00e9dagogiques Compte rendu de sortie p\u00e9dagogique effectu\u00e9e le 8 novembre 2021 sur le barrage Tichi Haf ainsi que sur la station de traitement du barrage Tichi Haf La sortie a \u00e9t\u00e9 effectu\u00e9e par les \u00e9tudiants en Master M1 &amp; M2 en Constructions Hydrauliques et Am\u00e9nagements [&hellip;]<\/p>\n","protected":false},"author":1,"featured_media":0,"parent":0,"menu_order":0,"comment_status":"closed","ping_status":"closed","template":"","meta":{"_et_pb_use_builder":"on","_et_pb_old_content":"","_et_gb_content_width":"","footnotes":""},"class_list":["post-2284","page","type-page","status-publish","hentry"],"translation":{"provider":"WPGlobus","version":"3.0.1","language":"ar","enabled_languages":["en","fr","ar","gb"],"languages":{"en":{"title":true,"content":true,"excerpt":false},"fr":{"title":false,"content":false,"excerpt":false},"ar":{"title":false,"content":false,"excerpt":false},"gb":{"title":false,"content":false,"excerpt":false}}},"yoast_head":"<!-- This site is optimized with the Yoast SEO plugin v26.7 - https:\/\/yoast.com\/wordpress\/plugins\/seo\/ -->\n<title>VRP - Comptes rendus de sorties p\u00e9dagogiques -<\/title>\n<meta name=\"robots\" content=\"index, follow, max-snippet:-1, max-image-preview:large, max-video-preview:-1\" \/>\n<link rel=\"canonical\" href=\"https:\/\/www.ummto.dz\/vrp\/vrp-comptes-rendus-de-sorties-pedagogiques\/\" \/>\n<meta property=\"og:locale\" content=\"ar_AR\" \/>\n<meta property=\"og:type\" content=\"article\" \/>\n<meta property=\"og:title\" content=\"VRP - Comptes rendus de sorties p\u00e9dagogiques -\" \/>\n<meta property=\"og:url\" content=\"https:\/\/www.ummto.dz\/vrp\/vrp-comptes-rendus-de-sorties-pedagogiques\/\" \/>\n<meta property=\"article:modified_time\" content=\"2025-06-17T12:05:12+00:00\" \/>\n<meta name=\"twitter:card\" content=\"summary_large_image\" \/>\n<meta name=\"twitter:label1\" content=\"Est. reading time\" \/>\n\t<meta name=\"twitter:data1\" content=\"5 minutes\" \/>\n<script type=\"application\/ld+json\" class=\"yoast-schema-graph\">{\"@context\":\"https:\/\/schema.org\",\"@graph\":[{\"@type\":\"WebPage\",\"@id\":\"https:\/\/www.ummto.dz\/vrp\/vrp-comptes-rendus-de-sorties-pedagogiques\/\",\"url\":\"https:\/\/www.ummto.dz\/vrp\/vrp-comptes-rendus-de-sorties-pedagogiques\/\",\"name\":\"VRP - Comptes rendus de sorties p\u00e9dagogiques -\",\"isPartOf\":{\"@id\":\"https:\/\/www.ummto.dz\/vrp\/fr\/#website\"},\"datePublished\":\"2022-05-15T13:08:05+00:00\",\"dateModified\":\"2025-06-17T12:05:12+00:00\",\"inLanguage\":\"ar\",\"potentialAction\":[{\"@type\":\"ReadAction\",\"target\":[\"https:\/\/www.ummto.dz\/vrp\/vrp-comptes-rendus-de-sorties-pedagogiques\/\"]}]},{\"@type\":\"WebSite\",\"@id\":\"https:\/\/www.ummto.dz\/vrp\/fr\/#website\",\"url\":\"https:\/\/www.ummto.dz\/vrp\/fr\/\",\"name\":\"\",\"description\":\"Vice-Rectorat charg\u00e9 de la p\u00e9dagogie\",\"potentialAction\":[{\"@type\":\"SearchAction\",\"target\":{\"@type\":\"EntryPoint\",\"urlTemplate\":\"https:\/\/www.ummto.dz\/vrp\/fr\/?s={search_term_string}\"},\"query-input\":{\"@type\":\"PropertyValueSpecification\",\"valueRequired\":true,\"valueName\":\"search_term_string\"}}],\"inLanguage\":\"ar\"}]}<\/script>\n<!-- \/ Yoast SEO plugin. -->","yoast_head_json":{"title":"VRP - Comptes rendus de sorties p\u00e9dagogiques -","robots":{"index":"index","follow":"follow","max-snippet":"max-snippet:-1","max-image-preview":"max-image-preview:large","max-video-preview":"max-video-preview:-1"},"canonical":"https:\/\/www.ummto.dz\/vrp\/vrp-comptes-rendus-de-sorties-pedagogiques\/","og_locale":"ar_AR","og_type":"article","og_title":"VRP - Comptes rendus de sorties p\u00e9dagogiques -","og_url":"https:\/\/www.ummto.dz\/vrp\/vrp-comptes-rendus-de-sorties-pedagogiques\/","article_modified_time":"2025-06-17T12:05:12+00:00","twitter_card":"summary_large_image","twitter_misc":{"Est. reading time":"5 minutes"},"schema":{"@context":"https:\/\/schema.org","@graph":[{"@type":"WebPage","@id":"https:\/\/www.ummto.dz\/vrp\/vrp-comptes-rendus-de-sorties-pedagogiques\/","url":"https:\/\/www.ummto.dz\/vrp\/vrp-comptes-rendus-de-sorties-pedagogiques\/","name":"VRP - Comptes rendus de sorties p\u00e9dagogiques -","isPartOf":{"@id":"https:\/\/www.ummto.dz\/vrp\/fr\/#website"},"datePublished":"2022-05-15T13:08:05+00:00","dateModified":"2025-06-17T12:05:12+00:00","inLanguage":"ar","potentialAction":[{"@type":"ReadAction","target":["https:\/\/www.ummto.dz\/vrp\/vrp-comptes-rendus-de-sorties-pedagogiques\/"]}]},{"@type":"WebSite","@id":"https:\/\/www.ummto.dz\/vrp\/fr\/#website","url":"https:\/\/www.ummto.dz\/vrp\/fr\/","name":"","description":"Vice-Rectorat charg\u00e9 de la p\u00e9dagogie","potentialAction":[{"@type":"SearchAction","target":{"@type":"EntryPoint","urlTemplate":"https:\/\/www.ummto.dz\/vrp\/fr\/?s={search_term_string}"},"query-input":{"@type":"PropertyValueSpecification","valueRequired":true,"valueName":"search_term_string"}}],"inLanguage":"ar"}]}},"_links":{"self":[{"href":"https:\/\/www.ummto.dz\/vrp\/ar\/wp-json\/wp\/v2\/pages\/2284","targetHints":{"allow":["GET"]}}],"collection":[{"href":"https:\/\/www.ummto.dz\/vrp\/ar\/wp-json\/wp\/v2\/pages"}],"about":[{"href":"https:\/\/www.ummto.dz\/vrp\/ar\/wp-json\/wp\/v2\/types\/page"}],"author":[{"embeddable":true,"href":"https:\/\/www.ummto.dz\/vrp\/ar\/wp-json\/wp\/v2\/users\/1"}],"replies":[{"embeddable":true,"href":"https:\/\/www.ummto.dz\/vrp\/ar\/wp-json\/wp\/v2\/comments?post=2284"}],"version-history":[{"count":15,"href":"https:\/\/www.ummto.dz\/vrp\/ar\/wp-json\/wp\/v2\/pages\/2284\/revisions"}],"predecessor-version":[{"id":6917,"href":"https:\/\/www.ummto.dz\/vrp\/ar\/wp-json\/wp\/v2\/pages\/2284\/revisions\/6917"}],"wp:attachment":[{"href":"https:\/\/www.ummto.dz\/vrp\/ar\/wp-json\/wp\/v2\/media?parent=2284"}],"curies":[{"name":"wp","href":"https:\/\/api.w.org\/{rel}","templated":true}]}}