{"id":2318,"date":"2022-05-16T12:55:25","date_gmt":"2022-05-16T11:55:25","guid":{"rendered":"https:\/\/www.ummto.dz\/vrp\/?page_id=2318"},"modified":"2025-06-23T14:57:22","modified_gmt":"2025-06-23T13:57:22","slug":"vrp-imprimes-pour-etudiants-a-telecharger","status":"publish","type":"page","link":"https:\/\/www.ummto.dz\/vrp\/ar\/vrp-imprimes-pour-etudiants-a-telecharger\/","title":{"rendered":"VRP&#8211; Imprim\u00e9s pour \u00e9tudiants a telecharger"},"content":{"rendered":"<p>[et_pb_section fb_built=&#8221;1&#8243; custom_padding_last_edited=&#8221;on|desktop&#8221; admin_label=&#8221;Header&#8221; _builder_version=&#8221;4.27.4&#8243; background_image=&#8221;https:\/\/www.ummto.dz\/vrp\/wp-content\/uploads\/tree-838666_1280-300&#215;198.webp&#8221; parallax=&#8221;on&#8221; custom_margin=&#8221;0px||||false|false&#8221; custom_margin_tablet=&#8221;&#8221; custom_margin_phone=&#8221;20px|20px||20px|false|true&#8221; custom_margin_last_edited=&#8221;on|desktop&#8221; custom_padding=&#8221;100px|0px|0px|||&#8221; custom_padding_tablet=&#8221;40px||||false|false&#8221; custom_padding_phone=&#8221;&#8221; border_radii_phone=&#8221;on|20px|20px|20px|20px&#8221; border_radii_last_edited=&#8221;off|desktop&#8221; locked=&#8221;off&#8221; global_colors_info=&#8221;{}&#8221;][et_pb_row use_custom_gutter=&#8221;on&#8221; make_equal=&#8221;on&#8221; custom_padding_last_edited=&#8221;on|tablet&#8221; _builder_version=&#8221;4.27.4&#8243; background_enable_color=&#8221;off&#8221; background_image=&#8221;https:\/\/www.ummto.dz\/fgei\/wp-content\/uploads\/2025\/05\/psychologist-03.jpg&#8221; parallax=&#8221;on&#8221; transform_scale_tablet=&#8221;&#8221; transform_scale_phone=&#8221;&#8221; transform_scale_last_edited=&#8221;on|desktop&#8221; transform_translate=&#8221;30px|0px&#8221; transform_translate_tablet=&#8221;0px|0px&#8221; transform_translate_phone=&#8221;&#8221; transform_translate_last_edited=&#8221;on|tablet&#8221; transform_translate_linked=&#8221;off&#8221; transform_rotate_tablet=&#8221;&#8221; transform_rotate_phone=&#8221;&#8221; transform_rotate_last_edited=&#8221;on|desktop&#8221; transform_skew_tablet=&#8221;&#8221; transform_skew_phone=&#8221;&#8221; transform_skew_last_edited=&#8221;on|desktop&#8221; transform_origin_tablet=&#8221;&#8221; transform_origin_phone=&#8221;&#8221; transform_origin_last_edited=&#8221;on|desktop&#8221; width=&#8221;100%&#8221; width_tablet=&#8221;90%&#8221; width_phone=&#8221;&#8221; width_last_edited=&#8221;on|desktop&#8221; max_width=&#8221;1200px&#8221; module_alignment=&#8221;center&#8221; custom_margin=&#8221;100px||||false|false&#8221; custom_padding=&#8221;43px|0px|43px|140px|false|false&#8221; custom_padding_tablet=&#8221;60px||60px||true|true&#8221; custom_padding_phone=&#8221;40px|20px|40px|20px|true|true&#8221; box_shadow_style=&#8221;preset3&#8243; box_shadow_vertical=&#8221;40px&#8221; box_shadow_blur=&#8221;110px&#8221; box_shadow_spread=&#8221;0px&#8221; box_shadow_color=&#8221;rgba(9,6,38,0.62)&#8221; global_colors_info=&#8221;{}&#8221;][et_pb_column type=&#8221;4_4&#8243; _builder_version=&#8221;4.16&#8243; global_colors_info=&#8221;{}&#8221;][et_pb_text _builder_version=&#8221;4.27.4&#8243; text_font_size=&#8221;16px&#8221; text_line_height=&#8221;1.8em&#8221; header_font=&#8221;Taviraj||||||||&#8221; header_text_align=&#8221;left&#8221; header_font_size=&#8221;25px&#8221; header_letter_spacing=&#8221;3px&#8221; header_line_height=&#8221;1.2em&#8221; max_width=&#8221;600px&#8221; module_alignment=&#8221;left&#8221; custom_margin=&#8221;0px|0px|||false|false&#8221; custom_padding=&#8221;||0px|200px|false|false&#8221; text_font_size_tablet=&#8221;16px&#8221; text_font_size_phone=&#8221;15px&#8221; text_font_size_last_edited=&#8221;on|desktop&#8221; header_font_size_tablet=&#8221;40px&#8221; header_font_size_phone=&#8221;26px&#8221; header_font_size_last_edited=&#8221;on|desktop&#8221; global_colors_info=&#8221;{}&#8221;]<\/p>\n<h1 style=\"text-align: center\"><span><span style=\"color: #333333\">Vice rectorat charg\u00e9 de la p\u00e9dagogie<\/span><\/span><\/h1>\n<p>[\/et_pb_text][\/et_pb_column][\/et_pb_row][et_pb_row use_custom_gutter=&#8221;on&#8221; make_equal=&#8221;on&#8221; _builder_version=&#8221;4.27.4&#8243; _module_preset=&#8221;default&#8221; width=&#8221;100%&#8221; max_width=&#8221;1161px&#8221; module_alignment=&#8221;center&#8221; locked=&#8221;off&#8221; global_colors_info=&#8221;{}&#8221;][et_pb_column type=&#8221;4_4&#8243; _builder_version=&#8221;4.27.4&#8243; _module_preset=&#8221;default&#8221; global_colors_info=&#8221;{}&#8221;][et_pb_menu menu_id=&#8221;2&#8243; menu_style=&#8221;centered&#8221; active_link_color=&#8221;#000000&#8243; dropdown_menu_line_color=&#8221;#166611&#8243; logo_width=&#8221;100%&#8221; logo_height=&#8221;200px&#8221; logo_max_height=&#8221;200px&#8221; show_search_icon=&#8221;on&#8221; logo_width_tablet=&#8221;100%&#8221; logo_width_phone=&#8221;100%&#8221; logo_width_last_edited=&#8221;on|tablet&#8221; _builder_version=&#8221;4.27.4&#8243; _module_preset=&#8221;default&#8221; menu_font=&#8221;Taviraj|600|||||||&#8221; menu_text_color=&#8221;#000000&#8243; width=&#8221;100%&#8221; max_width=&#8221;100%&#8221; module_alignment=&#8221;center&#8221; custom_margin=&#8221;0px|-23px|0px||false|false&#8221; custom_margin_tablet=&#8221;||||false|false&#8221; custom_margin_phone=&#8221;||||false|false&#8221; custom_margin_last_edited=&#8221;on|tablet&#8221; custom_padding=&#8221;15px||15px|0px|false|false&#8221; box_shadow_style=&#8221;preset1&#8243; locked=&#8221;off&#8221; global_colors_info=&#8221;{}&#8221; min_height__hover_enabled=&#8221;on|desktop&#8221;][\/et_pb_menu][\/et_pb_column][\/et_pb_row][\/et_pb_section][et_pb_section fb_built=&#8221;1&#8243; _builder_version=&#8221;4.16&#8243; _module_preset=&#8221;default&#8221; custom_padding=&#8221;15px|||||&#8221; global_colors_info=&#8221;{}&#8221;][et_pb_row _builder_version=&#8221;4.27.0&#8243; _module_preset=&#8221;default&#8221; box_shadow_style=&#8221;preset1&#8243; box_shadow_color=&#8221;#a3a3a3&#8243; global_colors_info=&#8221;{}&#8221;][et_pb_column type=&#8221;4_4&#8243; _builder_version=&#8221;4.16&#8243; _module_preset=&#8221;default&#8221; global_colors_info=&#8221;{}&#8221;][et_pb_text _builder_version=&#8221;4.27.4&#8243; _module_preset=&#8221;default&#8221; custom_padding=&#8221;|20px||20px|false|false&#8221; hover_enabled=&#8221;0&#8243; global_colors_info=&#8221;{}&#8221; sticky_enabled=&#8221;0&#8243;]<\/p>\n<h1 style=\"text-align: center\"><span class=\"Style113\"><span style=\"color: #000080\"><strong><span class=\"Style117\"><span style=\"color: #993300\"><\/span><\/span><\/strong><\/span><\/span><\/h1>\n<h1 style=\"text-align: center\"><span class=\"Style113\"><span style=\"color: #000080\"><strong><span class=\"Style117\"><span style=\"color: #993300\"><\/span><\/span><\/strong><\/span><\/span><\/h1>\n<h1 style=\"text-align: center\"><span class=\"Style113\"><span style=\"color: #000080\"><strong><span class=\"Style117\"><span style=\"color: #993300\"><\/span><\/span><\/strong><\/span><\/span><\/h1>\n<h1 style=\"text-align: center\"><span class=\"Style113\"><span style=\"color: #000080\"><strong><span class=\"Style117\"><span style=\"color: #993300\"><\/span><\/span><\/strong><\/span><\/span><\/h1>\n<h1 style=\"text-align: center\"><span class=\"Style113\"><span style=\"color: #000080\"><strong><span class=\"Style117\"><span style=\"color: #993300\"><\/span><\/span><\/strong><\/span><\/span><\/h1>\n<h1 style=\"text-align: center\"><span class=\"Style113\"><span style=\"color: #000080\"><strong><span class=\"Style117\"><span style=\"color: #993300\"><\/span><\/span><\/strong><\/span><\/span><\/h1>\n<h1 style=\"text-align: center\"><span class=\"Style113\"><span style=\"color: #000080\"><strong><span class=\"Style117\"><span style=\"color: #003300\">Formulaires administratifs<\/span> <span style=\"color: #000000\"><\/span><\/span><\/strong><\/span><\/span><\/h1>\n<ul>\n<li style=\"list-style-type: none\">\n<ul>\n<li class=\"Style69\"><span style=\"color: #000000\"><a href=\"https:\/\/www.ummto.dz\/vrp\/wp-content\/uploads\/2025_01_Declaration-bacs-obtenus-et-etudes.pdf\" target=\"_blank\" rel=\"noopener\" style=\"color: #000000\">2025-01-D\u00e9claration Bacs obtenus et \u00e9tudes<\/a><a href=\"http:\/\/pedagogie.ummto.dz\/wp-content\/uploads\/2021\/06\/01-2018_Declaration-bacs-obtenus-et-etudes.pdf\" target=\"_blank\" rel=\"noopener\" style=\"color: #000000\"> <\/a><\/span><\/li>\n<li class=\"Style69\"><span style=\"color: #000000\"><a href=\"https:\/\/www.ummto.dz\/vrp\/wp-content\/uploads\/2025_02_Demande-dinscription_Bac-anterieur-et-retardataire.pdf\" target=\"_blank\" rel=\"noopener\" style=\"color: #000000\">2025-02-Demande d\u2019inscription-Bac ant\u00e9rieur et Retardataire<\/a><\/span><\/li>\n<li class=\"Style69\"><span style=\"color: #000000\"><a href=\"https:\/\/www.ummto.dz\/vrp\/wp-content\/uploads\/2025_03_Demande-dinscription_Bac-etranger.pdf\" target=\"_blank\" rel=\"noopener\" style=\"color: #000000\">2025-03-Demande d\u2019inscription -Bac \u00e9tranger<\/a><\/span><\/li>\n<li class=\"Style69\"><span style=\"color: #000000\"><a href=\"https:\/\/www.ummto.dz\/vrp\/wp-content\/uploads\/2025_04_Demande-dinscription_Transfert-nouveaux-bacheliers.pdf\" target=\"_blank\" rel=\"noopener\" style=\"color: #000000\"><span class=\"Style118\"><span class=\"Style69\"> <\/span><span class=\"Style69\"><span class=\"Style113\"><span class=\"Style45\"><\/span><\/span><\/span><\/span>2025-04-Demande d\u2019inscription- Transfert nouveaux bacheliers<\/a><\/span><\/li>\n<li class=\"Style69\"><span style=\"color: #000000\"><a href=\"https:\/\/www.ummto.dz\/vrp\/wp-content\/uploads\/2025_05_Demande-de-reprise-des-etudes.pdf\" target=\"_blank\" rel=\"noopener\" style=\"color: #000000\">2025-05-Demande de reprise des \u00e9tudes<\/a><span class=\"Style69\"><\/span><span class=\"Style69\"><\/span><\/span><\/li>\n<li class=\"Style69\"><span style=\"color: #000000\"><a href=\"https:\/\/www.ummto.dz\/vrp\/wp-content\/uploads\/2025_09_Demande-dinscription-a-un-second-diplome.pdf\" target=\"_blank\" rel=\"noopener\" style=\"color: #000000\">025-09- Demande d\u2019inscription \u00e0 un second dipl\u00f4me<\/a><\/span><\/li>\n<li class=\"Style69\"><span style=\"color: #000000\"><a href=\"https:\/\/www.ummto.dz\/vrp\/wp-content\/uploads\/2025_10_Demande-dinscription-au-master_Diplome-LMD.pdf\" target=\"_blank\" rel=\"noopener\" style=\"color: #000000\">2025-10-Demande d\u2019inscription au Master-Dipl\u00f4m\u00e9 LMD<\/a><\/span><\/li>\n<li class=\"Style69\"><span style=\"color: #000000\"><a href=\"https:\/\/www.ummto.dz\/vrp\/wp-content\/uploads\/2025_11_Demande-dinscription-au-master_Diplome-cycle-long-classique.pdf\" target=\"_blank\" rel=\"noopener\" style=\"color: #000000\">2025-11-Demande d\u2019inscription au Master-Dipl\u00f4m\u00e9 Classique<\/a><\/span><\/li>\n<li class=\"Style69\"><span style=\"color: #000000\"><a href=\"https:\/\/www.ummto.dz\/vrp\/wp-content\/uploads\/2025_12_Demande-dinscription_Diplome-DEUA.pdf\" target=\"_blank\" rel=\"noopener\" style=\"color: #000000\">2025-12-Demande d\u2019inscription-Dipl\u00f4m\u00e9 DEUA<\/a><\/span><\/li>\n<li class=\"Style69\"><span style=\"color: #000000\"><a href=\"https:\/\/www.ummto.dz\/vrp\/wp-content\/uploads\/2025_13_Demande_Inscription_Ecole_Superieure.pdf\" target=\"_blank\" rel=\"noopener\" style=\"color: #000000\">2025-13-Demande d&#8217;inscription (transfert d&#8217;\u00e9tudiant inscrit dans une \u00e9cole sup\u00e9rieure )<\/a><\/span><\/li>\n<li class=\"Style69\"><span style=\"color: #000000\"><a href=\"https:\/\/www.ummto.dz\/vrp\/wp-content\/uploads\/2025_14_Fiche-de-transfert-Etudiant-Etranger.pdf\" target=\"_blank\" rel=\"noopener\" style=\"color: #000000\">2025-14-Fiche de transfert \u00e9tranger<\/a><a href=\"https:\/\/www.ummto.dz\/vrp\/wp-content\/uploads\/2022_13_Demande_Inscription_Ecole_Superieure-2.pdf\" target=\"_blank\" rel=\"noopener\" style=\"color: #000000\"><\/a><\/span><\/li>\n<li class=\"Style69\"><a href=\"https:\/\/www.ummto.dz\/vrp\/wp-content\/uploads\/2025_15_Demande-dinscription-Etudiants-etrangers-.pdf\" target=\"_blank\" rel=\"noopener\"><span style=\"color: #000000\">2025-15-Demande d&#8217;inscription Etudiants-etrangers (\u00e0 joindre \u00e0 la fiche de transfert Imprim\u00e9 14)<\/span><\/a><\/li>\n<li class=\"Style69\"><span style=\"color: #000000\"><a href=\"https:\/\/www.ummto.dz\/vrp\/wp-content\/uploads\/2025_17_Demande-dinscription-au-master_Etranger.pdf\" target=\"_blank\" rel=\"noopener\" style=\"color: #000000\">2025-17-Demande d\u2019inscription au Master -\u00c9tranger<\/a><\/span><\/li>\n<li class=\"Style69\"><span style=\"color: #000000\"><a href=\"https:\/\/www.ummto.dz\/vrp\/wp-content\/uploads\/2025_25_Demande-de-reorientaion_Etudiants-etrangers.pdf\" target=\"_blank\" rel=\"noopener\" style=\"color: #000000\">2025-25-Demande de r\u00e9orientation_\u00c9tudiants \u00e9trangers<\/a><\/span><\/li>\n<li class=\"Style69\"><span style=\"color: #000000\"><a href=\"https:\/\/www.ummto.dz\/vrp\/wp-content\/uploads\/2025_26_Demande-dinscription-a-un-deuxieme-master.pdf\" target=\"_blank\" rel=\"noopener\" style=\"color: #000000\">2025-26-Demande d\u2019inscription \u00e0 un deuxi\u00e8me Master<\/a><\/span><span style=\"color: #000000\"><a href=\"https:\/\/www.ummto.dz\/vrp\/wp-content\/uploads\/2025_30_Demande-de-derogation-dinscription-en-licence.pdf\" target=\"_blank\" rel=\"noopener\" style=\"color: #000000\"><\/a><\/span><\/li>\n<li class=\"Style69\"><span style=\"color: #000000\"><a href=\"https:\/\/www.ummto.dz\/vrp\/wp-content\/uploads\/2025_31_Demande-de-reintegration-apres-conge-academique.pdf\" target=\"_blank\" rel=\"noopener\" style=\"color: #000000\">2025-31-Demande de r\u00e9integration apr\u00e8s cong\u00e9 acad\u00e9mique ou suspension de formation<\/a><\/span><\/li>\n<li class=\"Style69\"><span style=\"color: #000000\"><a href=\"https:\/\/www.ummto.dz\/vrp\/wp-content\/uploads\/2025_32_Demande-dinscription-avec-engagement_L3-ou-M2.pdf\" target=\"_blank\" rel=\"noopener\" style=\"color: #000000\">2025-32-Demande d&#8217;inscription avec engagement_L3 ou M2<\/a><\/span><\/li>\n<li class=\"Style69\"><span style=\"color: #000000\"><a href=\"https:\/\/www.ummto.dz\/vrp\/wp-content\/uploads\/2025-Attestation-annulation-Inscription-Externe.pdf\" target=\"_blank\" rel=\"noopener\" style=\"color: #000000\">2025-Attestation d\u2019annulation (d\u2019inscription externe)<\/a><\/span><\/li>\n<li><span style=\"color: #000000\"><a href=\"https:\/\/www.ummto.dz\/vrp\/wp-content\/uploads\/2025-Demande-dannulation-dinscription-interne_remplir-par-letudiant.pdf\" target=\"_blank\" rel=\"noopener\" style=\"color: #000000\">2025-Demande d\u2019annulation (d\u2019inscription interne)-remplir par l\u2019\u00e9tudiant<\/a><\/span><\/li>\n<\/ul>\n<\/li>\n<\/ul>\n<p>[\/et_pb_text][\/et_pb_column][\/et_pb_row][\/et_pb_section]<\/p>\n","protected":false},"excerpt":{"rendered":"<p>Vice rectorat charg\u00e9 de la p\u00e9dagogie Formulaires administratifs 2025-01-D\u00e9claration Bacs obtenus et \u00e9tudes 2025-02-Demande d\u2019inscription-Bac ant\u00e9rieur et Retardataire 2025-03-Demande d\u2019inscription -Bac \u00e9tranger 2025-04-Demande d\u2019inscription- Transfert nouveaux bacheliers 2025-05-Demande de reprise des \u00e9tudes 025-09- Demande d\u2019inscription \u00e0 un second dipl\u00f4me 2025-10-Demande d\u2019inscription au Master-Dipl\u00f4m\u00e9 LMD 2025-11-Demande d\u2019inscription au Master-Dipl\u00f4m\u00e9 Classique 2025-12-Demande d\u2019inscription-Dipl\u00f4m\u00e9 DEUA 2025-13-Demande d&#8217;inscription (transfert [&hellip;]<\/p>\n","protected":false},"author":1,"featured_media":0,"parent":0,"menu_order":0,"comment_status":"closed","ping_status":"closed","template":"","meta":{"_et_pb_use_builder":"on","_et_pb_old_content":"","_et_gb_content_width":"","footnotes":""},"class_list":["post-2318","page","type-page","status-publish","hentry"],"translation":{"provider":"WPGlobus","version":"3.0.1","language":"ar","enabled_languages":["en","fr","ar","gb"],"languages":{"en":{"title":true,"content":true,"excerpt":false},"fr":{"title":false,"content":false,"excerpt":false},"ar":{"title":false,"content":false,"excerpt":false},"gb":{"title":false,"content":false,"excerpt":false}}},"yoast_head":"<!-- This site is optimized with the Yoast SEO plugin v26.7 - https:\/\/yoast.com\/wordpress\/plugins\/seo\/ -->\n<title>VRP- Imprim\u00e9s pour \u00e9tudiants a telecharger -<\/title>\n<meta name=\"robots\" content=\"index, follow, max-snippet:-1, max-image-preview:large, max-video-preview:-1\" \/>\n<link rel=\"canonical\" href=\"https:\/\/www.ummto.dz\/vrp\/vrp-imprimes-pour-etudiants-a-telecharger\/\" \/>\n<meta property=\"og:locale\" content=\"ar_AR\" \/>\n<meta property=\"og:type\" content=\"article\" \/>\n<meta property=\"og:title\" content=\"VRP- Imprim\u00e9s pour \u00e9tudiants a telecharger -\" \/>\n<meta property=\"og:url\" content=\"https:\/\/www.ummto.dz\/vrp\/vrp-imprimes-pour-etudiants-a-telecharger\/\" \/>\n<meta property=\"article:modified_time\" content=\"2025-06-23T13:57:22+00:00\" \/>\n<meta name=\"twitter:card\" content=\"summary_large_image\" \/>\n<meta name=\"twitter:label1\" content=\"Est. reading time\" \/>\n\t<meta name=\"twitter:data1\" content=\"4 minutes\" \/>\n<script type=\"application\/ld+json\" class=\"yoast-schema-graph\">{\"@context\":\"https:\/\/schema.org\",\"@graph\":[{\"@type\":\"WebPage\",\"@id\":\"https:\/\/www.ummto.dz\/vrp\/vrp-imprimes-pour-etudiants-a-telecharger\/\",\"url\":\"https:\/\/www.ummto.dz\/vrp\/vrp-imprimes-pour-etudiants-a-telecharger\/\",\"name\":\"VRP- Imprim\u00e9s pour \u00e9tudiants a telecharger -\",\"isPartOf\":{\"@id\":\"https:\/\/www.ummto.dz\/vrp\/fr\/#website\"},\"datePublished\":\"2022-05-16T11:55:25+00:00\",\"dateModified\":\"2025-06-23T13:57:22+00:00\",\"inLanguage\":\"ar\",\"potentialAction\":[{\"@type\":\"ReadAction\",\"target\":[\"https:\/\/www.ummto.dz\/vrp\/vrp-imprimes-pour-etudiants-a-telecharger\/\"]}]},{\"@type\":\"WebSite\",\"@id\":\"https:\/\/www.ummto.dz\/vrp\/fr\/#website\",\"url\":\"https:\/\/www.ummto.dz\/vrp\/fr\/\",\"name\":\"\",\"description\":\"Vice-Rectorat charg\u00e9 de la p\u00e9dagogie\",\"potentialAction\":[{\"@type\":\"SearchAction\",\"target\":{\"@type\":\"EntryPoint\",\"urlTemplate\":\"https:\/\/www.ummto.dz\/vrp\/fr\/?s={search_term_string}\"},\"query-input\":{\"@type\":\"PropertyValueSpecification\",\"valueRequired\":true,\"valueName\":\"search_term_string\"}}],\"inLanguage\":\"ar\"}]}<\/script>\n<!-- \/ Yoast SEO plugin. -->","yoast_head_json":{"title":"VRP- Imprim\u00e9s pour \u00e9tudiants a telecharger -","robots":{"index":"index","follow":"follow","max-snippet":"max-snippet:-1","max-image-preview":"max-image-preview:large","max-video-preview":"max-video-preview:-1"},"canonical":"https:\/\/www.ummto.dz\/vrp\/vrp-imprimes-pour-etudiants-a-telecharger\/","og_locale":"ar_AR","og_type":"article","og_title":"VRP- Imprim\u00e9s pour \u00e9tudiants a telecharger -","og_url":"https:\/\/www.ummto.dz\/vrp\/vrp-imprimes-pour-etudiants-a-telecharger\/","article_modified_time":"2025-06-23T13:57:22+00:00","twitter_card":"summary_large_image","twitter_misc":{"Est. reading time":"4 minutes"},"schema":{"@context":"https:\/\/schema.org","@graph":[{"@type":"WebPage","@id":"https:\/\/www.ummto.dz\/vrp\/vrp-imprimes-pour-etudiants-a-telecharger\/","url":"https:\/\/www.ummto.dz\/vrp\/vrp-imprimes-pour-etudiants-a-telecharger\/","name":"VRP- Imprim\u00e9s pour \u00e9tudiants a telecharger -","isPartOf":{"@id":"https:\/\/www.ummto.dz\/vrp\/fr\/#website"},"datePublished":"2022-05-16T11:55:25+00:00","dateModified":"2025-06-23T13:57:22+00:00","inLanguage":"ar","potentialAction":[{"@type":"ReadAction","target":["https:\/\/www.ummto.dz\/vrp\/vrp-imprimes-pour-etudiants-a-telecharger\/"]}]},{"@type":"WebSite","@id":"https:\/\/www.ummto.dz\/vrp\/fr\/#website","url":"https:\/\/www.ummto.dz\/vrp\/fr\/","name":"","description":"Vice-Rectorat charg\u00e9 de la p\u00e9dagogie","potentialAction":[{"@type":"SearchAction","target":{"@type":"EntryPoint","urlTemplate":"https:\/\/www.ummto.dz\/vrp\/fr\/?s={search_term_string}"},"query-input":{"@type":"PropertyValueSpecification","valueRequired":true,"valueName":"search_term_string"}}],"inLanguage":"ar"}]}},"_links":{"self":[{"href":"https:\/\/www.ummto.dz\/vrp\/ar\/wp-json\/wp\/v2\/pages\/2318","targetHints":{"allow":["GET"]}}],"collection":[{"href":"https:\/\/www.ummto.dz\/vrp\/ar\/wp-json\/wp\/v2\/pages"}],"about":[{"href":"https:\/\/www.ummto.dz\/vrp\/ar\/wp-json\/wp\/v2\/types\/page"}],"author":[{"embeddable":true,"href":"https:\/\/www.ummto.dz\/vrp\/ar\/wp-json\/wp\/v2\/users\/1"}],"replies":[{"embeddable":true,"href":"https:\/\/www.ummto.dz\/vrp\/ar\/wp-json\/wp\/v2\/comments?post=2318"}],"version-history":[{"count":46,"href":"https:\/\/www.ummto.dz\/vrp\/ar\/wp-json\/wp\/v2\/pages\/2318\/revisions"}],"predecessor-version":[{"id":6943,"href":"https:\/\/www.ummto.dz\/vrp\/ar\/wp-json\/wp\/v2\/pages\/2318\/revisions\/6943"}],"wp:attachment":[{"href":"https:\/\/www.ummto.dz\/vrp\/ar\/wp-json\/wp\/v2\/media?parent=2318"}],"curies":[{"name":"wp","href":"https:\/\/api.w.org\/{rel}","templated":true}]}}