{"id":2345,"date":"2022-05-16T13:17:03","date_gmt":"2022-05-16T12:17:03","guid":{"rendered":"https:\/\/www.ummto.dz\/vrp\/?page_id=2345"},"modified":"2025-06-17T12:48:06","modified_gmt":"2025-06-17T11:48:06","slug":"vrp-systeme-lmd","status":"publish","type":"page","link":"https:\/\/www.ummto.dz\/vrp\/ar\/vrp-systeme-lmd\/","title":{"rendered":"VRP&#8211; Syst\u00e8me LMD"},"content":{"rendered":"<p>[et_pb_section fb_built=&#8221;1&#8243; custom_padding_last_edited=&#8221;on|desktop&#8221; admin_label=&#8221;Header&#8221; _builder_version=&#8221;4.27.4&#8243; background_image=&#8221;https:\/\/www.ummto.dz\/vrp\/wp-content\/uploads\/tree-838666_1280-300&#215;198.webp&#8221; parallax=&#8221;on&#8221; custom_margin=&#8221;0px||||false|false&#8221; custom_margin_tablet=&#8221;&#8221; custom_margin_phone=&#8221;20px|20px||20px|false|true&#8221; custom_margin_last_edited=&#8221;on|desktop&#8221; custom_padding=&#8221;100px|0px|0px|||&#8221; custom_padding_tablet=&#8221;40px||||false|false&#8221; custom_padding_phone=&#8221;&#8221; border_radii_phone=&#8221;on|20px|20px|20px|20px&#8221; border_radii_last_edited=&#8221;off|desktop&#8221; locked=&#8221;off&#8221; global_colors_info=&#8221;{}&#8221;][et_pb_row use_custom_gutter=&#8221;on&#8221; make_equal=&#8221;on&#8221; custom_padding_last_edited=&#8221;on|tablet&#8221; _builder_version=&#8221;4.27.4&#8243; background_enable_color=&#8221;off&#8221; background_image=&#8221;https:\/\/www.ummto.dz\/fgei\/wp-content\/uploads\/2025\/05\/psychologist-03.jpg&#8221; parallax=&#8221;on&#8221; transform_scale_tablet=&#8221;&#8221; transform_scale_phone=&#8221;&#8221; transform_scale_last_edited=&#8221;on|desktop&#8221; transform_translate=&#8221;30px|0px&#8221; transform_translate_tablet=&#8221;0px|0px&#8221; transform_translate_phone=&#8221;&#8221; transform_translate_last_edited=&#8221;on|tablet&#8221; transform_translate_linked=&#8221;off&#8221; transform_rotate_tablet=&#8221;&#8221; transform_rotate_phone=&#8221;&#8221; transform_rotate_last_edited=&#8221;on|desktop&#8221; transform_skew_tablet=&#8221;&#8221; transform_skew_phone=&#8221;&#8221; transform_skew_last_edited=&#8221;on|desktop&#8221; transform_origin_tablet=&#8221;&#8221; transform_origin_phone=&#8221;&#8221; transform_origin_last_edited=&#8221;on|desktop&#8221; width=&#8221;100%&#8221; width_tablet=&#8221;90%&#8221; width_phone=&#8221;&#8221; width_last_edited=&#8221;on|desktop&#8221; max_width=&#8221;1200px&#8221; module_alignment=&#8221;center&#8221; custom_margin=&#8221;100px||||false|false&#8221; custom_padding=&#8221;43px|0px|43px|140px|false|false&#8221; custom_padding_tablet=&#8221;60px||60px||true|true&#8221; custom_padding_phone=&#8221;40px|20px|40px|20px|true|true&#8221; box_shadow_style=&#8221;preset3&#8243; box_shadow_vertical=&#8221;40px&#8221; box_shadow_blur=&#8221;110px&#8221; box_shadow_spread=&#8221;0px&#8221; box_shadow_color=&#8221;rgba(9,6,38,0.62)&#8221; global_colors_info=&#8221;{}&#8221;][et_pb_column type=&#8221;4_4&#8243; _builder_version=&#8221;4.16&#8243; global_colors_info=&#8221;{}&#8221;][et_pb_text _builder_version=&#8221;4.27.4&#8243; text_font_size=&#8221;16px&#8221; text_line_height=&#8221;1.8em&#8221; header_font=&#8221;Taviraj||||||||&#8221; header_text_align=&#8221;left&#8221; header_letter_spacing=&#8221;3px&#8221; header_line_height=&#8221;1.2em&#8221; max_width=&#8221;600px&#8221; module_alignment=&#8221;left&#8221; custom_margin=&#8221;0px|0px|||false|false&#8221; custom_padding=&#8221;||0px|200px|false|false&#8221; hover_enabled=&#8221;0&#8243; text_font_size_tablet=&#8221;16px&#8221; text_font_size_phone=&#8221;15px&#8221; text_font_size_last_edited=&#8221;on|desktop&#8221; header_font_size_tablet=&#8221;40px&#8221; header_font_size_phone=&#8221;26px&#8221; header_font_size_last_edited=&#8221;on|desktop&#8221; global_colors_info=&#8221;{}&#8221; header_font_size=&#8221;25px&#8221; sticky_enabled=&#8221;0&#8243;]<\/p>\n<h1 style=\"text-align: center;\"><span><span style=\"color: #333333;\">Vice rectorat charg\u00e9 de la p\u00e9dagogie<\/span><\/span><\/h1>\n<p>[\/et_pb_text][\/et_pb_column][\/et_pb_row][et_pb_row use_custom_gutter=&#8221;on&#8221; make_equal=&#8221;on&#8221; _builder_version=&#8221;4.27.4&#8243; _module_preset=&#8221;default&#8221; width=&#8221;100%&#8221; max_width=&#8221;1161px&#8221; module_alignment=&#8221;center&#8221; custom_margin=&#8221;0px|0px|0px|0px|false|false&#8221; locked=&#8221;off&#8221; global_colors_info=&#8221;{}&#8221;][et_pb_column type=&#8221;4_4&#8243; _builder_version=&#8221;4.27.4&#8243; _module_preset=&#8221;default&#8221; global_colors_info=&#8221;{}&#8221;][et_pb_menu menu_id=&#8221;2&#8243; menu_style=&#8221;centered&#8221; active_link_color=&#8221;#000000&#8243; dropdown_menu_line_color=&#8221;#448968&#8243; logo_width=&#8221;100%&#8221; logo_height=&#8221;200px&#8221; logo_max_height=&#8221;200px&#8221; show_search_icon=&#8221;on&#8221; logo_width_tablet=&#8221;100%&#8221; logo_width_phone=&#8221;100%&#8221; logo_width_last_edited=&#8221;on|tablet&#8221; _builder_version=&#8221;4.27.4&#8243; _module_preset=&#8221;default&#8221; menu_font=&#8221;Taviraj|600|||||||&#8221; menu_text_color=&#8221;#000000&#8243; width=&#8221;100%&#8221; max_width=&#8221;100%&#8221; module_alignment=&#8221;center&#8221; custom_margin=&#8221;0px||0px||false|false&#8221; custom_margin_tablet=&#8221;||||false|false&#8221; custom_margin_phone=&#8221;||||false|false&#8221; custom_margin_last_edited=&#8221;on|tablet&#8221; custom_padding=&#8221;15px||15px|0px|false|false&#8221; hover_enabled=&#8221;0&#8243; box_shadow_style=&#8221;preset1&#8243; locked=&#8221;off&#8221; global_colors_info=&#8221;{}&#8221; min_height__hover_enabled=&#8221;on|desktop&#8221; sticky_enabled=&#8221;0&#8243;][\/et_pb_menu][\/et_pb_column][\/et_pb_row][\/et_pb_section][et_pb_section fb_built=&#8221;1&#8243; _builder_version=&#8221;4.27.4&#8243; _module_preset=&#8221;default&#8221; min_height=&#8221;1064.8px&#8221; custom_margin=&#8221;-47px|||||&#8221; custom_padding=&#8221;33px||286px|||&#8221; global_colors_info=&#8221;{}&#8221;][et_pb_row _builder_version=&#8221;4.16&#8243; _module_preset=&#8221;default&#8221; min_height=&#8221;1293.2px&#8221; custom_margin=&#8221;33px|auto||auto||&#8221; custom_padding=&#8221;65px|||||&#8221; global_colors_info=&#8221;{}&#8221;][et_pb_column type=&#8221;4_4&#8243; _builder_version=&#8221;4.16&#8243; _module_preset=&#8221;default&#8221; global_colors_info=&#8221;{}&#8221;][et_pb_accordion _builder_version=&#8221;4.27.4&#8243; _module_preset=&#8221;default&#8221; box_shadow_style=&#8221;preset1&#8243; box_shadow_color=&#8221;#bfbfbf&#8221; global_colors_info=&#8221;{}&#8221;][et_pb_accordion_item title=&#8221;Qu\u2019est-ce que le L.M.D. ?&#8221; open=&#8221;on&#8221; _builder_version=&#8221;4.27.4&#8243; _module_preset=&#8221;default&#8221; global_colors_info=&#8221;{}&#8221;]<\/p>\n<p class=\"Style56\"><span style=\"color: #000000;\">03 lettres pour exprimer trois grades de dipl\u00f4mes universitaires :<\/span><\/p>\n<ul>\n<li><span style=\"color: #000000;\"><strong><span class=\"Style89\" style=\"color: #800080;\">Licence<\/span> \u00a0\u00a0 <\/strong>(6 semestres) =\u00a0Bac + 3 ans<\/span><\/li>\n<li><span style=\"color: #000000;\"><strong><span style=\"color: #800080;\"><span class=\"Style89\">Master \u00a0 \u00a0<\/span> <\/span><\/strong>(4 semestres) =\u00a0Bac + 5 ans c\u2019est \u00e0 dire Licence + 2 ans.<\/span><\/li>\n<li><strong><span style=\"color: #800080;\"><span class=\"Style89\">Doctorat<\/span><\/span><\/strong><span style=\"color: #000000;\"> =\u00a0Bac + 8 ans c\u2019est \u00e0 dire Master + 3 ans.<\/span><\/li>\n<\/ul>\n<p>[\/et_pb_accordion_item][et_pb_accordion_item title=&#8221;Sp\u00e9cificit\u00e9 des grades de Licence et de Master&#8221; _builder_version=&#8221;4.16&#8243; _module_preset=&#8221;default&#8221; global_colors_info=&#8221;{}&#8221; open=&#8221;off&#8221;]<\/p>\n<ul>\n<li class=\"Style56\"><span style=\"color: #000000\">Un intitul\u00e9 principal celui du&nbsp;<strong>domaine<\/strong>&nbsp;repr\u00e9sentant un large regroupement de disciplines ayant un lien entre elles,<\/span><\/li>\n<li class=\"Style56\"><span style=\"color: #000000\">un intitul\u00e9 de&nbsp;<strong>fili\u00e8re<\/strong>&nbsp;qui est une subdivision du domaine centr\u00e9e sur la ou les disciplines principales,<\/span><\/li>\n<li class=\"Style56\"><span style=\"color: #000000\">un intitul\u00e9 de parcours exprim\u00e9 par une&nbsp;<strong>sp\u00e9cialit\u00e9<\/strong><\/span><\/li>\n<li class=\"Style56\"><span style=\"color: #000000\">et une identification de finalit\u00e9&nbsp;:&nbsp;<strong>Acad\u00e9mique<\/strong>&nbsp;ou&nbsp;<strong>Professionnelle<\/strong>. Cette derni\u00e8re est destin\u00e9e \u00e0 une insertion professionnelle<\/span><\/li>\n<\/ul>\n<p>[\/et_pb_accordion_item][et_pb_accordion_item title=&#8221;Continuer des \u00e9tudes apr\u00e8s la Licence&#8221; _builder_version=&#8221;4.16&#8243; _module_preset=&#8221;default&#8221; global_colors_info=&#8221;{}&#8221; open=&#8221;off&#8221;]<\/p>\n<p class=\"Style56\"><span style=\"color: #000000\">Vous pouvez poursuivre vos \u00e9tudes pour pr\u00e9parer un Master acad\u00e9mique ou professionnel<\/span><\/p>\n<ul>\n<li class=\"Style56\"><span style=\"color: #000000\">certainement apr\u00e8s une licence acad\u00e9mique<\/span><\/li>\n<li class=\"Style56\"><span style=\"color: #000000\">sous certaines conditions apr\u00e8s une licence professionnelle<\/span><\/li>\n<\/ul>\n<p>[\/et_pb_accordion_item][et_pb_accordion_item title=&#8221;Ces dipl\u00f4mes restent-ils nationaux?&#8221; _builder_version=&#8221;4.16&#8243; _module_preset=&#8221;default&#8221; global_colors_info=&#8221;{}&#8221; open=&#8221;off&#8221;]&nbsp;<span style=\"color: #000000\">&nbsp;&nbsp;&nbsp;&nbsp;&nbsp;&nbsp;<strong>Oui<\/strong>, en effet, les grades de Licence, Master et Doctorat sont des dipl\u00f4mes nationaux. L\u2019universit\u00e9 doit soumettre ses maquettes de formations au Minist\u00e8re de l\u2019enseignement sup\u00e9rieur et de la recherche scientifique qui les \u00e9value dans le respect des r\u00e8gles nationales.<\/span>[\/et_pb_accordion_item][et_pb_accordion_item title=&#8221;Qu\u2019est-ce qu\u2019une Unit\u00e9 d\u2019Enseignement (U.E.) ?&#8221; _builder_version=&#8221;4.16&#8243; _module_preset=&#8221;default&#8221; global_colors_info=&#8221;{}&#8221; open=&#8221;off&#8221;]&nbsp;<span style=\"color: #000000\"> &nbsp;&nbsp;&nbsp; Une unit\u00e9 d\u2019enseignement (U.E.) est un ensemble de mati\u00e8res organis\u00e9 d\u2019une mani\u00e8re p\u00e9dagogique coh\u00e9rente et dispens\u00e9 en semestre. Une mati\u00e8re est enseign\u00e9e sous forme de cours, TD, TP ou autres \u2026<\/span>[\/et_pb_accordion_item][et_pb_accordion_item title=&#8221;Types d\u2019unit\u00e9s d\u2019Enseignement (U.E.)&#8221; _builder_version=&#8221;4.16&#8243; _module_preset=&#8221;default&#8221; global_colors_info=&#8221;{}&#8221; open=&#8221;off&#8221;]&nbsp;<span style=\"color: #000000\">Une U.E. peut \u00eatre&nbsp;:<\/span><\/p>\n<ul>\n<li><span style=\"color: #000000\"><span class=\"Style89\">Fondamentale&nbsp;:<\/span>&nbsp;<span class=\"Style56\">enseignements de&nbsp;base&nbsp;;<\/span><\/span><\/li>\n<li><span style=\"color: #000000\"><span class=\"Style89\">M\u00e9thodologie&nbsp;:&nbsp;<\/span><span class=\"Style56\">Travaux Pratiques, informatique&nbsp;;<\/span><\/span><\/li>\n<li><span style=\"color: #000000\"><span class=\"Style89\">D\u00e9couverte :&nbsp;<\/span><span class=\"Style56\">enseignements sur d\u2019autres disciplines utiles en cas d\u2019orientation ou de r\u00e9orientation.<\/span><\/span><\/li>\n<li><span style=\"color: #000000\"><span class=\"Style89\">Transversale&nbsp;:&nbsp;<\/span><span class=\"Style56\">langues \u00e9trang\u00e8res, communication, culture g\u00e9n\u00e9rale.<\/span><\/span><\/li>\n<\/ul>\n<p>[\/et_pb_accordion_item][et_pb_accordion_item title=&#8221;Le syst\u00e8me d\u2019\u00e9valuation en L.M.D.   &#8221; _builder_version=&#8221;4.16&#8243; _module_preset=&#8221;default&#8221; global_colors_info=&#8221;{}&#8221; open=&#8221;off&#8221;]<\/p>\n<ul>\n<li class=\"Style56\"><span style=\"color: #000000\">L\u2019\u00e9valuation est semestrielle, la&nbsp;progression est annuelle.<\/span><\/li>\n<li class=\"Style56\"><span style=\"color: #000000\">Pour chaque semestre d\u2019enseignement, deux sessions de contr\u00f4le des connaissances et des aptitudes sont organis\u00e9es. La deuxi\u00e8me session est une session de rattrapage.<\/span><\/li>\n<li class=\"Style56\"><span style=\"color: #000000\">Les r\u00e8gles de l\u2019\u00e9valuation dans le d\u00e9tail sont annonc\u00e9es au d\u00e9but de chaque semestre<\/span><\/li>\n<li class=\"Style56\"><span style=\"color: #000000\">La moyenne semestrielle est la somme des moyennes des diff\u00e9rentes U.E., affect\u00e9es chacune de son coefficient<\/span><\/li>\n<\/ul>\n<p>[\/et_pb_accordion_item][et_pb_accordion_item title=&#8221;Le syst\u00e8me de compensation au niveau licence&#8221; _builder_version=&#8221;4.16&#8243; _module_preset=&#8221;default&#8221; global_colors_info=&#8221;{}&#8221; open=&#8221;off&#8221;]<\/p>\n<p class=\"Style56\"><span style=\"color: #000000\">La compensation est r\u00e9alis\u00e9e entre :<\/span><\/p>\n<ul>\n<li class=\"Style56\"><span style=\"color: #000000\">Les \u00e9l\u00e9ments constitutifs d\u2019une UE c\u2019est-\u00e0-dire lorsque la moyenne de l\u2019unit\u00e9 est sup\u00e9rieure ou \u00e9gale 10\/20<\/span><\/li>\n<li class=\"Style56\"><span style=\"color: #000000\">Les UE constitutives d\u2019un semestre c\u2019est-\u00e0-dire lorsque la moyenne du semestre est sup\u00e9rieure ou \u00e9gale 10\/20<\/span><\/li>\n<li class=\"Style56\"><span style=\"color: #000000\">Les semestres de la m\u00eame ann\u00e9e de rattachement c\u2019est-\u00e0-dire lorsque la moyenne de l\u2019ann\u00e9e est sup\u00e9rieure ou \u00e9gale 10\/20.&nbsp;<strong>Attention :<\/strong>&nbsp;La compensation annuelle est valable uniquement en 1er cycle (licence)<\/span><\/li>\n<\/ul>\n<p>[\/et_pb_accordion_item][et_pb_accordion_item title=&#8221;Le syst\u00e8me de cr\u00e9dits&#8221; _builder_version=&#8221;4.16&#8243; _module_preset=&#8221;default&#8221; global_colors_info=&#8221;{}&#8221; open=&#8221;off&#8221;]&nbsp;L<span style=\"color: #000000\">es cr\u00e9dits sont les unit\u00e9s de compte qui permettent d\u2019\u00e9valuer l\u2019ensemble du travail de l\u2019\u00e9tudiant. Ils correspondent \u00e0 des volumes d\u2019enseignements et d\u2019activit\u00e9s (volume horaire de l\u2019unit\u00e9, travail personnel, stages, projets, m\u00e9moire\u2026).<\/span><\/p>\n<ul>\n<li class=\"Style56\"><span style=\"color: #000000\">Le semestre vaut 30 cr\u00e9dits, la licence organis\u00e9e en 6 semestres vaut donc 180 cr\u00e9dits, le master organis\u00e9 en 4 semestres valant 120 cr\u00e9dits.<\/span><\/li>\n<\/ul>\n<p>[\/et_pb_accordion_item][et_pb_accordion_item title=&#8221;Capitalisation et Transfert des cr\u00e9dits&#8221; _builder_version=&#8221;4.16&#8243; _module_preset=&#8221;default&#8221; global_colors_info=&#8221;{}&#8221; open=&#8221;off&#8221;]&nbsp;O<span style=\"color: #000000\">n capitalise les cr\u00e9dits affect\u00e9s \u00e0 toute mati\u00e8re ou toute unit\u00e9 acquise.<\/span><\/p>\n<ul>\n<li>\n<div align=\"justify\"><span class=\"Style56\" style=\"color: #000000\">On capitalise 30 cr\u00e9dits pour chaque semestre acquis et 60 cr\u00e9dits pour chaque ann\u00e9e acquise (valable uniquement en licence)<\/span><\/div>\n<\/li>\n<li>\n<div align=\"justify\"><span class=\"Style56\" style=\"color: #000000\">Les cr\u00e9dits facilitent la mobilit\u00e9 ; ils sont : capitalisables et transf\u00e9rables s\u2019ils correspondent aux mati\u00e8res acquises avec une moyenne \u2265 10\/20 et sont capitalisables et pas certainement transf\u00e9rables s\u2019ils correspondent aux mati\u00e8res acquises par compensation.<\/span><\/div>\n<\/li>\n<\/ul>\n<p>[\/et_pb_accordion_item][et_pb_accordion_item title=&#8221; Comment se fait la progression ?&#8221; _builder_version=&#8221;4.16&#8243; _module_preset=&#8221;default&#8221; global_colors_info=&#8221;{}&#8221; open=&#8221;off&#8221;]&nbsp;<span class=\"Style56\" style=\"color: #000000\">La progression du semestre impair au semestre pair d\u2019une m\u00eame ann\u00e9e d\u2019\u00e9tude est de droit pour tout \u00e9tudiant inscrit dans le m\u00eame parcours.<\/span><\/p>\n<ul>\n<li>\n<div align=\"justify\"><span class=\"Style56\" style=\"color: #000000\">L\u2019admission vers la 2\u00e8me ann\u00e9e (L2) est d\u00e9clar\u00e9e pour tout \u00e9tudiant capitalisant 60 cr\u00e9dits<\/span><\/div>\n<\/li>\n<li>\n<div align=\"justify\"><span class=\"Style56\" style=\"color: #000000\">L\u2019admission vers 3\u00e8me ann\u00e9e (L3) est d\u00e9clar\u00e9e pour tout \u00e9tudiant capitalisant 120 cr\u00e9dits.<\/span><\/div>\n<\/li>\n<li>\n<div align=\"justify\"><span class=\"Style56\" style=\"color: #000000\">Un \u00e9tudiant est autoris\u00e9 \u00e0 poursuivre les \u00e9tudes de L2 tout en ayant \u00e0 charge les mati\u00e8res non acquises de L1 s\u2019il a capitalis\u00e9 entre 30 et 59 cr\u00e9dits dont 10 cr\u00e9dits au moins dans chaque semestre.<\/span><\/div>\n<\/li>\n<li class=\"Style56\">\n<p id=\"\"><span style=\"color: #000000\">Un \u00e9tudiant est autoris\u00e9 \u00e0 poursuivre les \u00e9tudes de L3 tout en ayant \u00e0 charge les mati\u00e8res non acquises de L1 et de L2 s\u2019il a capitalis\u00e9 entre 90 et 119 cr\u00e9dits et s\u2019il a acquis les unit\u00e9s requises pour la sp\u00e9cialit\u00e9<\/span><\/p>\n<\/li>\n<\/ul>\n<p>[\/et_pb_accordion_item][et_pb_accordion_item title=&#8221;Comment se fait l\u2019orientation ?&#8221; _builder_version=&#8221;4.16&#8243; _module_preset=&#8221;default&#8221; global_colors_info=&#8221;{}&#8221; open=&#8221;off&#8221;]<\/p>\n<p class=\"Style56\"><span style=\"color: #000000\">L\u2019orientation vers la fili\u00e8re ou la sp\u00e9cialit\u00e9 est \u00e9tablie apr\u00e8s classement dans la promotion suivant :<\/span><\/p>\n<ul class=\"Style56\">\n<li><span class=\"Style56\" style=\"color: #000000\">Les v\u0153ux de l\u2019\u00e9tudiant<\/span><\/li>\n<li><span style=\"color: #000000\">Ses r\u00e9sultats (moyenne et session)<\/span><\/li>\n<li><span style=\"color: #000000\">Les places p\u00e9dagogiques disponibles<\/span><\/li>\n<\/ul>\n<p>[\/et_pb_accordion_item][et_pb_accordion_item title=&#8221;Comment obtenir le dipl\u00f4me de licence?&#8221; _builder_version=&#8221;4.16&#8243; _module_preset=&#8221;default&#8221; global_colors_info=&#8221;{}&#8221; open=&#8221;off&#8221;]<\/p>\n<p class=\"Style56\"><span style=\"color: #000000\">&nbsp;&nbsp;&nbsp;&nbsp;&nbsp;&nbsp;Le dipl\u00f4me de licence est obtenu apr\u00e8s capitalisation de 180 cr\u00e9dits.<\/span><\/p>\n<p>[\/et_pb_accordion_item][\/et_pb_accordion][\/et_pb_column][\/et_pb_row][\/et_pb_section]<\/p>\n","protected":false},"excerpt":{"rendered":"<p>Vice rectorat charg\u00e9 de la p\u00e9dagogie03 lettres pour exprimer trois grades de dipl\u00f4mes universitaires : Licence \u00a0\u00a0 (6 semestres) =\u00a0Bac + 3 ans Master \u00a0 \u00a0 (4 semestres) =\u00a0Bac + 5 ans c\u2019est \u00e0 dire Licence + 2 ans. Doctorat =\u00a0Bac + 8 ans c\u2019est \u00e0 dire Master + 3 ans. Un intitul\u00e9 principal celui [&hellip;]<\/p>\n","protected":false},"author":1,"featured_media":0,"parent":0,"menu_order":0,"comment_status":"closed","ping_status":"closed","template":"","meta":{"_et_pb_use_builder":"on","_et_pb_old_content":"","_et_gb_content_width":"","footnotes":""},"class_list":["post-2345","page","type-page","status-publish","hentry"],"translation":{"provider":"WPGlobus","version":"3.0.1","language":"ar","enabled_languages":["en","fr","ar","gb"],"languages":{"en":{"title":true,"content":true,"excerpt":false},"fr":{"title":false,"content":false,"excerpt":false},"ar":{"title":false,"content":false,"excerpt":false},"gb":{"title":false,"content":false,"excerpt":false}}},"yoast_head":"<!-- This site is optimized with the Yoast SEO plugin v26.7 - https:\/\/yoast.com\/wordpress\/plugins\/seo\/ -->\n<title>VRP- Syst\u00e8me LMD -<\/title>\n<meta name=\"robots\" content=\"index, follow, max-snippet:-1, max-image-preview:large, max-video-preview:-1\" \/>\n<link rel=\"canonical\" href=\"https:\/\/www.ummto.dz\/vrp\/vrp-systeme-lmd\/\" \/>\n<meta property=\"og:locale\" content=\"ar_AR\" \/>\n<meta property=\"og:type\" content=\"article\" \/>\n<meta property=\"og:title\" content=\"VRP- Syst\u00e8me LMD -\" \/>\n<meta property=\"og:url\" content=\"https:\/\/www.ummto.dz\/vrp\/vrp-systeme-lmd\/\" \/>\n<meta property=\"article:modified_time\" content=\"2025-06-17T11:48:06+00:00\" \/>\n<meta name=\"twitter:card\" content=\"summary_large_image\" \/>\n<meta name=\"twitter:label1\" content=\"Est. reading time\" \/>\n\t<meta name=\"twitter:data1\" content=\"9 minutes\" \/>\n<script type=\"application\/ld+json\" class=\"yoast-schema-graph\">{\"@context\":\"https:\/\/schema.org\",\"@graph\":[{\"@type\":\"WebPage\",\"@id\":\"https:\/\/www.ummto.dz\/vrp\/vrp-systeme-lmd\/\",\"url\":\"https:\/\/www.ummto.dz\/vrp\/vrp-systeme-lmd\/\",\"name\":\"VRP- Syst\u00e8me LMD -\",\"isPartOf\":{\"@id\":\"https:\/\/www.ummto.dz\/vrp\/fr\/#website\"},\"datePublished\":\"2022-05-16T12:17:03+00:00\",\"dateModified\":\"2025-06-17T11:48:06+00:00\",\"inLanguage\":\"ar\",\"potentialAction\":[{\"@type\":\"ReadAction\",\"target\":[\"https:\/\/www.ummto.dz\/vrp\/vrp-systeme-lmd\/\"]}]},{\"@type\":\"WebSite\",\"@id\":\"https:\/\/www.ummto.dz\/vrp\/fr\/#website\",\"url\":\"https:\/\/www.ummto.dz\/vrp\/fr\/\",\"name\":\"\",\"description\":\"Vice-Rectorat charg\u00e9 de la p\u00e9dagogie\",\"potentialAction\":[{\"@type\":\"SearchAction\",\"target\":{\"@type\":\"EntryPoint\",\"urlTemplate\":\"https:\/\/www.ummto.dz\/vrp\/fr\/?s={search_term_string}\"},\"query-input\":{\"@type\":\"PropertyValueSpecification\",\"valueRequired\":true,\"valueName\":\"search_term_string\"}}],\"inLanguage\":\"ar\"}]}<\/script>\n<!-- \/ Yoast SEO plugin. -->","yoast_head_json":{"title":"VRP- Syst\u00e8me LMD -","robots":{"index":"index","follow":"follow","max-snippet":"max-snippet:-1","max-image-preview":"max-image-preview:large","max-video-preview":"max-video-preview:-1"},"canonical":"https:\/\/www.ummto.dz\/vrp\/vrp-systeme-lmd\/","og_locale":"ar_AR","og_type":"article","og_title":"VRP- Syst\u00e8me LMD -","og_url":"https:\/\/www.ummto.dz\/vrp\/vrp-systeme-lmd\/","article_modified_time":"2025-06-17T11:48:06+00:00","twitter_card":"summary_large_image","twitter_misc":{"Est. reading time":"9 minutes"},"schema":{"@context":"https:\/\/schema.org","@graph":[{"@type":"WebPage","@id":"https:\/\/www.ummto.dz\/vrp\/vrp-systeme-lmd\/","url":"https:\/\/www.ummto.dz\/vrp\/vrp-systeme-lmd\/","name":"VRP- Syst\u00e8me LMD -","isPartOf":{"@id":"https:\/\/www.ummto.dz\/vrp\/fr\/#website"},"datePublished":"2022-05-16T12:17:03+00:00","dateModified":"2025-06-17T11:48:06+00:00","inLanguage":"ar","potentialAction":[{"@type":"ReadAction","target":["https:\/\/www.ummto.dz\/vrp\/vrp-systeme-lmd\/"]}]},{"@type":"WebSite","@id":"https:\/\/www.ummto.dz\/vrp\/fr\/#website","url":"https:\/\/www.ummto.dz\/vrp\/fr\/","name":"","description":"Vice-Rectorat charg\u00e9 de la p\u00e9dagogie","potentialAction":[{"@type":"SearchAction","target":{"@type":"EntryPoint","urlTemplate":"https:\/\/www.ummto.dz\/vrp\/fr\/?s={search_term_string}"},"query-input":{"@type":"PropertyValueSpecification","valueRequired":true,"valueName":"search_term_string"}}],"inLanguage":"ar"}]}},"_links":{"self":[{"href":"https:\/\/www.ummto.dz\/vrp\/ar\/wp-json\/wp\/v2\/pages\/2345","targetHints":{"allow":["GET"]}}],"collection":[{"href":"https:\/\/www.ummto.dz\/vrp\/ar\/wp-json\/wp\/v2\/pages"}],"about":[{"href":"https:\/\/www.ummto.dz\/vrp\/ar\/wp-json\/wp\/v2\/types\/page"}],"author":[{"embeddable":true,"href":"https:\/\/www.ummto.dz\/vrp\/ar\/wp-json\/wp\/v2\/users\/1"}],"replies":[{"embeddable":true,"href":"https:\/\/www.ummto.dz\/vrp\/ar\/wp-json\/wp\/v2\/comments?post=2345"}],"version-history":[{"count":9,"href":"https:\/\/www.ummto.dz\/vrp\/ar\/wp-json\/wp\/v2\/pages\/2345\/revisions"}],"predecessor-version":[{"id":6897,"href":"https:\/\/www.ummto.dz\/vrp\/ar\/wp-json\/wp\/v2\/pages\/2345\/revisions\/6897"}],"wp:attachment":[{"href":"https:\/\/www.ummto.dz\/vrp\/ar\/wp-json\/wp\/v2\/media?parent=2345"}],"curies":[{"name":"wp","href":"https:\/\/api.w.org\/{rel}","templated":true}]}}