{"id":2356,"date":"2022-05-15T15:11:17","date_gmt":"2022-05-15T14:11:17","guid":{"rendered":"https:\/\/www.ummto.dz\/vrp\/?page_id=2356"},"modified":"2025-07-16T14:14:09","modified_gmt":"2025-07-16T13:14:09","slug":"vrp-calendrier-des-inscriptions","status":"publish","type":"page","link":"https:\/\/www.ummto.dz\/vrp\/ar\/vrp-calendrier-des-inscriptions\/","title":{"rendered":"VRP&#8211;Calendrier des inscriptions"},"content":{"rendered":"<p>[et_pb_section fb_built=&#8221;1&#8243; custom_padding_last_edited=&#8221;on|desktop&#8221; admin_label=&#8221;Header&#8221; _builder_version=&#8221;4.27.4&#8243; background_image=&#8221;https:\/\/www.ummto.dz\/vrp\/wp-content\/uploads\/tree-838666_1280-300&#215;198.webp&#8221; parallax=&#8221;on&#8221; custom_margin=&#8221;0px||||false|false&#8221; custom_margin_tablet=&#8221;&#8221; custom_margin_phone=&#8221;20px|20px||20px|false|true&#8221; custom_margin_last_edited=&#8221;on|desktop&#8221; custom_padding=&#8221;100px|0px|0px|||&#8221; custom_padding_tablet=&#8221;40px||||false|false&#8221; custom_padding_phone=&#8221;&#8221; border_radii_phone=&#8221;on|20px|20px|20px|20px&#8221; border_radii_last_edited=&#8221;off|desktop&#8221; locked=&#8221;off&#8221; global_colors_info=&#8221;{}&#8221;][et_pb_row use_custom_gutter=&#8221;on&#8221; make_equal=&#8221;on&#8221; custom_padding_last_edited=&#8221;on|tablet&#8221; _builder_version=&#8221;4.27.4&#8243; background_enable_color=&#8221;off&#8221; background_image=&#8221;https:\/\/www.ummto.dz\/fgei\/wp-content\/uploads\/2025\/05\/psychologist-03.jpg&#8221; parallax=&#8221;on&#8221; transform_scale_tablet=&#8221;&#8221; transform_scale_phone=&#8221;&#8221; transform_scale_last_edited=&#8221;on|desktop&#8221; transform_translate=&#8221;30px|0px&#8221; transform_translate_tablet=&#8221;0px|0px&#8221; transform_translate_phone=&#8221;&#8221; transform_translate_last_edited=&#8221;on|tablet&#8221; transform_translate_linked=&#8221;off&#8221; transform_rotate_tablet=&#8221;&#8221; transform_rotate_phone=&#8221;&#8221; transform_rotate_last_edited=&#8221;on|desktop&#8221; transform_skew_tablet=&#8221;&#8221; transform_skew_phone=&#8221;&#8221; transform_skew_last_edited=&#8221;on|desktop&#8221; transform_origin_tablet=&#8221;&#8221; transform_origin_phone=&#8221;&#8221; transform_origin_last_edited=&#8221;on|desktop&#8221; width=&#8221;100%&#8221; width_tablet=&#8221;90%&#8221; width_phone=&#8221;&#8221; width_last_edited=&#8221;on|desktop&#8221; max_width=&#8221;1200px&#8221; module_alignment=&#8221;center&#8221; custom_margin=&#8221;100px||||false|false&#8221; custom_padding=&#8221;43px|0px|43px|140px|false|false&#8221; custom_padding_tablet=&#8221;60px||60px||true|true&#8221; custom_padding_phone=&#8221;40px|20px|40px|20px|true|true&#8221; box_shadow_style=&#8221;preset3&#8243; box_shadow_vertical=&#8221;40px&#8221; box_shadow_blur=&#8221;110px&#8221; box_shadow_spread=&#8221;0px&#8221; box_shadow_color=&#8221;rgba(9,6,38,0.62)&#8221; global_colors_info=&#8221;{}&#8221;][et_pb_column type=&#8221;4_4&#8243; _builder_version=&#8221;4.16&#8243; global_colors_info=&#8221;{}&#8221;][et_pb_text _builder_version=&#8221;4.27.4&#8243; text_font_size=&#8221;16px&#8221; text_line_height=&#8221;1.8em&#8221; header_font=&#8221;Taviraj||||||||&#8221; header_text_align=&#8221;left&#8221; header_font_size=&#8221;25px&#8221; header_letter_spacing=&#8221;3px&#8221; header_line_height=&#8221;1.2em&#8221; max_width=&#8221;600px&#8221; module_alignment=&#8221;left&#8221; custom_margin=&#8221;0px|0px|||false|false&#8221; custom_padding=&#8221;||0px|200px|false|false&#8221; text_font_size_tablet=&#8221;16px&#8221; text_font_size_phone=&#8221;15px&#8221; text_font_size_last_edited=&#8221;on|desktop&#8221; header_font_size_tablet=&#8221;40px&#8221; header_font_size_phone=&#8221;26px&#8221; header_font_size_last_edited=&#8221;on|desktop&#8221; global_colors_info=&#8221;{}&#8221;]<\/p>\n<h1 style=\"text-align: center\"><span><span style=\"color: #333333\">Vice rectorat charg\u00e9 de la p\u00e9dagogie<\/span><\/span><\/h1>\n<p>[\/et_pb_text][\/et_pb_column][\/et_pb_row][et_pb_row use_custom_gutter=&#8221;on&#8221; make_equal=&#8221;on&#8221; _builder_version=&#8221;4.27.4&#8243; _module_preset=&#8221;default&#8221; width=&#8221;100%&#8221; max_width=&#8221;1161px&#8221; module_alignment=&#8221;center&#8221; locked=&#8221;off&#8221; global_colors_info=&#8221;{}&#8221;][et_pb_column type=&#8221;4_4&#8243; _builder_version=&#8221;4.27.4&#8243; _module_preset=&#8221;default&#8221; global_colors_info=&#8221;{}&#8221;][et_pb_menu menu_id=&#8221;2&#8243; menu_style=&#8221;centered&#8221; active_link_color=&#8221;#000000&#8243; dropdown_menu_line_color=&#8221;#166611&#8243; logo_width=&#8221;100%&#8221; logo_height=&#8221;200px&#8221; logo_max_height=&#8221;200px&#8221; show_search_icon=&#8221;on&#8221; logo_width_tablet=&#8221;100%&#8221; logo_width_phone=&#8221;100%&#8221; logo_width_last_edited=&#8221;on|tablet&#8221; _builder_version=&#8221;4.27.4&#8243; _module_preset=&#8221;default&#8221; menu_font=&#8221;Taviraj|600|||||||&#8221; menu_text_color=&#8221;#000000&#8243; width=&#8221;100%&#8221; max_width=&#8221;100%&#8221; module_alignment=&#8221;center&#8221; custom_margin=&#8221;0px|-23px|0px||false|false&#8221; custom_margin_tablet=&#8221;||||false|false&#8221; custom_margin_phone=&#8221;||||false|false&#8221; custom_margin_last_edited=&#8221;on|tablet&#8221; custom_padding=&#8221;15px||15px|0px|false|false&#8221; box_shadow_style=&#8221;preset1&#8243; locked=&#8221;off&#8221; global_colors_info=&#8221;{}&#8221; min_height__hover_enabled=&#8221;on|desktop&#8221;][\/et_pb_menu][\/et_pb_column][\/et_pb_row][\/et_pb_section][et_pb_section fb_built=&#8221;1&#8243; _builder_version=&#8221;4.17.4&#8243; _module_preset=&#8221;default&#8221; global_colors_info=&#8221;{}&#8221;][et_pb_row _builder_version=&#8221;4.21.0&#8243; _module_preset=&#8221;default&#8221; global_colors_info=&#8221;{}&#8221;][et_pb_column type=&#8221;4_4&#8243; _builder_version=&#8221;4.21.0&#8243; _module_preset=&#8221;default&#8221; box_shadow_style=&#8221;preset1&#8243; global_colors_info=&#8221;{}&#8221;][et_pb_text _builder_version=&#8221;4.27.4&#8243; _module_preset=&#8221;default&#8221; width=&#8221;100%&#8221; custom_padding=&#8221;|6px||15px||&#8221; hover_enabled=&#8221;0&#8243; global_colors_info=&#8221;{}&#8221; sticky_enabled=&#8221;0&#8243;]<\/p>\n<p><span style=\"color: #000000\"><\/span><\/p>\n<p><span style=\"color: #000000\">Le calendrier des pr\u00e9inscriptions et inscriptions d\u00e9finitives des nouveaux bacheliers, au titre de l\u2019ann\u00e9e universitaire <strong><span style=\"color: #ff0000\">2025-2026<\/span><\/strong>, est fix\u00e9 comme suit :<\/span><\/p>\n<p><span style=\"color: #000000\"><strong>Portes ouvertes, en mode virtuel, sur les \u00e9tablissements d\u2019enseignement sup\u00e9rieur Du <span style=\"color: #ff0000\">16 au 23 Juillet 2025<\/span>.<\/strong><\/span><\/p>\n<table width=\"899\" style=\"height: 1074px\">\n<tbody>\n<tr style=\"height: 56px\">\n<td colspan=\"3\" style=\"height: 56px;width: 889.8px\"><span style=\"color: #008000\"><strong><u>P\u00e9riode 1<\/u><\/strong><strong> : Pr\u00e9inscription en ligne du 22 Juillet au 26 Juillet 2025<\/strong><\/span><\/td>\n<\/tr>\n<tr style=\"height: 56px\">\n<td colspan=\"2\" style=\"height: 56px;width: 582.65px\"><span style=\"color: #000000\">Pr\u00e9inscription en ligne<\/span><\/td>\n<td style=\"height: 56px;width: 301.55px\"><span style=\"color: #000000\">Du\u00a0<strong>22 <\/strong>au\u00a0<strong>26<\/strong>\u00a0Juillet\u00a0<strong>2025<\/strong><\/span><\/td>\n<\/tr>\n<tr style=\"height: 56px\">\n<td colspan=\"2\" style=\"height: 56px;width: 582.65px\"><span style=\"color: #000000\">Confirmation des pr\u00e9inscriptions en ligne<\/span><\/td>\n<td style=\"height: 56px;width: 301.55px\"><span style=\"color: #000000\">Du\u00a0<strong>27<\/strong>\u00a0au\u00a0<strong>29<\/strong>\u00a0juillet\u00a0<strong>2025<\/strong><\/span><\/td>\n<\/tr>\n<tr style=\"height: 56px\">\n<td colspan=\"2\" style=\"height: 56px;width: 582.65px\"><span style=\"color: #000000\">Proclamation des r\u00e9sultats des affectations<\/span><\/td>\n<td style=\"height: 56px;width: 301.55px\"><span style=\"color: #000000\">Le <strong>05 <\/strong>Ao\u00fbt<strong> 2025 au soir<\/strong><\/span><\/td>\n<\/tr>\n<tr style=\"height: 56px\">\n<td colspan=\"3\" style=\"height: 56px;width: 889.8px\"><span style=\"color: #008000\"><strong><u>P\u00e9riode 2<\/u><\/strong><strong> :\u00a0Inscription d\u00e9finitives en ligne sur PROGRES du 10 au 15 Ao\u00fbt 2025 (Phase 1)<\/strong><\/span><\/td>\n<\/tr>\n<tr style=\"height: 104px\">\n<td colspan=\"2\" style=\"height: 104px;width: 582.65px\"><span style=\"color: #000000\">Ouverture de la plateforme de paiement de frais d\u2019inscription en ligne (selon la date du rendez-vous pr\u00e9cis\u00e9e dans l\u2019attestation d\u2019orientation). <span style=\"color: #008000\"><strong>L\u2019inscription devient d\u00e9finitive <\/strong><\/span>d\u00e8s le paiement des frais d\u2019inscription en ligne.<\/span><\/td>\n<td style=\"height: 104px;width: 301.55px\"><span style=\"color: #000000\">Du<strong> 10 <\/strong>au<strong> 15 <\/strong>Ao\u00fbt <strong>2025<\/strong><\/span><\/td>\n<\/tr>\n<tr style=\"height: 56px\">\n<td colspan=\"3\" style=\"height: 56px;width: 889.8px\"><span style=\"color: #008000\"><strong><u>P\u00e9riode 3<\/u><\/strong><strong> : Cas des choix 0 (Phase 2 )\u00a0 du 06 au 08 Ao\u00fbt 2025\u00a0<\/strong><\/span><\/td>\n<\/tr>\n<tr style=\"height: 120px\">\n<td rowspan=\"2\" style=\"height: 176px;width: 283.517px\"><span style=\"color: #000000\"><strong>2\u00e9me <\/strong>Op\u00e9ration d\u00e9di\u00e9e aux candidats n\u2019ayant obtenus aucun de leurs choix (cas des choix 0)<\/span><\/td>\n<td style=\"height: 120px;width: 293.533px\">\n<p><span style=\"color: #000000\"><strong>Introduction de nouveaux v\u0153ux<\/strong><\/span><\/p>\n<p><span style=\"color: #000000\">(dans le respect des moyennes minimales d\u2019acc\u00e8s)<\/span><\/p>\n<\/td>\n<td style=\"height: 120px;width: 301.55px\"><span style=\"color: #000000\">Du\u00a0<strong>06<\/strong>\u00a0au\u00a0<strong>08<\/strong>\u00a0Ao\u00fbt <strong>2025<\/strong><\/span><\/td>\n<\/tr>\n<tr style=\"height: 56px\">\n<td style=\"height: 56px;width: 293.533px\"><span style=\"color: #000000\"><strong>Proclamation des r\u00e9sultats<\/strong><\/span><\/td>\n<td style=\"height: 56px;width: 301.55px\"><span style=\"color: #000000\"><strong>Le 11 <\/strong>Ao\u00fbt<strong> 2025 au soir<\/strong><\/span><\/td>\n<\/tr>\n<tr style=\"height: 130px\">\n<td colspan=\"2\" style=\"height: 130px;width: 582.65px\"><span style=\"color: #000000\">Ouverture de la plateforme de paiement des frais d\u2019inscription en ligne pour les bacheliers orient\u00e9s lors de la 2<sup>\u00e8me<\/sup> phase (selon la date de rendez-vous pr\u00e9cis\u00e9e dans l\u2019attestation d\u2019orientation). <span style=\"color: #008000\"><strong>L\u2019inscription devient d\u00e9finitive<\/strong><\/span> d\u00e8s le paiement des frais d\u2019inscription en ligne.<\/span><\/td>\n<td style=\"height: 130px;width: 301.55px\"><span style=\"color: #000000\"><strong>Du 13<\/strong>\u00a0au <strong>15<\/strong> Ao\u00fbt\u00a0<strong>2025<\/strong><\/span><\/td>\n<\/tr>\n<tr style=\"height: 80px\">\n<td colspan=\"3\" style=\"height: 80px;width: 889.8px\"><span style=\"color: #008000\"><strong><u>P\u00e9riode 4<\/u><\/strong><strong> : Traitement des cas particuliers par les EES sur la plateforme PROGRES du 19<\/strong> <strong>Ao\u00fbt au 25 Ao\u00fbt <\/strong><strong>2025<\/strong><\/span><\/td>\n<\/tr>\n<tr style=\"height: 56px\">\n<td colspan=\"2\" style=\"height: 56px;width: 582.65px\"><span style=\"color: #000000\">D\u00e9p\u00f4t des demandes<\/span><\/td>\n<td style=\"height: 56px;width: 301.55px\"><span style=\"color: #000000\">Du<strong> 19 <\/strong>Ao\u00fbt\u00a0<strong>au 23 <\/strong>Ao\u00fbt <strong>2025<\/strong><\/span><\/td>\n<\/tr>\n<tr style=\"height: 24px\">\n<td style=\"width: 582.65px;height: 24px\" colspan=\"2\"><span style=\"color: #000000\">Traitement des demandes<\/span><\/td>\n<td style=\"width: 301.55px;height: 24px\"><span style=\"color: #000000\">Le<strong> 24 <\/strong>Ao\u00fbt <strong>au 25 <\/strong>Ao\u00fbt <strong>2025<\/strong><\/span><\/td>\n<\/tr>\n<tr style=\"height: 56px\">\n<td colspan=\"2\" style=\"height: 56px;width: 582.65px\"><span style=\"color: #000000\">Proclamation des r\u00e9sultats<\/span><\/td>\n<td style=\"height: 56px;width: 301.55px\"><span style=\"color: #000000\">Le<strong>\u00a0<\/strong><strong>26 <\/strong>Ao\u00fbt <strong>2025<\/strong><\/span><\/td>\n<\/tr>\n<tr>\n<td style=\"width: 582.65px\" colspan=\"2\"><span style=\"color: #000000\">D\u00e9rnier d\u00e9lai de paiement des frais d\u2019inscription en ligne.<\/span><\/td>\n<td style=\"width: 301.55px\"><span style=\"color: #000000\"> Le<strong>\u00a0<\/strong><strong>31 <\/strong>Ao\u00fbt <strong>2025<\/strong><\/span><\/td>\n<\/tr>\n<tr style=\"height: 56px\">\n<td colspan=\"2\" style=\"height: 56px;width: 582.65px\"><span style=\"color: #008000\"><strong><u>P\u00e9riode 5<\/u><\/strong><strong>\u00a0: Enseignement de l&#8217;anglais en ligne<\/strong><\/span><\/td>\n<td style=\"height: 56px;width: 301.55px\"><\/td>\n<\/tr>\n<tr style=\"height: 56px\">\n<td colspan=\"2\" style=\"height: 56px;width: 582.65px\"><span style=\"color: #000000\">Enseignement de l&#8217;anglais en ligne au profit des nouveaux bacheliers<\/span><\/td>\n<td style=\"height: 56px;width: 301.55px\"><span style=\"color: #000000\">Du <strong>26<\/strong> Juillet <strong>au<\/strong> <strong>25<\/strong> Septembre <strong>2025<\/strong><\/span><\/td>\n<\/tr>\n<\/tbody>\n<\/table>\n<p><span style=\"color: #ff0000\"><strong><u>Remarque:<\/u><\/strong><\/span><\/p>\n<p><span style=\"color: #000000\">L&#8217;inscription d\u00e9finitive des nouveaux bacheliers se fera<\/span> <span style=\"color: #ff0000\"><strong><u>exclusivement en ligne<\/u><\/strong><span style=\"color: #000000\">\u00a0<\/span><\/span><span style=\"color: #000000\">du <strong>10 au 15 Ao\u00fbt 2025<\/strong> \u00e0 travers la plateforme\u00a0<strong>PROGRES<\/strong>\u00a0en consultant le site<\/span>\u00a0<a href=\"https:\/\/progres.mesrs.dz\/webetu\"><strong>https:\/\/progres.mesrs.dz\/webetu<\/strong><\/a><\/p>\n<p><strong><\/strong><\/p>\n<p>[\/et_pb_text][\/et_pb_column][\/et_pb_row][\/et_pb_section]<\/p>\n","protected":false},"excerpt":{"rendered":"<p>Vice rectorat charg\u00e9 de la p\u00e9dagogie Le calendrier des pr\u00e9inscriptions et inscriptions d\u00e9finitives des nouveaux bacheliers, au titre de l\u2019ann\u00e9e universitaire 2025-2026, est fix\u00e9 comme suit : Portes ouvertes, en mode virtuel, sur les \u00e9tablissements d\u2019enseignement sup\u00e9rieur Du 16 au 23 Juillet 2025. P\u00e9riode 1 : Pr\u00e9inscription en ligne du 22 Juillet au 26 Juillet [&hellip;]<\/p>\n","protected":false},"author":1,"featured_media":0,"parent":0,"menu_order":0,"comment_status":"closed","ping_status":"closed","template":"","meta":{"_et_pb_use_builder":"on","_et_pb_old_content":"","_et_gb_content_width":"","footnotes":""},"class_list":["post-2356","page","type-page","status-publish","hentry"],"translation":{"provider":"WPGlobus","version":"3.0.1","language":"ar","enabled_languages":["en","fr","ar","gb"],"languages":{"en":{"title":true,"content":true,"excerpt":false},"fr":{"title":false,"content":false,"excerpt":false},"ar":{"title":false,"content":false,"excerpt":false},"gb":{"title":false,"content":false,"excerpt":false}}},"yoast_head":"<!-- This site is optimized with the Yoast SEO plugin v26.7 - https:\/\/yoast.com\/wordpress\/plugins\/seo\/ -->\n<title>VRP-Calendrier des inscriptions -<\/title>\n<meta name=\"robots\" content=\"index, follow, max-snippet:-1, max-image-preview:large, max-video-preview:-1\" \/>\n<link rel=\"canonical\" href=\"https:\/\/www.ummto.dz\/vrp\/vrp-calendrier-des-inscriptions\/\" \/>\n<meta property=\"og:locale\" content=\"ar_AR\" \/>\n<meta property=\"og:type\" content=\"article\" \/>\n<meta property=\"og:title\" content=\"VRP-Calendrier des inscriptions -\" \/>\n<meta property=\"og:url\" content=\"https:\/\/www.ummto.dz\/vrp\/vrp-calendrier-des-inscriptions\/\" \/>\n<meta property=\"article:modified_time\" content=\"2025-07-16T13:14:09+00:00\" \/>\n<meta name=\"twitter:card\" content=\"summary_large_image\" \/>\n<meta name=\"twitter:label1\" content=\"Est. reading time\" \/>\n\t<meta name=\"twitter:data1\" content=\"5 minutes\" \/>\n<script type=\"application\/ld+json\" class=\"yoast-schema-graph\">{\"@context\":\"https:\/\/schema.org\",\"@graph\":[{\"@type\":\"WebPage\",\"@id\":\"https:\/\/www.ummto.dz\/vrp\/vrp-calendrier-des-inscriptions\/\",\"url\":\"https:\/\/www.ummto.dz\/vrp\/vrp-calendrier-des-inscriptions\/\",\"name\":\"VRP-Calendrier des inscriptions -\",\"isPartOf\":{\"@id\":\"https:\/\/www.ummto.dz\/vrp\/fr\/#website\"},\"datePublished\":\"2022-05-15T14:11:17+00:00\",\"dateModified\":\"2025-07-16T13:14:09+00:00\",\"inLanguage\":\"ar\",\"potentialAction\":[{\"@type\":\"ReadAction\",\"target\":[\"https:\/\/www.ummto.dz\/vrp\/vrp-calendrier-des-inscriptions\/\"]}]},{\"@type\":\"WebSite\",\"@id\":\"https:\/\/www.ummto.dz\/vrp\/fr\/#website\",\"url\":\"https:\/\/www.ummto.dz\/vrp\/fr\/\",\"name\":\"\",\"description\":\"Vice-Rectorat charg\u00e9 de la p\u00e9dagogie\",\"potentialAction\":[{\"@type\":\"SearchAction\",\"target\":{\"@type\":\"EntryPoint\",\"urlTemplate\":\"https:\/\/www.ummto.dz\/vrp\/fr\/?s={search_term_string}\"},\"query-input\":{\"@type\":\"PropertyValueSpecification\",\"valueRequired\":true,\"valueName\":\"search_term_string\"}}],\"inLanguage\":\"ar\"}]}<\/script>\n<!-- \/ Yoast SEO plugin. -->","yoast_head_json":{"title":"VRP-Calendrier des inscriptions -","robots":{"index":"index","follow":"follow","max-snippet":"max-snippet:-1","max-image-preview":"max-image-preview:large","max-video-preview":"max-video-preview:-1"},"canonical":"https:\/\/www.ummto.dz\/vrp\/vrp-calendrier-des-inscriptions\/","og_locale":"ar_AR","og_type":"article","og_title":"VRP-Calendrier des inscriptions -","og_url":"https:\/\/www.ummto.dz\/vrp\/vrp-calendrier-des-inscriptions\/","article_modified_time":"2025-07-16T13:14:09+00:00","twitter_card":"summary_large_image","twitter_misc":{"Est. reading time":"5 minutes"},"schema":{"@context":"https:\/\/schema.org","@graph":[{"@type":"WebPage","@id":"https:\/\/www.ummto.dz\/vrp\/vrp-calendrier-des-inscriptions\/","url":"https:\/\/www.ummto.dz\/vrp\/vrp-calendrier-des-inscriptions\/","name":"VRP-Calendrier des inscriptions -","isPartOf":{"@id":"https:\/\/www.ummto.dz\/vrp\/fr\/#website"},"datePublished":"2022-05-15T14:11:17+00:00","dateModified":"2025-07-16T13:14:09+00:00","inLanguage":"ar","potentialAction":[{"@type":"ReadAction","target":["https:\/\/www.ummto.dz\/vrp\/vrp-calendrier-des-inscriptions\/"]}]},{"@type":"WebSite","@id":"https:\/\/www.ummto.dz\/vrp\/fr\/#website","url":"https:\/\/www.ummto.dz\/vrp\/fr\/","name":"","description":"Vice-Rectorat charg\u00e9 de la p\u00e9dagogie","potentialAction":[{"@type":"SearchAction","target":{"@type":"EntryPoint","urlTemplate":"https:\/\/www.ummto.dz\/vrp\/fr\/?s={search_term_string}"},"query-input":{"@type":"PropertyValueSpecification","valueRequired":true,"valueName":"search_term_string"}}],"inLanguage":"ar"}]}},"_links":{"self":[{"href":"https:\/\/www.ummto.dz\/vrp\/ar\/wp-json\/wp\/v2\/pages\/2356","targetHints":{"allow":["GET"]}}],"collection":[{"href":"https:\/\/www.ummto.dz\/vrp\/ar\/wp-json\/wp\/v2\/pages"}],"about":[{"href":"https:\/\/www.ummto.dz\/vrp\/ar\/wp-json\/wp\/v2\/types\/page"}],"author":[{"embeddable":true,"href":"https:\/\/www.ummto.dz\/vrp\/ar\/wp-json\/wp\/v2\/users\/1"}],"replies":[{"embeddable":true,"href":"https:\/\/www.ummto.dz\/vrp\/ar\/wp-json\/wp\/v2\/comments?post=2356"}],"version-history":[{"count":27,"href":"https:\/\/www.ummto.dz\/vrp\/ar\/wp-json\/wp\/v2\/pages\/2356\/revisions"}],"predecessor-version":[{"id":7034,"href":"https:\/\/www.ummto.dz\/vrp\/ar\/wp-json\/wp\/v2\/pages\/2356\/revisions\/7034"}],"wp:attachment":[{"href":"https:\/\/www.ummto.dz\/vrp\/ar\/wp-json\/wp\/v2\/media?parent=2356"}],"curies":[{"name":"wp","href":"https:\/\/api.w.org\/{rel}","templated":true}]}}