{"id":2427,"date":"2022-05-16T12:59:23","date_gmt":"2022-05-16T11:59:23","guid":{"rendered":"https:\/\/www.ummto.dz\/vrp\/?page_id=2427"},"modified":"2025-06-17T10:26:36","modified_gmt":"2025-06-17T09:26:36","slug":"vrp-etudiants-etrangers","status":"publish","type":"page","link":"https:\/\/www.ummto.dz\/vrp\/ar\/vrp-etudiants-etrangers\/","title":{"rendered":"VRP-Etudiants \u00e9trangers"},"content":{"rendered":"<p>[et_pb_section fb_built=&#8221;1&#8243; custom_padding_last_edited=&#8221;on|desktop&#8221; admin_label=&#8221;Header&#8221; _builder_version=&#8221;4.27.4&#8243; background_image=&#8221;https:\/\/www.ummto.dz\/vrp\/wp-content\/uploads\/tree-838666_1280-300&#215;198.webp&#8221; parallax=&#8221;on&#8221; custom_margin=&#8221;0px||||false|false&#8221; custom_margin_tablet=&#8221;&#8221; custom_margin_phone=&#8221;20px|20px||20px|false|true&#8221; custom_margin_last_edited=&#8221;on|desktop&#8221; custom_padding=&#8221;100px|0px|0px|||&#8221; custom_padding_tablet=&#8221;40px||||false|false&#8221; custom_padding_phone=&#8221;&#8221; border_radii_phone=&#8221;on|20px|20px|20px|20px&#8221; border_radii_last_edited=&#8221;off|desktop&#8221; locked=&#8221;off&#8221; global_colors_info=&#8221;{}&#8221;][et_pb_row use_custom_gutter=&#8221;on&#8221; make_equal=&#8221;on&#8221; custom_padding_last_edited=&#8221;on|tablet&#8221; _builder_version=&#8221;4.27.4&#8243; background_enable_color=&#8221;off&#8221; background_image=&#8221;https:\/\/www.ummto.dz\/fgei\/wp-content\/uploads\/2025\/05\/psychologist-03.jpg&#8221; parallax=&#8221;on&#8221; transform_scale_tablet=&#8221;&#8221; transform_scale_phone=&#8221;&#8221; transform_scale_last_edited=&#8221;on|desktop&#8221; transform_translate=&#8221;30px|0px&#8221; transform_translate_tablet=&#8221;0px|0px&#8221; transform_translate_phone=&#8221;&#8221; transform_translate_last_edited=&#8221;on|tablet&#8221; transform_translate_linked=&#8221;off&#8221; transform_rotate_tablet=&#8221;&#8221; transform_rotate_phone=&#8221;&#8221; transform_rotate_last_edited=&#8221;on|desktop&#8221; transform_skew_tablet=&#8221;&#8221; transform_skew_phone=&#8221;&#8221; transform_skew_last_edited=&#8221;on|desktop&#8221; transform_origin_tablet=&#8221;&#8221; transform_origin_phone=&#8221;&#8221; transform_origin_last_edited=&#8221;on|desktop&#8221; width=&#8221;100%&#8221; width_tablet=&#8221;90%&#8221; width_phone=&#8221;&#8221; width_last_edited=&#8221;on|desktop&#8221; max_width=&#8221;1200px&#8221; module_alignment=&#8221;center&#8221; custom_margin=&#8221;100px||||false|false&#8221; custom_padding=&#8221;43px|0px|43px|140px|false|false&#8221; custom_padding_tablet=&#8221;60px||60px||true|true&#8221; custom_padding_phone=&#8221;40px|20px|40px|20px|true|true&#8221; box_shadow_style=&#8221;preset3&#8243; box_shadow_vertical=&#8221;40px&#8221; box_shadow_blur=&#8221;110px&#8221; box_shadow_spread=&#8221;0px&#8221; box_shadow_color=&#8221;rgba(9,6,38,0.62)&#8221; global_colors_info=&#8221;{}&#8221;][et_pb_column type=&#8221;4_4&#8243; _builder_version=&#8221;4.16&#8243; global_colors_info=&#8221;{}&#8221;][et_pb_text _builder_version=&#8221;4.27.4&#8243; text_font_size=&#8221;16px&#8221; text_line_height=&#8221;1.8em&#8221; header_font=&#8221;Taviraj||||||||&#8221; header_text_align=&#8221;left&#8221; header_letter_spacing=&#8221;3px&#8221; header_line_height=&#8221;1.2em&#8221; max_width=&#8221;600px&#8221; module_alignment=&#8221;left&#8221; custom_margin=&#8221;0px|0px|||false|false&#8221; custom_padding=&#8221;||0px|200px|false|false&#8221; hover_enabled=&#8221;0&#8243; text_font_size_tablet=&#8221;16px&#8221; text_font_size_phone=&#8221;15px&#8221; text_font_size_last_edited=&#8221;on|desktop&#8221; header_font_size_tablet=&#8221;40px&#8221; header_font_size_phone=&#8221;26px&#8221; header_font_size_last_edited=&#8221;on|desktop&#8221; global_colors_info=&#8221;{}&#8221; header_font_size=&#8221;25px&#8221; sticky_enabled=&#8221;0&#8243;]<\/p>\n<h1 style=\"text-align: center;\"><span><span style=\"color: #333333;\">Vice rectorat charg\u00e9 de la p\u00e9dagogie<\/span><\/span><\/h1>\n<p>[\/et_pb_text][\/et_pb_column][\/et_pb_row][et_pb_row use_custom_gutter=&#8221;on&#8221; make_equal=&#8221;on&#8221; _builder_version=&#8221;4.27.4&#8243; _module_preset=&#8221;default&#8221; width=&#8221;100%&#8221; max_width=&#8221;1161px&#8221; module_alignment=&#8221;center&#8221; custom_margin=&#8221;0px|0px|0px|0px|false|false&#8221; locked=&#8221;off&#8221; global_colors_info=&#8221;{}&#8221;][et_pb_column type=&#8221;4_4&#8243; _builder_version=&#8221;4.27.4&#8243; _module_preset=&#8221;default&#8221; global_colors_info=&#8221;{}&#8221;][et_pb_menu menu_id=&#8221;2&#8243; menu_style=&#8221;centered&#8221; active_link_color=&#8221;#000000&#8243; dropdown_menu_line_color=&#8221;#448968&#8243; logo_width=&#8221;100%&#8221; logo_height=&#8221;200px&#8221; logo_max_height=&#8221;200px&#8221; show_search_icon=&#8221;on&#8221; logo_width_tablet=&#8221;100%&#8221; logo_width_phone=&#8221;100%&#8221; logo_width_last_edited=&#8221;on|tablet&#8221; _builder_version=&#8221;4.27.4&#8243; _module_preset=&#8221;default&#8221; menu_font=&#8221;Taviraj|600|||||||&#8221; menu_text_color=&#8221;#000000&#8243; width=&#8221;100%&#8221; max_width=&#8221;100%&#8221; module_alignment=&#8221;center&#8221; custom_margin=&#8221;0px||0px||false|false&#8221; custom_margin_tablet=&#8221;||||false|false&#8221; custom_margin_phone=&#8221;||||false|false&#8221; custom_margin_last_edited=&#8221;on|tablet&#8221; custom_padding=&#8221;15px||15px|0px|false|false&#8221; hover_enabled=&#8221;0&#8243; box_shadow_style=&#8221;preset1&#8243; locked=&#8221;off&#8221; global_colors_info=&#8221;{}&#8221; min_height__hover_enabled=&#8221;on|desktop&#8221; sticky_enabled=&#8221;0&#8243;][\/et_pb_menu][\/et_pb_column][\/et_pb_row][\/et_pb_section][et_pb_section fb_built=&#8221;1&#8243; _builder_version=&#8221;4.27.4&#8243; _module_preset=&#8221;default&#8221; top_divider_color=&#8221;#FFFFFF&#8221; top_divider_height=&#8221;26px&#8221; top_divider_repeat=&#8221;1x&#8221; locked=&#8221;off&#8221; global_colors_info=&#8221;{}&#8221;][et_pb_row _builder_version=&#8221;4.27.0&#8243; _module_preset=&#8221;default&#8221; custom_padding=&#8221;10px||10px||true|false&#8221; global_colors_info=&#8221;{}&#8221;][et_pb_column type=&#8221;4_4&#8243; _builder_version=&#8221;4.27.0&#8243; _module_preset=&#8221;default&#8221; box_shadow_style=&#8221;preset1&#8243; box_shadow_horizontal=&#8221;33px&#8221; global_colors_info=&#8221;{}&#8221;][et_pb_slider _builder_version=&#8221;4.27.4&#8243; _module_preset=&#8221;default&#8221; width=&#8221;100%&#8221; module_alignment=&#8221;center&#8221; min_height=&#8221;338.3px&#8221; custom_margin=&#8221;0px||||false|false&#8221; custom_padding=&#8221;0px||0px||false|false&#8221; hover_enabled=&#8221;0&#8243; global_colors_info=&#8221;{}&#8221; sticky_enabled=&#8221;0&#8243;][et_pb_slide _builder_version=&#8221;4.27.4&#8243; _module_preset=&#8221;default&#8221; background_color=&#8221;rgba(147,175,147,0.58)&#8221; background_enable_color=&#8221;on&#8221; global_colors_info=&#8221;{}&#8221; sticky_transition=&#8221;on&#8221;]<\/p>\n<h1 style=\"text-align: center;\"><a href=\"https:\/\/www.ummto.dz\/vrp\/5677-2\/\" target=\"_blank\" rel=\"noopener\"><span style=\"color: #000000;\">Ch\u00e8res bacheli\u00e8res, chers bacheliers, &#8230; F\u00e9licitations !<\/span><\/a><br \/><span style=\"color: #000000;\"><a href=\"https:\/\/www.ummto.dz\/vrp\/5677-2\/\" target=\"_blank\" rel=\"noopener\" style=\"color: #000000;\">Bienvenue au sein de la communaut\u00e9 universitaire !<\/a><\/span><\/h1>\n<p>&nbsp;<\/p>\n<h1 style=\"text-align: center;\"><span style=\"color: #008000;\"><strong><em>Visites Virtuelles de l&#8217;\u00e9tablissement universitaire<\/em><\/strong><\/span><\/h1>\n<h2 style=\"text-align: center;\"><span style=\"color: #800000;\"><strong><em>Du 16 Juillet au 23 Juillet 2024<\/em><\/strong><\/span><\/h2>\n<p>[\/et_pb_slide][\/et_pb_slider][\/et_pb_column][\/et_pb_row][\/et_pb_section][et_pb_section fb_built=&#8221;1&#8243; _builder_version=&#8221;4.27.0&#8243; _module_preset=&#8221;default&#8221; custom_padding=&#8221;0px||25px||false|false&#8221; global_colors_info=&#8221;{}&#8221;][et_pb_row _builder_version=&#8221;4.16&#8243; _module_preset=&#8221;default&#8221; global_colors_info=&#8221;{}&#8221;][et_pb_column type=&#8221;4_4&#8243; _builder_version=&#8221;4.16&#8243; _module_preset=&#8221;default&#8221; global_colors_info=&#8221;{}&#8221;][et_pb_text _builder_version=&#8221;4.27.4&#8243; _module_preset=&#8221;default&#8221; width=&#8221;100%&#8221; max_width_tablet=&#8221;&#8221; max_width_phone=&#8221;&#8221; max_width_last_edited=&#8221;on|desktop&#8221; module_alignment=&#8221;center&#8221; min_height=&#8221;230.8px&#8221; custom_margin=&#8221;5px||0px|-30px|false|false&#8221; custom_padding=&#8221;5px|6px|20px|9px|false|false&#8221; box_shadow_style=&#8221;preset6&#8243; box_shadow_spread=&#8221;2px&#8221; box_shadow_color=&#8221;#b5b5b5&#8243; global_colors_info=&#8221;{}&#8221; max_width__hover_enabled=&#8221;off|desktop&#8221;]<\/p>\n<h2 style=\"text-align: left;\"><span style=\"color: #0000ff;\"><strong><a href=\"https:\/\/www.ummto.dz\/vrp\/vrp-etudiants-etrangers-en\/\" style=\"color: #0000ff;\"><span style=\"color: #008000;\">Read in English<\/span><\/a><\/strong><\/span><\/h2>\n<h2 style=\"text-align: center;\"><span style=\"color: #008000;\"><strong>Inscription des \u00c9tudiants \u00c9trangers<\/strong><\/span><\/h2>\n<p><span style=\"color: #800000;\"><strong><\/strong><\/span><\/p>\n<p style=\"padding-left: 40px;\"><strong><span style=\"color: #000000;\">1) \u00c9tudiants B\u00e9n\u00e9ficiaires d\u2019une Bourse du Gouvernement Alg\u00e9rien :<\/span><\/strong><\/p>\n<p><span style=\"color: #000000;\">Conform\u00e9ment \u00e0 la Circulaire Minist\u00e9rielle No. 47 du 05 mai 1986, les \u00e9tudiants \u00e9trangers sont autoris\u00e9s \u00e0 s\u2019inscrire dans les universit\u00e9s alg\u00e9riennes sous r\u00e9serve de soumettre un Certificat \u00e9tabli par la Direction de la Coop\u00e9ration du Minist\u00e8re de l\u2019Enseignement Sup\u00e9rieur et de la Recherche Scientifique.<\/span><\/p>\n<p style=\"padding-left: 40px;\"><strong><span style=\"color: #000000;\">2) \u00c9tudiants Enfants de R\u00e9sidents \u00c9trangers en Alg\u00e9rie :<\/span><\/strong><\/p>\n<p><span style=\"color: #000000;\">Ces \u00e9tudiants peuvent obtenir une place p\u00e9dagogique dans les m\u00eames conditions que les \u00e9tudiants alg\u00e9riens. Cependant, leur inscription d\u00e9finitive requiert la pr\u00e9sentation d\u2019une Autorisation d\u00e9livr\u00e9e par la Direction de la Coop\u00e9ration du Minist\u00e8re de l\u2019Enseignement Sup\u00e9rieur t de la Recherche Scientifique.<\/span><\/p>\n<p style=\"padding-left: 40px;\"><strong><span style=\"color: #000000;\">3) Formalit\u00e9s d&#8217;inscription:<\/span><\/strong><\/p>\n<p><span style=\"color: #000000;\">Le Dossier d\u2019Inscription doit comporter:<\/span><\/p>\n<ul>\n<li style=\"list-style-type: none;\">\n<ul>\n<li><span style=\"color: #000000;\">Autorisation minist\u00e9rielle d&#8217;inscription pour \u00e9tudiant \u00e9tranger<\/span><\/li>\n<li><span style=\"color: #000000;\">Original du dipl\u00f4me du Baccalaur\u00e9at<\/span><\/li>\n<li><span style=\"color: #000000;\">\u00c9quivalence du dipl\u00f4me du Baccalaur\u00e9at<\/span><\/li>\n<li><span style=\"color: #000000;\">Acte de Naissance (original)<\/span><\/li>\n<li><span style=\"color: #000000;\">Copie du passeport<\/span><\/li>\n<li><span style=\"color: #000000;\">3 Photos d\u2019identit\u00e9<\/span><\/li>\n<li><span style=\"color: #000000;\">Quittance de Versement des Droits d\u2019Inscription (200 DA)<\/span><\/li>\n<li><span style=\"color: #000000;\">Une Fiche de Renseignements.<\/span><\/li>\n<\/ul>\n<\/li>\n<\/ul>\n<p style=\"padding-left: 40px;\"><strong><span style=\"color: #000000;\">4) Authentification des documents p\u00e9dagogiques:<\/span><\/strong><\/p>\n<p><span style=\"color: #000000;\">L\u2019authentification est l\u2019op\u00e9ration de validation par le Minist\u00e8re de l\u2019Enseignement Sup\u00e9rieur et de la Recherche Scientifique de documents p\u00e9dagogiques d\u00e9livr\u00e9s par l&#8217;universit\u00e9.<\/span><\/p>\n<p><span style=\"color: #000000;\">Le dossier doit comporter :<\/span><\/p>\n<ul>\n<li style=\"list-style-type: none;\">\n<ul>\n<li><span style=\"color: #000000;\">Original du dipl\u00f4me Universitaire d\u00e9finitif.<\/span><\/li>\n<li><span style=\"color: #000000;\">Originaux des relev\u00e9s notes de toutes les ann\u00e9es du cursus.<\/span><\/li>\n<li><span style=\"color: #000000;\">Annexe descriptive au dipl\u00f4me de Licence et Master LMD.<\/span><\/li>\n<li><span style=\"color: #000000;\">Photocopie de l\u2019Attestation d\u2019\u00e9quivalence du baccalaur\u00e9at.<\/span><\/li>\n<li><span style=\"color: #000000;\">Photocopie de l\u2019Autorisation minist\u00e9rielle<\/span><\/li>\n<li><span style=\"color: #000000;\">En cas de transfert : pr\u00e9senter la fiche de transfert (doit \u00eatre sign\u00e9e par les deux \u00e9tablissements + l\u2019avis du directeur de la coop\u00e9ration et des \u00e9changes inter-universitaires <strong>(MESRS)<\/strong><\/span><\/li>\n<\/ul>\n<\/li>\n<\/ul>\n<p><span style=\"color: #000000;\">T\u00e9l\u00e9chargez ici le d\u00e9pliant destin\u00e9 aux \u00e9tudiants \u00e9trangers : <span style=\"color: #008000;\"><a href=\"https:\/\/www.ummto.dz\/vrp\/wp-content\/uploads\/Guide-de-la-procedure-dinscription-des-etudiants-etrangers.pdf\" target=\"_blank\" rel=\"noopener\" style=\"color: #008000;\"><strong>DEPLIANT<\/strong><\/a><\/span><\/span><\/p>\n<p>[\/et_pb_text][\/et_pb_column][\/et_pb_row][\/et_pb_section]<\/p>\n","protected":false},"excerpt":{"rendered":"<p>Vice rectorat charg\u00e9 de la p\u00e9dagogieCh\u00e8res bacheli\u00e8res, chers bacheliers, &#8230; F\u00e9licitations !Bienvenue au sein de la communaut\u00e9 universitaire ! &nbsp; Visites Virtuelles de l&#8217;\u00e9tablissement universitaire Du 16 Juillet au 23 Juillet 2024Read in English Inscription des \u00c9tudiants \u00c9trangers 1) \u00c9tudiants B\u00e9n\u00e9ficiaires d\u2019une Bourse du Gouvernement Alg\u00e9rien : Conform\u00e9ment \u00e0 la Circulaire Minist\u00e9rielle No. 47 du [&hellip;]<\/p>\n","protected":false},"author":1,"featured_media":0,"parent":0,"menu_order":0,"comment_status":"closed","ping_status":"closed","template":"","meta":{"_et_pb_use_builder":"on","_et_pb_old_content":"","_et_gb_content_width":"","footnotes":""},"class_list":["post-2427","page","type-page","status-publish","hentry"],"translation":{"provider":"WPGlobus","version":"3.0.1","language":"ar","enabled_languages":["en","fr","ar","gb"],"languages":{"en":{"title":true,"content":true,"excerpt":false},"fr":{"title":false,"content":false,"excerpt":false},"ar":{"title":false,"content":false,"excerpt":false},"gb":{"title":false,"content":false,"excerpt":false}}},"yoast_head":"<!-- This site is optimized with the Yoast SEO plugin v26.7 - https:\/\/yoast.com\/wordpress\/plugins\/seo\/ -->\n<title>VRP-Etudiants \u00e9trangers -<\/title>\n<meta name=\"robots\" content=\"index, follow, max-snippet:-1, max-image-preview:large, max-video-preview:-1\" \/>\n<link rel=\"canonical\" href=\"https:\/\/www.ummto.dz\/vrp\/vrp-etudiants-etrangers\/\" \/>\n<meta property=\"og:locale\" content=\"ar_AR\" \/>\n<meta property=\"og:type\" content=\"article\" \/>\n<meta property=\"og:title\" content=\"VRP-Etudiants \u00e9trangers -\" \/>\n<meta property=\"og:url\" content=\"https:\/\/www.ummto.dz\/vrp\/vrp-etudiants-etrangers\/\" \/>\n<meta property=\"article:modified_time\" content=\"2025-06-17T09:26:36+00:00\" \/>\n<meta name=\"twitter:card\" content=\"summary_large_image\" \/>\n<meta name=\"twitter:label1\" content=\"Est. reading time\" \/>\n\t<meta name=\"twitter:data1\" content=\"2 minutes\" \/>\n<script type=\"application\/ld+json\" class=\"yoast-schema-graph\">{\"@context\":\"https:\/\/schema.org\",\"@graph\":[{\"@type\":\"WebPage\",\"@id\":\"https:\/\/www.ummto.dz\/vrp\/vrp-etudiants-etrangers\/\",\"url\":\"https:\/\/www.ummto.dz\/vrp\/vrp-etudiants-etrangers\/\",\"name\":\"VRP-Etudiants \u00e9trangers -\",\"isPartOf\":{\"@id\":\"https:\/\/www.ummto.dz\/vrp\/fr\/#website\"},\"datePublished\":\"2022-05-16T11:59:23+00:00\",\"dateModified\":\"2025-06-17T09:26:36+00:00\",\"inLanguage\":\"ar\",\"potentialAction\":[{\"@type\":\"ReadAction\",\"target\":[\"https:\/\/www.ummto.dz\/vrp\/vrp-etudiants-etrangers\/\"]}]},{\"@type\":\"WebSite\",\"@id\":\"https:\/\/www.ummto.dz\/vrp\/fr\/#website\",\"url\":\"https:\/\/www.ummto.dz\/vrp\/fr\/\",\"name\":\"\",\"description\":\"Vice-Rectorat charg\u00e9 de la p\u00e9dagogie\",\"potentialAction\":[{\"@type\":\"SearchAction\",\"target\":{\"@type\":\"EntryPoint\",\"urlTemplate\":\"https:\/\/www.ummto.dz\/vrp\/fr\/?s={search_term_string}\"},\"query-input\":{\"@type\":\"PropertyValueSpecification\",\"valueRequired\":true,\"valueName\":\"search_term_string\"}}],\"inLanguage\":\"ar\"}]}<\/script>\n<!-- \/ Yoast SEO plugin. -->","yoast_head_json":{"title":"VRP-Etudiants \u00e9trangers -","robots":{"index":"index","follow":"follow","max-snippet":"max-snippet:-1","max-image-preview":"max-image-preview:large","max-video-preview":"max-video-preview:-1"},"canonical":"https:\/\/www.ummto.dz\/vrp\/vrp-etudiants-etrangers\/","og_locale":"ar_AR","og_type":"article","og_title":"VRP-Etudiants \u00e9trangers -","og_url":"https:\/\/www.ummto.dz\/vrp\/vrp-etudiants-etrangers\/","article_modified_time":"2025-06-17T09:26:36+00:00","twitter_card":"summary_large_image","twitter_misc":{"Est. reading time":"2 minutes"},"schema":{"@context":"https:\/\/schema.org","@graph":[{"@type":"WebPage","@id":"https:\/\/www.ummto.dz\/vrp\/vrp-etudiants-etrangers\/","url":"https:\/\/www.ummto.dz\/vrp\/vrp-etudiants-etrangers\/","name":"VRP-Etudiants \u00e9trangers -","isPartOf":{"@id":"https:\/\/www.ummto.dz\/vrp\/fr\/#website"},"datePublished":"2022-05-16T11:59:23+00:00","dateModified":"2025-06-17T09:26:36+00:00","inLanguage":"ar","potentialAction":[{"@type":"ReadAction","target":["https:\/\/www.ummto.dz\/vrp\/vrp-etudiants-etrangers\/"]}]},{"@type":"WebSite","@id":"https:\/\/www.ummto.dz\/vrp\/fr\/#website","url":"https:\/\/www.ummto.dz\/vrp\/fr\/","name":"","description":"Vice-Rectorat charg\u00e9 de la p\u00e9dagogie","potentialAction":[{"@type":"SearchAction","target":{"@type":"EntryPoint","urlTemplate":"https:\/\/www.ummto.dz\/vrp\/fr\/?s={search_term_string}"},"query-input":{"@type":"PropertyValueSpecification","valueRequired":true,"valueName":"search_term_string"}}],"inLanguage":"ar"}]}},"_links":{"self":[{"href":"https:\/\/www.ummto.dz\/vrp\/ar\/wp-json\/wp\/v2\/pages\/2427","targetHints":{"allow":["GET"]}}],"collection":[{"href":"https:\/\/www.ummto.dz\/vrp\/ar\/wp-json\/wp\/v2\/pages"}],"about":[{"href":"https:\/\/www.ummto.dz\/vrp\/ar\/wp-json\/wp\/v2\/types\/page"}],"author":[{"embeddable":true,"href":"https:\/\/www.ummto.dz\/vrp\/ar\/wp-json\/wp\/v2\/users\/1"}],"replies":[{"embeddable":true,"href":"https:\/\/www.ummto.dz\/vrp\/ar\/wp-json\/wp\/v2\/comments?post=2427"}],"version-history":[{"count":36,"href":"https:\/\/www.ummto.dz\/vrp\/ar\/wp-json\/wp\/v2\/pages\/2427\/revisions"}],"predecessor-version":[{"id":6867,"href":"https:\/\/www.ummto.dz\/vrp\/ar\/wp-json\/wp\/v2\/pages\/2427\/revisions\/6867"}],"wp:attachment":[{"href":"https:\/\/www.ummto.dz\/vrp\/ar\/wp-json\/wp\/v2\/media?parent=2427"}],"curies":[{"name":"wp","href":"https:\/\/api.w.org\/{rel}","templated":true}]}}