{"id":2519,"date":"2022-05-16T14:33:40","date_gmt":"2022-05-16T13:33:40","guid":{"rendered":"https:\/\/www.ummto.dz\/vrp\/?page_id=2519"},"modified":"2025-09-09T12:37:26","modified_gmt":"2025-09-09T11:37:26","slug":"vrp-transferts","status":"publish","type":"page","link":"https:\/\/www.ummto.dz\/vrp\/ar\/vrp-transferts\/","title":{"rendered":"VRP&#8211;Transferts"},"content":{"rendered":"<p>[et_pb_section fb_built=&#8221;1&#8243; custom_padding_last_edited=&#8221;on|desktop&#8221; admin_label=&#8221;Header&#8221; _builder_version=&#8221;4.27.4&#8243; background_image=&#8221;https:\/\/www.ummto.dz\/vrp\/wp-content\/uploads\/tree-838666_1280-300&#215;198.webp&#8221; parallax=&#8221;on&#8221; custom_margin=&#8221;0px||||false|false&#8221; custom_margin_tablet=&#8221;&#8221; custom_margin_phone=&#8221;20px|20px||20px|false|true&#8221; custom_margin_last_edited=&#8221;on|desktop&#8221; custom_padding=&#8221;100px|0px|0px|||&#8221; custom_padding_tablet=&#8221;40px||||false|false&#8221; custom_padding_phone=&#8221;&#8221; border_radii_phone=&#8221;on|20px|20px|20px|20px&#8221; border_radii_last_edited=&#8221;off|desktop&#8221; locked=&#8221;off&#8221; global_colors_info=&#8221;{}&#8221;][et_pb_row use_custom_gutter=&#8221;on&#8221; make_equal=&#8221;on&#8221; custom_padding_last_edited=&#8221;on|tablet&#8221; _builder_version=&#8221;4.27.4&#8243; background_enable_color=&#8221;off&#8221; background_image=&#8221;https:\/\/www.ummto.dz\/fgei\/wp-content\/uploads\/2025\/05\/psychologist-03.jpg&#8221; parallax=&#8221;on&#8221; transform_scale_tablet=&#8221;&#8221; transform_scale_phone=&#8221;&#8221; transform_scale_last_edited=&#8221;on|desktop&#8221; transform_translate=&#8221;30px|0px&#8221; transform_translate_tablet=&#8221;0px|0px&#8221; transform_translate_phone=&#8221;&#8221; transform_translate_last_edited=&#8221;on|tablet&#8221; transform_translate_linked=&#8221;off&#8221; transform_rotate_tablet=&#8221;&#8221; transform_rotate_phone=&#8221;&#8221; transform_rotate_last_edited=&#8221;on|desktop&#8221; transform_skew_tablet=&#8221;&#8221; transform_skew_phone=&#8221;&#8221; transform_skew_last_edited=&#8221;on|desktop&#8221; transform_origin_tablet=&#8221;&#8221; transform_origin_phone=&#8221;&#8221; transform_origin_last_edited=&#8221;on|desktop&#8221; width=&#8221;100%&#8221; width_tablet=&#8221;90%&#8221; width_phone=&#8221;&#8221; width_last_edited=&#8221;on|desktop&#8221; max_width=&#8221;1200px&#8221; module_alignment=&#8221;center&#8221; custom_margin=&#8221;100px||||false|false&#8221; custom_padding=&#8221;43px|0px|43px|140px|false|false&#8221; custom_padding_tablet=&#8221;60px||60px||true|true&#8221; custom_padding_phone=&#8221;40px|20px|40px|20px|true|true&#8221; box_shadow_style=&#8221;preset3&#8243; box_shadow_vertical=&#8221;40px&#8221; box_shadow_blur=&#8221;110px&#8221; box_shadow_spread=&#8221;0px&#8221; box_shadow_color=&#8221;rgba(9,6,38,0.62)&#8221; global_colors_info=&#8221;{}&#8221;][et_pb_column type=&#8221;4_4&#8243; _builder_version=&#8221;4.16&#8243; global_colors_info=&#8221;{}&#8221;][et_pb_text _builder_version=&#8221;4.27.4&#8243; text_font_size=&#8221;16px&#8221; text_line_height=&#8221;1.8em&#8221; header_font=&#8221;Taviraj||||||||&#8221; header_text_align=&#8221;left&#8221; header_font_size=&#8221;25px&#8221; header_letter_spacing=&#8221;3px&#8221; header_line_height=&#8221;1.2em&#8221; max_width=&#8221;600px&#8221; module_alignment=&#8221;left&#8221; custom_margin=&#8221;0px|0px|||false|false&#8221; custom_padding=&#8221;||0px|200px|false|false&#8221; text_font_size_tablet=&#8221;16px&#8221; text_font_size_phone=&#8221;15px&#8221; text_font_size_last_edited=&#8221;on|desktop&#8221; header_font_size_tablet=&#8221;40px&#8221; header_font_size_phone=&#8221;26px&#8221; header_font_size_last_edited=&#8221;on|desktop&#8221; global_colors_info=&#8221;{}&#8221;]<\/p>\n<h1 style=\"text-align: center\"><span><span style=\"color: #333333\">Vice rectorat charg\u00e9 de la p\u00e9dagogie<\/span><\/span><\/h1>\n<p>[\/et_pb_text][\/et_pb_column][\/et_pb_row][et_pb_row use_custom_gutter=&#8221;on&#8221; make_equal=&#8221;on&#8221; _builder_version=&#8221;4.27.4&#8243; _module_preset=&#8221;default&#8221; width=&#8221;100%&#8221; max_width=&#8221;1161px&#8221; module_alignment=&#8221;center&#8221; locked=&#8221;off&#8221; global_colors_info=&#8221;{}&#8221;][et_pb_column type=&#8221;4_4&#8243; _builder_version=&#8221;4.27.4&#8243; _module_preset=&#8221;default&#8221; global_colors_info=&#8221;{}&#8221;][et_pb_menu menu_id=&#8221;2&#8243; menu_style=&#8221;centered&#8221; active_link_color=&#8221;#000000&#8243; dropdown_menu_line_color=&#8221;#166611&#8243; logo_width=&#8221;100%&#8221; logo_height=&#8221;200px&#8221; logo_max_height=&#8221;200px&#8221; show_search_icon=&#8221;on&#8221; logo_width_tablet=&#8221;100%&#8221; logo_width_phone=&#8221;100%&#8221; logo_width_last_edited=&#8221;on|tablet&#8221; _builder_version=&#8221;4.27.4&#8243; _module_preset=&#8221;default&#8221; menu_font=&#8221;Taviraj|600|||||||&#8221; menu_text_color=&#8221;#000000&#8243; width=&#8221;100%&#8221; max_width=&#8221;100%&#8221; module_alignment=&#8221;center&#8221; custom_margin=&#8221;0px|-23px|0px||false|false&#8221; custom_margin_tablet=&#8221;||||false|false&#8221; custom_margin_phone=&#8221;||||false|false&#8221; custom_margin_last_edited=&#8221;on|tablet&#8221; custom_padding=&#8221;15px||15px|0px|false|false&#8221; box_shadow_style=&#8221;preset1&#8243; locked=&#8221;off&#8221; global_colors_info=&#8221;{}&#8221; min_height__hover_enabled=&#8221;on|desktop&#8221;][\/et_pb_menu][\/et_pb_column][\/et_pb_row][\/et_pb_section][et_pb_section fb_built=&#8221;1&#8243; _builder_version=&#8221;4.17.4&#8243; _module_preset=&#8221;default&#8221; global_colors_info=&#8221;{}&#8221;][et_pb_row column_structure=&#8221;1_2,1_2&#8243; _builder_version=&#8221;4.27.0&#8243; _module_preset=&#8221;default&#8221; width=&#8221;79.7%&#8221; min_height=&#8221;339.2px&#8221; custom_padding=&#8221;64px||0px|12px|false|false&#8221; box_shadow_style=&#8221;preset1&#8243; box_shadow_color=&#8221;#939393&#8243; global_colors_info=&#8221;{}&#8221;][et_pb_column type=&#8221;1_2&#8243; _builder_version=&#8221;4.17.4&#8243; _module_preset=&#8221;default&#8221; global_colors_info=&#8221;{}&#8221;][et_pb_text _builder_version=&#8221;4.27.4&#8243; _module_preset=&#8221;default&#8221; width=&#8221;100%&#8221; custom_margin=&#8221;|-665px||||&#8221; custom_padding=&#8221;|0px||||&#8221; hover_enabled=&#8221;0&#8243; global_colors_info=&#8221;{}&#8221; sticky_enabled=&#8221;0&#8243;]<\/p>\n<h2 style=\"text-align: center\"><span style=\"color: #008000\"><strong>TRANSFERT ARRIV\u00c9E<\/strong><\/span><\/h2>\n<h2 style=\"text-align: center\"><span style=\"color: #ff0000\"><strong><\/strong><\/span><\/h2>\n<h3 style=\"text-align: center\"><span style=\"color: #ff0000\"><strong>(Attention ceci ne concerne pas les nouveaux bacheliers 2025)<\/strong><\/span><\/h3>\n<p style=\"text-align: center\"><span style=\"color: #000000\"><strong>Transfert interne ou arriv\u00e9e d\u2019un autre \u00e9tablissement d\u2019\u00e9tudiant ayant accompli au moins une ann\u00e9e d\u2019\u00e9tudes<\/strong><\/span><\/p>\n<p style=\"text-align: center\"><span style=\"color: #000000\">Le transfert se d\u00e9roulera exclusivement sur <strong>PROGRES<\/strong>.<\/span><\/p>\n<p style=\"text-align: left\"><span style=\"color: #000000\"><span style=\"color: #000000;font-family: 'Open Sans', Arial, sans-serif;font-size: 14px;font-style: normal;font-weight: 500;letter-spacing: normal;text-align: left;text-indent: 0px;text-transform: none;background-color: #ffffff;float: none\">La p\u00e9riode de transfert des \u00e9tudiants anciens au sein de la m\u00eame institution universitaire ou \u00e0 l\u2019ext\u00e9rieur, d\u2019un domaine \u00e0 un autre et d\u2019une division \u00e0 une autre, peut \u00eatre fix\u00e9e selon le calendrier suivant:<\/span><br style=\"color: #000000;font-family: 'Open Sans', Arial, sans-serif;font-size: 14px;font-style: normal;font-weight: 500;letter-spacing: normal;text-align: left;text-indent: 0px;text-transform: none;background-color: #ffffff\" \/><span style=\"color: #000000;font-family: 'Open Sans', Arial, sans-serif;font-size: 14px;font-style: normal;font-weight: 500;letter-spacing: normal;text-align: left;text-indent: 0px;text-transform: none;background-color: #ffffff;float: none\">\u2013 D\u00e9p\u00f4t des demandes via le syst\u00e8me progres (webetu) le site: du<span>\u00a0<\/span><\/span><span style=\"margin: 0px;padding: 0px;border: 0px;font-size: 14px;vertical-align: baseline;background: #ffffff;font-family: 'Open Sans', Arial, sans-serif;font-style: normal;font-weight: 500;letter-spacing: normal;text-align: left;text-indent: 0px;text-transform: none;color: #ff0000\"><strong style=\"margin: 0px;padding: 0px;border: 0px;font-size: 14px;vertical-align: baseline;background: transparent;font-weight: bold\">samedi 13 au vendredi 19 septembre 2025.<\/strong><\/span><br style=\"color: #000000;font-family: 'Open Sans', Arial, sans-serif;font-size: 14px;font-style: normal;font-weight: 500;letter-spacing: normal;text-align: left;text-indent: 0px;text-transform: none;background-color: #ffffff\" \/><span style=\"color: #000000;font-family: 'Open Sans', Arial, sans-serif;font-size: 14px;font-style: normal;font-weight: 500;letter-spacing: normal;text-align: left;text-indent: 0px;text-transform: none;background-color: #ffffff;float: none\">\u2013 Traitement des demandes de transfert: du<span>\u00a0<\/span><\/span><strong style=\"margin: 0px;padding: 0px;border: 0px;font-size: 14px;vertical-align: baseline;background: #ffffff;font-weight: bold;color: #000000;font-family: 'Open Sans', Arial, sans-serif;font-style: normal;letter-spacing: normal;text-align: left;text-indent: 0px;text-transform: none\"><span style=\"margin: 0px;padding: 0px;border: 0px;font-size: 14px;vertical-align: baseline;background: transparent;color: #ff0000\">samedi 20 au mardi 23 septembre 2025.<\/span><\/strong><br style=\"color: #000000;font-family: 'Open Sans', Arial, sans-serif;font-size: 14px;font-style: normal;font-weight: 500;letter-spacing: normal;text-align: left;text-indent: 0px;text-transform: none;background-color: #ffffff\" \/><span style=\"color: #000000;font-family: 'Open Sans', Arial, sans-serif;font-size: 14px;font-style: normal;font-weight: 500;letter-spacing: normal;text-align: left;text-indent: 0px;text-transform: none;background-color: #ffffff;float: none\">\u2013 Annonce des r\u00e9sultats des transferts<span>\u00a0<\/span><\/span><strong style=\"margin: 0px;padding: 0px;border: 0px;font-size: 14px;vertical-align: baseline;background: #ffffff;font-weight: bold;color: #000000;font-family: 'Open Sans', Arial, sans-serif;font-style: normal;letter-spacing: normal;text-align: left;text-indent: 0px;text-transform: none\"><span style=\"margin: 0px;padding: 0px;border: 0px;font-size: 14px;vertical-align: baseline;background: transparent;color: #ff0000\">le mercredi 24 septembre 2025.<\/span><\/strong><br style=\"color: #000000;font-family: 'Open Sans', Arial, sans-serif;font-size: 14px;font-style: normal;font-weight: 500;letter-spacing: normal;text-align: left;text-indent: 0px;text-transform: none;background-color: #ffffff\" \/><span style=\"color: #000000;font-family: 'Open Sans', Arial, sans-serif;font-size: 14px;font-style: normal;font-weight: 500;letter-spacing: normal;text-align: left;text-indent: 0px;text-transform: none;background-color: #ffffff;float: none\">\u2013 Confirmation du transfert et paiement des frais d\u2019inscription: du<span>\u00a0<\/span><\/span><span style=\"margin: 0px;padding: 0px;border: 0px;font-size: 14px;vertical-align: baseline;background: #ffffff;font-family: 'Open Sans', Arial, sans-serif;font-style: normal;font-weight: 500;letter-spacing: normal;text-align: left;text-indent: 0px;text-transform: none;color: #ff0000\"><strong style=\"margin: 0px;padding: 0px;border: 0px;font-size: 14px;vertical-align: baseline;background: transparent;font-weight: bold\">mercredi 24 au samedi 27 septembre 2025<\/strong><\/span><span style=\"color: #000000;font-family: 'Open Sans', Arial, sans-serif;font-size: 14px;font-style: normal;font-weight: 500;letter-spacing: normal;text-align: left;text-indent: 0px;text-transform: none;background-color: #ffffff;float: none\">.<\/span><\/span><\/p>\n<p style=\"text-align: left\">[\/et_pb_text][\/et_pb_column][et_pb_column type=&#8221;1_2&#8243; _builder_version=&#8221;4.17.4&#8243; _module_preset=&#8221;default&#8221; global_colors_info=&#8221;{}&#8221;][et_pb_text _builder_version=&#8221;4.27.4&#8243; _module_preset=&#8221;default&#8221; hover_enabled=&#8221;0&#8243; global_colors_info=&#8221;{}&#8221; custom_margin=&#8221;|||-17px||&#8221; custom_padding=&#8221;|||9px||&#8221; sticky_enabled=&#8221;0&#8243;]<\/p>\n<h2 style=\"text-align: center\"><span style=\"color: #008000\"><strong>TRANSFERT D\u00c9PART<\/strong><\/span><\/h2>\n<p><span style=\"color: #000000\"><\/span><\/p>\n<p><span style=\"color: #000000\"><strong>Transfert externe ou d\u00e9part vers un autre \u00e9tablissement d\u2019\u00e9tudiant ayant accompli au moins une ann\u00e9e d\u2019\u00e9tudes<\/strong><\/span><\/p>\n<p style=\"text-align: center\"><span style=\"color: #000000\">Le transfert se d\u00e9roulera exclusivement sur <strong>PROGRES<\/strong>.<\/span><\/p>\n<p style=\"text-align: left\"><span style=\"color: #000000\"><span style=\"color: #000000;font-family: 'Open Sans', Arial, sans-serif;font-size: 14px;font-style: normal;font-weight: 500;letter-spacing: normal;text-align: left;text-indent: 0px;text-transform: none;background-color: #ffffff;float: none\">La p\u00e9riode de transfert des \u00e9tudiants anciens au sein de la m\u00eame institution universitaire ou \u00e0 l\u2019ext\u00e9rieur, d\u2019un domaine \u00e0 un autre et d\u2019une division \u00e0 une autre, peut \u00eatre fix\u00e9e selon le calendrier suivant:<\/span><br style=\"color: #000000;font-family: 'Open Sans', Arial, sans-serif;font-size: 14px;font-style: normal;font-weight: 500;letter-spacing: normal;text-align: left;text-indent: 0px;text-transform: none;background-color: #ffffff\" \/><span style=\"color: #000000;font-family: 'Open Sans', Arial, sans-serif;font-size: 14px;font-style: normal;font-weight: 500;letter-spacing: normal;text-align: left;text-indent: 0px;text-transform: none;background-color: #ffffff;float: none\">\u2013 D\u00e9p\u00f4t des demandes via le syst\u00e8me progres (webetu) le site: du<span>\u00a0<\/span><\/span><span style=\"margin: 0px;padding: 0px;border: 0px;font-size: 14px;vertical-align: baseline;background: #ffffff;font-family: 'Open Sans', Arial, sans-serif;font-style: normal;font-weight: 500;letter-spacing: normal;text-align: left;text-indent: 0px;text-transform: none;color: #ff0000\"><strong style=\"margin: 0px;padding: 0px;border: 0px;font-size: 14px;vertical-align: baseline;background: transparent;font-weight: bold\">samedi 13 au vendredi 19 septembre 2025.<\/strong><\/span><br style=\"color: #000000;font-family: 'Open Sans', Arial, sans-serif;font-size: 14px;font-style: normal;font-weight: 500;letter-spacing: normal;text-align: left;text-indent: 0px;text-transform: none;background-color: #ffffff\" \/><span style=\"color: #000000;font-family: 'Open Sans', Arial, sans-serif;font-size: 14px;font-style: normal;font-weight: 500;letter-spacing: normal;text-align: left;text-indent: 0px;text-transform: none;background-color: #ffffff;float: none\">\u2013 Traitement des demandes de transfert: du<span>\u00a0<\/span><\/span><strong style=\"margin: 0px;padding: 0px;border: 0px;font-size: 14px;vertical-align: baseline;background: #ffffff;font-weight: bold;color: #000000;font-family: 'Open Sans', Arial, sans-serif;font-style: normal;letter-spacing: normal;text-align: left;text-indent: 0px;text-transform: none\"><span style=\"margin: 0px;padding: 0px;border: 0px;font-size: 14px;vertical-align: baseline;background: transparent;color: #ff0000\">samedi 20 au mardi 23 septembre 2025.<\/span><\/strong><br style=\"color: #000000;font-family: 'Open Sans', Arial, sans-serif;font-size: 14px;font-style: normal;font-weight: 500;letter-spacing: normal;text-align: left;text-indent: 0px;text-transform: none;background-color: #ffffff\" \/><span style=\"color: #000000;font-family: 'Open Sans', Arial, sans-serif;font-size: 14px;font-style: normal;font-weight: 500;letter-spacing: normal;text-align: left;text-indent: 0px;text-transform: none;background-color: #ffffff;float: none\">\u2013 Annonce des r\u00e9sultats des transferts<span>\u00a0<\/span><\/span><strong style=\"margin: 0px;padding: 0px;border: 0px;font-size: 14px;vertical-align: baseline;background: #ffffff;font-weight: bold;color: #000000;font-family: 'Open Sans', Arial, sans-serif;font-style: normal;letter-spacing: normal;text-align: left;text-indent: 0px;text-transform: none\"><span style=\"margin: 0px;padding: 0px;border: 0px;font-size: 14px;vertical-align: baseline;background: transparent;color: #ff0000\">le mercredi 24 septembre 2025.<\/span><\/strong><br style=\"color: #000000;font-family: 'Open Sans', Arial, sans-serif;font-size: 14px;font-style: normal;font-weight: 500;letter-spacing: normal;text-align: left;text-indent: 0px;text-transform: none;background-color: #ffffff\" \/><span style=\"color: #000000;font-family: 'Open Sans', Arial, sans-serif;font-size: 14px;font-style: normal;font-weight: 500;letter-spacing: normal;text-align: left;text-indent: 0px;text-transform: none;background-color: #ffffff;float: none\">\u2013 Confirmation du transfert et paiement des frais d\u2019inscription: du<span>\u00a0<\/span><\/span><span style=\"margin: 0px;padding: 0px;border: 0px;font-size: 14px;vertical-align: baseline;background: #ffffff;font-family: 'Open Sans', Arial, sans-serif;font-style: normal;font-weight: 500;letter-spacing: normal;text-align: left;text-indent: 0px;text-transform: none;color: #ff0000\"><strong style=\"margin: 0px;padding: 0px;border: 0px;font-size: 14px;vertical-align: baseline;background: transparent;font-weight: bold\">mercredi 24 au samedi 27 septembre 2025<\/strong><\/span><span style=\"color: #000000;font-family: 'Open Sans', Arial, sans-serif;font-size: 14px;font-style: normal;font-weight: 500;letter-spacing: normal;text-align: left;text-indent: 0px;text-transform: none;background-color: #ffffff;float: none\">.<\/span><\/span><\/p>\n<p>[\/et_pb_text][\/et_pb_column][\/et_pb_row][\/et_pb_section]<\/p>\n","protected":false},"excerpt":{"rendered":"<p>Vice rectorat charg\u00e9 de la p\u00e9dagogieTRANSFERT ARRIV\u00c9E (Attention ceci ne concerne pas les nouveaux bacheliers 2025) Transfert interne ou arriv\u00e9e d\u2019un autre \u00e9tablissement d\u2019\u00e9tudiant ayant accompli au moins une ann\u00e9e d\u2019\u00e9tudes Le transfert se d\u00e9roulera exclusivement sur PROGRES. La p\u00e9riode de transfert des \u00e9tudiants anciens au sein de la m\u00eame institution universitaire ou \u00e0 l\u2019ext\u00e9rieur, [&hellip;]<\/p>\n","protected":false},"author":1,"featured_media":0,"parent":0,"menu_order":0,"comment_status":"closed","ping_status":"closed","template":"","meta":{"_et_pb_use_builder":"on","_et_pb_old_content":"","_et_gb_content_width":"","footnotes":""},"class_list":["post-2519","page","type-page","status-publish","hentry"],"translation":{"provider":"WPGlobus","version":"3.0.1","language":"ar","enabled_languages":["en","fr","ar","gb"],"languages":{"en":{"title":true,"content":true,"excerpt":false},"fr":{"title":false,"content":false,"excerpt":false},"ar":{"title":false,"content":false,"excerpt":false},"gb":{"title":false,"content":false,"excerpt":false}}},"yoast_head":"<!-- This site is optimized with the Yoast SEO plugin v26.7 - https:\/\/yoast.com\/wordpress\/plugins\/seo\/ -->\n<title>VRP-Transferts -<\/title>\n<meta name=\"robots\" content=\"index, follow, max-snippet:-1, max-image-preview:large, max-video-preview:-1\" \/>\n<link rel=\"canonical\" href=\"https:\/\/www.ummto.dz\/vrp\/vrp-transferts\/\" \/>\n<meta property=\"og:locale\" content=\"ar_AR\" \/>\n<meta property=\"og:type\" content=\"article\" \/>\n<meta property=\"og:title\" content=\"VRP-Transferts -\" \/>\n<meta property=\"og:url\" content=\"https:\/\/www.ummto.dz\/vrp\/vrp-transferts\/\" \/>\n<meta property=\"article:modified_time\" content=\"2025-09-09T11:37:26+00:00\" \/>\n<meta name=\"twitter:card\" content=\"summary_large_image\" \/>\n<meta name=\"twitter:label1\" content=\"Est. reading time\" \/>\n\t<meta name=\"twitter:data1\" content=\"5 minutes\" \/>\n<script type=\"application\/ld+json\" class=\"yoast-schema-graph\">{\"@context\":\"https:\/\/schema.org\",\"@graph\":[{\"@type\":\"WebPage\",\"@id\":\"https:\/\/www.ummto.dz\/vrp\/vrp-transferts\/\",\"url\":\"https:\/\/www.ummto.dz\/vrp\/vrp-transferts\/\",\"name\":\"VRP-Transferts -\",\"isPartOf\":{\"@id\":\"https:\/\/www.ummto.dz\/vrp\/fr\/#website\"},\"datePublished\":\"2022-05-16T13:33:40+00:00\",\"dateModified\":\"2025-09-09T11:37:26+00:00\",\"inLanguage\":\"ar\",\"potentialAction\":[{\"@type\":\"ReadAction\",\"target\":[\"https:\/\/www.ummto.dz\/vrp\/vrp-transferts\/\"]}]},{\"@type\":\"WebSite\",\"@id\":\"https:\/\/www.ummto.dz\/vrp\/fr\/#website\",\"url\":\"https:\/\/www.ummto.dz\/vrp\/fr\/\",\"name\":\"\",\"description\":\"Vice-Rectorat charg\u00e9 de la p\u00e9dagogie\",\"potentialAction\":[{\"@type\":\"SearchAction\",\"target\":{\"@type\":\"EntryPoint\",\"urlTemplate\":\"https:\/\/www.ummto.dz\/vrp\/fr\/?s={search_term_string}\"},\"query-input\":{\"@type\":\"PropertyValueSpecification\",\"valueRequired\":true,\"valueName\":\"search_term_string\"}}],\"inLanguage\":\"ar\"}]}<\/script>\n<!-- \/ Yoast SEO plugin. -->","yoast_head_json":{"title":"VRP-Transferts -","robots":{"index":"index","follow":"follow","max-snippet":"max-snippet:-1","max-image-preview":"max-image-preview:large","max-video-preview":"max-video-preview:-1"},"canonical":"https:\/\/www.ummto.dz\/vrp\/vrp-transferts\/","og_locale":"ar_AR","og_type":"article","og_title":"VRP-Transferts -","og_url":"https:\/\/www.ummto.dz\/vrp\/vrp-transferts\/","article_modified_time":"2025-09-09T11:37:26+00:00","twitter_card":"summary_large_image","twitter_misc":{"Est. reading time":"5 minutes"},"schema":{"@context":"https:\/\/schema.org","@graph":[{"@type":"WebPage","@id":"https:\/\/www.ummto.dz\/vrp\/vrp-transferts\/","url":"https:\/\/www.ummto.dz\/vrp\/vrp-transferts\/","name":"VRP-Transferts -","isPartOf":{"@id":"https:\/\/www.ummto.dz\/vrp\/fr\/#website"},"datePublished":"2022-05-16T13:33:40+00:00","dateModified":"2025-09-09T11:37:26+00:00","inLanguage":"ar","potentialAction":[{"@type":"ReadAction","target":["https:\/\/www.ummto.dz\/vrp\/vrp-transferts\/"]}]},{"@type":"WebSite","@id":"https:\/\/www.ummto.dz\/vrp\/fr\/#website","url":"https:\/\/www.ummto.dz\/vrp\/fr\/","name":"","description":"Vice-Rectorat charg\u00e9 de la p\u00e9dagogie","potentialAction":[{"@type":"SearchAction","target":{"@type":"EntryPoint","urlTemplate":"https:\/\/www.ummto.dz\/vrp\/fr\/?s={search_term_string}"},"query-input":{"@type":"PropertyValueSpecification","valueRequired":true,"valueName":"search_term_string"}}],"inLanguage":"ar"}]}},"_links":{"self":[{"href":"https:\/\/www.ummto.dz\/vrp\/ar\/wp-json\/wp\/v2\/pages\/2519","targetHints":{"allow":["GET"]}}],"collection":[{"href":"https:\/\/www.ummto.dz\/vrp\/ar\/wp-json\/wp\/v2\/pages"}],"about":[{"href":"https:\/\/www.ummto.dz\/vrp\/ar\/wp-json\/wp\/v2\/types\/page"}],"author":[{"embeddable":true,"href":"https:\/\/www.ummto.dz\/vrp\/ar\/wp-json\/wp\/v2\/users\/1"}],"replies":[{"embeddable":true,"href":"https:\/\/www.ummto.dz\/vrp\/ar\/wp-json\/wp\/v2\/comments?post=2519"}],"version-history":[{"count":26,"href":"https:\/\/www.ummto.dz\/vrp\/ar\/wp-json\/wp\/v2\/pages\/2519\/revisions"}],"predecessor-version":[{"id":7181,"href":"https:\/\/www.ummto.dz\/vrp\/ar\/wp-json\/wp\/v2\/pages\/2519\/revisions\/7181"}],"wp:attachment":[{"href":"https:\/\/www.ummto.dz\/vrp\/ar\/wp-json\/wp\/v2\/media?parent=2519"}],"curies":[{"name":"wp","href":"https:\/\/api.w.org\/{rel}","templated":true}]}}