{"id":2524,"date":"2022-05-16T14:37:27","date_gmt":"2022-05-16T13:37:27","guid":{"rendered":"https:\/\/www.ummto.dz\/vrp\/?page_id=2524"},"modified":"2025-07-17T09:34:41","modified_gmt":"2025-07-17T08:34:41","slug":"vrp-moyennes-ponderees","status":"publish","type":"page","link":"https:\/\/www.ummto.dz\/vrp\/ar\/vrp-moyennes-ponderees\/","title":{"rendered":"VRP-Moyennes pond\u00e9r\u00e9es"},"content":{"rendered":"<p>[et_pb_section fb_built=&#8221;1&#8243; custom_padding_last_edited=&#8221;on|desktop&#8221; admin_label=&#8221;Header&#8221; _builder_version=&#8221;4.27.4&#8243; background_image=&#8221;https:\/\/www.ummto.dz\/vrp\/wp-content\/uploads\/tree-838666_1280-300&#215;198.webp&#8221; parallax=&#8221;on&#8221; custom_margin=&#8221;0px||||false|false&#8221; custom_margin_tablet=&#8221;&#8221; custom_margin_phone=&#8221;20px|20px||20px|false|true&#8221; custom_margin_last_edited=&#8221;on|desktop&#8221; custom_padding=&#8221;100px|0px|0px|||&#8221; custom_padding_tablet=&#8221;40px||||false|false&#8221; custom_padding_phone=&#8221;&#8221; border_radii_phone=&#8221;on|20px|20px|20px|20px&#8221; border_radii_last_edited=&#8221;off|desktop&#8221; locked=&#8221;off&#8221; global_colors_info=&#8221;{}&#8221;][et_pb_row use_custom_gutter=&#8221;on&#8221; make_equal=&#8221;on&#8221; custom_padding_last_edited=&#8221;on|tablet&#8221; _builder_version=&#8221;4.27.4&#8243; background_enable_color=&#8221;off&#8221; background_image=&#8221;https:\/\/www.ummto.dz\/fgei\/wp-content\/uploads\/2025\/05\/psychologist-03.jpg&#8221; parallax=&#8221;on&#8221; transform_scale_tablet=&#8221;&#8221; transform_scale_phone=&#8221;&#8221; transform_scale_last_edited=&#8221;on|desktop&#8221; transform_translate=&#8221;30px|0px&#8221; transform_translate_tablet=&#8221;0px|0px&#8221; transform_translate_phone=&#8221;&#8221; transform_translate_last_edited=&#8221;on|tablet&#8221; transform_translate_linked=&#8221;off&#8221; transform_rotate_tablet=&#8221;&#8221; transform_rotate_phone=&#8221;&#8221; transform_rotate_last_edited=&#8221;on|desktop&#8221; transform_skew_tablet=&#8221;&#8221; transform_skew_phone=&#8221;&#8221; transform_skew_last_edited=&#8221;on|desktop&#8221; transform_origin_tablet=&#8221;&#8221; transform_origin_phone=&#8221;&#8221; transform_origin_last_edited=&#8221;on|desktop&#8221; width=&#8221;100%&#8221; width_tablet=&#8221;90%&#8221; width_phone=&#8221;&#8221; width_last_edited=&#8221;on|desktop&#8221; max_width=&#8221;1200px&#8221; module_alignment=&#8221;center&#8221; custom_margin=&#8221;100px||||false|false&#8221; custom_padding=&#8221;43px|0px|43px|140px|false|false&#8221; custom_padding_tablet=&#8221;60px||60px||true|true&#8221; custom_padding_phone=&#8221;40px|20px|40px|20px|true|true&#8221; box_shadow_style=&#8221;preset3&#8243; box_shadow_vertical=&#8221;40px&#8221; box_shadow_blur=&#8221;110px&#8221; box_shadow_spread=&#8221;0px&#8221; box_shadow_color=&#8221;rgba(9,6,38,0.62)&#8221; global_colors_info=&#8221;{}&#8221;][et_pb_column type=&#8221;4_4&#8243; _builder_version=&#8221;4.16&#8243; global_colors_info=&#8221;{}&#8221;][et_pb_text _builder_version=&#8221;4.27.4&#8243; text_font_size=&#8221;16px&#8221; text_line_height=&#8221;1.8em&#8221; header_font=&#8221;Taviraj||||||||&#8221; header_text_align=&#8221;left&#8221; header_font_size=&#8221;25px&#8221; header_letter_spacing=&#8221;3px&#8221; header_line_height=&#8221;1.2em&#8221; max_width=&#8221;600px&#8221; module_alignment=&#8221;left&#8221; custom_margin=&#8221;0px|0px|||false|false&#8221; custom_padding=&#8221;||0px|200px|false|false&#8221; text_font_size_tablet=&#8221;16px&#8221; text_font_size_phone=&#8221;15px&#8221; text_font_size_last_edited=&#8221;on|desktop&#8221; header_font_size_tablet=&#8221;40px&#8221; header_font_size_phone=&#8221;26px&#8221; header_font_size_last_edited=&#8221;on|desktop&#8221; global_colors_info=&#8221;{}&#8221;]<\/p>\n<h1 style=\"text-align: center\"><span><span style=\"color: #333333\">Vice rectorat charg\u00e9 de la p\u00e9dagogie<\/span><\/span><\/h1>\n<p>[\/et_pb_text][\/et_pb_column][\/et_pb_row][et_pb_row use_custom_gutter=&#8221;on&#8221; make_equal=&#8221;on&#8221; _builder_version=&#8221;4.27.4&#8243; _module_preset=&#8221;default&#8221; width=&#8221;100%&#8221; max_width=&#8221;1161px&#8221; module_alignment=&#8221;center&#8221; locked=&#8221;off&#8221; global_colors_info=&#8221;{}&#8221;][et_pb_column type=&#8221;4_4&#8243; _builder_version=&#8221;4.27.4&#8243; _module_preset=&#8221;default&#8221; global_colors_info=&#8221;{}&#8221;][et_pb_menu menu_id=&#8221;2&#8243; menu_style=&#8221;centered&#8221; active_link_color=&#8221;#000000&#8243; dropdown_menu_line_color=&#8221;#166611&#8243; logo_width=&#8221;100%&#8221; logo_height=&#8221;200px&#8221; logo_max_height=&#8221;200px&#8221; show_search_icon=&#8221;on&#8221; logo_width_tablet=&#8221;100%&#8221; logo_width_phone=&#8221;100%&#8221; logo_width_last_edited=&#8221;on|tablet&#8221; _builder_version=&#8221;4.27.4&#8243; _module_preset=&#8221;default&#8221; menu_font=&#8221;Taviraj|600|||||||&#8221; menu_text_color=&#8221;#000000&#8243; width=&#8221;100%&#8221; max_width=&#8221;100%&#8221; module_alignment=&#8221;center&#8221; custom_margin=&#8221;0px|-23px|0px||false|false&#8221; custom_margin_tablet=&#8221;||||false|false&#8221; custom_margin_phone=&#8221;||||false|false&#8221; custom_margin_last_edited=&#8221;on|tablet&#8221; custom_padding=&#8221;15px||15px|0px|false|false&#8221; box_shadow_style=&#8221;preset1&#8243; locked=&#8221;off&#8221; global_colors_info=&#8221;{}&#8221; min_height__hover_enabled=&#8221;on|desktop&#8221;][\/et_pb_menu][\/et_pb_column][\/et_pb_row][\/et_pb_section][et_pb_section fb_built=&#8221;1&#8243; _builder_version=&#8221;4.16&#8243; _module_preset=&#8221;default&#8221; min_height=&#8221;491.6px&#8221; custom_padding=&#8221;0px||25px|30px||&#8221; global_colors_info=&#8221;{}&#8221;][et_pb_row _builder_version=&#8221;4.27.0&#8243; _module_preset=&#8221;default&#8221; width=&#8221;100%&#8221; module_alignment=&#8221;center&#8221; custom_margin=&#8221;|214px|-39px|62px|false|false&#8221; custom_padding=&#8221;|0px|||false|false&#8221; global_colors_info=&#8221;{}&#8221;][et_pb_column type=&#8221;4_4&#8243; _builder_version=&#8221;4.27.0&#8243; _module_preset=&#8221;default&#8221; global_colors_info=&#8221;{}&#8221;][et_pb_text _builder_version=&#8221;4.27.4&#8243; _module_preset=&#8221;default&#8221; width=&#8221;100%&#8221; custom_margin=&#8221;|-9px||2px||&#8221; custom_padding=&#8221;26px|15px|32px|15px|false|false&#8221; hover_enabled=&#8221;0&#8243; box_shadow_style=&#8221;preset1&#8243; global_colors_info=&#8221;{}&#8221; sticky_enabled=&#8221;0&#8243;]<\/p>\n<h2 style=\"text-align: center\"><span style=\"color: #000000\"><strong><span style=\"color: #800080\"><\/span><\/strong><\/span><\/h2>\n<h2 style=\"text-align: center\"><span style=\"color: #000000\"><strong><span style=\"color: #008000\">Calcul de la moyenne pond\u00e9r\u00e9e du BAC 2025<\/span><\/strong><\/span><\/h2>\n<p><span style=\"color: #000000\"><strong><span style=\"color: #800080\"><\/span><\/strong><\/span><\/p>\n<p><span style=\"color: #000000\"><span style=\"color: #008000\"><strong>Moyenne Pond\u00e9r\u00e9e Calcul\u00e9e<\/strong>:<\/span> c&#8217;est la moyenne entre la moyenne g\u00e9n\u00e9rale obtenue au baccalaur\u00e9at et la ou les note(s) de la\u00a0 ou des mati\u00e8re(s) &#8220;Essentielle(s)&#8221;.<\/span><\/p>\n<p><span style=\"color: #000000\">La <span style=\"color: #ff0000\"><strong>note Option X<\/strong> =<\/span> selon la fili\u00e8re du BAC la note obtenue en g\u00e9nie civil; g\u00e9nie des proc\u00e9d\u00e9s; g\u00e9nie \u00e9lectrique ou g\u00e9nie m\u00e9canique <\/span><\/p>\n<p><span style=\"color: #000000\">Les formules de calcul de la moyenne pond\u00e9r\u00e9e selon les domaines ou fili\u00e8res de formation. sont donn\u00e9es dans le tableau ci-apr\u00e8s:<\/span><\/p>\n<p><span style=\"color: #000000\"><\/span><\/p>\n<table style=\"height: 2646px;width: 980px\" width=\"992\">\n<tbody>\n<tr style=\"height: 66px\">\n<td style=\"width: 162.933px;height: 66px\"><span style=\"color: #008000\"><strong>Champs d\u2019inscription<\/strong><\/span><\/td>\n<td style=\"width: 174.117px;height: 66px\"><span style=\"color: #008000\"><strong>S\u00e9ries Baccalaur\u00e9ats<\/strong><\/span><\/td>\n<td style=\"width: 121.183px;height: 66px\"><span style=\"color: #008000\"><strong>Priorit\u00e9s<\/strong><\/span><\/td>\n<td style=\"width: 495.767px;height: 66px\"><span style=\"color: #008000\"><strong>Moyennes pond\u00e9r\u00e9es calcul\u00e9es<\/strong><\/span><\/td>\n<\/tr>\n<tr style=\"height: 114px\">\n<td rowspan=\"2\" style=\"width: 162.933px;height: 180px\">\n<p><span style=\"color: #000000\"><strong>Domaine SNV<\/strong><\/span><\/p>\n<p><span style=\"color: #000000\"><strong>Domaine STU<\/strong><\/span><\/p>\n<p><span style=\"color: #000000\"><strong>Sciences M\u00e9dicales<\/strong><\/span><\/p>\n<\/td>\n<td style=\"width: 174.117px;height: 114px\">\n<p><span style=\"color: #000000\">Sci. Exp\u00e9rimentales<\/span><\/p>\n<p><span style=\"color: #000000\">Maths<\/span><\/p>\n<\/td>\n<td style=\"width: 121.183px;height: 114px\">\n<p><span style=\"color: #000000\"><strong>P1<\/strong><\/span><\/p>\n<p><strong>\u00a0<\/strong><\/p>\n<\/td>\n<td style=\"width: 495.767px;height: 114px\">\n<h3 style=\"text-align: center\"><span style=\"color: #000000\"><strong>\\( \\frac{(2*BAC) + Note~Sciences~Naturelles}{3}\\)<\/strong><\/span><\/h3>\n<\/td>\n<\/tr>\n<tr style=\"height: 66px\">\n<td style=\"width: 174.117px;height: 66px\"><span style=\"color: #000000\">TM<\/span><\/td>\n<td style=\"width: 121.183px;height: 66px\"><span style=\"color: #000000\"><strong>P2<\/strong><\/span><\/td>\n<td style=\"width: 495.767px;height: 66px;text-align: center\"><span style=\"color: #000000\"><strong>Moyenne g\u00e9n\u00e9rale obtenue au baccalaur\u00e9at<\/strong><\/span><\/td>\n<\/tr>\n<tr style=\"height: 161px\">\n<td style=\"width: 162.933px;height: 161px\">\n<p><span style=\"color: #000000\"><strong>Domaine ST<\/strong><\/span><\/p>\n<p><span style=\"color: #000000\"><strong>Domaine SM<\/strong><\/span><\/p>\n<\/td>\n<td style=\"width: 174.117px;height: 161px\">\n<p><span style=\"color: #000000\">Maths<\/span><\/p>\n<p><span style=\"color: #000000\">Sci. Exp<\/span><\/p>\n<p><span style=\"color: #000000\">TM<\/span><\/p>\n<\/td>\n<td style=\"width: 121.183px;height: 161px\"><span style=\"color: #000000\"><strong>P1<\/strong><\/span><\/td>\n<td style=\"width: 495.767px;height: 161px\">\n<h3 style=\"text-align: center\"><span style=\"color: #000000\"><strong>\\( \\frac{(2*BAC) + \\frac{(Note~Math+Note~Physique)}{2}}{3} \\)<\/strong><\/span><\/h3>\n<\/td>\n<\/tr>\n<tr style=\"height: 293px\">\n<td style=\"width: 162.933px;height: 293px\">\n<p><span style=\"color: #000000\"><strong>Domaine ST-<\/strong><\/span><\/p>\n<p><span style=\"color: #000000\"><strong>4 Parcours TM<\/strong><\/span><\/p>\n<\/td>\n<td style=\"width: 174.117px;height: 293px\">\n<p><span style=\"color: #000000\">TM option G\u00e9nie des proc\u00e9d\u00e9s<\/span><\/p>\n<p><span style=\"color: #000000\">TM option G\u00e9nie civil<\/span><\/p>\n<p><span style=\"color: #000000\">TM option G\u00e9nie \u00e9lectrique<\/span><\/p>\n<p><span style=\"color: #000000\">TM option G\u00e9nie m\u00e9canique<\/span><\/p>\n<\/td>\n<td style=\"width: 121.183px;height: 293px\"><span style=\"color: #000000\"><strong>P1<\/strong><\/span><\/td>\n<td style=\"width: 495.767px;height: 293px\">\n<h3 style=\"text-align: center\"><span style=\"color: #000000\"><strong>\\( \\frac{(2*BAC) + \\frac{(Note~Option~X+Note~Math)}{2}}{3} \\)<\/strong><\/span><\/h3>\n<\/td>\n<\/tr>\n<tr style=\"height: 71px\">\n<td rowspan=\"2\" style=\"width: 162.933px;height: 149px\"><span style=\"color: #000000\"><strong>Domaine MI<\/strong><\/span><\/td>\n<td style=\"width: 174.117px;height: 83px\"><span style=\"color: #000000\">Maths<\/span><\/td>\n<td style=\"width: 121.183px;height: 83px\"><span style=\"color: #000000\"><strong>P1<\/strong><\/span><\/td>\n<td rowspan=\"2\" style=\"width: 495.767px;height: 149px\">\n<h3 style=\"text-align: center\"><span style=\"color: #000000\"><strong>\\( \\frac{(2*BAC) + Note~Math}{3} \\)<\/strong><\/span><\/h3>\n<\/td>\n<\/tr>\n<tr style=\"height: 66px\">\n<td style=\"width: 174.117px;height: 66px\"><span style=\"color: #000000\">TM, Sci. Exp<\/span><\/td>\n<td style=\"width: 121.183px;height: 66px\"><span style=\"color: #000000\"><strong>P2<\/strong><\/span><\/td>\n<\/tr>\n<tr style=\"height: 161px\">\n<td style=\"width: 162.933px;height: 161px\"><span style=\"color: #000000\"><strong>Domaine AUMV<\/strong><\/span><\/td>\n<td style=\"width: 174.117px;height: 161px\">\n<p><span style=\"color: #000000\">Sci. Exp,<\/span><\/p>\n<p><span style=\"color: #000000\">TM,<\/span><\/p>\n<p><span style=\"color: #000000\">Maths<\/span><\/p>\n<\/td>\n<td style=\"width: 121.183px;height: 161px\"><span style=\"color: #000000\"><strong>P1<\/strong><\/span><\/td>\n<td style=\"width: 495.767px;height: 161px\">\n<h3 style=\"text-align: center\"><span style=\"color: #000000\"><strong>\\( \\frac{(2*BAC) + \\frac{(Note~Math+Note~Physique)}{2}}{3} \\)<\/strong><\/span><\/h3>\n<\/td>\n<\/tr>\n<tr style=\"height: 66px\">\n<td rowspan=\"3\" style=\"width: 162.933px;height: 227px\"><strong><span style=\"color: #000000\">Domaine LLE<\/span> <\/strong><\/td>\n<td style=\"width: 174.117px;height: 66px\"><span style=\"color: #000000\">Langues \u00e9trang\u00e8res<\/span><\/td>\n<td style=\"width: 121.183px;height: 66px\"><span style=\"color: #000000\"><strong>P1<\/strong><\/span><\/td>\n<td rowspan=\"3\" style=\"width: 495.767px;height: 227px\">\n<h3 style=\"text-align: center\"><span style=\"color: #000000\"><strong>\\( \\frac{(2*BAC) + Note~langue~Etrangere}{3} \\)<\/strong><\/span><\/h3>\n<\/td>\n<\/tr>\n<tr style=\"height: 66px\">\n<td style=\"width: 174.117px;height: 66px\"><span style=\"color: #000000\">Lettres et philo<\/span><\/td>\n<td style=\"width: 121.183px;height: 66px\"><span style=\"color: #000000\"><strong>P2<\/strong><\/span><\/td>\n<\/tr>\n<tr style=\"height: 95px\">\n<td style=\"width: 174.117px;height: 95px\"><span style=\"color: #000000\">Sci. Exp, Gestion et \u00e9conomie, Arts<\/span><\/td>\n<td style=\"width: 121.183px;height: 95px\"><span style=\"color: #000000\"><strong>P3<\/strong><\/span><\/td>\n<\/tr>\n<tr style=\"height: 114px\">\n<td rowspan=\"2\" style=\"width: 162.933px;height: 180px\">\n<p><span style=\"color: #000000\"><strong>Interpr\u00e9tariat<\/strong><\/span><\/p>\n<p><strong>\u00a0<\/strong><\/p>\n<\/td>\n<td style=\"width: 174.117px;height: 114px\">\n<p><span style=\"color: #000000\">Langues \u00e9trang\u00e8res<\/span><\/p>\n<p>&nbsp;<\/p>\n<\/td>\n<td rowspan=\"2\" style=\"width: 121.183px;height: 180px\">\n<p><span style=\"color: #000000\"><strong>P1<\/strong><\/span><\/p>\n<p><strong>\u00a0<\/strong><\/p>\n<\/td>\n<td style=\"width: 495.767px;height: 114px\">\n<h3 style=\"text-align: center\"><span style=\"color: #000000\"><strong>\\( \\frac{(2*BAC) + Moyenne~des~3~Langues}{3} \\)<\/strong><\/span><\/h3>\n<\/td>\n<\/tr>\n<tr style=\"height: 66px\">\n<td style=\"width: 174.117px;height: 66px\"><span style=\"color: #000000\">Lettres et philosophie<\/span><\/td>\n<td style=\"width: 495.767px;height: 66px;text-align: center\"><span style=\"color: #000000\"><strong>Moyenne g\u00e9n\u00e9rale obtenue au baccalaur\u00e9at<\/strong><\/span><\/td>\n<\/tr>\n<tr style=\"height: 161px\">\n<td rowspan=\"2\" style=\"width: 162.933px;height: 256px\"><span style=\"color: #000000\"><strong>LCA, LLA<\/strong><\/span><\/td>\n<td style=\"width: 174.117px;height: 161px\">\n<p><span style=\"color: #000000\">Langues \u00e9trang\u00e8res<\/span><\/p>\n<p><span style=\"color: #000000\">Lettres et philosophie<\/span><\/p>\n<p><span style=\"color: #000000\">Arts<\/span><\/p>\n<\/td>\n<td style=\"width: 121.183px;height: 161px\"><span style=\"color: #000000\"><strong>P1<\/strong><\/span><\/td>\n<td rowspan=\"10\" style=\"width: 495.767px;height: 1069px\">\n<p><strong>\u00a0<\/strong><\/p>\n<p><strong>\u00a0<\/strong><\/p>\n<p><strong>\u00a0<\/strong><\/p>\n<p style=\"text-align: center\"><span style=\"color: #000000\"><strong>Moyenne g\u00e9n\u00e9rale obtenue au baccalaur\u00e9at<\/strong><\/span><\/p>\n<p><strong>\u00a0<\/strong><\/p>\n<\/td>\n<\/tr>\n<tr style=\"height: 95px\">\n<td style=\"width: 174.117px;height: 95px\"><span style=\"color: #000000\">Sci. Exp, Gestion et \u00e9conomie<\/span><\/td>\n<td style=\"width: 121.183px;height: 95px\"><span style=\"color: #000000\"><strong>P2<\/strong><\/span><\/td>\n<\/tr>\n<tr style=\"height: 161px\">\n<td rowspan=\"2\" style=\"width: 162.933px;height: 227px\"><span style=\"color: #000000\"><strong>SHS<\/strong><\/span><\/td>\n<td style=\"width: 174.117px;height: 161px\">\n<p><span style=\"color: #000000\">Langues \u00e9trang\u00e8res<\/span><\/p>\n<p><span style=\"color: #000000\">Lettres et philosophie<\/span><\/p>\n<p><span style=\"color: #000000\">Arts<\/span><\/p>\n<\/td>\n<td style=\"width: 121.183px;height: 161px\"><span style=\"color: #000000\"><strong>P1<\/strong><\/span><\/td>\n<\/tr>\n<tr style=\"height: 66px\">\n<td style=\"width: 174.117px;height: 66px\"><span style=\"color: #000000\">Sci. Exp<\/span><\/td>\n<td style=\"width: 121.183px;height: 66px\"><span style=\"color: #000000\"><strong>P2<\/strong><\/span><\/td>\n<\/tr>\n<tr style=\"height: 208px\">\n<td rowspan=\"3\" style=\"width: 162.933px;height: 340px\"><strong><span style=\"color: #000000\">DSP<\/span> <\/strong><\/td>\n<td style=\"width: 174.117px;height: 208px\">\n<p><span style=\"color: #000000\">Langues \u00e9trang\u00e8res<\/span><\/p>\n<p><span style=\"color: #000000\">Lettres et philosophie<\/span><\/p>\n<p><span style=\"color: #000000\">Gestion et \u00e9conomie<\/span><\/p>\n<p><span style=\"color: #000000\">Arts<\/span><\/p>\n<\/td>\n<td style=\"width: 121.183px;height: 208px\"><span style=\"color: #000000\"><strong>P1<\/strong><\/span><\/td>\n<\/tr>\n<tr style=\"height: 66px\">\n<td style=\"width: 174.117px;height: 66px\"><span style=\"color: #000000\">Sci. Exp, Maths<\/span><\/td>\n<td style=\"width: 121.183px;height: 66px\"><span style=\"color: #000000\"><strong>P2<\/strong><\/span><\/td>\n<\/tr>\n<tr style=\"height: 66px\">\n<td style=\"width: 174.117px;height: 66px\"><span style=\"color: #000000\">TM<\/span><\/td>\n<td style=\"width: 121.183px;height: 66px\"><span style=\"color: #000000\"><strong>P3<\/strong><\/span><\/td>\n<\/tr>\n<tr style=\"height: 66px\">\n<td rowspan=\"3\" style=\"width: 162.933px;height: 246px\"><span style=\"color: #000000\"><strong>SEGC<\/strong><\/span><\/td>\n<td style=\"width: 174.117px;height: 66px\">\n<p><span style=\"color: #000000\">Gestion et \u00e9conomie<\/span><\/p>\n<p><span style=\"color: #000000\">Lettres et philosophie<\/span><\/p>\n<\/td>\n<td style=\"width: 121.183px;height: 66px\"><span style=\"color: #000000\"><strong>P1<\/strong><\/span><\/td>\n<\/tr>\n<tr style=\"height: 66px\">\n<td style=\"width: 174.117px;height: 66px\"><span style=\"color: #000000\">Maths, Sci. Exp, TM<\/span><\/td>\n<td style=\"width: 121.183px;height: 66px\"><span style=\"color: #000000\"><strong>P2<\/strong><\/span><\/td>\n<\/tr>\n<tr style=\"height: 114px\">\n<td style=\"width: 174.117px;height: 114px\"><span style=\"color: #000000\">Langues \u00e9trang\u00e8res<\/span><\/td>\n<td style=\"width: 121.183px;height: 114px\"><span style=\"color: #000000\"><strong>P3<\/strong><\/span><\/td>\n<\/tr>\n<\/tbody>\n<\/table>\n<p>[\/et_pb_text][\/et_pb_column][\/et_pb_row][\/et_pb_section]<\/p>\n","protected":false},"excerpt":{"rendered":"<p>Vice rectorat charg\u00e9 de la p\u00e9dagogie Calcul de la moyenne pond\u00e9r\u00e9e du BAC 2025 Moyenne Pond\u00e9r\u00e9e Calcul\u00e9e: c&#8217;est la moyenne entre la moyenne g\u00e9n\u00e9rale obtenue au baccalaur\u00e9at et la ou les note(s) de la\u00a0 ou des mati\u00e8re(s) &#8220;Essentielle(s)&#8221;. La note Option X = selon la fili\u00e8re du BAC la note obtenue en g\u00e9nie civil; g\u00e9nie [&hellip;]<\/p>\n","protected":false},"author":1,"featured_media":0,"parent":0,"menu_order":0,"comment_status":"closed","ping_status":"closed","template":"","meta":{"_et_pb_use_builder":"on","_et_pb_old_content":"","_et_gb_content_width":"","footnotes":""},"class_list":["post-2524","page","type-page","status-publish","hentry"],"translation":{"provider":"WPGlobus","version":"3.0.1","language":"ar","enabled_languages":["en","fr","ar","gb"],"languages":{"en":{"title":true,"content":true,"excerpt":false},"fr":{"title":false,"content":false,"excerpt":false},"ar":{"title":false,"content":false,"excerpt":false},"gb":{"title":false,"content":false,"excerpt":false}}},"yoast_head":"<!-- This site is optimized with the Yoast SEO plugin v26.7 - https:\/\/yoast.com\/wordpress\/plugins\/seo\/ -->\n<title>VRP-Moyennes pond\u00e9r\u00e9es -<\/title>\n<meta name=\"robots\" content=\"index, follow, max-snippet:-1, max-image-preview:large, max-video-preview:-1\" \/>\n<link rel=\"canonical\" href=\"https:\/\/www.ummto.dz\/vrp\/vrp-moyennes-ponderees\/\" \/>\n<meta property=\"og:locale\" content=\"ar_AR\" \/>\n<meta property=\"og:type\" content=\"article\" \/>\n<meta property=\"og:title\" content=\"VRP-Moyennes pond\u00e9r\u00e9es -\" \/>\n<meta property=\"og:url\" content=\"https:\/\/www.ummto.dz\/vrp\/vrp-moyennes-ponderees\/\" \/>\n<meta property=\"article:modified_time\" content=\"2025-07-17T08:34:41+00:00\" \/>\n<meta name=\"twitter:card\" content=\"summary_large_image\" \/>\n<meta name=\"twitter:label1\" content=\"Est. reading time\" \/>\n\t<meta name=\"twitter:data1\" content=\"5 minutes\" \/>\n<script type=\"application\/ld+json\" class=\"yoast-schema-graph\">{\"@context\":\"https:\/\/schema.org\",\"@graph\":[{\"@type\":\"WebPage\",\"@id\":\"https:\/\/www.ummto.dz\/vrp\/vrp-moyennes-ponderees\/\",\"url\":\"https:\/\/www.ummto.dz\/vrp\/vrp-moyennes-ponderees\/\",\"name\":\"VRP-Moyennes pond\u00e9r\u00e9es -\",\"isPartOf\":{\"@id\":\"https:\/\/www.ummto.dz\/vrp\/fr\/#website\"},\"datePublished\":\"2022-05-16T13:37:27+00:00\",\"dateModified\":\"2025-07-17T08:34:41+00:00\",\"inLanguage\":\"ar\",\"potentialAction\":[{\"@type\":\"ReadAction\",\"target\":[\"https:\/\/www.ummto.dz\/vrp\/vrp-moyennes-ponderees\/\"]}]},{\"@type\":\"WebSite\",\"@id\":\"https:\/\/www.ummto.dz\/vrp\/fr\/#website\",\"url\":\"https:\/\/www.ummto.dz\/vrp\/fr\/\",\"name\":\"\",\"description\":\"Vice-Rectorat charg\u00e9 de la p\u00e9dagogie\",\"potentialAction\":[{\"@type\":\"SearchAction\",\"target\":{\"@type\":\"EntryPoint\",\"urlTemplate\":\"https:\/\/www.ummto.dz\/vrp\/fr\/?s={search_term_string}\"},\"query-input\":{\"@type\":\"PropertyValueSpecification\",\"valueRequired\":true,\"valueName\":\"search_term_string\"}}],\"inLanguage\":\"ar\"}]}<\/script>\n<!-- \/ Yoast SEO plugin. -->","yoast_head_json":{"title":"VRP-Moyennes pond\u00e9r\u00e9es -","robots":{"index":"index","follow":"follow","max-snippet":"max-snippet:-1","max-image-preview":"max-image-preview:large","max-video-preview":"max-video-preview:-1"},"canonical":"https:\/\/www.ummto.dz\/vrp\/vrp-moyennes-ponderees\/","og_locale":"ar_AR","og_type":"article","og_title":"VRP-Moyennes pond\u00e9r\u00e9es -","og_url":"https:\/\/www.ummto.dz\/vrp\/vrp-moyennes-ponderees\/","article_modified_time":"2025-07-17T08:34:41+00:00","twitter_card":"summary_large_image","twitter_misc":{"Est. reading time":"5 minutes"},"schema":{"@context":"https:\/\/schema.org","@graph":[{"@type":"WebPage","@id":"https:\/\/www.ummto.dz\/vrp\/vrp-moyennes-ponderees\/","url":"https:\/\/www.ummto.dz\/vrp\/vrp-moyennes-ponderees\/","name":"VRP-Moyennes pond\u00e9r\u00e9es -","isPartOf":{"@id":"https:\/\/www.ummto.dz\/vrp\/fr\/#website"},"datePublished":"2022-05-16T13:37:27+00:00","dateModified":"2025-07-17T08:34:41+00:00","inLanguage":"ar","potentialAction":[{"@type":"ReadAction","target":["https:\/\/www.ummto.dz\/vrp\/vrp-moyennes-ponderees\/"]}]},{"@type":"WebSite","@id":"https:\/\/www.ummto.dz\/vrp\/fr\/#website","url":"https:\/\/www.ummto.dz\/vrp\/fr\/","name":"","description":"Vice-Rectorat charg\u00e9 de la p\u00e9dagogie","potentialAction":[{"@type":"SearchAction","target":{"@type":"EntryPoint","urlTemplate":"https:\/\/www.ummto.dz\/vrp\/fr\/?s={search_term_string}"},"query-input":{"@type":"PropertyValueSpecification","valueRequired":true,"valueName":"search_term_string"}}],"inLanguage":"ar"}]}},"_links":{"self":[{"href":"https:\/\/www.ummto.dz\/vrp\/ar\/wp-json\/wp\/v2\/pages\/2524","targetHints":{"allow":["GET"]}}],"collection":[{"href":"https:\/\/www.ummto.dz\/vrp\/ar\/wp-json\/wp\/v2\/pages"}],"about":[{"href":"https:\/\/www.ummto.dz\/vrp\/ar\/wp-json\/wp\/v2\/types\/page"}],"author":[{"embeddable":true,"href":"https:\/\/www.ummto.dz\/vrp\/ar\/wp-json\/wp\/v2\/users\/1"}],"replies":[{"embeddable":true,"href":"https:\/\/www.ummto.dz\/vrp\/ar\/wp-json\/wp\/v2\/comments?post=2524"}],"version-history":[{"count":69,"href":"https:\/\/www.ummto.dz\/vrp\/ar\/wp-json\/wp\/v2\/pages\/2524\/revisions"}],"predecessor-version":[{"id":7075,"href":"https:\/\/www.ummto.dz\/vrp\/ar\/wp-json\/wp\/v2\/pages\/2524\/revisions\/7075"}],"wp:attachment":[{"href":"https:\/\/www.ummto.dz\/vrp\/ar\/wp-json\/wp\/v2\/media?parent=2524"}],"curies":[{"name":"wp","href":"https:\/\/api.w.org\/{rel}","templated":true}]}}