{"id":3650,"date":"2022-08-02T14:59:44","date_gmt":"2022-08-02T13:59:44","guid":{"rendered":"https:\/\/www.ummto.dz\/vrp\/?page_id=3650"},"modified":"2025-06-17T12:47:24","modified_gmt":"2025-06-17T11:47:24","slug":"cap","status":"publish","type":"page","link":"https:\/\/www.ummto.dz\/vrp\/ar\/cap\/","title":{"rendered":"Cellule d&#8217;accompagnement des enseignants chercheurs nouvellement recrut\u00e9s"},"content":{"rendered":"<p>[et_pb_section fb_built=&#8221;1&#8243; custom_padding_last_edited=&#8221;on|desktop&#8221; admin_label=&#8221;Header&#8221; _builder_version=&#8221;4.27.4&#8243; background_image=&#8221;https:\/\/www.ummto.dz\/vrp\/wp-content\/uploads\/tree-838666_1280-300&#215;198.webp&#8221; parallax=&#8221;on&#8221; custom_margin=&#8221;0px||||false|false&#8221; custom_margin_tablet=&#8221;&#8221; custom_margin_phone=&#8221;20px|20px||20px|false|true&#8221; custom_margin_last_edited=&#8221;on|desktop&#8221; custom_padding=&#8221;100px|0px|0px|||&#8221; custom_padding_tablet=&#8221;40px||||false|false&#8221; custom_padding_phone=&#8221;&#8221; border_radii_phone=&#8221;on|20px|20px|20px|20px&#8221; border_radii_last_edited=&#8221;off|desktop&#8221; locked=&#8221;off&#8221; global_colors_info=&#8221;{}&#8221;][et_pb_row use_custom_gutter=&#8221;on&#8221; make_equal=&#8221;on&#8221; custom_padding_last_edited=&#8221;on|tablet&#8221; _builder_version=&#8221;4.27.4&#8243; background_enable_color=&#8221;off&#8221; background_image=&#8221;https:\/\/www.ummto.dz\/fgei\/wp-content\/uploads\/2025\/05\/psychologist-03.jpg&#8221; parallax=&#8221;on&#8221; transform_scale_tablet=&#8221;&#8221; transform_scale_phone=&#8221;&#8221; transform_scale_last_edited=&#8221;on|desktop&#8221; transform_translate=&#8221;30px|0px&#8221; transform_translate_tablet=&#8221;0px|0px&#8221; transform_translate_phone=&#8221;&#8221; transform_translate_last_edited=&#8221;on|tablet&#8221; transform_translate_linked=&#8221;off&#8221; transform_rotate_tablet=&#8221;&#8221; transform_rotate_phone=&#8221;&#8221; transform_rotate_last_edited=&#8221;on|desktop&#8221; transform_skew_tablet=&#8221;&#8221; transform_skew_phone=&#8221;&#8221; transform_skew_last_edited=&#8221;on|desktop&#8221; transform_origin_tablet=&#8221;&#8221; transform_origin_phone=&#8221;&#8221; transform_origin_last_edited=&#8221;on|desktop&#8221; width=&#8221;100%&#8221; width_tablet=&#8221;90%&#8221; width_phone=&#8221;&#8221; width_last_edited=&#8221;on|desktop&#8221; max_width=&#8221;1200px&#8221; module_alignment=&#8221;center&#8221; custom_margin=&#8221;100px||||false|false&#8221; custom_padding=&#8221;43px|0px|43px|140px|false|false&#8221; custom_padding_tablet=&#8221;60px||60px||true|true&#8221; custom_padding_phone=&#8221;40px|20px|40px|20px|true|true&#8221; box_shadow_style=&#8221;preset3&#8243; box_shadow_vertical=&#8221;40px&#8221; box_shadow_blur=&#8221;110px&#8221; box_shadow_spread=&#8221;0px&#8221; box_shadow_color=&#8221;rgba(9,6,38,0.62)&#8221; global_colors_info=&#8221;{}&#8221;][et_pb_column type=&#8221;4_4&#8243; _builder_version=&#8221;4.16&#8243; global_colors_info=&#8221;{}&#8221;][et_pb_text _builder_version=&#8221;4.27.4&#8243; text_font_size=&#8221;16px&#8221; text_line_height=&#8221;1.8em&#8221; header_font=&#8221;Taviraj||||||||&#8221; header_text_align=&#8221;left&#8221; header_letter_spacing=&#8221;3px&#8221; header_line_height=&#8221;1.2em&#8221; max_width=&#8221;600px&#8221; module_alignment=&#8221;left&#8221; custom_margin=&#8221;0px|0px|||false|false&#8221; custom_padding=&#8221;||0px|200px|false|false&#8221; hover_enabled=&#8221;0&#8243; text_font_size_tablet=&#8221;16px&#8221; text_font_size_phone=&#8221;15px&#8221; text_font_size_last_edited=&#8221;on|desktop&#8221; header_font_size_tablet=&#8221;40px&#8221; header_font_size_phone=&#8221;26px&#8221; header_font_size_last_edited=&#8221;on|desktop&#8221; global_colors_info=&#8221;{}&#8221; header_font_size=&#8221;25px&#8221; sticky_enabled=&#8221;0&#8243;]<\/p>\n<h1 style=\"text-align: center;\"><span><span style=\"color: #333333;\">Vice rectorat charg\u00e9 de la p\u00e9dagogie<\/span><\/span><\/h1>\n<p>[\/et_pb_text][\/et_pb_column][\/et_pb_row][et_pb_row use_custom_gutter=&#8221;on&#8221; make_equal=&#8221;on&#8221; _builder_version=&#8221;4.27.4&#8243; _module_preset=&#8221;default&#8221; width=&#8221;100%&#8221; max_width=&#8221;1161px&#8221; module_alignment=&#8221;center&#8221; custom_margin=&#8221;0px|0px|0px|0px|false|false&#8221; locked=&#8221;off&#8221; global_colors_info=&#8221;{}&#8221;][et_pb_column type=&#8221;4_4&#8243; _builder_version=&#8221;4.27.4&#8243; _module_preset=&#8221;default&#8221; global_colors_info=&#8221;{}&#8221;][et_pb_menu menu_id=&#8221;2&#8243; menu_style=&#8221;centered&#8221; active_link_color=&#8221;#000000&#8243; dropdown_menu_line_color=&#8221;#448968&#8243; logo_width=&#8221;100%&#8221; logo_height=&#8221;200px&#8221; logo_max_height=&#8221;200px&#8221; show_search_icon=&#8221;on&#8221; logo_width_tablet=&#8221;100%&#8221; logo_width_phone=&#8221;100%&#8221; logo_width_last_edited=&#8221;on|tablet&#8221; _builder_version=&#8221;4.27.4&#8243; _module_preset=&#8221;default&#8221; menu_font=&#8221;Taviraj|600|||||||&#8221; menu_text_color=&#8221;#000000&#8243; width=&#8221;100%&#8221; max_width=&#8221;100%&#8221; module_alignment=&#8221;center&#8221; custom_margin=&#8221;0px||0px||false|false&#8221; custom_margin_tablet=&#8221;||||false|false&#8221; custom_margin_phone=&#8221;||||false|false&#8221; custom_margin_last_edited=&#8221;on|tablet&#8221; custom_padding=&#8221;15px||15px|0px|false|false&#8221; hover_enabled=&#8221;0&#8243; box_shadow_style=&#8221;preset1&#8243; locked=&#8221;off&#8221; global_colors_info=&#8221;{}&#8221; min_height__hover_enabled=&#8221;on|desktop&#8221; sticky_enabled=&#8221;0&#8243;][\/et_pb_menu][\/et_pb_column][\/et_pb_row][\/et_pb_section][et_pb_section fb_built=&#8221;1&#8243; _builder_version=&#8221;4.17.6&#8243; _module_preset=&#8221;default&#8221; global_colors_info=&#8221;{}&#8221;][et_pb_row _builder_version=&#8221;4.17.6&#8243; _module_preset=&#8221;default&#8221; global_colors_info=&#8221;{}&#8221;][et_pb_column type=&#8221;4_4&#8243; _builder_version=&#8221;4.17.6&#8243; _module_preset=&#8221;default&#8221; global_colors_info=&#8221;{}&#8221;][et_pb_text _builder_version=&#8221;4.27.4&#8243; _module_preset=&#8221;default&#8221; width=&#8221;100%&#8221; max_width_tablet=&#8221;&#8221; max_width_phone=&#8221;&#8221; max_width_last_edited=&#8221;on|desktop&#8221; module_alignment=&#8221;center&#8221; min_height=&#8221;230.8px&#8221; custom_margin=&#8221;5px||0px|-30px|false|false&#8221; custom_padding=&#8221;5px|6px|20px|9px|false|false&#8221; box_shadow_style=&#8221;preset6&#8243; box_shadow_color=&#8221;#939393&#8243; global_colors_info=&#8221;{}&#8221;]<\/p>\n<h3><\/h3>\n<h3><\/h3>\n<h3><\/h3>\n<h3><\/h3>\n<h2 style=\"text-align: center;\"><span style=\"color: #008000;\"><strong>Cellule d&#8217;accompagnement p\u00e9dagogique au profit des enseignants chercheurs nouvellement recrut\u00e9s<\/strong><\/span><\/h2>\n<p><span style=\"color: #000000;\">Il est cr\u00e9e au sein de l&#8217;universit\u00e9 Mouloud MAMMERRI une cellule d&#8217;accompagnement p\u00e9dagogique au profit des enseignants chercheurs nouvellement recrut\u00e9s.<\/span><\/p>\n<p><span style=\"color: #000000;\">Cette cellule est compos\u00e9e de :<\/span><\/p>\n<p>&nbsp;<\/p>\n<table width=\"0\">\n<tbody>\n<tr>\n<td width=\"36\"><span style=\"color: #008000;\"><strong>N\u00b0<\/strong><\/span><\/td>\n<td width=\"173\"><span style=\"color: #008000;\"><strong>Nom et pr\u00e9nom<\/strong><\/span><\/td>\n<td width=\"207\"><span style=\"color: #008000;\"><strong>Structure de rattachement<\/strong><\/span><\/td>\n<td width=\"227\"><span style=\"color: #008000;\"><strong>Fonction<\/strong><\/span><\/td>\n<\/tr>\n<tr>\n<td width=\"36\"><span style=\"color: #000000;\">1<\/span><\/td>\n<td width=\"173\"><span style=\"color: #000000;\">Pr. ASMA FARID<\/span><\/td>\n<td width=\"207\"><span style=\"color: #000000;\">Facult\u00e9 du g\u00e9nie de la construction<\/span><\/td>\n<td width=\"227\"><span style=\"color: #000000;\">Vice-recteur charg\u00e9 de la formation sup\u00e9rieure du premier et du deuxi\u00e8me cycles<\/span><\/td>\n<\/tr>\n<tr>\n<td width=\"36\"><span style=\"color: #000000;\">2<\/span><\/td>\n<td width=\"173\"><span style=\"color: #000000;\">Pr. LEGHIMA AMINA<\/span><\/td>\n<td width=\"207\"><span style=\"color: #000000;\">Facult\u00e9 des sciences \u00e9conomiques, commerciales et des sciences de gestion<\/span><\/td>\n<td width=\"227\"><span style=\"color: #000000;\">Responsable de la cellule assurance qualit\u00e9<\/span><\/td>\n<\/tr>\n<tr>\n<td width=\"36\"><span style=\"color: #000000;\">3<\/span><\/td>\n<td width=\"173\"><span style=\"color: #000000;\">Pr. HAMMOUM HOCINE<\/span><\/td>\n<td width=\"207\"><span style=\"color: #000000;\">Facult\u00e9 du g\u00e9nie de la construction<\/span><\/td>\n<td width=\"227\"><span style=\"color: #000000;\">Enseignant chercheur<\/span><\/td>\n<\/tr>\n<tr>\n<td width=\"36\"><span style=\"color: #000000;\">4<\/span><\/td>\n<td width=\"173\"><span style=\"color: #000000;\">Pr. SID NAWAL<\/span><\/td>\n<td width=\"207\"><span style=\"color: #000000;\">Facult\u00e9 des sciences humaines et sociales<\/span><\/td>\n<td width=\"227\"><span style=\"color: #000000;\">Enseignant chercheur<\/span><\/td>\n<\/tr>\n<tr>\n<td width=\"36\"><span style=\"color: #000000;\">5<\/span><\/td>\n<td width=\"173\"><span style=\"color: #000000;\">Dr. MAHMOUDI HAKIM<\/span><\/td>\n<td width=\"207\"><span style=\"color: #000000;\">Facult\u00e9 des lettres et des langues<\/span><\/td>\n<td width=\"227\"><span style=\"color: #000000;\">Enseignant chercheur<\/span><\/td>\n<\/tr>\n<\/tbody>\n<\/table>\n<p><span style=\"color: #000000;\">\u00a0<\/span><\/p>\n<p><span style=\"color: #000000;\">Le professeur HAMMOUM HOCINE est d\u00e9sign\u00e9 coordinateur de la cellule, ses coordonn\u00e9es sont indiqu\u00e9es ci-dessous :<\/span><\/p>\n<table width=\"0\" style=\"width: 677px;\" height=\"93\">\n<tbody>\n<tr>\n<td style=\"width: 201.297px;\"><span style=\"color: #008000;\"><strong>Nom et pr\u00e9nom<\/strong><\/span><\/td>\n<td style=\"width: 140.203px;\"><span style=\"color: #008000;\"><strong>Grade<\/strong><\/span><\/td>\n<td style=\"width: 313.5px;\"><span style=\"color: #008000;\"><strong>@mail<\/strong><\/span><\/td>\n<\/tr>\n<tr>\n<td style=\"width: 201.297px;\"><span style=\"color: #000000;\">HAMMOUM HOCINE<\/span><\/td>\n<td style=\"width: 140.203px;\"><span style=\"color: #000000;\">Professeur<\/span><\/td>\n<td style=\"width: 313.5px;\"><span style=\"color: #000000;\">hocine.hammoum@ummto.dz<\/span><\/td>\n<\/tr>\n<\/tbody>\n<\/table>\n<p>&nbsp;<\/p>\n<p>[\/et_pb_text][\/et_pb_column][\/et_pb_row][\/et_pb_section]<\/p>\n","protected":false},"excerpt":{"rendered":"<p>Vice rectorat charg\u00e9 de la p\u00e9dagogie Cellule d&#8217;accompagnement p\u00e9dagogique au profit des enseignants chercheurs nouvellement recrut\u00e9s Il est cr\u00e9e au sein de l&#8217;universit\u00e9 Mouloud MAMMERRI une cellule d&#8217;accompagnement p\u00e9dagogique au profit des enseignants chercheurs nouvellement recrut\u00e9s. Cette cellule est compos\u00e9e de : &nbsp; N\u00b0 Nom et pr\u00e9nom Structure de rattachement Fonction 1 Pr. ASMA FARID [&hellip;]<\/p>\n","protected":false},"author":7,"featured_media":0,"parent":0,"menu_order":0,"comment_status":"closed","ping_status":"closed","template":"","meta":{"_et_pb_use_builder":"on","_et_pb_old_content":"","_et_gb_content_width":"","footnotes":""},"class_list":["post-3650","page","type-page","status-publish","hentry"],"translation":{"provider":"WPGlobus","version":"3.0.1","language":"ar","enabled_languages":["en","fr","ar","gb"],"languages":{"en":{"title":true,"content":true,"excerpt":false},"fr":{"title":false,"content":false,"excerpt":false},"ar":{"title":false,"content":false,"excerpt":false},"gb":{"title":false,"content":false,"excerpt":false}}},"yoast_head":"<!-- This site is optimized with the Yoast SEO plugin v26.7 - https:\/\/yoast.com\/wordpress\/plugins\/seo\/ -->\n<title>Cellule d&#039;accompagnement des enseignants chercheurs nouvellement recrut\u00e9s -<\/title>\n<meta name=\"robots\" content=\"index, follow, max-snippet:-1, max-image-preview:large, max-video-preview:-1\" \/>\n<link rel=\"canonical\" href=\"https:\/\/www.ummto.dz\/vrp\/cap\/\" \/>\n<meta property=\"og:locale\" content=\"ar_AR\" \/>\n<meta property=\"og:type\" content=\"article\" \/>\n<meta property=\"og:title\" content=\"Cellule d&#039;accompagnement des enseignants chercheurs nouvellement recrut\u00e9s -\" \/>\n<meta property=\"og:url\" content=\"https:\/\/www.ummto.dz\/vrp\/cap\/\" \/>\n<meta property=\"article:modified_time\" content=\"2025-06-17T11:47:24+00:00\" \/>\n<meta name=\"twitter:card\" content=\"summary_large_image\" \/>\n<meta name=\"twitter:label1\" content=\"Est. reading time\" \/>\n\t<meta name=\"twitter:data1\" content=\"1 minute\" \/>\n<script type=\"application\/ld+json\" class=\"yoast-schema-graph\">{\"@context\":\"https:\/\/schema.org\",\"@graph\":[{\"@type\":\"WebPage\",\"@id\":\"https:\/\/www.ummto.dz\/vrp\/cap\/\",\"url\":\"https:\/\/www.ummto.dz\/vrp\/cap\/\",\"name\":\"Cellule d'accompagnement des enseignants chercheurs nouvellement recrut\u00e9s -\",\"isPartOf\":{\"@id\":\"https:\/\/www.ummto.dz\/vrp\/fr\/#website\"},\"datePublished\":\"2022-08-02T13:59:44+00:00\",\"dateModified\":\"2025-06-17T11:47:24+00:00\",\"inLanguage\":\"ar\",\"potentialAction\":[{\"@type\":\"ReadAction\",\"target\":[\"https:\/\/www.ummto.dz\/vrp\/cap\/\"]}]},{\"@type\":\"WebSite\",\"@id\":\"https:\/\/www.ummto.dz\/vrp\/fr\/#website\",\"url\":\"https:\/\/www.ummto.dz\/vrp\/fr\/\",\"name\":\"\",\"description\":\"Vice-Rectorat charg\u00e9 de la p\u00e9dagogie\",\"potentialAction\":[{\"@type\":\"SearchAction\",\"target\":{\"@type\":\"EntryPoint\",\"urlTemplate\":\"https:\/\/www.ummto.dz\/vrp\/fr\/?s={search_term_string}\"},\"query-input\":{\"@type\":\"PropertyValueSpecification\",\"valueRequired\":true,\"valueName\":\"search_term_string\"}}],\"inLanguage\":\"ar\"}]}<\/script>\n<!-- \/ Yoast SEO plugin. -->","yoast_head_json":{"title":"Cellule d'accompagnement des enseignants chercheurs nouvellement recrut\u00e9s -","robots":{"index":"index","follow":"follow","max-snippet":"max-snippet:-1","max-image-preview":"max-image-preview:large","max-video-preview":"max-video-preview:-1"},"canonical":"https:\/\/www.ummto.dz\/vrp\/cap\/","og_locale":"ar_AR","og_type":"article","og_title":"Cellule d'accompagnement des enseignants chercheurs nouvellement recrut\u00e9s -","og_url":"https:\/\/www.ummto.dz\/vrp\/cap\/","article_modified_time":"2025-06-17T11:47:24+00:00","twitter_card":"summary_large_image","twitter_misc":{"Est. reading time":"1 minute"},"schema":{"@context":"https:\/\/schema.org","@graph":[{"@type":"WebPage","@id":"https:\/\/www.ummto.dz\/vrp\/cap\/","url":"https:\/\/www.ummto.dz\/vrp\/cap\/","name":"Cellule d'accompagnement des enseignants chercheurs nouvellement recrut\u00e9s -","isPartOf":{"@id":"https:\/\/www.ummto.dz\/vrp\/fr\/#website"},"datePublished":"2022-08-02T13:59:44+00:00","dateModified":"2025-06-17T11:47:24+00:00","inLanguage":"ar","potentialAction":[{"@type":"ReadAction","target":["https:\/\/www.ummto.dz\/vrp\/cap\/"]}]},{"@type":"WebSite","@id":"https:\/\/www.ummto.dz\/vrp\/fr\/#website","url":"https:\/\/www.ummto.dz\/vrp\/fr\/","name":"","description":"Vice-Rectorat charg\u00e9 de la p\u00e9dagogie","potentialAction":[{"@type":"SearchAction","target":{"@type":"EntryPoint","urlTemplate":"https:\/\/www.ummto.dz\/vrp\/fr\/?s={search_term_string}"},"query-input":{"@type":"PropertyValueSpecification","valueRequired":true,"valueName":"search_term_string"}}],"inLanguage":"ar"}]}},"_links":{"self":[{"href":"https:\/\/www.ummto.dz\/vrp\/ar\/wp-json\/wp\/v2\/pages\/3650","targetHints":{"allow":["GET"]}}],"collection":[{"href":"https:\/\/www.ummto.dz\/vrp\/ar\/wp-json\/wp\/v2\/pages"}],"about":[{"href":"https:\/\/www.ummto.dz\/vrp\/ar\/wp-json\/wp\/v2\/types\/page"}],"author":[{"embeddable":true,"href":"https:\/\/www.ummto.dz\/vrp\/ar\/wp-json\/wp\/v2\/users\/7"}],"replies":[{"embeddable":true,"href":"https:\/\/www.ummto.dz\/vrp\/ar\/wp-json\/wp\/v2\/comments?post=3650"}],"version-history":[{"count":9,"href":"https:\/\/www.ummto.dz\/vrp\/ar\/wp-json\/wp\/v2\/pages\/3650\/revisions"}],"predecessor-version":[{"id":6896,"href":"https:\/\/www.ummto.dz\/vrp\/ar\/wp-json\/wp\/v2\/pages\/3650\/revisions\/6896"}],"wp:attachment":[{"href":"https:\/\/www.ummto.dz\/vrp\/ar\/wp-json\/wp\/v2\/media?parent=3650"}],"curies":[{"name":"wp","href":"https:\/\/api.w.org\/{rel}","templated":true}]}}