{"id":3754,"date":"2022-09-27T15:11:25","date_gmt":"2022-09-27T14:11:25","guid":{"rendered":"https:\/\/www.ummto.dz\/vrp\/?page_id=3754"},"modified":"2025-09-23T13:06:13","modified_gmt":"2025-09-23T12:06:13","slug":"resultats-des-demandes-de-transfert-reprise-detudeset-autres-operations-par-facultes","status":"publish","type":"page","link":"https:\/\/www.ummto.dz\/vrp\/ar\/resultats-des-demandes-de-transfert-reprise-detudeset-autres-operations-par-facultes\/","title":{"rendered":"R\u00e9sultats des demandes de transfert, reprise d&#8217;\u00e9tudes,et autres op\u00e9rations par facult\u00e9s."},"content":{"rendered":"<p>[et_pb_section fb_built=&#8221;1&#8243; _builder_version=&#8221;4.18.0&#8243; _module_preset=&#8221;default&#8221; global_colors_info=&#8221;{}&#8221;][et_pb_row _builder_version=&#8221;4.18.0&#8243; _module_preset=&#8221;default&#8221; custom_padding=&#8221;23px||0px||false|false&#8221; global_colors_info=&#8221;{}&#8221;][et_pb_column type=&#8221;4_4&#8243; _builder_version=&#8221;4.18.0&#8243; _module_preset=&#8221;default&#8221; global_colors_info=&#8221;{}&#8221;][et_pb_text _builder_version=&#8221;4.27.0&#8243; _module_preset=&#8221;default&#8221; global_colors_info=&#8221;{}&#8221;]<\/p>\n<h3 style=\"text-align: center\"><span style=\"color: #000080\"><strong>R\u00e9sultats des demandes de transfert, reprise des \u00e9tudes, et autres op\u00e9rations<\/strong><\/span><\/h3>\n<p>Pour voir les r\u00e9sultats des demandes de transfert, de reprise des \u00e9tudes, de r\u00e9orientation et autres op\u00e9rations, cliquez sur le lien de la facult\u00e9 correspondante.<\/p>\n<p>&nbsp;<\/p>\n<p>[\/et_pb_text][\/et_pb_column][\/et_pb_row][et_pb_row column_structure=&#8221;1_3,1_3,1_3&#8243; _builder_version=&#8221;4.18.0&#8243; _module_preset=&#8221;default&#8221; min_height=&#8221;269px&#8221; global_colors_info=&#8221;{}&#8221;][et_pb_column type=&#8221;1_3&#8243; _builder_version=&#8221;4.18.0&#8243; _module_preset=&#8221;default&#8221; global_colors_info=&#8221;{}&#8221;][et_pb_image src=&#8221;https:\/\/www.ummto.dz\/vrp\/wp-content\/uploads\/Faculte-de-medecine-300&#215;252.webp&#8221; title_text=&#8221;Faculte-de-medecine&#8221; url=&#8221;https:\/\/www.ummto.dz\/vrp\/res-oper-fm\/&#8221; _builder_version=&#8221;4.27.4&#8243; _module_preset=&#8221;default&#8221; hover_enabled=&#8221;0&#8243; global_colors_info=&#8221;{}&#8221; sticky_enabled=&#8221;0&#8243;][\/et_pb_image][\/et_pb_column][et_pb_column type=&#8221;1_3&#8243; _builder_version=&#8221;4.18.0&#8243; _module_preset=&#8221;default&#8221; global_colors_info=&#8221;{}&#8221;][et_pb_image src=&#8221;https:\/\/www.ummto.dz\/vrp\/wp-content\/uploads\/Faculte-des-sciences-300&#215;251.webp&#8221; title_text=&#8221;Faculte-des-sciences&#8221; url=&#8221;https:\/\/www.ummto.dz\/vrp\/res-oper-fs\/&#8221; _builder_version=&#8221;4.27.4&#8243; _module_preset=&#8221;default&#8221; hover_enabled=&#8221;0&#8243; global_colors_info=&#8221;{}&#8221; sticky_enabled=&#8221;0&#8243;][\/et_pb_image][\/et_pb_column][et_pb_column type=&#8221;1_3&#8243; _builder_version=&#8221;4.18.0&#8243; _module_preset=&#8221;default&#8221; global_colors_info=&#8221;{}&#8221;][et_pb_image src=&#8221;https:\/\/www.ummto.dz\/vrp\/wp-content\/uploads\/Faculte-biologie-300&#215;252.webp&#8221; title_text=&#8221;Faculte-biologie&#8221; url=&#8221;https:\/\/www.ummto.dz\/vrp\/res-oper-fsbsa\/&#8221; _builder_version=&#8221;4.18.0&#8243; _module_preset=&#8221;default&#8221; global_colors_info=&#8221;{}&#8221;][\/et_pb_image][\/et_pb_column][\/et_pb_row][et_pb_row column_structure=&#8221;1_3,1_3,1_3&#8243; _builder_version=&#8221;4.18.0&#8243; _module_preset=&#8221;default&#8221; min_height=&#8221;279px&#8221; global_colors_info=&#8221;{}&#8221;][et_pb_column type=&#8221;1_3&#8243; _builder_version=&#8221;4.18.0&#8243; _module_preset=&#8221;default&#8221; global_colors_info=&#8221;{}&#8221;][et_pb_image src=&#8221;https:\/\/www.ummto.dz\/vrp\/wp-content\/uploads\/Faculte-genie-de-la-construction-300&#215;252.webp&#8221; title_text=&#8221;Faculte-genie-de-la-construction&#8221; url=&#8221;https:\/\/www.ummto.dz\/vrp\/res-oper-fgc\/&#8221; _builder_version=&#8221;4.18.0&#8243; _module_preset=&#8221;default&#8221; global_colors_info=&#8221;{}&#8221;][\/et_pb_image][\/et_pb_column][et_pb_column type=&#8221;1_3&#8243; _builder_version=&#8221;4.18.0&#8243; _module_preset=&#8221;default&#8221; global_colors_info=&#8221;{}&#8221;][et_pb_image src=&#8221;https:\/\/www.ummto.dz\/vrp\/wp-content\/uploads\/Faculte-genie-electrique-300&#215;252.webp&#8221; title_text=&#8221;Faculte-genie-electrique&#8221; url=&#8221;https:\/\/www.ummto.dz\/vrp\/resultats-fgei\/&#8221; _builder_version=&#8221;4.18.0&#8243; _module_preset=&#8221;default&#8221; global_colors_info=&#8221;{}&#8221;][\/et_pb_image][\/et_pb_column][et_pb_column type=&#8221;1_3&#8243; _builder_version=&#8221;4.18.0&#8243; _module_preset=&#8221;default&#8221; global_colors_info=&#8221;{}&#8221;][et_pb_image src=&#8221;https:\/\/www.ummto.dz\/vrp\/wp-content\/uploads\/Faculte-sciences-economiques-300&#215;252.webp&#8221; title_text=&#8221;Faculte-sciences-economiques&#8221; url=&#8221;https:\/\/www.ummto.dz\/vrp\/res-oper-fsecsg\/&#8221; _builder_version=&#8221;4.18.0&#8243; _module_preset=&#8221;default&#8221; global_colors_info=&#8221;{}&#8221;][\/et_pb_image][\/et_pb_column][\/et_pb_row][et_pb_row column_structure=&#8221;1_3,1_3,1_3&#8243; _builder_version=&#8221;4.18.0&#8243; _module_preset=&#8221;default&#8221; global_colors_info=&#8221;{}&#8221;][et_pb_column type=&#8221;1_3&#8243; _builder_version=&#8221;4.18.0&#8243; _module_preset=&#8221;default&#8221; global_colors_info=&#8221;{}&#8221;][et_pb_image src=&#8221;https:\/\/www.ummto.dz\/vrp\/wp-content\/uploads\/Faculte-lettres-et-langues-300&#215;252.webp&#8221; title_text=&#8221;Faculte-lettres-et-langues&#8221; url=&#8221;https:\/\/www.ummto.dz\/vrp\/res-oper-fll\/&#8221; _builder_version=&#8221;4.18.0&#8243; _module_preset=&#8221;default&#8221; global_colors_info=&#8221;{}&#8221;][\/et_pb_image][\/et_pb_column][et_pb_column type=&#8221;1_3&#8243; _builder_version=&#8221;4.18.0&#8243; _module_preset=&#8221;default&#8221; global_colors_info=&#8221;{}&#8221;][et_pb_image src=&#8221;https:\/\/www.ummto.dz\/vrp\/wp-content\/uploads\/Faculte-sciences-humaines-et-sociales-300&#215;252.webp&#8221; title_text=&#8221;Faculte-sciences-humaines-et-sociales&#8221; url=&#8221;https:\/\/www.ummto.dz\/vrp\/res-oper-fshs\/&#8221; _builder_version=&#8221;4.18.0&#8243; _module_preset=&#8221;default&#8221; global_colors_info=&#8221;{}&#8221;][\/et_pb_image][\/et_pb_column][et_pb_column type=&#8221;1_3&#8243; _builder_version=&#8221;4.18.0&#8243; _module_preset=&#8221;default&#8221; global_colors_info=&#8221;{}&#8221;][et_pb_image src=&#8221;https:\/\/www.ummto.dz\/vrp\/wp-content\/uploads\/Faculte-de-droit-300&#215;252.webp&#8221; title_text=&#8221;Faculte-de-droit&#8221; url=&#8221;https:\/\/www.ummto.dz\/vrp\/res-oper-fdsp\/&#8221; _builder_version=&#8221;4.18.0&#8243; _module_preset=&#8221;default&#8221; global_colors_info=&#8221;{}&#8221;][\/et_pb_image][\/et_pb_column][\/et_pb_row][\/et_pb_section]<\/p>\n","protected":false},"excerpt":{"rendered":"<p>R\u00e9sultats des demandes de transfert, reprise des \u00e9tudes, et autres op\u00e9rations Pour voir les r\u00e9sultats des demandes de transfert, de reprise des \u00e9tudes, de r\u00e9orientation et autres op\u00e9rations, cliquez sur le lien de la facult\u00e9 correspondante. &nbsp;<\/p>\n","protected":false},"author":6,"featured_media":0,"parent":0,"menu_order":0,"comment_status":"closed","ping_status":"closed","template":"","meta":{"_et_pb_use_builder":"on","_et_pb_old_content":"","_et_gb_content_width":"","footnotes":""},"class_list":["post-3754","page","type-page","status-publish","hentry"],"translation":{"provider":"WPGlobus","version":"3.0.1","language":"ar","enabled_languages":["en","fr","ar","gb"],"languages":{"en":{"title":true,"content":true,"excerpt":false},"fr":{"title":false,"content":false,"excerpt":false},"ar":{"title":false,"content":false,"excerpt":false},"gb":{"title":false,"content":false,"excerpt":false}}},"yoast_head":"<!-- This site is optimized with the Yoast SEO plugin v26.7 - https:\/\/yoast.com\/wordpress\/plugins\/seo\/ -->\n<title>R\u00e9sultats des demandes de transfert, reprise d&#039;\u00e9tudes,et autres op\u00e9rations par facult\u00e9s. -<\/title>\n<meta name=\"robots\" content=\"index, follow, max-snippet:-1, max-image-preview:large, max-video-preview:-1\" \/>\n<link rel=\"canonical\" href=\"https:\/\/www.ummto.dz\/vrp\/resultats-des-demandes-de-transfert-reprise-detudeset-autres-operations-par-facultes\/\" \/>\n<meta property=\"og:locale\" content=\"ar_AR\" \/>\n<meta property=\"og:type\" content=\"article\" \/>\n<meta property=\"og:title\" content=\"R\u00e9sultats des demandes de transfert, reprise d&#039;\u00e9tudes,et autres op\u00e9rations par facult\u00e9s. -\" \/>\n<meta property=\"og:url\" content=\"https:\/\/www.ummto.dz\/vrp\/resultats-des-demandes-de-transfert-reprise-detudeset-autres-operations-par-facultes\/\" \/>\n<meta property=\"article:modified_time\" content=\"2025-09-23T12:06:13+00:00\" \/>\n<meta name=\"twitter:card\" content=\"summary_large_image\" \/>\n<script type=\"application\/ld+json\" class=\"yoast-schema-graph\">{\"@context\":\"https:\/\/schema.org\",\"@graph\":[{\"@type\":\"WebPage\",\"@id\":\"https:\/\/www.ummto.dz\/vrp\/resultats-des-demandes-de-transfert-reprise-detudeset-autres-operations-par-facultes\/\",\"url\":\"https:\/\/www.ummto.dz\/vrp\/resultats-des-demandes-de-transfert-reprise-detudeset-autres-operations-par-facultes\/\",\"name\":\"R\u00e9sultats des demandes de transfert, reprise d'\u00e9tudes,et autres op\u00e9rations par facult\u00e9s. -\",\"isPartOf\":{\"@id\":\"https:\/\/www.ummto.dz\/vrp\/fr\/#website\"},\"datePublished\":\"2022-09-27T14:11:25+00:00\",\"dateModified\":\"2025-09-23T12:06:13+00:00\",\"inLanguage\":\"ar\",\"potentialAction\":[{\"@type\":\"ReadAction\",\"target\":[\"https:\/\/www.ummto.dz\/vrp\/resultats-des-demandes-de-transfert-reprise-detudeset-autres-operations-par-facultes\/\"]}]},{\"@type\":\"WebSite\",\"@id\":\"https:\/\/www.ummto.dz\/vrp\/fr\/#website\",\"url\":\"https:\/\/www.ummto.dz\/vrp\/fr\/\",\"name\":\"\",\"description\":\"Vice-Rectorat charg\u00e9 de la p\u00e9dagogie\",\"potentialAction\":[{\"@type\":\"SearchAction\",\"target\":{\"@type\":\"EntryPoint\",\"urlTemplate\":\"https:\/\/www.ummto.dz\/vrp\/fr\/?s={search_term_string}\"},\"query-input\":{\"@type\":\"PropertyValueSpecification\",\"valueRequired\":true,\"valueName\":\"search_term_string\"}}],\"inLanguage\":\"ar\"}]}<\/script>\n<!-- \/ Yoast SEO plugin. -->","yoast_head_json":{"title":"R\u00e9sultats des demandes de transfert, reprise d'\u00e9tudes,et autres op\u00e9rations par facult\u00e9s. -","robots":{"index":"index","follow":"follow","max-snippet":"max-snippet:-1","max-image-preview":"max-image-preview:large","max-video-preview":"max-video-preview:-1"},"canonical":"https:\/\/www.ummto.dz\/vrp\/resultats-des-demandes-de-transfert-reprise-detudeset-autres-operations-par-facultes\/","og_locale":"ar_AR","og_type":"article","og_title":"R\u00e9sultats des demandes de transfert, reprise d'\u00e9tudes,et autres op\u00e9rations par facult\u00e9s. -","og_url":"https:\/\/www.ummto.dz\/vrp\/resultats-des-demandes-de-transfert-reprise-detudeset-autres-operations-par-facultes\/","article_modified_time":"2025-09-23T12:06:13+00:00","twitter_card":"summary_large_image","schema":{"@context":"https:\/\/schema.org","@graph":[{"@type":"WebPage","@id":"https:\/\/www.ummto.dz\/vrp\/resultats-des-demandes-de-transfert-reprise-detudeset-autres-operations-par-facultes\/","url":"https:\/\/www.ummto.dz\/vrp\/resultats-des-demandes-de-transfert-reprise-detudeset-autres-operations-par-facultes\/","name":"R\u00e9sultats des demandes de transfert, reprise d'\u00e9tudes,et autres op\u00e9rations par facult\u00e9s. -","isPartOf":{"@id":"https:\/\/www.ummto.dz\/vrp\/fr\/#website"},"datePublished":"2022-09-27T14:11:25+00:00","dateModified":"2025-09-23T12:06:13+00:00","inLanguage":"ar","potentialAction":[{"@type":"ReadAction","target":["https:\/\/www.ummto.dz\/vrp\/resultats-des-demandes-de-transfert-reprise-detudeset-autres-operations-par-facultes\/"]}]},{"@type":"WebSite","@id":"https:\/\/www.ummto.dz\/vrp\/fr\/#website","url":"https:\/\/www.ummto.dz\/vrp\/fr\/","name":"","description":"Vice-Rectorat charg\u00e9 de la p\u00e9dagogie","potentialAction":[{"@type":"SearchAction","target":{"@type":"EntryPoint","urlTemplate":"https:\/\/www.ummto.dz\/vrp\/fr\/?s={search_term_string}"},"query-input":{"@type":"PropertyValueSpecification","valueRequired":true,"valueName":"search_term_string"}}],"inLanguage":"ar"}]}},"_links":{"self":[{"href":"https:\/\/www.ummto.dz\/vrp\/ar\/wp-json\/wp\/v2\/pages\/3754","targetHints":{"allow":["GET"]}}],"collection":[{"href":"https:\/\/www.ummto.dz\/vrp\/ar\/wp-json\/wp\/v2\/pages"}],"about":[{"href":"https:\/\/www.ummto.dz\/vrp\/ar\/wp-json\/wp\/v2\/types\/page"}],"author":[{"embeddable":true,"href":"https:\/\/www.ummto.dz\/vrp\/ar\/wp-json\/wp\/v2\/users\/6"}],"replies":[{"embeddable":true,"href":"https:\/\/www.ummto.dz\/vrp\/ar\/wp-json\/wp\/v2\/comments?post=3754"}],"version-history":[{"count":22,"href":"https:\/\/www.ummto.dz\/vrp\/ar\/wp-json\/wp\/v2\/pages\/3754\/revisions"}],"predecessor-version":[{"id":7188,"href":"https:\/\/www.ummto.dz\/vrp\/ar\/wp-json\/wp\/v2\/pages\/3754\/revisions\/7188"}],"wp:attachment":[{"href":"https:\/\/www.ummto.dz\/vrp\/ar\/wp-json\/wp\/v2\/media?parent=3754"}],"curies":[{"name":"wp","href":"https:\/\/api.w.org\/{rel}","templated":true}]}}