{"id":2226,"date":"2022-05-15T13:44:15","date_gmt":"2022-05-15T12:44:15","guid":{"rendered":"https:\/\/www.ummto.dz\/vrp\/?page_id=2226"},"modified":"2025-06-17T12:52:59","modified_gmt":"2025-06-17T11:52:59","slug":"vrp-reinscription","status":"publish","type":"page","link":"https:\/\/www.ummto.dz\/vrp\/fr\/vrp-reinscription\/","title":{"rendered":"VRP &#8211; r\u00e9inscription"},"content":{"rendered":"<p>[et_pb_section fb_built=\u00a0\u00bb1&Prime; custom_padding_last_edited=\u00a0\u00bbon|desktop\u00a0\u00bb admin_label=\u00a0\u00bbHeader\u00a0\u00bb _builder_version=\u00a0\u00bb4.27.4&Prime; background_image=\u00a0\u00bbhttps:\/\/www.ummto.dz\/vrp\/wp-content\/uploads\/tree-838666_1280-300&#215;198.webp\u00a0\u00bb parallax=\u00a0\u00bbon\u00a0\u00bb custom_margin=\u00a0\u00bb0px||||false|false\u00a0\u00bb custom_margin_tablet=\u00a0\u00bb\u00a0\u00bb custom_margin_phone=\u00a0\u00bb20px|20px||20px|false|true\u00a0\u00bb custom_margin_last_edited=\u00a0\u00bbon|desktop\u00a0\u00bb custom_padding=\u00a0\u00bb100px|0px|0px|||\u00a0\u00bb custom_padding_tablet=\u00a0\u00bb40px||||false|false\u00a0\u00bb custom_padding_phone=\u00a0\u00bb\u00a0\u00bb border_radii_phone=\u00a0\u00bbon|20px|20px|20px|20px\u00a0\u00bb border_radii_last_edited=\u00a0\u00bboff|desktop\u00a0\u00bb locked=\u00a0\u00bboff\u00a0\u00bb global_colors_info=\u00a0\u00bb{}\u00a0\u00bb][et_pb_row use_custom_gutter=\u00a0\u00bbon\u00a0\u00bb make_equal=\u00a0\u00bbon\u00a0\u00bb custom_padding_last_edited=\u00a0\u00bbon|tablet\u00a0\u00bb _builder_version=\u00a0\u00bb4.27.4&Prime; background_enable_color=\u00a0\u00bboff\u00a0\u00bb background_image=\u00a0\u00bbhttps:\/\/www.ummto.dz\/fgei\/wp-content\/uploads\/2025\/05\/psychologist-03.jpg\u00a0\u00bb parallax=\u00a0\u00bbon\u00a0\u00bb transform_scale_tablet=\u00a0\u00bb\u00a0\u00bb transform_scale_phone=\u00a0\u00bb\u00a0\u00bb transform_scale_last_edited=\u00a0\u00bbon|desktop\u00a0\u00bb transform_translate=\u00a0\u00bb30px|0px\u00a0\u00bb transform_translate_tablet=\u00a0\u00bb0px|0px\u00a0\u00bb transform_translate_phone=\u00a0\u00bb\u00a0\u00bb transform_translate_last_edited=\u00a0\u00bbon|tablet\u00a0\u00bb transform_translate_linked=\u00a0\u00bboff\u00a0\u00bb transform_rotate_tablet=\u00a0\u00bb\u00a0\u00bb transform_rotate_phone=\u00a0\u00bb\u00a0\u00bb transform_rotate_last_edited=\u00a0\u00bbon|desktop\u00a0\u00bb transform_skew_tablet=\u00a0\u00bb\u00a0\u00bb transform_skew_phone=\u00a0\u00bb\u00a0\u00bb transform_skew_last_edited=\u00a0\u00bbon|desktop\u00a0\u00bb transform_origin_tablet=\u00a0\u00bb\u00a0\u00bb transform_origin_phone=\u00a0\u00bb\u00a0\u00bb transform_origin_last_edited=\u00a0\u00bbon|desktop\u00a0\u00bb width=\u00a0\u00bb100%\u00a0\u00bb width_tablet=\u00a0\u00bb90%\u00a0\u00bb width_phone=\u00a0\u00bb\u00a0\u00bb width_last_edited=\u00a0\u00bbon|desktop\u00a0\u00bb max_width=\u00a0\u00bb1200px\u00a0\u00bb module_alignment=\u00a0\u00bbcenter\u00a0\u00bb custom_margin=\u00a0\u00bb100px||||false|false\u00a0\u00bb custom_padding=\u00a0\u00bb43px|0px|43px|140px|false|false\u00a0\u00bb custom_padding_tablet=\u00a0\u00bb60px||60px||true|true\u00a0\u00bb custom_padding_phone=\u00a0\u00bb40px|20px|40px|20px|true|true\u00a0\u00bb box_shadow_style=\u00a0\u00bbpreset3&Prime; box_shadow_vertical=\u00a0\u00bb40px\u00a0\u00bb box_shadow_blur=\u00a0\u00bb110px\u00a0\u00bb box_shadow_spread=\u00a0\u00bb0px\u00a0\u00bb box_shadow_color=\u00a0\u00bbrgba(9,6,38,0.62)\u00a0\u00bb global_colors_info=\u00a0\u00bb{}\u00a0\u00bb][et_pb_column type=\u00a0\u00bb4_4&Prime; _builder_version=\u00a0\u00bb4.16&Prime; global_colors_info=\u00a0\u00bb{}\u00a0\u00bb][et_pb_text _builder_version=\u00a0\u00bb4.27.4&Prime; text_font_size=\u00a0\u00bb16px\u00a0\u00bb text_line_height=\u00a0\u00bb1.8em\u00a0\u00bb header_font=\u00a0\u00bbTaviraj||||||||\u00a0\u00bb header_text_align=\u00a0\u00bbleft\u00a0\u00bb header_letter_spacing=\u00a0\u00bb3px\u00a0\u00bb header_line_height=\u00a0\u00bb1.2em\u00a0\u00bb max_width=\u00a0\u00bb600px\u00a0\u00bb module_alignment=\u00a0\u00bbleft\u00a0\u00bb custom_margin=\u00a0\u00bb0px|0px|||false|false\u00a0\u00bb custom_padding=\u00a0\u00bb||0px|200px|false|false\u00a0\u00bb hover_enabled=\u00a0\u00bb0&Prime; text_font_size_tablet=\u00a0\u00bb16px\u00a0\u00bb text_font_size_phone=\u00a0\u00bb15px\u00a0\u00bb text_font_size_last_edited=\u00a0\u00bbon|desktop\u00a0\u00bb header_font_size_tablet=\u00a0\u00bb40px\u00a0\u00bb header_font_size_phone=\u00a0\u00bb26px\u00a0\u00bb header_font_size_last_edited=\u00a0\u00bbon|desktop\u00a0\u00bb global_colors_info=\u00a0\u00bb{}\u00a0\u00bb header_font_size=\u00a0\u00bb25px\u00a0\u00bb sticky_enabled=\u00a0\u00bb0&Prime;]<\/p>\n<h1 style=\"text-align: center;\"><span><span style=\"color: #333333;\">Vice rectorat charg\u00e9 de la p\u00e9dagogie<\/span><\/span><\/h1>\n<p>[\/et_pb_text][\/et_pb_column][\/et_pb_row][et_pb_row use_custom_gutter=\u00a0\u00bbon\u00a0\u00bb make_equal=\u00a0\u00bbon\u00a0\u00bb _builder_version=\u00a0\u00bb4.27.4&Prime; _module_preset=\u00a0\u00bbdefault\u00a0\u00bb width=\u00a0\u00bb100%\u00a0\u00bb max_width=\u00a0\u00bb1161px\u00a0\u00bb module_alignment=\u00a0\u00bbcenter\u00a0\u00bb custom_margin=\u00a0\u00bb0px|0px|0px|0px|false|false\u00a0\u00bb locked=\u00a0\u00bboff\u00a0\u00bb global_colors_info=\u00a0\u00bb{}\u00a0\u00bb][et_pb_column type=\u00a0\u00bb4_4&Prime; _builder_version=\u00a0\u00bb4.27.4&Prime; _module_preset=\u00a0\u00bbdefault\u00a0\u00bb global_colors_info=\u00a0\u00bb{}\u00a0\u00bb][et_pb_menu menu_id=\u00a0\u00bb2&Prime; menu_style=\u00a0\u00bbcentered\u00a0\u00bb active_link_color=\u00a0\u00bb#000000&Prime; dropdown_menu_line_color=\u00a0\u00bb#448968&Prime; logo_width=\u00a0\u00bb100%\u00a0\u00bb logo_height=\u00a0\u00bb200px\u00a0\u00bb logo_max_height=\u00a0\u00bb200px\u00a0\u00bb show_search_icon=\u00a0\u00bbon\u00a0\u00bb logo_width_tablet=\u00a0\u00bb100%\u00a0\u00bb logo_width_phone=\u00a0\u00bb100%\u00a0\u00bb logo_width_last_edited=\u00a0\u00bbon|tablet\u00a0\u00bb _builder_version=\u00a0\u00bb4.27.4&Prime; _module_preset=\u00a0\u00bbdefault\u00a0\u00bb menu_font=\u00a0\u00bbTaviraj|600|||||||\u00a0\u00bb menu_text_color=\u00a0\u00bb#000000&Prime; width=\u00a0\u00bb100%\u00a0\u00bb max_width=\u00a0\u00bb100%\u00a0\u00bb module_alignment=\u00a0\u00bbcenter\u00a0\u00bb custom_margin=\u00a0\u00bb0px||0px||false|false\u00a0\u00bb custom_margin_tablet=\u00a0\u00bb||||false|false\u00a0\u00bb custom_margin_phone=\u00a0\u00bb||||false|false\u00a0\u00bb custom_margin_last_edited=\u00a0\u00bbon|tablet\u00a0\u00bb custom_padding=\u00a0\u00bb15px||15px|0px|false|false\u00a0\u00bb hover_enabled=\u00a0\u00bb0&Prime; box_shadow_style=\u00a0\u00bbpreset1&Prime; locked=\u00a0\u00bboff\u00a0\u00bb global_colors_info=\u00a0\u00bb{}\u00a0\u00bb min_height__hover_enabled=\u00a0\u00bbon|desktop\u00a0\u00bb sticky_enabled=\u00a0\u00bb0&Prime;][\/et_pb_menu][\/et_pb_column][\/et_pb_row][\/et_pb_section][et_pb_section fb_built=\u00a0\u00bb1&Prime; _builder_version=\u00a0\u00bb4.16&Prime; _module_preset=\u00a0\u00bbdefault\u00a0\u00bb custom_padding=\u00a0\u00bb14px||183px|||\u00a0\u00bb global_colors_info=\u00a0\u00bb{}\u00a0\u00bb][et_pb_row _builder_version=\u00a0\u00bb4.27.4&Prime; _module_preset=\u00a0\u00bbdefault\u00a0\u00bb width=\u00a0\u00bb90.2%\u00a0\u00bb custom_margin=\u00a0\u00bb35px|auto||auto|false|false\u00a0\u00bb custom_padding=\u00a0\u00bb14px|20px|||false|false\u00a0\u00bb box_shadow_style=\u00a0\u00bbpreset1&Prime; box_shadow_color=\u00a0\u00bb#bfbfbf\u00a0\u00bb global_colors_info=\u00a0\u00bb{}\u00a0\u00bb][et_pb_column type=\u00a0\u00bb4_4&Prime; _builder_version=\u00a0\u00bb4.27.4&Prime; _module_preset=\u00a0\u00bbdefault\u00a0\u00bb global_colors_info=\u00a0\u00bb{}\u00a0\u00bb][et_pb_text _builder_version=\u00a0\u00bb4.27.4&Prime; _module_preset=\u00a0\u00bbdefault\u00a0\u00bb custom_margin=\u00a0\u00bb||22px|||\u00a0\u00bb custom_padding=\u00a0\u00bb|||39px||\u00a0\u00bb global_colors_info=\u00a0\u00bb{}\u00a0\u00bb]<\/p>\n<h2 class=\"page-title hu-pad group\"><span style=\"color: #800080\"><strong><\/strong><\/span><\/h2>\n<h2 class=\"page-title hu-pad group\"><span style=\"color: #008000\"><strong>R\u00e9inscription<\/strong><\/span><\/h2>\n<div class=\"hu-pad group\">\n<article class=\"group post-59 page type-page status-publish hentry\">\n<div class=\"entry themeform\">\n<p><span style=\"color: #000000\"><strong>Toute inscription ou r\u00e9inscription n\u2019est valable que pour une ann\u00e9e universitaire. L\u2019\u00e9tudiant doit imp\u00e9rativement se r\u00e9inscrire en ligne \u00e0 partir du <span style=\"color: #ff0000\">16 Juillet 2025 <span style=\"color: #000000\">au<\/span> 28 Juillet 2025<\/span>\u00a0via la plateforme de paiement des frais de scolarit\u00e9: <span style=\"color: #008000\"><a href=\"https:\/\/progres.mesrs.dz\/epaiement\" style=\"color: #008000\" target=\"_blank\" rel=\"noopener\">https:\/\/progres.mesrs.dz\/epaiement<\/a>.<\/span><br \/><\/strong><\/span><\/p>\n<p><span style=\"color: #000000\">\u00a0<\/span><\/p>\n<p><span style=\"color: #000000\"><\/span><\/p>\n<\/div>\n<\/article>\n<\/div>\n<p>[\/et_pb_text][\/et_pb_column][\/et_pb_row][\/et_pb_section]<\/p>\n","protected":false},"excerpt":{"rendered":"<p>Vice rectorat charg\u00e9 de la p\u00e9dagogie R\u00e9inscription Toute inscription ou r\u00e9inscription n\u2019est valable que pour une ann\u00e9e universitaire. L\u2019\u00e9tudiant doit imp\u00e9rativement se r\u00e9inscrire en ligne \u00e0 partir du 16 Juillet 2025 au 28 Juillet 2025\u00a0via la plateforme de paiement des frais de scolarit\u00e9: https:\/\/progres.mesrs.dz\/epaiement. \u00a0<\/p>\n","protected":false},"author":1,"featured_media":0,"parent":0,"menu_order":0,"comment_status":"closed","ping_status":"closed","template":"","meta":{"_et_pb_use_builder":"on","_et_pb_old_content":"","_et_gb_content_width":"","footnotes":""},"class_list":["post-2226","page","type-page","status-publish","hentry"],"translation":{"provider":"WPGlobus","version":"3.0.1","language":"fr","enabled_languages":["en","fr","ar","gb"],"languages":{"en":{"title":true,"content":true,"excerpt":false},"fr":{"title":false,"content":false,"excerpt":false},"ar":{"title":false,"content":false,"excerpt":false},"gb":{"title":false,"content":false,"excerpt":false}}},"yoast_head":"<!-- This site is optimized with the Yoast SEO plugin v26.7 - https:\/\/yoast.com\/wordpress\/plugins\/seo\/ -->\n<title>VRP - r\u00e9inscription - Vice-Rectorat charg\u00e9 de la p\u00e9dagogie<\/title>\n<meta name=\"robots\" content=\"index, follow, max-snippet:-1, max-image-preview:large, max-video-preview:-1\" \/>\n<link rel=\"canonical\" href=\"https:\/\/www.ummto.dz\/vrp\/vrp-reinscription\/\" \/>\n<meta property=\"og:locale\" content=\"fr_FR\" \/>\n<meta property=\"og:type\" content=\"article\" \/>\n<meta property=\"og:title\" content=\"VRP - r\u00e9inscription - Vice-Rectorat charg\u00e9 de la p\u00e9dagogie\" \/>\n<meta property=\"og:url\" content=\"https:\/\/www.ummto.dz\/vrp\/vrp-reinscription\/\" \/>\n<meta property=\"og:site_name\" content=\"Vice-Rectorat charg\u00e9 de la p\u00e9dagogie\" \/>\n<meta property=\"article:modified_time\" content=\"2025-06-17T11:52:59+00:00\" \/>\n<meta name=\"twitter:card\" content=\"summary_large_image\" \/>\n<script type=\"application\/ld+json\" class=\"yoast-schema-graph\">{\"@context\":\"https:\/\/schema.org\",\"@graph\":[{\"@type\":\"WebPage\",\"@id\":\"https:\/\/www.ummto.dz\/vrp\/vrp-reinscription\/\",\"url\":\"https:\/\/www.ummto.dz\/vrp\/vrp-reinscription\/\",\"name\":\"VRP - r\u00e9inscription - Vice-Rectorat charg\u00e9 de la p\u00e9dagogie\",\"isPartOf\":{\"@id\":\"https:\/\/www.ummto.dz\/vrp\/fr\/#website\"},\"datePublished\":\"2022-05-15T12:44:15+00:00\",\"dateModified\":\"2025-06-17T11:52:59+00:00\",\"inLanguage\":\"fr-FR\",\"potentialAction\":[{\"@type\":\"ReadAction\",\"target\":[\"https:\/\/www.ummto.dz\/vrp\/vrp-reinscription\/\"]}]},{\"@type\":\"WebSite\",\"@id\":\"https:\/\/www.ummto.dz\/vrp\/fr\/#website\",\"url\":\"https:\/\/www.ummto.dz\/vrp\/fr\/\",\"name\":\"Vice-Rectorat charg\u00e9 de la p\u00e9dagogie\",\"description\":\"Vice-Rectorat charg\u00e9 de la p\u00e9dagogie\",\"potentialAction\":[{\"@type\":\"SearchAction\",\"target\":{\"@type\":\"EntryPoint\",\"urlTemplate\":\"https:\/\/www.ummto.dz\/vrp\/fr\/?s={search_term_string}\"},\"query-input\":{\"@type\":\"PropertyValueSpecification\",\"valueRequired\":true,\"valueName\":\"search_term_string\"}}],\"inLanguage\":\"fr-FR\"}]}<\/script>\n<!-- \/ Yoast SEO plugin. -->","yoast_head_json":{"title":"VRP - r\u00e9inscription - Vice-Rectorat charg\u00e9 de la p\u00e9dagogie","robots":{"index":"index","follow":"follow","max-snippet":"max-snippet:-1","max-image-preview":"max-image-preview:large","max-video-preview":"max-video-preview:-1"},"canonical":"https:\/\/www.ummto.dz\/vrp\/vrp-reinscription\/","og_locale":"fr_FR","og_type":"article","og_title":"VRP - r\u00e9inscription - Vice-Rectorat charg\u00e9 de la p\u00e9dagogie","og_url":"https:\/\/www.ummto.dz\/vrp\/vrp-reinscription\/","og_site_name":"Vice-Rectorat charg\u00e9 de la p\u00e9dagogie","article_modified_time":"2025-06-17T11:52:59+00:00","twitter_card":"summary_large_image","schema":{"@context":"https:\/\/schema.org","@graph":[{"@type":"WebPage","@id":"https:\/\/www.ummto.dz\/vrp\/vrp-reinscription\/","url":"https:\/\/www.ummto.dz\/vrp\/vrp-reinscription\/","name":"VRP - r\u00e9inscription - Vice-Rectorat charg\u00e9 de la p\u00e9dagogie","isPartOf":{"@id":"https:\/\/www.ummto.dz\/vrp\/fr\/#website"},"datePublished":"2022-05-15T12:44:15+00:00","dateModified":"2025-06-17T11:52:59+00:00","inLanguage":"fr-FR","potentialAction":[{"@type":"ReadAction","target":["https:\/\/www.ummto.dz\/vrp\/vrp-reinscription\/"]}]},{"@type":"WebSite","@id":"https:\/\/www.ummto.dz\/vrp\/fr\/#website","url":"https:\/\/www.ummto.dz\/vrp\/fr\/","name":"Vice-Rectorat charg\u00e9 de la p\u00e9dagogie","description":"Vice-Rectorat charg\u00e9 de la p\u00e9dagogie","potentialAction":[{"@type":"SearchAction","target":{"@type":"EntryPoint","urlTemplate":"https:\/\/www.ummto.dz\/vrp\/fr\/?s={search_term_string}"},"query-input":{"@type":"PropertyValueSpecification","valueRequired":true,"valueName":"search_term_string"}}],"inLanguage":"fr-FR"}]}},"_links":{"self":[{"href":"https:\/\/www.ummto.dz\/vrp\/fr\/wp-json\/wp\/v2\/pages\/2226","targetHints":{"allow":["GET"]}}],"collection":[{"href":"https:\/\/www.ummto.dz\/vrp\/fr\/wp-json\/wp\/v2\/pages"}],"about":[{"href":"https:\/\/www.ummto.dz\/vrp\/fr\/wp-json\/wp\/v2\/types\/page"}],"author":[{"embeddable":true,"href":"https:\/\/www.ummto.dz\/vrp\/fr\/wp-json\/wp\/v2\/users\/1"}],"replies":[{"embeddable":true,"href":"https:\/\/www.ummto.dz\/vrp\/fr\/wp-json\/wp\/v2\/comments?post=2226"}],"version-history":[{"count":22,"href":"https:\/\/www.ummto.dz\/vrp\/fr\/wp-json\/wp\/v2\/pages\/2226\/revisions"}],"predecessor-version":[{"id":6899,"href":"https:\/\/www.ummto.dz\/vrp\/fr\/wp-json\/wp\/v2\/pages\/2226\/revisions\/6899"}],"wp:attachment":[{"href":"https:\/\/www.ummto.dz\/vrp\/fr\/wp-json\/wp\/v2\/media?parent=2226"}],"curies":[{"name":"wp","href":"https:\/\/api.w.org\/{rel}","templated":true}]}}