{"id":2271,"date":"2022-05-15T13:23:37","date_gmt":"2022-05-15T12:23:37","guid":{"rendered":"https:\/\/www.ummto.dz\/vrp\/?page_id=2271"},"modified":"2025-09-09T08:44:22","modified_gmt":"2025-09-09T07:44:22","slug":"t1","status":"publish","type":"page","link":"https:\/\/www.ummto.dz\/vrp\/fr\/t1\/","title":{"rendered":"VRP&#8211;R\u00e9orientation"},"content":{"rendered":"<p>[et_pb_section fb_built=\u00a0\u00bb1&Prime; custom_padding_last_edited=\u00a0\u00bbon|desktop\u00a0\u00bb admin_label=\u00a0\u00bbHeader\u00a0\u00bb _builder_version=\u00a0\u00bb4.27.4&Prime; background_image=\u00a0\u00bbhttps:\/\/www.ummto.dz\/vrp\/wp-content\/uploads\/tree-838666_1280-300&#215;198.webp\u00a0\u00bb parallax=\u00a0\u00bbon\u00a0\u00bb custom_margin=\u00a0\u00bb0px||||false|false\u00a0\u00bb custom_margin_tablet=\u00a0\u00bb\u00a0\u00bb custom_margin_phone=\u00a0\u00bb20px|20px||20px|false|true\u00a0\u00bb custom_margin_last_edited=\u00a0\u00bbon|desktop\u00a0\u00bb custom_padding=\u00a0\u00bb100px|0px|0px|||\u00a0\u00bb custom_padding_tablet=\u00a0\u00bb40px||||false|false\u00a0\u00bb custom_padding_phone=\u00a0\u00bb\u00a0\u00bb border_radii_phone=\u00a0\u00bbon|20px|20px|20px|20px\u00a0\u00bb border_radii_last_edited=\u00a0\u00bboff|desktop\u00a0\u00bb locked=\u00a0\u00bboff\u00a0\u00bb global_colors_info=\u00a0\u00bb{}\u00a0\u00bb][et_pb_row use_custom_gutter=\u00a0\u00bbon\u00a0\u00bb make_equal=\u00a0\u00bbon\u00a0\u00bb custom_padding_last_edited=\u00a0\u00bbon|tablet\u00a0\u00bb _builder_version=\u00a0\u00bb4.27.4&Prime; background_enable_color=\u00a0\u00bboff\u00a0\u00bb background_image=\u00a0\u00bbhttps:\/\/www.ummto.dz\/fgei\/wp-content\/uploads\/2025\/05\/psychologist-03.jpg\u00a0\u00bb parallax=\u00a0\u00bbon\u00a0\u00bb transform_scale_tablet=\u00a0\u00bb\u00a0\u00bb transform_scale_phone=\u00a0\u00bb\u00a0\u00bb transform_scale_last_edited=\u00a0\u00bbon|desktop\u00a0\u00bb transform_translate=\u00a0\u00bb30px|0px\u00a0\u00bb transform_translate_tablet=\u00a0\u00bb0px|0px\u00a0\u00bb transform_translate_phone=\u00a0\u00bb\u00a0\u00bb transform_translate_last_edited=\u00a0\u00bbon|tablet\u00a0\u00bb transform_translate_linked=\u00a0\u00bboff\u00a0\u00bb transform_rotate_tablet=\u00a0\u00bb\u00a0\u00bb transform_rotate_phone=\u00a0\u00bb\u00a0\u00bb transform_rotate_last_edited=\u00a0\u00bbon|desktop\u00a0\u00bb transform_skew_tablet=\u00a0\u00bb\u00a0\u00bb transform_skew_phone=\u00a0\u00bb\u00a0\u00bb transform_skew_last_edited=\u00a0\u00bbon|desktop\u00a0\u00bb transform_origin_tablet=\u00a0\u00bb\u00a0\u00bb transform_origin_phone=\u00a0\u00bb\u00a0\u00bb transform_origin_last_edited=\u00a0\u00bbon|desktop\u00a0\u00bb width=\u00a0\u00bb100%\u00a0\u00bb width_tablet=\u00a0\u00bb90%\u00a0\u00bb width_phone=\u00a0\u00bb\u00a0\u00bb width_last_edited=\u00a0\u00bbon|desktop\u00a0\u00bb max_width=\u00a0\u00bb1200px\u00a0\u00bb module_alignment=\u00a0\u00bbcenter\u00a0\u00bb custom_margin=\u00a0\u00bb100px||||false|false\u00a0\u00bb custom_padding=\u00a0\u00bb43px|0px|43px|140px|false|false\u00a0\u00bb custom_padding_tablet=\u00a0\u00bb60px||60px||true|true\u00a0\u00bb custom_padding_phone=\u00a0\u00bb40px|20px|40px|20px|true|true\u00a0\u00bb box_shadow_style=\u00a0\u00bbpreset3&Prime; box_shadow_vertical=\u00a0\u00bb40px\u00a0\u00bb box_shadow_blur=\u00a0\u00bb110px\u00a0\u00bb box_shadow_spread=\u00a0\u00bb0px\u00a0\u00bb box_shadow_color=\u00a0\u00bbrgba(9,6,38,0.62)\u00a0\u00bb global_colors_info=\u00a0\u00bb{}\u00a0\u00bb][et_pb_column type=\u00a0\u00bb4_4&Prime; _builder_version=\u00a0\u00bb4.16&Prime; global_colors_info=\u00a0\u00bb{}\u00a0\u00bb][et_pb_text _builder_version=\u00a0\u00bb4.27.4&Prime; text_font_size=\u00a0\u00bb16px\u00a0\u00bb text_line_height=\u00a0\u00bb1.8em\u00a0\u00bb header_font=\u00a0\u00bbTaviraj||||||||\u00a0\u00bb header_text_align=\u00a0\u00bbleft\u00a0\u00bb header_font_size=\u00a0\u00bb25px\u00a0\u00bb header_letter_spacing=\u00a0\u00bb3px\u00a0\u00bb header_line_height=\u00a0\u00bb1.2em\u00a0\u00bb max_width=\u00a0\u00bb600px\u00a0\u00bb module_alignment=\u00a0\u00bbleft\u00a0\u00bb custom_margin=\u00a0\u00bb0px|0px|||false|false\u00a0\u00bb custom_padding=\u00a0\u00bb||0px|200px|false|false\u00a0\u00bb text_font_size_tablet=\u00a0\u00bb16px\u00a0\u00bb text_font_size_phone=\u00a0\u00bb15px\u00a0\u00bb text_font_size_last_edited=\u00a0\u00bbon|desktop\u00a0\u00bb header_font_size_tablet=\u00a0\u00bb40px\u00a0\u00bb header_font_size_phone=\u00a0\u00bb26px\u00a0\u00bb header_font_size_last_edited=\u00a0\u00bbon|desktop\u00a0\u00bb global_colors_info=\u00a0\u00bb{}\u00a0\u00bb]<\/p>\n<h1 style=\"text-align: center\"><span><span style=\"color: #333333\">Vice rectorat charg\u00e9 de la p\u00e9dagogie<\/span><\/span><\/h1>\n<p>[\/et_pb_text][\/et_pb_column][\/et_pb_row][et_pb_row use_custom_gutter=\u00a0\u00bbon\u00a0\u00bb make_equal=\u00a0\u00bbon\u00a0\u00bb _builder_version=\u00a0\u00bb4.27.4&Prime; _module_preset=\u00a0\u00bbdefault\u00a0\u00bb width=\u00a0\u00bb100%\u00a0\u00bb max_width=\u00a0\u00bb1161px\u00a0\u00bb module_alignment=\u00a0\u00bbcenter\u00a0\u00bb custom_margin=\u00a0\u00bb0px|0px|0px|0px|false|false\u00a0\u00bb locked=\u00a0\u00bboff\u00a0\u00bb global_colors_info=\u00a0\u00bb{}\u00a0\u00bb][et_pb_column type=\u00a0\u00bb4_4&Prime; _builder_version=\u00a0\u00bb4.27.4&Prime; _module_preset=\u00a0\u00bbdefault\u00a0\u00bb global_colors_info=\u00a0\u00bb{}\u00a0\u00bb][et_pb_menu menu_id=\u00a0\u00bb2&Prime; menu_style=\u00a0\u00bbcentered\u00a0\u00bb active_link_color=\u00a0\u00bb#000000&Prime; dropdown_menu_line_color=\u00a0\u00bb#448968&Prime; logo_width=\u00a0\u00bb100%\u00a0\u00bb logo_height=\u00a0\u00bb200px\u00a0\u00bb logo_max_height=\u00a0\u00bb200px\u00a0\u00bb show_search_icon=\u00a0\u00bbon\u00a0\u00bb logo_width_tablet=\u00a0\u00bb100%\u00a0\u00bb logo_width_phone=\u00a0\u00bb100%\u00a0\u00bb logo_width_last_edited=\u00a0\u00bbon|tablet\u00a0\u00bb _builder_version=\u00a0\u00bb4.27.4&Prime; _module_preset=\u00a0\u00bbdefault\u00a0\u00bb menu_font=\u00a0\u00bbTaviraj|600|||||||\u00a0\u00bb menu_text_color=\u00a0\u00bb#000000&Prime; width=\u00a0\u00bb100%\u00a0\u00bb max_width=\u00a0\u00bb100%\u00a0\u00bb module_alignment=\u00a0\u00bbcenter\u00a0\u00bb custom_margin=\u00a0\u00bb0px||0px||false|false\u00a0\u00bb custom_margin_tablet=\u00a0\u00bb||||false|false\u00a0\u00bb custom_margin_phone=\u00a0\u00bb||||false|false\u00a0\u00bb custom_margin_last_edited=\u00a0\u00bbon|tablet\u00a0\u00bb custom_padding=\u00a0\u00bb15px||15px|0px|false|false\u00a0\u00bb box_shadow_style=\u00a0\u00bbpreset1&Prime; locked=\u00a0\u00bboff\u00a0\u00bb global_colors_info=\u00a0\u00bb{}\u00a0\u00bb min_height__hover_enabled=\u00a0\u00bbon|desktop\u00a0\u00bb][\/et_pb_menu][\/et_pb_column][\/et_pb_row][\/et_pb_section][et_pb_section fb_built=\u00a0\u00bb1&Prime; _builder_version=\u00a0\u00bb4.16&Prime; _module_preset=\u00a0\u00bbdefault\u00a0\u00bb custom_margin=\u00a0\u00bb-24px|||||\u00a0\u00bb global_colors_info=\u00a0\u00bb{}\u00a0\u00bb][et_pb_row _builder_version=\u00a0\u00bb4.27.4&Prime; _module_preset=\u00a0\u00bbdefault\u00a0\u00bb custom_margin=\u00a0\u00bb||||false|false\u00a0\u00bb custom_padding=\u00a0\u00bb15px||0px||false|false\u00a0\u00bb box_shadow_style=\u00a0\u00bbpreset1&Prime; box_shadow_color=\u00a0\u00bb#bcbcbc\u00a0\u00bb global_colors_info=\u00a0\u00bb{}\u00a0\u00bb][et_pb_column type=\u00a0\u00bb4_4&Prime; _builder_version=\u00a0\u00bb4.27.0&Prime; _module_preset=\u00a0\u00bbdefault\u00a0\u00bb global_colors_info=\u00a0\u00bb{}\u00a0\u00bb][et_pb_text _builder_version=\u00a0\u00bb4.27.4&Prime; _module_preset=\u00a0\u00bbdefault\u00a0\u00bb custom_margin=\u00a0\u00bb10px||||false|false\u00a0\u00bb custom_padding=\u00a0\u00bb10px|25px||25px|false|false\u00a0\u00bb hover_enabled=\u00a0\u00bb0&Prime; global_colors_info=\u00a0\u00bb{}\u00a0\u00bb sticky_enabled=\u00a0\u00bb0&Prime;]<\/p>\n<div class=\"page-title hu-pad group\">\n<h1><span style=\"color: #800080\"><\/span><\/h1>\n<p><span style=\"color: #800080\"><\/span><\/p>\n<h1 style=\"text-align: center\"><span style=\"color: #008000\"><strong>R\u00e9orientation<\/strong><\/span><\/h1>\n<h2 style=\"text-align: center\"><span style=\"color: #ff0000\"><strong>(Attention ceci ne concerne pas les nouveaux bacheliers 2025)<\/strong><\/span><\/h2>\n<\/div>\n<div class=\"hu-pad group\">\n<article class=\"group post-63 page type-page status-publish hentry\">\n<p style=\"text-align: justify\"><span style=\"color: #000000\"><strong>Les \u00e9tudiants de l\u2019Universit\u00e9 Mouloud MAMMERI inscrits en premi\u00e8re ann\u00e9e licence (L1) durant l\u2019ann\u00e9e universitaire 2024-2025 sont inform\u00e9s qu\u2019une op\u00e9ration de r\u00e9orientation se d\u00e9roulera exclusivement sur PROGRES. Cette op\u00e9ration est ouverte aux \u00e9tudiants suivants:<\/strong><\/span><\/p>\n<ul>\n<li style=\"text-align: justify\"><span style=\"color: #000000\">\u00c9tudiants de premi\u00e8re ann\u00e9e L1 en situation d\u2019\u00e9chec apr\u00e8s une ann\u00e9e d\u2019\u00e9tudes.<\/span><\/li>\n<li style=\"text-align: justify\"><span style=\"color: #000000\">\u00c9tudiants de premi\u00e8re ann\u00e9e L1 en situation d\u2019\u00e9chec apr\u00e8s redoublement (la r\u00e9orientation des \u00e9tudiants en situation d\u2019\u00e9chec apr\u00e8s redoublement est vivement souhait\u00e9e, n\u00e9anmoins, l\u2019\u00e9tudiant qui d\u00e9sire poursuivre ses \u00e9tudes dans la m\u00eame formation b\u00e9n\u00e9ficiera d\u2019une derni\u00e8re inscription en L1).<\/span><\/li>\n<li style=\"text-align: justify\"><span style=\"color: #000000\">Exceptionnellement, pour l\u2019ann\u00e9e 2024-2025, les \u00e9tudiants ayant fait <span style=\"text-decoration: underline\">plus d\u2019un redoublement<\/span> et qui sont en situation d\u2019\u00e9chec sont invit\u00e9s \u00e0 formuler une demande de r\u00e9orientation, la r\u00e9inscription dans la m\u00eame formation n\u2019est plus autoris\u00e9e.<\/span><br \/>\n<h2><span style=\"color: #000000\"><\/span><span style=\"color: #000000\"><\/span><\/h2>\n<\/li>\n<\/ul>\n<h2 style=\"text-align: center\"><span style=\"color: #000000\"><strong>La r\u00e9orientation se d\u00e9roulera exclusivement sur<\/strong> <strong>PROGRES webetu<\/strong><\/span><\/h2>\n<p><span style=\"color: #000000\">La p\u00e9riode de la r\u00e9orientation des \u00e9tudiants anciens au sein de la m\u00eame institution universitaire ou \u00e0 l&rsquo;ext\u00e9rieur, d&rsquo;un domaine \u00e0 un autre et d&rsquo;une division \u00e0 une autre, peut \u00eatre fix\u00e9e selon le calendrier suivant:<br \/>&#8211; D\u00e9p\u00f4t des demandes via le syst\u00e8me progres (webetu) le site: du <span style=\"color: #ff0000\"><strong>samedi 13 au vendredi 19 septembre 2025.<\/strong><\/span><br \/>&#8211; Traitement des demandes de transfert: du <strong><span style=\"color: #ff0000\">samedi 20 au mardi 23 septembre 2025.<\/span><\/strong><br \/>&#8211; Annonce des r\u00e9sultats des transferts <strong><span style=\"color: #ff0000\">le mercredi 24 septembre 2025.<\/span><\/strong><br \/>&#8211; Confirmation du transfert et paiement des frais d&rsquo;inscription: du <span style=\"color: #ff0000\"><strong>mercredi 24 au samedi 27 septembre 2025<\/strong><\/span>.<\/span><\/p>\n<p><strong><span style=\"color: #ff0000\"><\/span><\/strong><\/p>\n<p><strong><span style=\"color: #ff0000\"><\/span><\/strong><\/p>\n<ul><\/ul>\n<\/article>\n<\/div>\n<p>[\/et_pb_text][\/et_pb_column][\/et_pb_row][\/et_pb_section]<\/p>\n","protected":false},"excerpt":{"rendered":"<p>Vice rectorat charg\u00e9 de la p\u00e9dagogie R\u00e9orientation (Attention ceci ne concerne pas les nouveaux bacheliers 2025) Les \u00e9tudiants de l\u2019Universit\u00e9 Mouloud MAMMERI inscrits en premi\u00e8re ann\u00e9e licence (L1) durant l\u2019ann\u00e9e universitaire 2024-2025 sont inform\u00e9s qu\u2019une op\u00e9ration de r\u00e9orientation se d\u00e9roulera exclusivement sur PROGRES. Cette op\u00e9ration est ouverte aux \u00e9tudiants suivants: \u00c9tudiants de premi\u00e8re ann\u00e9e L1 [&hellip;]<\/p>\n","protected":false},"author":1,"featured_media":0,"parent":0,"menu_order":0,"comment_status":"closed","ping_status":"closed","template":"","meta":{"_et_pb_use_builder":"on","_et_pb_old_content":"","_et_gb_content_width":"","footnotes":""},"class_list":["post-2271","page","type-page","status-publish","hentry"],"translation":{"provider":"WPGlobus","version":"3.0.1","language":"fr","enabled_languages":["en","fr","ar","gb"],"languages":{"en":{"title":true,"content":true,"excerpt":false},"fr":{"title":false,"content":false,"excerpt":false},"ar":{"title":false,"content":false,"excerpt":false},"gb":{"title":false,"content":false,"excerpt":false}}},"yoast_head":"<!-- This site is optimized with the Yoast SEO plugin v26.7 - https:\/\/yoast.com\/wordpress\/plugins\/seo\/ -->\n<title>VRP-R\u00e9orientation - Vice-Rectorat charg\u00e9 de la p\u00e9dagogie<\/title>\n<meta name=\"robots\" content=\"index, follow, max-snippet:-1, max-image-preview:large, max-video-preview:-1\" \/>\n<link rel=\"canonical\" href=\"https:\/\/www.ummto.dz\/vrp\/t1\/\" \/>\n<meta property=\"og:locale\" content=\"fr_FR\" \/>\n<meta property=\"og:type\" content=\"article\" \/>\n<meta property=\"og:title\" content=\"VRP-R\u00e9orientation - Vice-Rectorat charg\u00e9 de la p\u00e9dagogie\" \/>\n<meta property=\"og:url\" content=\"https:\/\/www.ummto.dz\/vrp\/t1\/\" \/>\n<meta property=\"og:site_name\" content=\"Vice-Rectorat charg\u00e9 de la p\u00e9dagogie\" \/>\n<meta property=\"article:modified_time\" content=\"2025-09-09T07:44:22+00:00\" \/>\n<meta name=\"twitter:card\" content=\"summary_large_image\" \/>\n<meta name=\"twitter:label1\" content=\"Dur\u00e9e de lecture estim\u00e9e\" \/>\n\t<meta name=\"twitter:data1\" content=\"5 minutes\" \/>\n<script type=\"application\/ld+json\" class=\"yoast-schema-graph\">{\"@context\":\"https:\/\/schema.org\",\"@graph\":[{\"@type\":\"WebPage\",\"@id\":\"https:\/\/www.ummto.dz\/vrp\/t1\/\",\"url\":\"https:\/\/www.ummto.dz\/vrp\/t1\/\",\"name\":\"VRP-R\u00e9orientation - Vice-Rectorat charg\u00e9 de la p\u00e9dagogie\",\"isPartOf\":{\"@id\":\"https:\/\/www.ummto.dz\/vrp\/fr\/#website\"},\"datePublished\":\"2022-05-15T12:23:37+00:00\",\"dateModified\":\"2025-09-09T07:44:22+00:00\",\"inLanguage\":\"fr-FR\",\"potentialAction\":[{\"@type\":\"ReadAction\",\"target\":[\"https:\/\/www.ummto.dz\/vrp\/t1\/\"]}]},{\"@type\":\"WebSite\",\"@id\":\"https:\/\/www.ummto.dz\/vrp\/fr\/#website\",\"url\":\"https:\/\/www.ummto.dz\/vrp\/fr\/\",\"name\":\"Vice-Rectorat charg\u00e9 de la p\u00e9dagogie\",\"description\":\"Vice-Rectorat charg\u00e9 de la p\u00e9dagogie\",\"potentialAction\":[{\"@type\":\"SearchAction\",\"target\":{\"@type\":\"EntryPoint\",\"urlTemplate\":\"https:\/\/www.ummto.dz\/vrp\/fr\/?s={search_term_string}\"},\"query-input\":{\"@type\":\"PropertyValueSpecification\",\"valueRequired\":true,\"valueName\":\"search_term_string\"}}],\"inLanguage\":\"fr-FR\"}]}<\/script>\n<!-- \/ Yoast SEO plugin. -->","yoast_head_json":{"title":"VRP-R\u00e9orientation - Vice-Rectorat charg\u00e9 de la p\u00e9dagogie","robots":{"index":"index","follow":"follow","max-snippet":"max-snippet:-1","max-image-preview":"max-image-preview:large","max-video-preview":"max-video-preview:-1"},"canonical":"https:\/\/www.ummto.dz\/vrp\/t1\/","og_locale":"fr_FR","og_type":"article","og_title":"VRP-R\u00e9orientation - Vice-Rectorat charg\u00e9 de la p\u00e9dagogie","og_url":"https:\/\/www.ummto.dz\/vrp\/t1\/","og_site_name":"Vice-Rectorat charg\u00e9 de la p\u00e9dagogie","article_modified_time":"2025-09-09T07:44:22+00:00","twitter_card":"summary_large_image","twitter_misc":{"Dur\u00e9e de lecture estim\u00e9e":"5 minutes"},"schema":{"@context":"https:\/\/schema.org","@graph":[{"@type":"WebPage","@id":"https:\/\/www.ummto.dz\/vrp\/t1\/","url":"https:\/\/www.ummto.dz\/vrp\/t1\/","name":"VRP-R\u00e9orientation - Vice-Rectorat charg\u00e9 de la p\u00e9dagogie","isPartOf":{"@id":"https:\/\/www.ummto.dz\/vrp\/fr\/#website"},"datePublished":"2022-05-15T12:23:37+00:00","dateModified":"2025-09-09T07:44:22+00:00","inLanguage":"fr-FR","potentialAction":[{"@type":"ReadAction","target":["https:\/\/www.ummto.dz\/vrp\/t1\/"]}]},{"@type":"WebSite","@id":"https:\/\/www.ummto.dz\/vrp\/fr\/#website","url":"https:\/\/www.ummto.dz\/vrp\/fr\/","name":"Vice-Rectorat charg\u00e9 de la p\u00e9dagogie","description":"Vice-Rectorat charg\u00e9 de la p\u00e9dagogie","potentialAction":[{"@type":"SearchAction","target":{"@type":"EntryPoint","urlTemplate":"https:\/\/www.ummto.dz\/vrp\/fr\/?s={search_term_string}"},"query-input":{"@type":"PropertyValueSpecification","valueRequired":true,"valueName":"search_term_string"}}],"inLanguage":"fr-FR"}]}},"_links":{"self":[{"href":"https:\/\/www.ummto.dz\/vrp\/fr\/wp-json\/wp\/v2\/pages\/2271","targetHints":{"allow":["GET"]}}],"collection":[{"href":"https:\/\/www.ummto.dz\/vrp\/fr\/wp-json\/wp\/v2\/pages"}],"about":[{"href":"https:\/\/www.ummto.dz\/vrp\/fr\/wp-json\/wp\/v2\/types\/page"}],"author":[{"embeddable":true,"href":"https:\/\/www.ummto.dz\/vrp\/fr\/wp-json\/wp\/v2\/users\/1"}],"replies":[{"embeddable":true,"href":"https:\/\/www.ummto.dz\/vrp\/fr\/wp-json\/wp\/v2\/comments?post=2271"}],"version-history":[{"count":43,"href":"https:\/\/www.ummto.dz\/vrp\/fr\/wp-json\/wp\/v2\/pages\/2271\/revisions"}],"predecessor-version":[{"id":7173,"href":"https:\/\/www.ummto.dz\/vrp\/fr\/wp-json\/wp\/v2\/pages\/2271\/revisions\/7173"}],"wp:attachment":[{"href":"https:\/\/www.ummto.dz\/vrp\/fr\/wp-json\/wp\/v2\/media?parent=2271"}],"curies":[{"name":"wp","href":"https:\/\/api.w.org\/{rel}","templated":true}]}}