{"id":2284,"date":"2022-05-15T14:08:05","date_gmt":"2022-05-15T13:08:05","guid":{"rendered":"https:\/\/www.ummto.dz\/vrp\/?page_id=2284"},"modified":"2025-06-17T13:05:12","modified_gmt":"2025-06-17T12:05:12","slug":"vrp-comptes-rendus-de-sorties-pedagogiques","status":"publish","type":"page","link":"https:\/\/www.ummto.dz\/vrp\/fr\/vrp-comptes-rendus-de-sorties-pedagogiques\/","title":{"rendered":"VRP &#8212; Comptes rendus de sorties p\u00e9dagogiques"},"content":{"rendered":"<p>[et_pb_section fb_built=\u00a0\u00bb1&Prime; custom_padding_last_edited=\u00a0\u00bbon|desktop\u00a0\u00bb admin_label=\u00a0\u00bbHeader\u00a0\u00bb _builder_version=\u00a0\u00bb4.27.4&Prime; background_image=\u00a0\u00bbhttps:\/\/www.ummto.dz\/vrp\/wp-content\/uploads\/tree-838666_1280-300&#215;198.webp\u00a0\u00bb parallax=\u00a0\u00bbon\u00a0\u00bb custom_margin=\u00a0\u00bb0px||||false|false\u00a0\u00bb custom_margin_tablet=\u00a0\u00bb\u00a0\u00bb custom_margin_phone=\u00a0\u00bb20px|20px||20px|false|true\u00a0\u00bb custom_margin_last_edited=\u00a0\u00bbon|desktop\u00a0\u00bb custom_padding=\u00a0\u00bb100px|0px|0px|||\u00a0\u00bb custom_padding_tablet=\u00a0\u00bb40px||||false|false\u00a0\u00bb custom_padding_phone=\u00a0\u00bb\u00a0\u00bb border_radii_phone=\u00a0\u00bbon|20px|20px|20px|20px\u00a0\u00bb border_radii_last_edited=\u00a0\u00bboff|desktop\u00a0\u00bb locked=\u00a0\u00bboff\u00a0\u00bb global_colors_info=\u00a0\u00bb{}\u00a0\u00bb][et_pb_row use_custom_gutter=\u00a0\u00bbon\u00a0\u00bb make_equal=\u00a0\u00bbon\u00a0\u00bb custom_padding_last_edited=\u00a0\u00bbon|tablet\u00a0\u00bb _builder_version=\u00a0\u00bb4.27.4&Prime; background_enable_color=\u00a0\u00bboff\u00a0\u00bb background_image=\u00a0\u00bbhttps:\/\/www.ummto.dz\/fgei\/wp-content\/uploads\/2025\/05\/psychologist-03.jpg\u00a0\u00bb parallax=\u00a0\u00bbon\u00a0\u00bb transform_scale_tablet=\u00a0\u00bb\u00a0\u00bb transform_scale_phone=\u00a0\u00bb\u00a0\u00bb transform_scale_last_edited=\u00a0\u00bbon|desktop\u00a0\u00bb transform_translate=\u00a0\u00bb30px|0px\u00a0\u00bb transform_translate_tablet=\u00a0\u00bb0px|0px\u00a0\u00bb transform_translate_phone=\u00a0\u00bb\u00a0\u00bb transform_translate_last_edited=\u00a0\u00bbon|tablet\u00a0\u00bb transform_translate_linked=\u00a0\u00bboff\u00a0\u00bb transform_rotate_tablet=\u00a0\u00bb\u00a0\u00bb transform_rotate_phone=\u00a0\u00bb\u00a0\u00bb transform_rotate_last_edited=\u00a0\u00bbon|desktop\u00a0\u00bb transform_skew_tablet=\u00a0\u00bb\u00a0\u00bb transform_skew_phone=\u00a0\u00bb\u00a0\u00bb transform_skew_last_edited=\u00a0\u00bbon|desktop\u00a0\u00bb transform_origin_tablet=\u00a0\u00bb\u00a0\u00bb transform_origin_phone=\u00a0\u00bb\u00a0\u00bb transform_origin_last_edited=\u00a0\u00bbon|desktop\u00a0\u00bb width=\u00a0\u00bb100%\u00a0\u00bb width_tablet=\u00a0\u00bb90%\u00a0\u00bb width_phone=\u00a0\u00bb\u00a0\u00bb width_last_edited=\u00a0\u00bbon|desktop\u00a0\u00bb max_width=\u00a0\u00bb1200px\u00a0\u00bb module_alignment=\u00a0\u00bbcenter\u00a0\u00bb custom_margin=\u00a0\u00bb100px||||false|false\u00a0\u00bb custom_padding=\u00a0\u00bb43px|0px|43px|140px|false|false\u00a0\u00bb custom_padding_tablet=\u00a0\u00bb60px||60px||true|true\u00a0\u00bb custom_padding_phone=\u00a0\u00bb40px|20px|40px|20px|true|true\u00a0\u00bb box_shadow_style=\u00a0\u00bbpreset3&Prime; box_shadow_vertical=\u00a0\u00bb40px\u00a0\u00bb box_shadow_blur=\u00a0\u00bb110px\u00a0\u00bb box_shadow_spread=\u00a0\u00bb0px\u00a0\u00bb box_shadow_color=\u00a0\u00bbrgba(9,6,38,0.62)\u00a0\u00bb global_colors_info=\u00a0\u00bb{}\u00a0\u00bb][et_pb_column type=\u00a0\u00bb4_4&Prime; _builder_version=\u00a0\u00bb4.16&Prime; global_colors_info=\u00a0\u00bb{}\u00a0\u00bb][et_pb_text _builder_version=\u00a0\u00bb4.27.4&Prime; text_font_size=\u00a0\u00bb16px\u00a0\u00bb text_line_height=\u00a0\u00bb1.8em\u00a0\u00bb header_font=\u00a0\u00bbTaviraj||||||||\u00a0\u00bb header_text_align=\u00a0\u00bbleft\u00a0\u00bb header_letter_spacing=\u00a0\u00bb3px\u00a0\u00bb header_line_height=\u00a0\u00bb1.2em\u00a0\u00bb max_width=\u00a0\u00bb600px\u00a0\u00bb module_alignment=\u00a0\u00bbleft\u00a0\u00bb custom_margin=\u00a0\u00bb0px|0px|||false|false\u00a0\u00bb custom_padding=\u00a0\u00bb||0px|200px|false|false\u00a0\u00bb hover_enabled=\u00a0\u00bb0&Prime; text_font_size_tablet=\u00a0\u00bb16px\u00a0\u00bb text_font_size_phone=\u00a0\u00bb15px\u00a0\u00bb text_font_size_last_edited=\u00a0\u00bbon|desktop\u00a0\u00bb header_font_size_tablet=\u00a0\u00bb40px\u00a0\u00bb header_font_size_phone=\u00a0\u00bb26px\u00a0\u00bb header_font_size_last_edited=\u00a0\u00bbon|desktop\u00a0\u00bb global_colors_info=\u00a0\u00bb{}\u00a0\u00bb header_font_size=\u00a0\u00bb25px\u00a0\u00bb sticky_enabled=\u00a0\u00bb0&Prime;]<\/p>\n<h1 style=\"text-align: center;\"><span><span style=\"color: #333333;\">Vice rectorat charg\u00e9 de la p\u00e9dagogie<\/span><\/span><\/h1>\n<p>[\/et_pb_text][\/et_pb_column][\/et_pb_row][et_pb_row use_custom_gutter=\u00a0\u00bbon\u00a0\u00bb make_equal=\u00a0\u00bbon\u00a0\u00bb _builder_version=\u00a0\u00bb4.27.4&Prime; _module_preset=\u00a0\u00bbdefault\u00a0\u00bb width=\u00a0\u00bb100%\u00a0\u00bb max_width=\u00a0\u00bb1161px\u00a0\u00bb module_alignment=\u00a0\u00bbcenter\u00a0\u00bb locked=\u00a0\u00bboff\u00a0\u00bb global_colors_info=\u00a0\u00bb{}\u00a0\u00bb][et_pb_column type=\u00a0\u00bb4_4&Prime; _builder_version=\u00a0\u00bb4.27.4&Prime; _module_preset=\u00a0\u00bbdefault\u00a0\u00bb global_colors_info=\u00a0\u00bb{}\u00a0\u00bb][et_pb_menu menu_id=\u00a0\u00bb2&Prime; menu_style=\u00a0\u00bbcentered\u00a0\u00bb active_link_color=\u00a0\u00bb#000000&Prime; dropdown_menu_line_color=\u00a0\u00bb#166611&Prime; logo_width=\u00a0\u00bb100%\u00a0\u00bb logo_height=\u00a0\u00bb200px\u00a0\u00bb logo_max_height=\u00a0\u00bb200px\u00a0\u00bb show_search_icon=\u00a0\u00bbon\u00a0\u00bb logo_width_tablet=\u00a0\u00bb100%\u00a0\u00bb logo_width_phone=\u00a0\u00bb100%\u00a0\u00bb logo_width_last_edited=\u00a0\u00bbon|tablet\u00a0\u00bb _builder_version=\u00a0\u00bb4.27.4&Prime; _module_preset=\u00a0\u00bbdefault\u00a0\u00bb menu_font=\u00a0\u00bbTaviraj|600|||||||\u00a0\u00bb menu_text_color=\u00a0\u00bb#000000&Prime; width=\u00a0\u00bb100%\u00a0\u00bb max_width=\u00a0\u00bb100%\u00a0\u00bb module_alignment=\u00a0\u00bbcenter\u00a0\u00bb custom_margin=\u00a0\u00bb0px|-23px|0px||false|false\u00a0\u00bb custom_margin_tablet=\u00a0\u00bb||||false|false\u00a0\u00bb custom_margin_phone=\u00a0\u00bb||||false|false\u00a0\u00bb custom_margin_last_edited=\u00a0\u00bbon|tablet\u00a0\u00bb custom_padding=\u00a0\u00bb15px||15px|0px|false|false\u00a0\u00bb hover_enabled=\u00a0\u00bb0&Prime; box_shadow_style=\u00a0\u00bbpreset1&Prime; locked=\u00a0\u00bboff\u00a0\u00bb global_colors_info=\u00a0\u00bb{}\u00a0\u00bb min_height__hover_enabled=\u00a0\u00bbon|desktop\u00a0\u00bb sticky_enabled=\u00a0\u00bb0&Prime;][\/et_pb_menu][\/et_pb_column][\/et_pb_row][\/et_pb_section][et_pb_section fb_built=\u00a0\u00bb1&Prime; _builder_version=\u00a0\u00bb4.16&Prime; _module_preset=\u00a0\u00bbdefault\u00a0\u00bb custom_padding=\u00a0\u00bb30px|||||\u00a0\u00bb global_colors_info=\u00a0\u00bb{}\u00a0\u00bb][et_pb_row _builder_version=\u00a0\u00bb4.27.0&Prime; _module_preset=\u00a0\u00bbdefault\u00a0\u00bb box_shadow_style=\u00a0\u00bbpreset1&Prime; box_shadow_color=\u00a0\u00bb#b5b5b5&Prime; global_colors_info=\u00a0\u00bb{}\u00a0\u00bb][et_pb_column type=\u00a0\u00bb4_4&Prime; _builder_version=\u00a0\u00bb4.16&Prime; _module_preset=\u00a0\u00bbdefault\u00a0\u00bb global_colors_info=\u00a0\u00bb{}\u00a0\u00bb][et_pb_text _builder_version=\u00a0\u00bb4.27.4&Prime; _module_preset=\u00a0\u00bbdefault\u00a0\u00bb module_alignment=\u00a0\u00bbcenter\u00a0\u00bb custom_padding=\u00a0\u00bb|20px||20px|false|false\u00a0\u00bb hover_enabled=\u00a0\u00bb0&Prime; global_colors_info=\u00a0\u00bb{}\u00a0\u00bb sticky_enabled=\u00a0\u00bb0&Prime;]<\/p>\n<p>&nbsp;<\/p>\n<p><span style=\"color: #993300;\"><strong><\/strong><\/span><\/p>\n<p><span style=\"color: #993300;\"><strong><\/strong><\/span><\/p>\n<h1 style=\"text-align: center;\"><span style=\"color: #008000;\"><strong>Comptes rendus de sorties p\u00e9dagogiques<\/strong><\/span><\/h1>\n<p style=\"text-align: justify;\"><span style=\"color: #000000;\">Compte rendu de sortie p\u00e9dagogique effectu\u00e9e le 8 novembre 2021 sur le barrage Tichi Haf ainsi que sur la station de traitement du barrage Tichi Haf<\/span><\/p>\n<p style=\"text-align: justify;\"><span style=\"color: #000000;\">La sortie a \u00e9t\u00e9 effectu\u00e9e par les \u00e9tudiants en Master M1 &amp; M2 en Constructions Hydrauliques et Am\u00e9nagements ainsi que par les \u00e9tudiants en Master M2 en Ouvrages Hydrauliques.<\/span><\/p>\n<p><span style=\"color: #000000;\"><strong>La sortie a \u00e9t\u00e9 encadr\u00e9e par les enseignants suivants :<\/strong><\/span><br \/><span style=\"color: #000000;\">\u2013 BOUZELHA Karima, Professeure \u00e0 l\u2019universit\u00e9 Mouloud Mammeri de Tizi Ouzou<\/span><br \/><span style=\"color: #000000;\">\u2013 DJEMAI Mohammed, Professeur \u00e0 l\u2019universit\u00e9 Mouloud Mammeri de Tizi Ouzou<\/span><br \/><span style=\"color: #000000;\">\u2013 HAMMOUM Hocine, Professeur \u00e0 l\u2019universit\u00e9 Mouloud Mammeri de Tizi Ouzou<\/span><br \/><span style=\"color: #000000;\">\u2013 ALICHE Amar, Maitre de conf\u00e9rences \u00e0 l\u2019universit\u00e9 Mouloud Mammeri de Tizi Ouzou<\/span><br \/><span style=\"color: #000000;\">\u2013 KHELIL Nacim, Maitre de conf\u00e9rences \u00e0 l\u2019universit\u00e9 Mouloud Mammeri de Tizi Ouzou<\/span><\/p>\n<p><a href=\"https:\/\/www.ummto.dz\/vrp\/wp-content\/uploads\/Genie-civil-Compte-rendu-de-sortie-du-08-Nov-2021.pdf\" target=\"_blank\" rel=\"noopener\"><span style=\"color: #ff0000;\"><strong>&lt;&lt; T\u00e9l\u00e9chargez le compte rendu ici &gt;&gt;<\/strong><\/span><\/a><\/p>\n<p>[\/et_pb_text][et_pb_text _builder_version=\u00a0\u00bb4.27.0&Prime; _module_preset=\u00a0\u00bbdefault\u00a0\u00bb module_alignment=\u00a0\u00bbcenter\u00a0\u00bb custom_padding=\u00a0\u00bb|20px||20px|false|false\u00a0\u00bb global_colors_info=\u00a0\u00bb{}\u00a0\u00bb]<\/p>\n<p><span style=\"color: #000000;\">Compte rendu de sortie p\u00e9dagogique effectu\u00e9e le 13 D\u00e9c. 2021 sur les ouvrages hydrauliques (Station de pompage et Barrages) de la daira de Draa El Mizan.<\/span><br \/><span style=\"color: #000000;\">La sortie a \u00e9t\u00e9 effectu\u00e9e par les \u00e9tudiants en Master M2 en Constructions Hydrauliques et Am\u00e9nagements ainsi que par les \u00e9tudiants en Master M2 en Ouvrages Hydrauliques.<\/span><\/p>\n<p><span style=\"color: #000000;\"><strong>La sortie a \u00e9t\u00e9 encadr\u00e9e par les enseignants suivants :<\/strong><\/span><br \/><span style=\"color: #000000;\">\u2013 BOUZELHA Karima, Professeure \u00e0 l\u2019universit\u00e9 Mouloud Mammeri de Tizi Ouzou<\/span><br \/><span style=\"color: #000000;\">\u2013 DJEMAI Mohammed, Professeur \u00e0 l\u2019universit\u00e9 Mouloud Mammeri de Tizi Ouzou<\/span><br \/><span style=\"color: #000000;\">\u2013 HAMMOUM Hocine, Professeur \u00e0 l\u2019universit\u00e9 Mouloud Mammeri de Tizi Ouzou<\/span><br \/><span style=\"color: #000000;\">\u2013 ALICHE Amar, Maitre de conf\u00e9rences \u00e0 l\u2019universit\u00e9 Mouloud Mammeri de Tizi Ouzou<\/span><br \/><span style=\"color: #000000;\">\u2013 KHELIL Nacim, Maitre de conf\u00e9rences \u00e0 l\u2019universit\u00e9 Mouloud Mammeri de Tizi Ouzou<\/span><\/p>\n<p><span style=\"color: #e02b20;\"><a href=\"https:\/\/www.ummto.dz\/vrp\/wp-content\/uploads\/Genie-civil-Compte-rendu-de-sortie-du-13-Dec-2021.pdf\" target=\"_blank\" rel=\"noopener\" style=\"color: #e02b20;\"><strong>&lt;&lt; T\u00e9l\u00e9chargez le compte rendu ici &gt;&gt;<\/strong><\/a><\/span><\/p>\n<p>[\/et_pb_text][et_pb_text _builder_version=\u00a0\u00bb4.27.0&Prime; _module_preset=\u00a0\u00bbdefault\u00a0\u00bb custom_padding=\u00a0\u00bb|20px||20px|false|false\u00a0\u00bb global_colors_info=\u00a0\u00bb{}\u00a0\u00bb]<\/p>\n<p>&nbsp;<\/p>\n<p><span style=\"color: #000000;\">Compte rendu de sortie p\u00e9dagogique effectu\u00e9e le 08 Mars 2023 sur le barrage LEKHEL (Bouira).<\/span><\/p>\n<p><span style=\"color: #000000;\">La sortie a \u00e9t\u00e9 effectu\u00e9e par les \u00e9tudiants en Master M2 en Constructions Hydrauliques et Am\u00e9nagements.<\/span><\/p>\n<p><span style=\"color: #000000;\"><strong>La sortie a \u00e9t\u00e9 encadr\u00e9e par les enseignants suivants :<\/strong><\/span><br \/><span style=\"color: #000000;\">\u2013 BOUZELHA Karima, Professeure \u00e0 l\u2019universit\u00e9 Mouloud Mammeri de Tizi Ouzou<\/span><br \/><span style=\"color: #000000;\">\u2013 DJEMAI Mohammed, Professeur \u00e0 l\u2019universit\u00e9 Mouloud Mammeri de Tizi Ouzou<\/span><br \/><span style=\"color: #000000;\">\u2013 HAMMOUM Hocine, Professeur \u00e0 l\u2019universit\u00e9 Mouloud Mammeri de Tizi Ouzou<\/span><br \/><span style=\"color: #000000;\">\u2013 ALICHE Amar, Maitre de conf\u00e9rences \u00e0 l\u2019universit\u00e9 Mouloud Mammeri de Tizi Ouzou<\/span><br \/><span style=\"color: #000000;\">\u2013 KHELIL Nacim, Maitre de conf\u00e9rences \u00e0 l\u2019universit\u00e9 Mouloud Mammeri de Tizi Ouzou<\/span><\/p>\n<p><span style=\"color: #e02b20;\"><a href=\"https:\/\/www.ummto.dz\/vrp\/wp-content\/uploads\/Compte-rendu-de-sortie-Barrage-LEKHEL-8-Mars-2023.pdf\" target=\"_blank\" rel=\"noopener\" style=\"color: #e02b20;\"><strong>&lt;&lt; T\u00e9l\u00e9chargez le compte rendu ici &gt;&gt;<\/strong><\/a><\/span><\/p>\n<p>&nbsp;<\/p>\n<p>&nbsp;<\/p>\n<p>[\/et_pb_text][\/et_pb_column][\/et_pb_row][\/et_pb_section]<\/p>\n","protected":false},"excerpt":{"rendered":"<p>Vice rectorat charg\u00e9 de la p\u00e9dagogie&nbsp; Comptes rendus de sorties p\u00e9dagogiques Compte rendu de sortie p\u00e9dagogique effectu\u00e9e le 8 novembre 2021 sur le barrage Tichi Haf ainsi que sur la station de traitement du barrage Tichi Haf La sortie a \u00e9t\u00e9 effectu\u00e9e par les \u00e9tudiants en Master M1 &amp; M2 en Constructions Hydrauliques et Am\u00e9nagements [&hellip;]<\/p>\n","protected":false},"author":1,"featured_media":0,"parent":0,"menu_order":0,"comment_status":"closed","ping_status":"closed","template":"","meta":{"_et_pb_use_builder":"on","_et_pb_old_content":"","_et_gb_content_width":"","footnotes":""},"class_list":["post-2284","page","type-page","status-publish","hentry"],"translation":{"provider":"WPGlobus","version":"3.0.1","language":"fr","enabled_languages":["en","fr","ar","gb"],"languages":{"en":{"title":true,"content":true,"excerpt":false},"fr":{"title":false,"content":false,"excerpt":false},"ar":{"title":false,"content":false,"excerpt":false},"gb":{"title":false,"content":false,"excerpt":false}}},"yoast_head":"<!-- This site is optimized with the Yoast SEO plugin v26.7 - https:\/\/yoast.com\/wordpress\/plugins\/seo\/ -->\n<title>VRP - Comptes rendus de sorties p\u00e9dagogiques - Vice-Rectorat charg\u00e9 de la p\u00e9dagogie<\/title>\n<meta name=\"robots\" content=\"index, follow, max-snippet:-1, max-image-preview:large, max-video-preview:-1\" \/>\n<link rel=\"canonical\" href=\"https:\/\/www.ummto.dz\/vrp\/vrp-comptes-rendus-de-sorties-pedagogiques\/\" \/>\n<meta property=\"og:locale\" content=\"fr_FR\" \/>\n<meta property=\"og:type\" content=\"article\" \/>\n<meta property=\"og:title\" content=\"VRP - Comptes rendus de sorties p\u00e9dagogiques - Vice-Rectorat charg\u00e9 de la p\u00e9dagogie\" \/>\n<meta property=\"og:url\" content=\"https:\/\/www.ummto.dz\/vrp\/vrp-comptes-rendus-de-sorties-pedagogiques\/\" \/>\n<meta property=\"og:site_name\" content=\"Vice-Rectorat charg\u00e9 de la p\u00e9dagogie\" \/>\n<meta property=\"article:modified_time\" content=\"2025-06-17T12:05:12+00:00\" \/>\n<meta name=\"twitter:card\" content=\"summary_large_image\" \/>\n<meta name=\"twitter:label1\" content=\"Dur\u00e9e de lecture estim\u00e9e\" \/>\n\t<meta name=\"twitter:data1\" content=\"5 minutes\" \/>\n<script type=\"application\/ld+json\" class=\"yoast-schema-graph\">{\"@context\":\"https:\/\/schema.org\",\"@graph\":[{\"@type\":\"WebPage\",\"@id\":\"https:\/\/www.ummto.dz\/vrp\/vrp-comptes-rendus-de-sorties-pedagogiques\/\",\"url\":\"https:\/\/www.ummto.dz\/vrp\/vrp-comptes-rendus-de-sorties-pedagogiques\/\",\"name\":\"VRP - Comptes rendus de sorties p\u00e9dagogiques - Vice-Rectorat charg\u00e9 de la p\u00e9dagogie\",\"isPartOf\":{\"@id\":\"https:\/\/www.ummto.dz\/vrp\/fr\/#website\"},\"datePublished\":\"2022-05-15T13:08:05+00:00\",\"dateModified\":\"2025-06-17T12:05:12+00:00\",\"inLanguage\":\"fr-FR\",\"potentialAction\":[{\"@type\":\"ReadAction\",\"target\":[\"https:\/\/www.ummto.dz\/vrp\/vrp-comptes-rendus-de-sorties-pedagogiques\/\"]}]},{\"@type\":\"WebSite\",\"@id\":\"https:\/\/www.ummto.dz\/vrp\/fr\/#website\",\"url\":\"https:\/\/www.ummto.dz\/vrp\/fr\/\",\"name\":\"Vice-Rectorat charg\u00e9 de la p\u00e9dagogie\",\"description\":\"Vice-Rectorat charg\u00e9 de la p\u00e9dagogie\",\"potentialAction\":[{\"@type\":\"SearchAction\",\"target\":{\"@type\":\"EntryPoint\",\"urlTemplate\":\"https:\/\/www.ummto.dz\/vrp\/fr\/?s={search_term_string}\"},\"query-input\":{\"@type\":\"PropertyValueSpecification\",\"valueRequired\":true,\"valueName\":\"search_term_string\"}}],\"inLanguage\":\"fr-FR\"}]}<\/script>\n<!-- \/ Yoast SEO plugin. -->","yoast_head_json":{"title":"VRP - Comptes rendus de sorties p\u00e9dagogiques - Vice-Rectorat charg\u00e9 de la p\u00e9dagogie","robots":{"index":"index","follow":"follow","max-snippet":"max-snippet:-1","max-image-preview":"max-image-preview:large","max-video-preview":"max-video-preview:-1"},"canonical":"https:\/\/www.ummto.dz\/vrp\/vrp-comptes-rendus-de-sorties-pedagogiques\/","og_locale":"fr_FR","og_type":"article","og_title":"VRP - Comptes rendus de sorties p\u00e9dagogiques - Vice-Rectorat charg\u00e9 de la p\u00e9dagogie","og_url":"https:\/\/www.ummto.dz\/vrp\/vrp-comptes-rendus-de-sorties-pedagogiques\/","og_site_name":"Vice-Rectorat charg\u00e9 de la p\u00e9dagogie","article_modified_time":"2025-06-17T12:05:12+00:00","twitter_card":"summary_large_image","twitter_misc":{"Dur\u00e9e de lecture estim\u00e9e":"5 minutes"},"schema":{"@context":"https:\/\/schema.org","@graph":[{"@type":"WebPage","@id":"https:\/\/www.ummto.dz\/vrp\/vrp-comptes-rendus-de-sorties-pedagogiques\/","url":"https:\/\/www.ummto.dz\/vrp\/vrp-comptes-rendus-de-sorties-pedagogiques\/","name":"VRP - Comptes rendus de sorties p\u00e9dagogiques - Vice-Rectorat charg\u00e9 de la p\u00e9dagogie","isPartOf":{"@id":"https:\/\/www.ummto.dz\/vrp\/fr\/#website"},"datePublished":"2022-05-15T13:08:05+00:00","dateModified":"2025-06-17T12:05:12+00:00","inLanguage":"fr-FR","potentialAction":[{"@type":"ReadAction","target":["https:\/\/www.ummto.dz\/vrp\/vrp-comptes-rendus-de-sorties-pedagogiques\/"]}]},{"@type":"WebSite","@id":"https:\/\/www.ummto.dz\/vrp\/fr\/#website","url":"https:\/\/www.ummto.dz\/vrp\/fr\/","name":"Vice-Rectorat charg\u00e9 de la p\u00e9dagogie","description":"Vice-Rectorat charg\u00e9 de la p\u00e9dagogie","potentialAction":[{"@type":"SearchAction","target":{"@type":"EntryPoint","urlTemplate":"https:\/\/www.ummto.dz\/vrp\/fr\/?s={search_term_string}"},"query-input":{"@type":"PropertyValueSpecification","valueRequired":true,"valueName":"search_term_string"}}],"inLanguage":"fr-FR"}]}},"_links":{"self":[{"href":"https:\/\/www.ummto.dz\/vrp\/fr\/wp-json\/wp\/v2\/pages\/2284","targetHints":{"allow":["GET"]}}],"collection":[{"href":"https:\/\/www.ummto.dz\/vrp\/fr\/wp-json\/wp\/v2\/pages"}],"about":[{"href":"https:\/\/www.ummto.dz\/vrp\/fr\/wp-json\/wp\/v2\/types\/page"}],"author":[{"embeddable":true,"href":"https:\/\/www.ummto.dz\/vrp\/fr\/wp-json\/wp\/v2\/users\/1"}],"replies":[{"embeddable":true,"href":"https:\/\/www.ummto.dz\/vrp\/fr\/wp-json\/wp\/v2\/comments?post=2284"}],"version-history":[{"count":15,"href":"https:\/\/www.ummto.dz\/vrp\/fr\/wp-json\/wp\/v2\/pages\/2284\/revisions"}],"predecessor-version":[{"id":6917,"href":"https:\/\/www.ummto.dz\/vrp\/fr\/wp-json\/wp\/v2\/pages\/2284\/revisions\/6917"}],"wp:attachment":[{"href":"https:\/\/www.ummto.dz\/vrp\/fr\/wp-json\/wp\/v2\/media?parent=2284"}],"curies":[{"name":"wp","href":"https:\/\/api.w.org\/{rel}","templated":true}]}}