{"id":2318,"date":"2022-05-16T12:55:25","date_gmt":"2022-05-16T11:55:25","guid":{"rendered":"https:\/\/www.ummto.dz\/vrp\/?page_id=2318"},"modified":"2025-06-23T14:57:22","modified_gmt":"2025-06-23T13:57:22","slug":"vrp-imprimes-pour-etudiants-a-telecharger","status":"publish","type":"page","link":"https:\/\/www.ummto.dz\/vrp\/fr\/vrp-imprimes-pour-etudiants-a-telecharger\/","title":{"rendered":"VRP&#8211; Imprim\u00e9s pour \u00e9tudiants a telecharger"},"content":{"rendered":"<p>[et_pb_section fb_built=\u00a0\u00bb1&Prime; custom_padding_last_edited=\u00a0\u00bbon|desktop\u00a0\u00bb admin_label=\u00a0\u00bbHeader\u00a0\u00bb _builder_version=\u00a0\u00bb4.27.4&Prime; background_image=\u00a0\u00bbhttps:\/\/www.ummto.dz\/vrp\/wp-content\/uploads\/tree-838666_1280-300&#215;198.webp\u00a0\u00bb parallax=\u00a0\u00bbon\u00a0\u00bb custom_margin=\u00a0\u00bb0px||||false|false\u00a0\u00bb custom_margin_tablet=\u00a0\u00bb\u00a0\u00bb custom_margin_phone=\u00a0\u00bb20px|20px||20px|false|true\u00a0\u00bb custom_margin_last_edited=\u00a0\u00bbon|desktop\u00a0\u00bb custom_padding=\u00a0\u00bb100px|0px|0px|||\u00a0\u00bb custom_padding_tablet=\u00a0\u00bb40px||||false|false\u00a0\u00bb custom_padding_phone=\u00a0\u00bb\u00a0\u00bb border_radii_phone=\u00a0\u00bbon|20px|20px|20px|20px\u00a0\u00bb border_radii_last_edited=\u00a0\u00bboff|desktop\u00a0\u00bb locked=\u00a0\u00bboff\u00a0\u00bb global_colors_info=\u00a0\u00bb{}\u00a0\u00bb][et_pb_row use_custom_gutter=\u00a0\u00bbon\u00a0\u00bb make_equal=\u00a0\u00bbon\u00a0\u00bb custom_padding_last_edited=\u00a0\u00bbon|tablet\u00a0\u00bb _builder_version=\u00a0\u00bb4.27.4&Prime; background_enable_color=\u00a0\u00bboff\u00a0\u00bb background_image=\u00a0\u00bbhttps:\/\/www.ummto.dz\/fgei\/wp-content\/uploads\/2025\/05\/psychologist-03.jpg\u00a0\u00bb parallax=\u00a0\u00bbon\u00a0\u00bb transform_scale_tablet=\u00a0\u00bb\u00a0\u00bb transform_scale_phone=\u00a0\u00bb\u00a0\u00bb transform_scale_last_edited=\u00a0\u00bbon|desktop\u00a0\u00bb transform_translate=\u00a0\u00bb30px|0px\u00a0\u00bb transform_translate_tablet=\u00a0\u00bb0px|0px\u00a0\u00bb transform_translate_phone=\u00a0\u00bb\u00a0\u00bb transform_translate_last_edited=\u00a0\u00bbon|tablet\u00a0\u00bb transform_translate_linked=\u00a0\u00bboff\u00a0\u00bb transform_rotate_tablet=\u00a0\u00bb\u00a0\u00bb transform_rotate_phone=\u00a0\u00bb\u00a0\u00bb transform_rotate_last_edited=\u00a0\u00bbon|desktop\u00a0\u00bb transform_skew_tablet=\u00a0\u00bb\u00a0\u00bb transform_skew_phone=\u00a0\u00bb\u00a0\u00bb transform_skew_last_edited=\u00a0\u00bbon|desktop\u00a0\u00bb transform_origin_tablet=\u00a0\u00bb\u00a0\u00bb transform_origin_phone=\u00a0\u00bb\u00a0\u00bb transform_origin_last_edited=\u00a0\u00bbon|desktop\u00a0\u00bb width=\u00a0\u00bb100%\u00a0\u00bb width_tablet=\u00a0\u00bb90%\u00a0\u00bb width_phone=\u00a0\u00bb\u00a0\u00bb width_last_edited=\u00a0\u00bbon|desktop\u00a0\u00bb max_width=\u00a0\u00bb1200px\u00a0\u00bb module_alignment=\u00a0\u00bbcenter\u00a0\u00bb custom_margin=\u00a0\u00bb100px||||false|false\u00a0\u00bb custom_padding=\u00a0\u00bb43px|0px|43px|140px|false|false\u00a0\u00bb custom_padding_tablet=\u00a0\u00bb60px||60px||true|true\u00a0\u00bb custom_padding_phone=\u00a0\u00bb40px|20px|40px|20px|true|true\u00a0\u00bb box_shadow_style=\u00a0\u00bbpreset3&Prime; box_shadow_vertical=\u00a0\u00bb40px\u00a0\u00bb box_shadow_blur=\u00a0\u00bb110px\u00a0\u00bb box_shadow_spread=\u00a0\u00bb0px\u00a0\u00bb box_shadow_color=\u00a0\u00bbrgba(9,6,38,0.62)\u00a0\u00bb global_colors_info=\u00a0\u00bb{}\u00a0\u00bb][et_pb_column type=\u00a0\u00bb4_4&Prime; _builder_version=\u00a0\u00bb4.16&Prime; global_colors_info=\u00a0\u00bb{}\u00a0\u00bb][et_pb_text _builder_version=\u00a0\u00bb4.27.4&Prime; text_font_size=\u00a0\u00bb16px\u00a0\u00bb text_line_height=\u00a0\u00bb1.8em\u00a0\u00bb header_font=\u00a0\u00bbTaviraj||||||||\u00a0\u00bb header_text_align=\u00a0\u00bbleft\u00a0\u00bb header_font_size=\u00a0\u00bb25px\u00a0\u00bb header_letter_spacing=\u00a0\u00bb3px\u00a0\u00bb header_line_height=\u00a0\u00bb1.2em\u00a0\u00bb max_width=\u00a0\u00bb600px\u00a0\u00bb module_alignment=\u00a0\u00bbleft\u00a0\u00bb custom_margin=\u00a0\u00bb0px|0px|||false|false\u00a0\u00bb custom_padding=\u00a0\u00bb||0px|200px|false|false\u00a0\u00bb text_font_size_tablet=\u00a0\u00bb16px\u00a0\u00bb text_font_size_phone=\u00a0\u00bb15px\u00a0\u00bb text_font_size_last_edited=\u00a0\u00bbon|desktop\u00a0\u00bb header_font_size_tablet=\u00a0\u00bb40px\u00a0\u00bb header_font_size_phone=\u00a0\u00bb26px\u00a0\u00bb header_font_size_last_edited=\u00a0\u00bbon|desktop\u00a0\u00bb global_colors_info=\u00a0\u00bb{}\u00a0\u00bb]<\/p>\n<h1 style=\"text-align: center\"><span><span style=\"color: #333333\">Vice rectorat charg\u00e9 de la p\u00e9dagogie<\/span><\/span><\/h1>\n<p>[\/et_pb_text][\/et_pb_column][\/et_pb_row][et_pb_row use_custom_gutter=\u00a0\u00bbon\u00a0\u00bb make_equal=\u00a0\u00bbon\u00a0\u00bb _builder_version=\u00a0\u00bb4.27.4&Prime; _module_preset=\u00a0\u00bbdefault\u00a0\u00bb width=\u00a0\u00bb100%\u00a0\u00bb max_width=\u00a0\u00bb1161px\u00a0\u00bb module_alignment=\u00a0\u00bbcenter\u00a0\u00bb locked=\u00a0\u00bboff\u00a0\u00bb global_colors_info=\u00a0\u00bb{}\u00a0\u00bb][et_pb_column type=\u00a0\u00bb4_4&Prime; _builder_version=\u00a0\u00bb4.27.4&Prime; _module_preset=\u00a0\u00bbdefault\u00a0\u00bb global_colors_info=\u00a0\u00bb{}\u00a0\u00bb][et_pb_menu menu_id=\u00a0\u00bb2&Prime; menu_style=\u00a0\u00bbcentered\u00a0\u00bb active_link_color=\u00a0\u00bb#000000&Prime; dropdown_menu_line_color=\u00a0\u00bb#166611&Prime; logo_width=\u00a0\u00bb100%\u00a0\u00bb logo_height=\u00a0\u00bb200px\u00a0\u00bb logo_max_height=\u00a0\u00bb200px\u00a0\u00bb show_search_icon=\u00a0\u00bbon\u00a0\u00bb logo_width_tablet=\u00a0\u00bb100%\u00a0\u00bb logo_width_phone=\u00a0\u00bb100%\u00a0\u00bb logo_width_last_edited=\u00a0\u00bbon|tablet\u00a0\u00bb _builder_version=\u00a0\u00bb4.27.4&Prime; _module_preset=\u00a0\u00bbdefault\u00a0\u00bb menu_font=\u00a0\u00bbTaviraj|600|||||||\u00a0\u00bb menu_text_color=\u00a0\u00bb#000000&Prime; width=\u00a0\u00bb100%\u00a0\u00bb max_width=\u00a0\u00bb100%\u00a0\u00bb module_alignment=\u00a0\u00bbcenter\u00a0\u00bb custom_margin=\u00a0\u00bb0px|-23px|0px||false|false\u00a0\u00bb custom_margin_tablet=\u00a0\u00bb||||false|false\u00a0\u00bb custom_margin_phone=\u00a0\u00bb||||false|false\u00a0\u00bb custom_margin_last_edited=\u00a0\u00bbon|tablet\u00a0\u00bb custom_padding=\u00a0\u00bb15px||15px|0px|false|false\u00a0\u00bb box_shadow_style=\u00a0\u00bbpreset1&Prime; locked=\u00a0\u00bboff\u00a0\u00bb global_colors_info=\u00a0\u00bb{}\u00a0\u00bb min_height__hover_enabled=\u00a0\u00bbon|desktop\u00a0\u00bb][\/et_pb_menu][\/et_pb_column][\/et_pb_row][\/et_pb_section][et_pb_section fb_built=\u00a0\u00bb1&Prime; _builder_version=\u00a0\u00bb4.16&Prime; _module_preset=\u00a0\u00bbdefault\u00a0\u00bb custom_padding=\u00a0\u00bb15px|||||\u00a0\u00bb global_colors_info=\u00a0\u00bb{}\u00a0\u00bb][et_pb_row _builder_version=\u00a0\u00bb4.27.0&Prime; _module_preset=\u00a0\u00bbdefault\u00a0\u00bb box_shadow_style=\u00a0\u00bbpreset1&Prime; box_shadow_color=\u00a0\u00bb#a3a3a3&Prime; global_colors_info=\u00a0\u00bb{}\u00a0\u00bb][et_pb_column type=\u00a0\u00bb4_4&Prime; _builder_version=\u00a0\u00bb4.16&Prime; _module_preset=\u00a0\u00bbdefault\u00a0\u00bb global_colors_info=\u00a0\u00bb{}\u00a0\u00bb][et_pb_text _builder_version=\u00a0\u00bb4.27.4&Prime; _module_preset=\u00a0\u00bbdefault\u00a0\u00bb custom_padding=\u00a0\u00bb|20px||20px|false|false\u00a0\u00bb hover_enabled=\u00a0\u00bb0&Prime; global_colors_info=\u00a0\u00bb{}\u00a0\u00bb sticky_enabled=\u00a0\u00bb0&Prime;]<\/p>\n<h1 style=\"text-align: center\"><span class=\"Style113\"><span style=\"color: #000080\"><strong><span class=\"Style117\"><span style=\"color: #993300\"><\/span><\/span><\/strong><\/span><\/span><\/h1>\n<h1 style=\"text-align: center\"><span class=\"Style113\"><span style=\"color: #000080\"><strong><span class=\"Style117\"><span style=\"color: #993300\"><\/span><\/span><\/strong><\/span><\/span><\/h1>\n<h1 style=\"text-align: center\"><span class=\"Style113\"><span style=\"color: #000080\"><strong><span class=\"Style117\"><span style=\"color: #993300\"><\/span><\/span><\/strong><\/span><\/span><\/h1>\n<h1 style=\"text-align: center\"><span class=\"Style113\"><span style=\"color: #000080\"><strong><span class=\"Style117\"><span style=\"color: #993300\"><\/span><\/span><\/strong><\/span><\/span><\/h1>\n<h1 style=\"text-align: center\"><span class=\"Style113\"><span style=\"color: #000080\"><strong><span class=\"Style117\"><span style=\"color: #993300\"><\/span><\/span><\/strong><\/span><\/span><\/h1>\n<h1 style=\"text-align: center\"><span class=\"Style113\"><span style=\"color: #000080\"><strong><span class=\"Style117\"><span style=\"color: #993300\"><\/span><\/span><\/strong><\/span><\/span><\/h1>\n<h1 style=\"text-align: center\"><span class=\"Style113\"><span style=\"color: #000080\"><strong><span class=\"Style117\"><span style=\"color: #003300\">Formulaires administratifs<\/span> <span style=\"color: #000000\"><\/span><\/span><\/strong><\/span><\/span><\/h1>\n<ul>\n<li style=\"list-style-type: none\">\n<ul>\n<li class=\"Style69\"><span style=\"color: #000000\"><a href=\"https:\/\/www.ummto.dz\/vrp\/wp-content\/uploads\/2025_01_Declaration-bacs-obtenus-et-etudes.pdf\" target=\"_blank\" rel=\"noopener\" style=\"color: #000000\">2025-01-D\u00e9claration Bacs obtenus et \u00e9tudes<\/a><a href=\"http:\/\/pedagogie.ummto.dz\/wp-content\/uploads\/2021\/06\/01-2018_Declaration-bacs-obtenus-et-etudes.pdf\" target=\"_blank\" rel=\"noopener\" style=\"color: #000000\"> <\/a><\/span><\/li>\n<li class=\"Style69\"><span style=\"color: #000000\"><a href=\"https:\/\/www.ummto.dz\/vrp\/wp-content\/uploads\/2025_02_Demande-dinscription_Bac-anterieur-et-retardataire.pdf\" target=\"_blank\" rel=\"noopener\" style=\"color: #000000\">2025-02-Demande d\u2019inscription-Bac ant\u00e9rieur et Retardataire<\/a><\/span><\/li>\n<li class=\"Style69\"><span style=\"color: #000000\"><a href=\"https:\/\/www.ummto.dz\/vrp\/wp-content\/uploads\/2025_03_Demande-dinscription_Bac-etranger.pdf\" target=\"_blank\" rel=\"noopener\" style=\"color: #000000\">2025-03-Demande d\u2019inscription -Bac \u00e9tranger<\/a><\/span><\/li>\n<li class=\"Style69\"><span style=\"color: #000000\"><a href=\"https:\/\/www.ummto.dz\/vrp\/wp-content\/uploads\/2025_04_Demande-dinscription_Transfert-nouveaux-bacheliers.pdf\" target=\"_blank\" rel=\"noopener\" style=\"color: #000000\"><span class=\"Style118\"><span class=\"Style69\"> <\/span><span class=\"Style69\"><span class=\"Style113\"><span class=\"Style45\"><\/span><\/span><\/span><\/span>2025-04-Demande d\u2019inscription- Transfert nouveaux bacheliers<\/a><\/span><\/li>\n<li class=\"Style69\"><span style=\"color: #000000\"><a href=\"https:\/\/www.ummto.dz\/vrp\/wp-content\/uploads\/2025_05_Demande-de-reprise-des-etudes.pdf\" target=\"_blank\" rel=\"noopener\" style=\"color: #000000\">2025-05-Demande de reprise des \u00e9tudes<\/a><span class=\"Style69\"><\/span><span class=\"Style69\"><\/span><\/span><\/li>\n<li class=\"Style69\"><span style=\"color: #000000\"><a href=\"https:\/\/www.ummto.dz\/vrp\/wp-content\/uploads\/2025_09_Demande-dinscription-a-un-second-diplome.pdf\" target=\"_blank\" rel=\"noopener\" style=\"color: #000000\">025-09- Demande d\u2019inscription \u00e0 un second dipl\u00f4me<\/a><\/span><\/li>\n<li class=\"Style69\"><span style=\"color: #000000\"><a href=\"https:\/\/www.ummto.dz\/vrp\/wp-content\/uploads\/2025_10_Demande-dinscription-au-master_Diplome-LMD.pdf\" target=\"_blank\" rel=\"noopener\" style=\"color: #000000\">2025-10-Demande d\u2019inscription au Master-Dipl\u00f4m\u00e9 LMD<\/a><\/span><\/li>\n<li class=\"Style69\"><span style=\"color: #000000\"><a href=\"https:\/\/www.ummto.dz\/vrp\/wp-content\/uploads\/2025_11_Demande-dinscription-au-master_Diplome-cycle-long-classique.pdf\" target=\"_blank\" rel=\"noopener\" style=\"color: #000000\">2025-11-Demande d\u2019inscription au Master-Dipl\u00f4m\u00e9 Classique<\/a><\/span><\/li>\n<li class=\"Style69\"><span style=\"color: #000000\"><a href=\"https:\/\/www.ummto.dz\/vrp\/wp-content\/uploads\/2025_12_Demande-dinscription_Diplome-DEUA.pdf\" target=\"_blank\" rel=\"noopener\" style=\"color: #000000\">2025-12-Demande d\u2019inscription-Dipl\u00f4m\u00e9 DEUA<\/a><\/span><\/li>\n<li class=\"Style69\"><span style=\"color: #000000\"><a href=\"https:\/\/www.ummto.dz\/vrp\/wp-content\/uploads\/2025_13_Demande_Inscription_Ecole_Superieure.pdf\" target=\"_blank\" rel=\"noopener\" style=\"color: #000000\">2025-13-Demande d&rsquo;inscription (transfert d&rsquo;\u00e9tudiant inscrit dans une \u00e9cole sup\u00e9rieure )<\/a><\/span><\/li>\n<li class=\"Style69\"><span style=\"color: #000000\"><a href=\"https:\/\/www.ummto.dz\/vrp\/wp-content\/uploads\/2025_14_Fiche-de-transfert-Etudiant-Etranger.pdf\" target=\"_blank\" rel=\"noopener\" style=\"color: #000000\">2025-14-Fiche de transfert \u00e9tranger<\/a><a href=\"https:\/\/www.ummto.dz\/vrp\/wp-content\/uploads\/2022_13_Demande_Inscription_Ecole_Superieure-2.pdf\" target=\"_blank\" rel=\"noopener\" style=\"color: #000000\"><\/a><\/span><\/li>\n<li class=\"Style69\"><a href=\"https:\/\/www.ummto.dz\/vrp\/wp-content\/uploads\/2025_15_Demande-dinscription-Etudiants-etrangers-.pdf\" target=\"_blank\" rel=\"noopener\"><span style=\"color: #000000\">2025-15-Demande d&rsquo;inscription Etudiants-etrangers (\u00e0 joindre \u00e0 la fiche de transfert Imprim\u00e9 14)<\/span><\/a><\/li>\n<li class=\"Style69\"><span style=\"color: #000000\"><a href=\"https:\/\/www.ummto.dz\/vrp\/wp-content\/uploads\/2025_17_Demande-dinscription-au-master_Etranger.pdf\" target=\"_blank\" rel=\"noopener\" style=\"color: #000000\">2025-17-Demande d\u2019inscription au Master -\u00c9tranger<\/a><\/span><\/li>\n<li class=\"Style69\"><span style=\"color: #000000\"><a href=\"https:\/\/www.ummto.dz\/vrp\/wp-content\/uploads\/2025_25_Demande-de-reorientaion_Etudiants-etrangers.pdf\" target=\"_blank\" rel=\"noopener\" style=\"color: #000000\">2025-25-Demande de r\u00e9orientation_\u00c9tudiants \u00e9trangers<\/a><\/span><\/li>\n<li class=\"Style69\"><span style=\"color: #000000\"><a href=\"https:\/\/www.ummto.dz\/vrp\/wp-content\/uploads\/2025_26_Demande-dinscription-a-un-deuxieme-master.pdf\" target=\"_blank\" rel=\"noopener\" style=\"color: #000000\">2025-26-Demande d\u2019inscription \u00e0 un deuxi\u00e8me Master<\/a><\/span><span style=\"color: #000000\"><a href=\"https:\/\/www.ummto.dz\/vrp\/wp-content\/uploads\/2025_30_Demande-de-derogation-dinscription-en-licence.pdf\" target=\"_blank\" rel=\"noopener\" style=\"color: #000000\"><\/a><\/span><\/li>\n<li class=\"Style69\"><span style=\"color: #000000\"><a href=\"https:\/\/www.ummto.dz\/vrp\/wp-content\/uploads\/2025_31_Demande-de-reintegration-apres-conge-academique.pdf\" target=\"_blank\" rel=\"noopener\" style=\"color: #000000\">2025-31-Demande de r\u00e9integration apr\u00e8s cong\u00e9 acad\u00e9mique ou suspension de formation<\/a><\/span><\/li>\n<li class=\"Style69\"><span style=\"color: #000000\"><a href=\"https:\/\/www.ummto.dz\/vrp\/wp-content\/uploads\/2025_32_Demande-dinscription-avec-engagement_L3-ou-M2.pdf\" target=\"_blank\" rel=\"noopener\" style=\"color: #000000\">2025-32-Demande d&rsquo;inscription avec engagement_L3 ou M2<\/a><\/span><\/li>\n<li class=\"Style69\"><span style=\"color: #000000\"><a href=\"https:\/\/www.ummto.dz\/vrp\/wp-content\/uploads\/2025-Attestation-annulation-Inscription-Externe.pdf\" target=\"_blank\" rel=\"noopener\" style=\"color: #000000\">2025-Attestation d\u2019annulation (d\u2019inscription externe)<\/a><\/span><\/li>\n<li><span style=\"color: #000000\"><a href=\"https:\/\/www.ummto.dz\/vrp\/wp-content\/uploads\/2025-Demande-dannulation-dinscription-interne_remplir-par-letudiant.pdf\" target=\"_blank\" rel=\"noopener\" style=\"color: #000000\">2025-Demande d\u2019annulation (d\u2019inscription interne)-remplir par l\u2019\u00e9tudiant<\/a><\/span><\/li>\n<\/ul>\n<\/li>\n<\/ul>\n<p>[\/et_pb_text][\/et_pb_column][\/et_pb_row][\/et_pb_section]<\/p>\n","protected":false},"excerpt":{"rendered":"<p>Vice rectorat charg\u00e9 de la p\u00e9dagogie Formulaires administratifs 2025-01-D\u00e9claration Bacs obtenus et \u00e9tudes 2025-02-Demande d\u2019inscription-Bac ant\u00e9rieur et Retardataire 2025-03-Demande d\u2019inscription -Bac \u00e9tranger 2025-04-Demande d\u2019inscription- Transfert nouveaux bacheliers 2025-05-Demande de reprise des \u00e9tudes 025-09- Demande d\u2019inscription \u00e0 un second dipl\u00f4me 2025-10-Demande d\u2019inscription au Master-Dipl\u00f4m\u00e9 LMD 2025-11-Demande d\u2019inscription au Master-Dipl\u00f4m\u00e9 Classique 2025-12-Demande d\u2019inscription-Dipl\u00f4m\u00e9 DEUA 2025-13-Demande d&rsquo;inscription (transfert [&hellip;]<\/p>\n","protected":false},"author":1,"featured_media":0,"parent":0,"menu_order":0,"comment_status":"closed","ping_status":"closed","template":"","meta":{"_et_pb_use_builder":"on","_et_pb_old_content":"","_et_gb_content_width":"","footnotes":""},"class_list":["post-2318","page","type-page","status-publish","hentry"],"translation":{"provider":"WPGlobus","version":"3.0.1","language":"fr","enabled_languages":["en","fr","ar","gb"],"languages":{"en":{"title":true,"content":true,"excerpt":false},"fr":{"title":false,"content":false,"excerpt":false},"ar":{"title":false,"content":false,"excerpt":false},"gb":{"title":false,"content":false,"excerpt":false}}},"yoast_head":"<!-- This site is optimized with the Yoast SEO plugin v26.7 - https:\/\/yoast.com\/wordpress\/plugins\/seo\/ -->\n<title>VRP- Imprim\u00e9s pour \u00e9tudiants a telecharger - Vice-Rectorat charg\u00e9 de la p\u00e9dagogie<\/title>\n<meta name=\"robots\" content=\"index, follow, max-snippet:-1, max-image-preview:large, max-video-preview:-1\" \/>\n<link rel=\"canonical\" href=\"https:\/\/www.ummto.dz\/vrp\/vrp-imprimes-pour-etudiants-a-telecharger\/\" \/>\n<meta property=\"og:locale\" content=\"fr_FR\" \/>\n<meta property=\"og:type\" content=\"article\" \/>\n<meta property=\"og:title\" content=\"VRP- Imprim\u00e9s pour \u00e9tudiants a telecharger - Vice-Rectorat charg\u00e9 de la p\u00e9dagogie\" \/>\n<meta property=\"og:url\" content=\"https:\/\/www.ummto.dz\/vrp\/vrp-imprimes-pour-etudiants-a-telecharger\/\" \/>\n<meta property=\"og:site_name\" content=\"Vice-Rectorat charg\u00e9 de la p\u00e9dagogie\" \/>\n<meta property=\"article:modified_time\" content=\"2025-06-23T13:57:22+00:00\" \/>\n<meta name=\"twitter:card\" content=\"summary_large_image\" \/>\n<meta name=\"twitter:label1\" content=\"Dur\u00e9e de lecture estim\u00e9e\" \/>\n\t<meta name=\"twitter:data1\" content=\"4 minutes\" \/>\n<script type=\"application\/ld+json\" class=\"yoast-schema-graph\">{\"@context\":\"https:\/\/schema.org\",\"@graph\":[{\"@type\":\"WebPage\",\"@id\":\"https:\/\/www.ummto.dz\/vrp\/vrp-imprimes-pour-etudiants-a-telecharger\/\",\"url\":\"https:\/\/www.ummto.dz\/vrp\/vrp-imprimes-pour-etudiants-a-telecharger\/\",\"name\":\"VRP- Imprim\u00e9s pour \u00e9tudiants a telecharger - Vice-Rectorat charg\u00e9 de la p\u00e9dagogie\",\"isPartOf\":{\"@id\":\"https:\/\/www.ummto.dz\/vrp\/fr\/#website\"},\"datePublished\":\"2022-05-16T11:55:25+00:00\",\"dateModified\":\"2025-06-23T13:57:22+00:00\",\"inLanguage\":\"fr-FR\",\"potentialAction\":[{\"@type\":\"ReadAction\",\"target\":[\"https:\/\/www.ummto.dz\/vrp\/vrp-imprimes-pour-etudiants-a-telecharger\/\"]}]},{\"@type\":\"WebSite\",\"@id\":\"https:\/\/www.ummto.dz\/vrp\/fr\/#website\",\"url\":\"https:\/\/www.ummto.dz\/vrp\/fr\/\",\"name\":\"Vice-Rectorat charg\u00e9 de la p\u00e9dagogie\",\"description\":\"Vice-Rectorat charg\u00e9 de la p\u00e9dagogie\",\"potentialAction\":[{\"@type\":\"SearchAction\",\"target\":{\"@type\":\"EntryPoint\",\"urlTemplate\":\"https:\/\/www.ummto.dz\/vrp\/fr\/?s={search_term_string}\"},\"query-input\":{\"@type\":\"PropertyValueSpecification\",\"valueRequired\":true,\"valueName\":\"search_term_string\"}}],\"inLanguage\":\"fr-FR\"}]}<\/script>\n<!-- \/ Yoast SEO plugin. -->","yoast_head_json":{"title":"VRP- Imprim\u00e9s pour \u00e9tudiants a telecharger - Vice-Rectorat charg\u00e9 de la p\u00e9dagogie","robots":{"index":"index","follow":"follow","max-snippet":"max-snippet:-1","max-image-preview":"max-image-preview:large","max-video-preview":"max-video-preview:-1"},"canonical":"https:\/\/www.ummto.dz\/vrp\/vrp-imprimes-pour-etudiants-a-telecharger\/","og_locale":"fr_FR","og_type":"article","og_title":"VRP- Imprim\u00e9s pour \u00e9tudiants a telecharger - Vice-Rectorat charg\u00e9 de la p\u00e9dagogie","og_url":"https:\/\/www.ummto.dz\/vrp\/vrp-imprimes-pour-etudiants-a-telecharger\/","og_site_name":"Vice-Rectorat charg\u00e9 de la p\u00e9dagogie","article_modified_time":"2025-06-23T13:57:22+00:00","twitter_card":"summary_large_image","twitter_misc":{"Dur\u00e9e de lecture estim\u00e9e":"4 minutes"},"schema":{"@context":"https:\/\/schema.org","@graph":[{"@type":"WebPage","@id":"https:\/\/www.ummto.dz\/vrp\/vrp-imprimes-pour-etudiants-a-telecharger\/","url":"https:\/\/www.ummto.dz\/vrp\/vrp-imprimes-pour-etudiants-a-telecharger\/","name":"VRP- Imprim\u00e9s pour \u00e9tudiants a telecharger - Vice-Rectorat charg\u00e9 de la p\u00e9dagogie","isPartOf":{"@id":"https:\/\/www.ummto.dz\/vrp\/fr\/#website"},"datePublished":"2022-05-16T11:55:25+00:00","dateModified":"2025-06-23T13:57:22+00:00","inLanguage":"fr-FR","potentialAction":[{"@type":"ReadAction","target":["https:\/\/www.ummto.dz\/vrp\/vrp-imprimes-pour-etudiants-a-telecharger\/"]}]},{"@type":"WebSite","@id":"https:\/\/www.ummto.dz\/vrp\/fr\/#website","url":"https:\/\/www.ummto.dz\/vrp\/fr\/","name":"Vice-Rectorat charg\u00e9 de la p\u00e9dagogie","description":"Vice-Rectorat charg\u00e9 de la p\u00e9dagogie","potentialAction":[{"@type":"SearchAction","target":{"@type":"EntryPoint","urlTemplate":"https:\/\/www.ummto.dz\/vrp\/fr\/?s={search_term_string}"},"query-input":{"@type":"PropertyValueSpecification","valueRequired":true,"valueName":"search_term_string"}}],"inLanguage":"fr-FR"}]}},"_links":{"self":[{"href":"https:\/\/www.ummto.dz\/vrp\/fr\/wp-json\/wp\/v2\/pages\/2318","targetHints":{"allow":["GET"]}}],"collection":[{"href":"https:\/\/www.ummto.dz\/vrp\/fr\/wp-json\/wp\/v2\/pages"}],"about":[{"href":"https:\/\/www.ummto.dz\/vrp\/fr\/wp-json\/wp\/v2\/types\/page"}],"author":[{"embeddable":true,"href":"https:\/\/www.ummto.dz\/vrp\/fr\/wp-json\/wp\/v2\/users\/1"}],"replies":[{"embeddable":true,"href":"https:\/\/www.ummto.dz\/vrp\/fr\/wp-json\/wp\/v2\/comments?post=2318"}],"version-history":[{"count":46,"href":"https:\/\/www.ummto.dz\/vrp\/fr\/wp-json\/wp\/v2\/pages\/2318\/revisions"}],"predecessor-version":[{"id":6943,"href":"https:\/\/www.ummto.dz\/vrp\/fr\/wp-json\/wp\/v2\/pages\/2318\/revisions\/6943"}],"wp:attachment":[{"href":"https:\/\/www.ummto.dz\/vrp\/fr\/wp-json\/wp\/v2\/media?parent=2318"}],"curies":[{"name":"wp","href":"https:\/\/api.w.org\/{rel}","templated":true}]}}