{"id":2345,"date":"2022-05-16T13:17:03","date_gmt":"2022-05-16T12:17:03","guid":{"rendered":"https:\/\/www.ummto.dz\/vrp\/?page_id=2345"},"modified":"2025-06-17T12:48:06","modified_gmt":"2025-06-17T11:48:06","slug":"vrp-systeme-lmd","status":"publish","type":"page","link":"https:\/\/www.ummto.dz\/vrp\/fr\/vrp-systeme-lmd\/","title":{"rendered":"VRP&#8211; Syst\u00e8me LMD"},"content":{"rendered":"<p>[et_pb_section fb_built=\u00a0\u00bb1&Prime; custom_padding_last_edited=\u00a0\u00bbon|desktop\u00a0\u00bb admin_label=\u00a0\u00bbHeader\u00a0\u00bb _builder_version=\u00a0\u00bb4.27.4&Prime; background_image=\u00a0\u00bbhttps:\/\/www.ummto.dz\/vrp\/wp-content\/uploads\/tree-838666_1280-300&#215;198.webp\u00a0\u00bb parallax=\u00a0\u00bbon\u00a0\u00bb custom_margin=\u00a0\u00bb0px||||false|false\u00a0\u00bb custom_margin_tablet=\u00a0\u00bb\u00a0\u00bb custom_margin_phone=\u00a0\u00bb20px|20px||20px|false|true\u00a0\u00bb custom_margin_last_edited=\u00a0\u00bbon|desktop\u00a0\u00bb custom_padding=\u00a0\u00bb100px|0px|0px|||\u00a0\u00bb custom_padding_tablet=\u00a0\u00bb40px||||false|false\u00a0\u00bb custom_padding_phone=\u00a0\u00bb\u00a0\u00bb border_radii_phone=\u00a0\u00bbon|20px|20px|20px|20px\u00a0\u00bb border_radii_last_edited=\u00a0\u00bboff|desktop\u00a0\u00bb locked=\u00a0\u00bboff\u00a0\u00bb global_colors_info=\u00a0\u00bb{}\u00a0\u00bb][et_pb_row use_custom_gutter=\u00a0\u00bbon\u00a0\u00bb make_equal=\u00a0\u00bbon\u00a0\u00bb custom_padding_last_edited=\u00a0\u00bbon|tablet\u00a0\u00bb _builder_version=\u00a0\u00bb4.27.4&Prime; background_enable_color=\u00a0\u00bboff\u00a0\u00bb background_image=\u00a0\u00bbhttps:\/\/www.ummto.dz\/fgei\/wp-content\/uploads\/2025\/05\/psychologist-03.jpg\u00a0\u00bb parallax=\u00a0\u00bbon\u00a0\u00bb transform_scale_tablet=\u00a0\u00bb\u00a0\u00bb transform_scale_phone=\u00a0\u00bb\u00a0\u00bb transform_scale_last_edited=\u00a0\u00bbon|desktop\u00a0\u00bb transform_translate=\u00a0\u00bb30px|0px\u00a0\u00bb transform_translate_tablet=\u00a0\u00bb0px|0px\u00a0\u00bb transform_translate_phone=\u00a0\u00bb\u00a0\u00bb transform_translate_last_edited=\u00a0\u00bbon|tablet\u00a0\u00bb transform_translate_linked=\u00a0\u00bboff\u00a0\u00bb transform_rotate_tablet=\u00a0\u00bb\u00a0\u00bb transform_rotate_phone=\u00a0\u00bb\u00a0\u00bb transform_rotate_last_edited=\u00a0\u00bbon|desktop\u00a0\u00bb transform_skew_tablet=\u00a0\u00bb\u00a0\u00bb transform_skew_phone=\u00a0\u00bb\u00a0\u00bb transform_skew_last_edited=\u00a0\u00bbon|desktop\u00a0\u00bb transform_origin_tablet=\u00a0\u00bb\u00a0\u00bb transform_origin_phone=\u00a0\u00bb\u00a0\u00bb transform_origin_last_edited=\u00a0\u00bbon|desktop\u00a0\u00bb width=\u00a0\u00bb100%\u00a0\u00bb width_tablet=\u00a0\u00bb90%\u00a0\u00bb width_phone=\u00a0\u00bb\u00a0\u00bb width_last_edited=\u00a0\u00bbon|desktop\u00a0\u00bb max_width=\u00a0\u00bb1200px\u00a0\u00bb module_alignment=\u00a0\u00bbcenter\u00a0\u00bb custom_margin=\u00a0\u00bb100px||||false|false\u00a0\u00bb custom_padding=\u00a0\u00bb43px|0px|43px|140px|false|false\u00a0\u00bb custom_padding_tablet=\u00a0\u00bb60px||60px||true|true\u00a0\u00bb custom_padding_phone=\u00a0\u00bb40px|20px|40px|20px|true|true\u00a0\u00bb box_shadow_style=\u00a0\u00bbpreset3&Prime; box_shadow_vertical=\u00a0\u00bb40px\u00a0\u00bb box_shadow_blur=\u00a0\u00bb110px\u00a0\u00bb box_shadow_spread=\u00a0\u00bb0px\u00a0\u00bb box_shadow_color=\u00a0\u00bbrgba(9,6,38,0.62)\u00a0\u00bb global_colors_info=\u00a0\u00bb{}\u00a0\u00bb][et_pb_column type=\u00a0\u00bb4_4&Prime; _builder_version=\u00a0\u00bb4.16&Prime; global_colors_info=\u00a0\u00bb{}\u00a0\u00bb][et_pb_text _builder_version=\u00a0\u00bb4.27.4&Prime; text_font_size=\u00a0\u00bb16px\u00a0\u00bb text_line_height=\u00a0\u00bb1.8em\u00a0\u00bb header_font=\u00a0\u00bbTaviraj||||||||\u00a0\u00bb header_text_align=\u00a0\u00bbleft\u00a0\u00bb header_letter_spacing=\u00a0\u00bb3px\u00a0\u00bb header_line_height=\u00a0\u00bb1.2em\u00a0\u00bb max_width=\u00a0\u00bb600px\u00a0\u00bb module_alignment=\u00a0\u00bbleft\u00a0\u00bb custom_margin=\u00a0\u00bb0px|0px|||false|false\u00a0\u00bb custom_padding=\u00a0\u00bb||0px|200px|false|false\u00a0\u00bb hover_enabled=\u00a0\u00bb0&Prime; text_font_size_tablet=\u00a0\u00bb16px\u00a0\u00bb text_font_size_phone=\u00a0\u00bb15px\u00a0\u00bb text_font_size_last_edited=\u00a0\u00bbon|desktop\u00a0\u00bb header_font_size_tablet=\u00a0\u00bb40px\u00a0\u00bb header_font_size_phone=\u00a0\u00bb26px\u00a0\u00bb header_font_size_last_edited=\u00a0\u00bbon|desktop\u00a0\u00bb global_colors_info=\u00a0\u00bb{}\u00a0\u00bb header_font_size=\u00a0\u00bb25px\u00a0\u00bb sticky_enabled=\u00a0\u00bb0&Prime;]<\/p>\n<h1 style=\"text-align: center;\"><span><span style=\"color: #333333;\">Vice rectorat charg\u00e9 de la p\u00e9dagogie<\/span><\/span><\/h1>\n<p>[\/et_pb_text][\/et_pb_column][\/et_pb_row][et_pb_row use_custom_gutter=\u00a0\u00bbon\u00a0\u00bb make_equal=\u00a0\u00bbon\u00a0\u00bb _builder_version=\u00a0\u00bb4.27.4&Prime; _module_preset=\u00a0\u00bbdefault\u00a0\u00bb width=\u00a0\u00bb100%\u00a0\u00bb max_width=\u00a0\u00bb1161px\u00a0\u00bb module_alignment=\u00a0\u00bbcenter\u00a0\u00bb custom_margin=\u00a0\u00bb0px|0px|0px|0px|false|false\u00a0\u00bb locked=\u00a0\u00bboff\u00a0\u00bb global_colors_info=\u00a0\u00bb{}\u00a0\u00bb][et_pb_column type=\u00a0\u00bb4_4&Prime; _builder_version=\u00a0\u00bb4.27.4&Prime; _module_preset=\u00a0\u00bbdefault\u00a0\u00bb global_colors_info=\u00a0\u00bb{}\u00a0\u00bb][et_pb_menu menu_id=\u00a0\u00bb2&Prime; menu_style=\u00a0\u00bbcentered\u00a0\u00bb active_link_color=\u00a0\u00bb#000000&Prime; dropdown_menu_line_color=\u00a0\u00bb#448968&Prime; logo_width=\u00a0\u00bb100%\u00a0\u00bb logo_height=\u00a0\u00bb200px\u00a0\u00bb logo_max_height=\u00a0\u00bb200px\u00a0\u00bb show_search_icon=\u00a0\u00bbon\u00a0\u00bb logo_width_tablet=\u00a0\u00bb100%\u00a0\u00bb logo_width_phone=\u00a0\u00bb100%\u00a0\u00bb logo_width_last_edited=\u00a0\u00bbon|tablet\u00a0\u00bb _builder_version=\u00a0\u00bb4.27.4&Prime; _module_preset=\u00a0\u00bbdefault\u00a0\u00bb menu_font=\u00a0\u00bbTaviraj|600|||||||\u00a0\u00bb menu_text_color=\u00a0\u00bb#000000&Prime; width=\u00a0\u00bb100%\u00a0\u00bb max_width=\u00a0\u00bb100%\u00a0\u00bb module_alignment=\u00a0\u00bbcenter\u00a0\u00bb custom_margin=\u00a0\u00bb0px||0px||false|false\u00a0\u00bb custom_margin_tablet=\u00a0\u00bb||||false|false\u00a0\u00bb custom_margin_phone=\u00a0\u00bb||||false|false\u00a0\u00bb custom_margin_last_edited=\u00a0\u00bbon|tablet\u00a0\u00bb custom_padding=\u00a0\u00bb15px||15px|0px|false|false\u00a0\u00bb hover_enabled=\u00a0\u00bb0&Prime; box_shadow_style=\u00a0\u00bbpreset1&Prime; locked=\u00a0\u00bboff\u00a0\u00bb global_colors_info=\u00a0\u00bb{}\u00a0\u00bb min_height__hover_enabled=\u00a0\u00bbon|desktop\u00a0\u00bb sticky_enabled=\u00a0\u00bb0&Prime;][\/et_pb_menu][\/et_pb_column][\/et_pb_row][\/et_pb_section][et_pb_section fb_built=\u00a0\u00bb1&Prime; _builder_version=\u00a0\u00bb4.27.4&Prime; _module_preset=\u00a0\u00bbdefault\u00a0\u00bb min_height=\u00a0\u00bb1064.8px\u00a0\u00bb custom_margin=\u00a0\u00bb-47px|||||\u00a0\u00bb custom_padding=\u00a0\u00bb33px||286px|||\u00a0\u00bb global_colors_info=\u00a0\u00bb{}\u00a0\u00bb][et_pb_row _builder_version=\u00a0\u00bb4.16&Prime; _module_preset=\u00a0\u00bbdefault\u00a0\u00bb min_height=\u00a0\u00bb1293.2px\u00a0\u00bb custom_margin=\u00a0\u00bb33px|auto||auto||\u00a0\u00bb custom_padding=\u00a0\u00bb65px|||||\u00a0\u00bb global_colors_info=\u00a0\u00bb{}\u00a0\u00bb][et_pb_column type=\u00a0\u00bb4_4&Prime; _builder_version=\u00a0\u00bb4.16&Prime; _module_preset=\u00a0\u00bbdefault\u00a0\u00bb global_colors_info=\u00a0\u00bb{}\u00a0\u00bb][et_pb_accordion _builder_version=\u00a0\u00bb4.27.4&Prime; _module_preset=\u00a0\u00bbdefault\u00a0\u00bb box_shadow_style=\u00a0\u00bbpreset1&Prime; box_shadow_color=\u00a0\u00bb#bfbfbf\u00a0\u00bb global_colors_info=\u00a0\u00bb{}\u00a0\u00bb][et_pb_accordion_item title=\u00a0\u00bbQu\u2019est-ce que le L.M.D. ?\u00a0\u00bb open=\u00a0\u00bbon\u00a0\u00bb _builder_version=\u00a0\u00bb4.27.4&Prime; _module_preset=\u00a0\u00bbdefault\u00a0\u00bb global_colors_info=\u00a0\u00bb{}\u00a0\u00bb]<\/p>\n<p class=\"Style56\"><span style=\"color: #000000;\">03 lettres pour exprimer trois grades de dipl\u00f4mes universitaires :<\/span><\/p>\n<ul>\n<li><span style=\"color: #000000;\"><strong><span class=\"Style89\" style=\"color: #800080;\">Licence<\/span> \u00a0\u00a0 <\/strong>(6 semestres) =\u00a0Bac + 3 ans<\/span><\/li>\n<li><span style=\"color: #000000;\"><strong><span style=\"color: #800080;\"><span class=\"Style89\">Master \u00a0 \u00a0<\/span> <\/span><\/strong>(4 semestres) =\u00a0Bac + 5 ans c\u2019est \u00e0 dire Licence + 2 ans.<\/span><\/li>\n<li><strong><span style=\"color: #800080;\"><span class=\"Style89\">Doctorat<\/span><\/span><\/strong><span style=\"color: #000000;\"> =\u00a0Bac + 8 ans c\u2019est \u00e0 dire Master + 3 ans.<\/span><\/li>\n<\/ul>\n<p>[\/et_pb_accordion_item][et_pb_accordion_item title=\u00a0\u00bbSp\u00e9cificit\u00e9 des grades de Licence et de Master\u00a0\u00bb _builder_version=\u00a0\u00bb4.16&Prime; _module_preset=\u00a0\u00bbdefault\u00a0\u00bb global_colors_info=\u00a0\u00bb{}\u00a0\u00bb open=\u00a0\u00bboff\u00a0\u00bb]<\/p>\n<ul>\n<li class=\"Style56\"><span style=\"color: #000000\">Un intitul\u00e9 principal celui du&nbsp;<strong>domaine<\/strong>&nbsp;repr\u00e9sentant un large regroupement de disciplines ayant un lien entre elles,<\/span><\/li>\n<li class=\"Style56\"><span style=\"color: #000000\">un intitul\u00e9 de&nbsp;<strong>fili\u00e8re<\/strong>&nbsp;qui est une subdivision du domaine centr\u00e9e sur la ou les disciplines principales,<\/span><\/li>\n<li class=\"Style56\"><span style=\"color: #000000\">un intitul\u00e9 de parcours exprim\u00e9 par une&nbsp;<strong>sp\u00e9cialit\u00e9<\/strong><\/span><\/li>\n<li class=\"Style56\"><span style=\"color: #000000\">et une identification de finalit\u00e9&nbsp;:&nbsp;<strong>Acad\u00e9mique<\/strong>&nbsp;ou&nbsp;<strong>Professionnelle<\/strong>. Cette derni\u00e8re est destin\u00e9e \u00e0 une insertion professionnelle<\/span><\/li>\n<\/ul>\n<p>[\/et_pb_accordion_item][et_pb_accordion_item title=\u00a0\u00bbContinuer des \u00e9tudes apr\u00e8s la Licence\u00a0\u00bb _builder_version=\u00a0\u00bb4.16&Prime; _module_preset=\u00a0\u00bbdefault\u00a0\u00bb global_colors_info=\u00a0\u00bb{}\u00a0\u00bb open=\u00a0\u00bboff\u00a0\u00bb]<\/p>\n<p class=\"Style56\"><span style=\"color: #000000\">Vous pouvez poursuivre vos \u00e9tudes pour pr\u00e9parer un Master acad\u00e9mique ou professionnel<\/span><\/p>\n<ul>\n<li class=\"Style56\"><span style=\"color: #000000\">certainement apr\u00e8s une licence acad\u00e9mique<\/span><\/li>\n<li class=\"Style56\"><span style=\"color: #000000\">sous certaines conditions apr\u00e8s une licence professionnelle<\/span><\/li>\n<\/ul>\n<p>[\/et_pb_accordion_item][et_pb_accordion_item title=\u00a0\u00bbCes dipl\u00f4mes restent-ils nationaux?\u00a0\u00bb _builder_version=\u00a0\u00bb4.16&Prime; _module_preset=\u00a0\u00bbdefault\u00a0\u00bb global_colors_info=\u00a0\u00bb{}\u00a0\u00bb open=\u00a0\u00bboff\u00a0\u00bb]&nbsp;<span style=\"color: #000000\">&nbsp;&nbsp;&nbsp;&nbsp;&nbsp;&nbsp;<strong>Oui<\/strong>, en effet, les grades de Licence, Master et Doctorat sont des dipl\u00f4mes nationaux. L\u2019universit\u00e9 doit soumettre ses maquettes de formations au Minist\u00e8re de l\u2019enseignement sup\u00e9rieur et de la recherche scientifique qui les \u00e9value dans le respect des r\u00e8gles nationales.<\/span>[\/et_pb_accordion_item][et_pb_accordion_item title=\u00a0\u00bbQu\u2019est-ce qu\u2019une Unit\u00e9 d\u2019Enseignement (U.E.) ?\u00a0\u00bb _builder_version=\u00a0\u00bb4.16&Prime; _module_preset=\u00a0\u00bbdefault\u00a0\u00bb global_colors_info=\u00a0\u00bb{}\u00a0\u00bb open=\u00a0\u00bboff\u00a0\u00bb]&nbsp;<span style=\"color: #000000\"> &nbsp;&nbsp;&nbsp; Une unit\u00e9 d\u2019enseignement (U.E.) est un ensemble de mati\u00e8res organis\u00e9 d\u2019une mani\u00e8re p\u00e9dagogique coh\u00e9rente et dispens\u00e9 en semestre. Une mati\u00e8re est enseign\u00e9e sous forme de cours, TD, TP ou autres \u2026<\/span>[\/et_pb_accordion_item][et_pb_accordion_item title=\u00a0\u00bbTypes d\u2019unit\u00e9s d\u2019Enseignement (U.E.)\u00a0\u00bb _builder_version=\u00a0\u00bb4.16&Prime; _module_preset=\u00a0\u00bbdefault\u00a0\u00bb global_colors_info=\u00a0\u00bb{}\u00a0\u00bb open=\u00a0\u00bboff\u00a0\u00bb]&nbsp;<span style=\"color: #000000\">Une U.E. peut \u00eatre&nbsp;:<\/span><\/p>\n<ul>\n<li><span style=\"color: #000000\"><span class=\"Style89\">Fondamentale&nbsp;:<\/span>&nbsp;<span class=\"Style56\">enseignements de&nbsp;base&nbsp;;<\/span><\/span><\/li>\n<li><span style=\"color: #000000\"><span class=\"Style89\">M\u00e9thodologie&nbsp;:&nbsp;<\/span><span class=\"Style56\">Travaux Pratiques, informatique&nbsp;;<\/span><\/span><\/li>\n<li><span style=\"color: #000000\"><span class=\"Style89\">D\u00e9couverte :&nbsp;<\/span><span class=\"Style56\">enseignements sur d\u2019autres disciplines utiles en cas d\u2019orientation ou de r\u00e9orientation.<\/span><\/span><\/li>\n<li><span style=\"color: #000000\"><span class=\"Style89\">Transversale&nbsp;:&nbsp;<\/span><span class=\"Style56\">langues \u00e9trang\u00e8res, communication, culture g\u00e9n\u00e9rale.<\/span><\/span><\/li>\n<\/ul>\n<p>[\/et_pb_accordion_item][et_pb_accordion_item title=\u00a0\u00bbLe syst\u00e8me d\u2019\u00e9valuation en L.M.D.   \u00a0\u00bb _builder_version=\u00a0\u00bb4.16&Prime; _module_preset=\u00a0\u00bbdefault\u00a0\u00bb global_colors_info=\u00a0\u00bb{}\u00a0\u00bb open=\u00a0\u00bboff\u00a0\u00bb]<\/p>\n<ul>\n<li class=\"Style56\"><span style=\"color: #000000\">L\u2019\u00e9valuation est semestrielle, la&nbsp;progression est annuelle.<\/span><\/li>\n<li class=\"Style56\"><span style=\"color: #000000\">Pour chaque semestre d\u2019enseignement, deux sessions de contr\u00f4le des connaissances et des aptitudes sont organis\u00e9es. La deuxi\u00e8me session est une session de rattrapage.<\/span><\/li>\n<li class=\"Style56\"><span style=\"color: #000000\">Les r\u00e8gles de l\u2019\u00e9valuation dans le d\u00e9tail sont annonc\u00e9es au d\u00e9but de chaque semestre<\/span><\/li>\n<li class=\"Style56\"><span style=\"color: #000000\">La moyenne semestrielle est la somme des moyennes des diff\u00e9rentes U.E., affect\u00e9es chacune de son coefficient<\/span><\/li>\n<\/ul>\n<p>[\/et_pb_accordion_item][et_pb_accordion_item title=\u00a0\u00bbLe syst\u00e8me de compensation au niveau licence\u00a0\u00bb _builder_version=\u00a0\u00bb4.16&Prime; _module_preset=\u00a0\u00bbdefault\u00a0\u00bb global_colors_info=\u00a0\u00bb{}\u00a0\u00bb open=\u00a0\u00bboff\u00a0\u00bb]<\/p>\n<p class=\"Style56\"><span style=\"color: #000000\">La compensation est r\u00e9alis\u00e9e entre :<\/span><\/p>\n<ul>\n<li class=\"Style56\"><span style=\"color: #000000\">Les \u00e9l\u00e9ments constitutifs d\u2019une UE c\u2019est-\u00e0-dire lorsque la moyenne de l\u2019unit\u00e9 est sup\u00e9rieure ou \u00e9gale 10\/20<\/span><\/li>\n<li class=\"Style56\"><span style=\"color: #000000\">Les UE constitutives d\u2019un semestre c\u2019est-\u00e0-dire lorsque la moyenne du semestre est sup\u00e9rieure ou \u00e9gale 10\/20<\/span><\/li>\n<li class=\"Style56\"><span style=\"color: #000000\">Les semestres de la m\u00eame ann\u00e9e de rattachement c\u2019est-\u00e0-dire lorsque la moyenne de l\u2019ann\u00e9e est sup\u00e9rieure ou \u00e9gale 10\/20.&nbsp;<strong>Attention :<\/strong>&nbsp;La compensation annuelle est valable uniquement en 1er cycle (licence)<\/span><\/li>\n<\/ul>\n<p>[\/et_pb_accordion_item][et_pb_accordion_item title=\u00a0\u00bbLe syst\u00e8me de cr\u00e9dits\u00a0\u00bb _builder_version=\u00a0\u00bb4.16&Prime; _module_preset=\u00a0\u00bbdefault\u00a0\u00bb global_colors_info=\u00a0\u00bb{}\u00a0\u00bb open=\u00a0\u00bboff\u00a0\u00bb]&nbsp;L<span style=\"color: #000000\">es cr\u00e9dits sont les unit\u00e9s de compte qui permettent d\u2019\u00e9valuer l\u2019ensemble du travail de l\u2019\u00e9tudiant. Ils correspondent \u00e0 des volumes d\u2019enseignements et d\u2019activit\u00e9s (volume horaire de l\u2019unit\u00e9, travail personnel, stages, projets, m\u00e9moire\u2026).<\/span><\/p>\n<ul>\n<li class=\"Style56\"><span style=\"color: #000000\">Le semestre vaut 30 cr\u00e9dits, la licence organis\u00e9e en 6 semestres vaut donc 180 cr\u00e9dits, le master organis\u00e9 en 4 semestres valant 120 cr\u00e9dits.<\/span><\/li>\n<\/ul>\n<p>[\/et_pb_accordion_item][et_pb_accordion_item title=\u00a0\u00bbCapitalisation et Transfert des cr\u00e9dits\u00a0\u00bb _builder_version=\u00a0\u00bb4.16&Prime; _module_preset=\u00a0\u00bbdefault\u00a0\u00bb global_colors_info=\u00a0\u00bb{}\u00a0\u00bb open=\u00a0\u00bboff\u00a0\u00bb]&nbsp;O<span style=\"color: #000000\">n capitalise les cr\u00e9dits affect\u00e9s \u00e0 toute mati\u00e8re ou toute unit\u00e9 acquise.<\/span><\/p>\n<ul>\n<li>\n<div align=\"justify\"><span class=\"Style56\" style=\"color: #000000\">On capitalise 30 cr\u00e9dits pour chaque semestre acquis et 60 cr\u00e9dits pour chaque ann\u00e9e acquise (valable uniquement en licence)<\/span><\/div>\n<\/li>\n<li>\n<div align=\"justify\"><span class=\"Style56\" style=\"color: #000000\">Les cr\u00e9dits facilitent la mobilit\u00e9 ; ils sont : capitalisables et transf\u00e9rables s\u2019ils correspondent aux mati\u00e8res acquises avec une moyenne \u2265 10\/20 et sont capitalisables et pas certainement transf\u00e9rables s\u2019ils correspondent aux mati\u00e8res acquises par compensation.<\/span><\/div>\n<\/li>\n<\/ul>\n<p>[\/et_pb_accordion_item][et_pb_accordion_item title=\u00a0\u00bb Comment se fait la progression ?\u00a0\u00bb _builder_version=\u00a0\u00bb4.16&Prime; _module_preset=\u00a0\u00bbdefault\u00a0\u00bb global_colors_info=\u00a0\u00bb{}\u00a0\u00bb open=\u00a0\u00bboff\u00a0\u00bb]&nbsp;<span class=\"Style56\" style=\"color: #000000\">La progression du semestre impair au semestre pair d\u2019une m\u00eame ann\u00e9e d\u2019\u00e9tude est de droit pour tout \u00e9tudiant inscrit dans le m\u00eame parcours.<\/span><\/p>\n<ul>\n<li>\n<div align=\"justify\"><span class=\"Style56\" style=\"color: #000000\">L\u2019admission vers la 2\u00e8me ann\u00e9e (L2) est d\u00e9clar\u00e9e pour tout \u00e9tudiant capitalisant 60 cr\u00e9dits<\/span><\/div>\n<\/li>\n<li>\n<div align=\"justify\"><span class=\"Style56\" style=\"color: #000000\">L\u2019admission vers 3\u00e8me ann\u00e9e (L3) est d\u00e9clar\u00e9e pour tout \u00e9tudiant capitalisant 120 cr\u00e9dits.<\/span><\/div>\n<\/li>\n<li>\n<div align=\"justify\"><span class=\"Style56\" style=\"color: #000000\">Un \u00e9tudiant est autoris\u00e9 \u00e0 poursuivre les \u00e9tudes de L2 tout en ayant \u00e0 charge les mati\u00e8res non acquises de L1 s\u2019il a capitalis\u00e9 entre 30 et 59 cr\u00e9dits dont 10 cr\u00e9dits au moins dans chaque semestre.<\/span><\/div>\n<\/li>\n<li class=\"Style56\">\n<p id=\"\"><span style=\"color: #000000\">Un \u00e9tudiant est autoris\u00e9 \u00e0 poursuivre les \u00e9tudes de L3 tout en ayant \u00e0 charge les mati\u00e8res non acquises de L1 et de L2 s\u2019il a capitalis\u00e9 entre 90 et 119 cr\u00e9dits et s\u2019il a acquis les unit\u00e9s requises pour la sp\u00e9cialit\u00e9<\/span><\/p>\n<\/li>\n<\/ul>\n<p>[\/et_pb_accordion_item][et_pb_accordion_item title=\u00a0\u00bbComment se fait l\u2019orientation ?\u00a0\u00bb _builder_version=\u00a0\u00bb4.16&Prime; _module_preset=\u00a0\u00bbdefault\u00a0\u00bb global_colors_info=\u00a0\u00bb{}\u00a0\u00bb open=\u00a0\u00bboff\u00a0\u00bb]<\/p>\n<p class=\"Style56\"><span style=\"color: #000000\">L\u2019orientation vers la fili\u00e8re ou la sp\u00e9cialit\u00e9 est \u00e9tablie apr\u00e8s classement dans la promotion suivant :<\/span><\/p>\n<ul class=\"Style56\">\n<li><span class=\"Style56\" style=\"color: #000000\">Les v\u0153ux de l\u2019\u00e9tudiant<\/span><\/li>\n<li><span style=\"color: #000000\">Ses r\u00e9sultats (moyenne et session)<\/span><\/li>\n<li><span style=\"color: #000000\">Les places p\u00e9dagogiques disponibles<\/span><\/li>\n<\/ul>\n<p>[\/et_pb_accordion_item][et_pb_accordion_item title=\u00a0\u00bbComment obtenir le dipl\u00f4me de licence?\u00a0\u00bb _builder_version=\u00a0\u00bb4.16&Prime; _module_preset=\u00a0\u00bbdefault\u00a0\u00bb global_colors_info=\u00a0\u00bb{}\u00a0\u00bb open=\u00a0\u00bboff\u00a0\u00bb]<\/p>\n<p class=\"Style56\"><span style=\"color: #000000\">&nbsp;&nbsp;&nbsp;&nbsp;&nbsp;&nbsp;Le dipl\u00f4me de licence est obtenu apr\u00e8s capitalisation de 180 cr\u00e9dits.<\/span><\/p>\n<p>[\/et_pb_accordion_item][\/et_pb_accordion][\/et_pb_column][\/et_pb_row][\/et_pb_section]<\/p>\n","protected":false},"excerpt":{"rendered":"<p>Vice rectorat charg\u00e9 de la p\u00e9dagogie03 lettres pour exprimer trois grades de dipl\u00f4mes universitaires : Licence \u00a0\u00a0 (6 semestres) =\u00a0Bac + 3 ans Master \u00a0 \u00a0 (4 semestres) =\u00a0Bac + 5 ans c\u2019est \u00e0 dire Licence + 2 ans. Doctorat =\u00a0Bac + 8 ans c\u2019est \u00e0 dire Master + 3 ans. Un intitul\u00e9 principal celui [&hellip;]<\/p>\n","protected":false},"author":1,"featured_media":0,"parent":0,"menu_order":0,"comment_status":"closed","ping_status":"closed","template":"","meta":{"_et_pb_use_builder":"on","_et_pb_old_content":"","_et_gb_content_width":"","footnotes":""},"class_list":["post-2345","page","type-page","status-publish","hentry"],"translation":{"provider":"WPGlobus","version":"3.0.1","language":"fr","enabled_languages":["en","fr","ar","gb"],"languages":{"en":{"title":true,"content":true,"excerpt":false},"fr":{"title":false,"content":false,"excerpt":false},"ar":{"title":false,"content":false,"excerpt":false},"gb":{"title":false,"content":false,"excerpt":false}}},"yoast_head":"<!-- This site is optimized with the Yoast SEO plugin v26.7 - https:\/\/yoast.com\/wordpress\/plugins\/seo\/ -->\n<title>VRP- Syst\u00e8me LMD - Vice-Rectorat charg\u00e9 de la p\u00e9dagogie<\/title>\n<meta name=\"robots\" content=\"index, follow, max-snippet:-1, max-image-preview:large, max-video-preview:-1\" \/>\n<link rel=\"canonical\" href=\"https:\/\/www.ummto.dz\/vrp\/vrp-systeme-lmd\/\" \/>\n<meta property=\"og:locale\" content=\"fr_FR\" \/>\n<meta property=\"og:type\" content=\"article\" \/>\n<meta property=\"og:title\" content=\"VRP- Syst\u00e8me LMD - Vice-Rectorat charg\u00e9 de la p\u00e9dagogie\" \/>\n<meta property=\"og:url\" content=\"https:\/\/www.ummto.dz\/vrp\/vrp-systeme-lmd\/\" \/>\n<meta property=\"og:site_name\" content=\"Vice-Rectorat charg\u00e9 de la p\u00e9dagogie\" \/>\n<meta property=\"article:modified_time\" content=\"2025-06-17T11:48:06+00:00\" \/>\n<meta name=\"twitter:card\" content=\"summary_large_image\" \/>\n<meta name=\"twitter:label1\" content=\"Dur\u00e9e de lecture estim\u00e9e\" \/>\n\t<meta name=\"twitter:data1\" content=\"9 minutes\" \/>\n<script type=\"application\/ld+json\" class=\"yoast-schema-graph\">{\"@context\":\"https:\/\/schema.org\",\"@graph\":[{\"@type\":\"WebPage\",\"@id\":\"https:\/\/www.ummto.dz\/vrp\/vrp-systeme-lmd\/\",\"url\":\"https:\/\/www.ummto.dz\/vrp\/vrp-systeme-lmd\/\",\"name\":\"VRP- Syst\u00e8me LMD - Vice-Rectorat charg\u00e9 de la p\u00e9dagogie\",\"isPartOf\":{\"@id\":\"https:\/\/www.ummto.dz\/vrp\/fr\/#website\"},\"datePublished\":\"2022-05-16T12:17:03+00:00\",\"dateModified\":\"2025-06-17T11:48:06+00:00\",\"inLanguage\":\"fr-FR\",\"potentialAction\":[{\"@type\":\"ReadAction\",\"target\":[\"https:\/\/www.ummto.dz\/vrp\/vrp-systeme-lmd\/\"]}]},{\"@type\":\"WebSite\",\"@id\":\"https:\/\/www.ummto.dz\/vrp\/fr\/#website\",\"url\":\"https:\/\/www.ummto.dz\/vrp\/fr\/\",\"name\":\"Vice-Rectorat charg\u00e9 de la p\u00e9dagogie\",\"description\":\"Vice-Rectorat charg\u00e9 de la p\u00e9dagogie\",\"potentialAction\":[{\"@type\":\"SearchAction\",\"target\":{\"@type\":\"EntryPoint\",\"urlTemplate\":\"https:\/\/www.ummto.dz\/vrp\/fr\/?s={search_term_string}\"},\"query-input\":{\"@type\":\"PropertyValueSpecification\",\"valueRequired\":true,\"valueName\":\"search_term_string\"}}],\"inLanguage\":\"fr-FR\"}]}<\/script>\n<!-- \/ Yoast SEO plugin. -->","yoast_head_json":{"title":"VRP- Syst\u00e8me LMD - Vice-Rectorat charg\u00e9 de la p\u00e9dagogie","robots":{"index":"index","follow":"follow","max-snippet":"max-snippet:-1","max-image-preview":"max-image-preview:large","max-video-preview":"max-video-preview:-1"},"canonical":"https:\/\/www.ummto.dz\/vrp\/vrp-systeme-lmd\/","og_locale":"fr_FR","og_type":"article","og_title":"VRP- Syst\u00e8me LMD - Vice-Rectorat charg\u00e9 de la p\u00e9dagogie","og_url":"https:\/\/www.ummto.dz\/vrp\/vrp-systeme-lmd\/","og_site_name":"Vice-Rectorat charg\u00e9 de la p\u00e9dagogie","article_modified_time":"2025-06-17T11:48:06+00:00","twitter_card":"summary_large_image","twitter_misc":{"Dur\u00e9e de lecture estim\u00e9e":"9 minutes"},"schema":{"@context":"https:\/\/schema.org","@graph":[{"@type":"WebPage","@id":"https:\/\/www.ummto.dz\/vrp\/vrp-systeme-lmd\/","url":"https:\/\/www.ummto.dz\/vrp\/vrp-systeme-lmd\/","name":"VRP- Syst\u00e8me LMD - Vice-Rectorat charg\u00e9 de la p\u00e9dagogie","isPartOf":{"@id":"https:\/\/www.ummto.dz\/vrp\/fr\/#website"},"datePublished":"2022-05-16T12:17:03+00:00","dateModified":"2025-06-17T11:48:06+00:00","inLanguage":"fr-FR","potentialAction":[{"@type":"ReadAction","target":["https:\/\/www.ummto.dz\/vrp\/vrp-systeme-lmd\/"]}]},{"@type":"WebSite","@id":"https:\/\/www.ummto.dz\/vrp\/fr\/#website","url":"https:\/\/www.ummto.dz\/vrp\/fr\/","name":"Vice-Rectorat charg\u00e9 de la p\u00e9dagogie","description":"Vice-Rectorat charg\u00e9 de la p\u00e9dagogie","potentialAction":[{"@type":"SearchAction","target":{"@type":"EntryPoint","urlTemplate":"https:\/\/www.ummto.dz\/vrp\/fr\/?s={search_term_string}"},"query-input":{"@type":"PropertyValueSpecification","valueRequired":true,"valueName":"search_term_string"}}],"inLanguage":"fr-FR"}]}},"_links":{"self":[{"href":"https:\/\/www.ummto.dz\/vrp\/fr\/wp-json\/wp\/v2\/pages\/2345","targetHints":{"allow":["GET"]}}],"collection":[{"href":"https:\/\/www.ummto.dz\/vrp\/fr\/wp-json\/wp\/v2\/pages"}],"about":[{"href":"https:\/\/www.ummto.dz\/vrp\/fr\/wp-json\/wp\/v2\/types\/page"}],"author":[{"embeddable":true,"href":"https:\/\/www.ummto.dz\/vrp\/fr\/wp-json\/wp\/v2\/users\/1"}],"replies":[{"embeddable":true,"href":"https:\/\/www.ummto.dz\/vrp\/fr\/wp-json\/wp\/v2\/comments?post=2345"}],"version-history":[{"count":9,"href":"https:\/\/www.ummto.dz\/vrp\/fr\/wp-json\/wp\/v2\/pages\/2345\/revisions"}],"predecessor-version":[{"id":6897,"href":"https:\/\/www.ummto.dz\/vrp\/fr\/wp-json\/wp\/v2\/pages\/2345\/revisions\/6897"}],"wp:attachment":[{"href":"https:\/\/www.ummto.dz\/vrp\/fr\/wp-json\/wp\/v2\/media?parent=2345"}],"curies":[{"name":"wp","href":"https:\/\/api.w.org\/{rel}","templated":true}]}}