{"id":2427,"date":"2022-05-16T12:59:23","date_gmt":"2022-05-16T11:59:23","guid":{"rendered":"https:\/\/www.ummto.dz\/vrp\/?page_id=2427"},"modified":"2025-06-17T10:26:36","modified_gmt":"2025-06-17T09:26:36","slug":"vrp-etudiants-etrangers","status":"publish","type":"page","link":"https:\/\/www.ummto.dz\/vrp\/fr\/vrp-etudiants-etrangers\/","title":{"rendered":"VRP-Etudiants \u00e9trangers"},"content":{"rendered":"<p>[et_pb_section fb_built=\u00a0\u00bb1&Prime; custom_padding_last_edited=\u00a0\u00bbon|desktop\u00a0\u00bb admin_label=\u00a0\u00bbHeader\u00a0\u00bb _builder_version=\u00a0\u00bb4.27.4&Prime; background_image=\u00a0\u00bbhttps:\/\/www.ummto.dz\/vrp\/wp-content\/uploads\/tree-838666_1280-300&#215;198.webp\u00a0\u00bb parallax=\u00a0\u00bbon\u00a0\u00bb custom_margin=\u00a0\u00bb0px||||false|false\u00a0\u00bb custom_margin_tablet=\u00a0\u00bb\u00a0\u00bb custom_margin_phone=\u00a0\u00bb20px|20px||20px|false|true\u00a0\u00bb custom_margin_last_edited=\u00a0\u00bbon|desktop\u00a0\u00bb custom_padding=\u00a0\u00bb100px|0px|0px|||\u00a0\u00bb custom_padding_tablet=\u00a0\u00bb40px||||false|false\u00a0\u00bb custom_padding_phone=\u00a0\u00bb\u00a0\u00bb border_radii_phone=\u00a0\u00bbon|20px|20px|20px|20px\u00a0\u00bb border_radii_last_edited=\u00a0\u00bboff|desktop\u00a0\u00bb locked=\u00a0\u00bboff\u00a0\u00bb global_colors_info=\u00a0\u00bb{}\u00a0\u00bb][et_pb_row use_custom_gutter=\u00a0\u00bbon\u00a0\u00bb make_equal=\u00a0\u00bbon\u00a0\u00bb custom_padding_last_edited=\u00a0\u00bbon|tablet\u00a0\u00bb _builder_version=\u00a0\u00bb4.27.4&Prime; background_enable_color=\u00a0\u00bboff\u00a0\u00bb background_image=\u00a0\u00bbhttps:\/\/www.ummto.dz\/fgei\/wp-content\/uploads\/2025\/05\/psychologist-03.jpg\u00a0\u00bb parallax=\u00a0\u00bbon\u00a0\u00bb transform_scale_tablet=\u00a0\u00bb\u00a0\u00bb transform_scale_phone=\u00a0\u00bb\u00a0\u00bb transform_scale_last_edited=\u00a0\u00bbon|desktop\u00a0\u00bb transform_translate=\u00a0\u00bb30px|0px\u00a0\u00bb transform_translate_tablet=\u00a0\u00bb0px|0px\u00a0\u00bb transform_translate_phone=\u00a0\u00bb\u00a0\u00bb transform_translate_last_edited=\u00a0\u00bbon|tablet\u00a0\u00bb transform_translate_linked=\u00a0\u00bboff\u00a0\u00bb transform_rotate_tablet=\u00a0\u00bb\u00a0\u00bb transform_rotate_phone=\u00a0\u00bb\u00a0\u00bb transform_rotate_last_edited=\u00a0\u00bbon|desktop\u00a0\u00bb transform_skew_tablet=\u00a0\u00bb\u00a0\u00bb transform_skew_phone=\u00a0\u00bb\u00a0\u00bb transform_skew_last_edited=\u00a0\u00bbon|desktop\u00a0\u00bb transform_origin_tablet=\u00a0\u00bb\u00a0\u00bb transform_origin_phone=\u00a0\u00bb\u00a0\u00bb transform_origin_last_edited=\u00a0\u00bbon|desktop\u00a0\u00bb width=\u00a0\u00bb100%\u00a0\u00bb width_tablet=\u00a0\u00bb90%\u00a0\u00bb width_phone=\u00a0\u00bb\u00a0\u00bb width_last_edited=\u00a0\u00bbon|desktop\u00a0\u00bb max_width=\u00a0\u00bb1200px\u00a0\u00bb module_alignment=\u00a0\u00bbcenter\u00a0\u00bb custom_margin=\u00a0\u00bb100px||||false|false\u00a0\u00bb custom_padding=\u00a0\u00bb43px|0px|43px|140px|false|false\u00a0\u00bb custom_padding_tablet=\u00a0\u00bb60px||60px||true|true\u00a0\u00bb custom_padding_phone=\u00a0\u00bb40px|20px|40px|20px|true|true\u00a0\u00bb box_shadow_style=\u00a0\u00bbpreset3&Prime; box_shadow_vertical=\u00a0\u00bb40px\u00a0\u00bb box_shadow_blur=\u00a0\u00bb110px\u00a0\u00bb box_shadow_spread=\u00a0\u00bb0px\u00a0\u00bb box_shadow_color=\u00a0\u00bbrgba(9,6,38,0.62)\u00a0\u00bb global_colors_info=\u00a0\u00bb{}\u00a0\u00bb][et_pb_column type=\u00a0\u00bb4_4&Prime; _builder_version=\u00a0\u00bb4.16&Prime; global_colors_info=\u00a0\u00bb{}\u00a0\u00bb][et_pb_text _builder_version=\u00a0\u00bb4.27.4&Prime; text_font_size=\u00a0\u00bb16px\u00a0\u00bb text_line_height=\u00a0\u00bb1.8em\u00a0\u00bb header_font=\u00a0\u00bbTaviraj||||||||\u00a0\u00bb header_text_align=\u00a0\u00bbleft\u00a0\u00bb header_letter_spacing=\u00a0\u00bb3px\u00a0\u00bb header_line_height=\u00a0\u00bb1.2em\u00a0\u00bb max_width=\u00a0\u00bb600px\u00a0\u00bb module_alignment=\u00a0\u00bbleft\u00a0\u00bb custom_margin=\u00a0\u00bb0px|0px|||false|false\u00a0\u00bb custom_padding=\u00a0\u00bb||0px|200px|false|false\u00a0\u00bb hover_enabled=\u00a0\u00bb0&Prime; text_font_size_tablet=\u00a0\u00bb16px\u00a0\u00bb text_font_size_phone=\u00a0\u00bb15px\u00a0\u00bb text_font_size_last_edited=\u00a0\u00bbon|desktop\u00a0\u00bb header_font_size_tablet=\u00a0\u00bb40px\u00a0\u00bb header_font_size_phone=\u00a0\u00bb26px\u00a0\u00bb header_font_size_last_edited=\u00a0\u00bbon|desktop\u00a0\u00bb global_colors_info=\u00a0\u00bb{}\u00a0\u00bb header_font_size=\u00a0\u00bb25px\u00a0\u00bb sticky_enabled=\u00a0\u00bb0&Prime;]<\/p>\n<h1 style=\"text-align: center;\"><span><span style=\"color: #333333;\">Vice rectorat charg\u00e9 de la p\u00e9dagogie<\/span><\/span><\/h1>\n<p>[\/et_pb_text][\/et_pb_column][\/et_pb_row][et_pb_row use_custom_gutter=\u00a0\u00bbon\u00a0\u00bb make_equal=\u00a0\u00bbon\u00a0\u00bb _builder_version=\u00a0\u00bb4.27.4&Prime; _module_preset=\u00a0\u00bbdefault\u00a0\u00bb width=\u00a0\u00bb100%\u00a0\u00bb max_width=\u00a0\u00bb1161px\u00a0\u00bb module_alignment=\u00a0\u00bbcenter\u00a0\u00bb custom_margin=\u00a0\u00bb0px|0px|0px|0px|false|false\u00a0\u00bb locked=\u00a0\u00bboff\u00a0\u00bb global_colors_info=\u00a0\u00bb{}\u00a0\u00bb][et_pb_column type=\u00a0\u00bb4_4&Prime; _builder_version=\u00a0\u00bb4.27.4&Prime; _module_preset=\u00a0\u00bbdefault\u00a0\u00bb global_colors_info=\u00a0\u00bb{}\u00a0\u00bb][et_pb_menu menu_id=\u00a0\u00bb2&Prime; menu_style=\u00a0\u00bbcentered\u00a0\u00bb active_link_color=\u00a0\u00bb#000000&Prime; dropdown_menu_line_color=\u00a0\u00bb#448968&Prime; logo_width=\u00a0\u00bb100%\u00a0\u00bb logo_height=\u00a0\u00bb200px\u00a0\u00bb logo_max_height=\u00a0\u00bb200px\u00a0\u00bb show_search_icon=\u00a0\u00bbon\u00a0\u00bb logo_width_tablet=\u00a0\u00bb100%\u00a0\u00bb logo_width_phone=\u00a0\u00bb100%\u00a0\u00bb logo_width_last_edited=\u00a0\u00bbon|tablet\u00a0\u00bb _builder_version=\u00a0\u00bb4.27.4&Prime; _module_preset=\u00a0\u00bbdefault\u00a0\u00bb menu_font=\u00a0\u00bbTaviraj|600|||||||\u00a0\u00bb menu_text_color=\u00a0\u00bb#000000&Prime; width=\u00a0\u00bb100%\u00a0\u00bb max_width=\u00a0\u00bb100%\u00a0\u00bb module_alignment=\u00a0\u00bbcenter\u00a0\u00bb custom_margin=\u00a0\u00bb0px||0px||false|false\u00a0\u00bb custom_margin_tablet=\u00a0\u00bb||||false|false\u00a0\u00bb custom_margin_phone=\u00a0\u00bb||||false|false\u00a0\u00bb custom_margin_last_edited=\u00a0\u00bbon|tablet\u00a0\u00bb custom_padding=\u00a0\u00bb15px||15px|0px|false|false\u00a0\u00bb hover_enabled=\u00a0\u00bb0&Prime; box_shadow_style=\u00a0\u00bbpreset1&Prime; locked=\u00a0\u00bboff\u00a0\u00bb global_colors_info=\u00a0\u00bb{}\u00a0\u00bb min_height__hover_enabled=\u00a0\u00bbon|desktop\u00a0\u00bb sticky_enabled=\u00a0\u00bb0&Prime;][\/et_pb_menu][\/et_pb_column][\/et_pb_row][\/et_pb_section][et_pb_section fb_built=\u00a0\u00bb1&Prime; _builder_version=\u00a0\u00bb4.27.4&Prime; _module_preset=\u00a0\u00bbdefault\u00a0\u00bb top_divider_color=\u00a0\u00bb#FFFFFF\u00a0\u00bb top_divider_height=\u00a0\u00bb26px\u00a0\u00bb top_divider_repeat=\u00a0\u00bb1x\u00a0\u00bb locked=\u00a0\u00bboff\u00a0\u00bb global_colors_info=\u00a0\u00bb{}\u00a0\u00bb][et_pb_row _builder_version=\u00a0\u00bb4.27.0&Prime; _module_preset=\u00a0\u00bbdefault\u00a0\u00bb custom_padding=\u00a0\u00bb10px||10px||true|false\u00a0\u00bb global_colors_info=\u00a0\u00bb{}\u00a0\u00bb][et_pb_column type=\u00a0\u00bb4_4&Prime; _builder_version=\u00a0\u00bb4.27.0&Prime; _module_preset=\u00a0\u00bbdefault\u00a0\u00bb box_shadow_style=\u00a0\u00bbpreset1&Prime; box_shadow_horizontal=\u00a0\u00bb33px\u00a0\u00bb global_colors_info=\u00a0\u00bb{}\u00a0\u00bb][et_pb_slider _builder_version=\u00a0\u00bb4.27.4&Prime; _module_preset=\u00a0\u00bbdefault\u00a0\u00bb width=\u00a0\u00bb100%\u00a0\u00bb module_alignment=\u00a0\u00bbcenter\u00a0\u00bb min_height=\u00a0\u00bb338.3px\u00a0\u00bb custom_margin=\u00a0\u00bb0px||||false|false\u00a0\u00bb custom_padding=\u00a0\u00bb0px||0px||false|false\u00a0\u00bb hover_enabled=\u00a0\u00bb0&Prime; global_colors_info=\u00a0\u00bb{}\u00a0\u00bb sticky_enabled=\u00a0\u00bb0&Prime;][et_pb_slide _builder_version=\u00a0\u00bb4.27.4&Prime; _module_preset=\u00a0\u00bbdefault\u00a0\u00bb background_color=\u00a0\u00bbrgba(147,175,147,0.58)\u00a0\u00bb background_enable_color=\u00a0\u00bbon\u00a0\u00bb global_colors_info=\u00a0\u00bb{}\u00a0\u00bb sticky_transition=\u00a0\u00bbon\u00a0\u00bb]<\/p>\n<h1 style=\"text-align: center;\"><a href=\"https:\/\/www.ummto.dz\/vrp\/5677-2\/\" target=\"_blank\" rel=\"noopener\"><span style=\"color: #000000;\">Ch\u00e8res bacheli\u00e8res, chers bacheliers, &#8230; F\u00e9licitations !<\/span><\/a><br \/><span style=\"color: #000000;\"><a href=\"https:\/\/www.ummto.dz\/vrp\/5677-2\/\" target=\"_blank\" rel=\"noopener\" style=\"color: #000000;\">Bienvenue au sein de la communaut\u00e9 universitaire !<\/a><\/span><\/h1>\n<p>&nbsp;<\/p>\n<h1 style=\"text-align: center;\"><span style=\"color: #008000;\"><strong><em>Visites Virtuelles de l&rsquo;\u00e9tablissement universitaire<\/em><\/strong><\/span><\/h1>\n<h2 style=\"text-align: center;\"><span style=\"color: #800000;\"><strong><em>Du 16 Juillet au 23 Juillet 2024<\/em><\/strong><\/span><\/h2>\n<p>[\/et_pb_slide][\/et_pb_slider][\/et_pb_column][\/et_pb_row][\/et_pb_section][et_pb_section fb_built=\u00a0\u00bb1&Prime; _builder_version=\u00a0\u00bb4.27.0&Prime; _module_preset=\u00a0\u00bbdefault\u00a0\u00bb custom_padding=\u00a0\u00bb0px||25px||false|false\u00a0\u00bb global_colors_info=\u00a0\u00bb{}\u00a0\u00bb][et_pb_row _builder_version=\u00a0\u00bb4.16&Prime; _module_preset=\u00a0\u00bbdefault\u00a0\u00bb global_colors_info=\u00a0\u00bb{}\u00a0\u00bb][et_pb_column type=\u00a0\u00bb4_4&Prime; _builder_version=\u00a0\u00bb4.16&Prime; _module_preset=\u00a0\u00bbdefault\u00a0\u00bb global_colors_info=\u00a0\u00bb{}\u00a0\u00bb][et_pb_text _builder_version=\u00a0\u00bb4.27.4&Prime; _module_preset=\u00a0\u00bbdefault\u00a0\u00bb width=\u00a0\u00bb100%\u00a0\u00bb max_width_tablet=\u00a0\u00bb\u00a0\u00bb max_width_phone=\u00a0\u00bb\u00a0\u00bb max_width_last_edited=\u00a0\u00bbon|desktop\u00a0\u00bb module_alignment=\u00a0\u00bbcenter\u00a0\u00bb min_height=\u00a0\u00bb230.8px\u00a0\u00bb custom_margin=\u00a0\u00bb5px||0px|-30px|false|false\u00a0\u00bb custom_padding=\u00a0\u00bb5px|6px|20px|9px|false|false\u00a0\u00bb box_shadow_style=\u00a0\u00bbpreset6&Prime; box_shadow_spread=\u00a0\u00bb2px\u00a0\u00bb box_shadow_color=\u00a0\u00bb#b5b5b5&Prime; global_colors_info=\u00a0\u00bb{}\u00a0\u00bb max_width__hover_enabled=\u00a0\u00bboff|desktop\u00a0\u00bb]<\/p>\n<h2 style=\"text-align: left;\"><span style=\"color: #0000ff;\"><strong><a href=\"https:\/\/www.ummto.dz\/vrp\/vrp-etudiants-etrangers-en\/\" style=\"color: #0000ff;\"><span style=\"color: #008000;\">Read in English<\/span><\/a><\/strong><\/span><\/h2>\n<h2 style=\"text-align: center;\"><span style=\"color: #008000;\"><strong>Inscription des \u00c9tudiants \u00c9trangers<\/strong><\/span><\/h2>\n<p><span style=\"color: #800000;\"><strong><\/strong><\/span><\/p>\n<p style=\"padding-left: 40px;\"><strong><span style=\"color: #000000;\">1) \u00c9tudiants B\u00e9n\u00e9ficiaires d\u2019une Bourse du Gouvernement Alg\u00e9rien :<\/span><\/strong><\/p>\n<p><span style=\"color: #000000;\">Conform\u00e9ment \u00e0 la Circulaire Minist\u00e9rielle No. 47 du 05 mai 1986, les \u00e9tudiants \u00e9trangers sont autoris\u00e9s \u00e0 s\u2019inscrire dans les universit\u00e9s alg\u00e9riennes sous r\u00e9serve de soumettre un Certificat \u00e9tabli par la Direction de la Coop\u00e9ration du Minist\u00e8re de l\u2019Enseignement Sup\u00e9rieur et de la Recherche Scientifique.<\/span><\/p>\n<p style=\"padding-left: 40px;\"><strong><span style=\"color: #000000;\">2) \u00c9tudiants Enfants de R\u00e9sidents \u00c9trangers en Alg\u00e9rie :<\/span><\/strong><\/p>\n<p><span style=\"color: #000000;\">Ces \u00e9tudiants peuvent obtenir une place p\u00e9dagogique dans les m\u00eames conditions que les \u00e9tudiants alg\u00e9riens. Cependant, leur inscription d\u00e9finitive requiert la pr\u00e9sentation d\u2019une Autorisation d\u00e9livr\u00e9e par la Direction de la Coop\u00e9ration du Minist\u00e8re de l\u2019Enseignement Sup\u00e9rieur t de la Recherche Scientifique.<\/span><\/p>\n<p style=\"padding-left: 40px;\"><strong><span style=\"color: #000000;\">3) Formalit\u00e9s d&rsquo;inscription:<\/span><\/strong><\/p>\n<p><span style=\"color: #000000;\">Le Dossier d\u2019Inscription doit comporter:<\/span><\/p>\n<ul>\n<li style=\"list-style-type: none;\">\n<ul>\n<li><span style=\"color: #000000;\">Autorisation minist\u00e9rielle d&rsquo;inscription pour \u00e9tudiant \u00e9tranger<\/span><\/li>\n<li><span style=\"color: #000000;\">Original du dipl\u00f4me du Baccalaur\u00e9at<\/span><\/li>\n<li><span style=\"color: #000000;\">\u00c9quivalence du dipl\u00f4me du Baccalaur\u00e9at<\/span><\/li>\n<li><span style=\"color: #000000;\">Acte de Naissance (original)<\/span><\/li>\n<li><span style=\"color: #000000;\">Copie du passeport<\/span><\/li>\n<li><span style=\"color: #000000;\">3 Photos d\u2019identit\u00e9<\/span><\/li>\n<li><span style=\"color: #000000;\">Quittance de Versement des Droits d\u2019Inscription (200 DA)<\/span><\/li>\n<li><span style=\"color: #000000;\">Une Fiche de Renseignements.<\/span><\/li>\n<\/ul>\n<\/li>\n<\/ul>\n<p style=\"padding-left: 40px;\"><strong><span style=\"color: #000000;\">4) Authentification des documents p\u00e9dagogiques:<\/span><\/strong><\/p>\n<p><span style=\"color: #000000;\">L\u2019authentification est l\u2019op\u00e9ration de validation par le Minist\u00e8re de l\u2019Enseignement Sup\u00e9rieur et de la Recherche Scientifique de documents p\u00e9dagogiques d\u00e9livr\u00e9s par l&rsquo;universit\u00e9.<\/span><\/p>\n<p><span style=\"color: #000000;\">Le dossier doit comporter :<\/span><\/p>\n<ul>\n<li style=\"list-style-type: none;\">\n<ul>\n<li><span style=\"color: #000000;\">Original du dipl\u00f4me Universitaire d\u00e9finitif.<\/span><\/li>\n<li><span style=\"color: #000000;\">Originaux des relev\u00e9s notes de toutes les ann\u00e9es du cursus.<\/span><\/li>\n<li><span style=\"color: #000000;\">Annexe descriptive au dipl\u00f4me de Licence et Master LMD.<\/span><\/li>\n<li><span style=\"color: #000000;\">Photocopie de l\u2019Attestation d\u2019\u00e9quivalence du baccalaur\u00e9at.<\/span><\/li>\n<li><span style=\"color: #000000;\">Photocopie de l\u2019Autorisation minist\u00e9rielle<\/span><\/li>\n<li><span style=\"color: #000000;\">En cas de transfert : pr\u00e9senter la fiche de transfert (doit \u00eatre sign\u00e9e par les deux \u00e9tablissements + l\u2019avis du directeur de la coop\u00e9ration et des \u00e9changes inter-universitaires <strong>(MESRS)<\/strong><\/span><\/li>\n<\/ul>\n<\/li>\n<\/ul>\n<p><span style=\"color: #000000;\">T\u00e9l\u00e9chargez ici le d\u00e9pliant destin\u00e9 aux \u00e9tudiants \u00e9trangers : <span style=\"color: #008000;\"><a href=\"https:\/\/www.ummto.dz\/vrp\/wp-content\/uploads\/Guide-de-la-procedure-dinscription-des-etudiants-etrangers.pdf\" target=\"_blank\" rel=\"noopener\" style=\"color: #008000;\"><strong>DEPLIANT<\/strong><\/a><\/span><\/span><\/p>\n<p>[\/et_pb_text][\/et_pb_column][\/et_pb_row][\/et_pb_section]<\/p>\n","protected":false},"excerpt":{"rendered":"<p>Vice rectorat charg\u00e9 de la p\u00e9dagogieCh\u00e8res bacheli\u00e8res, chers bacheliers, &#8230; F\u00e9licitations !Bienvenue au sein de la communaut\u00e9 universitaire ! &nbsp; Visites Virtuelles de l&rsquo;\u00e9tablissement universitaire Du 16 Juillet au 23 Juillet 2024Read in English Inscription des \u00c9tudiants \u00c9trangers 1) \u00c9tudiants B\u00e9n\u00e9ficiaires d\u2019une Bourse du Gouvernement Alg\u00e9rien : Conform\u00e9ment \u00e0 la Circulaire Minist\u00e9rielle No. 47 du [&hellip;]<\/p>\n","protected":false},"author":1,"featured_media":0,"parent":0,"menu_order":0,"comment_status":"closed","ping_status":"closed","template":"","meta":{"_et_pb_use_builder":"on","_et_pb_old_content":"","_et_gb_content_width":"","footnotes":""},"class_list":["post-2427","page","type-page","status-publish","hentry"],"translation":{"provider":"WPGlobus","version":"3.0.1","language":"fr","enabled_languages":["en","fr","ar","gb"],"languages":{"en":{"title":true,"content":true,"excerpt":false},"fr":{"title":false,"content":false,"excerpt":false},"ar":{"title":false,"content":false,"excerpt":false},"gb":{"title":false,"content":false,"excerpt":false}}},"yoast_head":"<!-- This site is optimized with the Yoast SEO plugin v26.7 - https:\/\/yoast.com\/wordpress\/plugins\/seo\/ -->\n<title>VRP-Etudiants \u00e9trangers - Vice-Rectorat charg\u00e9 de la p\u00e9dagogie<\/title>\n<meta name=\"robots\" content=\"index, follow, max-snippet:-1, max-image-preview:large, max-video-preview:-1\" \/>\n<link rel=\"canonical\" href=\"https:\/\/www.ummto.dz\/vrp\/vrp-etudiants-etrangers\/\" \/>\n<meta property=\"og:locale\" content=\"fr_FR\" \/>\n<meta property=\"og:type\" content=\"article\" \/>\n<meta property=\"og:title\" content=\"VRP-Etudiants \u00e9trangers - Vice-Rectorat charg\u00e9 de la p\u00e9dagogie\" \/>\n<meta property=\"og:url\" content=\"https:\/\/www.ummto.dz\/vrp\/vrp-etudiants-etrangers\/\" \/>\n<meta property=\"og:site_name\" content=\"Vice-Rectorat charg\u00e9 de la p\u00e9dagogie\" \/>\n<meta property=\"article:modified_time\" content=\"2025-06-17T09:26:36+00:00\" \/>\n<meta name=\"twitter:card\" content=\"summary_large_image\" \/>\n<meta name=\"twitter:label1\" content=\"Dur\u00e9e de lecture estim\u00e9e\" \/>\n\t<meta name=\"twitter:data1\" content=\"2 minutes\" \/>\n<script type=\"application\/ld+json\" class=\"yoast-schema-graph\">{\"@context\":\"https:\/\/schema.org\",\"@graph\":[{\"@type\":\"WebPage\",\"@id\":\"https:\/\/www.ummto.dz\/vrp\/vrp-etudiants-etrangers\/\",\"url\":\"https:\/\/www.ummto.dz\/vrp\/vrp-etudiants-etrangers\/\",\"name\":\"VRP-Etudiants \u00e9trangers - Vice-Rectorat charg\u00e9 de la p\u00e9dagogie\",\"isPartOf\":{\"@id\":\"https:\/\/www.ummto.dz\/vrp\/fr\/#website\"},\"datePublished\":\"2022-05-16T11:59:23+00:00\",\"dateModified\":\"2025-06-17T09:26:36+00:00\",\"inLanguage\":\"fr-FR\",\"potentialAction\":[{\"@type\":\"ReadAction\",\"target\":[\"https:\/\/www.ummto.dz\/vrp\/vrp-etudiants-etrangers\/\"]}]},{\"@type\":\"WebSite\",\"@id\":\"https:\/\/www.ummto.dz\/vrp\/fr\/#website\",\"url\":\"https:\/\/www.ummto.dz\/vrp\/fr\/\",\"name\":\"Vice-Rectorat charg\u00e9 de la p\u00e9dagogie\",\"description\":\"Vice-Rectorat charg\u00e9 de la p\u00e9dagogie\",\"potentialAction\":[{\"@type\":\"SearchAction\",\"target\":{\"@type\":\"EntryPoint\",\"urlTemplate\":\"https:\/\/www.ummto.dz\/vrp\/fr\/?s={search_term_string}\"},\"query-input\":{\"@type\":\"PropertyValueSpecification\",\"valueRequired\":true,\"valueName\":\"search_term_string\"}}],\"inLanguage\":\"fr-FR\"}]}<\/script>\n<!-- \/ Yoast SEO plugin. -->","yoast_head_json":{"title":"VRP-Etudiants \u00e9trangers - Vice-Rectorat charg\u00e9 de la p\u00e9dagogie","robots":{"index":"index","follow":"follow","max-snippet":"max-snippet:-1","max-image-preview":"max-image-preview:large","max-video-preview":"max-video-preview:-1"},"canonical":"https:\/\/www.ummto.dz\/vrp\/vrp-etudiants-etrangers\/","og_locale":"fr_FR","og_type":"article","og_title":"VRP-Etudiants \u00e9trangers - Vice-Rectorat charg\u00e9 de la p\u00e9dagogie","og_url":"https:\/\/www.ummto.dz\/vrp\/vrp-etudiants-etrangers\/","og_site_name":"Vice-Rectorat charg\u00e9 de la p\u00e9dagogie","article_modified_time":"2025-06-17T09:26:36+00:00","twitter_card":"summary_large_image","twitter_misc":{"Dur\u00e9e de lecture estim\u00e9e":"2 minutes"},"schema":{"@context":"https:\/\/schema.org","@graph":[{"@type":"WebPage","@id":"https:\/\/www.ummto.dz\/vrp\/vrp-etudiants-etrangers\/","url":"https:\/\/www.ummto.dz\/vrp\/vrp-etudiants-etrangers\/","name":"VRP-Etudiants \u00e9trangers - Vice-Rectorat charg\u00e9 de la p\u00e9dagogie","isPartOf":{"@id":"https:\/\/www.ummto.dz\/vrp\/fr\/#website"},"datePublished":"2022-05-16T11:59:23+00:00","dateModified":"2025-06-17T09:26:36+00:00","inLanguage":"fr-FR","potentialAction":[{"@type":"ReadAction","target":["https:\/\/www.ummto.dz\/vrp\/vrp-etudiants-etrangers\/"]}]},{"@type":"WebSite","@id":"https:\/\/www.ummto.dz\/vrp\/fr\/#website","url":"https:\/\/www.ummto.dz\/vrp\/fr\/","name":"Vice-Rectorat charg\u00e9 de la p\u00e9dagogie","description":"Vice-Rectorat charg\u00e9 de la p\u00e9dagogie","potentialAction":[{"@type":"SearchAction","target":{"@type":"EntryPoint","urlTemplate":"https:\/\/www.ummto.dz\/vrp\/fr\/?s={search_term_string}"},"query-input":{"@type":"PropertyValueSpecification","valueRequired":true,"valueName":"search_term_string"}}],"inLanguage":"fr-FR"}]}},"_links":{"self":[{"href":"https:\/\/www.ummto.dz\/vrp\/fr\/wp-json\/wp\/v2\/pages\/2427","targetHints":{"allow":["GET"]}}],"collection":[{"href":"https:\/\/www.ummto.dz\/vrp\/fr\/wp-json\/wp\/v2\/pages"}],"about":[{"href":"https:\/\/www.ummto.dz\/vrp\/fr\/wp-json\/wp\/v2\/types\/page"}],"author":[{"embeddable":true,"href":"https:\/\/www.ummto.dz\/vrp\/fr\/wp-json\/wp\/v2\/users\/1"}],"replies":[{"embeddable":true,"href":"https:\/\/www.ummto.dz\/vrp\/fr\/wp-json\/wp\/v2\/comments?post=2427"}],"version-history":[{"count":36,"href":"https:\/\/www.ummto.dz\/vrp\/fr\/wp-json\/wp\/v2\/pages\/2427\/revisions"}],"predecessor-version":[{"id":6867,"href":"https:\/\/www.ummto.dz\/vrp\/fr\/wp-json\/wp\/v2\/pages\/2427\/revisions\/6867"}],"wp:attachment":[{"href":"https:\/\/www.ummto.dz\/vrp\/fr\/wp-json\/wp\/v2\/media?parent=2427"}],"curies":[{"name":"wp","href":"https:\/\/api.w.org\/{rel}","templated":true}]}}