{"id":2484,"date":"2022-05-16T14:11:28","date_gmt":"2022-05-16T13:11:28","guid":{"rendered":"https:\/\/www.ummto.dz\/vrp\/?page_id=2484"},"modified":"2025-07-18T19:48:03","modified_gmt":"2025-07-18T18:48:03","slug":"vrp-liens-utiles","status":"publish","type":"page","link":"https:\/\/www.ummto.dz\/vrp\/fr\/vrp-liens-utiles\/","title":{"rendered":"VRP&#8211;Liens utiles"},"content":{"rendered":"<p>[et_pb_section fb_built=\u00a0\u00bb1&Prime; custom_padding_last_edited=\u00a0\u00bbon|desktop\u00a0\u00bb admin_label=\u00a0\u00bbHeader\u00a0\u00bb _builder_version=\u00a0\u00bb4.27.4&Prime; background_image=\u00a0\u00bbhttps:\/\/www.ummto.dz\/vrp\/wp-content\/uploads\/tree-838666_1280-300&#215;198.webp\u00a0\u00bb parallax=\u00a0\u00bbon\u00a0\u00bb custom_margin=\u00a0\u00bb0px||||false|false\u00a0\u00bb custom_margin_tablet=\u00a0\u00bb\u00a0\u00bb custom_margin_phone=\u00a0\u00bb20px|20px||20px|false|true\u00a0\u00bb custom_margin_last_edited=\u00a0\u00bbon|desktop\u00a0\u00bb custom_padding=\u00a0\u00bb100px|0px|0px|||\u00a0\u00bb custom_padding_tablet=\u00a0\u00bb40px||||false|false\u00a0\u00bb custom_padding_phone=\u00a0\u00bb\u00a0\u00bb border_radii_phone=\u00a0\u00bbon|20px|20px|20px|20px\u00a0\u00bb border_radii_last_edited=\u00a0\u00bboff|desktop\u00a0\u00bb locked=\u00a0\u00bboff\u00a0\u00bb global_colors_info=\u00a0\u00bb{}\u00a0\u00bb][et_pb_row use_custom_gutter=\u00a0\u00bbon\u00a0\u00bb make_equal=\u00a0\u00bbon\u00a0\u00bb custom_padding_last_edited=\u00a0\u00bbon|tablet\u00a0\u00bb _builder_version=\u00a0\u00bb4.27.4&Prime; background_enable_color=\u00a0\u00bboff\u00a0\u00bb background_image=\u00a0\u00bbhttps:\/\/www.ummto.dz\/fgei\/wp-content\/uploads\/2025\/05\/psychologist-03.jpg\u00a0\u00bb parallax=\u00a0\u00bbon\u00a0\u00bb transform_scale_tablet=\u00a0\u00bb\u00a0\u00bb transform_scale_phone=\u00a0\u00bb\u00a0\u00bb transform_scale_last_edited=\u00a0\u00bbon|desktop\u00a0\u00bb transform_translate=\u00a0\u00bb30px|0px\u00a0\u00bb transform_translate_tablet=\u00a0\u00bb0px|0px\u00a0\u00bb transform_translate_phone=\u00a0\u00bb\u00a0\u00bb transform_translate_last_edited=\u00a0\u00bbon|tablet\u00a0\u00bb transform_translate_linked=\u00a0\u00bboff\u00a0\u00bb transform_rotate_tablet=\u00a0\u00bb\u00a0\u00bb transform_rotate_phone=\u00a0\u00bb\u00a0\u00bb transform_rotate_last_edited=\u00a0\u00bbon|desktop\u00a0\u00bb transform_skew_tablet=\u00a0\u00bb\u00a0\u00bb transform_skew_phone=\u00a0\u00bb\u00a0\u00bb transform_skew_last_edited=\u00a0\u00bbon|desktop\u00a0\u00bb transform_origin_tablet=\u00a0\u00bb\u00a0\u00bb transform_origin_phone=\u00a0\u00bb\u00a0\u00bb transform_origin_last_edited=\u00a0\u00bbon|desktop\u00a0\u00bb width=\u00a0\u00bb100%\u00a0\u00bb width_tablet=\u00a0\u00bb90%\u00a0\u00bb width_phone=\u00a0\u00bb\u00a0\u00bb width_last_edited=\u00a0\u00bbon|desktop\u00a0\u00bb max_width=\u00a0\u00bb1200px\u00a0\u00bb module_alignment=\u00a0\u00bbcenter\u00a0\u00bb custom_margin=\u00a0\u00bb100px||||false|false\u00a0\u00bb custom_padding=\u00a0\u00bb43px|0px|43px|140px|false|false\u00a0\u00bb custom_padding_tablet=\u00a0\u00bb60px||60px||true|true\u00a0\u00bb custom_padding_phone=\u00a0\u00bb40px|20px|40px|20px|true|true\u00a0\u00bb box_shadow_style=\u00a0\u00bbpreset3&Prime; box_shadow_vertical=\u00a0\u00bb40px\u00a0\u00bb box_shadow_blur=\u00a0\u00bb110px\u00a0\u00bb box_shadow_spread=\u00a0\u00bb0px\u00a0\u00bb box_shadow_color=\u00a0\u00bbrgba(9,6,38,0.62)\u00a0\u00bb global_colors_info=\u00a0\u00bb{}\u00a0\u00bb][et_pb_column type=\u00a0\u00bb4_4&Prime; _builder_version=\u00a0\u00bb4.16&Prime; global_colors_info=\u00a0\u00bb{}\u00a0\u00bb][et_pb_text _builder_version=\u00a0\u00bb4.27.4&Prime; text_font_size=\u00a0\u00bb16px\u00a0\u00bb text_line_height=\u00a0\u00bb1.8em\u00a0\u00bb header_font=\u00a0\u00bbTaviraj||||||||\u00a0\u00bb header_text_align=\u00a0\u00bbleft\u00a0\u00bb header_font_size=\u00a0\u00bb25px\u00a0\u00bb header_letter_spacing=\u00a0\u00bb3px\u00a0\u00bb header_line_height=\u00a0\u00bb1.2em\u00a0\u00bb max_width=\u00a0\u00bb600px\u00a0\u00bb module_alignment=\u00a0\u00bbleft\u00a0\u00bb custom_margin=\u00a0\u00bb0px|0px|||false|false\u00a0\u00bb custom_padding=\u00a0\u00bb||0px|200px|false|false\u00a0\u00bb text_font_size_tablet=\u00a0\u00bb16px\u00a0\u00bb text_font_size_phone=\u00a0\u00bb15px\u00a0\u00bb text_font_size_last_edited=\u00a0\u00bbon|desktop\u00a0\u00bb header_font_size_tablet=\u00a0\u00bb40px\u00a0\u00bb header_font_size_phone=\u00a0\u00bb26px\u00a0\u00bb header_font_size_last_edited=\u00a0\u00bbon|desktop\u00a0\u00bb global_colors_info=\u00a0\u00bb{}\u00a0\u00bb]<\/p>\n<h1 style=\"text-align: center\"><span><span style=\"color: #333333\">Vice rectorat charg\u00e9 de la p\u00e9dagogie<\/span><\/span><\/h1>\n<p>[\/et_pb_text][\/et_pb_column][\/et_pb_row][et_pb_row use_custom_gutter=\u00a0\u00bbon\u00a0\u00bb make_equal=\u00a0\u00bbon\u00a0\u00bb _builder_version=\u00a0\u00bb4.27.4&Prime; _module_preset=\u00a0\u00bbdefault\u00a0\u00bb width=\u00a0\u00bb100%\u00a0\u00bb max_width=\u00a0\u00bb1161px\u00a0\u00bb module_alignment=\u00a0\u00bbcenter\u00a0\u00bb locked=\u00a0\u00bboff\u00a0\u00bb global_colors_info=\u00a0\u00bb{}\u00a0\u00bb][et_pb_column type=\u00a0\u00bb4_4&Prime; _builder_version=\u00a0\u00bb4.27.4&Prime; _module_preset=\u00a0\u00bbdefault\u00a0\u00bb global_colors_info=\u00a0\u00bb{}\u00a0\u00bb][et_pb_menu menu_id=\u00a0\u00bb2&Prime; menu_style=\u00a0\u00bbcentered\u00a0\u00bb active_link_color=\u00a0\u00bb#000000&Prime; dropdown_menu_line_color=\u00a0\u00bb#166611&Prime; logo_width=\u00a0\u00bb100%\u00a0\u00bb logo_height=\u00a0\u00bb200px\u00a0\u00bb logo_max_height=\u00a0\u00bb200px\u00a0\u00bb show_search_icon=\u00a0\u00bbon\u00a0\u00bb logo_width_tablet=\u00a0\u00bb100%\u00a0\u00bb logo_width_phone=\u00a0\u00bb100%\u00a0\u00bb logo_width_last_edited=\u00a0\u00bbon|tablet\u00a0\u00bb _builder_version=\u00a0\u00bb4.27.4&Prime; _module_preset=\u00a0\u00bbdefault\u00a0\u00bb menu_font=\u00a0\u00bbTaviraj|600|||||||\u00a0\u00bb menu_text_color=\u00a0\u00bb#000000&Prime; width=\u00a0\u00bb100%\u00a0\u00bb max_width=\u00a0\u00bb100%\u00a0\u00bb module_alignment=\u00a0\u00bbcenter\u00a0\u00bb custom_margin=\u00a0\u00bb0px|-23px|0px||false|false\u00a0\u00bb custom_margin_tablet=\u00a0\u00bb||||false|false\u00a0\u00bb custom_margin_phone=\u00a0\u00bb||||false|false\u00a0\u00bb custom_margin_last_edited=\u00a0\u00bbon|tablet\u00a0\u00bb custom_padding=\u00a0\u00bb15px||15px|0px|false|false\u00a0\u00bb box_shadow_style=\u00a0\u00bbpreset1&Prime; locked=\u00a0\u00bboff\u00a0\u00bb global_colors_info=\u00a0\u00bb{}\u00a0\u00bb min_height__hover_enabled=\u00a0\u00bbon|desktop\u00a0\u00bb][\/et_pb_menu][\/et_pb_column][\/et_pb_row][\/et_pb_section][et_pb_section fb_built=\u00a0\u00bb1&Prime; _builder_version=\u00a0\u00bb4.17.4&Prime; _module_preset=\u00a0\u00bbdefault\u00a0\u00bb global_colors_info=\u00a0\u00bb{}\u00a0\u00bb][et_pb_row _builder_version=\u00a0\u00bb4.27.0&Prime; _module_preset=\u00a0\u00bbdefault\u00a0\u00bb custom_margin=\u00a0\u00bb10px||10px||false|false\u00a0\u00bb custom_padding=\u00a0\u00bb10px|10px|10px|10px|false|false\u00a0\u00bb box_shadow_style=\u00a0\u00bbpreset1&Prime; box_shadow_color=\u00a0\u00bb#939393&Prime; global_colors_info=\u00a0\u00bb{}\u00a0\u00bb][et_pb_column type=\u00a0\u00bb4_4&Prime; _builder_version=\u00a0\u00bb4.17.4&Prime; _module_preset=\u00a0\u00bbdefault\u00a0\u00bb global_colors_info=\u00a0\u00bb{}\u00a0\u00bb][et_pb_toggle title=\u00a0\u00bbLiens Utiles\u00a0\u00bb _builder_version=\u00a0\u00bb4.27.4&Prime; _module_preset=\u00a0\u00bbdefault\u00a0\u00bb title_text_color=\u00a0\u00bb#000000&Prime; title_font=\u00a0\u00bb|600|||||||\u00a0\u00bb background_color=\u00a0\u00bb#08db36&Prime; text_orientation=\u00a0\u00bbleft\u00a0\u00bb hover_enabled=\u00a0\u00bb0&Prime; global_colors_info=\u00a0\u00bb{}\u00a0\u00bb sticky_enabled=\u00a0\u00bb0&Prime;]<\/p>\n<ul>\n<li><span style=\"margin: 0px;padding: 0px;border: 0px;font-size: 14px;vertical-align: baseline;background: 0px 0px;color: #000000\">Site Web du minist\u00e8re de l\u2019enseignement sup\u00e9rieur et de la recherche scientifique :<\/span><span style=\"text-decoration: underline\"><span style=\"margin: 0px;padding: 0px;border: 0px;font-size: 14px;vertical-align: baseline;background: 0px 0px;color: #000080;text-decoration: underline\">\u00a0<a href=\"http:\/\/www.mesrs.dz\/\" class=\"Style58\" style=\"margin: 0px;padding: 0px;border: 0px;font-size: 14px;vertical-align: baseline;background: 0px 0px;color: #000080;text-decoration: underline\" target=\"_blank\" rel=\"noopener\"><span style=\"margin: 0px;padding: 0px;border: 0px;font-size: 14px;vertical-align: baseline;background: 0px 0px;color: #0000ff;text-decoration: underline\"><strong style=\"margin: 0px;padding: 0px;border: 0px;font-size: 14px;vertical-align: baseline;background: 0px 0px;font-weight: bold\">www.mesrs.dz<\/strong><\/span><\/a><\/span><\/span><\/li>\n<li><span style=\"margin: 0px;padding: 0px;border: 0px;font-size: 14px;vertical-align: baseline;background: 0px 0px;color: #000000\">Site Web de l\u2019universit\u00e9 Mouloud Mammeri de\u00a0Tizi Ouzou\u00a0:<\/span><span style=\"text-decoration: underline\"><span style=\"margin: 0px;padding: 0px;border: 0px;font-size: 14px;vertical-align: baseline;background: 0px 0px\"><strong style=\"margin: 0px;padding: 0px;border: 0px;font-size: 14px;vertical-align: baseline;background: 0px 0px;font-weight: bold\"> <a href=\"http:\/\/www.ummto.dz\/\" class=\"Style58\" style=\"margin: 0px;padding: 0px;border: 0px;font-size: 14px;vertical-align: baseline;background: 0px 0px;text-decoration: none\" target=\"_blank\" rel=\"noopener\"><span style=\"color: #0000ff;text-decoration: underline\">www.ummto.dz<\/span><\/a><\/strong><\/span><\/span><\/li>\n<li><span style=\"margin: 0px;padding: 0px;border: 0px;font-size: 14px;vertical-align: baseline;background: 0px 0px\"><span style=\"margin: 0px;padding: 0px;border: 0px;font-size: 14px;vertical-align: baseline;background: 0px 0px;color: #000000\">Site Web \u00a0\u00bb Study in Algeria\u00a0\u00bb : <strong><a href=\"https:\/\/studyinalgeria.dz\" target=\"_blank\" rel=\"noopener\"><span style=\"color: #0000ff\">https:\/\/studyinalgeria.dz<\/span><\/a><\/strong><\/span><\/span><\/li>\n<li><span style=\"margin: 0px;padding: 0px;border: 0px;font-size: 14px;vertical-align: baseline;background: 0px 0px;color: #000000\">Site d\u00e9di\u00e9 aux pr\u00e9inscriptions en ligne :<\/span><span style=\"margin: 0px;padding: 0px;border: 0px;font-size: 14px;vertical-align: baseline;background: 0px 0px;color: #000080\"><strong style=\"margin: 0px;padding: 0px;border: 0px;font-size: 14px;vertical-align: baseline;background: 0px 0px;font-weight: bold\">\u00a0<a href=\"https:\/\/www.orientation-esi.dz\/\" target=\"_blank\" rel=\"noopener\"><span style=\"margin: 0px;padding: 0px;border: 0px;font-size: 14px;vertical-align: baseline;background: 0px 0px;color: #0000ff\">www.orientation-esi.dz<\/span><\/a><\/strong><\/span><\/li>\n<li><span style=\"margin: 0px;padding: 0px;border: 0px;font-size: 14px;vertical-align: baseline;background: 0px 0px;color: #000000\">Site d\u00e9di\u00e9 aux inscriptions d\u00e9finitives en ligne:<\/span> <a href=\"https:\/\/progres.mesrs.dz\/webetu\" target=\"_blank\" rel=\"noopener\"><strong style=\"margin: 0px;padding: 0px;border: 0px;font-size: 14px;vertical-align: baseline;background: 0px 0px;font-weight: bold\"><span style=\"margin: 0px;padding: 0px;border: 0px;font-size: 14px;vertical-align: baseline;background: 0px 0px;color: #0000ff\">https:\/\/progres.mesrs.dz\/webetu<\/span><\/strong><\/a><\/li>\n<li><span style=\"color: #000000\">Portail du Bachelier 2025:<\/span><span style=\"margin: 0px;padding: 0px;border: 0px;font-size: 14px;vertical-align: baseline;background: 0px 0px;color: #0000ff\"><a href=\"http:\/\/bac2025.mesrs.dz\/\" style=\"margin: 0px;padding: 0px;border: 0px;font-size: 14px;vertical-align: baseline;background: 0px 0px;color: #0000ff;text-decoration: none\" target=\"_blank\" rel=\"noopener\"><strong style=\"margin: 0px;padding: 0px;border: 0px;font-size: 14px;vertical-align: baseline;background: 0px 0px;font-weight: bold\">\u00a0 <span style=\"text-decoration: underline\"><span style=\"color: #0000ff;text-decoration: underline\">https:\/\/bac2025.mesrs.dz<\/span><\/span><\/strong><\/a><\/span><\/li>\n<li><span style=\"color: #000000\">Portail d\u2019h\u00e9bergement\u00a0 :<\/span><strong style=\"margin: 0px;padding: 0px;border: 0px;font-size: 14px;vertical-align: baseline;background: 0px 0px;font-weight: bold\"><span style=\"margin: 0px;padding: 0px;border: 0px;font-size: 14px;vertical-align: baseline;background: 0px 0px;color: #0000ff\"><a href=\"http:\/\/progres.mesrs.dz\/webonou\" style=\"margin: 0px;padding: 0px;border: 0px;font-size: 14px;vertical-align: baseline;background: 0px 0px;color: #0000ff;text-decoration: none\" target=\"_blank\" rel=\"noopener\"><span style=\"color: #000000\">\u00a0<\/span> <span style=\"text-decoration: underline\"><span style=\"color: #0000ff;text-decoration: underline\">https:\/\/progres.mesrs.dz\/webonou<\/span><\/span><\/a><\/span><\/strong><\/li>\n<li><span style=\"color: #000000\">Portail pour demand\u00e9 la Bourse : <strong><a href=\"https:\/\/progres.mesrs.dz\/eminha\" target=\"_blank\" rel=\"noopener\"><span style=\"color: #0000ff\">https:\/\/progres.mesrs.dz\/eminha<\/span><\/a><\/strong><\/span><\/li>\n<li><span style=\"margin: 0px;padding: 0px;border: 0px;font-size: 14px;vertical-align: baseline;background: 0px 0px;color: #0000ff\"><span style=\"margin: 0px;padding: 0px;border: 0px;font-size: 14px;vertical-align: baseline;background: 0px 0px;color: #000000\">Site Web demande d&rsquo;\u00e9quivalence d\u00e9di\u00e9 aux Alg\u00e9riens titulaire d&rsquo;un Baccalaur\u00e9at \u00e9tranger : <strong><span style=\"color: #0000ff\"><a href=\"https:\/\/progres.mesrs.dz\/webequivalence\/\" style=\"color: #0000ff\" target=\"_blank\" rel=\"noopener\">https:\/\/progres.mesrs.dz\/webequivalence\/<\/a> <\/span><\/strong><br \/><\/span><\/span><\/li>\n<li><span style=\"margin: 0px;padding: 0px;border: 0px;font-size: 14px;vertical-align: baseline;background: 0px 0px;color: #0000ff\"><span style=\"margin: 0px;padding: 0px;border: 0px;font-size: 14px;vertical-align: baseline;background: 0px 0px;color: #000000\">Site Web d\u00e9di\u00e9 aux Alg\u00e9riens titulaire d&rsquo;un Baccalaur\u00e9at \u00e9tranger pour cr\u00e9ation de compte : <a href=\"https:\/\/progres.mesrs.dz\/bac-etrangers\/\" target=\"_blank\" rel=\"noopener\"><span style=\"color: #0000ff\"><strong>https:\/\/progres.mesrs.dz\/bac-etrangers\/<\/strong><\/span><\/a><br \/><\/span><\/span><\/li>\n<\/ul>\n<p>[\/et_pb_toggle][et_pb_toggle title=\u00a0\u00bbT\u00e9l\u00e9chargements utiles \u00a0\u00bb _builder_version=\u00a0\u00bb4.27.4&Prime; _module_preset=\u00a0\u00bbdefault\u00a0\u00bb title_text_color=\u00a0\u00bb#000000&Prime; title_font=\u00a0\u00bb|600|||||||\u00a0\u00bb background_color=\u00a0\u00bb#00d35b\u00a0\u00bb hover_enabled=\u00a0\u00bb0&Prime; global_colors_info=\u00a0\u00bb{}\u00a0\u00bb sticky_enabled=\u00a0\u00bb0&Prime;]<\/p>\n<p>&nbsp;<\/p>\n<ul>\n<li><span style=\"color: #000000\">Circulaire r\u00e9gissant l\u2019inscription des bacheliers 2025<span style=\"text-decoration: underline\">: <\/span><a href=\"https:\/\/www.ummto.dz\/vrp\/wp-content\/uploads\/Circulaire-2025_282_2025-07-14_signed.pdf\" target=\"_blank\" rel=\"noopener\" style=\"color: #000000\"><span style=\"text-decoration: underline\"><span class=\"Style58\" style=\"margin: 0px;padding: 0px;border: 0px;font-size: 14px;vertical-align: baseline;background: 0px 0px\"><span style=\"margin: 0px;padding: 0px;border: 0px;font-size: 14px;vertical-align: baseline;background: 0px 0px\"><strong>T\u00e9l\u00e9charger<\/strong><\/span><\/span><\/span><span class=\"Style58\" style=\"margin: 0px;padding: 0px;border: 0px;font-size: 14px;vertical-align: baseline;background: 0px 0px\"><span style=\"margin: 0px;padding: 0px;border: 0px;font-size: 14px;vertical-align: baseline;background: 0px 0px\"><strong><span style=\"text-decoration: underline\">\u2026<\/span><\/strong><\/span><\/span><\/a><\/span><\/li>\n<li><span style=\"color: #000000\">D\u00e9pliant concernant les modalit\u00e9s d\u2019inscription<a href=\"http:\/\/pedagogie.ummto.dz\/liens-telechargement\/documents\/Circulaire%20et%20moy%20min_2008-2012\/2015_Circulaire.pdf\" target=\"_blank\" rel=\"noopener\" style=\"margin: 0px;padding: 0px;border: 0px;font-size: 14px;vertical-align: baseline;background: 0px 0px;color: #000000;text-decoration: none\"><\/a>\u00a0:\u00a0<a href=\"https:\/\/www.ummto.dz\/vrp\/vrp-procedure-dinscription\/\" target=\"_blank\" rel=\"noopener\" style=\"color: #000000\"><span style=\"margin: 0px;padding: 0px;border: 0px;font-size: 14px;vertical-align: baseline;background: 0px 0px\"><span style=\"margin: 0px;padding: 0px;border: 0px;font-size: 14px;vertical-align: baseline;background: 0px 0px;text-decoration: underline\"><span class=\"Style68\" style=\"margin: 0px;padding: 0px;border: 0px;font-size: 14px;vertical-align: baseline;background: 0px 0px\"><strong><span><span>T\u00e9l\u00e9charger\u2026<\/span><\/span><\/strong><\/span><\/span><\/span><\/a><\/span><\/li>\n<li><span style=\"color: #000000\">Circulaires r\u00e9gissant l\u2019inscription des nouveaux bacheliers et les Moyennes minimales d\u2019acc\u00e8s des ann\u00e9es 2009 \u00e0 2025 :<span style=\"text-decoration: underline\">\u00a0<\/span><a href=\"https:\/\/www.ummto.dz\/vrp\/vrp-circulaires-et-moyennes\/\" target=\"_blank\" rel=\"noopener\" style=\"color: #000000\"><span class=\"Style58\" style=\"margin: 0px;padding: 0px;border: 0px;font-size: 14px;vertical-align: baseline;background: 0px 0px\"><span style=\"margin: 0px;padding: 0px;border: 0px;font-size: 14px;vertical-align: baseline;background: 0px 0px\"><strong><span style=\"text-decoration: underline\">T\u00e9l\u00e9charger\u2026<\/span><\/strong><\/span><\/span><\/a><\/span><\/li>\n<li><span style=\"color: #000000\">Liste des fili\u00e8res d\u2019inscription de l\u2019universit\u00e9 de Tizi-Ouzou :\u00a0<span style=\"text-decoration: underline\"><a href=\"https:\/\/www.ummto.dz\/vrp\/vrp-filieres-de-lummto\/\" target=\"_blank\" rel=\"noopener\" style=\"color: #000000;text-decoration: underline\"><strong><span style=\"margin: 0px;padding: 0px;border: 0px;font-size: 14px;vertical-align: baseline;background: 0px 0px\"><span class=\"Style58\" style=\"margin: 0px;padding: 0px;border: 0px;font-size: 14px;vertical-align: baseline;background: 0px 0px\">T\u00e9l\u00e9charger\u2026<\/span><\/span><\/strong><\/a><\/span><\/span><\/li>\n<\/ul>\n<p>[\/et_pb_toggle][et_pb_toggle title=\u00a0\u00bbPlus d&rsquo;informations\u00a0\u00bb _builder_version=\u00a0\u00bb4.27.4&Prime; _module_preset=\u00a0\u00bbdefault\u00a0\u00bb title_text_color=\u00a0\u00bb#000000&Prime; title_font=\u00a0\u00bb|600|||||||\u00a0\u00bb background_color=\u00a0\u00bb#8DF96C\u00a0\u00bb hover_enabled=\u00a0\u00bb0&Prime; global_colors_info=\u00a0\u00bb{}\u00a0\u00bb sticky_enabled=\u00a0\u00bb0&Prime;]<\/p>\n<p><span style=\"color: #000000\">Les bacheliers qui souhaitent obtenir plus d\u2019informations sur l\u2019inscription \u00e0 l\u2019universit\u00e9 peuvent poser des questions en remplissant ce formulaire :<\/span><\/p>\n<p><strong><span style=\"color: #0000ff\">https:\/\/forms.gle\/n6uVm72eb8UMnFsR6\u00a0<\/span><\/strong><\/p>\n<p>[\/et_pb_toggle][\/et_pb_column][\/et_pb_row][\/et_pb_section]<\/p>\n","protected":false},"excerpt":{"rendered":"<p>Vice rectorat charg\u00e9 de la p\u00e9dagogie Site Web du minist\u00e8re de l\u2019enseignement sup\u00e9rieur et de la recherche scientifique :\u00a0www.mesrs.dz Site Web de l\u2019universit\u00e9 Mouloud Mammeri de\u00a0Tizi Ouzou\u00a0: www.ummto.dz Site Web \u00a0\u00bb Study in Algeria\u00a0\u00bb : https:\/\/studyinalgeria.dz Site d\u00e9di\u00e9 aux pr\u00e9inscriptions en ligne :\u00a0www.orientation-esi.dz Site d\u00e9di\u00e9 aux inscriptions d\u00e9finitives en ligne: https:\/\/progres.mesrs.dz\/webetu Portail du Bachelier 2025:\u00a0 [&hellip;]<\/p>\n","protected":false},"author":1,"featured_media":0,"parent":0,"menu_order":0,"comment_status":"closed","ping_status":"closed","template":"","meta":{"_et_pb_use_builder":"on","_et_pb_old_content":"","_et_gb_content_width":"","footnotes":""},"class_list":["post-2484","page","type-page","status-publish","hentry"],"translation":{"provider":"WPGlobus","version":"3.0.1","language":"fr","enabled_languages":["en","fr","ar","gb"],"languages":{"en":{"title":true,"content":true,"excerpt":false},"fr":{"title":false,"content":false,"excerpt":false},"ar":{"title":false,"content":false,"excerpt":false},"gb":{"title":false,"content":false,"excerpt":false}}},"yoast_head":"<!-- This site is optimized with the Yoast SEO plugin v26.7 - https:\/\/yoast.com\/wordpress\/plugins\/seo\/ -->\n<title>VRP-Liens utiles - Vice-Rectorat charg\u00e9 de la p\u00e9dagogie<\/title>\n<meta name=\"robots\" content=\"index, follow, max-snippet:-1, max-image-preview:large, max-video-preview:-1\" \/>\n<link rel=\"canonical\" href=\"https:\/\/www.ummto.dz\/vrp\/vrp-liens-utiles\/\" \/>\n<meta property=\"og:locale\" content=\"fr_FR\" \/>\n<meta property=\"og:type\" content=\"article\" \/>\n<meta property=\"og:title\" content=\"VRP-Liens utiles - Vice-Rectorat charg\u00e9 de la p\u00e9dagogie\" \/>\n<meta property=\"og:url\" content=\"https:\/\/www.ummto.dz\/vrp\/vrp-liens-utiles\/\" \/>\n<meta property=\"og:site_name\" content=\"Vice-Rectorat charg\u00e9 de la p\u00e9dagogie\" \/>\n<meta property=\"article:modified_time\" content=\"2025-07-18T18:48:03+00:00\" \/>\n<meta name=\"twitter:card\" content=\"summary_large_image\" \/>\n<meta name=\"twitter:label1\" content=\"Dur\u00e9e de lecture estim\u00e9e\" \/>\n\t<meta name=\"twitter:data1\" content=\"5 minutes\" \/>\n<script type=\"application\/ld+json\" class=\"yoast-schema-graph\">{\"@context\":\"https:\/\/schema.org\",\"@graph\":[{\"@type\":\"WebPage\",\"@id\":\"https:\/\/www.ummto.dz\/vrp\/vrp-liens-utiles\/\",\"url\":\"https:\/\/www.ummto.dz\/vrp\/vrp-liens-utiles\/\",\"name\":\"VRP-Liens utiles - Vice-Rectorat charg\u00e9 de la p\u00e9dagogie\",\"isPartOf\":{\"@id\":\"https:\/\/www.ummto.dz\/vrp\/fr\/#website\"},\"datePublished\":\"2022-05-16T13:11:28+00:00\",\"dateModified\":\"2025-07-18T18:48:03+00:00\",\"inLanguage\":\"fr-FR\",\"potentialAction\":[{\"@type\":\"ReadAction\",\"target\":[\"https:\/\/www.ummto.dz\/vrp\/vrp-liens-utiles\/\"]}]},{\"@type\":\"WebSite\",\"@id\":\"https:\/\/www.ummto.dz\/vrp\/fr\/#website\",\"url\":\"https:\/\/www.ummto.dz\/vrp\/fr\/\",\"name\":\"Vice-Rectorat charg\u00e9 de la p\u00e9dagogie\",\"description\":\"Vice-Rectorat charg\u00e9 de la p\u00e9dagogie\",\"potentialAction\":[{\"@type\":\"SearchAction\",\"target\":{\"@type\":\"EntryPoint\",\"urlTemplate\":\"https:\/\/www.ummto.dz\/vrp\/fr\/?s={search_term_string}\"},\"query-input\":{\"@type\":\"PropertyValueSpecification\",\"valueRequired\":true,\"valueName\":\"search_term_string\"}}],\"inLanguage\":\"fr-FR\"}]}<\/script>\n<!-- \/ Yoast SEO plugin. -->","yoast_head_json":{"title":"VRP-Liens utiles - Vice-Rectorat charg\u00e9 de la p\u00e9dagogie","robots":{"index":"index","follow":"follow","max-snippet":"max-snippet:-1","max-image-preview":"max-image-preview:large","max-video-preview":"max-video-preview:-1"},"canonical":"https:\/\/www.ummto.dz\/vrp\/vrp-liens-utiles\/","og_locale":"fr_FR","og_type":"article","og_title":"VRP-Liens utiles - Vice-Rectorat charg\u00e9 de la p\u00e9dagogie","og_url":"https:\/\/www.ummto.dz\/vrp\/vrp-liens-utiles\/","og_site_name":"Vice-Rectorat charg\u00e9 de la p\u00e9dagogie","article_modified_time":"2025-07-18T18:48:03+00:00","twitter_card":"summary_large_image","twitter_misc":{"Dur\u00e9e de lecture estim\u00e9e":"5 minutes"},"schema":{"@context":"https:\/\/schema.org","@graph":[{"@type":"WebPage","@id":"https:\/\/www.ummto.dz\/vrp\/vrp-liens-utiles\/","url":"https:\/\/www.ummto.dz\/vrp\/vrp-liens-utiles\/","name":"VRP-Liens utiles - Vice-Rectorat charg\u00e9 de la p\u00e9dagogie","isPartOf":{"@id":"https:\/\/www.ummto.dz\/vrp\/fr\/#website"},"datePublished":"2022-05-16T13:11:28+00:00","dateModified":"2025-07-18T18:48:03+00:00","inLanguage":"fr-FR","potentialAction":[{"@type":"ReadAction","target":["https:\/\/www.ummto.dz\/vrp\/vrp-liens-utiles\/"]}]},{"@type":"WebSite","@id":"https:\/\/www.ummto.dz\/vrp\/fr\/#website","url":"https:\/\/www.ummto.dz\/vrp\/fr\/","name":"Vice-Rectorat charg\u00e9 de la p\u00e9dagogie","description":"Vice-Rectorat charg\u00e9 de la p\u00e9dagogie","potentialAction":[{"@type":"SearchAction","target":{"@type":"EntryPoint","urlTemplate":"https:\/\/www.ummto.dz\/vrp\/fr\/?s={search_term_string}"},"query-input":{"@type":"PropertyValueSpecification","valueRequired":true,"valueName":"search_term_string"}}],"inLanguage":"fr-FR"}]}},"_links":{"self":[{"href":"https:\/\/www.ummto.dz\/vrp\/fr\/wp-json\/wp\/v2\/pages\/2484","targetHints":{"allow":["GET"]}}],"collection":[{"href":"https:\/\/www.ummto.dz\/vrp\/fr\/wp-json\/wp\/v2\/pages"}],"about":[{"href":"https:\/\/www.ummto.dz\/vrp\/fr\/wp-json\/wp\/v2\/types\/page"}],"author":[{"embeddable":true,"href":"https:\/\/www.ummto.dz\/vrp\/fr\/wp-json\/wp\/v2\/users\/1"}],"replies":[{"embeddable":true,"href":"https:\/\/www.ummto.dz\/vrp\/fr\/wp-json\/wp\/v2\/comments?post=2484"}],"version-history":[{"count":30,"href":"https:\/\/www.ummto.dz\/vrp\/fr\/wp-json\/wp\/v2\/pages\/2484\/revisions"}],"predecessor-version":[{"id":7105,"href":"https:\/\/www.ummto.dz\/vrp\/fr\/wp-json\/wp\/v2\/pages\/2484\/revisions\/7105"}],"wp:attachment":[{"href":"https:\/\/www.ummto.dz\/vrp\/fr\/wp-json\/wp\/v2\/media?parent=2484"}],"curies":[{"name":"wp","href":"https:\/\/api.w.org\/{rel}","templated":true}]}}