{"id":2524,"date":"2022-05-16T14:37:27","date_gmt":"2022-05-16T13:37:27","guid":{"rendered":"https:\/\/www.ummto.dz\/vrp\/?page_id=2524"},"modified":"2025-07-17T09:34:41","modified_gmt":"2025-07-17T08:34:41","slug":"vrp-moyennes-ponderees","status":"publish","type":"page","link":"https:\/\/www.ummto.dz\/vrp\/fr\/vrp-moyennes-ponderees\/","title":{"rendered":"VRP-Moyennes pond\u00e9r\u00e9es"},"content":{"rendered":"<p>[et_pb_section fb_built=\u00a0\u00bb1&Prime; custom_padding_last_edited=\u00a0\u00bbon|desktop\u00a0\u00bb admin_label=\u00a0\u00bbHeader\u00a0\u00bb _builder_version=\u00a0\u00bb4.27.4&Prime; background_image=\u00a0\u00bbhttps:\/\/www.ummto.dz\/vrp\/wp-content\/uploads\/tree-838666_1280-300&#215;198.webp\u00a0\u00bb parallax=\u00a0\u00bbon\u00a0\u00bb custom_margin=\u00a0\u00bb0px||||false|false\u00a0\u00bb custom_margin_tablet=\u00a0\u00bb\u00a0\u00bb custom_margin_phone=\u00a0\u00bb20px|20px||20px|false|true\u00a0\u00bb custom_margin_last_edited=\u00a0\u00bbon|desktop\u00a0\u00bb custom_padding=\u00a0\u00bb100px|0px|0px|||\u00a0\u00bb custom_padding_tablet=\u00a0\u00bb40px||||false|false\u00a0\u00bb custom_padding_phone=\u00a0\u00bb\u00a0\u00bb border_radii_phone=\u00a0\u00bbon|20px|20px|20px|20px\u00a0\u00bb border_radii_last_edited=\u00a0\u00bboff|desktop\u00a0\u00bb locked=\u00a0\u00bboff\u00a0\u00bb global_colors_info=\u00a0\u00bb{}\u00a0\u00bb][et_pb_row use_custom_gutter=\u00a0\u00bbon\u00a0\u00bb make_equal=\u00a0\u00bbon\u00a0\u00bb custom_padding_last_edited=\u00a0\u00bbon|tablet\u00a0\u00bb _builder_version=\u00a0\u00bb4.27.4&Prime; background_enable_color=\u00a0\u00bboff\u00a0\u00bb background_image=\u00a0\u00bbhttps:\/\/www.ummto.dz\/fgei\/wp-content\/uploads\/2025\/05\/psychologist-03.jpg\u00a0\u00bb parallax=\u00a0\u00bbon\u00a0\u00bb transform_scale_tablet=\u00a0\u00bb\u00a0\u00bb transform_scale_phone=\u00a0\u00bb\u00a0\u00bb transform_scale_last_edited=\u00a0\u00bbon|desktop\u00a0\u00bb transform_translate=\u00a0\u00bb30px|0px\u00a0\u00bb transform_translate_tablet=\u00a0\u00bb0px|0px\u00a0\u00bb transform_translate_phone=\u00a0\u00bb\u00a0\u00bb transform_translate_last_edited=\u00a0\u00bbon|tablet\u00a0\u00bb transform_translate_linked=\u00a0\u00bboff\u00a0\u00bb transform_rotate_tablet=\u00a0\u00bb\u00a0\u00bb transform_rotate_phone=\u00a0\u00bb\u00a0\u00bb transform_rotate_last_edited=\u00a0\u00bbon|desktop\u00a0\u00bb transform_skew_tablet=\u00a0\u00bb\u00a0\u00bb transform_skew_phone=\u00a0\u00bb\u00a0\u00bb transform_skew_last_edited=\u00a0\u00bbon|desktop\u00a0\u00bb transform_origin_tablet=\u00a0\u00bb\u00a0\u00bb transform_origin_phone=\u00a0\u00bb\u00a0\u00bb transform_origin_last_edited=\u00a0\u00bbon|desktop\u00a0\u00bb width=\u00a0\u00bb100%\u00a0\u00bb width_tablet=\u00a0\u00bb90%\u00a0\u00bb width_phone=\u00a0\u00bb\u00a0\u00bb width_last_edited=\u00a0\u00bbon|desktop\u00a0\u00bb max_width=\u00a0\u00bb1200px\u00a0\u00bb module_alignment=\u00a0\u00bbcenter\u00a0\u00bb custom_margin=\u00a0\u00bb100px||||false|false\u00a0\u00bb custom_padding=\u00a0\u00bb43px|0px|43px|140px|false|false\u00a0\u00bb custom_padding_tablet=\u00a0\u00bb60px||60px||true|true\u00a0\u00bb custom_padding_phone=\u00a0\u00bb40px|20px|40px|20px|true|true\u00a0\u00bb box_shadow_style=\u00a0\u00bbpreset3&Prime; box_shadow_vertical=\u00a0\u00bb40px\u00a0\u00bb box_shadow_blur=\u00a0\u00bb110px\u00a0\u00bb box_shadow_spread=\u00a0\u00bb0px\u00a0\u00bb box_shadow_color=\u00a0\u00bbrgba(9,6,38,0.62)\u00a0\u00bb global_colors_info=\u00a0\u00bb{}\u00a0\u00bb][et_pb_column type=\u00a0\u00bb4_4&Prime; _builder_version=\u00a0\u00bb4.16&Prime; global_colors_info=\u00a0\u00bb{}\u00a0\u00bb][et_pb_text _builder_version=\u00a0\u00bb4.27.4&Prime; text_font_size=\u00a0\u00bb16px\u00a0\u00bb text_line_height=\u00a0\u00bb1.8em\u00a0\u00bb header_font=\u00a0\u00bbTaviraj||||||||\u00a0\u00bb header_text_align=\u00a0\u00bbleft\u00a0\u00bb header_font_size=\u00a0\u00bb25px\u00a0\u00bb header_letter_spacing=\u00a0\u00bb3px\u00a0\u00bb header_line_height=\u00a0\u00bb1.2em\u00a0\u00bb max_width=\u00a0\u00bb600px\u00a0\u00bb module_alignment=\u00a0\u00bbleft\u00a0\u00bb custom_margin=\u00a0\u00bb0px|0px|||false|false\u00a0\u00bb custom_padding=\u00a0\u00bb||0px|200px|false|false\u00a0\u00bb text_font_size_tablet=\u00a0\u00bb16px\u00a0\u00bb text_font_size_phone=\u00a0\u00bb15px\u00a0\u00bb text_font_size_last_edited=\u00a0\u00bbon|desktop\u00a0\u00bb header_font_size_tablet=\u00a0\u00bb40px\u00a0\u00bb header_font_size_phone=\u00a0\u00bb26px\u00a0\u00bb header_font_size_last_edited=\u00a0\u00bbon|desktop\u00a0\u00bb global_colors_info=\u00a0\u00bb{}\u00a0\u00bb]<\/p>\n<h1 style=\"text-align: center\"><span><span style=\"color: #333333\">Vice rectorat charg\u00e9 de la p\u00e9dagogie<\/span><\/span><\/h1>\n<p>[\/et_pb_text][\/et_pb_column][\/et_pb_row][et_pb_row use_custom_gutter=\u00a0\u00bbon\u00a0\u00bb make_equal=\u00a0\u00bbon\u00a0\u00bb _builder_version=\u00a0\u00bb4.27.4&Prime; _module_preset=\u00a0\u00bbdefault\u00a0\u00bb width=\u00a0\u00bb100%\u00a0\u00bb max_width=\u00a0\u00bb1161px\u00a0\u00bb module_alignment=\u00a0\u00bbcenter\u00a0\u00bb locked=\u00a0\u00bboff\u00a0\u00bb global_colors_info=\u00a0\u00bb{}\u00a0\u00bb][et_pb_column type=\u00a0\u00bb4_4&Prime; _builder_version=\u00a0\u00bb4.27.4&Prime; _module_preset=\u00a0\u00bbdefault\u00a0\u00bb global_colors_info=\u00a0\u00bb{}\u00a0\u00bb][et_pb_menu menu_id=\u00a0\u00bb2&Prime; menu_style=\u00a0\u00bbcentered\u00a0\u00bb active_link_color=\u00a0\u00bb#000000&Prime; dropdown_menu_line_color=\u00a0\u00bb#166611&Prime; logo_width=\u00a0\u00bb100%\u00a0\u00bb logo_height=\u00a0\u00bb200px\u00a0\u00bb logo_max_height=\u00a0\u00bb200px\u00a0\u00bb show_search_icon=\u00a0\u00bbon\u00a0\u00bb logo_width_tablet=\u00a0\u00bb100%\u00a0\u00bb logo_width_phone=\u00a0\u00bb100%\u00a0\u00bb logo_width_last_edited=\u00a0\u00bbon|tablet\u00a0\u00bb _builder_version=\u00a0\u00bb4.27.4&Prime; _module_preset=\u00a0\u00bbdefault\u00a0\u00bb menu_font=\u00a0\u00bbTaviraj|600|||||||\u00a0\u00bb menu_text_color=\u00a0\u00bb#000000&Prime; width=\u00a0\u00bb100%\u00a0\u00bb max_width=\u00a0\u00bb100%\u00a0\u00bb module_alignment=\u00a0\u00bbcenter\u00a0\u00bb custom_margin=\u00a0\u00bb0px|-23px|0px||false|false\u00a0\u00bb custom_margin_tablet=\u00a0\u00bb||||false|false\u00a0\u00bb custom_margin_phone=\u00a0\u00bb||||false|false\u00a0\u00bb custom_margin_last_edited=\u00a0\u00bbon|tablet\u00a0\u00bb custom_padding=\u00a0\u00bb15px||15px|0px|false|false\u00a0\u00bb box_shadow_style=\u00a0\u00bbpreset1&Prime; locked=\u00a0\u00bboff\u00a0\u00bb global_colors_info=\u00a0\u00bb{}\u00a0\u00bb min_height__hover_enabled=\u00a0\u00bbon|desktop\u00a0\u00bb][\/et_pb_menu][\/et_pb_column][\/et_pb_row][\/et_pb_section][et_pb_section fb_built=\u00a0\u00bb1&Prime; _builder_version=\u00a0\u00bb4.16&Prime; _module_preset=\u00a0\u00bbdefault\u00a0\u00bb min_height=\u00a0\u00bb491.6px\u00a0\u00bb custom_padding=\u00a0\u00bb0px||25px|30px||\u00a0\u00bb global_colors_info=\u00a0\u00bb{}\u00a0\u00bb][et_pb_row _builder_version=\u00a0\u00bb4.27.0&Prime; _module_preset=\u00a0\u00bbdefault\u00a0\u00bb width=\u00a0\u00bb100%\u00a0\u00bb module_alignment=\u00a0\u00bbcenter\u00a0\u00bb custom_margin=\u00a0\u00bb|214px|-39px|62px|false|false\u00a0\u00bb custom_padding=\u00a0\u00bb|0px|||false|false\u00a0\u00bb global_colors_info=\u00a0\u00bb{}\u00a0\u00bb][et_pb_column type=\u00a0\u00bb4_4&Prime; _builder_version=\u00a0\u00bb4.27.0&Prime; _module_preset=\u00a0\u00bbdefault\u00a0\u00bb global_colors_info=\u00a0\u00bb{}\u00a0\u00bb][et_pb_text _builder_version=\u00a0\u00bb4.27.4&Prime; _module_preset=\u00a0\u00bbdefault\u00a0\u00bb width=\u00a0\u00bb100%\u00a0\u00bb custom_margin=\u00a0\u00bb|-9px||2px||\u00a0\u00bb custom_padding=\u00a0\u00bb26px|15px|32px|15px|false|false\u00a0\u00bb hover_enabled=\u00a0\u00bb0&Prime; box_shadow_style=\u00a0\u00bbpreset1&Prime; global_colors_info=\u00a0\u00bb{}\u00a0\u00bb sticky_enabled=\u00a0\u00bb0&Prime;]<\/p>\n<h2 style=\"text-align: center\"><span style=\"color: #000000\"><strong><span style=\"color: #800080\"><\/span><\/strong><\/span><\/h2>\n<h2 style=\"text-align: center\"><span style=\"color: #000000\"><strong><span style=\"color: #008000\">Calcul de la moyenne pond\u00e9r\u00e9e du BAC 2025<\/span><\/strong><\/span><\/h2>\n<p><span style=\"color: #000000\"><strong><span style=\"color: #800080\"><\/span><\/strong><\/span><\/p>\n<p><span style=\"color: #000000\"><span style=\"color: #008000\"><strong>Moyenne Pond\u00e9r\u00e9e Calcul\u00e9e<\/strong>:<\/span> c&rsquo;est la moyenne entre la moyenne g\u00e9n\u00e9rale obtenue au baccalaur\u00e9at et la ou les note(s) de la\u00a0 ou des mati\u00e8re(s) \u00ab\u00a0Essentielle(s)\u00a0\u00bb.<\/span><\/p>\n<p><span style=\"color: #000000\">La <span style=\"color: #ff0000\"><strong>note Option X<\/strong> =<\/span> selon la fili\u00e8re du BAC la note obtenue en g\u00e9nie civil; g\u00e9nie des proc\u00e9d\u00e9s; g\u00e9nie \u00e9lectrique ou g\u00e9nie m\u00e9canique <\/span><\/p>\n<p><span style=\"color: #000000\">Les formules de calcul de la moyenne pond\u00e9r\u00e9e selon les domaines ou fili\u00e8res de formation. sont donn\u00e9es dans le tableau ci-apr\u00e8s:<\/span><\/p>\n<p><span style=\"color: #000000\"><\/span><\/p>\n<table style=\"height: 2646px;width: 980px\" width=\"992\">\n<tbody>\n<tr style=\"height: 66px\">\n<td style=\"width: 162.933px;height: 66px\"><span style=\"color: #008000\"><strong>Champs d\u2019inscription<\/strong><\/span><\/td>\n<td style=\"width: 174.117px;height: 66px\"><span style=\"color: #008000\"><strong>S\u00e9ries Baccalaur\u00e9ats<\/strong><\/span><\/td>\n<td style=\"width: 121.183px;height: 66px\"><span style=\"color: #008000\"><strong>Priorit\u00e9s<\/strong><\/span><\/td>\n<td style=\"width: 495.767px;height: 66px\"><span style=\"color: #008000\"><strong>Moyennes pond\u00e9r\u00e9es calcul\u00e9es<\/strong><\/span><\/td>\n<\/tr>\n<tr style=\"height: 114px\">\n<td rowspan=\"2\" style=\"width: 162.933px;height: 180px\">\n<p><span style=\"color: #000000\"><strong>Domaine SNV<\/strong><\/span><\/p>\n<p><span style=\"color: #000000\"><strong>Domaine STU<\/strong><\/span><\/p>\n<p><span style=\"color: #000000\"><strong>Sciences M\u00e9dicales<\/strong><\/span><\/p>\n<\/td>\n<td style=\"width: 174.117px;height: 114px\">\n<p><span style=\"color: #000000\">Sci. Exp\u00e9rimentales<\/span><\/p>\n<p><span style=\"color: #000000\">Maths<\/span><\/p>\n<\/td>\n<td style=\"width: 121.183px;height: 114px\">\n<p><span style=\"color: #000000\"><strong>P1<\/strong><\/span><\/p>\n<p><strong>\u00a0<\/strong><\/p>\n<\/td>\n<td style=\"width: 495.767px;height: 114px\">\n<h3 style=\"text-align: center\"><span style=\"color: #000000\"><strong>\\( \\frac{(2*BAC) + Note~Sciences~Naturelles}{3}\\)<\/strong><\/span><\/h3>\n<\/td>\n<\/tr>\n<tr style=\"height: 66px\">\n<td style=\"width: 174.117px;height: 66px\"><span style=\"color: #000000\">TM<\/span><\/td>\n<td style=\"width: 121.183px;height: 66px\"><span style=\"color: #000000\"><strong>P2<\/strong><\/span><\/td>\n<td style=\"width: 495.767px;height: 66px;text-align: center\"><span style=\"color: #000000\"><strong>Moyenne g\u00e9n\u00e9rale obtenue au baccalaur\u00e9at<\/strong><\/span><\/td>\n<\/tr>\n<tr style=\"height: 161px\">\n<td style=\"width: 162.933px;height: 161px\">\n<p><span style=\"color: #000000\"><strong>Domaine ST<\/strong><\/span><\/p>\n<p><span style=\"color: #000000\"><strong>Domaine SM<\/strong><\/span><\/p>\n<\/td>\n<td style=\"width: 174.117px;height: 161px\">\n<p><span style=\"color: #000000\">Maths<\/span><\/p>\n<p><span style=\"color: #000000\">Sci. Exp<\/span><\/p>\n<p><span style=\"color: #000000\">TM<\/span><\/p>\n<\/td>\n<td style=\"width: 121.183px;height: 161px\"><span style=\"color: #000000\"><strong>P1<\/strong><\/span><\/td>\n<td style=\"width: 495.767px;height: 161px\">\n<h3 style=\"text-align: center\"><span style=\"color: #000000\"><strong>\\( \\frac{(2*BAC) + \\frac{(Note~Math+Note~Physique)}{2}}{3} \\)<\/strong><\/span><\/h3>\n<\/td>\n<\/tr>\n<tr style=\"height: 293px\">\n<td style=\"width: 162.933px;height: 293px\">\n<p><span style=\"color: #000000\"><strong>Domaine ST-<\/strong><\/span><\/p>\n<p><span style=\"color: #000000\"><strong>4 Parcours TM<\/strong><\/span><\/p>\n<\/td>\n<td style=\"width: 174.117px;height: 293px\">\n<p><span style=\"color: #000000\">TM option G\u00e9nie des proc\u00e9d\u00e9s<\/span><\/p>\n<p><span style=\"color: #000000\">TM option G\u00e9nie civil<\/span><\/p>\n<p><span style=\"color: #000000\">TM option G\u00e9nie \u00e9lectrique<\/span><\/p>\n<p><span style=\"color: #000000\">TM option G\u00e9nie m\u00e9canique<\/span><\/p>\n<\/td>\n<td style=\"width: 121.183px;height: 293px\"><span style=\"color: #000000\"><strong>P1<\/strong><\/span><\/td>\n<td style=\"width: 495.767px;height: 293px\">\n<h3 style=\"text-align: center\"><span style=\"color: #000000\"><strong>\\( \\frac{(2*BAC) + \\frac{(Note~Option~X+Note~Math)}{2}}{3} \\)<\/strong><\/span><\/h3>\n<\/td>\n<\/tr>\n<tr style=\"height: 71px\">\n<td rowspan=\"2\" style=\"width: 162.933px;height: 149px\"><span style=\"color: #000000\"><strong>Domaine MI<\/strong><\/span><\/td>\n<td style=\"width: 174.117px;height: 83px\"><span style=\"color: #000000\">Maths<\/span><\/td>\n<td style=\"width: 121.183px;height: 83px\"><span style=\"color: #000000\"><strong>P1<\/strong><\/span><\/td>\n<td rowspan=\"2\" style=\"width: 495.767px;height: 149px\">\n<h3 style=\"text-align: center\"><span style=\"color: #000000\"><strong>\\( \\frac{(2*BAC) + Note~Math}{3} \\)<\/strong><\/span><\/h3>\n<\/td>\n<\/tr>\n<tr style=\"height: 66px\">\n<td style=\"width: 174.117px;height: 66px\"><span style=\"color: #000000\">TM, Sci. Exp<\/span><\/td>\n<td style=\"width: 121.183px;height: 66px\"><span style=\"color: #000000\"><strong>P2<\/strong><\/span><\/td>\n<\/tr>\n<tr style=\"height: 161px\">\n<td style=\"width: 162.933px;height: 161px\"><span style=\"color: #000000\"><strong>Domaine AUMV<\/strong><\/span><\/td>\n<td style=\"width: 174.117px;height: 161px\">\n<p><span style=\"color: #000000\">Sci. Exp,<\/span><\/p>\n<p><span style=\"color: #000000\">TM,<\/span><\/p>\n<p><span style=\"color: #000000\">Maths<\/span><\/p>\n<\/td>\n<td style=\"width: 121.183px;height: 161px\"><span style=\"color: #000000\"><strong>P1<\/strong><\/span><\/td>\n<td style=\"width: 495.767px;height: 161px\">\n<h3 style=\"text-align: center\"><span style=\"color: #000000\"><strong>\\( \\frac{(2*BAC) + \\frac{(Note~Math+Note~Physique)}{2}}{3} \\)<\/strong><\/span><\/h3>\n<\/td>\n<\/tr>\n<tr style=\"height: 66px\">\n<td rowspan=\"3\" style=\"width: 162.933px;height: 227px\"><strong><span style=\"color: #000000\">Domaine LLE<\/span> <\/strong><\/td>\n<td style=\"width: 174.117px;height: 66px\"><span style=\"color: #000000\">Langues \u00e9trang\u00e8res<\/span><\/td>\n<td style=\"width: 121.183px;height: 66px\"><span style=\"color: #000000\"><strong>P1<\/strong><\/span><\/td>\n<td rowspan=\"3\" style=\"width: 495.767px;height: 227px\">\n<h3 style=\"text-align: center\"><span style=\"color: #000000\"><strong>\\( \\frac{(2*BAC) + Note~langue~Etrangere}{3} \\)<\/strong><\/span><\/h3>\n<\/td>\n<\/tr>\n<tr style=\"height: 66px\">\n<td style=\"width: 174.117px;height: 66px\"><span style=\"color: #000000\">Lettres et philo<\/span><\/td>\n<td style=\"width: 121.183px;height: 66px\"><span style=\"color: #000000\"><strong>P2<\/strong><\/span><\/td>\n<\/tr>\n<tr style=\"height: 95px\">\n<td style=\"width: 174.117px;height: 95px\"><span style=\"color: #000000\">Sci. Exp, Gestion et \u00e9conomie, Arts<\/span><\/td>\n<td style=\"width: 121.183px;height: 95px\"><span style=\"color: #000000\"><strong>P3<\/strong><\/span><\/td>\n<\/tr>\n<tr style=\"height: 114px\">\n<td rowspan=\"2\" style=\"width: 162.933px;height: 180px\">\n<p><span style=\"color: #000000\"><strong>Interpr\u00e9tariat<\/strong><\/span><\/p>\n<p><strong>\u00a0<\/strong><\/p>\n<\/td>\n<td style=\"width: 174.117px;height: 114px\">\n<p><span style=\"color: #000000\">Langues \u00e9trang\u00e8res<\/span><\/p>\n<p>&nbsp;<\/p>\n<\/td>\n<td rowspan=\"2\" style=\"width: 121.183px;height: 180px\">\n<p><span style=\"color: #000000\"><strong>P1<\/strong><\/span><\/p>\n<p><strong>\u00a0<\/strong><\/p>\n<\/td>\n<td style=\"width: 495.767px;height: 114px\">\n<h3 style=\"text-align: center\"><span style=\"color: #000000\"><strong>\\( \\frac{(2*BAC) + Moyenne~des~3~Langues}{3} \\)<\/strong><\/span><\/h3>\n<\/td>\n<\/tr>\n<tr style=\"height: 66px\">\n<td style=\"width: 174.117px;height: 66px\"><span style=\"color: #000000\">Lettres et philosophie<\/span><\/td>\n<td style=\"width: 495.767px;height: 66px;text-align: center\"><span style=\"color: #000000\"><strong>Moyenne g\u00e9n\u00e9rale obtenue au baccalaur\u00e9at<\/strong><\/span><\/td>\n<\/tr>\n<tr style=\"height: 161px\">\n<td rowspan=\"2\" style=\"width: 162.933px;height: 256px\"><span style=\"color: #000000\"><strong>LCA, LLA<\/strong><\/span><\/td>\n<td style=\"width: 174.117px;height: 161px\">\n<p><span style=\"color: #000000\">Langues \u00e9trang\u00e8res<\/span><\/p>\n<p><span style=\"color: #000000\">Lettres et philosophie<\/span><\/p>\n<p><span style=\"color: #000000\">Arts<\/span><\/p>\n<\/td>\n<td style=\"width: 121.183px;height: 161px\"><span style=\"color: #000000\"><strong>P1<\/strong><\/span><\/td>\n<td rowspan=\"10\" style=\"width: 495.767px;height: 1069px\">\n<p><strong>\u00a0<\/strong><\/p>\n<p><strong>\u00a0<\/strong><\/p>\n<p><strong>\u00a0<\/strong><\/p>\n<p style=\"text-align: center\"><span style=\"color: #000000\"><strong>Moyenne g\u00e9n\u00e9rale obtenue au baccalaur\u00e9at<\/strong><\/span><\/p>\n<p><strong>\u00a0<\/strong><\/p>\n<\/td>\n<\/tr>\n<tr style=\"height: 95px\">\n<td style=\"width: 174.117px;height: 95px\"><span style=\"color: #000000\">Sci. Exp, Gestion et \u00e9conomie<\/span><\/td>\n<td style=\"width: 121.183px;height: 95px\"><span style=\"color: #000000\"><strong>P2<\/strong><\/span><\/td>\n<\/tr>\n<tr style=\"height: 161px\">\n<td rowspan=\"2\" style=\"width: 162.933px;height: 227px\"><span style=\"color: #000000\"><strong>SHS<\/strong><\/span><\/td>\n<td style=\"width: 174.117px;height: 161px\">\n<p><span style=\"color: #000000\">Langues \u00e9trang\u00e8res<\/span><\/p>\n<p><span style=\"color: #000000\">Lettres et philosophie<\/span><\/p>\n<p><span style=\"color: #000000\">Arts<\/span><\/p>\n<\/td>\n<td style=\"width: 121.183px;height: 161px\"><span style=\"color: #000000\"><strong>P1<\/strong><\/span><\/td>\n<\/tr>\n<tr style=\"height: 66px\">\n<td style=\"width: 174.117px;height: 66px\"><span style=\"color: #000000\">Sci. Exp<\/span><\/td>\n<td style=\"width: 121.183px;height: 66px\"><span style=\"color: #000000\"><strong>P2<\/strong><\/span><\/td>\n<\/tr>\n<tr style=\"height: 208px\">\n<td rowspan=\"3\" style=\"width: 162.933px;height: 340px\"><strong><span style=\"color: #000000\">DSP<\/span> <\/strong><\/td>\n<td style=\"width: 174.117px;height: 208px\">\n<p><span style=\"color: #000000\">Langues \u00e9trang\u00e8res<\/span><\/p>\n<p><span style=\"color: #000000\">Lettres et philosophie<\/span><\/p>\n<p><span style=\"color: #000000\">Gestion et \u00e9conomie<\/span><\/p>\n<p><span style=\"color: #000000\">Arts<\/span><\/p>\n<\/td>\n<td style=\"width: 121.183px;height: 208px\"><span style=\"color: #000000\"><strong>P1<\/strong><\/span><\/td>\n<\/tr>\n<tr style=\"height: 66px\">\n<td style=\"width: 174.117px;height: 66px\"><span style=\"color: #000000\">Sci. Exp, Maths<\/span><\/td>\n<td style=\"width: 121.183px;height: 66px\"><span style=\"color: #000000\"><strong>P2<\/strong><\/span><\/td>\n<\/tr>\n<tr style=\"height: 66px\">\n<td style=\"width: 174.117px;height: 66px\"><span style=\"color: #000000\">TM<\/span><\/td>\n<td style=\"width: 121.183px;height: 66px\"><span style=\"color: #000000\"><strong>P3<\/strong><\/span><\/td>\n<\/tr>\n<tr style=\"height: 66px\">\n<td rowspan=\"3\" style=\"width: 162.933px;height: 246px\"><span style=\"color: #000000\"><strong>SEGC<\/strong><\/span><\/td>\n<td style=\"width: 174.117px;height: 66px\">\n<p><span style=\"color: #000000\">Gestion et \u00e9conomie<\/span><\/p>\n<p><span style=\"color: #000000\">Lettres et philosophie<\/span><\/p>\n<\/td>\n<td style=\"width: 121.183px;height: 66px\"><span style=\"color: #000000\"><strong>P1<\/strong><\/span><\/td>\n<\/tr>\n<tr style=\"height: 66px\">\n<td style=\"width: 174.117px;height: 66px\"><span style=\"color: #000000\">Maths, Sci. Exp, TM<\/span><\/td>\n<td style=\"width: 121.183px;height: 66px\"><span style=\"color: #000000\"><strong>P2<\/strong><\/span><\/td>\n<\/tr>\n<tr style=\"height: 114px\">\n<td style=\"width: 174.117px;height: 114px\"><span style=\"color: #000000\">Langues \u00e9trang\u00e8res<\/span><\/td>\n<td style=\"width: 121.183px;height: 114px\"><span style=\"color: #000000\"><strong>P3<\/strong><\/span><\/td>\n<\/tr>\n<\/tbody>\n<\/table>\n<p>[\/et_pb_text][\/et_pb_column][\/et_pb_row][\/et_pb_section]<\/p>\n","protected":false},"excerpt":{"rendered":"<p>Vice rectorat charg\u00e9 de la p\u00e9dagogie Calcul de la moyenne pond\u00e9r\u00e9e du BAC 2025 Moyenne Pond\u00e9r\u00e9e Calcul\u00e9e: c&rsquo;est la moyenne entre la moyenne g\u00e9n\u00e9rale obtenue au baccalaur\u00e9at et la ou les note(s) de la\u00a0 ou des mati\u00e8re(s) \u00ab\u00a0Essentielle(s)\u00a0\u00bb. La note Option X = selon la fili\u00e8re du BAC la note obtenue en g\u00e9nie civil; g\u00e9nie [&hellip;]<\/p>\n","protected":false},"author":1,"featured_media":0,"parent":0,"menu_order":0,"comment_status":"closed","ping_status":"closed","template":"","meta":{"_et_pb_use_builder":"on","_et_pb_old_content":"","_et_gb_content_width":"","footnotes":""},"class_list":["post-2524","page","type-page","status-publish","hentry"],"translation":{"provider":"WPGlobus","version":"3.0.1","language":"fr","enabled_languages":["en","fr","ar","gb"],"languages":{"en":{"title":true,"content":true,"excerpt":false},"fr":{"title":false,"content":false,"excerpt":false},"ar":{"title":false,"content":false,"excerpt":false},"gb":{"title":false,"content":false,"excerpt":false}}},"yoast_head":"<!-- This site is optimized with the Yoast SEO plugin v26.7 - https:\/\/yoast.com\/wordpress\/plugins\/seo\/ -->\n<title>VRP-Moyennes pond\u00e9r\u00e9es - Vice-Rectorat charg\u00e9 de la p\u00e9dagogie<\/title>\n<meta name=\"robots\" content=\"index, follow, max-snippet:-1, max-image-preview:large, max-video-preview:-1\" \/>\n<link rel=\"canonical\" href=\"https:\/\/www.ummto.dz\/vrp\/vrp-moyennes-ponderees\/\" \/>\n<meta property=\"og:locale\" content=\"fr_FR\" \/>\n<meta property=\"og:type\" content=\"article\" \/>\n<meta property=\"og:title\" content=\"VRP-Moyennes pond\u00e9r\u00e9es - Vice-Rectorat charg\u00e9 de la p\u00e9dagogie\" \/>\n<meta property=\"og:url\" content=\"https:\/\/www.ummto.dz\/vrp\/vrp-moyennes-ponderees\/\" \/>\n<meta property=\"og:site_name\" content=\"Vice-Rectorat charg\u00e9 de la p\u00e9dagogie\" \/>\n<meta property=\"article:modified_time\" content=\"2025-07-17T08:34:41+00:00\" \/>\n<meta name=\"twitter:card\" content=\"summary_large_image\" \/>\n<meta name=\"twitter:label1\" content=\"Dur\u00e9e de lecture estim\u00e9e\" \/>\n\t<meta name=\"twitter:data1\" content=\"5 minutes\" \/>\n<script type=\"application\/ld+json\" class=\"yoast-schema-graph\">{\"@context\":\"https:\/\/schema.org\",\"@graph\":[{\"@type\":\"WebPage\",\"@id\":\"https:\/\/www.ummto.dz\/vrp\/vrp-moyennes-ponderees\/\",\"url\":\"https:\/\/www.ummto.dz\/vrp\/vrp-moyennes-ponderees\/\",\"name\":\"VRP-Moyennes pond\u00e9r\u00e9es - Vice-Rectorat charg\u00e9 de la p\u00e9dagogie\",\"isPartOf\":{\"@id\":\"https:\/\/www.ummto.dz\/vrp\/fr\/#website\"},\"datePublished\":\"2022-05-16T13:37:27+00:00\",\"dateModified\":\"2025-07-17T08:34:41+00:00\",\"inLanguage\":\"fr-FR\",\"potentialAction\":[{\"@type\":\"ReadAction\",\"target\":[\"https:\/\/www.ummto.dz\/vrp\/vrp-moyennes-ponderees\/\"]}]},{\"@type\":\"WebSite\",\"@id\":\"https:\/\/www.ummto.dz\/vrp\/fr\/#website\",\"url\":\"https:\/\/www.ummto.dz\/vrp\/fr\/\",\"name\":\"Vice-Rectorat charg\u00e9 de la p\u00e9dagogie\",\"description\":\"Vice-Rectorat charg\u00e9 de la p\u00e9dagogie\",\"potentialAction\":[{\"@type\":\"SearchAction\",\"target\":{\"@type\":\"EntryPoint\",\"urlTemplate\":\"https:\/\/www.ummto.dz\/vrp\/fr\/?s={search_term_string}\"},\"query-input\":{\"@type\":\"PropertyValueSpecification\",\"valueRequired\":true,\"valueName\":\"search_term_string\"}}],\"inLanguage\":\"fr-FR\"}]}<\/script>\n<!-- \/ Yoast SEO plugin. -->","yoast_head_json":{"title":"VRP-Moyennes pond\u00e9r\u00e9es - Vice-Rectorat charg\u00e9 de la p\u00e9dagogie","robots":{"index":"index","follow":"follow","max-snippet":"max-snippet:-1","max-image-preview":"max-image-preview:large","max-video-preview":"max-video-preview:-1"},"canonical":"https:\/\/www.ummto.dz\/vrp\/vrp-moyennes-ponderees\/","og_locale":"fr_FR","og_type":"article","og_title":"VRP-Moyennes pond\u00e9r\u00e9es - Vice-Rectorat charg\u00e9 de la p\u00e9dagogie","og_url":"https:\/\/www.ummto.dz\/vrp\/vrp-moyennes-ponderees\/","og_site_name":"Vice-Rectorat charg\u00e9 de la p\u00e9dagogie","article_modified_time":"2025-07-17T08:34:41+00:00","twitter_card":"summary_large_image","twitter_misc":{"Dur\u00e9e de lecture estim\u00e9e":"5 minutes"},"schema":{"@context":"https:\/\/schema.org","@graph":[{"@type":"WebPage","@id":"https:\/\/www.ummto.dz\/vrp\/vrp-moyennes-ponderees\/","url":"https:\/\/www.ummto.dz\/vrp\/vrp-moyennes-ponderees\/","name":"VRP-Moyennes pond\u00e9r\u00e9es - Vice-Rectorat charg\u00e9 de la p\u00e9dagogie","isPartOf":{"@id":"https:\/\/www.ummto.dz\/vrp\/fr\/#website"},"datePublished":"2022-05-16T13:37:27+00:00","dateModified":"2025-07-17T08:34:41+00:00","inLanguage":"fr-FR","potentialAction":[{"@type":"ReadAction","target":["https:\/\/www.ummto.dz\/vrp\/vrp-moyennes-ponderees\/"]}]},{"@type":"WebSite","@id":"https:\/\/www.ummto.dz\/vrp\/fr\/#website","url":"https:\/\/www.ummto.dz\/vrp\/fr\/","name":"Vice-Rectorat charg\u00e9 de la p\u00e9dagogie","description":"Vice-Rectorat charg\u00e9 de la p\u00e9dagogie","potentialAction":[{"@type":"SearchAction","target":{"@type":"EntryPoint","urlTemplate":"https:\/\/www.ummto.dz\/vrp\/fr\/?s={search_term_string}"},"query-input":{"@type":"PropertyValueSpecification","valueRequired":true,"valueName":"search_term_string"}}],"inLanguage":"fr-FR"}]}},"_links":{"self":[{"href":"https:\/\/www.ummto.dz\/vrp\/fr\/wp-json\/wp\/v2\/pages\/2524","targetHints":{"allow":["GET"]}}],"collection":[{"href":"https:\/\/www.ummto.dz\/vrp\/fr\/wp-json\/wp\/v2\/pages"}],"about":[{"href":"https:\/\/www.ummto.dz\/vrp\/fr\/wp-json\/wp\/v2\/types\/page"}],"author":[{"embeddable":true,"href":"https:\/\/www.ummto.dz\/vrp\/fr\/wp-json\/wp\/v2\/users\/1"}],"replies":[{"embeddable":true,"href":"https:\/\/www.ummto.dz\/vrp\/fr\/wp-json\/wp\/v2\/comments?post=2524"}],"version-history":[{"count":69,"href":"https:\/\/www.ummto.dz\/vrp\/fr\/wp-json\/wp\/v2\/pages\/2524\/revisions"}],"predecessor-version":[{"id":7075,"href":"https:\/\/www.ummto.dz\/vrp\/fr\/wp-json\/wp\/v2\/pages\/2524\/revisions\/7075"}],"wp:attachment":[{"href":"https:\/\/www.ummto.dz\/vrp\/fr\/wp-json\/wp\/v2\/media?parent=2524"}],"curies":[{"name":"wp","href":"https:\/\/api.w.org\/{rel}","templated":true}]}}