{"id":4568,"date":"2023-06-23T00:28:47","date_gmt":"2023-06-22T23:28:47","guid":{"rendered":"https:\/\/www.ummto.dz\/vrp\/?page_id=4568"},"modified":"2023-06-23T09:51:14","modified_gmt":"2023-06-23T08:51:14","slug":"vrp-etudiants-etrangers-en","status":"publish","type":"page","link":"https:\/\/www.ummto.dz\/vrp\/fr\/vrp-etudiants-etrangers-en\/","title":{"rendered":"VRP-Foreign students"},"content":{"rendered":"<p>[et_pb_section fb_built=\u00a0\u00bb1&Prime; _builder_version=\u00a0\u00bb4.16&Prime; _module_preset=\u00a0\u00bbdefault\u00a0\u00bb custom_padding=\u00a0\u00bb12px||0px|||\u00a0\u00bb top_divider_style=\u00a0\u00bbwave\u00a0\u00bb top_divider_color=\u00a0\u00bb#FFFFFF\u00a0\u00bb top_divider_height=\u00a0\u00bb26px\u00a0\u00bb top_divider_repeat=\u00a0\u00bb1x\u00a0\u00bb bottom_divider_style=\u00a0\u00bbwave2&Prime; bottom_divider_color=\u00a0\u00bb#FFFFFF\u00a0\u00bb bottom_divider_height=\u00a0\u00bb53px\u00a0\u00bb bottom_divider_repeat=\u00a0\u00bb1x\u00a0\u00bb bottom_divider_arrangement=\u00a0\u00bbabove_content\u00a0\u00bb locked=\u00a0\u00bboff\u00a0\u00bb global_colors_info=\u00a0\u00bb{}\u00a0\u00bb][et_pb_row _builder_version=\u00a0\u00bb4.16&Prime; _module_preset=\u00a0\u00bbdefault\u00a0\u00bb custom_margin=\u00a0\u00bb||||false|false\u00a0\u00bb custom_padding=\u00a0\u00bb||4px||false|false\u00a0\u00bb global_colors_info=\u00a0\u00bb{}\u00a0\u00bb][et_pb_column type=\u00a0\u00bb4_4&Prime; _builder_version=\u00a0\u00bb4.16&Prime; _module_preset=\u00a0\u00bbdefault\u00a0\u00bb global_colors_info=\u00a0\u00bb{}\u00a0\u00bb][et_pb_slider _builder_version=\u00a0\u00bb4.17.4&Prime; _module_preset=\u00a0\u00bbdefault\u00a0\u00bb width=\u00a0\u00bb97.3%\u00a0\u00bb min_height=\u00a0\u00bb333.7px\u00a0\u00bb custom_margin=\u00a0\u00bb-34px|||||\u00a0\u00bb custom_padding=\u00a0\u00bb13px||0px|||\u00a0\u00bb global_colors_info=\u00a0\u00bb{}\u00a0\u00bb][et_pb_slide _builder_version=\u00a0\u00bb4.17.4&Prime; _module_preset=\u00a0\u00bbdefault\u00a0\u00bb global_colors_info=\u00a0\u00bb{}\u00a0\u00bb sticky_transition=\u00a0\u00bbon\u00a0\u00bb]<\/p>\n<h1 style=\"text-align: center;\">OPEN DAYS FOR NEW BACCALAUR\u00c9AT 2023 HOLDERS<\/h1>\n<h1 style=\"text-align: center;\"><span style=\"color: #ff0000;\"><strong>from 15\u00a0 to 18 July 2023<\/strong><\/span><\/h1>\n<p>[\/et_pb_slide][\/et_pb_slider][\/et_pb_column][\/et_pb_row][\/et_pb_section][et_pb_section fb_built=\u00a0\u00bb1&Prime; _builder_version=\u00a0\u00bb4.17.3&Prime; _module_preset=\u00a0\u00bbdefault\u00a0\u00bb custom_padding=\u00a0\u00bb0px||1px|||\u00a0\u00bb global_colors_info=\u00a0\u00bb{}\u00a0\u00bb][et_pb_row _builder_version=\u00a0\u00bb4.16&Prime; _module_preset=\u00a0\u00bbdefault\u00a0\u00bb global_colors_info=\u00a0\u00bb{}\u00a0\u00bb][et_pb_column type=\u00a0\u00bb4_4&Prime; _builder_version=\u00a0\u00bb4.16&Prime; _module_preset=\u00a0\u00bbdefault\u00a0\u00bb global_colors_info=\u00a0\u00bb{}\u00a0\u00bb][et_pb_text _builder_version=\u00a0\u00bb4.21.0&Prime; _module_preset=\u00a0\u00bbdefault\u00a0\u00bb hover_enabled=\u00a0\u00bb0&Prime; global_colors_info=\u00a0\u00bb{}\u00a0\u00bb sticky_enabled=\u00a0\u00bb0&Prime;]<\/p>\n<h3 style=\"text-align: left;\"><strong><a href=\"https:\/\/www.ummto.dz\/vrp\/vrp-etudiants-etrangers\/\"><span style=\"color: #993300;\">Lire en Fran\u00e7ais<\/span><\/a><\/strong><\/h3>\n<h2 style=\"text-align: center;\"><span style=\"color: #ff0000;\">Registration of Foreign Students<\/span><\/h2>\n<p><span style=\"color: #800000;\"><strong><\/strong><\/span><\/p>\n<p style=\"padding-left: 40px;\"><strong><span style=\"color: #000000;\">1) Students granted a scholarship by the Algerian Government :<\/span><\/strong><\/p>\n<p>In accordance with Ministerial Circular No. 47 of 05 May 1986, foreign students are authorised to enrol in Algerian universities subject to submission of a Certificate issued by the Cooperation Department of the Ministry of Higher Education and Scientific Research.<\/p>\n<p style=\"padding-left: 40px;\"><strong><span style=\"color: #000000;\">2) Students who are children of foreign residents in Algeria :<\/span><\/strong><\/p>\n<p>These students can be admitted under the same conditions as Algerian students. However, their final registration requires the presentation of an authorisation issued by the Cooperation Department of the Ministry of Higher Education and Scientific Research.<\/p>\n<p style=\"padding-left: 40px;\"><strong><span style=\"color: #000000;\">3) Registration formalities:<\/span><\/strong><\/p>\n<p><span style=\"color: #000000;\">The Registration File must include:<\/span><\/p>\n<ul>\n<li style=\"list-style-type: none;\">\n<ul>\n<li>Ministerial registration authorisation for foreign students<\/li>\n<li>Original of the Baccalaureate diploma<\/li>\n<li>Equivalence of the Baccalaureate diploma<\/li>\n<li>Birth certificate (original)<\/li>\n<li>Copy of passport<\/li>\n<li>3 passport photos<\/li>\n<li>Payment receipt for registration fees (200 DA)<\/li>\n<li>Application form.<\/li>\n<\/ul>\n<\/li>\n<\/ul>\n<p style=\"padding-left: 40px;\"><strong><span style=\"color: #000000;\">4) Authentication of educational documents:<\/span><\/strong><\/p>\n<p>Authentication is the validation by the Ministry of Higher Education and Scientific Research of educational documents issued by the university.<\/p>\n<p><span style=\"color: #000000;\">The application must include :<\/span><\/p>\n<ul>\n<li style=\"list-style-type: none;\">\n<ul>\n<li><span style=\"color: #000000;\">Original of the final university diploma.<\/span><\/li>\n<li><span style=\"color: #000000;\">Original transcripts of all years of the programme.<\/span><\/li>\n<li><span style=\"color: #000000;\">Descriptive annex to the Bachelor&rsquo;s and Master&rsquo;s LMD diploma.<\/span><\/li>\n<li><span style=\"color: #000000;\">Copy of the Certificate of Equivalence of the Baccalaureate.<\/span><\/li>\n<li><span style=\"color: #000000;\">Copy of the ministerial authorisation.<\/span><\/li>\n<li><span style=\"color: #000000;\">In the case of a transfer: submit the transfer form (to be signed by both institutions + the approval of the Director of Inter-University Cooperation and Exchanges (MESRS)).<\/span><span style=\"color: #000000;\"><\/span><\/li>\n<\/ul>\n<\/li>\n<\/ul>\n<p><span style=\"color: #000000;\">Download here the brochure for foreign students : <a href=\"https:\/\/www.ummto.dz\/vrp\/wp-content\/uploads\/Guide-for-foreign-students.pdf\" target=\"_blank\" rel=\"noopener\"><strong>BROCHURE<\/strong><\/a><\/span><\/p>\n<p>[\/et_pb_text][\/et_pb_column][\/et_pb_row][\/et_pb_section]<\/p>\n","protected":false},"excerpt":{"rendered":"<p>OPEN DAYS FOR NEW BACCALAUR\u00c9AT 2023 HOLDERS from 15\u00a0 to 18 July 2023Lire en Fran\u00e7ais Registration of Foreign Students 1) Students granted a scholarship by the Algerian Government : In accordance with Ministerial Circular No. 47 of 05 May 1986, foreign students are authorised to enrol in Algerian universities subject to submission of a Certificate [&hellip;]<\/p>\n","protected":false},"author":7,"featured_media":0,"parent":0,"menu_order":0,"comment_status":"closed","ping_status":"closed","template":"","meta":{"_et_pb_use_builder":"on","_et_pb_old_content":"","_et_gb_content_width":"","footnotes":""},"class_list":["post-4568","page","type-page","status-publish","hentry"],"translation":{"provider":"WPGlobus","version":"3.0.1","language":"fr","enabled_languages":["en","fr","ar","gb"],"languages":{"en":{"title":true,"content":true,"excerpt":false},"fr":{"title":false,"content":false,"excerpt":false},"ar":{"title":false,"content":false,"excerpt":false},"gb":{"title":false,"content":false,"excerpt":false}}},"yoast_head":"<!-- This site is optimized with the Yoast SEO plugin v26.7 - https:\/\/yoast.com\/wordpress\/plugins\/seo\/ -->\n<title>VRP-Foreign students - Vice-Rectorat charg\u00e9 de la p\u00e9dagogie<\/title>\n<meta name=\"robots\" content=\"index, follow, max-snippet:-1, max-image-preview:large, max-video-preview:-1\" \/>\n<link rel=\"canonical\" href=\"https:\/\/www.ummto.dz\/vrp\/vrp-etudiants-etrangers-en\/\" \/>\n<meta property=\"og:locale\" content=\"fr_FR\" \/>\n<meta property=\"og:type\" content=\"article\" \/>\n<meta property=\"og:title\" content=\"VRP-Foreign students - Vice-Rectorat charg\u00e9 de la p\u00e9dagogie\" \/>\n<meta property=\"og:url\" content=\"https:\/\/www.ummto.dz\/vrp\/vrp-etudiants-etrangers-en\/\" \/>\n<meta property=\"og:site_name\" content=\"Vice-Rectorat charg\u00e9 de la p\u00e9dagogie\" \/>\n<meta property=\"article:modified_time\" content=\"2023-06-23T08:51:14+00:00\" \/>\n<meta name=\"twitter:card\" content=\"summary_large_image\" \/>\n<meta name=\"twitter:label1\" content=\"Dur\u00e9e de lecture estim\u00e9e\" \/>\n\t<meta name=\"twitter:data1\" content=\"2 minutes\" \/>\n<script type=\"application\/ld+json\" class=\"yoast-schema-graph\">{\"@context\":\"https:\/\/schema.org\",\"@graph\":[{\"@type\":\"WebPage\",\"@id\":\"https:\/\/www.ummto.dz\/vrp\/vrp-etudiants-etrangers-en\/\",\"url\":\"https:\/\/www.ummto.dz\/vrp\/vrp-etudiants-etrangers-en\/\",\"name\":\"VRP-Foreign students - Vice-Rectorat charg\u00e9 de la p\u00e9dagogie\",\"isPartOf\":{\"@id\":\"https:\/\/www.ummto.dz\/vrp\/fr\/#website\"},\"datePublished\":\"2023-06-22T23:28:47+00:00\",\"dateModified\":\"2023-06-23T08:51:14+00:00\",\"inLanguage\":\"fr-FR\",\"potentialAction\":[{\"@type\":\"ReadAction\",\"target\":[\"https:\/\/www.ummto.dz\/vrp\/vrp-etudiants-etrangers-en\/\"]}]},{\"@type\":\"WebSite\",\"@id\":\"https:\/\/www.ummto.dz\/vrp\/fr\/#website\",\"url\":\"https:\/\/www.ummto.dz\/vrp\/fr\/\",\"name\":\"Vice-Rectorat charg\u00e9 de la p\u00e9dagogie\",\"description\":\"Vice-Rectorat charg\u00e9 de la p\u00e9dagogie\",\"potentialAction\":[{\"@type\":\"SearchAction\",\"target\":{\"@type\":\"EntryPoint\",\"urlTemplate\":\"https:\/\/www.ummto.dz\/vrp\/fr\/?s={search_term_string}\"},\"query-input\":{\"@type\":\"PropertyValueSpecification\",\"valueRequired\":true,\"valueName\":\"search_term_string\"}}],\"inLanguage\":\"fr-FR\"}]}<\/script>\n<!-- \/ Yoast SEO plugin. -->","yoast_head_json":{"title":"VRP-Foreign students - Vice-Rectorat charg\u00e9 de la p\u00e9dagogie","robots":{"index":"index","follow":"follow","max-snippet":"max-snippet:-1","max-image-preview":"max-image-preview:large","max-video-preview":"max-video-preview:-1"},"canonical":"https:\/\/www.ummto.dz\/vrp\/vrp-etudiants-etrangers-en\/","og_locale":"fr_FR","og_type":"article","og_title":"VRP-Foreign students - Vice-Rectorat charg\u00e9 de la p\u00e9dagogie","og_url":"https:\/\/www.ummto.dz\/vrp\/vrp-etudiants-etrangers-en\/","og_site_name":"Vice-Rectorat charg\u00e9 de la p\u00e9dagogie","article_modified_time":"2023-06-23T08:51:14+00:00","twitter_card":"summary_large_image","twitter_misc":{"Dur\u00e9e de lecture estim\u00e9e":"2 minutes"},"schema":{"@context":"https:\/\/schema.org","@graph":[{"@type":"WebPage","@id":"https:\/\/www.ummto.dz\/vrp\/vrp-etudiants-etrangers-en\/","url":"https:\/\/www.ummto.dz\/vrp\/vrp-etudiants-etrangers-en\/","name":"VRP-Foreign students - Vice-Rectorat charg\u00e9 de la p\u00e9dagogie","isPartOf":{"@id":"https:\/\/www.ummto.dz\/vrp\/fr\/#website"},"datePublished":"2023-06-22T23:28:47+00:00","dateModified":"2023-06-23T08:51:14+00:00","inLanguage":"fr-FR","potentialAction":[{"@type":"ReadAction","target":["https:\/\/www.ummto.dz\/vrp\/vrp-etudiants-etrangers-en\/"]}]},{"@type":"WebSite","@id":"https:\/\/www.ummto.dz\/vrp\/fr\/#website","url":"https:\/\/www.ummto.dz\/vrp\/fr\/","name":"Vice-Rectorat charg\u00e9 de la p\u00e9dagogie","description":"Vice-Rectorat charg\u00e9 de la p\u00e9dagogie","potentialAction":[{"@type":"SearchAction","target":{"@type":"EntryPoint","urlTemplate":"https:\/\/www.ummto.dz\/vrp\/fr\/?s={search_term_string}"},"query-input":{"@type":"PropertyValueSpecification","valueRequired":true,"valueName":"search_term_string"}}],"inLanguage":"fr-FR"}]}},"_links":{"self":[{"href":"https:\/\/www.ummto.dz\/vrp\/fr\/wp-json\/wp\/v2\/pages\/4568","targetHints":{"allow":["GET"]}}],"collection":[{"href":"https:\/\/www.ummto.dz\/vrp\/fr\/wp-json\/wp\/v2\/pages"}],"about":[{"href":"https:\/\/www.ummto.dz\/vrp\/fr\/wp-json\/wp\/v2\/types\/page"}],"author":[{"embeddable":true,"href":"https:\/\/www.ummto.dz\/vrp\/fr\/wp-json\/wp\/v2\/users\/7"}],"replies":[{"embeddable":true,"href":"https:\/\/www.ummto.dz\/vrp\/fr\/wp-json\/wp\/v2\/comments?post=4568"}],"version-history":[{"count":8,"href":"https:\/\/www.ummto.dz\/vrp\/fr\/wp-json\/wp\/v2\/pages\/4568\/revisions"}],"predecessor-version":[{"id":4591,"href":"https:\/\/www.ummto.dz\/vrp\/fr\/wp-json\/wp\/v2\/pages\/4568\/revisions\/4591"}],"wp:attachment":[{"href":"https:\/\/www.ummto.dz\/vrp\/fr\/wp-json\/wp\/v2\/media?parent=4568"}],"curies":[{"name":"wp","href":"https:\/\/api.w.org\/{rel}","templated":true}]}}