{"id":73,"date":"2021-06-02T15:43:27","date_gmt":"2021-06-02T13:43:27","guid":{"rendered":"https:\/\/www.ummto.dz\/vrp\/?page_id=73"},"modified":"2022-05-24T15:59:52","modified_gmt":"2022-05-24T14:59:52","slug":"authentification-de-documents","status":"publish","type":"page","link":"https:\/\/www.ummto.dz\/vrp\/fr\/authentification-de-documents\/","title":{"rendered":"Authentification de documents"},"content":{"rendered":"<p>[et_pb_section fb_built=\u00a0\u00bb1&Prime; admin_label=\u00a0\u00bbsection\u00a0\u00bb _builder_version=\u00a0\u00bb4.16&Prime; global_colors_info=\u00a0\u00bb{}\u00a0\u00bb][et_pb_row admin_label=\u00a0\u00bbrow\u00a0\u00bb _builder_version=\u00a0\u00bb4.16&Prime; background_size=\u00a0\u00bbinitial\u00a0\u00bb background_position=\u00a0\u00bbtop_left\u00a0\u00bb background_repeat=\u00a0\u00bbrepeat\u00a0\u00bb global_colors_info=\u00a0\u00bb{}\u00a0\u00bb][et_pb_column type=\u00a0\u00bb4_4&Prime; _builder_version=\u00a0\u00bb4.16&Prime; custom_padding=\u00a0\u00bb|||\u00a0\u00bb global_colors_info=\u00a0\u00bb{}\u00a0\u00bb custom_padding__hover=\u00a0\u00bb|||\u00a0\u00bb][et_pb_text admin_label=\u00a0\u00bbText\u00a0\u00bb _builder_version=\u00a0\u00bb4.16&Prime; background_size=\u00a0\u00bbinitial\u00a0\u00bb background_position=\u00a0\u00bbtop_left\u00a0\u00bb background_repeat=\u00a0\u00bbrepeat\u00a0\u00bb global_colors_info=\u00a0\u00bb{}\u00a0\u00bb]<\/p>\n<p style=\"text-align: center;\"><strong>Les missions et taches du service authentification<\/strong><\/p>\n<p>1 &#8211; R\u00e9ception des courriers version papier et \u00e9lectronique.\u00a0\u00a0\u00a0\u00a0\u00a0\u00a0\u00a0\u00a0\u00a0\u00a0\u00a0\u00a0\u00a0\u00a0\u00a0\u00a0\u00a0\u00a0\u00a0\u00a0\u00a0\u00a0\u00a0\u00a0\u00a0\u00a0\u00a0\u00a0\u00a0\u00a0\u00a0\u00a0\u00a0\u00a0\u00a0\u00a0\u00a0\u00a0\u00a0\u00a0\u00a0\u00a0\u00a0\u00a0\u00a0\u00a0\u00a0\u00a0\u00a0\u00a0\u00a0\u00a0\u00a0\u00a0\u00a0\u00a0\u00a0\u00a0\u00a0\u00a0\u00a0\u00a0\u00a0\u00a0\u00a0\u00a0\u00a0\u00a0\u00a0\u00a0 <img loading=\"lazy\" decoding=\"async\" class=\"alignright wp-image-1673\" src=\"https:\/\/www.ummto.dz\/vrp\/wp-content\/uploads\/pexels-andrea-piacquadio-3760067-300x200.jpg\" alt=\"\" width=\"335\" height=\"224\" \/><\/p>\n<p>2 &#8211; Enregistrement du courrier.<\/p>\n<p>3 &#8211; R\u00e9ponse aux courriers version papier et \u00e9lectronique.<\/p>\n<p>4 &#8211; V\u00e9rification et contr\u00f4le d\u2019authenticit\u00e9 des documents p\u00e9dagogiques.<\/p>\n<p>5 &#8211; Authentification des documents p\u00e9dagogiques.<\/p>\n<ul>\n<li><strong><u>Authentification Interne\u00a0:<\/u><\/strong><\/li>\n<\/ul>\n<p>Recrutement ;<\/p>\n<p>Agr\u00e9ment ;<\/p>\n<p>Dossier CNAS, CNAC, ANSEJ \u2026\u2026 ;<\/p>\n<p>Ouverture de bureau (cabinet d\u2019avocat\/bureau d\u2019\u00e9tudes \u2026..).<\/p>\n<ul>\n<li><strong><u>Authentification Minist\u00e9rielle\u00a0<\/u>:<\/strong><\/li>\n<\/ul>\n<p>Formation \u00e0 l\u2019\u00e9tranger ;<\/p>\n<p>Demande de visa d\u2019\u00e9tudes ;<\/p>\n<p>Demande d\u2019\u00e9quivalence(WES).<\/p>\n<p>6 &#8211; Les documents authentifiables.<\/p>\n<p>Relev\u00e9s de notes ;<\/p>\n<p>Certificats de scolarit\u00e9 ;<\/p>\n<p>Attestation provisoire ;<\/p>\n<p>Dipl\u00f4mes d\u00e9finitifs ;<\/p>\n<p>7 &#8211; Proc\u00e9dures d\u2019authentification:<\/p>\n<ul>\n<li><strong><u>Concernant la demande des administrations :<\/u><\/strong><\/li>\n<\/ul>\n<p>L\u2019authentification se fait sur le document pr\u00e9sent\u00e9, accompagn\u00e9 d\u2019un \u00e9crit.<\/p>\n<ul>\n<li><strong><u>Concernant le courrier \u00e9lectronique\u00a0:<\/u><\/strong><\/li>\n<\/ul>\n<p>La r\u00e9ponse ce fait par voie \u00e9lectronique.<\/p>\n<ul>\n<li>Pour authentification des attestations provisoires, les copies des documents (Attestation provisoire, relev\u00e9s de notes) doivent \u00eatre authentifi\u00e9s par les scolarit\u00e9s avant de passer \u00e0 notre service.<\/li>\n<li>Pour les dipl\u00f4mes d\u00e9finitifs, l\u2019authentification se fait directement \u00e0 notre niveau.<\/li>\n<\/ul>\n<p>8 &#8211; Remises des documents p\u00e9dagogiques authentifi\u00e9s aux int\u00e9ress\u00e9s.<\/p>\n<p>9 &#8211; Accompagnement des majors de promos b\u00e9n\u00e9ficiaires de bourses d\u2019\u00e9tudes \u00e0 l\u2019\u00e9tranger aupr\u00e8s de la conf\u00e9rence r\u00e9gionale des universit\u00e9s du centre, et au minist\u00e8re de l\u2019enseignement sup\u00e9rieur et de la recherche scientifique pour leur examen et les formalit\u00e9s administratives.<\/p>\n<p>10 &#8211; Classement et archives des copies de chaque dossier et documents authentifi\u00e9s.<\/p>\n<p>[\/et_pb_text][\/et_pb_column][\/et_pb_row][\/et_pb_section]<\/p>\n","protected":false},"excerpt":{"rendered":"<p>Les missions et taches du service authentification 1 &#8211; R\u00e9ception des courriers version papier et \u00e9lectronique.\u00a0\u00a0\u00a0\u00a0\u00a0\u00a0\u00a0\u00a0\u00a0\u00a0\u00a0\u00a0\u00a0\u00a0\u00a0\u00a0\u00a0\u00a0\u00a0\u00a0\u00a0\u00a0\u00a0\u00a0\u00a0\u00a0\u00a0\u00a0\u00a0\u00a0\u00a0\u00a0\u00a0\u00a0\u00a0\u00a0\u00a0\u00a0\u00a0\u00a0\u00a0\u00a0\u00a0\u00a0\u00a0\u00a0\u00a0\u00a0\u00a0\u00a0\u00a0\u00a0\u00a0\u00a0\u00a0\u00a0\u00a0\u00a0\u00a0\u00a0\u00a0\u00a0\u00a0\u00a0\u00a0\u00a0\u00a0\u00a0\u00a0\u00a0 2 &#8211; Enregistrement du courrier. 3 &#8211; R\u00e9ponse aux courriers version papier et \u00e9lectronique. 4 &#8211; V\u00e9rification et contr\u00f4le d\u2019authenticit\u00e9 des documents p\u00e9dagogiques. 5 &#8211; Authentification des documents p\u00e9dagogiques. Authentification Interne\u00a0: Recrutement ; Agr\u00e9ment ; Dossier CNAS, CNAC, ANSEJ [&hellip;]<\/p>\n","protected":false},"author":1,"featured_media":0,"parent":0,"menu_order":0,"comment_status":"closed","ping_status":"closed","template":"","meta":{"_et_pb_use_builder":"on","_et_pb_old_content":"<p style=\"text-align: center;\"><strong>Les missions et taches du service authentification<\/strong><\/p>\r\n<p>1 - R\u00e9ception des courriers version papier et \u00e9lectronique.\u00a0\u00a0\u00a0\u00a0\u00a0\u00a0\u00a0\u00a0\u00a0\u00a0\u00a0\u00a0\u00a0\u00a0\u00a0\u00a0\u00a0\u00a0\u00a0\u00a0\u00a0\u00a0\u00a0\u00a0\u00a0\u00a0\u00a0\u00a0\u00a0\u00a0\u00a0\u00a0\u00a0\u00a0\u00a0\u00a0\u00a0\u00a0\u00a0\u00a0\u00a0\u00a0\u00a0\u00a0\u00a0\u00a0\u00a0\u00a0\u00a0\u00a0\u00a0\u00a0\u00a0\u00a0\u00a0\u00a0\u00a0\u00a0\u00a0\u00a0\u00a0\u00a0\u00a0\u00a0\u00a0\u00a0\u00a0\u00a0\u00a0\u00a0 <img class=\"alignright wp-image-1673\" src=\"https:\/\/www.ummto.dz\/vrp\/wp-content\/uploads\/pexels-andrea-piacquadio-3760067-300x200.jpg\" alt=\"\" width=\"335\" height=\"224\" \/><\/p>\r\n<p>2 - Enregistrement du courrier.<\/p>\r\n<p>3 - R\u00e9ponse aux courriers version papier et \u00e9lectronique.<\/p>\r\n<p>4 - V\u00e9rification et contr\u00f4le d\u2019authenticit\u00e9 des documents p\u00e9dagogiques.<\/p>\r\n<p>5 - Authentification des documents p\u00e9dagogiques.<\/p>\r\n<ul>\r\n<li><strong><u>Authentification Interne\u00a0:<\/u><\/strong><\/li>\r\n<\/ul>\r\n<p>\u00a0\u00a0\u00a0\u00a0\u00a0\u00a0\u00a0\u00a0\u00a0\u00a0\u00a0\u00a0 Recrutement ;<\/p>\r\n<p>\u00a0\u00a0\u00a0\u00a0\u00a0\u00a0\u00a0\u00a0\u00a0\u00a0\u00a0\u00a0 Agr\u00e9ment ;<\/p>\r\n<p>\u00a0\u00a0\u00a0\u00a0\u00a0\u00a0\u00a0\u00a0\u00a0\u00a0\u00a0\u00a0 Dossier CNAS, CNAC, ANSEJ \u2026\u2026 ;<\/p>\r\n<p>\u00a0\u00a0\u00a0\u00a0\u00a0\u00a0\u00a0\u00a0\u00a0\u00a0\u00a0\u00a0 Ouverture de bureau (cabinet d\u2019avocat\/bureau d\u2019\u00e9tudes \u2026..).<\/p>\r\n<ul>\r\n<li><strong><u>Authentification Minist\u00e9rielle\u00a0<\/u>:<\/strong><\/li>\r\n<\/ul>\r\n<p>\u00a0\u00a0\u00a0\u00a0\u00a0\u00a0\u00a0\u00a0\u00a0\u00a0\u00a0\u00a0 Formation \u00e0 l\u2019\u00e9tranger ;<\/p>\r\n<p>\u00a0\u00a0\u00a0\u00a0\u00a0\u00a0\u00a0\u00a0\u00a0\u00a0\u00a0\u00a0 Demande de visa d\u2019\u00e9tudes ;<\/p>\r\n<p>\u00a0\u00a0\u00a0\u00a0\u00a0\u00a0\u00a0\u00a0\u00a0\u00a0\u00a0\u00a0 Demande d\u2019\u00e9quivalence(WES).<\/p>\r\n<p>\u00a06 - Les documents authentifiables.<\/p>\r\n<p>\u00a0\u00a0\u00a0\u00a0\u00a0\u00a0\u00a0\u00a0\u00a0\u00a0\u00a0\u00a0 Relev\u00e9s de notes ;<\/p>\r\n<p>\u00a0\u00a0\u00a0\u00a0\u00a0\u00a0\u00a0\u00a0\u00a0\u00a0\u00a0\u00a0 Certificats de scolarit\u00e9 ;<\/p>\r\n<p>\u00a0\u00a0\u00a0\u00a0\u00a0\u00a0\u00a0\u00a0\u00a0\u00a0\u00a0\u00a0 Attestation provisoire ;<\/p>\r\n<p>\u00a0\u00a0\u00a0\u00a0\u00a0\u00a0\u00a0\u00a0\u00a0\u00a0\u00a0\u00a0 Dipl\u00f4mes d\u00e9finitifs ;<\/p>\r\n<p>7 - Proc\u00e9dures d\u2019authentification:<\/p>\r\n<ul>\r\n<li><strong><u>Concernant la demande des administrations :<\/u><\/strong><\/li>\r\n<\/ul>\r\n<p>L\u2019authentification se fait sur le document pr\u00e9sent\u00e9, accompagn\u00e9 d\u2019un \u00e9crit.<\/p>\r\n<ul>\r\n<li><strong><u>Concernant le courrier \u00e9lectronique\u00a0:<\/u><\/strong><\/li>\r\n<\/ul>\r\n<p>La r\u00e9ponse ce fait par voie \u00e9lectronique.<\/p>\r\n<ul>\r\n<li>Pour authentification des attestations provisoires, les copies des documents (Attestation provisoire, relev\u00e9s de notes) doivent \u00eatre authentifi\u00e9s par les scolarit\u00e9s avant de passer \u00e0 notre service.<\/li>\r\n<li>Pour les dipl\u00f4mes d\u00e9finitifs, l\u2019authentification se fait directement \u00e0 notre niveau.<\/li>\r\n<\/ul>\r\n<p>8 - Remises des documents p\u00e9dagogiques authentifi\u00e9s aux int\u00e9ress\u00e9s.<\/p>\r\n<p>9 - Accompagnement des majors de promos b\u00e9n\u00e9ficiaires de bourses d\u2019\u00e9tudes \u00e0 l\u2019\u00e9tranger aupr\u00e8s de la conf\u00e9rence r\u00e9gionale des universit\u00e9s du centre, et au minist\u00e8re de l\u2019enseignement sup\u00e9rieur et de la recherche scientifique pour leur examen et les formalit\u00e9s administratives.<\/p>\r\n<p>10 - Classement et archives des copies de chaque dossier et documents authentifi\u00e9s. \u00a0<\/p>","_et_gb_content_width":"","footnotes":""},"class_list":["post-73","page","type-page","status-publish","hentry"],"translation":{"provider":"WPGlobus","version":"3.0.1","language":"fr","enabled_languages":["en","fr","ar","gb"],"languages":{"en":{"title":true,"content":true,"excerpt":false},"fr":{"title":false,"content":false,"excerpt":false},"ar":{"title":false,"content":false,"excerpt":false},"gb":{"title":false,"content":false,"excerpt":false}}},"yoast_head":"<!-- This site is optimized with the Yoast SEO plugin v26.7 - https:\/\/yoast.com\/wordpress\/plugins\/seo\/ -->\n<title>Authentification de documents - Vice-Rectorat charg\u00e9 de la p\u00e9dagogie<\/title>\n<meta name=\"robots\" content=\"index, follow, max-snippet:-1, max-image-preview:large, max-video-preview:-1\" \/>\n<link rel=\"canonical\" href=\"https:\/\/www.ummto.dz\/vrp\/authentification-de-documents\/\" \/>\n<meta property=\"og:locale\" content=\"fr_FR\" \/>\n<meta property=\"og:type\" content=\"article\" \/>\n<meta property=\"og:title\" content=\"Authentification de documents - Vice-Rectorat charg\u00e9 de la p\u00e9dagogie\" \/>\n<meta property=\"og:url\" content=\"https:\/\/www.ummto.dz\/vrp\/authentification-de-documents\/\" \/>\n<meta property=\"og:site_name\" content=\"Vice-Rectorat charg\u00e9 de la p\u00e9dagogie\" \/>\n<meta property=\"article:modified_time\" content=\"2022-05-24T14:59:52+00:00\" \/>\n<meta property=\"og:image\" content=\"https:\/\/www.ummto.dz\/vrp\/wp-content\/uploads\/pexels-andrea-piacquadio-3760067-300x200.jpg\" \/>\n<meta name=\"twitter:card\" content=\"summary_large_image\" \/>\n<meta name=\"twitter:label1\" content=\"Dur\u00e9e de lecture estim\u00e9e\" \/>\n\t<meta name=\"twitter:data1\" content=\"2 minutes\" \/>\n<script type=\"application\/ld+json\" class=\"yoast-schema-graph\">{\"@context\":\"https:\/\/schema.org\",\"@graph\":[{\"@type\":\"WebPage\",\"@id\":\"https:\/\/www.ummto.dz\/vrp\/authentification-de-documents\/\",\"url\":\"https:\/\/www.ummto.dz\/vrp\/authentification-de-documents\/\",\"name\":\"Authentification de documents - Vice-Rectorat charg\u00e9 de la p\u00e9dagogie\",\"isPartOf\":{\"@id\":\"https:\/\/www.ummto.dz\/vrp\/fr\/#website\"},\"primaryImageOfPage\":{\"@id\":\"https:\/\/www.ummto.dz\/vrp\/authentification-de-documents\/#primaryimage\"},\"image\":{\"@id\":\"https:\/\/www.ummto.dz\/vrp\/authentification-de-documents\/#primaryimage\"},\"thumbnailUrl\":\"https:\/\/www.ummto.dz\/vrp\/wp-content\/uploads\/pexels-andrea-piacquadio-3760067-300x200.jpg\",\"datePublished\":\"2021-06-02T13:43:27+00:00\",\"dateModified\":\"2022-05-24T14:59:52+00:00\",\"inLanguage\":\"fr-FR\",\"potentialAction\":[{\"@type\":\"ReadAction\",\"target\":[\"https:\/\/www.ummto.dz\/vrp\/authentification-de-documents\/\"]}]},{\"@type\":\"ImageObject\",\"inLanguage\":\"fr-FR\",\"@id\":\"https:\/\/www.ummto.dz\/vrp\/authentification-de-documents\/#primaryimage\",\"url\":\"https:\/\/www.ummto.dz\/vrp\/wp-content\/uploads\/pexels-andrea-piacquadio-3760067-300x200.jpg\",\"contentUrl\":\"https:\/\/www.ummto.dz\/vrp\/wp-content\/uploads\/pexels-andrea-piacquadio-3760067-300x200.jpg\"},{\"@type\":\"WebSite\",\"@id\":\"https:\/\/www.ummto.dz\/vrp\/fr\/#website\",\"url\":\"https:\/\/www.ummto.dz\/vrp\/fr\/\",\"name\":\"Vice-Rectorat charg\u00e9 de la p\u00e9dagogie\",\"description\":\"Vice-Rectorat charg\u00e9 de la p\u00e9dagogie\",\"potentialAction\":[{\"@type\":\"SearchAction\",\"target\":{\"@type\":\"EntryPoint\",\"urlTemplate\":\"https:\/\/www.ummto.dz\/vrp\/fr\/?s={search_term_string}\"},\"query-input\":{\"@type\":\"PropertyValueSpecification\",\"valueRequired\":true,\"valueName\":\"search_term_string\"}}],\"inLanguage\":\"fr-FR\"}]}<\/script>\n<!-- \/ Yoast SEO plugin. -->","yoast_head_json":{"title":"Authentification de documents - Vice-Rectorat charg\u00e9 de la p\u00e9dagogie","robots":{"index":"index","follow":"follow","max-snippet":"max-snippet:-1","max-image-preview":"max-image-preview:large","max-video-preview":"max-video-preview:-1"},"canonical":"https:\/\/www.ummto.dz\/vrp\/authentification-de-documents\/","og_locale":"fr_FR","og_type":"article","og_title":"Authentification de documents - Vice-Rectorat charg\u00e9 de la p\u00e9dagogie","og_url":"https:\/\/www.ummto.dz\/vrp\/authentification-de-documents\/","og_site_name":"Vice-Rectorat charg\u00e9 de la p\u00e9dagogie","article_modified_time":"2022-05-24T14:59:52+00:00","og_image":[{"url":"https:\/\/www.ummto.dz\/vrp\/wp-content\/uploads\/pexels-andrea-piacquadio-3760067-300x200.jpg","type":"","width":"","height":""}],"twitter_card":"summary_large_image","twitter_misc":{"Dur\u00e9e de lecture estim\u00e9e":"2 minutes"},"schema":{"@context":"https:\/\/schema.org","@graph":[{"@type":"WebPage","@id":"https:\/\/www.ummto.dz\/vrp\/authentification-de-documents\/","url":"https:\/\/www.ummto.dz\/vrp\/authentification-de-documents\/","name":"Authentification de documents - Vice-Rectorat charg\u00e9 de la p\u00e9dagogie","isPartOf":{"@id":"https:\/\/www.ummto.dz\/vrp\/fr\/#website"},"primaryImageOfPage":{"@id":"https:\/\/www.ummto.dz\/vrp\/authentification-de-documents\/#primaryimage"},"image":{"@id":"https:\/\/www.ummto.dz\/vrp\/authentification-de-documents\/#primaryimage"},"thumbnailUrl":"https:\/\/www.ummto.dz\/vrp\/wp-content\/uploads\/pexels-andrea-piacquadio-3760067-300x200.jpg","datePublished":"2021-06-02T13:43:27+00:00","dateModified":"2022-05-24T14:59:52+00:00","inLanguage":"fr-FR","potentialAction":[{"@type":"ReadAction","target":["https:\/\/www.ummto.dz\/vrp\/authentification-de-documents\/"]}]},{"@type":"ImageObject","inLanguage":"fr-FR","@id":"https:\/\/www.ummto.dz\/vrp\/authentification-de-documents\/#primaryimage","url":"https:\/\/www.ummto.dz\/vrp\/wp-content\/uploads\/pexels-andrea-piacquadio-3760067-300x200.jpg","contentUrl":"https:\/\/www.ummto.dz\/vrp\/wp-content\/uploads\/pexels-andrea-piacquadio-3760067-300x200.jpg"},{"@type":"WebSite","@id":"https:\/\/www.ummto.dz\/vrp\/fr\/#website","url":"https:\/\/www.ummto.dz\/vrp\/fr\/","name":"Vice-Rectorat charg\u00e9 de la p\u00e9dagogie","description":"Vice-Rectorat charg\u00e9 de la p\u00e9dagogie","potentialAction":[{"@type":"SearchAction","target":{"@type":"EntryPoint","urlTemplate":"https:\/\/www.ummto.dz\/vrp\/fr\/?s={search_term_string}"},"query-input":{"@type":"PropertyValueSpecification","valueRequired":true,"valueName":"search_term_string"}}],"inLanguage":"fr-FR"}]}},"_links":{"self":[{"href":"https:\/\/www.ummto.dz\/vrp\/fr\/wp-json\/wp\/v2\/pages\/73","targetHints":{"allow":["GET"]}}],"collection":[{"href":"https:\/\/www.ummto.dz\/vrp\/fr\/wp-json\/wp\/v2\/pages"}],"about":[{"href":"https:\/\/www.ummto.dz\/vrp\/fr\/wp-json\/wp\/v2\/types\/page"}],"author":[{"embeddable":true,"href":"https:\/\/www.ummto.dz\/vrp\/fr\/wp-json\/wp\/v2\/users\/1"}],"replies":[{"embeddable":true,"href":"https:\/\/www.ummto.dz\/vrp\/fr\/wp-json\/wp\/v2\/comments?post=73"}],"version-history":[{"count":11,"href":"https:\/\/www.ummto.dz\/vrp\/fr\/wp-json\/wp\/v2\/pages\/73\/revisions"}],"predecessor-version":[{"id":2683,"href":"https:\/\/www.ummto.dz\/vrp\/fr\/wp-json\/wp\/v2\/pages\/73\/revisions\/2683"}],"wp:attachment":[{"href":"https:\/\/www.ummto.dz\/vrp\/fr\/wp-json\/wp\/v2\/media?parent=73"}],"curies":[{"name":"wp","href":"https:\/\/api.w.org\/{rel}","templated":true}]}}