{"id":193,"date":"2021-06-03T15:52:37","date_gmt":"2021-06-03T13:52:37","guid":{"rendered":"https:\/\/www.ummto.dz\/vrp\/?page_id=193"},"modified":"2021-06-03T15:54:40","modified_gmt":"2021-06-03T13:54:40","slug":"sciences-et-technologie-licence","status":"publish","type":"page","link":"https:\/\/www.ummto.dz\/vrp\/gb\/sciences-et-technologie-licence\/","title":{"rendered":"Sciences et technologie (Licence)"},"content":{"rendered":"<div>\n<p class=\"Style52\"><span style=\"color: #800000;\"><strong>Automatiqueeeeeeeeeeeeeeeeeeeeeeeeeeeeeeeeeeeeeeeeeeeee<img loading=\"lazy\" decoding=\"async\" class=\"wp-image-160 alignright\" src=\"https:\/\/www.ummto.dz\/vrp\/wp-content\/uploads\/2021\/06\/science-and-Technology-current-affairs.jpg\" alt=\"\" width=\"204\" height=\"153\" \/><\/strong><\/span><\/p>\n<div>\n<ul>\n<li class=\"colonne_deco\">Automatique<\/li>\n<\/ul>\n<\/div>\n<\/div>\n<div>\n<h3 class=\"Style52\">Electronique<\/h3>\n<div>\n<ul>\n<li class=\"colonne_deco\">Electronique<\/li>\n<\/ul>\n<\/div>\n<\/div>\n<div>\n<h3 class=\"Style52\">Electrotechnique<\/h3>\n<div>\n<ul>\n<li class=\"colonne_deco\">Electrotechniques<\/li>\n<\/ul>\n<\/div>\n<\/div>\n<div>\n<h3 class=\"Style52\">G\u00e9nie m\u00e9canique<\/h3>\n<div>\n<ul>\n<li class=\"colonne_deco\">Construction m\u00e9canique<\/li>\n<li class=\"colonne_deco\">Energ\u00e9tique<\/li>\n<li class=\"colonne_deco\">G\u00e9nie des mat\u00e9riaux<\/li>\n<\/ul>\n<\/div>\n<\/div>\n<div>\n<h3 class=\"Style52\">G\u00e9nie civil<\/h3>\n<div>\n<ul>\n<li class=\"colonne_deco\">G\u00e9nie civil<\/li>\n<\/ul>\n<\/div>\n<\/div>\n","protected":false},"excerpt":{"rendered":"<p>Automatiqueeeeeeeeeeeeeeeeeeeeeeeeeeeeeeeeeeeeeeeeeeeee Automatique Electronique Electronique Electrotechnique Electrotechniques G\u00e9nie m\u00e9canique Construction m\u00e9canique Energ\u00e9tique G\u00e9nie des mat\u00e9riaux G\u00e9nie civil G\u00e9nie civil<\/p>\n","protected":false},"author":1,"featured_media":0,"parent":0,"menu_order":0,"comment_status":"closed","ping_status":"closed","template":"","meta":{"_et_pb_use_builder":"","_et_pb_old_content":"","_et_gb_content_width":"","footnotes":""},"class_list":["post-193","page","type-page","status-publish","hentry"],"translation":{"provider":"WPGlobus","version":"3.0.1","language":"gb","enabled_languages":["en","fr","ar","gb"],"languages":{"en":{"title":true,"content":true,"excerpt":false},"fr":{"title":false,"content":false,"excerpt":false},"ar":{"title":false,"content":false,"excerpt":false},"gb":{"title":false,"content":false,"excerpt":false}}},"yoast_head":"<!-- This site is optimized with the Yoast SEO plugin v26.7 - https:\/\/yoast.com\/wordpress\/plugins\/seo\/ -->\n<title>Sciences et technologie (Licence) -<\/title>\n<meta name=\"robots\" content=\"index, follow, max-snippet:-1, max-image-preview:large, max-video-preview:-1\" \/>\n<link rel=\"canonical\" href=\"https:\/\/www.ummto.dz\/vrp\/sciences-et-technologie-licence\/\" \/>\n<meta property=\"og:locale\" content=\"en_GB\" \/>\n<meta property=\"og:type\" content=\"article\" \/>\n<meta property=\"og:title\" content=\"Sciences et technologie (Licence) -\" \/>\n<meta property=\"og:url\" content=\"https:\/\/www.ummto.dz\/vrp\/sciences-et-technologie-licence\/\" \/>\n<meta property=\"article:modified_time\" content=\"2021-06-03T13:54:40+00:00\" \/>\n<meta property=\"og:image\" content=\"https:\/\/www.ummto.dz\/vrp\/wp-content\/uploads\/2021\/06\/science-and-Technology-current-affairs.jpg\" \/>\n<meta name=\"twitter:card\" content=\"summary_large_image\" \/>\n<meta name=\"twitter:label1\" content=\"Est. reading time\" \/>\n\t<meta name=\"twitter:data1\" content=\"1 minute\" \/>\n<script type=\"application\/ld+json\" class=\"yoast-schema-graph\">{\"@context\":\"https:\/\/schema.org\",\"@graph\":[{\"@type\":\"WebPage\",\"@id\":\"https:\/\/www.ummto.dz\/vrp\/sciences-et-technologie-licence\/\",\"url\":\"https:\/\/www.ummto.dz\/vrp\/sciences-et-technologie-licence\/\",\"name\":\"Sciences et technologie (Licence) -\",\"isPartOf\":{\"@id\":\"https:\/\/www.ummto.dz\/vrp\/fr\/#website\"},\"primaryImageOfPage\":{\"@id\":\"https:\/\/www.ummto.dz\/vrp\/sciences-et-technologie-licence\/#primaryimage\"},\"image\":{\"@id\":\"https:\/\/www.ummto.dz\/vrp\/sciences-et-technologie-licence\/#primaryimage\"},\"thumbnailUrl\":\"https:\/\/www.ummto.dz\/vrp\/wp-content\/uploads\/2021\/06\/science-and-Technology-current-affairs.jpg\",\"datePublished\":\"2021-06-03T13:52:37+00:00\",\"dateModified\":\"2021-06-03T13:54:40+00:00\",\"inLanguage\":\"en-GB\",\"potentialAction\":[{\"@type\":\"ReadAction\",\"target\":[\"https:\/\/www.ummto.dz\/vrp\/sciences-et-technologie-licence\/\"]}]},{\"@type\":\"ImageObject\",\"inLanguage\":\"en-GB\",\"@id\":\"https:\/\/www.ummto.dz\/vrp\/sciences-et-technologie-licence\/#primaryimage\",\"url\":\"https:\/\/www.ummto.dz\/vrp\/wp-content\/uploads\/2021\/06\/science-and-Technology-current-affairs.jpg\",\"contentUrl\":\"https:\/\/www.ummto.dz\/vrp\/wp-content\/uploads\/2021\/06\/science-and-Technology-current-affairs.jpg\"},{\"@type\":\"WebSite\",\"@id\":\"https:\/\/www.ummto.dz\/vrp\/fr\/#website\",\"url\":\"https:\/\/www.ummto.dz\/vrp\/fr\/\",\"name\":\"\",\"description\":\"Vice-Rectorat charg\u00e9 de la p\u00e9dagogie\",\"potentialAction\":[{\"@type\":\"SearchAction\",\"target\":{\"@type\":\"EntryPoint\",\"urlTemplate\":\"https:\/\/www.ummto.dz\/vrp\/fr\/?s={search_term_string}\"},\"query-input\":{\"@type\":\"PropertyValueSpecification\",\"valueRequired\":true,\"valueName\":\"search_term_string\"}}],\"inLanguage\":\"en-GB\"}]}<\/script>\n<!-- \/ Yoast SEO plugin. -->","yoast_head_json":{"title":"Sciences et technologie (Licence) -","robots":{"index":"index","follow":"follow","max-snippet":"max-snippet:-1","max-image-preview":"max-image-preview:large","max-video-preview":"max-video-preview:-1"},"canonical":"https:\/\/www.ummto.dz\/vrp\/sciences-et-technologie-licence\/","og_locale":"en_GB","og_type":"article","og_title":"Sciences et technologie (Licence) -","og_url":"https:\/\/www.ummto.dz\/vrp\/sciences-et-technologie-licence\/","article_modified_time":"2021-06-03T13:54:40+00:00","og_image":[{"url":"https:\/\/www.ummto.dz\/vrp\/wp-content\/uploads\/2021\/06\/science-and-Technology-current-affairs.jpg","type":"","width":"","height":""}],"twitter_card":"summary_large_image","twitter_misc":{"Est. reading time":"1 minute"},"schema":{"@context":"https:\/\/schema.org","@graph":[{"@type":"WebPage","@id":"https:\/\/www.ummto.dz\/vrp\/sciences-et-technologie-licence\/","url":"https:\/\/www.ummto.dz\/vrp\/sciences-et-technologie-licence\/","name":"Sciences et technologie (Licence) -","isPartOf":{"@id":"https:\/\/www.ummto.dz\/vrp\/fr\/#website"},"primaryImageOfPage":{"@id":"https:\/\/www.ummto.dz\/vrp\/sciences-et-technologie-licence\/#primaryimage"},"image":{"@id":"https:\/\/www.ummto.dz\/vrp\/sciences-et-technologie-licence\/#primaryimage"},"thumbnailUrl":"https:\/\/www.ummto.dz\/vrp\/wp-content\/uploads\/2021\/06\/science-and-Technology-current-affairs.jpg","datePublished":"2021-06-03T13:52:37+00:00","dateModified":"2021-06-03T13:54:40+00:00","inLanguage":"en-GB","potentialAction":[{"@type":"ReadAction","target":["https:\/\/www.ummto.dz\/vrp\/sciences-et-technologie-licence\/"]}]},{"@type":"ImageObject","inLanguage":"en-GB","@id":"https:\/\/www.ummto.dz\/vrp\/sciences-et-technologie-licence\/#primaryimage","url":"https:\/\/www.ummto.dz\/vrp\/wp-content\/uploads\/2021\/06\/science-and-Technology-current-affairs.jpg","contentUrl":"https:\/\/www.ummto.dz\/vrp\/wp-content\/uploads\/2021\/06\/science-and-Technology-current-affairs.jpg"},{"@type":"WebSite","@id":"https:\/\/www.ummto.dz\/vrp\/fr\/#website","url":"https:\/\/www.ummto.dz\/vrp\/fr\/","name":"","description":"Vice-Rectorat charg\u00e9 de la p\u00e9dagogie","potentialAction":[{"@type":"SearchAction","target":{"@type":"EntryPoint","urlTemplate":"https:\/\/www.ummto.dz\/vrp\/fr\/?s={search_term_string}"},"query-input":{"@type":"PropertyValueSpecification","valueRequired":true,"valueName":"search_term_string"}}],"inLanguage":"en-GB"}]}},"_links":{"self":[{"href":"https:\/\/www.ummto.dz\/vrp\/gb\/wp-json\/wp\/v2\/pages\/193","targetHints":{"allow":["GET"]}}],"collection":[{"href":"https:\/\/www.ummto.dz\/vrp\/gb\/wp-json\/wp\/v2\/pages"}],"about":[{"href":"https:\/\/www.ummto.dz\/vrp\/gb\/wp-json\/wp\/v2\/types\/page"}],"author":[{"embeddable":true,"href":"https:\/\/www.ummto.dz\/vrp\/gb\/wp-json\/wp\/v2\/users\/1"}],"replies":[{"embeddable":true,"href":"https:\/\/www.ummto.dz\/vrp\/gb\/wp-json\/wp\/v2\/comments?post=193"}],"version-history":[{"count":4,"href":"https:\/\/www.ummto.dz\/vrp\/gb\/wp-json\/wp\/v2\/pages\/193\/revisions"}],"predecessor-version":[{"id":195,"href":"https:\/\/www.ummto.dz\/vrp\/gb\/wp-json\/wp\/v2\/pages\/193\/revisions\/195"}],"wp:attachment":[{"href":"https:\/\/www.ummto.dz\/vrp\/gb\/wp-json\/wp\/v2\/media?parent=193"}],"curies":[{"name":"wp","href":"https:\/\/api.w.org\/{rel}","templated":true}]}}