{"id":2339,"date":"2022-05-15T14:47:56","date_gmt":"2022-05-15T13:47:56","guid":{"rendered":"https:\/\/www.ummto.dz\/vrp\/?page_id=2339"},"modified":"2025-06-01T15:03:06","modified_gmt":"2025-06-01T14:03:06","slug":"vrp-reglementations","status":"publish","type":"page","link":"https:\/\/www.ummto.dz\/vrp\/gb\/vrp-reglementations\/","title":{"rendered":"VRP&#8211; R\u00e9glementations"},"content":{"rendered":"<p>[et_pb_section fb_built=&#8221;1&#8243; custom_padding_last_edited=&#8221;on|desktop&#8221; admin_label=&#8221;Header&#8221; _builder_version=&#8221;4.27.4&#8243; background_image=&#8221;https:\/\/www.ummto.dz\/vrp\/wp-content\/uploads\/tree-838666_1280-300&#215;198.webp&#8221; parallax=&#8221;on&#8221; custom_margin=&#8221;0px||||false|false&#8221; custom_margin_tablet=&#8221;&#8221; custom_margin_phone=&#8221;20px|20px||20px|false|true&#8221; custom_margin_last_edited=&#8221;on|desktop&#8221; custom_padding=&#8221;100px|0px|0px|||&#8221; custom_padding_tablet=&#8221;40px||||false|false&#8221; custom_padding_phone=&#8221;&#8221; border_radii_phone=&#8221;on|20px|20px|20px|20px&#8221; border_radii_last_edited=&#8221;off|desktop&#8221; locked=&#8221;off&#8221; global_colors_info=&#8221;{}&#8221;][et_pb_row use_custom_gutter=&#8221;on&#8221; make_equal=&#8221;on&#8221; custom_padding_last_edited=&#8221;on|tablet&#8221; _builder_version=&#8221;4.27.4&#8243; background_enable_color=&#8221;off&#8221; background_image=&#8221;https:\/\/www.ummto.dz\/fgei\/wp-content\/uploads\/2025\/05\/psychologist-03.jpg&#8221; parallax=&#8221;on&#8221; transform_scale_tablet=&#8221;&#8221; transform_scale_phone=&#8221;&#8221; transform_scale_last_edited=&#8221;on|desktop&#8221; transform_translate=&#8221;30px|0px&#8221; transform_translate_tablet=&#8221;0px|0px&#8221; transform_translate_phone=&#8221;&#8221; transform_translate_last_edited=&#8221;on|tablet&#8221; transform_translate_linked=&#8221;off&#8221; transform_rotate_tablet=&#8221;&#8221; transform_rotate_phone=&#8221;&#8221; transform_rotate_last_edited=&#8221;on|desktop&#8221; transform_skew_tablet=&#8221;&#8221; transform_skew_phone=&#8221;&#8221; transform_skew_last_edited=&#8221;on|desktop&#8221; transform_origin_tablet=&#8221;&#8221; transform_origin_phone=&#8221;&#8221; transform_origin_last_edited=&#8221;on|desktop&#8221; width=&#8221;100%&#8221; width_tablet=&#8221;90%&#8221; width_phone=&#8221;&#8221; width_last_edited=&#8221;on|desktop&#8221; max_width=&#8221;1200px&#8221; module_alignment=&#8221;center&#8221; custom_margin=&#8221;100px||||false|false&#8221; custom_padding=&#8221;43px|0px|43px|140px|false|false&#8221; custom_padding_tablet=&#8221;60px||60px||true|true&#8221; custom_padding_phone=&#8221;40px|20px|40px|20px|true|true&#8221; box_shadow_style=&#8221;preset3&#8243; box_shadow_vertical=&#8221;40px&#8221; box_shadow_blur=&#8221;110px&#8221; box_shadow_spread=&#8221;0px&#8221; box_shadow_color=&#8221;rgba(9,6,38,0.62)&#8221; global_colors_info=&#8221;{}&#8221;][et_pb_column type=&#8221;4_4&#8243; _builder_version=&#8221;4.16&#8243; global_colors_info=&#8221;{}&#8221;][et_pb_text _builder_version=&#8221;4.27.4&#8243; text_font_size=&#8221;16px&#8221; text_line_height=&#8221;1.8em&#8221; header_font=&#8221;Taviraj||||||||&#8221; header_text_align=&#8221;left&#8221; header_letter_spacing=&#8221;3px&#8221; header_line_height=&#8221;1.2em&#8221; max_width=&#8221;600px&#8221; module_alignment=&#8221;left&#8221; custom_margin=&#8221;0px|0px|||false|false&#8221; custom_padding=&#8221;||0px|200px|false|false&#8221; text_font_size_tablet=&#8221;16px&#8221; text_font_size_phone=&#8221;15px&#8221; text_font_size_last_edited=&#8221;on|desktop&#8221; header_font_size_tablet=&#8221;40px&#8221; header_font_size_phone=&#8221;26px&#8221; header_font_size_last_edited=&#8221;on|desktop&#8221; global_colors_info=&#8221;{}&#8221;]<\/p>\n<h1 style=\"text-align: center;\"><span><span style=\"color: #333333;\">Vice rectorat charg\u00e9 de la p\u00e9dagogie<\/span><\/span><\/h1>\n<p>[\/et_pb_text][\/et_pb_column][\/et_pb_row][\/et_pb_section][et_pb_section fb_built=&#8221;1&#8243; _builder_version=&#8221;4.27.0&#8243; _module_preset=&#8221;default&#8221; module_alignment=&#8221;center&#8221; custom_margin=&#8221;0px||||false|false&#8221; custom_padding=&#8221;20px|||||&#8221; global_colors_info=&#8221;{}&#8221;][et_pb_row _builder_version=&#8221;4.27.0&#8243; _module_preset=&#8221;default&#8221; custom_margin=&#8221;5px||||false|false&#8221; box_shadow_style=&#8221;preset1&#8243; box_shadow_color=&#8221;#939393&#8243; global_colors_info=&#8221;{}&#8221;][et_pb_column type=&#8221;4_4&#8243; _builder_version=&#8221;4.27.0&#8243; _module_preset=&#8221;default&#8221; global_colors_info=&#8221;{}&#8221;][et_pb_text _builder_version=&#8221;4.27.0&#8243; _module_preset=&#8221;default&#8221; custom_padding=&#8221;|20px||20px|false|false&#8221; global_colors_info=&#8221;{}&#8221;]<\/p>\n<h4><span style=\"color: #800080;\"><strong><\/strong><\/span><\/h4>\n<h1 style=\"text-align: center;\"><span style=\"color: #0000ff;\"><strong><\/strong><\/span><\/h1>\n<h1 style=\"text-align: center;\"><span style=\"color: #0000ff;\"><strong><\/strong><\/span><\/h1>\n<h1 style=\"text-align: center;\"><span style=\"color: #0000ff;\"><strong><\/strong><\/span><\/h1>\n<h1 style=\"text-align: center;\"><span style=\"color: #0000ff;\"><strong>R\u00e9glementations<\/strong><\/span><\/h1>\n<p><span style=\"color: #0000ff;\"><strong><\/strong><\/span><\/p>\n<p><span style=\"color: #0000ff;\"><strong><\/strong><\/span><\/p>\n<p><span style=\"color: #0000ff;\"><strong><\/strong><\/span><\/p>\n<p><span style=\"color: #0000ff;\"><strong><\/strong><\/span><\/p>\n<h4 style=\"text-align: right;\"><span style=\"color: #000000;\"><a href=\"\/\/www.ummto.dz\/vrp\/wp-content\/uploads\/2021\/06\/080223_Loi-n08-06_Orientation-enseignement-superieur.pdf\" target=\"_blank\" rel=\"noopener\" style=\"color: #000000;\"><strong><\/strong><\/a><\/span><\/h4>\n<ul>\n<li style=\"text-align: justify;\">\n<h4 style=\"text-align: left;\"><span style=\"color: #000000;\"><a href=\"\/\/www.ummto.dz\/vrp\/wp-content\/uploads\/2021\/06\/080223_Loi-n08-06_Orientation-enseignement-superieur.pdf\" target=\"_blank\" rel=\"noopener\" style=\"color: #000000;\"><strong>Loi n\u00b0 08-063_Orientation enseignement sup\u00e9rieur<\/strong><\/a><\/span><a href=\"\/\/www.ummto.dz\/vrp\/wp-content\/uploads\/2021\/06\/080223_Loi-n08-06_Orientation-enseignement-superieur.pdf\" target=\"_blank\" rel=\"noopener\" style=\"color: #000000;\"><strong><img loading=\"lazy\" decoding=\"async\" src=\"https:\/\/www.ummto.dz\/vrp\/wp-content\/uploads\/rappel-reglementation.webp\" width=\"395\" height=\"210\" alt=\"\" class=\"wp-image-6234 alignnone size-full\" style=\"float: right;\" \/><\/strong><\/a><\/h4>\n<\/li>\n<li style=\"text-align: justify;\">\n<h4><span style=\"color: #000000;\"><strong><a href=\"https:\/\/www.ummto.dz\/vrp\/wp-content\/uploads\/2021\/06\/080819_Decret-executif-n08-265_Regime-des-etudes.pdf\" target=\"_blank\" rel=\"noopener\" style=\"color: #000000;\">D\u00e9cret ex\u00e9cutif n\u00b0 08-265_R\u00e9gime des \u00e9tudes<\/a><\/strong><strong><\/strong><\/span><\/h4>\n<\/li>\n<li style=\"text-align: justify;\">\n<h4><span style=\"color: #000000;\"><strong><a href=\"https:\/\/www.ummto.dz\/vrp\/wp-content\/uploads\/2021\/06\/090103_Decret-executif-n09-03_Tutorat.pdf\" target=\"_blank\" rel=\"noopener\" style=\"color: #000000;\">D\u00e9cret ex\u00e9cutif n\u00b0 09-03_Tutorat<\/a><\/strong><strong><\/strong><\/span><\/h4>\n<\/li>\n<li style=\"text-align: justify;\">\n<h4><span style=\"color: #000000;\"><strong><a href=\"https:\/\/www.ummto.dz\/vrp\/wp-content\/uploads\/2021\/06\/111003_Arrete-711_Regles-dorganisation-et-de-gestion-pedagogiques.pdf\" target=\"_blank\" rel=\"noopener\" style=\"color: #000000;\">Arr\u00eat\u00e9 711_R\u00e8gles d\u2019organisation et de gestion p\u00e9dagogiques<\/a><\/strong><strong><span class=\"Style71\"><\/span><\/strong><\/span><\/h4>\n<\/li>\n<li style=\"text-align: justify;\">\n<h4><span style=\"color: #000000;\"><a href=\"https:\/\/www.ummto.dz\/vrp\/wp-content\/uploads\/Arrete-712-du-03-novembre-2011-fr.pdf\" target=\"_blank\" rel=\"noopener\" style=\"color: #000000;\"><strong><span class=\"Style71\">Arr\u00eat\u00e9 712_Modalit\u00e9s d\u2019\u00e9valuation et de progression<\/span><\/strong><\/a><strong><\/strong><\/span><\/h4>\n<\/li>\n<li style=\"text-align: justify;\">\n<h4><span style=\"color: #000000;\"><strong><a href=\"https:\/\/www.ummto.dz\/vrp\/wp-content\/uploads\/2021\/06\/111003_Arrete-713_Commission-du-tutorat.pdf\" target=\"_blank\" rel=\"noopener\" style=\"color: #000000;\">Arr\u00eat\u00e9 713_Commission du tutorat <span class=\"Style69\"><\/span><\/a><\/strong><strong><\/strong><\/span><\/h4>\n<\/li>\n<li style=\"text-align: justify;\">\n<h4><span style=\"color: #000000;\"><strong><a href=\"https:\/\/www.ummto.dz\/vrp\/wp-content\/uploads\/2021\/06\/111003_Arrete-714_Modalites-de-classement-des-etudiants.pdf\" style=\"color: #000000;\" target=\"_blank\" rel=\"noopener\">Arr\u00eat\u00e9 714_Modalit\u00e9s de classement des \u00e9tudiants<\/a><\/strong><strong><\/strong><\/span><\/h4>\n<\/li>\n<li style=\"text-align: justify;\">\n<h4><span style=\"color: #000000;\"><strong><a href=\"https:\/\/www.ummto.dz\/vrp\/wp-content\/uploads\/2021\/06\/111003_Arrete-715_Master-en-ecoles-superieures.pdf\" style=\"color: #000000;\" target=\"_blank\" rel=\"noopener\">Arr\u00eat\u00e9 715_Master en \u00e9coles sup\u00e9rieures<\/a><\/strong><strong><\/strong><\/span><\/h4>\n<\/li>\n<li style=\"text-align: justify;\">\n<h4><span style=\"color: #000000;\"><strong><a href=\"https:\/\/www.ummto.dz\/vrp\/wp-content\/uploads\/2021\/06\/121209_Arrete-451_Attestation-provisoire.pdf\" target=\"_blank\" rel=\"noopener\" style=\"color: #000000;\">Arr\u00eat\u00e9 451_Attestation provisoire<\/a><\/strong><strong><\/strong><\/span><\/h4>\n<\/li>\n<li style=\"text-align: justify;\">\n<h4><span style=\"color: #000000;\"><strong><a href=\"https:\/\/www.ummto.dz\/vrp\/wp-content\/uploads\/2021\/06\/121209_Arrete-452_Releve-de-notes.pdf\" target=\"_blank\" rel=\"noopener\" style=\"color: #000000;\">Arr\u00eat\u00e9 452_Relev\u00e9 de notes<\/a><\/strong><strong><\/strong><\/span><\/h4>\n<\/li>\n<li style=\"text-align: justify;\">\n<h4><span style=\"color: #000000;\"><strong><a href=\"https:\/\/www.ummto.dz\/vrp\/wp-content\/uploads\/2021\/06\/121209_Arrete-453_Annexe-au-diplome.pdf\" target=\"_blank\" rel=\"noopener\" style=\"color: #000000;\">Arr\u00eat\u00e9 453_Annexe au dipl\u00f4me<\/a><\/strong><strong><\/strong><\/span><\/h4>\n<\/li>\n<li style=\"text-align: justify;\">\n<h4><span style=\"color: #000000;\"><strong><a href=\"https:\/\/www.ummto.dz\/vrp\/wp-content\/uploads\/2021\/06\/140609_Arrete-362_Memoire-du-master.pdf\" style=\"color: #000000;\" target=\"_blank\" rel=\"noopener\">Arr\u00eat\u00e9 362_M\u00e9moire du master<\/a><\/strong><strong><\/strong><\/span><\/h4>\n<\/li>\n<li style=\"text-align: justify;\">\n<h4><span style=\"color: #000000;\"><strong><a href=\"https:\/\/www.ummto.dz\/vrp\/wp-content\/uploads\/2021\/06\/140609_Arrete-363_Acces-aux-etudes-de-Master.pdf\" target=\"_blank\" rel=\"noopener\" style=\"color: #000000;\">Arr\u00eat\u00e9 363_Acc\u00e8s aux \u00e9tudes de master<\/a><\/strong><strong><\/strong><\/span><\/h4>\n<\/li>\n<li style=\"text-align: justify;\">\n<h4><span style=\"color: #000000;\"><strong><a href=\"https:\/\/www.ummto.dz\/vrp\/wp-content\/uploads\/2021\/06\/140609_Arrete-364_Inscription-des-diplomes-en-DEUA.pdf\" target=\"_blank\" rel=\"noopener\" style=\"color: #000000;\">Arr\u00eat\u00e9 364_Inscription des dipl\u00f4m\u00e9s en DEUA<\/a><\/strong><strong><\/strong><\/span><\/h4>\n<\/li>\n<li style=\"text-align: justify;\">\n<h4><span style=\"color: #000000;\"><a href=\"https:\/\/www.ummto.dz\/vrp\/wp-content\/uploads\/2021\/06\/140611_Arrete-371_-Conseil-de-discipline.pdf\" target=\"_blank\" rel=\"noopener\" style=\"color: #000000;\"><strong>Arr\u00eat\u00e9 371_Conseil de discipline<\/strong><\/a><\/span><\/h4>\n<\/li>\n<\/ul>\n<nav class=\"pagination group\"><\/nav>\n<p>[\/et_pb_text][\/et_pb_column][\/et_pb_row][\/et_pb_section]<\/p>\n","protected":false},"excerpt":{"rendered":"<p>Vice rectorat charg\u00e9 de la p\u00e9dagogie R\u00e9glementations Loi n\u00b0 08-063_Orientation enseignement sup\u00e9rieur D\u00e9cret ex\u00e9cutif n\u00b0 08-265_R\u00e9gime des \u00e9tudes D\u00e9cret ex\u00e9cutif n\u00b0 09-03_Tutorat Arr\u00eat\u00e9 711_R\u00e8gles d\u2019organisation et de gestion p\u00e9dagogiques Arr\u00eat\u00e9 712_Modalit\u00e9s d\u2019\u00e9valuation et de progression Arr\u00eat\u00e9 713_Commission du tutorat Arr\u00eat\u00e9 714_Modalit\u00e9s de classement des \u00e9tudiants Arr\u00eat\u00e9 715_Master en \u00e9coles sup\u00e9rieures Arr\u00eat\u00e9 451_Attestation provisoire Arr\u00eat\u00e9 452_Relev\u00e9 [&hellip;]<\/p>\n","protected":false},"author":1,"featured_media":0,"parent":0,"menu_order":0,"comment_status":"closed","ping_status":"closed","template":"","meta":{"_et_pb_use_builder":"on","_et_pb_old_content":"","_et_gb_content_width":"","footnotes":""},"class_list":["post-2339","page","type-page","status-publish","hentry"],"translation":{"provider":"WPGlobus","version":"3.0.1","language":"gb","enabled_languages":["en","fr","ar","gb"],"languages":{"en":{"title":true,"content":true,"excerpt":false},"fr":{"title":false,"content":false,"excerpt":false},"ar":{"title":false,"content":false,"excerpt":false},"gb":{"title":false,"content":false,"excerpt":false}}},"yoast_head":"<!-- This site is optimized with the Yoast SEO plugin v26.7 - https:\/\/yoast.com\/wordpress\/plugins\/seo\/ -->\n<title>VRP- R\u00e9glementations -<\/title>\n<meta name=\"robots\" content=\"index, follow, max-snippet:-1, max-image-preview:large, max-video-preview:-1\" \/>\n<link rel=\"canonical\" href=\"https:\/\/www.ummto.dz\/vrp\/vrp-reglementations\/\" \/>\n<meta property=\"og:locale\" content=\"en_GB\" \/>\n<meta property=\"og:type\" content=\"article\" \/>\n<meta property=\"og:title\" content=\"VRP- R\u00e9glementations -\" \/>\n<meta property=\"og:url\" content=\"https:\/\/www.ummto.dz\/vrp\/vrp-reglementations\/\" \/>\n<meta property=\"article:modified_time\" content=\"2025-06-01T14:03:06+00:00\" \/>\n<meta property=\"og:image\" content=\"https:\/\/www.ummto.dz\/vrp\/wp-content\/uploads\/rappel-reglementation.webp\" \/>\n\t<meta property=\"og:image:width\" content=\"750\" \/>\n\t<meta property=\"og:image:height\" content=\"400\" \/>\n\t<meta property=\"og:image:type\" content=\"image\/webp\" \/>\n<meta name=\"twitter:card\" content=\"summary_large_image\" \/>\n<meta name=\"twitter:label1\" content=\"Est. reading time\" \/>\n\t<meta name=\"twitter:data1\" content=\"3 minutes\" \/>\n<script type=\"application\/ld+json\" class=\"yoast-schema-graph\">{\"@context\":\"https:\/\/schema.org\",\"@graph\":[{\"@type\":\"WebPage\",\"@id\":\"https:\/\/www.ummto.dz\/vrp\/vrp-reglementations\/\",\"url\":\"https:\/\/www.ummto.dz\/vrp\/vrp-reglementations\/\",\"name\":\"VRP- R\u00e9glementations -\",\"isPartOf\":{\"@id\":\"https:\/\/www.ummto.dz\/vrp\/fr\/#website\"},\"primaryImageOfPage\":{\"@id\":\"https:\/\/www.ummto.dz\/vrp\/vrp-reglementations\/#primaryimage\"},\"image\":{\"@id\":\"https:\/\/www.ummto.dz\/vrp\/vrp-reglementations\/#primaryimage\"},\"thumbnailUrl\":\"https:\/\/www.ummto.dz\/vrp\/wp-content\/uploads\/rappel-reglementation.webp\",\"datePublished\":\"2022-05-15T13:47:56+00:00\",\"dateModified\":\"2025-06-01T14:03:06+00:00\",\"inLanguage\":\"en-GB\",\"potentialAction\":[{\"@type\":\"ReadAction\",\"target\":[\"https:\/\/www.ummto.dz\/vrp\/vrp-reglementations\/\"]}]},{\"@type\":\"ImageObject\",\"inLanguage\":\"en-GB\",\"@id\":\"https:\/\/www.ummto.dz\/vrp\/vrp-reglementations\/#primaryimage\",\"url\":\"https:\/\/www.ummto.dz\/vrp\/wp-content\/uploads\/rappel-reglementation.webp\",\"contentUrl\":\"https:\/\/www.ummto.dz\/vrp\/wp-content\/uploads\/rappel-reglementation.webp\"},{\"@type\":\"WebSite\",\"@id\":\"https:\/\/www.ummto.dz\/vrp\/fr\/#website\",\"url\":\"https:\/\/www.ummto.dz\/vrp\/fr\/\",\"name\":\"\",\"description\":\"Vice-Rectorat charg\u00e9 de la p\u00e9dagogie\",\"potentialAction\":[{\"@type\":\"SearchAction\",\"target\":{\"@type\":\"EntryPoint\",\"urlTemplate\":\"https:\/\/www.ummto.dz\/vrp\/fr\/?s={search_term_string}\"},\"query-input\":{\"@type\":\"PropertyValueSpecification\",\"valueRequired\":true,\"valueName\":\"search_term_string\"}}],\"inLanguage\":\"en-GB\"}]}<\/script>\n<!-- \/ Yoast SEO plugin. -->","yoast_head_json":{"title":"VRP- R\u00e9glementations -","robots":{"index":"index","follow":"follow","max-snippet":"max-snippet:-1","max-image-preview":"max-image-preview:large","max-video-preview":"max-video-preview:-1"},"canonical":"https:\/\/www.ummto.dz\/vrp\/vrp-reglementations\/","og_locale":"en_GB","og_type":"article","og_title":"VRP- R\u00e9glementations -","og_url":"https:\/\/www.ummto.dz\/vrp\/vrp-reglementations\/","article_modified_time":"2025-06-01T14:03:06+00:00","og_image":[{"width":750,"height":400,"url":"https:\/\/www.ummto.dz\/vrp\/wp-content\/uploads\/rappel-reglementation.webp","type":"image\/webp"}],"twitter_card":"summary_large_image","twitter_misc":{"Est. reading time":"3 minutes"},"schema":{"@context":"https:\/\/schema.org","@graph":[{"@type":"WebPage","@id":"https:\/\/www.ummto.dz\/vrp\/vrp-reglementations\/","url":"https:\/\/www.ummto.dz\/vrp\/vrp-reglementations\/","name":"VRP- R\u00e9glementations -","isPartOf":{"@id":"https:\/\/www.ummto.dz\/vrp\/fr\/#website"},"primaryImageOfPage":{"@id":"https:\/\/www.ummto.dz\/vrp\/vrp-reglementations\/#primaryimage"},"image":{"@id":"https:\/\/www.ummto.dz\/vrp\/vrp-reglementations\/#primaryimage"},"thumbnailUrl":"https:\/\/www.ummto.dz\/vrp\/wp-content\/uploads\/rappel-reglementation.webp","datePublished":"2022-05-15T13:47:56+00:00","dateModified":"2025-06-01T14:03:06+00:00","inLanguage":"en-GB","potentialAction":[{"@type":"ReadAction","target":["https:\/\/www.ummto.dz\/vrp\/vrp-reglementations\/"]}]},{"@type":"ImageObject","inLanguage":"en-GB","@id":"https:\/\/www.ummto.dz\/vrp\/vrp-reglementations\/#primaryimage","url":"https:\/\/www.ummto.dz\/vrp\/wp-content\/uploads\/rappel-reglementation.webp","contentUrl":"https:\/\/www.ummto.dz\/vrp\/wp-content\/uploads\/rappel-reglementation.webp"},{"@type":"WebSite","@id":"https:\/\/www.ummto.dz\/vrp\/fr\/#website","url":"https:\/\/www.ummto.dz\/vrp\/fr\/","name":"","description":"Vice-Rectorat charg\u00e9 de la p\u00e9dagogie","potentialAction":[{"@type":"SearchAction","target":{"@type":"EntryPoint","urlTemplate":"https:\/\/www.ummto.dz\/vrp\/fr\/?s={search_term_string}"},"query-input":{"@type":"PropertyValueSpecification","valueRequired":true,"valueName":"search_term_string"}}],"inLanguage":"en-GB"}]}},"_links":{"self":[{"href":"https:\/\/www.ummto.dz\/vrp\/gb\/wp-json\/wp\/v2\/pages\/2339","targetHints":{"allow":["GET"]}}],"collection":[{"href":"https:\/\/www.ummto.dz\/vrp\/gb\/wp-json\/wp\/v2\/pages"}],"about":[{"href":"https:\/\/www.ummto.dz\/vrp\/gb\/wp-json\/wp\/v2\/types\/page"}],"author":[{"embeddable":true,"href":"https:\/\/www.ummto.dz\/vrp\/gb\/wp-json\/wp\/v2\/users\/1"}],"replies":[{"embeddable":true,"href":"https:\/\/www.ummto.dz\/vrp\/gb\/wp-json\/wp\/v2\/comments?post=2339"}],"version-history":[{"count":15,"href":"https:\/\/www.ummto.dz\/vrp\/gb\/wp-json\/wp\/v2\/pages\/2339\/revisions"}],"predecessor-version":[{"id":6670,"href":"https:\/\/www.ummto.dz\/vrp\/gb\/wp-json\/wp\/v2\/pages\/2339\/revisions\/6670"}],"wp:attachment":[{"href":"https:\/\/www.ummto.dz\/vrp\/gb\/wp-json\/wp\/v2\/media?parent=2339"}],"curies":[{"name":"wp","href":"https:\/\/api.w.org\/{rel}","templated":true}]}}