{"id":2484,"date":"2022-05-16T14:11:28","date_gmt":"2022-05-16T13:11:28","guid":{"rendered":"https:\/\/www.ummto.dz\/vrp\/?page_id=2484"},"modified":"2025-07-18T19:48:03","modified_gmt":"2025-07-18T18:48:03","slug":"vrp-liens-utiles","status":"publish","type":"page","link":"https:\/\/www.ummto.dz\/vrp\/gb\/vrp-liens-utiles\/","title":{"rendered":"VRP&#8211;Liens utiles"},"content":{"rendered":"<p>[et_pb_section fb_built=&#8221;1&#8243; custom_padding_last_edited=&#8221;on|desktop&#8221; admin_label=&#8221;Header&#8221; _builder_version=&#8221;4.27.4&#8243; background_image=&#8221;https:\/\/www.ummto.dz\/vrp\/wp-content\/uploads\/tree-838666_1280-300&#215;198.webp&#8221; parallax=&#8221;on&#8221; custom_margin=&#8221;0px||||false|false&#8221; custom_margin_tablet=&#8221;&#8221; custom_margin_phone=&#8221;20px|20px||20px|false|true&#8221; custom_margin_last_edited=&#8221;on|desktop&#8221; custom_padding=&#8221;100px|0px|0px|||&#8221; custom_padding_tablet=&#8221;40px||||false|false&#8221; custom_padding_phone=&#8221;&#8221; border_radii_phone=&#8221;on|20px|20px|20px|20px&#8221; border_radii_last_edited=&#8221;off|desktop&#8221; locked=&#8221;off&#8221; global_colors_info=&#8221;{}&#8221;][et_pb_row use_custom_gutter=&#8221;on&#8221; make_equal=&#8221;on&#8221; custom_padding_last_edited=&#8221;on|tablet&#8221; _builder_version=&#8221;4.27.4&#8243; background_enable_color=&#8221;off&#8221; background_image=&#8221;https:\/\/www.ummto.dz\/fgei\/wp-content\/uploads\/2025\/05\/psychologist-03.jpg&#8221; parallax=&#8221;on&#8221; transform_scale_tablet=&#8221;&#8221; transform_scale_phone=&#8221;&#8221; transform_scale_last_edited=&#8221;on|desktop&#8221; transform_translate=&#8221;30px|0px&#8221; transform_translate_tablet=&#8221;0px|0px&#8221; transform_translate_phone=&#8221;&#8221; transform_translate_last_edited=&#8221;on|tablet&#8221; transform_translate_linked=&#8221;off&#8221; transform_rotate_tablet=&#8221;&#8221; transform_rotate_phone=&#8221;&#8221; transform_rotate_last_edited=&#8221;on|desktop&#8221; transform_skew_tablet=&#8221;&#8221; transform_skew_phone=&#8221;&#8221; transform_skew_last_edited=&#8221;on|desktop&#8221; transform_origin_tablet=&#8221;&#8221; transform_origin_phone=&#8221;&#8221; transform_origin_last_edited=&#8221;on|desktop&#8221; width=&#8221;100%&#8221; width_tablet=&#8221;90%&#8221; width_phone=&#8221;&#8221; width_last_edited=&#8221;on|desktop&#8221; max_width=&#8221;1200px&#8221; module_alignment=&#8221;center&#8221; custom_margin=&#8221;100px||||false|false&#8221; custom_padding=&#8221;43px|0px|43px|140px|false|false&#8221; custom_padding_tablet=&#8221;60px||60px||true|true&#8221; custom_padding_phone=&#8221;40px|20px|40px|20px|true|true&#8221; box_shadow_style=&#8221;preset3&#8243; box_shadow_vertical=&#8221;40px&#8221; box_shadow_blur=&#8221;110px&#8221; box_shadow_spread=&#8221;0px&#8221; box_shadow_color=&#8221;rgba(9,6,38,0.62)&#8221; global_colors_info=&#8221;{}&#8221;][et_pb_column type=&#8221;4_4&#8243; _builder_version=&#8221;4.16&#8243; global_colors_info=&#8221;{}&#8221;][et_pb_text _builder_version=&#8221;4.27.4&#8243; text_font_size=&#8221;16px&#8221; text_line_height=&#8221;1.8em&#8221; header_font=&#8221;Taviraj||||||||&#8221; header_text_align=&#8221;left&#8221; header_font_size=&#8221;25px&#8221; header_letter_spacing=&#8221;3px&#8221; header_line_height=&#8221;1.2em&#8221; max_width=&#8221;600px&#8221; module_alignment=&#8221;left&#8221; custom_margin=&#8221;0px|0px|||false|false&#8221; custom_padding=&#8221;||0px|200px|false|false&#8221; text_font_size_tablet=&#8221;16px&#8221; text_font_size_phone=&#8221;15px&#8221; text_font_size_last_edited=&#8221;on|desktop&#8221; header_font_size_tablet=&#8221;40px&#8221; header_font_size_phone=&#8221;26px&#8221; header_font_size_last_edited=&#8221;on|desktop&#8221; global_colors_info=&#8221;{}&#8221;]<\/p>\n<h1 style=\"text-align: center\"><span><span style=\"color: #333333\">Vice rectorat charg\u00e9 de la p\u00e9dagogie<\/span><\/span><\/h1>\n<p>[\/et_pb_text][\/et_pb_column][\/et_pb_row][et_pb_row use_custom_gutter=&#8221;on&#8221; make_equal=&#8221;on&#8221; _builder_version=&#8221;4.27.4&#8243; _module_preset=&#8221;default&#8221; width=&#8221;100%&#8221; max_width=&#8221;1161px&#8221; module_alignment=&#8221;center&#8221; locked=&#8221;off&#8221; global_colors_info=&#8221;{}&#8221;][et_pb_column type=&#8221;4_4&#8243; _builder_version=&#8221;4.27.4&#8243; _module_preset=&#8221;default&#8221; global_colors_info=&#8221;{}&#8221;][et_pb_menu menu_id=&#8221;2&#8243; menu_style=&#8221;centered&#8221; active_link_color=&#8221;#000000&#8243; dropdown_menu_line_color=&#8221;#166611&#8243; logo_width=&#8221;100%&#8221; logo_height=&#8221;200px&#8221; logo_max_height=&#8221;200px&#8221; show_search_icon=&#8221;on&#8221; logo_width_tablet=&#8221;100%&#8221; logo_width_phone=&#8221;100%&#8221; logo_width_last_edited=&#8221;on|tablet&#8221; _builder_version=&#8221;4.27.4&#8243; _module_preset=&#8221;default&#8221; menu_font=&#8221;Taviraj|600|||||||&#8221; menu_text_color=&#8221;#000000&#8243; width=&#8221;100%&#8221; max_width=&#8221;100%&#8221; module_alignment=&#8221;center&#8221; custom_margin=&#8221;0px|-23px|0px||false|false&#8221; custom_margin_tablet=&#8221;||||false|false&#8221; custom_margin_phone=&#8221;||||false|false&#8221; custom_margin_last_edited=&#8221;on|tablet&#8221; custom_padding=&#8221;15px||15px|0px|false|false&#8221; box_shadow_style=&#8221;preset1&#8243; locked=&#8221;off&#8221; global_colors_info=&#8221;{}&#8221; min_height__hover_enabled=&#8221;on|desktop&#8221;][\/et_pb_menu][\/et_pb_column][\/et_pb_row][\/et_pb_section][et_pb_section fb_built=&#8221;1&#8243; _builder_version=&#8221;4.17.4&#8243; _module_preset=&#8221;default&#8221; global_colors_info=&#8221;{}&#8221;][et_pb_row _builder_version=&#8221;4.27.0&#8243; _module_preset=&#8221;default&#8221; custom_margin=&#8221;10px||10px||false|false&#8221; custom_padding=&#8221;10px|10px|10px|10px|false|false&#8221; box_shadow_style=&#8221;preset1&#8243; box_shadow_color=&#8221;#939393&#8243; global_colors_info=&#8221;{}&#8221;][et_pb_column type=&#8221;4_4&#8243; _builder_version=&#8221;4.17.4&#8243; _module_preset=&#8221;default&#8221; global_colors_info=&#8221;{}&#8221;][et_pb_toggle title=&#8221;Liens Utiles&#8221; _builder_version=&#8221;4.27.4&#8243; _module_preset=&#8221;default&#8221; title_text_color=&#8221;#000000&#8243; title_font=&#8221;|600|||||||&#8221; background_color=&#8221;#08db36&#8243; text_orientation=&#8221;left&#8221; hover_enabled=&#8221;0&#8243; global_colors_info=&#8221;{}&#8221; sticky_enabled=&#8221;0&#8243;]<\/p>\n<ul>\n<li><span style=\"margin: 0px;padding: 0px;border: 0px;font-size: 14px;vertical-align: baseline;background: 0px 0px;color: #000000\">Site Web du minist\u00e8re de l\u2019enseignement sup\u00e9rieur et de la recherche scientifique :<\/span><span style=\"text-decoration: underline\"><span style=\"margin: 0px;padding: 0px;border: 0px;font-size: 14px;vertical-align: baseline;background: 0px 0px;color: #000080;text-decoration: underline\">\u00a0<a href=\"http:\/\/www.mesrs.dz\/\" class=\"Style58\" style=\"margin: 0px;padding: 0px;border: 0px;font-size: 14px;vertical-align: baseline;background: 0px 0px;color: #000080;text-decoration: underline\" target=\"_blank\" rel=\"noopener\"><span style=\"margin: 0px;padding: 0px;border: 0px;font-size: 14px;vertical-align: baseline;background: 0px 0px;color: #0000ff;text-decoration: underline\"><strong style=\"margin: 0px;padding: 0px;border: 0px;font-size: 14px;vertical-align: baseline;background: 0px 0px;font-weight: bold\">www.mesrs.dz<\/strong><\/span><\/a><\/span><\/span><\/li>\n<li><span style=\"margin: 0px;padding: 0px;border: 0px;font-size: 14px;vertical-align: baseline;background: 0px 0px;color: #000000\">Site Web de l\u2019universit\u00e9 Mouloud Mammeri de\u00a0Tizi Ouzou\u00a0:<\/span><span style=\"text-decoration: underline\"><span style=\"margin: 0px;padding: 0px;border: 0px;font-size: 14px;vertical-align: baseline;background: 0px 0px\"><strong style=\"margin: 0px;padding: 0px;border: 0px;font-size: 14px;vertical-align: baseline;background: 0px 0px;font-weight: bold\"> <a href=\"http:\/\/www.ummto.dz\/\" class=\"Style58\" style=\"margin: 0px;padding: 0px;border: 0px;font-size: 14px;vertical-align: baseline;background: 0px 0px;text-decoration: none\" target=\"_blank\" rel=\"noopener\"><span style=\"color: #0000ff;text-decoration: underline\">www.ummto.dz<\/span><\/a><\/strong><\/span><\/span><\/li>\n<li><span style=\"margin: 0px;padding: 0px;border: 0px;font-size: 14px;vertical-align: baseline;background: 0px 0px\"><span style=\"margin: 0px;padding: 0px;border: 0px;font-size: 14px;vertical-align: baseline;background: 0px 0px;color: #000000\">Site Web &#8221; Study in Algeria&#8221; : <strong><a href=\"https:\/\/studyinalgeria.dz\" target=\"_blank\" rel=\"noopener\"><span style=\"color: #0000ff\">https:\/\/studyinalgeria.dz<\/span><\/a><\/strong><\/span><\/span><\/li>\n<li><span style=\"margin: 0px;padding: 0px;border: 0px;font-size: 14px;vertical-align: baseline;background: 0px 0px;color: #000000\">Site d\u00e9di\u00e9 aux pr\u00e9inscriptions en ligne :<\/span><span style=\"margin: 0px;padding: 0px;border: 0px;font-size: 14px;vertical-align: baseline;background: 0px 0px;color: #000080\"><strong style=\"margin: 0px;padding: 0px;border: 0px;font-size: 14px;vertical-align: baseline;background: 0px 0px;font-weight: bold\">\u00a0<a href=\"https:\/\/www.orientation-esi.dz\/\" target=\"_blank\" rel=\"noopener\"><span style=\"margin: 0px;padding: 0px;border: 0px;font-size: 14px;vertical-align: baseline;background: 0px 0px;color: #0000ff\">www.orientation-esi.dz<\/span><\/a><\/strong><\/span><\/li>\n<li><span style=\"margin: 0px;padding: 0px;border: 0px;font-size: 14px;vertical-align: baseline;background: 0px 0px;color: #000000\">Site d\u00e9di\u00e9 aux inscriptions d\u00e9finitives en ligne:<\/span> <a href=\"https:\/\/progres.mesrs.dz\/webetu\" target=\"_blank\" rel=\"noopener\"><strong style=\"margin: 0px;padding: 0px;border: 0px;font-size: 14px;vertical-align: baseline;background: 0px 0px;font-weight: bold\"><span style=\"margin: 0px;padding: 0px;border: 0px;font-size: 14px;vertical-align: baseline;background: 0px 0px;color: #0000ff\">https:\/\/progres.mesrs.dz\/webetu<\/span><\/strong><\/a><\/li>\n<li><span style=\"color: #000000\">Portail du Bachelier 2025:<\/span><span style=\"margin: 0px;padding: 0px;border: 0px;font-size: 14px;vertical-align: baseline;background: 0px 0px;color: #0000ff\"><a href=\"http:\/\/bac2025.mesrs.dz\/\" style=\"margin: 0px;padding: 0px;border: 0px;font-size: 14px;vertical-align: baseline;background: 0px 0px;color: #0000ff;text-decoration: none\" target=\"_blank\" rel=\"noopener\"><strong style=\"margin: 0px;padding: 0px;border: 0px;font-size: 14px;vertical-align: baseline;background: 0px 0px;font-weight: bold\">\u00a0 <span style=\"text-decoration: underline\"><span style=\"color: #0000ff;text-decoration: underline\">https:\/\/bac2025.mesrs.dz<\/span><\/span><\/strong><\/a><\/span><\/li>\n<li><span style=\"color: #000000\">Portail d\u2019h\u00e9bergement\u00a0 :<\/span><strong style=\"margin: 0px;padding: 0px;border: 0px;font-size: 14px;vertical-align: baseline;background: 0px 0px;font-weight: bold\"><span style=\"margin: 0px;padding: 0px;border: 0px;font-size: 14px;vertical-align: baseline;background: 0px 0px;color: #0000ff\"><a href=\"http:\/\/progres.mesrs.dz\/webonou\" style=\"margin: 0px;padding: 0px;border: 0px;font-size: 14px;vertical-align: baseline;background: 0px 0px;color: #0000ff;text-decoration: none\" target=\"_blank\" rel=\"noopener\"><span style=\"color: #000000\">\u00a0<\/span> <span style=\"text-decoration: underline\"><span style=\"color: #0000ff;text-decoration: underline\">https:\/\/progres.mesrs.dz\/webonou<\/span><\/span><\/a><\/span><\/strong><\/li>\n<li><span style=\"color: #000000\">Portail pour demand\u00e9 la Bourse : <strong><a href=\"https:\/\/progres.mesrs.dz\/eminha\" target=\"_blank\" rel=\"noopener\"><span style=\"color: #0000ff\">https:\/\/progres.mesrs.dz\/eminha<\/span><\/a><\/strong><\/span><\/li>\n<li><span style=\"margin: 0px;padding: 0px;border: 0px;font-size: 14px;vertical-align: baseline;background: 0px 0px;color: #0000ff\"><span style=\"margin: 0px;padding: 0px;border: 0px;font-size: 14px;vertical-align: baseline;background: 0px 0px;color: #000000\">Site Web demande d&#8217;\u00e9quivalence d\u00e9di\u00e9 aux Alg\u00e9riens titulaire d&#8217;un Baccalaur\u00e9at \u00e9tranger : <strong><span style=\"color: #0000ff\"><a href=\"https:\/\/progres.mesrs.dz\/webequivalence\/\" style=\"color: #0000ff\" target=\"_blank\" rel=\"noopener\">https:\/\/progres.mesrs.dz\/webequivalence\/<\/a> <\/span><\/strong><br \/><\/span><\/span><\/li>\n<li><span style=\"margin: 0px;padding: 0px;border: 0px;font-size: 14px;vertical-align: baseline;background: 0px 0px;color: #0000ff\"><span style=\"margin: 0px;padding: 0px;border: 0px;font-size: 14px;vertical-align: baseline;background: 0px 0px;color: #000000\">Site Web d\u00e9di\u00e9 aux Alg\u00e9riens titulaire d&#8217;un Baccalaur\u00e9at \u00e9tranger pour cr\u00e9ation de compte : <a href=\"https:\/\/progres.mesrs.dz\/bac-etrangers\/\" target=\"_blank\" rel=\"noopener\"><span style=\"color: #0000ff\"><strong>https:\/\/progres.mesrs.dz\/bac-etrangers\/<\/strong><\/span><\/a><br \/><\/span><\/span><\/li>\n<\/ul>\n<p>[\/et_pb_toggle][et_pb_toggle title=&#8221;T\u00e9l\u00e9chargements utiles &#8221; _builder_version=&#8221;4.27.4&#8243; _module_preset=&#8221;default&#8221; title_text_color=&#8221;#000000&#8243; title_font=&#8221;|600|||||||&#8221; background_color=&#8221;#00d35b&#8221; hover_enabled=&#8221;0&#8243; global_colors_info=&#8221;{}&#8221; sticky_enabled=&#8221;0&#8243;]<\/p>\n<p>&nbsp;<\/p>\n<ul>\n<li><span style=\"color: #000000\">Circulaire r\u00e9gissant l\u2019inscription des bacheliers 2025<span style=\"text-decoration: underline\">: <\/span><a href=\"https:\/\/www.ummto.dz\/vrp\/wp-content\/uploads\/Circulaire-2025_282_2025-07-14_signed.pdf\" target=\"_blank\" rel=\"noopener\" style=\"color: #000000\"><span style=\"text-decoration: underline\"><span class=\"Style58\" style=\"margin: 0px;padding: 0px;border: 0px;font-size: 14px;vertical-align: baseline;background: 0px 0px\"><span style=\"margin: 0px;padding: 0px;border: 0px;font-size: 14px;vertical-align: baseline;background: 0px 0px\"><strong>T\u00e9l\u00e9charger<\/strong><\/span><\/span><\/span><span class=\"Style58\" style=\"margin: 0px;padding: 0px;border: 0px;font-size: 14px;vertical-align: baseline;background: 0px 0px\"><span style=\"margin: 0px;padding: 0px;border: 0px;font-size: 14px;vertical-align: baseline;background: 0px 0px\"><strong><span style=\"text-decoration: underline\">\u2026<\/span><\/strong><\/span><\/span><\/a><\/span><\/li>\n<li><span style=\"color: #000000\">D\u00e9pliant concernant les modalit\u00e9s d\u2019inscription<a href=\"http:\/\/pedagogie.ummto.dz\/liens-telechargement\/documents\/Circulaire%20et%20moy%20min_2008-2012\/2015_Circulaire.pdf\" target=\"_blank\" rel=\"noopener\" style=\"margin: 0px;padding: 0px;border: 0px;font-size: 14px;vertical-align: baseline;background: 0px 0px;color: #000000;text-decoration: none\"><\/a>\u00a0:\u00a0<a href=\"https:\/\/www.ummto.dz\/vrp\/vrp-procedure-dinscription\/\" target=\"_blank\" rel=\"noopener\" style=\"color: #000000\"><span style=\"margin: 0px;padding: 0px;border: 0px;font-size: 14px;vertical-align: baseline;background: 0px 0px\"><span style=\"margin: 0px;padding: 0px;border: 0px;font-size: 14px;vertical-align: baseline;background: 0px 0px;text-decoration: underline\"><span class=\"Style68\" style=\"margin: 0px;padding: 0px;border: 0px;font-size: 14px;vertical-align: baseline;background: 0px 0px\"><strong><span><span>T\u00e9l\u00e9charger\u2026<\/span><\/span><\/strong><\/span><\/span><\/span><\/a><\/span><\/li>\n<li><span style=\"color: #000000\">Circulaires r\u00e9gissant l\u2019inscription des nouveaux bacheliers et les Moyennes minimales d\u2019acc\u00e8s des ann\u00e9es 2009 \u00e0 2025 :<span style=\"text-decoration: underline\">\u00a0<\/span><a href=\"https:\/\/www.ummto.dz\/vrp\/vrp-circulaires-et-moyennes\/\" target=\"_blank\" rel=\"noopener\" style=\"color: #000000\"><span class=\"Style58\" style=\"margin: 0px;padding: 0px;border: 0px;font-size: 14px;vertical-align: baseline;background: 0px 0px\"><span style=\"margin: 0px;padding: 0px;border: 0px;font-size: 14px;vertical-align: baseline;background: 0px 0px\"><strong><span style=\"text-decoration: underline\">T\u00e9l\u00e9charger\u2026<\/span><\/strong><\/span><\/span><\/a><\/span><\/li>\n<li><span style=\"color: #000000\">Liste des fili\u00e8res d\u2019inscription de l\u2019universit\u00e9 de Tizi-Ouzou :\u00a0<span style=\"text-decoration: underline\"><a href=\"https:\/\/www.ummto.dz\/vrp\/vrp-filieres-de-lummto\/\" target=\"_blank\" rel=\"noopener\" style=\"color: #000000;text-decoration: underline\"><strong><span style=\"margin: 0px;padding: 0px;border: 0px;font-size: 14px;vertical-align: baseline;background: 0px 0px\"><span class=\"Style58\" style=\"margin: 0px;padding: 0px;border: 0px;font-size: 14px;vertical-align: baseline;background: 0px 0px\">T\u00e9l\u00e9charger\u2026<\/span><\/span><\/strong><\/a><\/span><\/span><\/li>\n<\/ul>\n<p>[\/et_pb_toggle][et_pb_toggle title=&#8221;Plus d&#8217;informations&#8221; _builder_version=&#8221;4.27.4&#8243; _module_preset=&#8221;default&#8221; title_text_color=&#8221;#000000&#8243; title_font=&#8221;|600|||||||&#8221; background_color=&#8221;#8DF96C&#8221; hover_enabled=&#8221;0&#8243; global_colors_info=&#8221;{}&#8221; sticky_enabled=&#8221;0&#8243;]<\/p>\n<p><span style=\"color: #000000\">Les bacheliers qui souhaitent obtenir plus d\u2019informations sur l\u2019inscription \u00e0 l\u2019universit\u00e9 peuvent poser des questions en remplissant ce formulaire :<\/span><\/p>\n<p><strong><span style=\"color: #0000ff\">https:\/\/forms.gle\/n6uVm72eb8UMnFsR6\u00a0<\/span><\/strong><\/p>\n<p>[\/et_pb_toggle][\/et_pb_column][\/et_pb_row][\/et_pb_section]<\/p>\n","protected":false},"excerpt":{"rendered":"<p>Vice rectorat charg\u00e9 de la p\u00e9dagogie Site Web du minist\u00e8re de l\u2019enseignement sup\u00e9rieur et de la recherche scientifique :\u00a0www.mesrs.dz Site Web de l\u2019universit\u00e9 Mouloud Mammeri de\u00a0Tizi Ouzou\u00a0: www.ummto.dz Site Web &#8221; Study in Algeria&#8221; : https:\/\/studyinalgeria.dz Site d\u00e9di\u00e9 aux pr\u00e9inscriptions en ligne :\u00a0www.orientation-esi.dz Site d\u00e9di\u00e9 aux inscriptions d\u00e9finitives en ligne: https:\/\/progres.mesrs.dz\/webetu Portail du Bachelier 2025:\u00a0 [&hellip;]<\/p>\n","protected":false},"author":1,"featured_media":0,"parent":0,"menu_order":0,"comment_status":"closed","ping_status":"closed","template":"","meta":{"_et_pb_use_builder":"on","_et_pb_old_content":"","_et_gb_content_width":"","footnotes":""},"class_list":["post-2484","page","type-page","status-publish","hentry"],"translation":{"provider":"WPGlobus","version":"3.0.1","language":"gb","enabled_languages":["en","fr","ar","gb"],"languages":{"en":{"title":true,"content":true,"excerpt":false},"fr":{"title":false,"content":false,"excerpt":false},"ar":{"title":false,"content":false,"excerpt":false},"gb":{"title":false,"content":false,"excerpt":false}}},"yoast_head":"<!-- This site is optimized with the Yoast SEO plugin v26.7 - https:\/\/yoast.com\/wordpress\/plugins\/seo\/ -->\n<title>VRP-Liens utiles -<\/title>\n<meta name=\"robots\" content=\"index, follow, max-snippet:-1, max-image-preview:large, max-video-preview:-1\" \/>\n<link rel=\"canonical\" href=\"https:\/\/www.ummto.dz\/vrp\/vrp-liens-utiles\/\" \/>\n<meta property=\"og:locale\" content=\"en_GB\" \/>\n<meta property=\"og:type\" content=\"article\" \/>\n<meta property=\"og:title\" content=\"VRP-Liens utiles -\" \/>\n<meta property=\"og:url\" content=\"https:\/\/www.ummto.dz\/vrp\/vrp-liens-utiles\/\" \/>\n<meta property=\"article:modified_time\" content=\"2025-07-18T18:48:03+00:00\" \/>\n<meta name=\"twitter:card\" content=\"summary_large_image\" \/>\n<meta name=\"twitter:label1\" content=\"Est. reading time\" \/>\n\t<meta name=\"twitter:data1\" content=\"5 minutes\" \/>\n<script type=\"application\/ld+json\" class=\"yoast-schema-graph\">{\"@context\":\"https:\/\/schema.org\",\"@graph\":[{\"@type\":\"WebPage\",\"@id\":\"https:\/\/www.ummto.dz\/vrp\/vrp-liens-utiles\/\",\"url\":\"https:\/\/www.ummto.dz\/vrp\/vrp-liens-utiles\/\",\"name\":\"VRP-Liens utiles -\",\"isPartOf\":{\"@id\":\"https:\/\/www.ummto.dz\/vrp\/fr\/#website\"},\"datePublished\":\"2022-05-16T13:11:28+00:00\",\"dateModified\":\"2025-07-18T18:48:03+00:00\",\"inLanguage\":\"en-GB\",\"potentialAction\":[{\"@type\":\"ReadAction\",\"target\":[\"https:\/\/www.ummto.dz\/vrp\/vrp-liens-utiles\/\"]}]},{\"@type\":\"WebSite\",\"@id\":\"https:\/\/www.ummto.dz\/vrp\/fr\/#website\",\"url\":\"https:\/\/www.ummto.dz\/vrp\/fr\/\",\"name\":\"\",\"description\":\"Vice-Rectorat charg\u00e9 de la p\u00e9dagogie\",\"potentialAction\":[{\"@type\":\"SearchAction\",\"target\":{\"@type\":\"EntryPoint\",\"urlTemplate\":\"https:\/\/www.ummto.dz\/vrp\/fr\/?s={search_term_string}\"},\"query-input\":{\"@type\":\"PropertyValueSpecification\",\"valueRequired\":true,\"valueName\":\"search_term_string\"}}],\"inLanguage\":\"en-GB\"}]}<\/script>\n<!-- \/ Yoast SEO plugin. -->","yoast_head_json":{"title":"VRP-Liens utiles -","robots":{"index":"index","follow":"follow","max-snippet":"max-snippet:-1","max-image-preview":"max-image-preview:large","max-video-preview":"max-video-preview:-1"},"canonical":"https:\/\/www.ummto.dz\/vrp\/vrp-liens-utiles\/","og_locale":"en_GB","og_type":"article","og_title":"VRP-Liens utiles -","og_url":"https:\/\/www.ummto.dz\/vrp\/vrp-liens-utiles\/","article_modified_time":"2025-07-18T18:48:03+00:00","twitter_card":"summary_large_image","twitter_misc":{"Est. reading time":"5 minutes"},"schema":{"@context":"https:\/\/schema.org","@graph":[{"@type":"WebPage","@id":"https:\/\/www.ummto.dz\/vrp\/vrp-liens-utiles\/","url":"https:\/\/www.ummto.dz\/vrp\/vrp-liens-utiles\/","name":"VRP-Liens utiles -","isPartOf":{"@id":"https:\/\/www.ummto.dz\/vrp\/fr\/#website"},"datePublished":"2022-05-16T13:11:28+00:00","dateModified":"2025-07-18T18:48:03+00:00","inLanguage":"en-GB","potentialAction":[{"@type":"ReadAction","target":["https:\/\/www.ummto.dz\/vrp\/vrp-liens-utiles\/"]}]},{"@type":"WebSite","@id":"https:\/\/www.ummto.dz\/vrp\/fr\/#website","url":"https:\/\/www.ummto.dz\/vrp\/fr\/","name":"","description":"Vice-Rectorat charg\u00e9 de la p\u00e9dagogie","potentialAction":[{"@type":"SearchAction","target":{"@type":"EntryPoint","urlTemplate":"https:\/\/www.ummto.dz\/vrp\/fr\/?s={search_term_string}"},"query-input":{"@type":"PropertyValueSpecification","valueRequired":true,"valueName":"search_term_string"}}],"inLanguage":"en-GB"}]}},"_links":{"self":[{"href":"https:\/\/www.ummto.dz\/vrp\/gb\/wp-json\/wp\/v2\/pages\/2484","targetHints":{"allow":["GET"]}}],"collection":[{"href":"https:\/\/www.ummto.dz\/vrp\/gb\/wp-json\/wp\/v2\/pages"}],"about":[{"href":"https:\/\/www.ummto.dz\/vrp\/gb\/wp-json\/wp\/v2\/types\/page"}],"author":[{"embeddable":true,"href":"https:\/\/www.ummto.dz\/vrp\/gb\/wp-json\/wp\/v2\/users\/1"}],"replies":[{"embeddable":true,"href":"https:\/\/www.ummto.dz\/vrp\/gb\/wp-json\/wp\/v2\/comments?post=2484"}],"version-history":[{"count":30,"href":"https:\/\/www.ummto.dz\/vrp\/gb\/wp-json\/wp\/v2\/pages\/2484\/revisions"}],"predecessor-version":[{"id":7105,"href":"https:\/\/www.ummto.dz\/vrp\/gb\/wp-json\/wp\/v2\/pages\/2484\/revisions\/7105"}],"wp:attachment":[{"href":"https:\/\/www.ummto.dz\/vrp\/gb\/wp-json\/wp\/v2\/media?parent=2484"}],"curies":[{"name":"wp","href":"https:\/\/api.w.org\/{rel}","templated":true}]}}