{"id":2489,"date":"2022-05-16T14:13:29","date_gmt":"2022-05-16T13:13:29","guid":{"rendered":"https:\/\/www.ummto.dz\/vrp\/?page_id=2489"},"modified":"2025-06-17T12:29:25","modified_gmt":"2025-06-17T11:29:25","slug":"vrp-service-des-diplomes","status":"publish","type":"page","link":"https:\/\/www.ummto.dz\/vrp\/gb\/vrp-service-des-diplomes\/","title":{"rendered":"VRP&#8211;Service des dipl\u00f4mes"},"content":{"rendered":"<p>[et_pb_section fb_built=&#8221;1&#8243; custom_padding_last_edited=&#8221;on|desktop&#8221; admin_label=&#8221;Header&#8221; _builder_version=&#8221;4.27.4&#8243; background_image=&#8221;https:\/\/www.ummto.dz\/vrp\/wp-content\/uploads\/tree-838666_1280-300&#215;198.webp&#8221; parallax=&#8221;on&#8221; custom_margin=&#8221;0px||||false|false&#8221; custom_margin_tablet=&#8221;&#8221; custom_margin_phone=&#8221;20px|20px||20px|false|true&#8221; custom_margin_last_edited=&#8221;on|desktop&#8221; custom_padding=&#8221;100px|0px|0px|||&#8221; custom_padding_tablet=&#8221;40px||||false|false&#8221; custom_padding_phone=&#8221;&#8221; hover_enabled=&#8221;0&#8243; border_radii_phone=&#8221;on|20px|20px|20px|20px&#8221; border_radii_last_edited=&#8221;off|desktop&#8221; locked=&#8221;off&#8221; global_colors_info=&#8221;{}&#8221; sticky_enabled=&#8221;0&#8243;][et_pb_row use_custom_gutter=&#8221;on&#8221; make_equal=&#8221;on&#8221; custom_padding_last_edited=&#8221;on|tablet&#8221; _builder_version=&#8221;4.27.4&#8243; background_enable_color=&#8221;off&#8221; background_image=&#8221;https:\/\/www.ummto.dz\/fgei\/wp-content\/uploads\/2025\/05\/psychologist-03.jpg&#8221; parallax=&#8221;on&#8221; transform_scale_tablet=&#8221;&#8221; transform_scale_phone=&#8221;&#8221; transform_scale_last_edited=&#8221;on|desktop&#8221; transform_translate=&#8221;30px|0px&#8221; transform_translate_tablet=&#8221;0px|0px&#8221; transform_translate_phone=&#8221;&#8221; transform_translate_last_edited=&#8221;on|tablet&#8221; transform_translate_linked=&#8221;off&#8221; transform_rotate_tablet=&#8221;&#8221; transform_rotate_phone=&#8221;&#8221; transform_rotate_last_edited=&#8221;on|desktop&#8221; transform_skew_tablet=&#8221;&#8221; transform_skew_phone=&#8221;&#8221; transform_skew_last_edited=&#8221;on|desktop&#8221; transform_origin_tablet=&#8221;&#8221; transform_origin_phone=&#8221;&#8221; transform_origin_last_edited=&#8221;on|desktop&#8221; width=&#8221;100%&#8221; width_tablet=&#8221;90%&#8221; width_phone=&#8221;&#8221; width_last_edited=&#8221;on|desktop&#8221; max_width=&#8221;1200px&#8221; module_alignment=&#8221;center&#8221; custom_margin=&#8221;100px||||false|false&#8221; custom_padding=&#8221;43px|0px|43px|140px|false|false&#8221; custom_padding_tablet=&#8221;60px||60px||true|true&#8221; custom_padding_phone=&#8221;40px|20px|40px|20px|true|true&#8221; hover_enabled=&#8221;0&#8243; box_shadow_style=&#8221;preset3&#8243; box_shadow_vertical=&#8221;40px&#8221; box_shadow_blur=&#8221;110px&#8221; box_shadow_spread=&#8221;0px&#8221; box_shadow_color=&#8221;rgba(9,6,38,0.62)&#8221; global_colors_info=&#8221;{}&#8221; sticky_enabled=&#8221;0&#8243;][et_pb_column type=&#8221;4_4&#8243; _builder_version=&#8221;4.16&#8243; global_colors_info=&#8221;{}&#8221;][et_pb_text _builder_version=&#8221;4.27.4&#8243; text_font_size=&#8221;16px&#8221; text_line_height=&#8221;1.8em&#8221; header_font=&#8221;Taviraj||||||||&#8221; header_text_align=&#8221;left&#8221; header_letter_spacing=&#8221;3px&#8221; header_line_height=&#8221;1.2em&#8221; max_width=&#8221;600px&#8221; module_alignment=&#8221;left&#8221; custom_margin=&#8221;0px|0px|||false|false&#8221; custom_padding=&#8221;||0px|200px|false|false&#8221; hover_enabled=&#8221;0&#8243; text_font_size_tablet=&#8221;16px&#8221; text_font_size_phone=&#8221;15px&#8221; text_font_size_last_edited=&#8221;on|desktop&#8221; header_font_size_tablet=&#8221;40px&#8221; header_font_size_phone=&#8221;26px&#8221; header_font_size_last_edited=&#8221;on|desktop&#8221; global_colors_info=&#8221;{}&#8221; header_font_size=&#8221;25px&#8221; sticky_enabled=&#8221;0&#8243;]<\/p>\n<h1 style=\"text-align: center;\"><span><span style=\"color: #333333;\">Vice rectorat charg\u00e9 de la p\u00e9dagogie<\/span><\/span><\/h1>\n<p>[\/et_pb_text][\/et_pb_column][\/et_pb_row][et_pb_row use_custom_gutter=&#8221;on&#8221; make_equal=&#8221;on&#8221; _builder_version=&#8221;4.27.4&#8243; _module_preset=&#8221;default&#8221; width=&#8221;100%&#8221; max_width=&#8221;1161px&#8221; module_alignment=&#8221;center&#8221; custom_margin=&#8221;0px|0px|0px|0px|false|false&#8221; locked=&#8221;off&#8221; global_colors_info=&#8221;{}&#8221;][et_pb_column type=&#8221;4_4&#8243; _builder_version=&#8221;4.27.4&#8243; _module_preset=&#8221;default&#8221; global_colors_info=&#8221;{}&#8221;][et_pb_menu menu_id=&#8221;2&#8243; menu_style=&#8221;centered&#8221; active_link_color=&#8221;#000000&#8243; dropdown_menu_line_color=&#8221;#448968&#8243; logo_width=&#8221;100%&#8221; logo_height=&#8221;200px&#8221; logo_max_height=&#8221;200px&#8221; show_search_icon=&#8221;on&#8221; logo_width_tablet=&#8221;100%&#8221; logo_width_phone=&#8221;100%&#8221; logo_width_last_edited=&#8221;on|tablet&#8221; _builder_version=&#8221;4.27.4&#8243; _module_preset=&#8221;default&#8221; menu_font=&#8221;Taviraj|600|||||||&#8221; menu_text_color=&#8221;#000000&#8243; width=&#8221;100%&#8221; max_width=&#8221;100%&#8221; module_alignment=&#8221;center&#8221; custom_margin=&#8221;0px||0px||false|false&#8221; custom_margin_tablet=&#8221;||||false|false&#8221; custom_margin_phone=&#8221;||||false|false&#8221; custom_margin_last_edited=&#8221;on|tablet&#8221; custom_padding=&#8221;15px||15px|0px|false|false&#8221; hover_enabled=&#8221;0&#8243; box_shadow_style=&#8221;preset1&#8243; locked=&#8221;off&#8221; global_colors_info=&#8221;{}&#8221; min_height__hover_enabled=&#8221;on|desktop&#8221; sticky_enabled=&#8221;0&#8243;][\/et_pb_menu][\/et_pb_column][\/et_pb_row][\/et_pb_section][et_pb_section fb_built=&#8221;1&#8243; _builder_version=&#8221;4.16&#8243; _module_preset=&#8221;default&#8221; global_colors_info=&#8221;{}&#8221;][et_pb_row _builder_version=&#8221;4.27.4&#8243; _module_preset=&#8221;default&#8221;][et_pb_column _builder_version=&#8221;4.27.4&#8243; _module_preset=&#8221;default&#8221; type=&#8221;4_4&#8243;][et_pb_text _builder_version=&#8221;4.27.4&#8243; _module_preset=&#8221;default&#8221; box_shadow_style=&#8221;preset1&#8243; custom_padding=&#8221;20px||20px||false|false&#8221; hover_enabled=&#8221;0&#8243; sticky_enabled=&#8221;0&#8243;]<\/p>\n<h1 class=\"contentheading\" style=\"text-align: center;\"><span style=\"color: #008000; font-size: large;\"><strong>D\u00e9livrance des Dipl\u00f4mes<\/strong><\/span><\/h1>\n<p>[\/et_pb_text][\/et_pb_column][\/et_pb_row][et_pb_row _builder_version=&#8221;4.27.4&#8243; _module_preset=&#8221;default&#8221; column_structure=&#8221;3_5,2_5&#8243; custom_padding=&#8221;15px|15px|15px|15px|false|false&#8221; hover_enabled=&#8221;0&#8243; sticky_enabled=&#8221;0&#8243; box_shadow_style=&#8221;preset1&#8243; custom_margin=&#8221;15px||0px||false|false&#8221;][et_pb_column _builder_version=&#8221;4.27.4&#8243; _module_preset=&#8221;default&#8221; type=&#8221;3_5&#8243;][et_pb_text _builder_version=&#8221;4.27.4&#8243; _module_preset=&#8221;default&#8221; hover_enabled=&#8221;0&#8243; sticky_enabled=&#8221;0&#8243;]<\/p>\n<p style=\"text-align: justify;\"><span style=\"font-family: tahoma, arial, helvetica, sans-serif; font-size: small; color: #000000;\">Le<strong>\u00a0Service des Dipl\u00f4mes et des \u00c9quivalences\u00a0<\/strong>de graduation est charg\u00e9 de :\u00a0<\/span><\/p>\n<p style=\"padding-left: 30px; text-align: justify;\"><span style=\"font-family: tahoma, arial, helvetica, sans-serif; font-size: small; color: #000000;\"><strong>1.<\/strong> L&#8217;\u00e9tablissement\u00a0et\u00a0la\u00a0d\u00e9livrance\u00a0des :<\/span><\/p>\n<p style=\"padding-left: 30px; text-align: justify;\"><span style=\"font-family: tahoma, arial, helvetica, sans-serif; font-size: small; color: #000000;\">\u00a0 &#8211; <em>Attestations provisoires de succ\u00e8s\u00a0<\/em> (Dipl\u00f4mes provisoires)<\/span><\/p>\n<p style=\"padding-left: 30px; text-align: justify;\"><span style=\"font-family: tahoma, arial, helvetica, sans-serif; font-size: small; color: #000000;\">\u00a0 &#8211; <em>Dipl\u00f4mes d\u00e9finitifs<\/em>.\u00a0<\/span><\/p>\n<p style=\"padding-left: 30px; text-align: justify;\"><span style=\"color: #000000; font-size: small;\"><span style=\"font-family: tahoma, arial, helvetica, sans-serif;\"><strong>2.<\/strong> L&#8217;authentification\u00a0des Dipl\u00f4mes d\u00e9livr\u00e9s.\u00a0<\/span><span style=\"font-family: tahoma, arial, helvetica, sans-serif;\">\u00a0<\/span><span style=\"font-family: tahoma, arial, helvetica, sans-serif;\">\u00a0<\/span><\/span><\/p>\n<p style=\"text-align: justify;\"><span style=\"color: #008000; font-size: medium; font-family: tahoma, arial, helvetica, sans-serif;\" data-mce-mark=\"1\"><strong>1. Attestation provisoire de succ\u00e8s (Dipl\u00f4me provisoire)<\/strong><\/span><\/p>\n<p style=\"text-align: justify;\"><span style=\"font-size: 10pt; font-family: tahoma, arial, helvetica, sans-serif; color: #000000;\">Les attestations provisoires de succ\u00e8s sont \u00e9tablis conform\u00e9ment aux Proc\u00e8s-verbaux de d\u00e9lib\u00e9rations transmis par les Facult\u00e9s.\u00a0<\/span><\/p>\n<p style=\"text-align: justify;\"><span style=\"font-size: 10pt; line-height: 1.3em; font-family: tahoma, arial, helvetica, sans-serif; color: #000000;\">Le retrait de l&#8217;attestation provisoire de succ\u00e8s se fait sur la pr\u00e9sentation des pi\u00e8ces suivantes:<\/span><\/p>\n<p style=\"text-align: justify; padding-left: 30px;\"><span style=\"font-size: small; font-family: tahoma, arial, helvetica, sans-serif;\"><span style=\"color: #000000;\"><strong>1-<\/strong> <strong>Quitus \u00c9tudiant<\/strong>: \u00e0 renseigner et faire signer par les diff\u00e9rents s<\/span><\/span><span style=\"font-size: 10pt;\"><span style=\"color: #000000;\">ervices de l\u2019Universit\u00e9 et de la Direction des \u0152uvres Universitaires.<\/span><\/span><span style=\"font-size: 10pt;\"><span style=\"color: #000000;\">\u00a0 \u00a0 \u00a0 \u00a0 \u00a0 \u00a0\u00a0<\/span><\/span><\/p>\n<p style=\"text-align: justify; padding-left: 30px;\"><span style=\"font-size: small; font-family: tahoma, arial, helvetica, sans-serif;\"><span style=\"color: #000000;\"><strong>2-<\/strong> <strong>D\u00e9claration sur l&#8217;honneur du retrait d\u00e9finitif de l&#8217;original du Bac<\/strong> <\/span><span style=\"color: #000000;\"><span style=\"color: #e02b20;\"><\/span> <span style=\"text-decoration: underline;\">pour les dipl\u00f4m\u00e9s sortants<\/span> (Cycle Master et\u00a0Syst\u00e8me Classique).<\/span><\/span><\/p>\n<p style=\"text-align: justify; padding-left: 30px;\"><span style=\"font-size: small; color: #000000; font-family: tahoma, arial, helvetica, sans-serif;\"><strong style=\"font-size: 12.16px;\">3-<\/strong> <strong>Carte d\u2019\u00c9tudiant<\/strong>.<\/span><\/p>\n<p style=\"text-align: justify; padding-left: 30px;\"><span style=\"font-size: small; color: #000000; font-family: tahoma, arial, helvetica, sans-serif;\"><strong>4-<\/strong> <strong>Pi\u00e8ce d&#8217;identit\u00e9<\/strong>.<\/span><\/p>\n<p style=\"text-align: justify; padding-left: 30px;\"><span style=\"font-size: small; color: #000000; font-family: tahoma, arial, helvetica, sans-serif;\"><span data-mce-mark=\"1\"><em><strong>N.B:<\/strong><\/em>\u00a0L&#8217;attestation provisoire de\u00a0succ\u00e8s est d\u00e9livr\u00e9e une seule fois. En cas de perte,\u00a0 demandez le &#8220;<strong>Dipl\u00f4me d\u00e9finitif<\/strong>&#8221; (<em>voir la rubrique ci-dessous<\/em>).<\/span>\u00a0<\/span><\/p>\n<p style=\"text-align: justify;\"><span style=\"color: #008000; font-size: medium; font-family: tahoma, arial, helvetica, sans-serif;\" data-mce-mark=\"1\"><strong>2. Dipl\u00f4me d\u00e9finitif<\/strong><\/span><\/p>\n<p class=\"rtecenter\" style=\"text-align: justify;\"><span style=\"font-family: tahoma, arial, helvetica, sans-serif; line-height: 1.3em; font-size: small; color: #000000;\">Le dipl\u00f4me d\u00e9finitif de graduation est \u00e9tabli sur demande de l&#8217;int\u00e9ress\u00e9.<\/span><\/p>\n<p style=\"text-align: justify; padding-left: 30px;\"><span style=\"text-decoration: underline;\"><span style=\"font-family: tahoma, arial, helvetica, sans-serif; font-size: small; color: #008000; text-decoration: underline;\" data-mce-mark=\"1\"><strong>Dossier \u00e0 fournir<\/strong><\/span><\/span><span style=\"color: #000000;\">\u00a0<\/span><\/p>\n<p style=\"padding-left: 60px; text-align: justify;\"><span style=\"font-family: tahoma, arial, helvetica, sans-serif; color: #000000; font-size: small;\" data-mce-mark=\"1\">L\u2019<strong style=\"font-size: 12.16px;\">Original de l\u2019attestation provisoire du succ\u00e8s <\/strong>(<em>Document \u00e0 restituer d\u00e9finitivement \u00e0 l\u2019universit\u00e9<\/em>).\u00a0<\/span><\/p>\n<p style=\"text-align: justify;\"><span style=\"font-size: small; color: #008000; font-family: tahoma, arial, helvetica, sans-serif;\"><span data-mce-mark=\"1\"><em><strong>\u00a0\u00a0\u00a0\u00a0\u00a0 <\/strong><\/em><span style=\"text-decoration: underline;\"><em><strong>Duplicata du dipl\u00f4me d\u00e9finitif<\/strong><\/em><\/span><br \/><\/span><\/span><\/p>\n<p style=\"text-align: justify;\"><span style=\"font-size: small; font-family: tahoma, arial, helvetica, sans-serif;\"><span style=\"color: #000000;\"><span data-mce-mark=\"1\">Le dipl\u00f4me d\u00e9finitif n&#8217;est d\u00e9livr\u00e9 qu&#8217;une seule fois. <strong><span style=\"text-decoration: underline;\">En cas de perte<\/span><\/strong>, rapprochez-vous du service des dipl\u00f4mes p<\/span>our demander un duplicata qui sera \u00e9tabli par le<\/span> <span style=\"color: #e02b20;\"><strong><a href=\"https:\/\/www.mesrs.dz\/\" target=\"_blank\" rel=\"noopener\" style=\"color: #e02b20;\">MESRS<\/a>.<\/strong><\/span><\/span><\/p>\n<p style=\"text-align: justify;\"><span style=\"font-size: small; color: #000000; font-family: tahoma, arial, helvetica, sans-serif;\" data-mce-mark=\"1\"><span data-mce-mark=\"1\"><strong>Dossier de demande de &#8220;duplicata du dipl\u00f4me d\u00e9finitif&#8221;<br \/><\/strong><\/span><\/span><\/p>\n<ul style=\"text-align: justify;\">\n<li style=\"text-align: justify;\"><span style=\"font-size: small; color: #000000; font-family: tahoma, arial, helvetica, sans-serif;\" data-mce-mark=\"1\">Une demande manuscrite du concern\u00e9,<\/span><\/li>\n<li style=\"text-align: justify;\"><span style=\"font-size: small; color: #000000; font-family: tahoma, arial, helvetica, sans-serif;\" data-mce-mark=\"1\">Une copie du dipl\u00f4me d\u00e9finitif,<\/span><\/li>\n<li style=\"text-align: justify;\"><span style=\"font-size: small; color: #000000; font-family: tahoma, arial, helvetica, sans-serif;\" data-mce-mark=\"1\">Pi\u00e8ce justificative (D\u00e9claration de vol ou de perte, &#8230;),<\/span><\/li>\n<li style=\"text-align: justify;\"><span style=\"font-size: small; color: #000000; font-family: tahoma, arial, helvetica, sans-serif;\">Copie du relev\u00e9 de note du Bac,<\/span><\/li>\n<li style=\"text-align: justify;\"><span style=\"font-size: small; color: #000000; font-family: tahoma, arial, helvetica, sans-serif;\"><\/span><span style=\"font-size: small; color: #000000; font-family: tahoma, arial, helvetica, sans-serif;\">Copie de tous les relev\u00e9s de notes ou le relev\u00e9 de notes du cursus.\u00a0<\/span><\/li>\n<\/ul>\n<p>[\/et_pb_text][\/et_pb_column][et_pb_column _builder_version=&#8221;4.27.4&#8243; _module_preset=&#8221;default&#8221; type=&#8221;2_5&#8243;][et_pb_image src=&#8221;https:\/\/www.ummto.dz\/vrp\/wp-content\/uploads\/diplome-1.webp&#8221; _builder_version=&#8221;4.27.4&#8243; _module_preset=&#8221;default&#8221; title_text=&#8221;diplome&#8221; hover_enabled=&#8221;0&#8243; sticky_enabled=&#8221;0&#8243; box_shadow_style=&#8221;preset1&#8243; parallax=&#8221;on&#8221;][\/et_pb_image][\/et_pb_column][\/et_pb_row][\/et_pb_section]<\/p>\n","protected":false},"excerpt":{"rendered":"<p>Vice rectorat charg\u00e9 de la p\u00e9dagogieD\u00e9livrance des Dipl\u00f4mesLe\u00a0Service des Dipl\u00f4mes et des \u00c9quivalences\u00a0de graduation est charg\u00e9 de :\u00a0 1. L&#8217;\u00e9tablissement\u00a0et\u00a0la\u00a0d\u00e9livrance\u00a0des : \u00a0 &#8211; Attestations provisoires de succ\u00e8s\u00a0 (Dipl\u00f4mes provisoires) \u00a0 &#8211; Dipl\u00f4mes d\u00e9finitifs.\u00a0 2. L&#8217;authentification\u00a0des Dipl\u00f4mes d\u00e9livr\u00e9s.\u00a0\u00a0\u00a0 1. Attestation provisoire de succ\u00e8s (Dipl\u00f4me provisoire) Les attestations provisoires de succ\u00e8s sont \u00e9tablis conform\u00e9ment aux Proc\u00e8s-verbaux de [&hellip;]<\/p>\n","protected":false},"author":1,"featured_media":0,"parent":0,"menu_order":0,"comment_status":"closed","ping_status":"closed","template":"","meta":{"_et_pb_use_builder":"on","_et_pb_old_content":"","_et_gb_content_width":"","footnotes":""},"class_list":["post-2489","page","type-page","status-publish","hentry"],"translation":{"provider":"WPGlobus","version":"3.0.1","language":"gb","enabled_languages":["en","fr","ar","gb"],"languages":{"en":{"title":true,"content":true,"excerpt":false},"fr":{"title":false,"content":false,"excerpt":false},"ar":{"title":false,"content":false,"excerpt":false},"gb":{"title":false,"content":false,"excerpt":false}}},"yoast_head":"<!-- This site is optimized with the Yoast SEO plugin v26.7 - https:\/\/yoast.com\/wordpress\/plugins\/seo\/ -->\n<title>VRP-Service des dipl\u00f4mes -<\/title>\n<meta name=\"robots\" content=\"index, follow, max-snippet:-1, max-image-preview:large, max-video-preview:-1\" \/>\n<link rel=\"canonical\" href=\"https:\/\/www.ummto.dz\/vrp\/vrp-service-des-diplomes\/\" \/>\n<meta property=\"og:locale\" content=\"en_GB\" \/>\n<meta property=\"og:type\" content=\"article\" \/>\n<meta property=\"og:title\" content=\"VRP-Service des dipl\u00f4mes -\" \/>\n<meta property=\"og:url\" content=\"https:\/\/www.ummto.dz\/vrp\/vrp-service-des-diplomes\/\" \/>\n<meta property=\"article:modified_time\" content=\"2025-06-17T11:29:25+00:00\" \/>\n<meta name=\"twitter:card\" content=\"summary_large_image\" \/>\n<meta name=\"twitter:label1\" content=\"Est. reading time\" \/>\n\t<meta name=\"twitter:data1\" content=\"5 minutes\" \/>\n<script type=\"application\/ld+json\" class=\"yoast-schema-graph\">{\"@context\":\"https:\/\/schema.org\",\"@graph\":[{\"@type\":\"WebPage\",\"@id\":\"https:\/\/www.ummto.dz\/vrp\/vrp-service-des-diplomes\/\",\"url\":\"https:\/\/www.ummto.dz\/vrp\/vrp-service-des-diplomes\/\",\"name\":\"VRP-Service des dipl\u00f4mes -\",\"isPartOf\":{\"@id\":\"https:\/\/www.ummto.dz\/vrp\/fr\/#website\"},\"datePublished\":\"2022-05-16T13:13:29+00:00\",\"dateModified\":\"2025-06-17T11:29:25+00:00\",\"inLanguage\":\"en-GB\",\"potentialAction\":[{\"@type\":\"ReadAction\",\"target\":[\"https:\/\/www.ummto.dz\/vrp\/vrp-service-des-diplomes\/\"]}]},{\"@type\":\"WebSite\",\"@id\":\"https:\/\/www.ummto.dz\/vrp\/fr\/#website\",\"url\":\"https:\/\/www.ummto.dz\/vrp\/fr\/\",\"name\":\"\",\"description\":\"Vice-Rectorat charg\u00e9 de la p\u00e9dagogie\",\"potentialAction\":[{\"@type\":\"SearchAction\",\"target\":{\"@type\":\"EntryPoint\",\"urlTemplate\":\"https:\/\/www.ummto.dz\/vrp\/fr\/?s={search_term_string}\"},\"query-input\":{\"@type\":\"PropertyValueSpecification\",\"valueRequired\":true,\"valueName\":\"search_term_string\"}}],\"inLanguage\":\"en-GB\"}]}<\/script>\n<!-- \/ Yoast SEO plugin. -->","yoast_head_json":{"title":"VRP-Service des dipl\u00f4mes -","robots":{"index":"index","follow":"follow","max-snippet":"max-snippet:-1","max-image-preview":"max-image-preview:large","max-video-preview":"max-video-preview:-1"},"canonical":"https:\/\/www.ummto.dz\/vrp\/vrp-service-des-diplomes\/","og_locale":"en_GB","og_type":"article","og_title":"VRP-Service des dipl\u00f4mes -","og_url":"https:\/\/www.ummto.dz\/vrp\/vrp-service-des-diplomes\/","article_modified_time":"2025-06-17T11:29:25+00:00","twitter_card":"summary_large_image","twitter_misc":{"Est. reading time":"5 minutes"},"schema":{"@context":"https:\/\/schema.org","@graph":[{"@type":"WebPage","@id":"https:\/\/www.ummto.dz\/vrp\/vrp-service-des-diplomes\/","url":"https:\/\/www.ummto.dz\/vrp\/vrp-service-des-diplomes\/","name":"VRP-Service des dipl\u00f4mes -","isPartOf":{"@id":"https:\/\/www.ummto.dz\/vrp\/fr\/#website"},"datePublished":"2022-05-16T13:13:29+00:00","dateModified":"2025-06-17T11:29:25+00:00","inLanguage":"en-GB","potentialAction":[{"@type":"ReadAction","target":["https:\/\/www.ummto.dz\/vrp\/vrp-service-des-diplomes\/"]}]},{"@type":"WebSite","@id":"https:\/\/www.ummto.dz\/vrp\/fr\/#website","url":"https:\/\/www.ummto.dz\/vrp\/fr\/","name":"","description":"Vice-Rectorat charg\u00e9 de la p\u00e9dagogie","potentialAction":[{"@type":"SearchAction","target":{"@type":"EntryPoint","urlTemplate":"https:\/\/www.ummto.dz\/vrp\/fr\/?s={search_term_string}"},"query-input":{"@type":"PropertyValueSpecification","valueRequired":true,"valueName":"search_term_string"}}],"inLanguage":"en-GB"}]}},"_links":{"self":[{"href":"https:\/\/www.ummto.dz\/vrp\/gb\/wp-json\/wp\/v2\/pages\/2489","targetHints":{"allow":["GET"]}}],"collection":[{"href":"https:\/\/www.ummto.dz\/vrp\/gb\/wp-json\/wp\/v2\/pages"}],"about":[{"href":"https:\/\/www.ummto.dz\/vrp\/gb\/wp-json\/wp\/v2\/types\/page"}],"author":[{"embeddable":true,"href":"https:\/\/www.ummto.dz\/vrp\/gb\/wp-json\/wp\/v2\/users\/1"}],"replies":[{"embeddable":true,"href":"https:\/\/www.ummto.dz\/vrp\/gb\/wp-json\/wp\/v2\/comments?post=2489"}],"version-history":[{"count":14,"href":"https:\/\/www.ummto.dz\/vrp\/gb\/wp-json\/wp\/v2\/pages\/2489\/revisions"}],"predecessor-version":[{"id":6888,"href":"https:\/\/www.ummto.dz\/vrp\/gb\/wp-json\/wp\/v2\/pages\/2489\/revisions\/6888"}],"wp:attachment":[{"href":"https:\/\/www.ummto.dz\/vrp\/gb\/wp-json\/wp\/v2\/media?parent=2489"}],"curies":[{"name":"wp","href":"https:\/\/api.w.org\/{rel}","templated":true}]}}