{"id":496,"date":"2021-06-13T14:05:45","date_gmt":"2021-06-13T12:05:45","guid":{"rendered":"https:\/\/www.ummto.dz\/vrp\/?page_id=496"},"modified":"2021-06-14T11:04:43","modified_gmt":"2021-06-14T09:04:43","slug":"les-licences-2","status":"publish","type":"page","link":"https:\/\/www.ummto.dz\/vrp\/gb\/les-licences-2\/","title":{"rendered":"Les Licences"},"content":{"rendered":"<p class=\"Style45\"><img loading=\"lazy\" decoding=\"async\" src=\"images\/carre-fleche-bleu.gif\" alt=\"\" width=\"11\" height=\"11\" \/><strong><span style=\"color: #000080;\"> Formations du 1er cycle (Licence) <img loading=\"lazy\" decoding=\"async\" class=\"size-medium wp-image-498 alignright\" src=\"https:\/\/www.ummto.dz\/vrp\/wp-content\/uploads\/2021\/06\/licence-psychologie-a-distance-1280x720-1-300x169.jpg\" alt=\"\" width=\"300\" height=\"169\" srcset=\"https:\/\/www.ummto.dz\/vrp\/wp-content\/uploads\/2021\/06\/licence-psychologie-a-distance-1280x720-1-300x169.jpg 300w, https:\/\/www.ummto.dz\/vrp\/wp-content\/uploads\/2021\/06\/licence-psychologie-a-distance-1280x720-1-1024x576.jpg 1024w, https:\/\/www.ummto.dz\/vrp\/wp-content\/uploads\/2021\/06\/licence-psychologie-a-distance-1280x720-1-768x432.jpg 768w, https:\/\/www.ummto.dz\/vrp\/wp-content\/uploads\/2021\/06\/licence-psychologie-a-distance-1280x720-1.jpg 1280w\" sizes=\"(max-width: 300px) 100vw, 300px\" \/><\/span><\/strong><\/p>\n<div>\n<ul>\n<li class=\"Style54\"><span style=\"color: #000000;\"><a href=\"https:\/\/www.ummto.dz\/vrp\/sciences-et-technologies\/\" class=\"Style54\" style=\"color: #000000;\" target=\"_blank\" rel=\"noopener\">Sciences et technologies<\/a><\/span><\/li>\n<li class=\"Style54\"><span style=\"color: #000000;\"><a href=\"https:\/\/www.ummto.dz\/vrp\/sciences-de-la-matiere-licence\/\" class=\"Style54\" style=\"color: #000000;\" target=\"_blank\" rel=\"noopener\">Sciences de la mati\u00e8re<\/a><\/span><\/li>\n<li class=\"Style54\"><span style=\"color: #000000;\"><a href=\"https:\/\/www.ummto.dz\/vrp\/mathematiques-et-informatique-licence-2\/\" class=\"Style54\" style=\"color: #000000;\" target=\"_blank\" rel=\"noopener\">Math\u00e9matiques et informatique<\/a><\/span><\/li>\n<li class=\"Style54\"><span style=\"color: #000000;\"><a href=\"https:\/\/www.ummto.dz\/vrp\/sciences-de-la-nature-et-de-la-vie-licence\/\" style=\"color: #000000;\" target=\"_blank\" rel=\"noopener\">Architecture urbanisme m\u00e9tiers de la vie<\/a><\/span><\/li>\n<li class=\"Style54\"><span style=\"color: #000000;\"><a href=\"snvl.html\" class=\"Style54\" style=\"color: #000000;\">Sciences de la nature et de la vie<\/a><\/span><\/li>\n<li class=\"Style54\"><span style=\"color: #000000;\"><a href=\"https:\/\/www.ummto.dz\/vrp\/sciences-de-la-terre-et-de-lunivers-licence\/\" class=\"Style54\" style=\"color: #000000;\" target=\"_blank\" rel=\"noopener\">Sciences de la terre et de l&#8217;univers<\/a><\/span><\/li>\n<li class=\"Style54\"><span style=\"color: #000000;\"><a href=\"https:\/\/www.ummto.dz\/vrp\/sciences-economiquesde-gestion-et-commerciales-licence\/\" class=\"Style54\" style=\"color: #000000;\" target=\"_blank\" rel=\"noopener\">Sciences \u00e9conomiques,de gestion et commerciales<\/a><\/span><\/li>\n<li class=\"Style54\"><span style=\"color: #000000;\"><a href=\"https:\/\/www.ummto.dz\/vrp\/droit-et-sciences-politiques-licence\/\" class=\"Style54\" style=\"color: #000000;\">Droit et sciences politiques<\/a><\/span><\/li>\n<li class=\"Style54\"><span style=\"color: #000000;\"><a href=\"https:\/\/www.ummto.dz\/vrp\/sciences-humaines-et-sociale-licence\/\" class=\"Style54\" style=\"color: #000000;\" target=\"_blank\" rel=\"noopener\">Sciences humaines et sociales<\/a><\/span><\/li>\n<li class=\"Style54\"><span style=\"color: #000000;\"><a href=\"https:\/\/www.ummto.dz\/vrp\/lettres-et-langues-etrangeres-licence\/\" class=\"Style54\" style=\"color: #000000;\">Lettres et langues \u00e9trang\u00e8res<\/a><\/span><\/li>\n<li class=\"Style54\"><span style=\"color: #000000;\"><a href=\"https:\/\/www.ummto.dz\/vrp\/langue-et-litterature-arabes-licence\/\" class=\"Style54\" style=\"color: #000000;\" target=\"_blank\" rel=\"noopener\">Langue et litt\u00e9rature arabes<\/a><\/span><\/li>\n<li class=\"Style54\"><span style=\"color: #000000;\"><a href=\"https:\/\/www.ummto.dz\/vrp\/langue-et-cultures-amazighes-licence\/\" class=\"Style54\" style=\"color: #000000;\">Langue et cultures amazighes<\/a><\/span><\/li>\n<\/ul>\n<\/div>\n","protected":false},"excerpt":{"rendered":"<p>Formations du 1er cycle (Licence) Sciences et technologies Sciences de la mati\u00e8re Math\u00e9matiques et informatique Architecture urbanisme m\u00e9tiers de la vie Sciences de la nature et de la vie Sciences de la terre et de l&#8217;univers Sciences \u00e9conomiques,de gestion et commerciales Droit et sciences politiques Sciences humaines et sociales Lettres et langues \u00e9trang\u00e8res Langue et [&hellip;]<\/p>\n","protected":false},"author":1,"featured_media":498,"parent":0,"menu_order":0,"comment_status":"closed","ping_status":"closed","template":"","meta":{"_et_pb_use_builder":"","_et_pb_old_content":"","_et_gb_content_width":"","footnotes":""},"class_list":["post-496","page","type-page","status-publish","has-post-thumbnail","hentry"],"translation":{"provider":"WPGlobus","version":"3.0.2","language":"gb","enabled_languages":["en","fr","ar","gb"],"languages":{"en":{"title":true,"content":true,"excerpt":false},"fr":{"title":false,"content":false,"excerpt":false},"ar":{"title":false,"content":false,"excerpt":false},"gb":{"title":false,"content":false,"excerpt":false}}},"yoast_head":"<!-- This site is optimized with the Yoast SEO plugin v27.4 - https:\/\/yoast.com\/product\/yoast-seo-wordpress\/ -->\n<title>Les Licences -<\/title>\n<meta name=\"robots\" content=\"index, follow, max-snippet:-1, max-image-preview:large, max-video-preview:-1\" \/>\n<link rel=\"canonical\" href=\"https:\/\/www.ummto.dz\/vrp\/les-licences-2\/\" \/>\n<meta property=\"og:locale\" content=\"en_GB\" \/>\n<meta property=\"og:type\" content=\"article\" \/>\n<meta property=\"og:title\" content=\"Les Licences -\" \/>\n<meta property=\"og:url\" content=\"https:\/\/www.ummto.dz\/vrp\/les-licences-2\/\" \/>\n<meta property=\"article:modified_time\" content=\"2021-06-14T09:04:43+00:00\" \/>\n<meta property=\"og:image\" content=\"https:\/\/www.ummto.dz\/vrp\/wp-content\/uploads\/2021\/06\/licence-psychologie-a-distance-1280x720-1.jpg\" \/>\n\t<meta property=\"og:image:width\" content=\"1280\" \/>\n\t<meta property=\"og:image:height\" content=\"720\" \/>\n\t<meta property=\"og:image:type\" content=\"image\/jpeg\" \/>\n<meta name=\"twitter:card\" content=\"summary_large_image\" \/>\n<meta name=\"twitter:label1\" content=\"Est. reading time\" \/>\n\t<meta name=\"twitter:data1\" content=\"1 minute\" \/>\n<script type=\"application\/ld+json\" class=\"yoast-schema-graph\">{\"@context\":\"https:\\\/\\\/schema.org\",\"@graph\":[{\"@type\":\"WebPage\",\"@id\":\"https:\\\/\\\/www.ummto.dz\\\/vrp\\\/les-licences-2\\\/\",\"url\":\"https:\\\/\\\/www.ummto.dz\\\/vrp\\\/les-licences-2\\\/\",\"name\":\"Les Licences -\",\"isPartOf\":{\"@id\":\"https:\\\/\\\/www.ummto.dz\\\/vrp\\\/fr\\\/#website\"},\"primaryImageOfPage\":{\"@id\":\"https:\\\/\\\/www.ummto.dz\\\/vrp\\\/les-licences-2\\\/#primaryimage\"},\"image\":{\"@id\":\"https:\\\/\\\/www.ummto.dz\\\/vrp\\\/les-licences-2\\\/#primaryimage\"},\"thumbnailUrl\":\"https:\\\/\\\/www.ummto.dz\\\/vrp\\\/wp-content\\\/uploads\\\/2021\\\/06\\\/licence-psychologie-a-distance-1280x720-1.jpg\",\"datePublished\":\"2021-06-13T12:05:45+00:00\",\"dateModified\":\"2021-06-14T09:04:43+00:00\",\"inLanguage\":\"en-GB\",\"potentialAction\":[{\"@type\":\"ReadAction\",\"target\":[\"https:\\\/\\\/www.ummto.dz\\\/vrp\\\/les-licences-2\\\/\"]}]},{\"@type\":\"ImageObject\",\"inLanguage\":\"en-GB\",\"@id\":\"https:\\\/\\\/www.ummto.dz\\\/vrp\\\/les-licences-2\\\/#primaryimage\",\"url\":\"https:\\\/\\\/www.ummto.dz\\\/vrp\\\/wp-content\\\/uploads\\\/2021\\\/06\\\/licence-psychologie-a-distance-1280x720-1.jpg\",\"contentUrl\":\"https:\\\/\\\/www.ummto.dz\\\/vrp\\\/wp-content\\\/uploads\\\/2021\\\/06\\\/licence-psychologie-a-distance-1280x720-1.jpg\",\"width\":1280,\"height\":720},{\"@type\":\"WebSite\",\"@id\":\"https:\\\/\\\/www.ummto.dz\\\/vrp\\\/fr\\\/#website\",\"url\":\"https:\\\/\\\/www.ummto.dz\\\/vrp\\\/fr\\\/\",\"name\":\"\",\"description\":\"Vice-Rectorat charg\u00e9 de la p\u00e9dagogie\",\"potentialAction\":[{\"@type\":\"SearchAction\",\"target\":{\"@type\":\"EntryPoint\",\"urlTemplate\":\"https:\\\/\\\/www.ummto.dz\\\/vrp\\\/fr\\\/?s={search_term_string}\"},\"query-input\":{\"@type\":\"PropertyValueSpecification\",\"valueRequired\":true,\"valueName\":\"search_term_string\"}}],\"inLanguage\":\"en-GB\"}]}<\/script>\n<!-- \/ Yoast SEO plugin. -->","yoast_head_json":{"title":"Les Licences -","robots":{"index":"index","follow":"follow","max-snippet":"max-snippet:-1","max-image-preview":"max-image-preview:large","max-video-preview":"max-video-preview:-1"},"canonical":"https:\/\/www.ummto.dz\/vrp\/les-licences-2\/","og_locale":"en_GB","og_type":"article","og_title":"Les Licences -","og_url":"https:\/\/www.ummto.dz\/vrp\/les-licences-2\/","article_modified_time":"2021-06-14T09:04:43+00:00","og_image":[{"width":1280,"height":720,"url":"https:\/\/www.ummto.dz\/vrp\/wp-content\/uploads\/2021\/06\/licence-psychologie-a-distance-1280x720-1.jpg","type":"image\/jpeg"}],"twitter_card":"summary_large_image","twitter_misc":{"Est. reading time":"1 minute"},"schema":{"@context":"https:\/\/schema.org","@graph":[{"@type":"WebPage","@id":"https:\/\/www.ummto.dz\/vrp\/les-licences-2\/","url":"https:\/\/www.ummto.dz\/vrp\/les-licences-2\/","name":"Les Licences -","isPartOf":{"@id":"https:\/\/www.ummto.dz\/vrp\/fr\/#website"},"primaryImageOfPage":{"@id":"https:\/\/www.ummto.dz\/vrp\/les-licences-2\/#primaryimage"},"image":{"@id":"https:\/\/www.ummto.dz\/vrp\/les-licences-2\/#primaryimage"},"thumbnailUrl":"https:\/\/www.ummto.dz\/vrp\/wp-content\/uploads\/2021\/06\/licence-psychologie-a-distance-1280x720-1.jpg","datePublished":"2021-06-13T12:05:45+00:00","dateModified":"2021-06-14T09:04:43+00:00","inLanguage":"en-GB","potentialAction":[{"@type":"ReadAction","target":["https:\/\/www.ummto.dz\/vrp\/les-licences-2\/"]}]},{"@type":"ImageObject","inLanguage":"en-GB","@id":"https:\/\/www.ummto.dz\/vrp\/les-licences-2\/#primaryimage","url":"https:\/\/www.ummto.dz\/vrp\/wp-content\/uploads\/2021\/06\/licence-psychologie-a-distance-1280x720-1.jpg","contentUrl":"https:\/\/www.ummto.dz\/vrp\/wp-content\/uploads\/2021\/06\/licence-psychologie-a-distance-1280x720-1.jpg","width":1280,"height":720},{"@type":"WebSite","@id":"https:\/\/www.ummto.dz\/vrp\/fr\/#website","url":"https:\/\/www.ummto.dz\/vrp\/fr\/","name":"","description":"Vice-Rectorat charg\u00e9 de la p\u00e9dagogie","potentialAction":[{"@type":"SearchAction","target":{"@type":"EntryPoint","urlTemplate":"https:\/\/www.ummto.dz\/vrp\/fr\/?s={search_term_string}"},"query-input":{"@type":"PropertyValueSpecification","valueRequired":true,"valueName":"search_term_string"}}],"inLanguage":"en-GB"}]}},"_links":{"self":[{"href":"https:\/\/www.ummto.dz\/vrp\/gb\/wp-json\/wp\/v2\/pages\/496","targetHints":{"allow":["GET"]}}],"collection":[{"href":"https:\/\/www.ummto.dz\/vrp\/gb\/wp-json\/wp\/v2\/pages"}],"about":[{"href":"https:\/\/www.ummto.dz\/vrp\/gb\/wp-json\/wp\/v2\/types\/page"}],"author":[{"embeddable":true,"href":"https:\/\/www.ummto.dz\/vrp\/gb\/wp-json\/wp\/v2\/users\/1"}],"replies":[{"embeddable":true,"href":"https:\/\/www.ummto.dz\/vrp\/gb\/wp-json\/wp\/v2\/comments?post=496"}],"version-history":[{"count":3,"href":"https:\/\/www.ummto.dz\/vrp\/gb\/wp-json\/wp\/v2\/pages\/496\/revisions"}],"predecessor-version":[{"id":503,"href":"https:\/\/www.ummto.dz\/vrp\/gb\/wp-json\/wp\/v2\/pages\/496\/revisions\/503"}],"wp:featuredmedia":[{"embeddable":true,"href":"https:\/\/www.ummto.dz\/vrp\/gb\/wp-json\/wp\/v2\/media\/498"}],"wp:attachment":[{"href":"https:\/\/www.ummto.dz\/vrp\/gb\/wp-json\/wp\/v2\/media?parent=496"}],"curies":[{"name":"wp","href":"https:\/\/api.w.org\/{rel}","templated":true}]}}