{"id":504,"date":"2021-06-13T14:32:21","date_gmt":"2021-06-13T12:32:21","guid":{"rendered":"https:\/\/www.ummto.dz\/vrp\/?page_id=504"},"modified":"2021-06-14T11:06:48","modified_gmt":"2021-06-14T09:06:48","slug":"les-masters-2","status":"publish","type":"page","link":"https:\/\/www.ummto.dz\/vrp\/gb\/les-masters-2\/","title":{"rendered":"Les Masters"},"content":{"rendered":"<p class=\"Style45\"><img loading=\"lazy\" decoding=\"async\" src=\"images\/carre-fleche-bleu.gif\" alt=\"\" width=\"11\" height=\"11\" \/><strong><span style=\"color: #000080;\"> Formation du 2eme cycle (Master) <img loading=\"lazy\" decoding=\"async\" class=\"size-full wp-image-497 alignright\" src=\"https:\/\/www.ummto.dz\/vrp\/wp-content\/uploads\/2021\/06\/images-2-300x143-1.jpg\" alt=\"\" width=\"300\" height=\"143\" \/><\/span><\/strong><\/p>\n<div class=\"style3_deco\">\n<ul>\n<li class=\"Style54\"><span style=\"color: #000000;\"><a href=\"https:\/\/www.ummto.dz\/vrp\/sciences-et-technologie-master\/\" target=\"_blank\" rel=\"noopener\" style=\"color: #000000;\">Sciences et technologie<\/a><\/span><\/li>\n<li class=\"Style54\"><span style=\"color: #000000;\"><a href=\"https:\/\/www.ummto.dz\/vrp\/sciences-de-la-matiere-master\/\" target=\"_blank\" rel=\"noopener\" style=\"color: #000000;\">Sciences de la mati\u00e8re<\/a><\/span><\/li>\n<li class=\"Style54\"><span style=\"color: #000000;\"><a href=\"https:\/\/www.ummto.dz\/vrp\/mathematiques-et-informatique-master\/\" target=\"_blank\" rel=\"noopener\" style=\"color: #000000;\">Math\u00e9matiques et informatique<\/a><\/span><\/li>\n<li class=\"Style54\"><span style=\"color: #000000;\"><a href=\"https:\/\/www.ummto.dz\/vrp\/sciences-de-la-nature-et-de-la-vie-master\/\" target=\"_blank\" style=\"color: #000000;\" rel=\"noopener\">Sciences de la nature et de la vie<\/a><\/span><\/li>\n<li class=\"Style54\"><span style=\"color: #000000;\"><a href=\"https:\/\/www.ummto.dz\/vrp\/sciences-de-la-terre-et-de-lunivers-master\/\" target=\"_blank\" style=\"color: #000000;\" rel=\"noopener\">Sciences de la terre et de l&#8217;univers<\/a><\/span><\/li>\n<li class=\"Style54\"><a href=\"https:\/\/www.ummto.dz\/vrp\/sciences-economiquesde-gestion-et-commerciales-master\/\" target=\"_blank\" rel=\"noopener\"><span style=\"color: #000000;\">Sciences \u00e9conomiques,de gestion et commerciales<\/span><\/a><\/li>\n<li class=\"Style54\"><a href=\"https:\/\/www.ummto.dz\/vrp\/droit-et-sciences-politiques-licence\/\" target=\"_blank\" rel=\"noopener\"><span style=\"color: #000000;\">Droit et sciences politiques<\/span><\/a><\/li>\n<li class=\"Style54\"><a href=\"https:\/\/www.ummto.dz\/vrp\/sciences-humaines-et-sociale-licence\/\" target=\"_blank\" rel=\"noopener\"><span style=\"color: #000000;\">Sciences humaines et sociales<\/span><\/a><\/li>\n<li class=\"Style54\"><span style=\"color: #000000;\"><a href=\"https:\/\/www.ummto.dz\/vrp\/lettres-et-langues-etrangeres-master\/\" target=\"_blank\" rel=\"noopener\" style=\"color: #000000;\">Lettres et langues \u00e9trang\u00e8res<\/a><\/span><\/li>\n<li class=\"Style54\"><span style=\"color: #000000;\"><a href=\"https:\/\/www.ummto.dz\/vrp\/langue-et-litterature-arabes-master\/\" style=\"color: #000000;\">Langue et litt\u00e9rature arabes<\/a><\/span><\/li>\n<li class=\"Style54\"><span style=\"color: #000000;\"><a href=\"https:\/\/www.ummto.dz\/vrp\/langue-et-cultures-amazighes-master\/\" target=\"_blank\" rel=\"noopener\" style=\"color: #000000;\">Langue et cultures amazighes<\/a><\/span><\/li>\n<\/ul>\n<\/div>\n","protected":false},"excerpt":{"rendered":"<p>Formation du 2eme cycle (Master) Sciences et technologie Sciences de la mati\u00e8re Math\u00e9matiques et informatique Sciences de la nature et de la vie Sciences de la terre et de l&#8217;univers Sciences \u00e9conomiques,de gestion et commerciales Droit et sciences politiques Sciences humaines et sociales Lettres et langues \u00e9trang\u00e8res Langue et litt\u00e9rature arabes Langue et cultures amazighes<\/p>\n","protected":false},"author":1,"featured_media":579,"parent":0,"menu_order":0,"comment_status":"closed","ping_status":"closed","template":"","meta":{"_et_pb_use_builder":"","_et_pb_old_content":"","_et_gb_content_width":"","footnotes":""},"class_list":["post-504","page","type-page","status-publish","has-post-thumbnail","hentry"],"translation":{"provider":"WPGlobus","version":"3.0.1","language":"gb","enabled_languages":["en","fr","ar","gb"],"languages":{"en":{"title":true,"content":true,"excerpt":false},"fr":{"title":false,"content":false,"excerpt":false},"ar":{"title":false,"content":false,"excerpt":false},"gb":{"title":false,"content":false,"excerpt":false}}},"yoast_head":"<!-- This site is optimized with the Yoast SEO plugin v26.7 - https:\/\/yoast.com\/wordpress\/plugins\/seo\/ -->\n<title>Les Masters -<\/title>\n<meta name=\"robots\" content=\"index, follow, max-snippet:-1, max-image-preview:large, max-video-preview:-1\" \/>\n<link rel=\"canonical\" href=\"https:\/\/www.ummto.dz\/vrp\/les-masters-2\/\" \/>\n<meta property=\"og:locale\" content=\"en_GB\" \/>\n<meta property=\"og:type\" content=\"article\" \/>\n<meta property=\"og:title\" content=\"Les Masters -\" \/>\n<meta property=\"og:url\" content=\"https:\/\/www.ummto.dz\/vrp\/les-masters-2\/\" \/>\n<meta property=\"article:modified_time\" content=\"2021-06-14T09:06:48+00:00\" \/>\n<meta property=\"og:image\" content=\"https:\/\/www.ummto.dz\/vrp\/wp-content\/uploads\/2021\/06\/images-2-300x143-2.jpg\" \/>\n\t<meta property=\"og:image:width\" content=\"300\" \/>\n\t<meta property=\"og:image:height\" content=\"271\" \/>\n\t<meta property=\"og:image:type\" content=\"image\/jpeg\" \/>\n<meta name=\"twitter:card\" content=\"summary_large_image\" \/>\n<meta name=\"twitter:label1\" content=\"Est. reading time\" \/>\n\t<meta name=\"twitter:data1\" content=\"1 minute\" \/>\n<script type=\"application\/ld+json\" class=\"yoast-schema-graph\">{\"@context\":\"https:\/\/schema.org\",\"@graph\":[{\"@type\":\"WebPage\",\"@id\":\"https:\/\/www.ummto.dz\/vrp\/les-masters-2\/\",\"url\":\"https:\/\/www.ummto.dz\/vrp\/les-masters-2\/\",\"name\":\"Les Masters -\",\"isPartOf\":{\"@id\":\"https:\/\/www.ummto.dz\/vrp\/fr\/#website\"},\"primaryImageOfPage\":{\"@id\":\"https:\/\/www.ummto.dz\/vrp\/les-masters-2\/#primaryimage\"},\"image\":{\"@id\":\"https:\/\/www.ummto.dz\/vrp\/les-masters-2\/#primaryimage\"},\"thumbnailUrl\":\"https:\/\/www.ummto.dz\/vrp\/wp-content\/uploads\/2021\/06\/images-2-300x143-2.jpg\",\"datePublished\":\"2021-06-13T12:32:21+00:00\",\"dateModified\":\"2021-06-14T09:06:48+00:00\",\"inLanguage\":\"en-GB\",\"potentialAction\":[{\"@type\":\"ReadAction\",\"target\":[\"https:\/\/www.ummto.dz\/vrp\/les-masters-2\/\"]}]},{\"@type\":\"ImageObject\",\"inLanguage\":\"en-GB\",\"@id\":\"https:\/\/www.ummto.dz\/vrp\/les-masters-2\/#primaryimage\",\"url\":\"https:\/\/www.ummto.dz\/vrp\/wp-content\/uploads\/2021\/06\/images-2-300x143-2.jpg\",\"contentUrl\":\"https:\/\/www.ummto.dz\/vrp\/wp-content\/uploads\/2021\/06\/images-2-300x143-2.jpg\",\"width\":300,\"height\":271},{\"@type\":\"WebSite\",\"@id\":\"https:\/\/www.ummto.dz\/vrp\/fr\/#website\",\"url\":\"https:\/\/www.ummto.dz\/vrp\/fr\/\",\"name\":\"\",\"description\":\"Vice-Rectorat charg\u00e9 de la p\u00e9dagogie\",\"potentialAction\":[{\"@type\":\"SearchAction\",\"target\":{\"@type\":\"EntryPoint\",\"urlTemplate\":\"https:\/\/www.ummto.dz\/vrp\/fr\/?s={search_term_string}\"},\"query-input\":{\"@type\":\"PropertyValueSpecification\",\"valueRequired\":true,\"valueName\":\"search_term_string\"}}],\"inLanguage\":\"en-GB\"}]}<\/script>\n<!-- \/ Yoast SEO plugin. -->","yoast_head_json":{"title":"Les Masters -","robots":{"index":"index","follow":"follow","max-snippet":"max-snippet:-1","max-image-preview":"max-image-preview:large","max-video-preview":"max-video-preview:-1"},"canonical":"https:\/\/www.ummto.dz\/vrp\/les-masters-2\/","og_locale":"en_GB","og_type":"article","og_title":"Les Masters -","og_url":"https:\/\/www.ummto.dz\/vrp\/les-masters-2\/","article_modified_time":"2021-06-14T09:06:48+00:00","og_image":[{"width":300,"height":271,"url":"https:\/\/www.ummto.dz\/vrp\/wp-content\/uploads\/2021\/06\/images-2-300x143-2.jpg","type":"image\/jpeg"}],"twitter_card":"summary_large_image","twitter_misc":{"Est. reading time":"1 minute"},"schema":{"@context":"https:\/\/schema.org","@graph":[{"@type":"WebPage","@id":"https:\/\/www.ummto.dz\/vrp\/les-masters-2\/","url":"https:\/\/www.ummto.dz\/vrp\/les-masters-2\/","name":"Les Masters -","isPartOf":{"@id":"https:\/\/www.ummto.dz\/vrp\/fr\/#website"},"primaryImageOfPage":{"@id":"https:\/\/www.ummto.dz\/vrp\/les-masters-2\/#primaryimage"},"image":{"@id":"https:\/\/www.ummto.dz\/vrp\/les-masters-2\/#primaryimage"},"thumbnailUrl":"https:\/\/www.ummto.dz\/vrp\/wp-content\/uploads\/2021\/06\/images-2-300x143-2.jpg","datePublished":"2021-06-13T12:32:21+00:00","dateModified":"2021-06-14T09:06:48+00:00","inLanguage":"en-GB","potentialAction":[{"@type":"ReadAction","target":["https:\/\/www.ummto.dz\/vrp\/les-masters-2\/"]}]},{"@type":"ImageObject","inLanguage":"en-GB","@id":"https:\/\/www.ummto.dz\/vrp\/les-masters-2\/#primaryimage","url":"https:\/\/www.ummto.dz\/vrp\/wp-content\/uploads\/2021\/06\/images-2-300x143-2.jpg","contentUrl":"https:\/\/www.ummto.dz\/vrp\/wp-content\/uploads\/2021\/06\/images-2-300x143-2.jpg","width":300,"height":271},{"@type":"WebSite","@id":"https:\/\/www.ummto.dz\/vrp\/fr\/#website","url":"https:\/\/www.ummto.dz\/vrp\/fr\/","name":"","description":"Vice-Rectorat charg\u00e9 de la p\u00e9dagogie","potentialAction":[{"@type":"SearchAction","target":{"@type":"EntryPoint","urlTemplate":"https:\/\/www.ummto.dz\/vrp\/fr\/?s={search_term_string}"},"query-input":{"@type":"PropertyValueSpecification","valueRequired":true,"valueName":"search_term_string"}}],"inLanguage":"en-GB"}]}},"_links":{"self":[{"href":"https:\/\/www.ummto.dz\/vrp\/gb\/wp-json\/wp\/v2\/pages\/504","targetHints":{"allow":["GET"]}}],"collection":[{"href":"https:\/\/www.ummto.dz\/vrp\/gb\/wp-json\/wp\/v2\/pages"}],"about":[{"href":"https:\/\/www.ummto.dz\/vrp\/gb\/wp-json\/wp\/v2\/types\/page"}],"author":[{"embeddable":true,"href":"https:\/\/www.ummto.dz\/vrp\/gb\/wp-json\/wp\/v2\/users\/1"}],"replies":[{"embeddable":true,"href":"https:\/\/www.ummto.dz\/vrp\/gb\/wp-json\/wp\/v2\/comments?post=504"}],"version-history":[{"count":7,"href":"https:\/\/www.ummto.dz\/vrp\/gb\/wp-json\/wp\/v2\/pages\/504\/revisions"}],"predecessor-version":[{"id":515,"href":"https:\/\/www.ummto.dz\/vrp\/gb\/wp-json\/wp\/v2\/pages\/504\/revisions\/515"}],"wp:featuredmedia":[{"embeddable":true,"href":"https:\/\/www.ummto.dz\/vrp\/gb\/wp-json\/wp\/v2\/media\/579"}],"wp:attachment":[{"href":"https:\/\/www.ummto.dz\/vrp\/gb\/wp-json\/wp\/v2\/media?parent=504"}],"curies":[{"name":"wp","href":"https:\/\/api.w.org\/{rel}","templated":true}]}}