{"id":5401,"date":"2023-12-13T23:13:35","date_gmt":"2023-12-13T22:13:35","guid":{"rendered":"https:\/\/www.ummto.dz\/vrp\/?page_id=5401"},"modified":"2025-06-17T11:35:17","modified_gmt":"2025-06-17T10:35:17","slug":"mobilite","status":"publish","type":"page","link":"https:\/\/www.ummto.dz\/vrp\/gb\/mobilite\/","title":{"rendered":"Appel \u00e0 mobilit\u00e9 acad\u00e9mique \u00e0 l\u2019int\u00e9rieur du territoire national"},"content":{"rendered":"<p>[et_pb_section fb_built=&#8221;1&#8243; custom_padding_last_edited=&#8221;on|desktop&#8221; admin_label=&#8221;Header&#8221; _builder_version=&#8221;4.27.4&#8243; background_image=&#8221;https:\/\/www.ummto.dz\/vrp\/wp-content\/uploads\/tree-838666_1280-300&#215;198.webp&#8221; parallax=&#8221;on&#8221; custom_margin=&#8221;0px||||false|false&#8221; custom_margin_tablet=&#8221;&#8221; custom_margin_phone=&#8221;20px|20px||20px|false|true&#8221; custom_margin_last_edited=&#8221;on|desktop&#8221; custom_padding=&#8221;100px|0px|0px|||&#8221; custom_padding_tablet=&#8221;40px||||false|false&#8221; custom_padding_phone=&#8221;&#8221; border_radii_phone=&#8221;on|20px|20px|20px|20px&#8221; border_radii_last_edited=&#8221;off|desktop&#8221; locked=&#8221;off&#8221; global_colors_info=&#8221;{}&#8221;][et_pb_row use_custom_gutter=&#8221;on&#8221; make_equal=&#8221;on&#8221; custom_padding_last_edited=&#8221;on|tablet&#8221; _builder_version=&#8221;4.27.4&#8243; background_enable_color=&#8221;off&#8221; background_image=&#8221;https:\/\/www.ummto.dz\/fgei\/wp-content\/uploads\/2025\/05\/psychologist-03.jpg&#8221; parallax=&#8221;on&#8221; transform_scale_tablet=&#8221;&#8221; transform_scale_phone=&#8221;&#8221; transform_scale_last_edited=&#8221;on|desktop&#8221; transform_translate=&#8221;30px|0px&#8221; transform_translate_tablet=&#8221;0px|0px&#8221; transform_translate_phone=&#8221;&#8221; transform_translate_last_edited=&#8221;on|tablet&#8221; transform_translate_linked=&#8221;off&#8221; transform_rotate_tablet=&#8221;&#8221; transform_rotate_phone=&#8221;&#8221; transform_rotate_last_edited=&#8221;on|desktop&#8221; transform_skew_tablet=&#8221;&#8221; transform_skew_phone=&#8221;&#8221; transform_skew_last_edited=&#8221;on|desktop&#8221; transform_origin_tablet=&#8221;&#8221; transform_origin_phone=&#8221;&#8221; transform_origin_last_edited=&#8221;on|desktop&#8221; width=&#8221;100%&#8221; width_tablet=&#8221;90%&#8221; width_phone=&#8221;&#8221; width_last_edited=&#8221;on|desktop&#8221; max_width=&#8221;1200px&#8221; module_alignment=&#8221;center&#8221; custom_margin=&#8221;100px||||false|false&#8221; custom_padding=&#8221;43px|0px|43px|140px|false|false&#8221; custom_padding_tablet=&#8221;60px||60px||true|true&#8221; custom_padding_phone=&#8221;40px|20px|40px|20px|true|true&#8221; box_shadow_style=&#8221;preset3&#8243; box_shadow_vertical=&#8221;40px&#8221; box_shadow_blur=&#8221;110px&#8221; box_shadow_spread=&#8221;0px&#8221; box_shadow_color=&#8221;rgba(9,6,38,0.62)&#8221; global_colors_info=&#8221;{}&#8221;][et_pb_column type=&#8221;4_4&#8243; _builder_version=&#8221;4.16&#8243; global_colors_info=&#8221;{}&#8221;][et_pb_text _builder_version=&#8221;4.27.4&#8243; text_font_size=&#8221;16px&#8221; text_line_height=&#8221;1.8em&#8221; header_font=&#8221;Taviraj||||||||&#8221; header_text_align=&#8221;left&#8221; header_letter_spacing=&#8221;3px&#8221; header_line_height=&#8221;1.2em&#8221; max_width=&#8221;600px&#8221; module_alignment=&#8221;left&#8221; custom_margin=&#8221;0px|0px|||false|false&#8221; custom_padding=&#8221;||0px|200px|false|false&#8221; hover_enabled=&#8221;0&#8243; text_font_size_tablet=&#8221;16px&#8221; text_font_size_phone=&#8221;15px&#8221; text_font_size_last_edited=&#8221;on|desktop&#8221; header_font_size_tablet=&#8221;40px&#8221; header_font_size_phone=&#8221;26px&#8221; header_font_size_last_edited=&#8221;on|desktop&#8221; global_colors_info=&#8221;{}&#8221; header_font_size=&#8221;25px&#8221; sticky_enabled=&#8221;0&#8243;]<\/p>\n<h1 style=\"text-align: center;\"><span><span style=\"color: #333333;\">Vice rectorat charg\u00e9 de la p\u00e9dagogie<\/span><\/span><\/h1>\n<p>[\/et_pb_text][\/et_pb_column][\/et_pb_row][et_pb_row use_custom_gutter=&#8221;on&#8221; make_equal=&#8221;on&#8221; _builder_version=&#8221;4.27.4&#8243; _module_preset=&#8221;default&#8221; width=&#8221;100%&#8221; max_width=&#8221;1161px&#8221; module_alignment=&#8221;center&#8221; locked=&#8221;off&#8221; global_colors_info=&#8221;{}&#8221;][et_pb_column type=&#8221;4_4&#8243; _builder_version=&#8221;4.27.4&#8243; _module_preset=&#8221;default&#8221; global_colors_info=&#8221;{}&#8221;][et_pb_menu menu_id=&#8221;2&#8243; menu_style=&#8221;centered&#8221; active_link_color=&#8221;#000000&#8243; dropdown_menu_line_color=&#8221;#166611&#8243; logo_width=&#8221;100%&#8221; logo_height=&#8221;200px&#8221; logo_max_height=&#8221;200px&#8221; show_search_icon=&#8221;on&#8221; logo_width_tablet=&#8221;100%&#8221; logo_width_phone=&#8221;100%&#8221; logo_width_last_edited=&#8221;on|tablet&#8221; _builder_version=&#8221;4.27.4&#8243; _module_preset=&#8221;default&#8221; menu_font=&#8221;Taviraj|600|||||||&#8221; menu_text_color=&#8221;#000000&#8243; width=&#8221;100%&#8221; max_width=&#8221;100%&#8221; module_alignment=&#8221;center&#8221; custom_margin=&#8221;0px|-23px|0px||false|false&#8221; custom_margin_tablet=&#8221;||||false|false&#8221; custom_margin_phone=&#8221;||||false|false&#8221; custom_margin_last_edited=&#8221;on|tablet&#8221; custom_padding=&#8221;15px||15px|0px|false|false&#8221; hover_enabled=&#8221;0&#8243; box_shadow_style=&#8221;preset1&#8243; locked=&#8221;off&#8221; global_colors_info=&#8221;{}&#8221; min_height__hover_enabled=&#8221;on|desktop&#8221; sticky_enabled=&#8221;0&#8243;][\/et_pb_menu][\/et_pb_column][\/et_pb_row][\/et_pb_section][et_pb_section fb_built=&#8221;1&#8243; _builder_version=&#8221;4.27.4&#8243; _module_preset=&#8221;default&#8221; custom_padding=&#8221;0px||0px||false|false&#8221; locked=&#8221;off&#8221; global_colors_info=&#8221;{}&#8221;][et_pb_row _builder_version=&#8221;4.16&#8243; _module_preset=&#8221;default&#8221; custom_margin=&#8221;||||false|false&#8221; custom_padding=&#8221;||4px||false|false&#8221; global_colors_info=&#8221;{}&#8221;][et_pb_column type=&#8221;4_4&#8243; _builder_version=&#8221;4.16&#8243; _module_preset=&#8221;default&#8221; global_colors_info=&#8221;{}&#8221;][et_pb_slider _builder_version=&#8221;4.27.4&#8243; _module_preset=&#8221;default&#8221; background_color=&#8221;rgba(147,175,147,0.58)&#8221; width=&#8221;100%&#8221; min_height=&#8221;250.7px&#8221; custom_margin=&#8221;5px||||false|false&#8221; custom_padding=&#8221;5px||0px||false|false&#8221; hover_enabled=&#8221;0&#8243; global_colors_info=&#8221;{}&#8221; sticky_enabled=&#8221;0&#8243;][et_pb_slide _builder_version=&#8221;4.27.4&#8243; _module_preset=&#8221;default&#8221; header_text_color=&#8221;#FFFFFF&#8221; body_text_color=&#8221;#FFFFFF&#8221; background_color=&#8221;rgba(147,175,147,0.58)&#8221; background_enable_color=&#8221;on&#8221; text_shadow_style=&#8221;preset1&#8243; global_colors_info=&#8221;{}&#8221; sticky_transition=&#8221;on&#8221;]<\/p>\n<h1 style=\"text-align: center;\"><span style=\"color: #ffffff;\">Appel \u00e0 mobilit\u00e9 acad\u00e9mique \u00e0 l\u2019int\u00e9rieur du territoire national<\/span><\/h1>\n<h1 style=\"text-align: center;\"><span style=\"color: #008000;\"><strong>du 12 d\u00e9cembre 2023 au 4 janvier 2024<\/strong><\/span><\/h1>\n<p>[\/et_pb_slide][\/et_pb_slider][\/et_pb_column][\/et_pb_row][\/et_pb_section][et_pb_section fb_built=&#8221;1&#8243; _builder_version=&#8221;4.27.4&#8243; _module_preset=&#8221;default&#8221; custom_margin=&#8221;0px||0px||false|false&#8221; custom_padding=&#8221;0px||0px||false|false&#8221; global_colors_info=&#8221;{}&#8221;][et_pb_row column_structure=&#8221;3_5,2_5&#8243; _builder_version=&#8221;4.27.0&#8243; _module_preset=&#8221;default&#8221; min_height=&#8221;395.2px&#8221; custom_margin=&#8221;||||false|false&#8221; custom_padding=&#8221;||4px||false|false&#8221; border_color_all=&#8221;#7CDA24&#8243; global_colors_info=&#8221;{}&#8221;][et_pb_column type=&#8221;3_5&#8243; _builder_version=&#8221;4.16&#8243; _module_preset=&#8221;default&#8221; global_colors_info=&#8221;{}&#8221;][et_pb_text _builder_version=&#8221;4.27.4&#8243; _module_preset=&#8221;default&#8221; width=&#8221;100%&#8221; max_width=&#8221;100%&#8221; module_alignment=&#8221;center&#8221; custom_margin=&#8221;|0px||0px|false|false&#8221; custom_padding=&#8221;|25px||25px|false|false&#8221; box_shadow_style=&#8221;preset1&#8243; box_shadow_color=&#8221;#b5b5b5&#8243; global_colors_info=&#8221;{}&#8221;]<\/p>\n<h2 style=\"text-align: center;\"><strong><span style=\"color: #ff0000;\"><\/span><\/strong><\/h2>\n<h2 style=\"text-align: center;\"><strong><span style=\"color: #ff0000;\"><\/span><\/strong><\/h2>\n<h2 style=\"text-align: center;\"><strong><span style=\"color: #ff0000;\"><\/span><\/strong><\/h2>\n<h2 style=\"text-align: center;\"><strong><span style=\"color: #ff0000;\"><\/span><\/strong><\/h2>\n<h2 style=\"text-align: center;\"><strong><span style=\"color: #ff0000;\"><\/span><\/strong><\/h2>\n<h2 style=\"text-align: center;\"><span style=\"color: #008000;\"><strong>Mobilit\u00e9 acad\u00e9mique \u00e0 l\u2019int\u00e9rieur du territoire national<\/strong><\/span><\/h2>\n<p><strong>\u00a0<\/strong><\/p>\n<p style=\"text-align: justify;\"><span style=\"color: #000000;\">Dans le cadre de la mobilit\u00e9 acad\u00e9mique \u00e0 l\u2019int\u00e9rieur du territoire national, notre \u00e9tablissement ouvre la mobilit\u00e9 semestrielle physique ou hybride pour le second semestre de l\u2019ann\u00e9e universitaire 2023-2024, selon le calendrier ci-dessous\u00a0:<\/span><\/p>\n<ul style=\"text-align: justify;\">\n<li><span style=\"color: #000000;\">D\u00e9p\u00f4t des intentions de mobilit\u00e9\u00a0:<\/span> <span style=\"color: #ff0000;\"><strong>du 12 d\u00e9cembre 2023 au 4 janvier 2024<\/strong><\/span><\/li>\n<li><span style=\"color: #000000;\">D\u00e9p\u00f4t des demandes au format papier\u00a0:<\/span> <strong><span style=\"color: #ff0000;\">du 7 au 11 janvier 2024<\/span><\/strong><\/li>\n<li><span style=\"color: #000000;\">Traitement des demandes\u00a0:<\/span> <strong><span style=\"color: #ff0000;\">du 14 au 18 janvier 2024<\/span><\/strong><\/li>\n<li><span style=\"color: #000000;\">D\u00e9but de la mobilit\u00e9\u00a0:<\/span> <strong><span style=\"color: #ff0000;\">21 janvier 2024<\/span><\/strong><\/li>\n<\/ul>\n<p style=\"text-align: justify;\">[\/et_pb_text][\/et_pb_column][et_pb_column type=&#8221;2_5&#8243; _builder_version=&#8221;4.16&#8243; _module_preset=&#8221;default&#8221; global_colors_info=&#8221;{}&#8221;][et_pb_image src=&#8221;https:\/\/www.ummto.dz\/vrp\/wp-content\/uploads\/diplome.webp&#8221; title_text=&#8221;diplome&#8221; _builder_version=&#8221;4.27.4&#8243; _module_preset=&#8221;default&#8221; min_height=&#8221;353.1px&#8221; box_shadow_style=&#8221;preset1&#8243; global_colors_info=&#8221;{}&#8221;][\/et_pb_image][\/et_pb_column][\/et_pb_row][\/et_pb_section][et_pb_section fb_built=&#8221;1&#8243; _builder_version=&#8221;4.27.4&#8243; _module_preset=&#8221;default&#8221; custom_margin=&#8221;0px||0px||false|false&#8221; custom_padding=&#8221;0px||0px||false|false&#8221; global_colors_info=&#8221;{}&#8221;][et_pb_row _builder_version=&#8221;4.27.4&#8243; _module_preset=&#8221;default&#8221; custom_margin=&#8221;0px||20px||false|false&#8221; custom_padding=&#8221;10px|20px|10px|20px|false|false&#8221; box_shadow_style=&#8221;preset1&#8243; global_colors_info=&#8221;{}&#8221;][et_pb_column type=&#8221;4_4&#8243; _builder_version=&#8221;4.27.4&#8243; _module_preset=&#8221;default&#8221; global_colors_info=&#8221;{}&#8221;][et_pb_text _builder_version=&#8221;4.27.4&#8243; _module_preset=&#8221;default&#8221; custom_margin=&#8221;0px||0px||false|false&#8221; custom_padding=&#8221;0px||0px||false|false&#8221; global_colors_info=&#8221;{}&#8221;]<\/p>\n<p style=\"text-align: justify;\"><span style=\"color: #000000;\">La mobilit\u00e9 acad\u00e9mique \u00e0 l\u2019int\u00e9rieur du territoire national permettra \u00e0 un \u00e9tudiant d&#8217;un \u00e9tablissement donn\u00e9 de suivre une partie de son cursus (quelques mati\u00e8res, un semestre ou une ann\u00e9e) dans un autre \u00e9tablissement, tout en validant ses r\u00e9sultats dans l&#8217;\u00e9tablissement d&#8217;origine. Cette mobilit\u00e9 peut \u00eatre physique ou hybride. <\/span><strong><span style=\"color: #000000;\">Seuls les \u00e9tudiants de premi\u00e8re ann\u00e9e de master (M1) et de troisi\u00e8me ann\u00e9e de licence (L3) n&#8217;ayant pas accumul\u00e9 de dettes sont \u00e9ligibles.<\/span> <\/strong><\/p>\n<p style=\"text-align: justify;\"><span style=\"color: #000000;\">Les \u00e9tudiant d\u2019autres universit\u00e9s du territoire national souhaitant effectuer une<\/span> <span style=\"text-decoration: underline;\"><span style=\"color: #ff0000; text-decoration: underline;\"><strong>mobilit\u00e9 vers l\u2019universit\u00e9 Mouloud MAMMERI de Tizi-Ouzou<\/strong> <\/span><\/span><span style=\"color: #000000;\">sont pri\u00e9s de d\u00e9poser leur intention sur le lien suivant\u00a0:<\/span><\/p>\n<p style=\"text-align: justify;\"><a href=\"https:\/\/forms.gle\/ozKy863cDR6iZAgN6\" target=\"_blank\" rel=\"noopener\" title=\"Mobilit\u00e9 (Arriv\u00e9e)\"><strong><span style=\"color: #0000ff;\"><span style=\"color: #008000;\">https:\/\/forms.gle\/ozKy863cDR6iZAgN6<\/span><\/span><\/strong><\/a><\/p>\n<p style=\"text-align: justify;\"><span style=\"color: #000000;\">Les \u00e9tudiant de l\u2019universit\u00e9 Mouloud MAMMERI de Tizi-Ouzou souhaitant effectuer une<\/span> <span style=\"text-decoration: underline;\"><span style=\"color: #ff0000; text-decoration: underline;\"><strong>mobilit\u00e9 vers une autre universit\u00e9 du territoire national<\/strong><\/span><\/span> <span style=\"color: #000000;\">sont pri\u00e9s de d\u00e9poser leur intention sur le lien suivant :<\/span><\/p>\n<p style=\"text-align: justify;\"><span style=\"color: #008000;\"><strong><a href=\"https:\/\/forms.gle\/f8FbGYR5qDXUG9Nc9\" target=\"_blank\" rel=\"noopener\" title=\"Mobilit\u00e9 (D\u00e9part)\" style=\"color: #008000;\">https:\/\/forms.gle\/f8FbGYR5qDXUG9Nc9<\/a><\/strong><\/span><\/p>\n<p style=\"text-align: justify;\"><span style=\"color: #000000;\">L\u2019\u00e9tudiant d\u00e9sireux faire une mobilit\u00e9 devra renseigner les formulaires suivants :<\/span><\/p>\n<ul style=\"text-align: justify;\">\n<li><span style=\"color: #000000;\">Formulaire F0 : Formulaire de candidature ;<\/span><\/li>\n<li><span style=\"color: #000000;\">Formulaire F1 : Lettre de motivation de l\u2019\u00e9tudiant ;<\/span><\/li>\n<li><span style=\"color: #000000;\">Formulaire F2 : Lettre de recommandation d\u2019un enseignant ;<\/span><\/li>\n<\/ul>\n<p style=\"text-align: justify;\"><span style=\"color: #000000;\">Pour plus d\u2019informations t\u00e9l\u00e9chargez le r\u00e9f\u00e9rentiel de la mobilit\u00e9 acad\u00e9mique \u00e0 l\u2019int\u00e9rieur du territoire national comportant tous les formulaires n\u00e9cessaires.<\/span><\/p>\n<p style=\"text-align: justify;\"><span style=\"color: #800080;\"><a href=\"https:\/\/www.ummto.dz\/vrp\/wp-content\/uploads\/2023-01-01-Arrete-207-Contrat-Mobilite-VAr-nov-2023.pdf\" target=\"_blank\" rel=\"noopener\" style=\"color: #800080;\"><strong><span style=\"color: #008000;\">&lt;&lt; Version Arabe &gt;&gt;<\/span><\/strong><\/a><\/span><\/p>\n<p style=\"text-align: justify;\"><span style=\"color: #008000;\"><a href=\"https:\/\/www.ummto.dz\/vrp\/wp-content\/uploads\/Arrete-et-Contrat-Mobilite-VAr-nov-2023.pdf\" target=\"_blank\" rel=\"noopener\" style=\"color: #008000;\"><strong>&lt;&lt; Version Fran\u00e7aise &gt;&gt;<\/strong><\/a><\/span><\/p>\n<p>[\/et_pb_text][\/et_pb_column][\/et_pb_row][\/et_pb_section]<\/p>\n","protected":false},"excerpt":{"rendered":"<p>Vice rectorat charg\u00e9 de la p\u00e9dagogieAppel \u00e0 mobilit\u00e9 acad\u00e9mique \u00e0 l\u2019int\u00e9rieur du territoire national du 12 d\u00e9cembre 2023 au 4 janvier 2024 Mobilit\u00e9 acad\u00e9mique \u00e0 l\u2019int\u00e9rieur du territoire national \u00a0 Dans le cadre de la mobilit\u00e9 acad\u00e9mique \u00e0 l\u2019int\u00e9rieur du territoire national, notre \u00e9tablissement ouvre la mobilit\u00e9 semestrielle physique ou hybride pour le second semestre [&hellip;]<\/p>\n","protected":false},"author":7,"featured_media":0,"parent":0,"menu_order":0,"comment_status":"closed","ping_status":"closed","template":"","meta":{"_et_pb_use_builder":"on","_et_pb_old_content":"","_et_gb_content_width":"","footnotes":""},"class_list":["post-5401","page","type-page","status-publish","hentry"],"translation":{"provider":"WPGlobus","version":"3.0.1","language":"gb","enabled_languages":["en","fr","ar","gb"],"languages":{"en":{"title":true,"content":true,"excerpt":false},"fr":{"title":false,"content":false,"excerpt":false},"ar":{"title":false,"content":false,"excerpt":false},"gb":{"title":false,"content":false,"excerpt":false}}},"yoast_head":"<!-- This site is optimized with the Yoast SEO plugin v26.7 - https:\/\/yoast.com\/wordpress\/plugins\/seo\/ -->\n<title>Appel \u00e0 mobilit\u00e9 acad\u00e9mique \u00e0 l\u2019int\u00e9rieur du territoire national -<\/title>\n<meta name=\"robots\" content=\"index, follow, max-snippet:-1, max-image-preview:large, max-video-preview:-1\" \/>\n<link rel=\"canonical\" href=\"https:\/\/www.ummto.dz\/vrp\/mobilite\/\" \/>\n<meta property=\"og:locale\" content=\"en_GB\" \/>\n<meta property=\"og:type\" content=\"article\" \/>\n<meta property=\"og:title\" content=\"Appel \u00e0 mobilit\u00e9 acad\u00e9mique \u00e0 l\u2019int\u00e9rieur du territoire national -\" \/>\n<meta property=\"og:url\" content=\"https:\/\/www.ummto.dz\/vrp\/mobilite\/\" \/>\n<meta property=\"article:modified_time\" content=\"2025-06-17T10:35:17+00:00\" \/>\n<meta name=\"twitter:card\" content=\"summary_large_image\" \/>\n<meta name=\"twitter:label1\" content=\"Est. reading time\" \/>\n\t<meta name=\"twitter:data1\" content=\"2 minutes\" \/>\n<script type=\"application\/ld+json\" class=\"yoast-schema-graph\">{\"@context\":\"https:\/\/schema.org\",\"@graph\":[{\"@type\":\"WebPage\",\"@id\":\"https:\/\/www.ummto.dz\/vrp\/mobilite\/\",\"url\":\"https:\/\/www.ummto.dz\/vrp\/mobilite\/\",\"name\":\"Appel \u00e0 mobilit\u00e9 acad\u00e9mique \u00e0 l\u2019int\u00e9rieur du territoire national -\",\"isPartOf\":{\"@id\":\"https:\/\/www.ummto.dz\/vrp\/fr\/#website\"},\"datePublished\":\"2023-12-13T22:13:35+00:00\",\"dateModified\":\"2025-06-17T10:35:17+00:00\",\"description\":\"Appel \u00e0 mobilit\u00e9 acad\u00e9mique \u00e0 l'int\u00e9rieur du territoire national permettant \u00e0 un \u00e9tudiant d'un \u00e9tablissement donn\u00e9 de suivre une partie de son cursus dans un autre \u00e9tablissement.\",\"inLanguage\":\"en-GB\",\"potentialAction\":[{\"@type\":\"ReadAction\",\"target\":[\"https:\/\/www.ummto.dz\/vrp\/mobilite\/\"]}]},{\"@type\":\"WebSite\",\"@id\":\"https:\/\/www.ummto.dz\/vrp\/fr\/#website\",\"url\":\"https:\/\/www.ummto.dz\/vrp\/fr\/\",\"name\":\"\",\"description\":\"Vice-Rectorat charg\u00e9 de la p\u00e9dagogie\",\"potentialAction\":[{\"@type\":\"SearchAction\",\"target\":{\"@type\":\"EntryPoint\",\"urlTemplate\":\"https:\/\/www.ummto.dz\/vrp\/fr\/?s={search_term_string}\"},\"query-input\":{\"@type\":\"PropertyValueSpecification\",\"valueRequired\":true,\"valueName\":\"search_term_string\"}}],\"inLanguage\":\"en-GB\"}]}<\/script>\n<!-- \/ Yoast SEO plugin. -->","yoast_head_json":{"title":"Appel \u00e0 mobilit\u00e9 acad\u00e9mique \u00e0 l\u2019int\u00e9rieur du territoire national -","robots":{"index":"index","follow":"follow","max-snippet":"max-snippet:-1","max-image-preview":"max-image-preview:large","max-video-preview":"max-video-preview:-1"},"canonical":"https:\/\/www.ummto.dz\/vrp\/mobilite\/","og_locale":"en_GB","og_type":"article","og_title":"Appel \u00e0 mobilit\u00e9 acad\u00e9mique \u00e0 l\u2019int\u00e9rieur du territoire national -","og_url":"https:\/\/www.ummto.dz\/vrp\/mobilite\/","article_modified_time":"2025-06-17T10:35:17+00:00","twitter_card":"summary_large_image","twitter_misc":{"Est. reading time":"2 minutes"},"schema":{"@context":"https:\/\/schema.org","@graph":[{"@type":"WebPage","@id":"https:\/\/www.ummto.dz\/vrp\/mobilite\/","url":"https:\/\/www.ummto.dz\/vrp\/mobilite\/","name":"Appel \u00e0 mobilit\u00e9 acad\u00e9mique \u00e0 l\u2019int\u00e9rieur du territoire national -","isPartOf":{"@id":"https:\/\/www.ummto.dz\/vrp\/fr\/#website"},"datePublished":"2023-12-13T22:13:35+00:00","dateModified":"2025-06-17T10:35:17+00:00","description":"Appel \u00e0 mobilit\u00e9 acad\u00e9mique \u00e0 l'int\u00e9rieur du territoire national permettant \u00e0 un \u00e9tudiant d'un \u00e9tablissement donn\u00e9 de suivre une partie de son cursus dans un autre \u00e9tablissement.","inLanguage":"en-GB","potentialAction":[{"@type":"ReadAction","target":["https:\/\/www.ummto.dz\/vrp\/mobilite\/"]}]},{"@type":"WebSite","@id":"https:\/\/www.ummto.dz\/vrp\/fr\/#website","url":"https:\/\/www.ummto.dz\/vrp\/fr\/","name":"","description":"Vice-Rectorat charg\u00e9 de la p\u00e9dagogie","potentialAction":[{"@type":"SearchAction","target":{"@type":"EntryPoint","urlTemplate":"https:\/\/www.ummto.dz\/vrp\/fr\/?s={search_term_string}"},"query-input":{"@type":"PropertyValueSpecification","valueRequired":true,"valueName":"search_term_string"}}],"inLanguage":"en-GB"}]}},"_links":{"self":[{"href":"https:\/\/www.ummto.dz\/vrp\/gb\/wp-json\/wp\/v2\/pages\/5401","targetHints":{"allow":["GET"]}}],"collection":[{"href":"https:\/\/www.ummto.dz\/vrp\/gb\/wp-json\/wp\/v2\/pages"}],"about":[{"href":"https:\/\/www.ummto.dz\/vrp\/gb\/wp-json\/wp\/v2\/types\/page"}],"author":[{"embeddable":true,"href":"https:\/\/www.ummto.dz\/vrp\/gb\/wp-json\/wp\/v2\/users\/7"}],"replies":[{"embeddable":true,"href":"https:\/\/www.ummto.dz\/vrp\/gb\/wp-json\/wp\/v2\/comments?post=5401"}],"version-history":[{"count":19,"href":"https:\/\/www.ummto.dz\/vrp\/gb\/wp-json\/wp\/v2\/pages\/5401\/revisions"}],"predecessor-version":[{"id":6876,"href":"https:\/\/www.ummto.dz\/vrp\/gb\/wp-json\/wp\/v2\/pages\/5401\/revisions\/6876"}],"wp:attachment":[{"href":"https:\/\/www.ummto.dz\/vrp\/gb\/wp-json\/wp\/v2\/media?parent=5401"}],"curies":[{"name":"wp","href":"https:\/\/api.w.org\/{rel}","templated":true}]}}