{"id":2397,"date":"2022-05-16T11:50:31","date_gmt":"2022-05-16T10:50:31","guid":{"rendered":"https:\/\/www.ummto.dz\/vrp\/?page_id=2397"},"modified":"2023-03-09T12:05:18","modified_gmt":"2023-03-09T11:05:18","slug":"faculte","status":"publish","type":"page","link":"https:\/\/www.ummto.dz\/vrp\/faculte\/","title":{"rendered":"facult\u00e9"},"content":{"rendered":"<p>[et_pb_section fb_built=&#8221;1&#8243; _builder_version=&#8221;4.16&#8243; _module_preset=&#8221;default&#8221; custom_margin=&#8221;0px||0px||false|false&#8221; custom_padding=&#8221;0px||0px||false|false&#8221; global_colors_info=&#8221;{}&#8221;][et_pb_row use_custom_gutter=&#8221;on&#8221; _builder_version=&#8221;4.16&#8243; _module_preset=&#8221;default&#8221; width=&#8221;100%&#8221; max_width=&#8221;100%&#8221; global_colors_info=&#8221;{}&#8221;][et_pb_column type=&#8221;4_4&#8243; _builder_version=&#8221;4.16&#8243; _module_preset=&#8221;default&#8221; global_colors_info=&#8221;{}&#8221;][et_pb_image src=&#8221;https:\/\/www.ummto.dz\/vrp\/wp-content\/uploads\/Banniere-ummto-5.webp&#8221; alt=&#8221;Facult\u00e9s UMMTO&#8221; title_text=&#8221;Facult\u00e9s UMMTO&#8221; _builder_version=&#8221;4.16&#8243; _module_preset=&#8221;default&#8221; global_colors_info=&#8221;{}&#8221;][\/et_pb_image][\/et_pb_column][\/et_pb_row][\/et_pb_section][et_pb_section fb_built=&#8221;1&#8243; _builder_version=&#8221;4.16&#8243; _module_preset=&#8221;default&#8221; custom_margin=&#8221;0px||0px||false|false&#8221; custom_padding=&#8221;0px||0px||false|false&#8221; global_colors_info=&#8221;{}&#8221;][et_pb_row use_custom_gutter=&#8221;on&#8221; _builder_version=&#8221;4.16&#8243; _module_preset=&#8221;default&#8221; width=&#8221;100%&#8221; max_width=&#8221;100%&#8221; custom_margin=&#8221;||0px||false|false&#8221; custom_padding=&#8221;||0px||false|false&#8221; global_colors_info=&#8221;{}&#8221;][et_pb_column type=&#8221;4_4&#8243; _builder_version=&#8221;4.16&#8243; _module_preset=&#8221;default&#8221; global_colors_info=&#8221;{}&#8221;][dsm_text_divider header=&#8221;Les Facult\u00e9s &#8221; divider_weight=&#8221;3px&#8221; _builder_version=&#8221;4.16&#8243; _module_preset=&#8221;default&#8221; header_level=&#8221;h1&#8243; header_font=&#8221;||||||||&#8221; animation_style=&#8221;zoom&#8221; global_colors_info=&#8221;{}&#8221;][\/dsm_text_divider][\/et_pb_column][\/et_pb_row][\/et_pb_section][et_pb_section fb_built=&#8221;1&#8243; _builder_version=&#8221;4.16&#8243; _module_preset=&#8221;default&#8221; background_color=&#8221;rgba(3,148,153,0.25)&#8221; use_background_color_gradient=&#8221;on&#8221; background_color_gradient_stops=&#8221;rgba(130,176,216,0.39) 0%|rgba(163,152,97,0.4) 100%&#8221; background_color_gradient_start=&#8221;rgba(130,176,216,0.39)&#8221; background_color_gradient_end=&#8221;rgba(163,152,97,0.4)&#8221; module_alignment=&#8221;center&#8221; custom_margin=&#8221;15px||||false|false&#8221; top_divider_style=&#8221;arrow3&#8243; top_divider_color=&#8221;#FFFFFF&#8221; top_divider_height=&#8221;57px&#8221; top_divider_arrangement=&#8221;above_content&#8221; bottom_divider_style=&#8221;arrow3&#8243; bottom_divider_color=&#8221;#FFFFFF&#8221; bottom_divider_height=&#8221;80px&#8221; animation_style=&#8221;fade&#8221; global_colors_info=&#8221;{}&#8221;][et_pb_row column_structure=&#8221;1_3,1_3,1_3&#8243; _builder_version=&#8221;4.16&#8243; _module_preset=&#8221;default&#8221; global_colors_info=&#8221;{}&#8221;][et_pb_column type=&#8221;1_3&#8243; _builder_version=&#8221;4.16&#8243; _module_preset=&#8221;default&#8221; global_colors_info=&#8221;{}&#8221;][et_pb_image src=&#8221;https:\/\/www.ummto.dz\/vrp\/wp-content\/uploads\/Faculte-genie-electrique.webp&#8221; title_text=&#8221;Facult\u00e9 g\u00e9nie \u00e9lectrique&#8221; url=&#8221;https:\/\/www.ummto.dz\/fgei&#8221; url_new_window=&#8221;on&#8221; use_overlay=&#8221;on&#8221; overlay_icon_color=&#8221;RGBA(0,0,0,0)&#8221; hover_overlay_color=&#8221;rgba(0,0,0,0.46)&#8221; _builder_version=&#8221;4.16&#8243; _module_preset=&#8221;default&#8221; width=&#8221;100%&#8221; border_radii=&#8221;on|10px|10px|10px|10px&#8221; box_shadow_style=&#8221;preset1&#8243; global_colors_info=&#8221;{}&#8221;][\/et_pb_image][\/et_pb_column][et_pb_column type=&#8221;1_3&#8243; _builder_version=&#8221;4.16&#8243; _module_preset=&#8221;default&#8221; global_colors_info=&#8221;{}&#8221;][et_pb_image src=&#8221;https:\/\/www.ummto.dz\/vrp\/wp-content\/uploads\/Faculte-biologie.webp&#8221; title_text=&#8221;Facult\u00e9 biologie&#8221; url=&#8221;https:\/\/www.ummto.dz\/fsbsa&#8221; url_new_window=&#8221;on&#8221; use_overlay=&#8221;on&#8221; overlay_icon_color=&#8221;RGBA(0,0,0,0)&#8221; hover_overlay_color=&#8221;rgba(0,0,0,0.46)&#8221; _builder_version=&#8221;4.16&#8243; _module_preset=&#8221;default&#8221; width=&#8221;100%&#8221; border_radii=&#8221;on|10px|10px|10px|10px&#8221; box_shadow_style=&#8221;preset1&#8243; global_colors_info=&#8221;{}&#8221;][\/et_pb_image][\/et_pb_column][et_pb_column type=&#8221;1_3&#8243; _builder_version=&#8221;4.16&#8243; _module_preset=&#8221;default&#8221; global_colors_info=&#8221;{}&#8221;][et_pb_image src=&#8221;https:\/\/www.ummto.dz\/vrp\/wp-content\/uploads\/Faculte-genie-de-la-construction.webp&#8221; title_text=&#8221;Facult\u00e9 g\u00e9nie de la construction&#8221; url=&#8221;https:\/\/www.ummto.dz\/fgc\/&#8221; url_new_window=&#8221;on&#8221; use_overlay=&#8221;on&#8221; overlay_icon_color=&#8221;RGBA(0,0,0,0)&#8221; hover_overlay_color=&#8221;rgba(0,0,0,0.46)&#8221; _builder_version=&#8221;4.16&#8243; _module_preset=&#8221;default&#8221; width=&#8221;100%&#8221; border_radii=&#8221;on|10px|10px|10px|10px&#8221; box_shadow_style=&#8221;preset1&#8243; global_colors_info=&#8221;{}&#8221;][\/et_pb_image][\/et_pb_column][\/et_pb_row][et_pb_row column_structure=&#8221;1_3,1_3,1_3&#8243; _builder_version=&#8221;4.16&#8243; _module_preset=&#8221;default&#8221; global_colors_info=&#8221;{}&#8221;][et_pb_column type=&#8221;1_3&#8243; _builder_version=&#8221;4.16&#8243; _module_preset=&#8221;default&#8221; global_colors_info=&#8221;{}&#8221;][et_pb_image src=&#8221;https:\/\/www.ummto.dz\/vrp\/wp-content\/uploads\/Faculte-de-medecine.webp&#8221; title_text=&#8221;Facult\u00e9 de m\u00e9decine&#8221; url=&#8221;https:\/\/www.ummto.dz\/fmed\/&#8221; url_new_window=&#8221;on&#8221; use_overlay=&#8221;on&#8221; overlay_icon_color=&#8221;RGBA(0,0,0,0)&#8221; hover_overlay_color=&#8221;rgba(0,0,0,0.46)&#8221; _builder_version=&#8221;4.16&#8243; _module_preset=&#8221;default&#8221; width=&#8221;100%&#8221; border_radii=&#8221;on|10px|10px|10px|10px&#8221; box_shadow_style=&#8221;preset1&#8243; global_colors_info=&#8221;{}&#8221;][\/et_pb_image][\/et_pb_column][et_pb_column type=&#8221;1_3&#8243; _builder_version=&#8221;4.16&#8243; _module_preset=&#8221;default&#8221; global_colors_info=&#8221;{}&#8221;][et_pb_image src=&#8221;https:\/\/www.ummto.dz\/vrp\/wp-content\/uploads\/Faculte-des-sciences.webp&#8221; title_text=&#8221;Facult\u00e9 des sciences&#8221; url=&#8221;http:\/\/www.ummto.dz\/fs&#8221; url_new_window=&#8221;on&#8221; use_overlay=&#8221;on&#8221; overlay_icon_color=&#8221;RGBA(0,0,0,0)&#8221; hover_overlay_color=&#8221;rgba(0,0,0,0.46)&#8221; _builder_version=&#8221;4.16&#8243; _module_preset=&#8221;default&#8221; width=&#8221;100%&#8221; border_radii=&#8221;on|10px|10px|10px|10px&#8221; box_shadow_style=&#8221;preset1&#8243; global_colors_info=&#8221;{}&#8221;][\/et_pb_image][\/et_pb_column][et_pb_column type=&#8221;1_3&#8243; _builder_version=&#8221;4.16&#8243; _module_preset=&#8221;default&#8221; global_colors_info=&#8221;{}&#8221;][et_pb_image src=&#8221;https:\/\/www.ummto.dz\/vrp\/wp-content\/uploads\/Faculte-de-droit.webp&#8221; title_text=&#8221;Facult\u00e9 de droit&#8221; url=&#8221;https:\/\/www.ummto.dz\/fdsp&#8221; url_new_window=&#8221;on&#8221; use_overlay=&#8221;on&#8221; overlay_icon_color=&#8221;RGBA(0,0,0,0)&#8221; hover_overlay_color=&#8221;rgba(0,0,0,0.46)&#8221; _builder_version=&#8221;4.16&#8243; _module_preset=&#8221;default&#8221; width=&#8221;100%&#8221; border_radii=&#8221;on|10px|10px|10px|10px&#8221; box_shadow_style=&#8221;preset1&#8243; global_colors_info=&#8221;{}&#8221;][\/et_pb_image][\/et_pb_column][\/et_pb_row][et_pb_row column_structure=&#8221;1_3,1_3,1_3&#8243; _builder_version=&#8221;4.16&#8243; _module_preset=&#8221;default&#8221; global_colors_info=&#8221;{}&#8221;][et_pb_column type=&#8221;1_3&#8243; _builder_version=&#8221;4.16&#8243; _module_preset=&#8221;default&#8221; global_colors_info=&#8221;{}&#8221;][et_pb_image src=&#8221;https:\/\/www.ummto.dz\/vrp\/wp-content\/uploads\/Faculte-lettres-et-langues.webp&#8221; title_text=&#8221;Facult\u00e9 lettres et langues&#8221; url=&#8221;https:\/\/www.ummto.dz\/fll&#8221; url_new_window=&#8221;on&#8221; use_overlay=&#8221;on&#8221; overlay_icon_color=&#8221;RGBA(0,0,0,0)&#8221; hover_overlay_color=&#8221;rgba(0,0,0,0.46)&#8221; _builder_version=&#8221;4.16&#8243; _module_preset=&#8221;default&#8221; width=&#8221;100%&#8221; border_radii=&#8221;on|10px|10px|10px|10px&#8221; box_shadow_style=&#8221;preset1&#8243; global_colors_info=&#8221;{}&#8221;][\/et_pb_image][\/et_pb_column][et_pb_column type=&#8221;1_3&#8243; _builder_version=&#8221;4.16&#8243; _module_preset=&#8221;default&#8221; global_colors_info=&#8221;{}&#8221;][et_pb_image src=&#8221;https:\/\/www.ummto.dz\/vrp\/wp-content\/uploads\/Faculte-sciences-economiques.webp&#8221; title_text=&#8221;Facult\u00e9 sciences \u00e9conomiques&#8221; url=&#8221;https:\/\/www.ummto.dz\/fsecsg\/&#8221; url_new_window=&#8221;on&#8221; use_overlay=&#8221;on&#8221; overlay_icon_color=&#8221;RGBA(0,0,0,0)&#8221; hover_overlay_color=&#8221;rgba(0,0,0,0.46)&#8221; _builder_version=&#8221;4.20.0&#8243; _module_preset=&#8221;default&#8221; width=&#8221;100%&#8221; hover_enabled=&#8221;0&#8243; border_radii=&#8221;on|10px|10px|10px|10px&#8221; box_shadow_style=&#8221;preset1&#8243; global_colors_info=&#8221;{}&#8221; sticky_enabled=&#8221;0&#8243;][\/et_pb_image][\/et_pb_column][et_pb_column type=&#8221;1_3&#8243; _builder_version=&#8221;4.16&#8243; _module_preset=&#8221;default&#8221; global_colors_info=&#8221;{}&#8221;][et_pb_image src=&#8221;https:\/\/www.ummto.dz\/vrp\/wp-content\/uploads\/Faculte-sciences-humaines-et-sociales.webp&#8221; title_text=&#8221;Facult\u00e9 sciences humaines et sociales&#8221; url=&#8221;https:\/\/www.ummto.dz\/fshs&#8221; url_new_window=&#8221;on&#8221; use_overlay=&#8221;on&#8221; overlay_icon_color=&#8221;RGBA(0,0,0,0)&#8221; hover_overlay_color=&#8221;rgba(0,0,0,0.46)&#8221; _builder_version=&#8221;4.16&#8243; _module_preset=&#8221;default&#8221; width=&#8221;100%&#8221; border_radii=&#8221;on|10px|10px|10px|10px&#8221; box_shadow_style=&#8221;preset1&#8243; global_colors_info=&#8221;{}&#8221;][\/et_pb_image][\/et_pb_column][\/et_pb_row][\/et_pb_section]<\/p>\n","protected":false},"excerpt":{"rendered":"<div class=\"et_pb_module dsm_text_divider dsm_text_divider_0 et_animated\">\n\t\t\t\t\n\t\t\t\t\n\t\t\t\t\n\t\t\t\t\n\t\t\t\t\n\t\t\t\t\n\t\t\t\t<div class=\"et_pb_module_inner\">\n\t\t\t\t\t<div class=\"dsm-text-divider-wrapper dsm-text-divider-align-center et_pb_bg_layout_light\">\n\t\t\t\t\n\t\t\t\t\n\t\t\t\t<div class=\"dsm-text-divider-before dsm-divider\"><\/div>\n\t\t\t\t<h1 class=\"dsm-text-divider-header et_pb_module_header\"><span>Les Facult\u00e9s <\/span><\/h1>\n\t\t\t\t<div class=\"dsm-text-divider-after dsm-divider\"><\/div>\n\t\t\t<\/div>\n\t\t\t\t<\/div>\n\t\t\t<\/div>\n","protected":false},"author":1,"featured_media":0,"parent":0,"menu_order":0,"comment_status":"closed","ping_status":"closed","template":"","meta":{"_et_pb_use_builder":"on","_et_pb_old_content":"","_et_gb_content_width":"","footnotes":""},"class_list":["post-2397","page","type-page","status-publish","hentry"],"translation":{"provider":"WPGlobus","version":"3.0.1","language":"en","enabled_languages":["en","fr","ar","gb"],"languages":{"en":{"title":true,"content":true,"excerpt":false},"fr":{"title":false,"content":false,"excerpt":false},"ar":{"title":false,"content":false,"excerpt":false},"gb":{"title":false,"content":false,"excerpt":false}}},"yoast_head":"<!-- This site is optimized with the Yoast SEO plugin v26.7 - https:\/\/yoast.com\/wordpress\/plugins\/seo\/ -->\n<title>facult\u00e9 -<\/title>\n<meta name=\"robots\" content=\"index, follow, max-snippet:-1, max-image-preview:large, max-video-preview:-1\" \/>\n<link rel=\"canonical\" href=\"https:\/\/www.ummto.dz\/vrp\/faculte\/\" \/>\n<meta property=\"og:locale\" content=\"en_US\" \/>\n<meta property=\"og:type\" content=\"article\" \/>\n<meta property=\"og:title\" content=\"facult\u00e9 -\" \/>\n<meta property=\"og:url\" content=\"https:\/\/www.ummto.dz\/vrp\/faculte\/\" \/>\n<meta property=\"article:modified_time\" content=\"2023-03-09T11:05:18+00:00\" \/>\n<meta name=\"twitter:card\" content=\"summary_large_image\" \/>\n<meta name=\"twitter:description\" content=\"[dsm_text_divider header=&quot;Les Facult\u00e9s &quot; divider_weight=&quot;3px&quot; _builder_version=&quot;4.16&quot; _module_preset=&quot;default&quot; header_level=&quot;h1&quot; header_font=&quot;||||||||&quot; animation_style=&quot;zoom&quot; global_colors_info=&quot;{}&quot;][\/dsm_text_divider]\" \/>\n<meta name=\"twitter:label1\" content=\"Est. reading time\" \/>\n\t<meta name=\"twitter:data1\" content=\"5 minutes\" \/>\n<script type=\"application\/ld+json\" class=\"yoast-schema-graph\">{\"@context\":\"https:\/\/schema.org\",\"@graph\":[{\"@type\":\"WebPage\",\"@id\":\"https:\/\/www.ummto.dz\/vrp\/faculte\/\",\"url\":\"https:\/\/www.ummto.dz\/vrp\/faculte\/\",\"name\":\"facult\u00e9 -\",\"isPartOf\":{\"@id\":\"https:\/\/www.ummto.dz\/vrp\/fr\/#website\"},\"datePublished\":\"2022-05-16T10:50:31+00:00\",\"dateModified\":\"2023-03-09T11:05:18+00:00\",\"inLanguage\":\"en-US\",\"potentialAction\":[{\"@type\":\"ReadAction\",\"target\":[\"https:\/\/www.ummto.dz\/vrp\/faculte\/\"]}]},{\"@type\":\"WebSite\",\"@id\":\"https:\/\/www.ummto.dz\/vrp\/fr\/#website\",\"url\":\"https:\/\/www.ummto.dz\/vrp\/fr\/\",\"name\":\"\",\"description\":\"Vice-Rectorat charg\u00e9 de la p\u00e9dagogie\",\"potentialAction\":[{\"@type\":\"SearchAction\",\"target\":{\"@type\":\"EntryPoint\",\"urlTemplate\":\"https:\/\/www.ummto.dz\/vrp\/fr\/?s={search_term_string}\"},\"query-input\":{\"@type\":\"PropertyValueSpecification\",\"valueRequired\":true,\"valueName\":\"search_term_string\"}}],\"inLanguage\":\"en-US\"}]}<\/script>\n<!-- \/ Yoast SEO plugin. -->","yoast_head_json":{"title":"facult\u00e9 -","robots":{"index":"index","follow":"follow","max-snippet":"max-snippet:-1","max-image-preview":"max-image-preview:large","max-video-preview":"max-video-preview:-1"},"canonical":"https:\/\/www.ummto.dz\/vrp\/faculte\/","og_locale":"en_US","og_type":"article","og_title":"facult\u00e9 -","og_url":"https:\/\/www.ummto.dz\/vrp\/faculte\/","article_modified_time":"2023-03-09T11:05:18+00:00","twitter_card":"summary_large_image","twitter_description":"[dsm_text_divider header=\"Les Facult\u00e9s \" divider_weight=\"3px\" _builder_version=\"4.16\" _module_preset=\"default\" header_level=\"h1\" header_font=\"||||||||\" animation_style=\"zoom\" global_colors_info=\"{}\"][\/dsm_text_divider]","twitter_misc":{"Est. reading time":"5 minutes"},"schema":{"@context":"https:\/\/schema.org","@graph":[{"@type":"WebPage","@id":"https:\/\/www.ummto.dz\/vrp\/faculte\/","url":"https:\/\/www.ummto.dz\/vrp\/faculte\/","name":"facult\u00e9 -","isPartOf":{"@id":"https:\/\/www.ummto.dz\/vrp\/fr\/#website"},"datePublished":"2022-05-16T10:50:31+00:00","dateModified":"2023-03-09T11:05:18+00:00","inLanguage":"en-US","potentialAction":[{"@type":"ReadAction","target":["https:\/\/www.ummto.dz\/vrp\/faculte\/"]}]},{"@type":"WebSite","@id":"https:\/\/www.ummto.dz\/vrp\/fr\/#website","url":"https:\/\/www.ummto.dz\/vrp\/fr\/","name":"","description":"Vice-Rectorat charg\u00e9 de la p\u00e9dagogie","potentialAction":[{"@type":"SearchAction","target":{"@type":"EntryPoint","urlTemplate":"https:\/\/www.ummto.dz\/vrp\/fr\/?s={search_term_string}"},"query-input":{"@type":"PropertyValueSpecification","valueRequired":true,"valueName":"search_term_string"}}],"inLanguage":"en-US"}]}},"_links":{"self":[{"href":"https:\/\/www.ummto.dz\/vrp\/wp-json\/wp\/v2\/pages\/2397","targetHints":{"allow":["GET"]}}],"collection":[{"href":"https:\/\/www.ummto.dz\/vrp\/wp-json\/wp\/v2\/pages"}],"about":[{"href":"https:\/\/www.ummto.dz\/vrp\/wp-json\/wp\/v2\/types\/page"}],"author":[{"embeddable":true,"href":"https:\/\/www.ummto.dz\/vrp\/wp-json\/wp\/v2\/users\/1"}],"replies":[{"embeddable":true,"href":"https:\/\/www.ummto.dz\/vrp\/wp-json\/wp\/v2\/comments?post=2397"}],"version-history":[{"count":5,"href":"https:\/\/www.ummto.dz\/vrp\/wp-json\/wp\/v2\/pages\/2397\/revisions"}],"predecessor-version":[{"id":4555,"href":"https:\/\/www.ummto.dz\/vrp\/wp-json\/wp\/v2\/pages\/2397\/revisions\/4555"}],"wp:attachment":[{"href":"https:\/\/www.ummto.dz\/vrp\/wp-json\/wp\/v2\/media?parent=2397"}],"curies":[{"name":"wp","href":"https:\/\/api.w.org\/{rel}","templated":true}]}}